{"id":4284,"date":"2026-02-28T01:24:26","date_gmt":"2026-02-28T04:24:26","guid":{"rendered":"https:\/\/bibliotecajuridicavirtual.cl\/?post_type=product&#038;p=4284"},"modified":"2026-02-28T01:24:55","modified_gmt":"2026-02-28T04:24:55","slug":"a-cincuenta-anos-de-una-teoria-de-la-justicia-estudios-en-homenaje-a-john-rawls-ano-2023-232-pag-autor-pablo-aguayo-y-luis-villavicencio","status":"publish","type":"product","link":"https:\/\/bibliotecajuridicavirtual.cl\/index.php\/product\/a-cincuenta-anos-de-una-teoria-de-la-justicia-estudios-en-homenaje-a-john-rawls-ano-2023-232-pag-autor-pablo-aguayo-y-luis-villavicencio\/","title":{"rendered":"A cincuenta a\u00f1os de Una Teor\u00eda de la Justicia. Estudios en homenaje a John Rawls. A\u00f1o 2023\/232 P\u00e1g. Autor Pablo Aguayo y Luis Villavicencio"},"content":{"rendered":"<p>Para quienes tengan inter\u00e9s en la filosof\u00eda moral y pol\u00edtica contempor\u00e1nea la obra de John Rawls es sin discusi\u00f3n uno de sus hitos fundamentales. Sus dos principales libros, Political Liberalism y A Theory of Justice, han marcado parte de la agenda investigativa en los campos disciplinares de la Filosof\u00eda y el Derecho. Es por ello que al cumplirse cincuenta a\u00f1os de la publicaci\u00f3n de A Theory of Justice el Centro de Investigaciones de Filosof\u00eda del Derecho de la Universidad de Valpara\u00edso y el Departamento de Ciencias del Derecho de la Facultad de Derecho de la Universidad de Chile no han querido dejar pasar la oportunidad para conmemorar esta fecha, y lo hacen por medio de este libro que contiene las versiones revisadas y ampliadas de las ponencias que se presentaron en la Jornada en homenaje a John Rawls organizada por ambas instituciones.<br \/>\nEste libro no pretende ser sistem\u00e1tico, una tarea imposible dada la envergadura, complejidad y ramificaciones del pensamiento rawlsiano, pero s\u00ed aspira a que las cuestiones en \u00e9l tratadas contribuyan a iluminar los viejos y nuevos problemas que orbitan en torno al aporte de uno de los m\u00e1s importantes fil\u00f3sofos pol\u00edticos del siglo XX.<\/p>\n<p>\u00cdndice<br \/>\nINTRODUCCI\u00d3N\u00a0\u00a0 \u00a0\u00a0\u00a0 \u00a011<br \/>\nPABLO AGUAYO WESTWOOD<br \/>\nLUIS VILLAVICENCIO MIRANDA<br \/>\nCap\u00edtulo 1<br \/>\nJOHN RAWLS: UNA APROXIMACI\u00d3N BIOGR\u00c1FICA E INTELECTUAL\u00a0\u00a0 \u00a0\u00a0\u00a0 \u00a017<br \/>\nCARLOS PE\u00d1A<br \/>\nCap\u00edtulo 2<br \/>\nRAWLS: EL EQUILIBRIO DE LA FUERZA LIBERAL\u00a0\u00a0 \u00a0\u00a0\u00a0 \u00a041<br \/>\nCRIST\u00d3BAL BELLOLIO BADIOLA<br \/>\nCap\u00edtulo 3<br \/>\n\u00bfES LA TEOR\u00cdA IDEAL DE RAWLS DEMASIADO REALISTA? DIBUJANDO LOS L\u00cdMITES DE LA IGUALDAD*\u00a0\u00a0 \u00a0\u00a0\u00a0 \u00a069<br \/>\nALEJANDRA Z\u00da\u00d1IGA FAJURI<br \/>\nLUIS VILLAVICENCIO MIRANDA<br \/>\nCap\u00edtulo 4<br \/>\nLAS DESIGUALDADES QUE IMPIDE (Y LAS QUE PERMITE) LA TEOR\u00cdA RAWLSIANA . UNA DISCUSI\u00d3N A 50 A\u00d1OS DE UNA TEOR\u00cdA DE LA JUSTICIA \u00a0\u00a0 \u00a0\u00a0\u00a0 \u00a099<br \/>\nSILVINA RIBOTTA<br \/>\nCap\u00edtulo 5<br \/>\nLA RELEVANCIA DE LAS REGLAS CONSTITUTIVAS EN EL ORIGEN DE LA FILOSOF\u00cdA MORAL DE JOHN RAWLS\u00a0\u00a0 \u00a0\u00a0\u00a0 \u00a0121<br \/>\nPABLO AGUAYO WESTWOOD<br \/>\nCap\u00edtulo 6<br \/>\nRAWLS Y LA JUSTICIA INTERGENERACIONAL. CONTRACTUALISMO, PRINCIPIOS DE JUSTICIA Y LAS OBLIGACIONES CON LAS FUTURAS GENERACIONES\u00a0\u00a0 \u00a0\u00a0\u00a0 \u00a0137<br \/>\nCLAUDIO SANTANDER<br \/>\nCap\u00edtulo 7<br \/>\nGENERACIONES FUTURAS, JUSTICIA Y TRANSHUMANISMO. REFLEXIONES A LA LUZ DE JOHN RAWLS\u00a0\u00a0 \u00a0\u00a0\u00a0 \u00a0175<br \/>\nPAULINA MORALES AGUILERA<br \/>\nCap\u00edtulo 8<br \/>\nSOCIALISMO LIBERAL \u00bfUNA CONTRADICCI\u00d3N?\u00a0\u00a0 \u00a0\u00a0\u00a0 \u00a0207<br \/>\nMARTIN O\u2019NEILL<br \/>\nEDITORES\u00a0\u00a0 \u00a0\u00a0\u00a0 \u00a0227<\/p>\n","protected":false},"excerpt":{"rendered":"<p>Para quienes tengan inter\u00e9s en la filosof\u00eda moral y pol\u00edtica contempor\u00e1nea la obra de John Rawls es sin discusi\u00f3n uno de sus hitos fundamentales. Sus dos principales libros, Political Liberalism y A Theory of Justice, han marcado parte de la agenda investigativa en los campos disciplinares de la Filosof\u00eda y el Derecho. Es por ello que al cumplirse cincuenta a\u00f1os de la publicaci\u00f3n de A Theory of Justice el Centro de Investigaciones de Filosof\u00eda del Derecho de la Universidad de Valpara\u00edso y el Departamento de Ciencias del Derecho de la Facultad de Derecho de la Universidad de Chile no han querido dejar pasar la oportunidad para conmemorar esta fecha, y lo hacen por medio de este libro que contiene las versiones revisadas y ampliadas de las ponencias que se presentaron en la Jornada en homenaje a John Rawls organizada por ambas instituciones. Este libro no pretende ser sistem\u00e1tico, una tarea imposible dada la envergadura, complejidad y ramificaciones del pensamiento rawlsiano, pero s\u00ed aspira a que las cuestiones en \u00e9l tratadas contribuyan a iluminar los viejos y nuevos problemas que orbitan en torno al aporte de uno de los m\u00e1s importantes fil\u00f3sofos pol\u00edticos del siglo XX. \u00cdndice INTRODUCCI\u00d3N\u00a0\u00a0 \u00a0\u00a0\u00a0 \u00a011 PABLO AGUAYO WESTWOOD LUIS VILLAVICENCIO MIRANDA Cap\u00edtulo 1 JOHN RAWLS: UNA APROXIMACI\u00d3N BIOGR\u00c1FICA E INTELECTUAL\u00a0\u00a0 \u00a0\u00a0\u00a0 \u00a017 CARLOS PE\u00d1A Cap\u00edtulo 2 RAWLS: EL EQUILIBRIO DE LA FUERZA LIBERAL\u00a0\u00a0 \u00a0\u00a0\u00a0 \u00a041 CRIST\u00d3BAL BELLOLIO BADIOLA Cap\u00edtulo 3 \u00bfES LA TEOR\u00cdA IDEAL DE RAWLS DEMASIADO REALISTA? DIBUJANDO LOS L\u00cdMITES DE LA IGUALDAD*\u00a0\u00a0 \u00a0\u00a0\u00a0 \u00a069 ALEJANDRA Z\u00da\u00d1IGA FAJURI LUIS VILLAVICENCIO MIRANDA Cap\u00edtulo 4 LAS DESIGUALDADES QUE IMPIDE (Y LAS QUE PERMITE) LA TEOR\u00cdA RAWLSIANA . UNA DISCUSI\u00d3N A 50 A\u00d1OS DE UNA TEOR\u00cdA DE LA JUSTICIA \u00a0\u00a0 \u00a0\u00a0\u00a0 \u00a099 SILVINA RIBOTTA Cap\u00edtulo 5 LA RELEVANCIA DE LAS REGLAS CONSTITUTIVAS EN EL ORIGEN DE LA FILOSOF\u00cdA MORAL DE JOHN RAWLS\u00a0\u00a0 \u00a0\u00a0\u00a0 \u00a0121 PABLO AGUAYO WESTWOOD Cap\u00edtulo 6 RAWLS Y LA JUSTICIA INTERGENERACIONAL. CONTRACTUALISMO, PRINCIPIOS DE JUSTICIA Y LAS OBLIGACIONES CON LAS FUTURAS GENERACIONES\u00a0\u00a0 \u00a0\u00a0\u00a0 \u00a0137 CLAUDIO SANTANDER Cap\u00edtulo 7 GENERACIONES FUTURAS, JUSTICIA Y TRANSHUMANISMO. REFLEXIONES A LA LUZ DE JOHN RAWLS\u00a0\u00a0 \u00a0\u00a0\u00a0 \u00a0175 PAULINA MORALES AGUILERA Cap\u00edtulo 8 SOCIALISMO LIBERAL \u00bfUNA CONTRADICCI\u00d3N?\u00a0\u00a0 \u00a0\u00a0\u00a0 \u00a0207 MARTIN O\u2019NEILL EDITORES\u00a0\u00a0 \u00a0\u00a0\u00a0 \u00a0227<\/p>\n","protected":false},"featured_media":4337,"comment_status":"open","ping_status":"closed","template":"","meta":{"inline_featured_image":false,"_joinchat":[]},"product_brand":[],"product_cat":[44],"product_tag":[],"class_list":{"0":"post-4284","1":"product","2":"type-product","3":"status-publish","4":"has-post-thumbnail","6":"product_cat-filosofia-del-derecho-y-introduccion","7":"product_shipping_class-a-convenir","9":"first","10":"instock","11":"shipping-taxable","12":"purchasable","13":"product-type-simple"},"_links":{"self":[{"href":"https:\/\/bibliotecajuridicavirtual.cl\/index.php\/wp-json\/wp\/v2\/product\/4284","targetHints":{"allow":["GET"]}}],"collection":[{"href":"https:\/\/bibliotecajuridicavirtual.cl\/index.php\/wp-json\/wp\/v2\/product"}],"about":[{"href":"https:\/\/bibliotecajuridicavirtual.cl\/index.php\/wp-json\/wp\/v2\/types\/product"}],"replies":[{"embeddable":true,"href":"https:\/\/bibliotecajuridicavirtual.cl\/index.php\/wp-json\/wp\/v2\/comments?post=4284"}],"wp:featuredmedia":[{"embeddable":true,"href":"https:\/\/bibliotecajuridicavirtual.cl\/index.php\/wp-json\/wp\/v2\/media\/4337"}],"wp:attachment":[{"href":"https:\/\/bibliotecajuridicavirtual.cl\/index.php\/wp-json\/wp\/v2\/media?parent=4284"}],"wp:term":[{"taxonomy":"product_brand","embeddable":true,"href":"https:\/\/bibliotecajuridicavirtual.cl\/index.php\/wp-json\/wp\/v2\/product_brand?post=4284"},{"taxonomy":"product_cat","embeddable":true,"href":"https:\/\/bibliotecajuridicavirtual.cl\/index.php\/wp-json\/wp\/v2\/product_cat?post=4284"},{"taxonomy":"product_tag","embeddable":true,"href":"https:\/\/bibliotecajuridicavirtual.cl\/index.php\/wp-json\/wp\/v2\/product_tag?post=4284"}],"curies":[{"name":"wp","href":"https:\/\/api.w.org\/{rel}","templated":true}]}}