{"id":4310,"date":"2026-02-28T01:24:48","date_gmt":"2026-02-28T04:24:48","guid":{"rendered":"https:\/\/bibliotecajuridicavirtual.cl\/?post_type=product&#038;p=4310"},"modified":"2026-02-28T01:24:57","modified_gmt":"2026-02-28T04:24:57","slug":"la-sostenibilidad-como-parte-de-la-nocion-de-progresividad-de-los-derechos-sociales-ano-2023-308-pag-autor-hernan-viguera-figueroa","status":"publish","type":"product","link":"https:\/\/bibliotecajuridicavirtual.cl\/index.php\/product\/la-sostenibilidad-como-parte-de-la-nocion-de-progresividad-de-los-derechos-sociales-ano-2023-308-pag-autor-hernan-viguera-figueroa\/","title":{"rendered":"La Sostenibilidad como Parte de la Noci\u00f3n de Progresividad de los Derechos Sociales. A\u00f1o 2023\/308 P\u00e1g. Autor Hern\u00e1n Viguera Figueroa"},"content":{"rendered":"<p>Como sucede en otros textos del constitucionalismo europeo de la postguerra, la carta espa\u00f1ola de 1978 establece un ideal de progreso que se plasma como un sistema de valores, principios y derechos interconectados entre s\u00ed, situando a la noci\u00f3n de progreso como una meta constitucional permanente que supera el mero rol prestacional de los poderes p\u00fablicos.<br \/>\nLa reforma del 2011 al art\u00edculo 135 CE, junto con introducir un mandato de estabilidad presupuestaria, incorpor\u00f3 a nivel constitucional la noci\u00f3n de sostenibilidad econ\u00f3mica o social del Estado, reconociendo con ello un principio de programaci\u00f3n p\u00fablica que debe ponderar adecuadamente el inter\u00e9s general con los resultados, tendiendo hacia el equilibrio permanente y la disponibilidad futura de recursos, prestaciones, capacidades o bienes necesarios para cubrir necesidades sobre las que existe un consenso pol\u00edtico que deben ser atendidas por el Estado.<br \/>\nLa obra revisa c\u00f3mo a partir de la idea de solidaridad y equidad intergeneracional, plasmada en la noci\u00f3n de sostenibilidad, se condiciona el alcance del deber de progresividad del Estado sobre los derechos sociales, estableciendo un mandato presente a los poderes p\u00fablicos para asegurar el disfrute de condiciones de vida adecuadas tambi\u00e9n para las generaciones futuras.<\/p>\n<p>\u00cdndice<br \/>\nAbreviaturas\u00a0\u00a0 \u00a0\u00a0\u00a0 \u00a013<br \/>\nIntroducci\u00f3n\u00a0\u00a0 \u00a0\u00a0\u00a0 \u00a015<br \/>\nPrimera parte<br \/>\nEl Estado como condici\u00f3n de los derechos sociales<br \/>\nCap\u00edtulo I<br \/>\nConfiguraci\u00f3n del Estado Social en el devenir hist\u00f3rico<br \/>\n1. Aportes del liberalismo cl\u00e1sico al Estado Social\u00a0\u00a0 \u00a0\u00a0\u00a0 \u00a024<br \/>\n2. Los derechos fundamentales en el Estado liberal\u00a0\u00a0 \u00a0\u00a0\u00a0 \u00a027<br \/>\n3. La cuesti\u00f3n social como acicate del surgimiento del Estado Social\u00a0\u00a0 \u00a0\u00a0\u00a0 \u00a029<br \/>\n4. La constitucionalizaci\u00f3n del Estado Social de Derecho\u00a0\u00a0 \u00a0\u00a0\u00a0 \u00a032<br \/>\n4.1 La Constituci\u00f3n mexicana de 1917\u00a0\u00a0 \u00a0\u00a0\u00a0 \u00a035<br \/>\n4.2 La Constituci\u00f3n de Weimar de 1919\u00a0\u00a0 \u00a0\u00a0\u00a0 \u00a036<br \/>\n4.3 La Constituci\u00f3n espa\u00f1ola de 1931\u00a0\u00a0 \u00a0\u00a0\u00a0 \u00a037<br \/>\n5. El normativismo de los valores en el constitucionalismo social de la posguerra\u00a0\u00a0 \u00a0\u00a0\u00a0 \u00a039<br \/>\n5.1 La Constituci\u00f3n francesa de 1946\u00a0\u00a0 \u00a0\u00a0\u00a0 \u00a044<br \/>\n5.1.1 Los derechos sociales en el constitucionalismo franc\u00e9s\u00a0\u00a0 \u00a0\u00a0\u00a0 \u00a046<br \/>\n5.2 La Constituci\u00f3n italiana de 1947\u00a0\u00a0 \u00a0\u00a0\u00a0 \u00a047<br \/>\n5.2.1 Los derechos sociales en la Constituci\u00f3n italiana\u00a0\u00a0 \u00a0\u00a0\u00a0 \u00a049<br \/>\n5.2.2 El reconocimiento constitucional de la estabilidad presupuestaria y la sostenibilidad en la Constituci\u00f3n italiana\u00a0\u00a0 \u00a0\u00a0\u00a0 \u00a052<br \/>\n5.3 La Ley Fundamental de Bonn de 1949\u00a0\u00a0 \u00a0\u00a0\u00a0 \u00a055<br \/>\n5.3.1 Los derechos de car\u00e1cter prestacional en la Ley Fundamental de Bonn\u00a0\u00a0 \u00a0\u00a0\u00a0 \u00a058<br \/>\n5.4 La Constituci\u00f3n portuguesa de 1976\u00a0\u00a0 \u00a0\u00a0\u00a0 \u00a061<br \/>\n5.4.1 Los derechos sociales en la Constituci\u00f3n portuguesa de 1976\u00a0\u00a0 \u00a0\u00a0\u00a0 \u00a062<br \/>\nCap\u00edtulo II<br \/>\nEl Estado como condici\u00f3n de los derechos sociales<br \/>\n1. Los recursos como condici\u00f3n del Estado Social y el Estado como condici\u00f3n de los derechos sociales\u00a0\u00a0 \u00a0\u00a0\u00a0 \u00a067<br \/>\n1.1 Configuraci\u00f3n del Estado Social\u00a0\u00a0 \u00a0\u00a0\u00a0 \u00a070<br \/>\n1.1.1 La insuficiencia de la necesidad b\u00e1sica como fundamento de los derechos sociales\u00a0\u00a0 \u00a0\u00a0\u00a0 \u00a075<br \/>\n1.1.2 La procura existencial como fin del Estado\u00a0\u00a0 \u00a0\u00a0\u00a0 \u00a080<br \/>\n2. Los fundamentos de los derechos sociales\u00a0\u00a0 \u00a0\u00a0\u00a0 \u00a082<br \/>\n2.1 La capacidad prestacional del Estado Social como factor de consolidaci\u00f3n de la democracia\u00a0\u00a0 \u00a0\u00a0\u00a0 \u00a083<br \/>\n2.2 La igualdad como elemento central de los derechos sociales\u00a0\u00a0 \u00a0\u00a0\u00a0 \u00a086<br \/>\n2.3 La solidaridad como condici\u00f3n del Estado Social y de los derechos sociales\u00a0\u00a0 \u00a0\u00a0\u00a0 \u00a090<br \/>\n3. Democracia y universalidad\u00a0\u00a0 \u00a0\u00a0\u00a0 \u00a095<br \/>\n3.1 La universalidad: una necesaria remisi\u00f3n a la igualdad\u00a0\u00a0 \u00a0\u00a0\u00a0 \u00a097<br \/>\n4. El reconocimiento a las limitaciones econ\u00f3micas como condicionante de los derechos sociales\u00a0\u00a0 \u00a0\u00a0\u00a0 \u00a0101<br \/>\n4.1 La idea de la reserva de lo posible\u00a0\u00a0 \u00a0\u00a0\u00a0 \u00a0103<br \/>\n4.2 M\u00ednimo existencial\u00a0\u00a0 \u00a0\u00a0\u00a0 \u00a0107<br \/>\n4.3 La garant\u00eda constitucional de un nivel m\u00ednimo de subsistencia humana digna en el sistema alem\u00e1n\u00a0\u00a0 \u00a0\u00a0\u00a0 \u00a0109<br \/>\nSegunda parte<br \/>\nEl progreso permanente como eje de los derechos sociales<br \/>\nCap\u00edtulo III<br \/>\nEl Estado Social en la f\u00f3rmula constitucional espa\u00f1ola<br \/>\n1. La f\u00f3rmula social integrada de la Carta fundamental de 1978\u00a0\u00a0 \u00a0\u00a0\u00a0 \u00a0116<br \/>\n1.1 Valores del constitucionalismo social y democr\u00e1tico\u00a0\u00a0 \u00a0\u00a0\u00a0 \u00a0118<br \/>\n1.2 Sujeci\u00f3n de ciudadanos y poderes p\u00fablicos a la Constituci\u00f3n\u00a0\u00a0 \u00a0\u00a0\u00a0 \u00a0119<br \/>\n2. La igualdad material como fin del Estado Social espa\u00f1ol\u00a0\u00a0 \u00a0\u00a0\u00a0 \u00a0121<br \/>\n3. Car\u00e1cter vinculante de los derechos sociales en la Constituci\u00f3n espa\u00f1ola\u00a0\u00a0 \u00a0\u00a0\u00a0 \u00a0124<br \/>\n4. Principio de reserva legal\u00a0\u00a0 \u00a0\u00a0\u00a0 \u00a0127<br \/>\n5. Del contenido esencial de los derechos\u00a0\u00a0 \u00a0\u00a0\u00a0 \u00a0128<br \/>\n5.1 La dignidad como fundamento del Estado Social y de los derechos sociales en el modelo espa\u00f1ol\u00a0\u00a0 \u00a0\u00a0\u00a0 \u00a0132<br \/>\n5.2 La noci\u00f3n de regresividad en el ordenamiento espa\u00f1ol\u00a0\u00a0 \u00a0\u00a0\u00a0 \u00a0134<br \/>\nCap\u00edtulo IV<br \/>\nEl Estado Social y los derechos sociales en el sistema europeo<br \/>\n1. Del tr\u00e1nsito de la Europa de los mercados hacia la Europa social\u00a0\u00a0 \u00a0\u00a0\u00a0 \u00a0137<br \/>\n1.1 La subsidiariedad en materia social\u00a0\u00a0 \u00a0\u00a0\u00a0 \u00a0139<br \/>\n2. El progreso y la sostenibilidad a partir del Tratado de \u00c1msterdam\u00a0\u00a0 \u00a0\u00a0\u00a0 \u00a0140<br \/>\n3. El reconocimiento de los derechos sociales en el Tratado de \u00c1msterdam\u00a0\u00a0 \u00a0\u00a0\u00a0 \u00a0142<br \/>\n4. Derechos fundamentales y Estado Social\u00a0\u00a0 \u00a0\u00a0\u00a0 \u00a0144<br \/>\n4.1. Indivisibilidad de los derechos humanos\u00a0\u00a0 \u00a0\u00a0\u00a0 \u00a0146<br \/>\n4.2. Obligaciones positivas y margen de apreciaci\u00f3n para los Estados\u00a0\u00a0 \u00a0\u00a0\u00a0 \u00a0146<br \/>\n4.3 El desarrollo jurisprudencial del TEDH sobre los derechos sociales\u00a0\u00a0 \u00a0\u00a0\u00a0 \u00a0148<br \/>\n4.4. Establecimiento de un nivel m\u00ednimo de bienestar\u00a0\u00a0 \u00a0\u00a0\u00a0 \u00a0151<br \/>\n5. Los derechos sociales en la Carta Social Europea\u00a0\u00a0 \u00a0\u00a0\u00a0 \u00a0152<br \/>\n6. Los derechos sociales en la Carta de los Derechos Fundamentales de la Uni\u00f3n Europea\u00a0\u00a0 \u00a0\u00a0\u00a0 \u00a0154<br \/>\n6.1. L\u00edmite a la limitaci\u00f3n de los derechos en las Cartas de derechos fundamentales\u00a0\u00a0 \u00a0\u00a0\u00a0 \u00a0156<br \/>\n6.2. La determinaci\u00f3n del nivel de protecci\u00f3n\u00a0\u00a0 \u00a0\u00a0\u00a0 \u00a0157<br \/>\n6.3. El deber de observaci\u00f3n de los principios contenidos en la Carta\u00a0\u00a0 \u00a0\u00a0\u00a0 \u00a0158<br \/>\n7. La cl\u00e1usula de no retroceso en la Carta Europea de Derechos Fundamentales\u00a0\u00a0 \u00a0\u00a0\u00a0 \u00a0159<br \/>\n7.1. La noci\u00f3n de no regresividad (non regression) en la Carta Europea de Derechos Fundamentales\u00a0\u00a0 \u00a0\u00a0\u00a0 \u00a0160<br \/>\nTercera parte<br \/>\nLa conveniencia de la ausencia de retrocesos sociales en el Estado espa\u00f1ol<br \/>\nCap\u00edtulo V<br \/>\nEl progreso en el Estado constitucional espa\u00f1ol<br \/>\n1. La noci\u00f3n de progreso en el Estado Social\u00a0\u00a0 \u00a0\u00a0\u00a0 \u00a0165<br \/>\n1.1. La irreversibilidad como l\u00edmite constitucional\u00a0\u00a0 \u00a0\u00a0\u00a0 \u00a0169<br \/>\n2. La progresividad como condicionante de la indivisibilidad de los derechos fundamentales\u00a0\u00a0 \u00a0\u00a0\u00a0 \u00a0176<br \/>\n3. Los tratados internacionales en el ordenamiento espa\u00f1ol\u00a0\u00a0 \u00a0\u00a0\u00a0 \u00a0177<br \/>\n3.1. Tratados de integraci\u00f3n supranacional\u00a0\u00a0 \u00a0\u00a0\u00a0 \u00a0178<br \/>\n3.2. R\u00e9gimen jur\u00eddico de los tratados en el ordenamiento espa\u00f1ol\u00a0\u00a0 \u00a0\u00a0\u00a0 \u00a0179<br \/>\n4. Las obligaciones del Estado espa\u00f1ol a partir del PIDESC\u00a0\u00a0 \u00a0\u00a0\u00a0 \u00a0181<br \/>\n4.1. Obligaci\u00f3n de adoptar medidas inmediatas\u00a0\u00a0 \u00a0\u00a0\u00a0 \u00a0186<br \/>\n4.2. Los medios apropiados\u00a0\u00a0 \u00a0\u00a0\u00a0 \u00a0187<br \/>\n4.3. Niveles esenciales de cada uno de los derechos\u00a0\u00a0 \u00a0\u00a0\u00a0 \u00a0189<br \/>\n4.4 Prohibici\u00f3n de regresividad y medidas restrictivas\u00a0\u00a0 \u00a0\u00a0\u00a0 \u00a0191<br \/>\n4.5 Exigencia de medidas legislativas\u00a0\u00a0 \u00a0\u00a0\u00a0 \u00a0192<br \/>\n4.6. Dimensiones de la obligaci\u00f3n de progresividad\u00a0\u00a0 \u00a0\u00a0\u00a0 \u00a0193<br \/>\n4.7. Medidas deliberadamente regresivas\u00a0\u00a0 \u00a0\u00a0\u00a0 \u00a0199<br \/>\n4.8 Medidas regresivas no intencionales o deliberadas\u00a0\u00a0 \u00a0\u00a0\u00a0 \u00a0201<br \/>\n5. Obligaciones del Estado espa\u00f1ol en materia de derechos sociales derivadas del sistema europeo\u00a0\u00a0 \u00a0\u00a0\u00a0 \u00a0205<br \/>\nCap\u00edtulo VI<br \/>\nLa sostenibilidad como parte de la noci\u00f3n de progresividad de los derechos sociales<br \/>\n1. Los criterios de la eficiencia y econom\u00eda como mandato constitucional\u00a0\u00a0 \u00a0\u00a0\u00a0 \u00a0211<br \/>\n2. Lo financieramente posible\u00a0\u00a0 \u00a0\u00a0\u00a0 \u00a0218<br \/>\n2.1 El principio constitucional de estabilidad presupuestaria\u00a0\u00a0 \u00a0\u00a0\u00a0 \u00a0221<br \/>\n3. La sostenibilidad como criterio general de programaci\u00f3n p\u00fablica\u00a0\u00a0 \u00a0\u00a0\u00a0 \u00a0227<br \/>\n3.1 La influencia de las reglas del equilibrio presupuestario alem\u00e1n\u00a0\u00a0 \u00a0\u00a0\u00a0 \u00a0231<br \/>\n3.2. La estabilidad presupuestaria en el contexto europeo\u00a0\u00a0 \u00a0\u00a0\u00a0 \u00a0233<br \/>\n4. El paradigma de la solidaridad intergeneracional como condici\u00f3n de la noci\u00f3n de sostenibilidad social\u00a0\u00a0 \u00a0\u00a0\u00a0 \u00a0235<br \/>\n4.1 Justicia intergeneracional\u00a0\u00a0 \u00a0\u00a0\u00a0 \u00a0236<br \/>\n4.2 Solidaridad intergeneracional\u00a0\u00a0 \u00a0\u00a0\u00a0 \u00a0239<br \/>\n4.3 Incorporaci\u00f3n del factor de sostenibilidad en Espa\u00f1a\u00a0\u00a0 \u00a0\u00a0\u00a0 \u00a0241<br \/>\nCap\u00edtulo VII<br \/>\nLa buena gesti\u00f3n p\u00fablica como oportunidad para la sostenibilidad de los derechos sociales<br \/>\n1. La buena gesti\u00f3n p\u00fablica como \u00faltima l\u00ednea\u00a0\u00a0 \u00a0\u00a0\u00a0 \u00a0243<br \/>\n1.1 La prudencia pol\u00edtica y lo pol\u00edticamente posible\u00a0\u00a0 \u00a0\u00a0\u00a0 \u00a0245<br \/>\n2. Mejorar la regulaci\u00f3n (better regulation)\u00a0\u00a0 \u00a0\u00a0\u00a0 \u00a0246<br \/>\n3. El legislador soberano como l\u00edmite constitucional\u00a0\u00a0 \u00a0\u00a0\u00a0 \u00a0249<br \/>\n3.1. El amplio margen de apreciaci\u00f3n y la arbitrariedad del Estado en el sistema europeo\u00a0\u00a0 \u00a0\u00a0\u00a0 \u00a0252<br \/>\n3.2. Hacia la idea inicial (y final) de un m\u00ednimo indisponible\u00a0\u00a0 \u00a0\u00a0\u00a0 \u00a0256<br \/>\n3.3. La \u00faltima (primera) l\u00ednea: a vueltas con los m\u00ednimos\u00a0\u00a0 \u00a0\u00a0\u00a0 \u00a0259<br \/>\n3.4. M\u00e1s all\u00e1 del contenido m\u00ednimo\u00a0\u00a0 \u00a0\u00a0\u00a0 \u00a0260<br \/>\n4. Sobre la idea de vivir en Constituci\u00f3n\u00a0\u00a0 \u00a0\u00a0\u00a0 \u00a0263<br \/>\n4.1 La idea integradora de living Constitution\u00a0\u00a0 \u00a0\u00a0\u00a0 \u00a0264<br \/>\nReflexiones finales\u00a0\u00a0 \u00a0\u00a0\u00a0 \u00a0273<br \/>\nBibliograf\u00eda\u00a0\u00a0 \u00a0\u00a0\u00a0 \u00a0281<\/p>\n","protected":false},"excerpt":{"rendered":"<p>Como sucede en otros textos del constitucionalismo europeo de la postguerra, la carta espa\u00f1ola de 1978 establece un ideal de progreso que se plasma como un sistema de valores, principios y derechos interconectados entre s\u00ed, situando a la noci\u00f3n de progreso como una meta constitucional permanente que supera el mero rol prestacional de los poderes p\u00fablicos. La reforma del 2011 al art\u00edculo 135 CE, junto con introducir un mandato de estabilidad presupuestaria, incorpor\u00f3 a nivel constitucional la noci\u00f3n de sostenibilidad econ\u00f3mica o social del Estado, reconociendo con ello un principio de programaci\u00f3n p\u00fablica que debe ponderar adecuadamente el inter\u00e9s general con los resultados, tendiendo hacia el equilibrio permanente y la disponibilidad futura de recursos, prestaciones, capacidades o bienes necesarios para cubrir necesidades sobre las que existe un consenso pol\u00edtico que deben ser atendidas por el Estado. La obra revisa c\u00f3mo a partir de la idea de solidaridad y equidad intergeneracional, plasmada en la noci\u00f3n de sostenibilidad, se condiciona el alcance del deber de progresividad del Estado sobre los derechos sociales, estableciendo un mandato presente a los poderes p\u00fablicos para asegurar el disfrute de condiciones de vida adecuadas tambi\u00e9n para las generaciones futuras. \u00cdndice Abreviaturas\u00a0\u00a0 \u00a0\u00a0\u00a0 \u00a013 Introducci\u00f3n\u00a0\u00a0 \u00a0\u00a0\u00a0 \u00a015 Primera parte El Estado como condici\u00f3n de los derechos sociales Cap\u00edtulo I Configuraci\u00f3n del Estado Social en el devenir hist\u00f3rico 1. Aportes del liberalismo cl\u00e1sico al Estado Social\u00a0\u00a0 \u00a0\u00a0\u00a0 \u00a024 2. Los derechos fundamentales en el Estado liberal\u00a0\u00a0 \u00a0\u00a0\u00a0 \u00a027 3. La cuesti\u00f3n social como acicate del surgimiento del Estado Social\u00a0\u00a0 \u00a0\u00a0\u00a0 \u00a029 4. La constitucionalizaci\u00f3n del Estado Social de Derecho\u00a0\u00a0 \u00a0\u00a0\u00a0 \u00a032 4.1 La Constituci\u00f3n mexicana de 1917\u00a0\u00a0 \u00a0\u00a0\u00a0 \u00a035 4.2 La Constituci\u00f3n de Weimar de 1919\u00a0\u00a0 \u00a0\u00a0\u00a0 \u00a036 4.3 La Constituci\u00f3n espa\u00f1ola de 1931\u00a0\u00a0 \u00a0\u00a0\u00a0 \u00a037 5. El normativismo de los valores en el constitucionalismo social de la posguerra\u00a0\u00a0 \u00a0\u00a0\u00a0 \u00a039 5.1 La Constituci\u00f3n francesa de 1946\u00a0\u00a0 \u00a0\u00a0\u00a0 \u00a044 5.1.1 Los derechos sociales en el constitucionalismo franc\u00e9s\u00a0\u00a0 \u00a0\u00a0\u00a0 \u00a046 5.2 La Constituci\u00f3n italiana de 1947\u00a0\u00a0 \u00a0\u00a0\u00a0 \u00a047 5.2.1 Los derechos sociales en la Constituci\u00f3n italiana\u00a0\u00a0 \u00a0\u00a0\u00a0 \u00a049 5.2.2 El reconocimiento constitucional de la estabilidad presupuestaria y la sostenibilidad en la Constituci\u00f3n italiana\u00a0\u00a0 \u00a0\u00a0\u00a0 \u00a052 5.3 La Ley Fundamental de Bonn de 1949\u00a0\u00a0 \u00a0\u00a0\u00a0 \u00a055 5.3.1 Los derechos de car\u00e1cter prestacional en la Ley Fundamental de Bonn\u00a0\u00a0 \u00a0\u00a0\u00a0 \u00a058 5.4 La Constituci\u00f3n portuguesa de 1976\u00a0\u00a0 \u00a0\u00a0\u00a0 \u00a061 5.4.1 Los derechos sociales en la Constituci\u00f3n portuguesa de 1976\u00a0\u00a0 \u00a0\u00a0\u00a0 \u00a062 Cap\u00edtulo II El Estado como condici\u00f3n de los derechos sociales 1. Los recursos como condici\u00f3n del Estado Social y el Estado como condici\u00f3n de los derechos sociales\u00a0\u00a0 \u00a0\u00a0\u00a0 \u00a067 1.1 Configuraci\u00f3n del Estado Social\u00a0\u00a0 \u00a0\u00a0\u00a0 \u00a070 1.1.1 La insuficiencia de la necesidad b\u00e1sica como fundamento de los derechos sociales\u00a0\u00a0 \u00a0\u00a0\u00a0 \u00a075 1.1.2 La procura existencial como fin del Estado\u00a0\u00a0 \u00a0\u00a0\u00a0 \u00a080 2. Los fundamentos de los derechos sociales\u00a0\u00a0 \u00a0\u00a0\u00a0 \u00a082 2.1 La capacidad prestacional del Estado Social como factor de consolidaci\u00f3n de la democracia\u00a0\u00a0 \u00a0\u00a0\u00a0 \u00a083 2.2 La igualdad como elemento central de los derechos sociales\u00a0\u00a0 \u00a0\u00a0\u00a0 \u00a086 2.3 La solidaridad como condici\u00f3n del Estado Social y de los derechos sociales\u00a0\u00a0 \u00a0\u00a0\u00a0 \u00a090 3. Democracia y universalidad\u00a0\u00a0 \u00a0\u00a0\u00a0 \u00a095 3.1 La universalidad: una necesaria remisi\u00f3n a la igualdad\u00a0\u00a0 \u00a0\u00a0\u00a0 \u00a097 4. El reconocimiento a las limitaciones econ\u00f3micas como condicionante de los derechos sociales\u00a0\u00a0 \u00a0\u00a0\u00a0 \u00a0101 4.1 La idea de la reserva de lo posible\u00a0\u00a0 \u00a0\u00a0\u00a0 \u00a0103 4.2 M\u00ednimo existencial\u00a0\u00a0 \u00a0\u00a0\u00a0 \u00a0107 4.3 La garant\u00eda constitucional de un nivel m\u00ednimo de subsistencia humana digna en el sistema alem\u00e1n\u00a0\u00a0 \u00a0\u00a0\u00a0 \u00a0109 Segunda parte El progreso permanente como eje de los derechos sociales Cap\u00edtulo III El Estado Social en la f\u00f3rmula constitucional espa\u00f1ola 1. La f\u00f3rmula social integrada de la Carta fundamental de 1978\u00a0\u00a0 \u00a0\u00a0\u00a0 \u00a0116 1.1 Valores del constitucionalismo social y democr\u00e1tico\u00a0\u00a0 \u00a0\u00a0\u00a0 \u00a0118 1.2 Sujeci\u00f3n de ciudadanos y poderes p\u00fablicos a la Constituci\u00f3n\u00a0\u00a0 \u00a0\u00a0\u00a0 \u00a0119 2. La igualdad material como fin del Estado Social espa\u00f1ol\u00a0\u00a0 \u00a0\u00a0\u00a0 \u00a0121 3. Car\u00e1cter vinculante de los derechos sociales en la Constituci\u00f3n espa\u00f1ola\u00a0\u00a0 \u00a0\u00a0\u00a0 \u00a0124 4. Principio de reserva legal\u00a0\u00a0 \u00a0\u00a0\u00a0 \u00a0127 5. Del contenido esencial de los derechos\u00a0\u00a0 \u00a0\u00a0\u00a0 \u00a0128 5.1 La dignidad como fundamento del Estado Social y de los derechos sociales en el modelo espa\u00f1ol\u00a0\u00a0 \u00a0\u00a0\u00a0 \u00a0132 5.2 La noci\u00f3n de regresividad en el ordenamiento espa\u00f1ol\u00a0\u00a0 \u00a0\u00a0\u00a0 \u00a0134 Cap\u00edtulo IV El Estado Social y los derechos sociales en el sistema europeo 1. Del tr\u00e1nsito de la Europa de los mercados hacia la Europa social\u00a0\u00a0 \u00a0\u00a0\u00a0 \u00a0137 1.1 La subsidiariedad en materia social\u00a0\u00a0 \u00a0\u00a0\u00a0 \u00a0139 2. El progreso y la sostenibilidad a partir del Tratado de \u00c1msterdam\u00a0\u00a0 \u00a0\u00a0\u00a0 \u00a0140 3. El reconocimiento de los derechos sociales en el Tratado de \u00c1msterdam\u00a0\u00a0 \u00a0\u00a0\u00a0 \u00a0142 4. Derechos fundamentales y Estado Social\u00a0\u00a0 \u00a0\u00a0\u00a0 \u00a0144 4.1. Indivisibilidad de los derechos humanos\u00a0\u00a0 \u00a0\u00a0\u00a0 \u00a0146 4.2. Obligaciones positivas y margen de apreciaci\u00f3n para los Estados\u00a0\u00a0 \u00a0\u00a0\u00a0 \u00a0146 4.3 El desarrollo jurisprudencial del TEDH sobre los derechos sociales\u00a0\u00a0 \u00a0\u00a0\u00a0 \u00a0148 4.4. Establecimiento de un nivel m\u00ednimo de bienestar\u00a0\u00a0 \u00a0\u00a0\u00a0 \u00a0151 5. Los derechos sociales en la Carta Social Europea\u00a0\u00a0 \u00a0\u00a0\u00a0 \u00a0152 6. Los derechos sociales en la Carta de los Derechos Fundamentales de la Uni\u00f3n Europea\u00a0\u00a0 \u00a0\u00a0\u00a0 \u00a0154 6.1. L\u00edmite a la limitaci\u00f3n de los derechos en las Cartas de derechos fundamentales\u00a0\u00a0 \u00a0\u00a0\u00a0 \u00a0156 6.2. La determinaci\u00f3n del nivel de protecci\u00f3n\u00a0\u00a0 \u00a0\u00a0\u00a0 \u00a0157 6.3. El deber de observaci\u00f3n de los principios contenidos en la Carta\u00a0\u00a0 \u00a0\u00a0\u00a0 \u00a0158 7. La cl\u00e1usula de no retroceso en la Carta Europea de Derechos Fundamentales\u00a0\u00a0 \u00a0\u00a0\u00a0 \u00a0159 7.1. La noci\u00f3n de no regresividad (non regression) en la Carta Europea de Derechos Fundamentales\u00a0\u00a0 \u00a0\u00a0\u00a0 \u00a0160 Tercera parte La conveniencia de la ausencia de retrocesos sociales en el Estado espa\u00f1ol Cap\u00edtulo V El progreso en el Estado constitucional espa\u00f1ol 1. La noci\u00f3n de progreso en el Estado Social\u00a0\u00a0 \u00a0\u00a0\u00a0 \u00a0165 1.1. La irreversibilidad como l\u00edmite constitucional\u00a0\u00a0 \u00a0\u00a0\u00a0 \u00a0169 2. La progresividad como condicionante de la indivisibilidad de los derechos fundamentales\u00a0\u00a0 \u00a0\u00a0\u00a0 \u00a0176 3. Los tratados internacionales en el ordenamiento espa\u00f1ol\u00a0\u00a0 \u00a0\u00a0\u00a0 \u00a0177 3.1. Tratados de integraci\u00f3n supranacional\u00a0\u00a0 \u00a0\u00a0\u00a0 \u00a0178 3.2. R\u00e9gimen jur\u00eddico de los tratados en el ordenamiento<\/p>\n","protected":false},"featured_media":4340,"comment_status":"open","ping_status":"closed","template":"","meta":{"inline_featured_image":false,"_joinchat":[]},"product_brand":[],"product_cat":[33],"product_tag":[],"class_list":{"0":"post-4310","1":"product","2":"type-product","3":"status-publish","4":"has-post-thumbnail","6":"product_cat-constitucional","7":"product_shipping_class-a-convenir","9":"first","10":"instock","11":"shipping-taxable","12":"purchasable","13":"product-type-simple"},"_links":{"self":[{"href":"https:\/\/bibliotecajuridicavirtual.cl\/index.php\/wp-json\/wp\/v2\/product\/4310","targetHints":{"allow":["GET"]}}],"collection":[{"href":"https:\/\/bibliotecajuridicavirtual.cl\/index.php\/wp-json\/wp\/v2\/product"}],"about":[{"href":"https:\/\/bibliotecajuridicavirtual.cl\/index.php\/wp-json\/wp\/v2\/types\/product"}],"replies":[{"embeddable":true,"href":"https:\/\/bibliotecajuridicavirtual.cl\/index.php\/wp-json\/wp\/v2\/comments?post=4310"}],"wp:featuredmedia":[{"embeddable":true,"href":"https:\/\/bibliotecajuridicavirtual.cl\/index.php\/wp-json\/wp\/v2\/media\/4340"}],"wp:attachment":[{"href":"https:\/\/bibliotecajuridicavirtual.cl\/index.php\/wp-json\/wp\/v2\/media?parent=4310"}],"wp:term":[{"taxonomy":"product_brand","embeddable":true,"href":"https:\/\/bibliotecajuridicavirtual.cl\/index.php\/wp-json\/wp\/v2\/product_brand?post=4310"},{"taxonomy":"product_cat","embeddable":true,"href":"https:\/\/bibliotecajuridicavirtual.cl\/index.php\/wp-json\/wp\/v2\/product_cat?post=4310"},{"taxonomy":"product_tag","embeddable":true,"href":"https:\/\/bibliotecajuridicavirtual.cl\/index.php\/wp-json\/wp\/v2\/product_tag?post=4310"}],"curies":[{"name":"wp","href":"https:\/\/api.w.org\/{rel}","templated":true}]}}