{"id":4314,"date":"2026-02-28T01:24:49","date_gmt":"2026-02-28T04:24:49","guid":{"rendered":"https:\/\/bibliotecajuridicavirtual.cl\/?post_type=product&#038;p=4314"},"modified":"2026-02-28T01:25:00","modified_gmt":"2026-02-28T04:25:00","slug":"responsabilidad-y-construccion-aspecto-juridicos-tercera-edicion-ano-2023-760-pag-autor-antonia-monge-fernandez-edgar-ivan-colina-ramirez","status":"publish","type":"product","link":"https:\/\/bibliotecajuridicavirtual.cl\/index.php\/product\/responsabilidad-y-construccion-aspecto-juridicos-tercera-edicion-ano-2023-760-pag-autor-antonia-monge-fernandez-edgar-ivan-colina-ramirez\/","title":{"rendered":"Responsabilidad y Construcci\u00f3n. Aspecto jur\u00eddicos Tercera  Edici\u00f3n. A\u00f1o 2023\/760 P\u00e1g. Autor Antonia Monge Fern\u00e1ndez &#8211; Edgar Iv\u00e1n Colina R\u00e1mirez"},"content":{"rendered":"<p>La reforma laboral de 2022 afecta principalmente a la actividad constructora, cuyo objetivo principal persigue reducir la precariedad y temporalidad en el empleo, siendo dos los puntos clave de aqu\u00e9lla: el contrato fijo-discontinuo y el contrato indefinido adscrito a obra. En primer lugar, el contrato fijo-discontinuo est\u00e1 especialmente dirigido a los segmentos que hasta ahora han recurrido a la contrataci\u00f3n temporal. En este sentido, la reforma reconoce a las personas trabajadoras (con el contrato fijo-discontinuo) los mismos derechos que les amparan en el contrato infinido, incluida la indemnizaci\u00f3n por despido. El contrato fijo-discontinuo puede ser utilizado por ETT y en otros supuestos como actividad de temporada y contratas y subcontratas. Por consiguiente, desaparecen los contratos de obra y servicio determinado si bien aquellos que se hayan realizado entre el 31 de diciembre de 2021 y el 30 de marzo de 2022 se deben regir por la normativa vigente y su periodo de duraci\u00f3n no puede ser superior a los 6 meses.<br \/>\nEn segundo lugar, cabe referirse al contrato indefinido adscrito a obra, espec\u00edficamente articulado para el sector de la construcci\u00f3n, cuyo objeto consiste en el desarrollo de tareas o de servicios que est\u00e1n estrechamente relacionados con actividades dentro del Convenio General del Sector de la Construcci\u00f3n. La finalizaci\u00f3n de la obra lleva impl\u00edcita la obligaci\u00f3n de la empresa de efectuar una propuesta (por escrito) a la persona trabajadora para su recolocaci\u00f3n, con la consiguiente formaci\u00f3n en caso necesario. Las causas que justifican la extinci\u00f3n del contrato se resumen en las tres siguientes: inexistencia de obras en la provincia, falta de cualificaci\u00f3n para obra en la provincia y, finalmente, rechazo de la persona trabajadora para su recolocaci\u00f3n.<br \/>\nEste estudio sobre &#8220;Responsabilidad y Construcci\u00f3n&#8221; ofrece al lector una visi\u00f3n multidisciplinar de los aspectos jur\u00eddicos que este binomio suscita, no s\u00f3lo desde una perspectiva te\u00f3rica, sino tambi\u00e9n relativa a la praxis forense, con un an\u00e1lisis pr\u00e1ctico a trav\u00e9s de sentencias de los tribunales nacionales y extranjeros, lo que hace que su lectura sea obligatoria para los estudiosos y profesionales del Derecho.<\/p>\n<p>&nbsp;<\/p>\n","protected":false},"excerpt":{"rendered":"<h5 style=\"text-align: center;\"><span style=\"color: #ff6600;\">(LIBRO ESPA\u00d1OL HAZ TU RESERVA)<\/span><\/h5>\n","protected":false},"featured_media":4344,"comment_status":"open","ping_status":"closed","template":"","meta":{"inline_featured_image":false,"_joinchat":[]},"product_brand":[],"product_cat":[27],"product_tag":[],"class_list":{"0":"post-4314","1":"product","2":"type-product","3":"status-publish","4":"has-post-thumbnail","6":"product_cat-civil","7":"product_shipping_class-a-convenir","9":"first","10":"instock","11":"shipping-taxable","12":"purchasable","13":"product-type-simple"},"_links":{"self":[{"href":"https:\/\/bibliotecajuridicavirtual.cl\/index.php\/wp-json\/wp\/v2\/product\/4314","targetHints":{"allow":["GET"]}}],"collection":[{"href":"https:\/\/bibliotecajuridicavirtual.cl\/index.php\/wp-json\/wp\/v2\/product"}],"about":[{"href":"https:\/\/bibliotecajuridicavirtual.cl\/index.php\/wp-json\/wp\/v2\/types\/product"}],"replies":[{"embeddable":true,"href":"https:\/\/bibliotecajuridicavirtual.cl\/index.php\/wp-json\/wp\/v2\/comments?post=4314"}],"wp:featuredmedia":[{"embeddable":true,"href":"https:\/\/bibliotecajuridicavirtual.cl\/index.php\/wp-json\/wp\/v2\/media\/4344"}],"wp:attachment":[{"href":"https:\/\/bibliotecajuridicavirtual.cl\/index.php\/wp-json\/wp\/v2\/media?parent=4314"}],"wp:term":[{"taxonomy":"product_brand","embeddable":true,"href":"https:\/\/bibliotecajuridicavirtual.cl\/index.php\/wp-json\/wp\/v2\/product_brand?post=4314"},{"taxonomy":"product_cat","embeddable":true,"href":"https:\/\/bibliotecajuridicavirtual.cl\/index.php\/wp-json\/wp\/v2\/product_cat?post=4314"},{"taxonomy":"product_tag","embeddable":true,"href":"https:\/\/bibliotecajuridicavirtual.cl\/index.php\/wp-json\/wp\/v2\/product_tag?post=4314"}],"curies":[{"name":"wp","href":"https:\/\/api.w.org\/{rel}","templated":true}]}}