{"id":4318,"date":"2026-02-28T01:24:49","date_gmt":"2026-02-28T04:24:49","guid":{"rendered":"https:\/\/bibliotecajuridicavirtual.cl\/?post_type=product&#038;p=4318"},"modified":"2026-02-28T01:25:03","modified_gmt":"2026-02-28T04:25:03","slug":"el-arbitraje-en-materia-tributaria-ano-2023-316-pag-autor-francisco-alfredo-garcia-prats-y-jose-carlos-pedrosa-lopez","status":"publish","type":"product","link":"https:\/\/bibliotecajuridicavirtual.cl\/index.php\/product\/el-arbitraje-en-materia-tributaria-ano-2023-316-pag-autor-francisco-alfredo-garcia-prats-y-jose-carlos-pedrosa-lopez\/","title":{"rendered":"El Arbitraje en Materia Tributaria. A\u00f1o 2023\/316 P\u00e1g. Autor Francisco Alfredo Garcia Prats y Jose Carlos Pedrosa L\u00f3pez"},"content":{"rendered":"<p>El arbitraje se propone en diferentes \u00e1mbitos del ordenamiento tributario como el mecanismo adecuado para resolver los numerosos y diversos conflictos que se generan en la aplicaci\u00f3n de las cada vez m\u00e1s complejas normas tributarias, as\u00ed como para resolver los variados conflictos que pueden generarse como consecuencia de la aplicaci\u00f3n simult\u00e1nea de las normas tributarias internas, internacionales y supranacionales por parte de varias jurisdicciones. Sin embargo, ello no debe obviar los m\u00faltiples desaf\u00edos que plantea la incorporaci\u00f3n de diferentes mecanismos arbitrales de soluci\u00f3n de conflictos tributarios en los ordenamientos jur\u00eddicos.<br \/>\nEsta obra aborda, desde la \u00f3ptica internacional, europea y espa\u00f1ola, las propuestas jur\u00eddicas m\u00e1s relevantes en materia de arbitraje fiscal para garantizar una resoluci\u00f3n de conflictos eficaz y eficiente. Este libro resulta de inter\u00e9s para profesionales del \u00e1mbito tributario y acad\u00e9micos que buscan comprender el marco jur\u00eddico de la resoluci\u00f3n alternativa de conflictos fiscales<br \/>\n\u00cdndice<br \/>\nCap\u00edtulo 1<br \/>\nArbitraje (internacional) y Derecho Tributario: \u00bfun conflicto insalvable?\u00a0\u00a0 \u00a0\u00a0\u00a0 \u00a013<br \/>\nF. Alfredo Garc\u00eda Prats<br \/>\nUniversitat de Val\u00e8ncia<br \/>\nCap\u00edtulo 2<br \/>\nLa conciliaci\u00f3n y la mediaci\u00f3n en la jurisdicci\u00f3n contencioso-administrativa y, en especial, en al \u00e1mbito tributario. Referencia al plan de choque elaborado por el CGPI durante el estado de alarma: propuesta de reforma legislativa\u00a0\u00a0 \u00a0\u00a0\u00a0 \u00a049<br \/>\nManuel Jos\u00e9 Baeza D\u00edaz-Portales<br \/>\nPresidente Sala Contencioso-Administrativo<br \/>\nTribunal Superior de Justicia Comunidad Valenciana<br \/>\nCap\u00edtulo 3<br \/>\nPerfiles constitucionales y legales del arbitraje en materia tributaria\u00a0\u00a0 \u00a0\u00a0\u00a0 \u00a061<br \/>\nPaula Vicente-Arche Coloma<br \/>\nProfesora Titular de Derecho Financiero y Tributario<br \/>\nUniversidad Miguel Hern\u00e1ndez de Elche<br \/>\nCap\u00edtulo 4<br \/>\nLa interacci\u00f3n entre el Derecho internacional de inversiones y la normativa europea sobre ayudas de estado en el \u00e1mbito tributario\u00a0\u00a0 \u00a0\u00a0\u00a0 \u00a089<br \/>\nBego\u00f1a P\u00e9rez Bernabeu<br \/>\nProfesora Titular de Universidad<br \/>\nUniversidad de Alicante<br \/>\nCap\u00edtulo 5<br \/>\nReducci\u00f3n de la litigiosidad tributaria mediante los modelos de cumplimiento cooperativo\u00a0\u00a0 \u00a0\u00a0\u00a0 \u00a0113<br \/>\nCarlos Pedrosa L\u00f3pez<br \/>\nProfesor Ayudante Doctor Derecho Financiero y Tributario<br \/>\nUniversitat de Val\u00e8ncia<\/p>\n<p>Cap\u00edtulo 6<br \/>\nReduciendo la litigiosidad fiscal, la v\u00eda econ\u00f3mico-administrativa\u00a0\u00a0 \u00a0\u00a0\u00a0 \u00a0137<br \/>\nFrancisco Javier S\u00e1nchez Gallardo<br \/>\nInspector de Hacienda del Estado<br \/>\nCap\u00edtulo 7<br \/>\nImplementation of the EU Arbitration Directive in the Netherlands\u00a0\u00a0 \u00a0\u00a0\u00a0 \u00a0149<br \/>\nI. J. J. Burgers<br \/>\nProfessor of International and European Tax Law, Faculty of Law and Professor of Economics of Taxation, Faculty of Economics and Business<br \/>\nUniversity of Groningen, the Netherlands<br \/>\nCap\u00edtulo 8<br \/>\nThe Portuguese Tax Arbitration in the Book and in Action\u00a0\u00a0 \u00a0\u00a0\u00a0 \u00a0175<br \/>\nAna Paula Dourado<br \/>\nProfessor of Tax Law and International and European Tax Law<br \/>\nUniversity of Lisbon<br \/>\nCap\u00edtulo 9<br \/>\nEl arbitraje de inversiones y la materia tributaria: una breve introducci\u00f3n\u00a0\u00a0 \u00a0\u00a0\u00a0 \u00a0185<br \/>\nPaloma Garc\u00eda C\u00f3rdoba<br \/>\nDoctoranda en Derecho y Personal docente e investigador de la Universitat Pompeu Fabra<br \/>\nCap\u00edtulo 10<br \/>\nEl arbitraje: una soluci\u00f3n alternativa de conflictos en materia de abuso fiscal\u00a0\u00a0 \u00a0\u00a0\u00a0 \u00a0199<br \/>\nBenjam\u00edn Sevilla Bernab\u00e9u<br \/>\nDerecho Financiero y Tributario<br \/>\nUniversitat de Val\u00e8ncia<br \/>\nCap\u00edtulo 11<br \/>\nLa mediaci\u00f3n como instrumento para reducir la conflictividad tributaria en sede administrativa. El ejemplo del Appeals Office del IRS norteamericano\u00a0\u00a0 \u00a0\u00a0\u00a0 \u00a0221<br \/>\nIrune Suberbiola Garbizu<br \/>\nUniversidad del Pa\u00eds Vasco-Euskal Herriko Unibertsitatea<br \/>\nCap\u00edtulo 12<br \/>\nPillar One: A First Step Towards Taxpayer Participation In Arbitration Proceedings?\u00a0\u00a0 \u00a0\u00a0\u00a0 \u00a0249<br \/>\nRhys Bane<br \/>\nAssociate at DLA Piper in Amsterdam. External Ph.D candidate at Leiden University<br \/>\nCap\u00edtulo 13<br \/>\nPropuestas para atajar de ra\u00edz la aparici\u00f3n de conflictos tributarios\u00a0\u00a0 \u00a0\u00a0\u00a0 \u00a0277<br \/>\nAlejandro Jim\u00e9nez L\u00f3pez<br \/>\nAbogado. Doctorando en Derecho Financiero y Tributario<br \/>\nUniversidad de Barcelona<br \/>\nCap\u00edtulo 14<br \/>\nLos ajustes correlativos unilaterales y su relaci\u00f3n con el procedimiento amistoso\u00a0\u00a0 \u00a0\u00a0\u00a0 \u00a0299<br \/>\nJaime Garc\u00eda Puente<br \/>\nInvestigador predoctoral<br \/>\nUniversidad de Oviedo<\/p>\n","protected":false},"excerpt":{"rendered":"<h5 style=\"text-align: center;\"><span style=\"color: #ff6600;\">(LIBRO ESPA\u00d1OL HAZ TU RESERVA)<\/span><\/h5>\n","protected":false},"featured_media":4348,"comment_status":"open","ping_status":"closed","template":"","meta":{"inline_featured_image":false,"_joinchat":[]},"product_brand":[],"product_cat":[27,28],"product_tag":[],"class_list":{"0":"post-4318","1":"product","2":"type-product","3":"status-publish","4":"has-post-thumbnail","6":"product_cat-civil","7":"product_cat-tributario","8":"product_shipping_class-a-convenir","10":"first","11":"instock","12":"shipping-taxable","13":"purchasable","14":"product-type-simple"},"_links":{"self":[{"href":"https:\/\/bibliotecajuridicavirtual.cl\/index.php\/wp-json\/wp\/v2\/product\/4318","targetHints":{"allow":["GET"]}}],"collection":[{"href":"https:\/\/bibliotecajuridicavirtual.cl\/index.php\/wp-json\/wp\/v2\/product"}],"about":[{"href":"https:\/\/bibliotecajuridicavirtual.cl\/index.php\/wp-json\/wp\/v2\/types\/product"}],"replies":[{"embeddable":true,"href":"https:\/\/bibliotecajuridicavirtual.cl\/index.php\/wp-json\/wp\/v2\/comments?post=4318"}],"wp:featuredmedia":[{"embeddable":true,"href":"https:\/\/bibliotecajuridicavirtual.cl\/index.php\/wp-json\/wp\/v2\/media\/4348"}],"wp:attachment":[{"href":"https:\/\/bibliotecajuridicavirtual.cl\/index.php\/wp-json\/wp\/v2\/media?parent=4318"}],"wp:term":[{"taxonomy":"product_brand","embeddable":true,"href":"https:\/\/bibliotecajuridicavirtual.cl\/index.php\/wp-json\/wp\/v2\/product_brand?post=4318"},{"taxonomy":"product_cat","embeddable":true,"href":"https:\/\/bibliotecajuridicavirtual.cl\/index.php\/wp-json\/wp\/v2\/product_cat?post=4318"},{"taxonomy":"product_tag","embeddable":true,"href":"https:\/\/bibliotecajuridicavirtual.cl\/index.php\/wp-json\/wp\/v2\/product_tag?post=4318"}],"curies":[{"name":"wp","href":"https:\/\/api.w.org\/{rel}","templated":true}]}}