{"id":4322,"date":"2026-02-28T01:24:49","date_gmt":"2026-02-28T04:24:49","guid":{"rendered":"https:\/\/bibliotecajuridicavirtual.cl\/?post_type=product&#038;p=4322"},"modified":"2026-02-28T01:25:06","modified_gmt":"2026-02-28T04:25:06","slug":"derecho-penal-parte-especial-24a-edicion-ano-2022-1048-pag-autor-francisco-munoz-conde","status":"publish","type":"product","link":"https:\/\/bibliotecajuridicavirtual.cl\/index.php\/product\/derecho-penal-parte-especial-24a-edicion-ano-2022-1048-pag-autor-francisco-munoz-conde\/","title":{"rendered":"Derecho Penal Parte Especial 24\u00aa Edici\u00f3n. A\u00f1o 2022\/ 1048 P\u00e1g. Autor Francisco Mu\u00f1oz Conde"},"content":{"rendered":"<p>Derecho Penal Parte Especial<\/p>\n<p>24\u00aa edici\u00f3n, revisada y puesta al d\u00eda\u00a0con\u00a0la colaboraci\u00f3n de Carmen L\u00f3pez Peregr\u00edn conforme a las LLOO 4\/2022, 6\/2022, 9\/2022, 10\/2022 y 11\/2022<\/p>\n<p><strong>\u00cdNDICE GENERAL<\/strong><\/p>\n<p>PRIMERA PARTE<br \/>\nDELITOS CONTRA LAS PERSONAS<br \/>\nSECCI\u00d3N PRIMERA<br \/>\nDELITOS CONTRA LOS VALORES DE LA PERSONALIDAD<br \/>\nDELITOS CONTRA LA VIDA HUMANA INDEPENDIENTE<br \/>\nCap\u00edtulo I. Homicidio. Asesinato&#8230;&#8230;&#8230;&#8230;&#8230;&#8230;&#8230;&#8230;&#8230;&#8230;&#8230;&#8230;&#8230;. 25<br \/>\nCap\u00edtulo II. Inducci\u00f3n y cooperaci\u00f3n al suicidio. Especial consideraci\u00f3n de la eutanasia. Excurso: Provocaci\u00f3n al suicidio a trav\u00e9s de internet y otros medios de comunicaci\u00f3n&#8230;&#8230;&#8230;&#8230;&#8230;&#8230;&#8230;&#8230;&#8230;&#8230;&#8230; 67<br \/>\nDELITOS CONTRA LA VIDA HUMANA DEPENDIENTE<br \/>\nCap\u00edtulo III. Consideraciones generales y pol\u00edtico-criminales. Aborto&#8230;&#8230;&#8230;&#8230;&#8230;&#8230;&#8230;&#8230;&#8230;&#8230;&#8230;&#8230;&#8230;&#8230;&#8230;&#8230;&#8230;&#8230;&#8230; 87<br \/>\nDELITOS CONTRA LA SALUD Y LA INTEGRIDAD CORPORAL<br \/>\nCap\u00edtulo IV. Lesiones. El consentimiento del lesionado. Excurso: Provocaci\u00f3n a las autolesiones a trav\u00e9s de internet y otros medios de comunicaci\u00f3n. La exposici\u00f3n voluntaria a actividades peligrosas. El tratamiento m\u00e9dico. Participaci\u00f3n en ri\u00f1a. Tr\u00e1fico de \u00f3rganos&#8230;&#8230;&#8230;&#8230;&#8230;&#8230;&#8230;&#8230;&#8230;&#8230;&#8230;.. 107<br \/>\nCap\u00edtulo V. Lesiones al feto. Delitos relativos a la manipulaci\u00f3n gen\u00e9tica&#8230;&#8230;&#8230;&#8230;&#8230;&#8230;&#8230;&#8230;&#8230;&#8230;&#8230;&#8230;&#8230;&#8230;&#8230;&#8230;.. 141<br \/>\nDELITOS CONTRA LA LIBERTAD<br \/>\nCap\u00edtulo VI. Amenazas. Coacciones. Otras formas de coacciones y amenazas: matrimonio forzado, acoso y acoso a usuarias o trabajadores de cl\u00ednicas para IVE. Detenciones ilegales y secuestros&#8230;. 153<br \/>\n14<br \/>\nDELITOS CONTRA LA INTEGRIDAD MORAL<br \/>\nCap\u00edtulo VII. Delitos contra la integridad moral: Atentados gen\u00e9ricos contra la integridad moral. El ejercicio habitual de violencia contra persona vinculada al agresor (remisi\u00f3n). Especial consideraci\u00f3n de la tortura. Trata de seres humanos&#8230;&#8230;&#8230;&#8230;&#8230;&#8230;&#8230;&#8230;&#8230;&#8230;&#8230;&#8230;&#8230;&#8230;&#8230;&#8230;&#8230;&#8230;&#8230;&#8230; 189<br \/>\nVIOLENCIA DE G\u00c9NERO, DOM\u00c9STICA Y ASISTENCIAL<br \/>\nCap\u00edtulo VIII. Violencia de g\u00e9nero, dom\u00e9stica y asistencial. Lesiones menos graves y malos tratos a persona vinculada al agresor. Delitos contra la libertad en casos de violencia de g\u00e9nero, dom\u00e9stica o asistencial. Otros delitos relacionados con la violencia de g\u00e9nero, dom\u00e9stica o asistencial. El delito de violencia habitual contra personas vinculadas al agresor&#8230;&#8230;&#8230;&#8230;&#8230;&#8230;&#8230;&#8230;&#8230;&#8230;&#8230;&#8230;&#8230;.. 207<br \/>\nDELITOS CONTRA LA LIBERTAD SEXUAL<br \/>\nCap\u00edtulo IX. El bien jur\u00eddico protegido en el T\u00edtulo VIII. Agresiones sexuales. Agresiones sexuales a menores de diecis\u00e9is a\u00f1os. Acoso sexual&#8230;&#8230;&#8230; 223<br \/>\nCap\u00edtulo X. Delitos de exhibicionismo y provocaci\u00f3n sexual. Delitos relativos a la prostituci\u00f3n y a la explotaci\u00f3n sexual y corrupci\u00f3n de menores. Excurso: Provocaci\u00f3n a la comisi\u00f3n de delitos sexuales a trav\u00e9s de internet y otros medios de comunicaci\u00f3n. Disposiciones comunes al T\u00edtulo VIII&#8230;&#8230;&#8230;&#8230;&#8230;&#8230;&#8230;&#8230;&#8230;&#8230;&#8230;&#8230;&#8230;&#8230;&#8230;&#8230;&#8230;&#8230;&#8230; 265<br \/>\nDELITOS CONTRA LA INTIMIDAD, EL DERECHO A LA PROPIA IMAGEN Y LA INVIOLABILIDAD DEL DOMICILIO<br \/>\nCap\u00edtulo XI. Descubrimiento y revelaci\u00f3n de secretos. Especial consideraci\u00f3n del quebrantamiento del secreto profesional. Allanamiento de morada. 291<br \/>\n15<br \/>\nDELITOS CONTRA EL HONOR<br \/>\nCap\u00edtulo XII. Injuria. Calumnia. Disposiciones comunes&#8230;.. 319<br \/>\nDELITOS CONTRA LAS RELACIONES FAMILIARES<br \/>\nCap\u00edtulo XIII. A) Delitos contra el estado civil familiar: Matrimonios ilegales. Suposici\u00f3n de parto y alteraci\u00f3n de la paternidad, estado o condici\u00f3n del menor. Usurpaci\u00f3n del estado civil&#8230;&#8230;&#8230;&#8230;&#8230;.. 333<br \/>\nCap\u00edtulo XIV. B) Delitos contra los derechos y deberes familiares: Quebrantamiento de los deberes de custodia e inducci\u00f3n al abandono de domicilio. Sustracci\u00f3n de menores. Abandono de familia. Impago de prestaciones acordadas judicialmente. Abandono de menores o personas con discapacidad necesitadas de especial protecci\u00f3n. Utilizaci\u00f3n para la mendicidad de menores o personas con discapacidad necesitadas de especial protecci\u00f3n. Excurso: Omisi\u00f3n del deber de socorro y denegaci\u00f3n y abandono de asistencia sanitaria&#8230;&#8230;&#8230;&#8230;&#8230;&#8230;&#8230; 343<br \/>\nDELITOS CONTRA LOS DERECHOS DE LOS TRABAJADORES Y CONTRA LOS DERECHOS DE LOS CIUDADANOS EXTRANJEROS<br \/>\nCap\u00edtulo XV. Delitos contra los derechos de los trabajadores: Imposici\u00f3n y mantenimiento de condiciones ilegales de trabajo o de Seguridad Social. Empleo ilegal. Tr\u00e1fico ilegal de mano de obra. Emigraciones fraudulentas. Discriminaci\u00f3n laboral. Delitos contra la libertad sindical y el derecho de huelga. Delitos contra la seguridad e higiene en el trabajo. Delitos contra los derechos de los ciudadanos extranjeros&#8230;&#8230;&#8230;&#8230;.. 371<br \/>\n16<br \/>\nSECCI\u00d3N SEGUNDA<br \/>\nDELITOS CONTRA LOS VALORES PATRIMONIALES Y SOCIOECON\u00d3MICOS<br \/>\nDELITOS CONTRA EL PATRIMONIO<br \/>\nCap\u00edtulo XVI. El T\u00edtulo XIII: delitos contra el patrimonio y contra el orden socioecon\u00f3mico. Bien jur\u00eddico protegido: el concepto de patrimonio y su contenido. Disposiciones comunes. Clasificaci\u00f3n. I. Delitos patrimoniales de enriquecimiento. A) De apoderamiento: Hurto. Robo. Robo con fuerza en las cosas&#8230;&#8230;&#8230;&#8230;&#8230;&#8230;&#8230;&#8230;&#8230;&#8230;&#8230;&#8230;&#8230;&#8230;&#8230; 387<br \/>\nCap\u00edtulo XVII. Robo con violencia o intimidaci\u00f3n en las personas. Extorsi\u00f3n&#8230;&#8230;&#8230;&#8230;&#8230;&#8230;&#8230;&#8230;&#8230;&#8230;&#8230;&#8230;&#8230;&#8230;&#8230;&#8230; 417<br \/>\nCap\u00edtulo XVIII. Robo y hurto de uso de veh\u00edculos. Usurpaci\u00f3n&#8230;&#8230;&#8230;&#8230;&#8230;&#8230;&#8230;&#8230;&#8230;&#8230;&#8230;&#8230;&#8230;&#8230;&#8230;&#8230;&#8230;&#8230;&#8230;&#8230;&#8230;&#8230;.. 429<br \/>\nCap\u00edtulo XIX. B) Defraudaciones: Estafa. Apropiaci\u00f3n indebida. Administraci\u00f3n desleal. Defraudaciones del fluido el\u00e9ctrico y an\u00e1logas&#8230;&#8230;&#8230;&#8230;&#8230;&#8230;&#8230;&#8230;.. 437<br \/>\nCap\u00edtulo XX. Alzamiento de bienes y frustraci\u00f3n de la ejecuci\u00f3n. Insolvencias punibles y figuras afines. 467<br \/>\nCap\u00edtulo XXI. II. Delitos patrimoniales sin enriquecimiento: Da\u00f1os. Da\u00f1os en cosa propia&#8230;&#8230;&#8230;&#8230;&#8230;&#8230;&#8230;&#8230;&#8230; 483<br \/>\nDELITOS CONTRA EL ORDEN SOCIOECON\u00d3MICO<br \/>\nCap\u00edtulo XXII. Consideraciones generales sobre los delitos contra el orden socioecon\u00f3mico. Delitos relativos a la propiedad intelectual e industrial&#8230;. 493<br \/>\nCap\u00edtulo XXIII. Delitos relativos al mercado y a los consumidores. Disposiciones comunes&#8230;&#8230;&#8230;&#8230;&#8230;&#8230;&#8230;&#8230;&#8230;&#8230; 511<br \/>\nCap\u00edtulo XXIV. Delitos societarios. Receptaci\u00f3n. Blanqueo de capitales. Excurso: Financiaci\u00f3n ilegal de los partidos pol\u00edticos&#8230;&#8230;&#8230;&#8230;&#8230;&#8230;&#8230;&#8230;&#8230;&#8230;&#8230;&#8230;&#8230;&#8230;&#8230;.. 545<br \/>\n17<br \/>\nSEGUNDA PARTE<br \/>\nDELITOS CONTRA LA SOCIEDAD<br \/>\nSECCI\u00d3N PRIMERA<br \/>\nDELITOS CONTRA LOS VALORES SOCIALES SUPRAESTATALES<br \/>\nDELITOS RELATIVOS A LA ORDENACI\u00d3N DEL TERRITORIO Y EL URBANISMO, Y LA PROTECCI\u00d3N DEL PATRIMONIO HIST\u00d3RICO Y DEL MEDIO AMBIENTE<br \/>\nCap\u00edtulo XXV. Delitos relativos a la ordenaci\u00f3n del territorio y el urbanismo. Delitos relativos a la protecci\u00f3n del patrimonio hist\u00f3rico&#8230;&#8230;&#8230;&#8230;&#8230;&#8230;&#8230;&#8230;&#8230;&#8230;&#8230;.. 573<br \/>\nCap\u00edtulo XXVI. La protecci\u00f3n penal del medio ambiente: A) Delitos contra los recursos naturales y el medio ambiente. B) Delitos relativos a la protecci\u00f3n de la flora, fauna y animales dom\u00e9sticos. Disposiciones comunes al T\u00edtulo XVI&#8230;&#8230; 589<br \/>\nDELITOS CONTRA LA SEGURIDAD COLECTIVA<br \/>\nCap\u00edtulo XXVII. A) Delitos de riesgo catastr\u00f3fico: Delitos relativos a la energ\u00eda nuclear y a las radiaciones ionizantes. Estragos. Otros delitos de riesgo. B) Incendios&#8230;&#8230;&#8230;&#8230;&#8230;&#8230;&#8230;&#8230;&#8230;&#8230;&#8230;&#8230;&#8230;&#8230;&#8230;&#8230;&#8230;&#8230; 617<br \/>\nCap\u00edtulo XXVIII. C) Delitos contra la salud p\u00fablica. Delitos sobre materias cuya ingesti\u00f3n o uso produce da\u00f1os en la salud: 1) Sustancias nocivas para la salud o productos qu\u00edmicos que pueden causar estragos. Excurso I: Provocaci\u00f3n al consumo de productos peligrosos a trav\u00e9s de internet y otros medios de comunicaci\u00f3n. 2) Medicamentos y productos sanitarios. Excurso II: El delito de dopaje. 3) Bebidas, comestibles y g\u00e9neros corrompidos&#8230;&#8230;&#8230;&#8230;&#8230;.. 647<br \/>\nCap\u00edtulo XXIX. Delitos contra la salud p\u00fablica (continuaci\u00f3n). El delito de tr\u00e1fico de drogas&#8230;&#8230;&#8230;&#8230;&#8230;&#8230;&#8230;&#8230;&#8230; 669<br \/>\n18<br \/>\nCap\u00edtulo XXX. D) Delitos contra la seguridad vial. Delitos contra la seguridad vial que consisten en conducir. Delitos contra la seguridad vial que no consisten en conducir. Disposici\u00f3n general&#8230;. 687<br \/>\nDELITOS CONTRA LA FE P\u00daBLICA<br \/>\nCap\u00edtulo XXXI. El bien jur\u00eddico protegido en el T\u00edtulo XVIII. Falsificaci\u00f3n de moneda. Falsificaci\u00f3n de sellos de correos y efectos timbrados. Falsificaci\u00f3n documental. Falsificaci\u00f3n de certificados. Falsificaci\u00f3n de tarjetas de cr\u00e9dito y d\u00e9bito y cheques de viaje. Disposiciones comunes. Excurso: Las llamadas \u00abfalsedades personales\u00bb: usurpaci\u00f3n de funciones p\u00fablicas, uso indebido de traje o insignia e intrusismo&#8230;&#8230;&#8230;&#8230;&#8230; 713<br \/>\nSECCI\u00d3N SEGUNDA<br \/>\nDELITOS CONTRA EL ESTADO<br \/>\nDELITOS CONTRA LA COMUNIDAD INTERNACIONAL<br \/>\nCap\u00edtulo XXXII. Delitos contra el Derecho de Gentes. Genocidio. Delitos de lesa humanidad. Delitos contra las personas y bienes protegidos en caso de conflicto armado. Disposiciones comunes. Pirater\u00eda&#8230;&#8230;&#8230;&#8230;&#8230;&#8230;&#8230;&#8230;&#8230;&#8230;&#8230;&#8230;&#8230;&#8230;&#8230;&#8230;&#8230;&#8230;&#8230;&#8230;. 753<br \/>\nCap\u00edtulo XXXIII. Traici\u00f3n. Delitos que comprometen la paz o la independencia del Estado. Delitos relativos a la defensa nacional. Disposici\u00f3n com\u00fan a todos los delitos del T\u00edtulo XXIII&#8230;&#8230;&#8230;&#8230;&#8230;&#8230;.. 765<br \/>\nDELITOS CONTRA LA CONSTITUCI\u00d3N<br \/>\nCap\u00edtulo XXXIV. A) Rebeli\u00f3n. Delitos contra la Corona. Delitos contra las Instituciones del Estado. Delitos contra la divisi\u00f3n de poderes&#8230;&#8230;&#8230;&#8230;&#8230;&#8230;&#8230;&#8230;&#8230; 779<br \/>\n19<br \/>\nCap\u00edtulo XXXV. B) Delitos relativos al ejercicio de los derechos fundamentales y libertades p\u00fablicas: 1) Delitos cometidos con ocasi\u00f3n del ejercicio de los derechos fundamentales y de las libertades p\u00fablicas garantizados por la Constituci\u00f3n: Delitos de discriminaci\u00f3n. Reuniones o manifestaciones il\u00edcitas. Asociaciones il\u00edcitas. 2) Delitos contra la libertad de conciencia, los sentimientos religiosos y el respeto a los difuntos&#8230;&#8230;&#8230;&#8230;&#8230;&#8230;&#8230;&#8230;&#8230;&#8230;&#8230;&#8230;&#8230;&#8230;&#8230;&#8230;&#8230;&#8230;&#8230;&#8230;.. 801<br \/>\nCap\u00edtulo XXXVI. C) Delitos cometidos por los funcionarios p\u00fablicos contra las garant\u00edas constitucionales: Delitos contra el libre ejercicio de derechos c\u00edvicos. Obstaculizaci\u00f3n del derecho a la asistencia de abogado. Delitos contra las libertades de expresi\u00f3n, reuni\u00f3n y asociaci\u00f3n. Expropiaci\u00f3n ilegal. Delitos cometidos contra la libertad individual. Delitos contra la inviolabilidad domiciliaria y dem\u00e1s garant\u00edas de la intimidad. Excurso I: Ultrajes a Espa\u00f1a. Excurso II: Delitos electorales&#8230;&#8230;&#8230;&#8230;&#8230;&#8230;&#8230;&#8230;.. 827<br \/>\nDELITOS CONTRA EL ORDEN P\u00daBLICO<br \/>\nCap\u00edtulo XXXVII. Sedici\u00f3n. Atentado y resistencia grave. Resistencia y desobediencia grave. Des\u00f3rdenes p\u00fablicos. Disposici\u00f3n com\u00fan&#8230;&#8230;&#8230;&#8230;&#8230;&#8230;&#8230;&#8230;&#8230; 849<br \/>\nCap\u00edtulo XXXVIII. Tenencia, tr\u00e1fico y dep\u00f3sito de armas, municiones o explosivos. Organizaciones y grupos criminales. Organizaciones y grupos terroristas. Delitos de terrorismo. Disposiciones comunes al Cap\u00edtulo VII&#8230;&#8230;&#8230;&#8230;&#8230;&#8230;&#8230;&#8230;&#8230;&#8230;&#8230;.. 875<br \/>\nDELITOS CONTRA LA ADMINISTRACI\u00d3N DE JUSTICIA<br \/>\nCap\u00edtulo XXXIX. Prevaricaci\u00f3n judicial. Acusaci\u00f3n y denuncia falsas. Simulaci\u00f3n de delito. Falso testimonio. Obstrucci\u00f3n a la Justicia y deslealtad profesional&#8230;&#8230;&#8230;&#8230;&#8230;&#8230;&#8230;&#8230;&#8230;&#8230;&#8230;&#8230;&#8230;&#8230;&#8230;&#8230;&#8230;&#8230;&#8230;&#8230;&#8230;&#8230;&#8230;. 913<br \/>\n20<br \/>\nCap\u00edtulo XL. Omisi\u00f3n del deber de impedir determinados delitos o de promover su persecuci\u00f3n. Encubrimiento. Realizaci\u00f3n arbitraria del propio derecho. Quebrantamiento de condena. Delitos contra la Administraci\u00f3n de Justicia de la Corte Penal Internacional&#8230;&#8230;&#8230;&#8230;&#8230;&#8230;&#8230;&#8230;&#8230;&#8230;.. 939<br \/>\nDELITOS CONTRA LA ADMINISTRACI\u00d3N P\u00daBLICA<br \/>\nCap\u00edtulo XLI. Cuestiones previas. Prevaricaci\u00f3n y otros comportamientos injustos. Abandono de destino y omisi\u00f3n del deber de perseguir determinados delitos. Desobediencia y denegaci\u00f3n de auxilio. Infidelidad en la custodia de documentos. Violaci\u00f3n de secretos y uso indebido de informaci\u00f3n privilegiada. Ataques a la libertad sexual&#8230;&#8230;&#8230;&#8230;&#8230;&#8230;&#8230;&#8230;&#8230;&#8230;&#8230;&#8230;&#8230;&#8230;&#8230;&#8230;&#8230;&#8230;&#8230;&#8230;&#8230;.. 953<br \/>\nCap\u00edtulo XLII. Cohecho. Tr\u00e1fico de influencias. Malversaci\u00f3n del patrimonio p\u00fablico. Fraudes y exacciones ilegales. Negociaciones prohibidas a los funcionarios&#8230;&#8230;&#8230;&#8230;&#8230;&#8230;&#8230;&#8230;&#8230;&#8230;&#8230;&#8230;&#8230;&#8230;&#8230;&#8230;&#8230;&#8230;&#8230;&#8230; 985<br \/>\nDELITOS CONTRA EL ORDEN P\u00daBLICO ECON\u00d3MICO<br \/>\nCap\u00edtulo XLIII. Delitos contra la Hacienda P\u00fablica. Delitos contra la Seguridad Social. Disposiciones comunes al T\u00edtulo XIV. Excurso: Delitos de contrabando&#8230;&#8230;&#8230;&#8230;&#8230;&#8230;&#8230;&#8230;&#8230;&#8230;&#8230;&#8230;&#8230;&#8230;&#8230;&#8230;&#8230;&#8230; 1017<\/p>\n","protected":false},"excerpt":{"rendered":"<h5 style=\"text-align: center;\"><span style=\"color: #ff6600;\">( LIBRO ESPA\u00d1OL HAZ TU RESERVA)<\/span><\/h5>\n","protected":false},"featured_media":4352,"comment_status":"open","ping_status":"closed","template":"","meta":{"inline_featured_image":false,"_joinchat":[]},"product_brand":[],"product_cat":[30],"product_tag":[],"class_list":{"0":"post-4322","1":"product","2":"type-product","3":"status-publish","4":"has-post-thumbnail","6":"product_cat-penal","7":"product_shipping_class-a-convenir","9":"first","10":"instock","11":"shipping-taxable","12":"purchasable","13":"product-type-simple"},"_links":{"self":[{"href":"https:\/\/bibliotecajuridicavirtual.cl\/index.php\/wp-json\/wp\/v2\/product\/4322","targetHints":{"allow":["GET"]}}],"collection":[{"href":"https:\/\/bibliotecajuridicavirtual.cl\/index.php\/wp-json\/wp\/v2\/product"}],"about":[{"href":"https:\/\/bibliotecajuridicavirtual.cl\/index.php\/wp-json\/wp\/v2\/types\/product"}],"replies":[{"embeddable":true,"href":"https:\/\/bibliotecajuridicavirtual.cl\/index.php\/wp-json\/wp\/v2\/comments?post=4322"}],"wp:featuredmedia":[{"embeddable":true,"href":"https:\/\/bibliotecajuridicavirtual.cl\/index.php\/wp-json\/wp\/v2\/media\/4352"}],"wp:attachment":[{"href":"https:\/\/bibliotecajuridicavirtual.cl\/index.php\/wp-json\/wp\/v2\/media?parent=4322"}],"wp:term":[{"taxonomy":"product_brand","embeddable":true,"href":"https:\/\/bibliotecajuridicavirtual.cl\/index.php\/wp-json\/wp\/v2\/product_brand?post=4322"},{"taxonomy":"product_cat","embeddable":true,"href":"https:\/\/bibliotecajuridicavirtual.cl\/index.php\/wp-json\/wp\/v2\/product_cat?post=4322"},{"taxonomy":"product_tag","embeddable":true,"href":"https:\/\/bibliotecajuridicavirtual.cl\/index.php\/wp-json\/wp\/v2\/product_tag?post=4322"}],"curies":[{"name":"wp","href":"https:\/\/api.w.org\/{rel}","templated":true}]}}