{"id":4323,"date":"2026-02-28T01:24:49","date_gmt":"2026-02-28T04:24:49","guid":{"rendered":"https:\/\/bibliotecajuridicavirtual.cl\/?post_type=product&#038;p=4323"},"modified":"2026-02-28T01:25:06","modified_gmt":"2026-02-28T04:25:06","slug":"teoria-general-del-delito-5a-edicion-ano-2022-272-pag-autor-francisco-munoz-conde","status":"publish","type":"product","link":"https:\/\/bibliotecajuridicavirtual.cl\/index.php\/product\/teoria-general-del-delito-5a-edicion-ano-2022-272-pag-autor-francisco-munoz-conde\/","title":{"rendered":"Teor\u00eda General del Delito 5\u00aa Edici\u00f3n. A\u00f1o 2022\/ 272 P\u00e1g. Autor Francisco Mu\u00f1oz Conde"},"content":{"rendered":"<p>TEOR\u00cdA GENERAL DEL DELITO 5\u00aa EDICI\u00d3N<\/p>\n<p>5\u00aa edici\u00f3n, revisada y actualizada con la colaboraci\u00f3n de Pastora Garc\u00eda \u00c1lvarez<\/p>\n<pre>\u00cdndice\r\nPr\u00f3logo a la 5\u00aa edici\u00f3n\t\t7\r\nAbreviaturas\t\t9\r\nCAP\u00cdTULO I\r\nEl concepto de delito\r\n1.\tEl concepto de delito\t\t17\r\n2.\tElementos y estructura del concepto de delito\t\t19\r\n3.\tClasificaci\u00f3n de los delitos\t\t21\r\n4.\tLa Teor\u00eda General del Delito como teor\u00eda de la imputaci\u00f3n penal\t\t23\r\nCAP\u00cdTULO II\r\nTeor\u00eda de la acci\u00f3n\r\n1.\tEl comportamiento humano como base de la Teor\u00eda del Delito\t\t27\r\n2.\tFormas de comportamiento humano penalmente relevantes\t\t28\r\n3.\tEl concepto de acci\u00f3n\t\t29\r\n4.\tAusencia de acci\u00f3n\t\t33\r\n5.\tLos sujetos de la acci\u00f3n\t\t36\r\nCAP\u00cdTULO III\r\nAcci\u00f3n y resultado\r\n1.\tacci\u00f3n y resultado\t\t37\r\n2.\tRelaci\u00f3n de causalidad e imputaci\u00f3n del resultado\t\t38\r\n3.\tLa teor\u00eda de la imputaci\u00f3n objetiva. \u00c1mbito de aplicaci\u00f3n y l\u00edmites\t\t42\r\nCAP\u00cdTULO IV\r\nLa omisi\u00f3n\r\n1.\tEstructura ontol\u00f3gica de la omisi\u00f3n\t\t45\r\n2.\tLa acci\u00f3n esperada\t\t46\r\n3.\tClases de omisi\u00f3n penalmente relevantes\t\t48\r\n4.\tLa omisi\u00f3n propia\t\t49\r\n5.\tLa omisi\u00f3n impropia o comisi\u00f3n por omisi\u00f3n\t\t50\r\nCAP\u00cdTULO V\r\nTipicidad\r\n1.\tTipicidad y tipo\t\t57\r\n2.\tTipo y antijuricidad: tipo de injusto\t\t58\r\n3.\tTipo y adecuaci\u00f3n social\t\t60\r\n4.\tEstructura, composici\u00f3n y clasificaci\u00f3n de los tipos penales\t\t61\r\nA)\tConfiguraci\u00f3n y redacci\u00f3n de los tipos penales\t\t61\r\nB)\tEstructura y clasificaci\u00f3n de los tipos penales\t\t65\r\nCAP\u00cdTULO VI\r\nEl dolo\r\n1.\tTipo subjetivo del delito: dolo e imprudencia\t\t71\r\n2.\tEl dolo\t\t73\r\nA)\tElementos\t\t73\r\nB)\tClases\t\t76\r\n3.\tError de tipo\t\t82\r\nCasos problem\u00e1ticos\t\t84\r\n4.\tOtros elementos subjetivos del tipo de injusto\t\t86\r\nCAP\u00cdTULO VII\r\nLa imprudencia\r\n1.\tTipo de injusto del delito imprudente\t\t89\r\n2.\tLa conducta t\u00edpica: la lesi\u00f3n del deber de cuidado\t\t92\r\n3.\tEl resultado\t\t94\r\n4.\tLa regulaci\u00f3n de la imprudencia en el C\u00f3digo penal\t\t95\r\n5.\tLa exclusi\u00f3n de la responsabilidad objetiva: el caso fortuito y el riesgo permitido\t\t97\r\nCAP\u00cdTULO VIII\r\nAntijuricidad\r\n1.\tAntijuricidad e injusto: precisiones terminol\u00f3gicas\t\t102\r\n2.\tAntijuricidad formal y antijuricidad material\t\t102\r\n3.\tLos conceptos de lesi\u00f3n y peligro: los delitos de peligro y la tendencia a la expansi\u00f3n del Derecho penal\t\t103\r\n4.\tDesvalor de acci\u00f3n y desvalor de resultado\t\t106\r\nCAP\u00cdTULO IX\r\nCausas de justificaci\u00f3n\r\n1.\tCausas de justificaci\u00f3n. Naturaleza y efectos\t\t109\r\n2.\tSistem\u00e1tica\t\t112\r\n3.\tElementos objetivos y subjetivos de justificaci\u00f3n\t\t112\r\n4.\tJustificaci\u00f3n incompleta y atenuaci\u00f3n de la pena\t\t114\r\n5.\tEl error en las causas de justificaci\u00f3n\t\t116\r\nCAP\u00cdTULO X\r\nCausas de justificaci\u00f3n en particular\r\n1.\tLa leg\u00edtima defensa\t\t121\r\nA)\tFundamento y naturaleza\t\t121\r\nB)\tRequisitos\t\t122\r\nExcurso: Los mecanismos autom\u00e1ticos de autoprotecci\u00f3n\t\t127\r\n2.\tEl estado de necesidad\t\t129\r\nA)\tPresupuestos\t\t129\r\nB)\tRequisitos\t\t131\r\nCAP\u00cdTULO XI\r\nOtras causas de justificaci\u00f3n\r\n1.\tEl actuar en cumplimiento de un deber o en el ejercicio leg\u00edtimo de un derecho, oficio o cargo\t\t135\r\n2.\tEl consentimiento\t\t142\r\nCAP\u00cdTULO XII\r\nCulpabilidad\r\n1.\tLa culpabilidad\t\t147\r\n2.\tLas insuficiencias del concepto tradicional de culpabilidad\t\t149\r\n3.\tEl concepto dial\u00e9ctico de culpabilidad: culpabilidad y prevenci\u00f3n general\t\t151\r\n4.\tConcepto material de culpabilidad: la culpabilidad como teor\u00eda del sujeto responsable\t\t153\r\n5.\tElementos de la culpabilidad\t\t155\r\nCAP\u00cdTULO XIII\r\nCulpabilidad (cont.): imputabilidad o capacidad de culpabilidad\r\n1.\tLa imputabilidad o capacidad de culpabilidad\t\t157\r\n2.\tCausas de exclusi\u00f3n de la capacidad de culpabilidad (causas de inimputabilidad)\t\t159\r\n3.\tLa minor\u00eda de edad: la relativa imputabilidad del menor de dieciocho a\u00f1os y mayor de catorce\t\t160\r\n4.\tLa alteraci\u00f3n en la percepci\u00f3n\t\t162\r\n5.\tLas alteraciones ps\u00edquicas y los estados de intoxicaci\u00f3n\t\t163\r\nA)\tEl efecto psicol\u00f3gico\t\t164\r\nB)\tLos presupuestos del efecto psicol\u00f3gico. Su relaci\u00f3n con la nosolog\u00eda psiqui\u00e1trica\t\t166\r\nC)\tLas consecuencias jur\u00eddicas\t\t170\r\n6.\tLa \u00abactio libera in causa\u00bb\t\t172\r\nCAP\u00cdTULO XIV\r\nCulpabilidad (cont.): conocimiento de la antijuricidad y exigibilidad de otra conducta\r\n1.\tEl conocimiento de la antijuricidad\t\t175\r\n2.\tError de prohibici\u00f3n\t\t177\r\n3.\tLa exigibilidad de otra conducta\t\t181\r\n4.\tEl llamado estado de necesidad disculpante\t\t182\r\n5.\tMiedo insuperable\t\t183\r\n6.\tEl encubrimiento entre parientes\t\t184\r\n7.\tDelincuencia por convicci\u00f3n o por conciencia\t\t185\r\nCAP\u00cdTULO XV\r\nPenalidad\r\n1.\tOtros presupuestos de la pena: la penalidad\t\t189\r\n2.\tCondiciones objetivas de penalidad y procedibilidad\t\t190\r\n3.\tExcusas absolutorias\t\t191\r\n4.\tCausas de extinci\u00f3n de la responsabilidad criminal\t\t192\r\nA)\tEl indulto\t\t193\r\nB)\tLa prescripci\u00f3n\t\t193\r\nC)\tEl perd\u00f3n del ofendido\t\t194\r\nCAP\u00cdTULO XVI\r\nConsumaci\u00f3n y tentativa\r\n1.\tConsumaci\u00f3n formal y material\t\t198\r\n2.\tTentativa\t\t199\r\n3.\tFundamento del castigo de la tentativa\t\t200\r\n4.\tLa delimitaci\u00f3n entre actos preparatorios y actos ejecutivos\t\t202\r\n5.\tLa distinci\u00f3n entre tentativa acabada e inacabada\t\t205\r\n6.\tLa llamada tentativa inid\u00f3nea\t\t206\r\n7.\tEl dolo en la tentativa\t\t209\r\n8.\tEl desistimiento voluntario de consumar el delito\t\t210\r\n9.\tCasos especiales de tentativa\t\t213\r\nCAP\u00cdTULO XVII\r\nAutor\u00eda y participaci\u00f3n\r\n1.\tAutor\u00eda\t\t216\r\nA)\tDiferencias entre autor\u00eda y participaci\u00f3n\t\t217\r\nB)\tClases de autor\u00eda\t\t219\r\n2.\tParticipaci\u00f3n\t\t224\r\nA)\tFormas de participaci\u00f3n\t\t227\r\nB)\tProblemas especiales de participaci\u00f3n: la participaci\u00f3n en los delitos especiales\t\t234\r\nC)\tFormas de participaci\u00f3n intentada\t\t235\r\n3.\tProblemas de determinaci\u00f3n de la autor\u00eda en el \u00e1mbito de la delincuencia organizada y econ\u00f3mica empresarial\t\t237\r\nA)\tLa imputaci\u00f3n de la autor\u00eda en el marco de la criminalidad organizada de car\u00e1cter estatal o paraestatal: la teor\u00eda de Claus Roxin\t\t238\r\nB)\tLa imputaci\u00f3n de la autor\u00eda en el marco de las organizaciones criminales de car\u00e1cter no estatal: el terrorismo contra el Estado, Mafias y otras formas de criminalidad organizada\t\t239\r\nC)\tLa imputaci\u00f3n de la autor\u00eda en el marco de organizaciones de car\u00e1cter empresarial\t\t241\r\n4.\tLa autor\u00eda en los casos de actuaci\u00f3n en nombre de otro\t\t242\r\n5.\tLa autor\u00eda en los delitos cometidos por procedimientos que faciliten la publicidad\t\t243\r\nCAP\u00cdTULO XVIII\r\nConcurso de delitos y de leyes\r\n1.\tUnidad y pluralidad de delitos (concurso de delitos)\t\t245\r\n2.\tUnidad de acci\u00f3n y de delito\t\t246\r\n3.\tUnidad de acci\u00f3n y pluralidad de delitos (el llamado concurso ideal)\t\t248\r\n4.\tPluralidad de acciones y de delitos (el llamado concurso real)\t\t251\r\n5.\tPluralidad de acciones y unidad de delito: delito continuado y delito masa\t\t252\r\n6.\tConcurso de leyes\t\t254\r\nDiccionario terminol\u00f3gico\t\t259<\/pre>\n","protected":false},"excerpt":{"rendered":"<h5 style=\"text-align: center;\"><span style=\"color: #ff6600;\">( LIBRO ESPA\u00d1OL HAZ TU RESERVA)<\/span><\/h5>\n","protected":false},"featured_media":4353,"comment_status":"open","ping_status":"closed","template":"","meta":{"inline_featured_image":false,"_joinchat":[]},"product_brand":[],"product_cat":[30],"product_tag":[],"class_list":{"0":"post-4323","1":"product","2":"type-product","3":"status-publish","4":"has-post-thumbnail","6":"product_cat-penal","7":"product_shipping_class-a-convenir","9":"first","10":"instock","11":"shipping-taxable","12":"purchasable","13":"product-type-simple"},"_links":{"self":[{"href":"https:\/\/bibliotecajuridicavirtual.cl\/index.php\/wp-json\/wp\/v2\/product\/4323","targetHints":{"allow":["GET"]}}],"collection":[{"href":"https:\/\/bibliotecajuridicavirtual.cl\/index.php\/wp-json\/wp\/v2\/product"}],"about":[{"href":"https:\/\/bibliotecajuridicavirtual.cl\/index.php\/wp-json\/wp\/v2\/types\/product"}],"replies":[{"embeddable":true,"href":"https:\/\/bibliotecajuridicavirtual.cl\/index.php\/wp-json\/wp\/v2\/comments?post=4323"}],"wp:featuredmedia":[{"embeddable":true,"href":"https:\/\/bibliotecajuridicavirtual.cl\/index.php\/wp-json\/wp\/v2\/media\/4353"}],"wp:attachment":[{"href":"https:\/\/bibliotecajuridicavirtual.cl\/index.php\/wp-json\/wp\/v2\/media?parent=4323"}],"wp:term":[{"taxonomy":"product_brand","embeddable":true,"href":"https:\/\/bibliotecajuridicavirtual.cl\/index.php\/wp-json\/wp\/v2\/product_brand?post=4323"},{"taxonomy":"product_cat","embeddable":true,"href":"https:\/\/bibliotecajuridicavirtual.cl\/index.php\/wp-json\/wp\/v2\/product_cat?post=4323"},{"taxonomy":"product_tag","embeddable":true,"href":"https:\/\/bibliotecajuridicavirtual.cl\/index.php\/wp-json\/wp\/v2\/product_tag?post=4323"}],"curies":[{"name":"wp","href":"https:\/\/api.w.org\/{rel}","templated":true}]}}