{"id":4358,"date":"2026-02-28T01:25:10","date_gmt":"2026-02-28T04:25:10","guid":{"rendered":"https:\/\/bibliotecajuridicavirtual.cl\/?post_type=product&#038;p=4358"},"modified":"2026-02-28T01:25:14","modified_gmt":"2026-02-28T04:25:14","slug":"estudios-de-derecho-de-contratos-en-homenaje-a-antonio-manuel-morales-moreno-empastado-ano-2018-972-pag-autor-alvaro-vidal-olivares","status":"publish","type":"product","link":"https:\/\/bibliotecajuridicavirtual.cl\/index.php\/product\/estudios-de-derecho-de-contratos-en-homenaje-a-antonio-manuel-morales-moreno-empastado-ano-2018-972-pag-autor-alvaro-vidal-olivares\/","title":{"rendered":"Estudios de Derecho de Contratos- En Homenaje a Antonio Manuel Morales Moreno.  ( Empastado). A\u00f1o 2018\/972 P\u00e1g. Autor \u00c1lvaro Vidal Olivares"},"content":{"rendered":"<p>El libro \u201cEstudios de derecho de contratos en Homenaje al profesor Antonio Manuel Morales Moreno\u201d posee una estructura y contenidos que ofrecen al lector un recorrido por el derecho de contratos, desde la fase de formaci\u00f3n, su validez, contenido, cumplimiento e incumplimiento, hasta llegar a los remedios particulares de que dispone el acreedor. Es una obra que cuenta con la participaci\u00f3n de diversos autores, de distintas universidades chilenas y extranjeras y que ofrece una mirada coherente y sistem\u00e1tica del moderno derecho de contratos<\/p>\n<p><strong>PRIMERA PARTE<br \/>\nFORMACI\u00d3N, CONTENIDO E INTERPRETACI\u00d3N DEL CONTRATO<\/strong><\/p>\n<p>Formaci\u00f3n del contrato bajo los Principios latinoamericanos de derecho de los contratos<br \/>\n<em>Rodrigo Momberg Uribe<br \/>\nPontificia Universidad Cat\u00f3lica de Valpara\u00edso<\/em><\/p>\n<p>La ruptura de las tratativas Preliminares como una justificada excepci\u00f3n al Principio de libertad contractual y un Particular supuesto de indemnizaci\u00f3n Precontractual<br \/>\n<em>Patricia Ver\u00f3nica L\u00f3pez D\u00edaz<br \/>\nUniversidad de Valpara\u00edso<\/em><\/p>\n<p>Sobre la naturaleza de la estipulaci\u00f3n a favor de otro. derecho comparado y chileno<br \/>\n<em>Daniel Pe\u00f1ailillo Ar\u00e9valo<br \/>\nUniversidad de Concepci\u00f3n<\/em><\/p>\n<p>Voluntad individual y reciprocidad de la relaci\u00f3n contractual. reflexiones a prop\u00f3sito del error<br \/>\n<em>Enrique Barros Bourie<br \/>\nUniversidad de Chile<\/em><\/p>\n<p>La distribuci\u00f3n del riesgo de las equivocaciones a trav\u00e9s de la disciplina del error<br \/>\n<em>I\u00f1igo De la Maza Gazmuri<br \/>\nUniversidad Diego Portales<\/em><\/p>\n<p>El dolo Vicio del consentimiento: Viejas y nuevas consideraciones<br \/>\n<em>Pamela Prado L\u00f3pez<br \/>\nUniversidad de Valpara\u00edso<\/em><\/p>\n<p>De nuevo sobre la causa<br \/>\n<em>Alejandro Guzm\u00e1n Brito<br \/>\nPontificia Universidad Cat\u00f3lica de Valpara\u00edso<\/em><\/p>\n<p>El objeto del contrato. comentarios relativos al contenido de la Prestaci\u00f3n en el contrato de construcci\u00f3n<br \/>\n<em>Mar\u00eda Sara Rodr\u00edguez Pinto<br \/>\nUniversidad de Los Andes<\/em><\/p>\n<p>La Venta con sobreprecio de Viviendas de Protecci\u00f3n oficial en Espa\u00f1a: una ecuaci\u00f3n irresoluble<br \/>\n<em>Luis Miguel L\u00f3pez Fern\u00e1ndez<br \/>\nUniversidad Aut\u00f3noma de Madrid<\/em><\/p>\n<p>La Presunci\u00f3n de solidaridad en el \u201cmoderno derecho de contratos\u201d<br \/>\n<em>Hern\u00e1n Corral Talciani<br \/>\nUniversidad de Los Andes<\/em><\/p>\n<p>La representaci\u00f3n en los Principios latinoamericanos de derecho de los contratos. an\u00e1lisis y propuestas de mejora<br \/>\n<em>Beatriz Gregoraci<br \/>\nUniversidad Aut\u00f3noma de Madrid<\/em><\/p>\n<p>La anulaci\u00f3n (o rescisi\u00f3n) del contrato y los PDLC<br \/>\n<em>Carmen Jerez Delgado<br \/>\nUniversidad Aut\u00f3noma de Madrid<\/em><\/p>\n<p>El r\u00e9gimen jur\u00eddico de la nulidad de las cl\u00e1usulas abusivas en la ley n\u00ba 19.496<br \/>\n<em>Jorge Barahona Gonz\u00e1lez<br \/>\nUniversidad de los Andes<\/em><\/p>\n<p>Las reglas sobre interpretaci\u00f3n de los contratos en los c\u00f3digos civiles de Chile y Espa\u00f1a<br \/>\n<em>Fabi\u00e1n Elorriaga De Bonis<br \/>\nUniversidad Adolfo Ib\u00e1\u00f1ez<\/em><\/p>\n<p><strong>SEGUNDA PARTE<br \/>\nEJECUCI\u00d3N, INCUMPLIMIENTO Y REMEDIOS<\/strong><\/p>\n<p>La noci\u00f3n de incumplimiento. una mirada unitaria de la idea de la Vinculaci\u00f3n contractual \u201cgarant\u00eda\u201d<br \/>\n<em>\u00c1lvaro Vidal Olivares<br \/>\nPontificia Universidad Cat\u00f3lica de Valpara\u00edso<\/em><\/p>\n<p>Vicios redhibitorios y la teor\u00eda del incumplimiento del contrato en sentido amplio<br \/>\n<em>Jorge Oviedo Alb\u00e1n<br \/>\nUniversidad de La Sabana<\/em><\/p>\n<p>Efectos respecto de los remedios a disposici\u00f3n del acreedor por su Falta de cooperaci\u00f3n en el cumplimiento del contrato: una Visi\u00f3n desde el moderno derecho de obligaciones y contratos<br \/>\n<em>William David Hern\u00e1ndez Mart\u00ednez<br \/>\nUniversidad Sergio Arboleda (Colombia)<\/em><\/p>\n<p>El incumplimiento y los remedios en los contratos de consumo<br \/>\n<em>Francisca Mar\u00eda Barrientos Camus<br \/>\nUniversidad Diego Portales<\/em><\/p>\n<p>El cumplimiento espec\u00edfico como derecho del acreedor en la tradici\u00f3n jur\u00eddica continental. una aproximaci\u00f3n hist\u00f3rica<br \/>\n<em>Gonzalo Severin Fuster Pontificia<br \/>\nUniversidad Cat\u00f3lica de Valpara\u00edso<\/em><\/p>\n<p>La pretensi\u00f3n de cumplimiento espec\u00edfico, los l\u00edmites Para el acreedor y la indemnizaci\u00f3n de da\u00f1os moratorios en el derecho uruguayo<br \/>\n<em>Andr\u00e9s Mari\u00f1o L\u00f3pez<br \/>\nUniversidad de La Rep\u00fablica (Uruguay)<\/em><\/p>\n<p>El Procedimiento de ejecuci\u00f3n Forzada de las obligaciones y la aestimatiorei<br \/>\n<em>Claudia Bahamondes Oyarz\u00fan<br \/>\nUniversidad Diego Portales<\/em><\/p>\n<p>La delimitaci\u00f3n de la responsabilidad contractual y la aquiliana y su incidencia en la reparaci\u00f3n del da\u00f1o moral<br \/>\n<em>Cristi\u00e1n Aedo Barrena<br \/>\nUniversidad Cat\u00f3lica del Norte<\/em><\/p>\n<p>La responsabilidad y la exoneraci\u00f3n del Prestador en el contrato de servicios<br \/>\n<em>Mar\u00eda Graciela Brantt Zumar\u00e1n<br \/>\nPontificia Universidad Cat\u00f3lica de Valpara\u00edso<\/em><\/p>\n<p>La carga de evitar o mitigar el da\u00f1o: antecedentes hist\u00f3ricos y justificaci\u00f3n<br \/>\n<em>Lilian C. San Mart\u00edn Neira<br \/>\nUniversidad Alberto Hurtado<\/em><\/p>\n<p>Alcance de la indemnizaci\u00f3n de Perjuicios en los PLDC, atendiendo a la conducta del acreedor &#8211; contribuci\u00f3n a los Perjuicios y mitigaci\u00f3n de los mismos. an\u00e1lisis comparativo con otras Propuestas y textos legales<br \/>\n<em>Pilar Benavente Moreda<br \/>\nUniversidad Aut\u00f3noma de Madrid<\/em><\/p>\n<p>La resoluci\u00f3n Por incumplimiento. una mirada desde el sinalagma Funcional<br \/>\n<em>Claudia Carolina Mej\u00edas Alonzo<br \/>\nPontificia Universidad Cat\u00f3lica de Valpara\u00edso<\/p>\n<p><\/em>La indemnizaci\u00f3n de da\u00f1os que acompa\u00f1a la resoluci\u00f3n: algunos problemas dogm\u00e1ticos que apareja su ejercicio conjunto<br \/>\n<em>Juan Ignacio Contardo Gonzales<br \/>\nUniversidad Diego Portales<\/em><\/p>\n<p>La cl\u00e1usula resolutoria en el contrato de arrendamiento de predios urbanos<br \/>\n<em>Carlos Pizarro Wilson<br \/>\nUniversidad Diego Portales<\/em><\/p>\n<p>La suspensi\u00f3n de la propia prestaci\u00f3n (la excepci\u00f3n de contrato no cumplido)<br \/>\n<em>Jaime Alcalde Silva<br \/>\nPontifica Universidad Cat\u00f3lica de Valpara\u00edso<\/em><\/p>\n<p>Consideraciones cr\u00edticas sobre la reducci\u00f3n del precio<br \/>\n<em>Alfredo Ferrante<br \/>\nUniversidad Alberto Hurtado<\/em><\/p>\n<p>El cambio de circunstancias y sus efectos en el contrato: especial atenci\u00f3n a la propuesta de regulaci\u00f3n de los principios latinoamericanos de derecho de los contratos<br \/>\nLis Paula San Miguel Pradera<br \/>\nUniversidad Aut\u00f3noma de Madrid<\/p>\n<p>El contrato y los terceros (responsabilidad por interferencia)<br \/>\nCristi\u00e1n Banfi del R\u00edo<br \/>\nUniversidad de Chile<\/p>\n","protected":false},"excerpt":{"rendered":"<p>El libro \u201cEstudios de derecho de contratos en Homenaje al profesor Antonio Manuel Morales Moreno\u201d posee una estructura y contenidos que ofrecen al lector un recorrido por el derecho de contratos, desde la fase de formaci\u00f3n, su validez, contenido, cumplimiento e incumplimiento, hasta llegar a los remedios particulares de que dispone el acreedor. Es una obra que cuenta con la participaci\u00f3n de diversos autores, de distintas universidades chilenas y extranjeras y que ofrece una mirada coherente y sistem\u00e1tica del moderno derecho de contratos PRIMERA PARTE FORMACI\u00d3N, CONTENIDO E INTERPRETACI\u00d3N DEL CONTRATO Formaci\u00f3n del contrato bajo los Principios latinoamericanos de derecho de los contratos Rodrigo Momberg Uribe Pontificia Universidad Cat\u00f3lica de Valpara\u00edso La ruptura de las tratativas Preliminares como una justificada excepci\u00f3n al Principio de libertad contractual y un Particular supuesto de indemnizaci\u00f3n Precontractual Patricia Ver\u00f3nica L\u00f3pez D\u00edaz Universidad de Valpara\u00edso Sobre la naturaleza de la estipulaci\u00f3n a favor de otro. derecho comparado y chileno Daniel Pe\u00f1ailillo Ar\u00e9valo Universidad de Concepci\u00f3n Voluntad individual y reciprocidad de la relaci\u00f3n contractual. reflexiones a prop\u00f3sito del error Enrique Barros Bourie Universidad de Chile La distribuci\u00f3n del riesgo de las equivocaciones a trav\u00e9s de la disciplina del error I\u00f1igo De la Maza Gazmuri Universidad Diego Portales El dolo Vicio del consentimiento: Viejas y nuevas consideraciones Pamela Prado L\u00f3pez Universidad de Valpara\u00edso De nuevo sobre la causa Alejandro Guzm\u00e1n Brito Pontificia Universidad Cat\u00f3lica de Valpara\u00edso El objeto del contrato. comentarios relativos al contenido de la Prestaci\u00f3n en el contrato de construcci\u00f3n Mar\u00eda Sara Rodr\u00edguez Pinto Universidad de Los Andes La Venta con sobreprecio de Viviendas de Protecci\u00f3n oficial en Espa\u00f1a: una ecuaci\u00f3n irresoluble Luis Miguel L\u00f3pez Fern\u00e1ndez Universidad Aut\u00f3noma de Madrid La Presunci\u00f3n de solidaridad en el \u201cmoderno derecho de contratos\u201d Hern\u00e1n Corral Talciani Universidad de Los Andes La representaci\u00f3n en los Principios latinoamericanos de derecho de los contratos. an\u00e1lisis y propuestas de mejora Beatriz Gregoraci Universidad Aut\u00f3noma de Madrid La anulaci\u00f3n (o rescisi\u00f3n) del contrato y los PDLC Carmen Jerez Delgado Universidad Aut\u00f3noma de Madrid El r\u00e9gimen jur\u00eddico de la nulidad de las cl\u00e1usulas abusivas en la ley n\u00ba 19.496 Jorge Barahona Gonz\u00e1lez Universidad de los Andes Las reglas sobre interpretaci\u00f3n de los contratos en los c\u00f3digos civiles de Chile y Espa\u00f1a Fabi\u00e1n Elorriaga De Bonis Universidad Adolfo Ib\u00e1\u00f1ez SEGUNDA PARTE EJECUCI\u00d3N, INCUMPLIMIENTO Y REMEDIOS La noci\u00f3n de incumplimiento. una mirada unitaria de la idea de la Vinculaci\u00f3n contractual \u201cgarant\u00eda\u201d \u00c1lvaro Vidal Olivares Pontificia Universidad Cat\u00f3lica de Valpara\u00edso Vicios redhibitorios y la teor\u00eda del incumplimiento del contrato en sentido amplio Jorge Oviedo Alb\u00e1n Universidad de La Sabana Efectos respecto de los remedios a disposici\u00f3n del acreedor por su Falta de cooperaci\u00f3n en el cumplimiento del contrato: una Visi\u00f3n desde el moderno derecho de obligaciones y contratos William David Hern\u00e1ndez Mart\u00ednez Universidad Sergio Arboleda (Colombia) El incumplimiento y los remedios en los contratos de consumo Francisca Mar\u00eda Barrientos Camus Universidad Diego Portales El cumplimiento espec\u00edfico como derecho del acreedor en la tradici\u00f3n jur\u00eddica continental. una aproximaci\u00f3n hist\u00f3rica Gonzalo Severin Fuster Pontificia Universidad Cat\u00f3lica de Valpara\u00edso La pretensi\u00f3n de cumplimiento espec\u00edfico, los l\u00edmites Para el acreedor y la indemnizaci\u00f3n de da\u00f1os moratorios en el derecho uruguayo Andr\u00e9s Mari\u00f1o L\u00f3pez Universidad de La Rep\u00fablica (Uruguay) El Procedimiento de ejecuci\u00f3n Forzada de las obligaciones y la aestimatiorei Claudia Bahamondes Oyarz\u00fan Universidad Diego Portales La delimitaci\u00f3n de la responsabilidad contractual y la aquiliana y su incidencia en la reparaci\u00f3n del da\u00f1o moral Cristi\u00e1n Aedo Barrena Universidad Cat\u00f3lica del Norte La responsabilidad y la exoneraci\u00f3n del Prestador en el contrato de servicios Mar\u00eda Graciela Brantt Zumar\u00e1n Pontificia Universidad Cat\u00f3lica de Valpara\u00edso La carga de evitar o mitigar el da\u00f1o: antecedentes hist\u00f3ricos y justificaci\u00f3n Lilian C. San Mart\u00edn Neira Universidad Alberto Hurtado Alcance de la indemnizaci\u00f3n de Perjuicios en los PLDC, atendiendo a la conducta del acreedor &#8211; contribuci\u00f3n a los Perjuicios y mitigaci\u00f3n de los mismos. an\u00e1lisis comparativo con otras Propuestas y textos legales Pilar Benavente Moreda Universidad Aut\u00f3noma de Madrid La resoluci\u00f3n Por incumplimiento. una mirada desde el sinalagma Funcional Claudia Carolina Mej\u00edas Alonzo Pontificia Universidad Cat\u00f3lica de Valpara\u00edso La indemnizaci\u00f3n de da\u00f1os que acompa\u00f1a la resoluci\u00f3n: algunos problemas dogm\u00e1ticos que apareja su ejercicio conjunto Juan Ignacio Contardo Gonzales Universidad Diego Portales La cl\u00e1usula resolutoria en el contrato de arrendamiento de predios urbanos Carlos Pizarro Wilson Universidad Diego Portales La suspensi\u00f3n de la propia prestaci\u00f3n (la excepci\u00f3n de contrato no cumplido) Jaime Alcalde Silva Pontifica Universidad Cat\u00f3lica de Valpara\u00edso Consideraciones cr\u00edticas sobre la reducci\u00f3n del precio Alfredo Ferrante Universidad Alberto Hurtado El cambio de circunstancias y sus efectos en el contrato: especial atenci\u00f3n a la propuesta de regulaci\u00f3n de los principios latinoamericanos de derecho de los contratos Lis Paula San Miguel Pradera Universidad Aut\u00f3noma de Madrid El contrato y los terceros (responsabilidad por interferencia) Cristi\u00e1n Banfi del R\u00edo Universidad de Chile<\/p>\n","protected":false},"featured_media":4388,"comment_status":"open","ping_status":"closed","template":"","meta":{"inline_featured_image":false,"_joinchat":[]},"product_brand":[],"product_cat":[27,42],"product_tag":[],"class_list":{"0":"post-4358","1":"product","2":"type-product","3":"status-publish","4":"has-post-thumbnail","6":"product_cat-civil","7":"product_cat-thomson-reuters","8":"product_shipping_class-a-convenir","10":"first","11":"instock","12":"shipping-taxable","13":"purchasable","14":"product-type-simple"},"_links":{"self":[{"href":"https:\/\/bibliotecajuridicavirtual.cl\/index.php\/wp-json\/wp\/v2\/product\/4358","targetHints":{"allow":["GET"]}}],"collection":[{"href":"https:\/\/bibliotecajuridicavirtual.cl\/index.php\/wp-json\/wp\/v2\/product"}],"about":[{"href":"https:\/\/bibliotecajuridicavirtual.cl\/index.php\/wp-json\/wp\/v2\/types\/product"}],"replies":[{"embeddable":true,"href":"https:\/\/bibliotecajuridicavirtual.cl\/index.php\/wp-json\/wp\/v2\/comments?post=4358"}],"wp:featuredmedia":[{"embeddable":true,"href":"https:\/\/bibliotecajuridicavirtual.cl\/index.php\/wp-json\/wp\/v2\/media\/4388"}],"wp:attachment":[{"href":"https:\/\/bibliotecajuridicavirtual.cl\/index.php\/wp-json\/wp\/v2\/media?parent=4358"}],"wp:term":[{"taxonomy":"product_brand","embeddable":true,"href":"https:\/\/bibliotecajuridicavirtual.cl\/index.php\/wp-json\/wp\/v2\/product_brand?post=4358"},{"taxonomy":"product_cat","embeddable":true,"href":"https:\/\/bibliotecajuridicavirtual.cl\/index.php\/wp-json\/wp\/v2\/product_cat?post=4358"},{"taxonomy":"product_tag","embeddable":true,"href":"https:\/\/bibliotecajuridicavirtual.cl\/index.php\/wp-json\/wp\/v2\/product_tag?post=4358"}],"curies":[{"name":"wp","href":"https:\/\/api.w.org\/{rel}","templated":true}]}}