{"id":4364,"date":"2026-02-28T01:25:10","date_gmt":"2026-02-28T04:25:10","guid":{"rendered":"https:\/\/bibliotecajuridicavirtual.cl\/?post_type=product&#038;p=4364"},"modified":"2026-02-28T01:25:18","modified_gmt":"2026-02-28T04:25:18","slug":"contratos-parte-especial-renzo-munita-marambio-y-florencia-bancalari-chavez-ano-2023-963-pag","status":"publish","type":"product","link":"https:\/\/bibliotecajuridicavirtual.cl\/index.php\/product\/contratos-parte-especial-renzo-munita-marambio-y-florencia-bancalari-chavez-ano-2023-963-pag\/","title":{"rendered":"Contratos. Parte Especial. Renzo Munita Marambio y Florencia Bancalari Ch\u00e1vez * A\u00f1o 2023 &#8211; 963 P\u00e1g."},"content":{"rendered":"<p>Todo el Derecho<br \/>\nEsta obra tiene por objeto ofrecer a la comunidad acad\u00e9mica y profesional vinculada a las ciencias jur\u00eddicas, una herramienta que contribuya a sus quehaceres cotidianos relativos a lo que en la c\u00e1tedra llamamos &#8220;Contratos-Parte Especial&#8221;. Su vocaci\u00f3n se percibe a trav\u00e9s de las divisiones que hemos considerado para ella, a saber: contratos solemnes, consensuales, de garant\u00eda, reales, aleatorios, cesiones y relacionales, contemplando adem\u00e1s una aproximaci\u00f3n cr\u00edtica y de conjunto de lo conocido como &#8220;Parte General&#8221;. Consideramos que, a trav\u00e9s del tratamiento cient\u00edfico de cada uno de sus cap\u00edtulos, el lector podr\u00e1 revisar el an\u00e1lisis org\u00e1nico, positivo, y en lo posible jurisprudencial, de los contratos del C\u00f3digo Civil, as\u00ed como de algunos otros, e incluso de acuerdos, que, sin ser t\u00e9cnicamente contratos ?como la cesi\u00f3n de derechos? significan normalmente un elemento de la naturaleza del curso en el que incide su an\u00e1lisis enfocado precisamente en el estudio de las convenciones generadoras de derechos.<br \/>\n\u00cdndice<br \/>\nPresentaci\u00f3n\u00a0\u00a0 \u00a0\u00a0\u00a0 \u00a013<br \/>\nCAP\u00cdTULO PRELIMINAR<br \/>\nANTE LOS CONTRATOS TIPIFICADOS. UNA APRECIACI\u00d3N DEL CONJUNTO\u00a0\u00a0 \u00a0\u00a0\u00a0 \u00a015<br \/>\nDaniel Pe\u00f1ailillo Ar\u00e9valo<br \/>\nDE LOS CONTRATOS SOLEMNES<br \/>\nEl contrato de promesa\u00a0\u00a0 \u00a0\u00a0\u00a0 \u00a043<br \/>\nCarlos Pizarro Wilson<br \/>\nDe la constituci\u00f3n del censo\u00a0\u00a0 \u00a0\u00a0\u00a0 \u00a059<br \/>\nJuan Esteban Villarroel Lav\u00edn<br \/>\nDE LOS CONTRATOS CONSENSUALES<br \/>\nContrato de donaci\u00f3n\u00a0\u00a0 \u00a0\u00a0\u00a0 \u00a085<br \/>\nManuel Barr\u00eda Paredes<br \/>\nContrato de compraventa\u00a0\u00a0 \u00a0\u00a0\u00a0 \u00a0111<br \/>\nCarlos C\u00e9spedes Mu\u00f1oz<br \/>\nRenzo Munita Marambio<br \/>\nContrato de permuta o cambio\u00a0\u00a0 \u00a0\u00a0\u00a0 \u00a0183<br \/>\nNathalie Walker Silva<br \/>\nContrato de arrendamiento de cosas\u00a0\u00a0 \u00a0\u00a0\u00a0 \u00a0197<br \/>\nRodrigo Momberg Uribe<br \/>\nGonzalo Severin Fuster<br \/>\nContrato de arrendamiento de ejecuci\u00f3n de obra material\u00a0\u00a0 \u00a0\u00a0\u00a0 \u00a0227<br \/>\nLilian C. San Mart\u00edn Neira<br \/>\nContrato de arrendamiento \u201cde obra o servicio\u201d en el C\u00f3digo Civil chileno. Presentaci\u00f3n y revisi\u00f3n cr\u00edtica\u00a0\u00a0 \u00a0\u00a0\u00a0 \u00a0253<br \/>\nGonzalo Severin Fuster<br \/>\nContrato de servicios inmateriales\u00a0\u00a0 \u00a0\u00a0\u00a0 \u00a0275<br \/>\nRodrigo Fuentes Gu\u00ed\u00f1ez<br \/>\nContratos de arrendamiento de transporte\u00a0\u00a0 \u00a0\u00a0\u00a0 \u00a0301<br \/>\n\u00c1ngela Toso Milos<br \/>\nContrato de sociedad\u00a0\u00a0 \u00a0\u00a0\u00a0 \u00a0341<br \/>\nCristian Aedo Barrena<br \/>\nContrato de mandato\u00a0\u00a0 \u00a0\u00a0\u00a0 \u00a0417<br \/>\nRam\u00f3n Dom\u00ednguez \u00c1guila<br \/>\nRenzo Munita Marambio<br \/>\nContrato de transacci\u00f3n\u00a0\u00a0 \u00a0\u00a0\u00a0 \u00a0477<br \/>\nMar\u00eda Elisa Morales Ortiz<br \/>\nDE LOS CONTRATOS DE GARANT\u00cdA<br \/>\nContrato de fianza\u00a0\u00a0 \u00a0\u00a0\u00a0 \u00a0503<br \/>\nPamela Mendoza Alonzo<br \/>\nEl contrato de prenda\u00a0\u00a0 \u00a0\u00a0\u00a0 \u00a0527<br \/>\nGonzalo Montory Barriga<br \/>\nContrato de anticresis\u00a0\u00a0 \u00a0\u00a0\u00a0 \u00a0579<br \/>\nHugo Vera Beltr\u00e1n<br \/>\nLa hipoteca\u00a0\u00a0 \u00a0\u00a0\u00a0 \u00a0601<br \/>\nBruno Caprile Biermann<br \/>\nDE LOS CONTRATOS REALES<br \/>\nContrato de mutuo o pr\u00e9stamo de consumo\u00a0\u00a0 \u00a0\u00a0\u00a0 \u00a0711<br \/>\nFelipe Fern\u00e1ndez Ortega<br \/>\nIgnacio Labra Sald\u00edas<br \/>\nContrato de comodato\u00a0\u00a0 \u00a0\u00a0\u00a0 \u00a0747<br \/>\nRuperto Pinochet Olave<br \/>\nContratos de dep\u00f3sito y de secuestro\u00a0\u00a0 \u00a0\u00a0\u00a0 \u00a0775<br \/>\nFelipe Diez Ringele<br \/>\n\u00c1ngela Higueras Aravena<br \/>\nDE LAS CESIONES<br \/>\nCesi\u00f3n de derechos\u00a0\u00a0 \u00a0\u00a0\u00a0 \u00a0815<br \/>\nClaudia Bahamondes Oyarz\u00fan<br \/>\nCesi\u00f3n del contrato y de deudas\u00a0\u00a0 \u00a0\u00a0\u00a0 \u00a0847<br \/>\nCarlos Amun\u00e1tegui Perell\u00f3<br \/>\nDE LOS CONTRATOS ALEATORIOS<br \/>\nContratos aleatorios. Breve aproximaci\u00f3n\u00a0\u00a0 \u00a0\u00a0\u00a0 \u00a0861<br \/>\nRodrigo Eduardo de la Vega Parra<br \/>\nContratos de juego y de apuesta\u00a0\u00a0 \u00a0\u00a0\u00a0 \u00a0867<br \/>\nRodrigo Eduardo de la Vega Parra<br \/>\nContrato de renta vitalicia\u00a0\u00a0 \u00a0\u00a0\u00a0 \u00a0879<br \/>\nRodrigo Eduardo de la Vega Parra<br \/>\nContrato de censo vitalicio\u00a0\u00a0 \u00a0\u00a0\u00a0 \u00a0891<br \/>\nRodrigo Eduardo de la Vega Parra<br \/>\nDE LOS CONTRATOS RELACIONALES<br \/>\nContratos relacionales como contexto\u00a0\u00a0 \u00a0\u00a0\u00a0 \u00a0903<br \/>\nSebasti\u00e1n Campos Micin<br \/>\nEsteban Pereira Fredes<br \/>\nContrato de distribuci\u00f3n\u00a0\u00a0 \u00a0\u00a0\u00a0 \u00a0911<br \/>\nSebasti\u00e1n Campos Micin<br \/>\nEsteban Pereira Fredes<br \/>\nContrato de suministro\u00a0\u00a0 \u00a0\u00a0\u00a0 \u00a0945<br \/>\nSebasti\u00e1n Campos Micin<br \/>\nEsteban Pereira Fredes<\/p>\n","protected":false},"excerpt":{"rendered":"<p>Buscas un libro Jur\u00eddico.? Lo puedes encontrar en nuestra tienda virtual.<br \/>\nContamos con prestigiosos autores y muchas alternativas en sus diferentes materias al igual que grandes descuentos.! Vis\u00edtanos en <a class=\"ZwZBMLuwwYKLtqOdlRcByADgXVbjtIKaeTA \" tabindex=\"0\" href=\"https:\/\/lnkd.in\/eiAG7jdZ\" target=\"_blank\" rel=\"noopener\" data-test-app-aware-link=\"\">https:\/\/lnkd.in\/eiAG7jdZ<\/a><br \/>\nEscr\u00edbenos al +56930565235 \/ <a class=\"ZwZBMLuwwYKLtqOdlRcByADgXVbjtIKaeTA \" tabindex=\"0\" href=\"mailto:ventaslegallexglobal@gmail.com\" target=\"_self\" data-test-app-aware-link=\"\">ventaslegallexglobal@gmail.com<\/a><br \/>\nHacemos env\u00edos a todo Chile \u2013 Starken o Correos Chile \/ Te esperamos<\/p>\n","protected":false},"featured_media":4394,"comment_status":"open","ping_status":"closed","template":"","meta":{"inline_featured_image":false,"_joinchat":[]},"product_brand":[],"product_cat":[27],"product_tag":[],"class_list":{"0":"post-4364","1":"product","2":"type-product","3":"status-publish","4":"has-post-thumbnail","6":"product_cat-civil","7":"product_shipping_class-a-convenir","9":"first","10":"instock","11":"shipping-taxable","12":"purchasable","13":"product-type-simple"},"_links":{"self":[{"href":"https:\/\/bibliotecajuridicavirtual.cl\/index.php\/wp-json\/wp\/v2\/product\/4364","targetHints":{"allow":["GET"]}}],"collection":[{"href":"https:\/\/bibliotecajuridicavirtual.cl\/index.php\/wp-json\/wp\/v2\/product"}],"about":[{"href":"https:\/\/bibliotecajuridicavirtual.cl\/index.php\/wp-json\/wp\/v2\/types\/product"}],"replies":[{"embeddable":true,"href":"https:\/\/bibliotecajuridicavirtual.cl\/index.php\/wp-json\/wp\/v2\/comments?post=4364"}],"wp:featuredmedia":[{"embeddable":true,"href":"https:\/\/bibliotecajuridicavirtual.cl\/index.php\/wp-json\/wp\/v2\/media\/4394"}],"wp:attachment":[{"href":"https:\/\/bibliotecajuridicavirtual.cl\/index.php\/wp-json\/wp\/v2\/media?parent=4364"}],"wp:term":[{"taxonomy":"product_brand","embeddable":true,"href":"https:\/\/bibliotecajuridicavirtual.cl\/index.php\/wp-json\/wp\/v2\/product_brand?post=4364"},{"taxonomy":"product_cat","embeddable":true,"href":"https:\/\/bibliotecajuridicavirtual.cl\/index.php\/wp-json\/wp\/v2\/product_cat?post=4364"},{"taxonomy":"product_tag","embeddable":true,"href":"https:\/\/bibliotecajuridicavirtual.cl\/index.php\/wp-json\/wp\/v2\/product_tag?post=4364"}],"curies":[{"name":"wp","href":"https:\/\/api.w.org\/{rel}","templated":true}]}}