{"id":4367,"date":"2026-02-28T01:25:10","date_gmt":"2026-02-28T04:25:10","guid":{"rendered":"https:\/\/bibliotecajuridicavirtual.cl\/?post_type=product&#038;p=4367"},"modified":"2026-02-28T01:25:20","modified_gmt":"2026-02-28T04:25:20","slug":"curso-de-derecho-penal-parte-general-alex-van-weezel-ano-marzo-2023-675-pag","status":"publish","type":"product","link":"https:\/\/bibliotecajuridicavirtual.cl\/index.php\/product\/curso-de-derecho-penal-parte-general-alex-van-weezel-ano-marzo-2023-675-pag\/","title":{"rendered":"Curso de Derecho Penal &#8211; Parte General * Alex van Weezel &#8211; A\u00f1o Marzo 2023 &#8211; 675 P\u00e1g."},"content":{"rendered":"<p style=\"font-weight: 400;\">Esta obra es producto de la s\u00edntesis y edici\u00f3n de los apuntes tomados en las clases impartidas por el autor a varias generaciones de estudiantes de la Pontificia Universidad Cat\u00f3lica de Chile. Su objetivo es presentar en forma clara y concisa los contenidos m\u00ednimos de los dos cursos semestrales dedicados al estudio de la Parte General de Derecho Penal, integrando las opiniones doctrinales m\u00e1s extendidas y la jurisprudencia relevante. Aunque est\u00e1 centrado en las cuestiones dogm\u00e1ticas que ocupan la mayor parte del programa de ambos cursos, el texto aborda tambi\u00e9n controversias actuales de pol\u00edtica legislativa y propone, siempre en di\u00e1logo con los puntos de vista m\u00e1s asentados, enfoques y soluciones que podr\u00edan enriquecer el estado de la discusi\u00f3n.<\/p>\n<p style=\"font-weight: 400;\">El contenido de este libro pretende favorecer el estudio personal por parte de los alumnos, de modo que puedan llegar a clases con preguntas y comentarios, creando el ambiente propicio para explicar los conceptos m\u00e1s complejos y profundizar en los aspectos que lo requieran. Parte esencial de esta publicaci\u00f3n es el an\u00e1lisis y la resoluci\u00f3n de casos, en los cuales los contenidos ya revisados reciban aplicaci\u00f3n. Para esto, el libro ofrece veinte ejercicios distribuidos seg\u00fan el avance de cada semestre, e incluye un anexo con sus respectivas soluciones o con las pistas para resolverlos.<\/p>\n<p>&nbsp;<\/p>\n<p style=\"font-weight: 400;\"><b><strong>PARTE I<br \/>\nCONCEPTOS FUNDAMENTALES Y TEOR\u00cdA DE LA LEY PENAL<\/strong><\/b><\/p>\n<p style=\"font-weight: 400;\"><b><strong>CAP\u00cdTULO I<\/strong><\/b><br \/>\n<b><strong>EL DERECHO PENAL EN EL CONTEXTO DEL ORDENAMIENTO JUR\u00cdDICO<\/strong><\/b><\/p>\n<ol>\n<li style=\"font-weight: 400;\">INTRODUCCI\u00d3N<\/li>\n<li style=\"font-weight: 400;\">El derecho penal<br \/>\n2. La reacci\u00f3n penal<br \/>\n3. Clasificaciones<\/li>\n<li style=\"font-weight: 400;\">LUGAR DEL DERECHO PENAL EN EL ORDENAMIENTO JUR\u00cdDICO<\/li>\n<li style=\"font-weight: 400;\">Relaciones con el derecho civil y el derecho administrativo sancionador<br \/>\n2. La sanci\u00f3n penal y la sanci\u00f3n administrativa<\/li>\n<\/ol>\n<p style=\"font-weight: 400;\">III. PERSPECTIVAS SOBRE EL CONFLICTO SOCIAL DE CAR\u00c1CTER PENAL<\/p>\n<ol>\n<li style=\"font-weight: 400;\">La pol\u00edtica criminal<br \/>\n2. La criminolog\u00eda<br \/>\n3. La dogm\u00e1tica jur\u00eddico-penal<br \/>\n4. La teor\u00eda de la imputaci\u00f3n<\/li>\n<li style=\"font-weight: 400;\">RESOLUCI\u00d3N DEL CONFLICTO SOCIAL EN EL SISTEMA PENAL<\/li>\n<li style=\"font-weight: 400;\">El proceso penal<br \/>\n2. Las consecuencias del proceso penal<br \/>\n3. Las medidas de seguridad en el sistema chileno<\/li>\n<li style=\"font-weight: 400;\">LAS PENAS EN EL ORDENAMIENTO JUR\u00cdDICO CHILENO<\/li>\n<li style=\"font-weight: 400;\">Clases de penas<br \/>\n2. Determinaci\u00f3n de la cuant\u00eda de la pena<br \/>\n3. Penas prohibidas<br \/>\n4. Penas aflictivas<\/li>\n<\/ol>\n<p style=\"font-weight: 400;\"><b><strong>CAP\u00cdTULO II<\/strong><\/b><br \/>\n<b><strong>LA LEGITIMACI\u00d3N DEL DERECHO PENAL<\/strong><\/b><\/p>\n<ol>\n<li style=\"font-weight: 400;\">INTRODUCCI\u00d3N<\/li>\n<li style=\"font-weight: 400;\">NORMAS DE CONDUCTA Y NORMAS DE SANCI\u00d3N<\/li>\n<li style=\"font-weight: 400;\">Las leyes penales como normas de conducta<br \/>\n2. Las leyes penales como normas de sanci\u00f3n<\/li>\n<\/ol>\n<p style=\"font-weight: 400;\">III. LEGITIMACI\u00d3N DE LAS NORMAS DE CONDUCTA<\/p>\n<ol>\n<li style=\"font-weight: 400;\">La protecci\u00f3n de bienes jur\u00eddicos<br \/>\n2. El an\u00e1lisis de proporcionalidad<br \/>\n3. Precisiones a la legitimaci\u00f3n de las normas de conducta<br \/>\n4. \u00bfExiste alg\u00fan criterio para determinar cu\u00e1les infracciones deber\u00edan sancionarse penalmente y cu\u00e1les no?<\/li>\n<li style=\"font-weight: 400;\">LEGITIMACI\u00d3N DE LAS NORMAS DE SANCI\u00d3N<\/li>\n<li style=\"font-weight: 400;\">Teor\u00edas absolutas de la pena<br \/>\n2. Teor\u00edas relativas de la pena<\/li>\n<\/ol>\n<p style=\"font-weight: 400;\"><b><strong>CAP\u00cdTULO III<\/strong><\/b><br \/>\n<b><strong>ALGUNOS PRINCIPIOS DEL DERECHO PENAL<\/strong><\/b><\/p>\n<ol>\n<li style=\"font-weight: 400;\">PRINCIPIO DEL HECHO<\/li>\n<li style=\"font-weight: 400;\">PRINCIPIO DE INTERVENCI\u00d3N M\u00cdNIMA, FRAGMENTARIEDAD Y CAR\u00c1CTER SECUNDARIO DEL DERECHO PENAL<\/li>\n<\/ol>\n<p style=\"font-weight: 400;\">III. PRINCIPIO DE LESIVIDAD U OFENSIVIDAD<\/p>\n<ol>\n<li style=\"font-weight: 400;\">DERECHO PENAL DE ACTOS<\/li>\n<li style=\"font-weight: 400;\">DERECHO PENAL PERSONAL\u00cdSIMO<\/li>\n<li style=\"font-weight: 400;\">PRINCIPIO DE CULPABILIDAD Y NON BIS IN IDEM<\/li>\n<\/ol>\n<p style=\"font-weight: 400;\">VII. PRINCIPIO DE PROPORCIONALIDAD<\/p>\n<p style=\"font-weight: 400;\"><b><strong>CAP\u00cdTULO IV<\/strong><\/b><br \/>\n<b><strong>LEGALIDAD Y VIGENCIA DEL DERECHO PENAL<\/strong><\/b><\/p>\n<ol>\n<li style=\"font-weight: 400;\">EL PRINCIPIO DE LEGALIDAD EN EL DERECHO PENAL<\/li>\n<li style=\"font-weight: 400;\">Fundamento del principio de legalidad<br \/>\n2. \u00d3rganos encargados de resguardar el principio de legalidad<\/li>\n<li style=\"font-weight: 400;\">CONCRECIONES DEL PRINCIPIO DE LEGALIDAD PENAL<\/li>\n<li style=\"font-weight: 400;\">Lex scripta o prohibici\u00f3n del derecho consuetudinario y de las fuentes extralegales<br \/>\n2. Lex praevia o prohibici\u00f3n de retroactividad en derecho penal<br \/>\n3. Lex certa y el problema de las leyes penales en blanco<br \/>\n4. Lex stricta: interpretaci\u00f3n de la ley penal<br \/>\n5. Otras manifestaciones del principio de legalidad<br \/>\n6. El principio de legalidad y los tratados internacionales como fuente del derecho penal<br \/>\n7. Legalidad de las penas<\/li>\n<\/ol>\n<p style=\"font-weight: 400;\"><b><strong>PARTE II<\/strong><\/b><br \/>\n<b><strong>TEOR\u00cdA DEL DELITO<\/strong><\/b><\/p>\n<p style=\"font-weight: 400;\"><b><strong>CAP\u00cdTULO I<\/strong><\/b><br \/>\n<b><strong>INTRODUCCI\u00d3N A LA TEOR\u00cdA DEL DELITO<\/strong><\/b><\/p>\n<ol>\n<li style=\"font-weight: 400;\">CONCEPTOS FUNDAMENTALES<\/li>\n<li style=\"font-weight: 400;\">El injusto penalmente imputable<br \/>\n2. La teor\u00eda del delito<br \/>\n3. La contradicci\u00f3n de la norma<br \/>\n4. Control de la acci\u00f3n y control de la motivaci\u00f3n<br \/>\n5. El concepto de delito<\/li>\n<li style=\"font-weight: 400;\">CATEGOR\u00cdAS DE LA ESTRUCTURA DEL DELITO<\/li>\n<li style=\"font-weight: 400;\">El injusto penal<br \/>\n2. La culpabilidad<br \/>\n3. La punibilidad<br \/>\n4. Los presupuestos de procesabilidad<\/li>\n<\/ol>\n<p style=\"font-weight: 400;\"><b><strong>CAP\u00cdTULO II<\/strong><\/b><br \/>\n<b><strong>LA IMPUTACI\u00d3N OBJETIVA COMO DETERMINACI\u00d3N DE LA CONDUCTA PROHIBIDA<\/strong><\/b><\/p>\n<ol>\n<li style=\"font-weight: 400;\">PRESUPUESTOS ELEMENTALES DE LA COMPETENCIA: TEOR\u00cdA DE LA ACCI\u00d3N<\/li>\n<li style=\"font-weight: 400;\">Capacidad de acci\u00f3n<br \/>\n2. Teor\u00edas de la acci\u00f3n<\/li>\n<li style=\"font-weight: 400;\">DETERMINACI\u00d3N DE LA CONDUCTA PROHIBIDA CONFORME A LA TEOR\u00cdA DE LA IMPUTACI\u00d3N OBJETIVA<\/li>\n<li style=\"font-weight: 400;\">Introducci\u00f3n<br \/>\n2. Teor\u00eda de las posiciones de garante<br \/>\n3. Instituciones de la imputaci\u00f3n objetiva<\/li>\n<\/ol>\n<p style=\"font-weight: 400;\">III. PRESUPUESTOS ESPEC\u00cdFICOS DE LA COMPETENCIA POR UN SUCESO: TEOR\u00cdA DE LA TIPICIDAD<\/p>\n<ol>\n<li style=\"font-weight: 400;\">Concepto de tipo penal<br \/>\n2. Figuras calificadas y privilegiadas<br \/>\n3. Principales variantes de los tipos delictivos<br \/>\n4. Clases de delitos en atenci\u00f3n a su gravedad: cr\u00edmenes, simples delitos y faltas<br \/>\n5. Formas imperfectas de ejecuci\u00f3n del delito<br \/>\n6. El contenido del tipo delictivo<\/li>\n<li style=\"font-weight: 400;\">LA EXCLUSI\u00d3N DE LA COMPETENCIA POR CAUSAS GENERALES: TEOR\u00cdA DE LA ANTIJURIDICIDAD<\/li>\n<li style=\"font-weight: 400;\">Fundamentos de la antijuridicidad<br \/>\n2. Fundamento de las causas de justificaci\u00f3n<br \/>\n3. Espectro justificatorio de cada grupo de causas de justificaci\u00f3n<br \/>\n4. Efectos civiles de la justificaci\u00f3n<br \/>\n5. \u00c1mbito de aplicaci\u00f3n de las causas de justificaci\u00f3n<br \/>\n6. Presupuestos espec\u00edficos de la justificaci\u00f3n<br \/>\n7. Las causas de justificaci\u00f3n en particular<\/li>\n<li style=\"font-weight: 400;\">LA TENTATIVA<\/li>\n<li style=\"font-weight: 400;\">Introducci\u00f3n<br \/>\n2. Formas de realizaci\u00f3n incompleta del delito<br \/>\n3. Fundamento de la punibilidad de la tentativa<br \/>\n4. Tentativas id\u00f3neas e inid\u00f3neas (e irreales)<br \/>\n5. Definici\u00f3n de la conducta prohibida en la tentativa<br \/>\n6. Reglas legales sobre la tentativa<br \/>\n7. El desistimiento<\/li>\n<li style=\"font-weight: 400;\">LOS DELITOS DE OMISI\u00d3N<\/li>\n<li style=\"font-weight: 400;\">Distinci\u00f3n entre delitos de acci\u00f3n y delitos de omisi\u00f3n<br \/>\n2. Delitos de omisi\u00f3n de resultado y delitos de mera o pura omisi\u00f3n<br \/>\n3. La posici\u00f3n de garante y la imputaci\u00f3n del resultado a la omisi\u00f3n<br \/>\n4. El problema de la tentativa en los delitos de omisi\u00f3n<br \/>\n5. La imputaci\u00f3n subjetiva en los delitos de omisi\u00f3n<br \/>\n6. Figuras especiales de omisi\u00f3n pura<\/li>\n<\/ol>\n<p style=\"font-weight: 400;\">VII. INTERVENCI\u00d3N DELICTIVA<\/p>\n<ol>\n<li style=\"font-weight: 400;\">Modelos unitarios y modelos accesorios de intervenci\u00f3n delictiva<br \/>\n2. La autor\u00eda<br \/>\n3. La participaci\u00f3n<br \/>\n4. Valoraci\u00f3n cr\u00edtica de la teor\u00eda del dominio del hecho<\/li>\n<\/ol>\n<p style=\"font-weight: 400;\"><b><strong>CAP\u00cdTULO III<\/strong><\/b><br \/>\n<b><strong>LA IMPUTACI\u00d3N SUBJETIVA<\/strong><\/b><\/p>\n<ol>\n<li style=\"font-weight: 400;\">LA CULPABILIDAD COMO PRINCIPIO Y COMO NIVEL EN LA ESTRUCTURA DEL DELITO<\/li>\n<li style=\"font-weight: 400;\">El principio de culpabilidad<br \/>\n2. La culpabilidad como nivel de la estructura del delito<\/li>\n<li style=\"font-weight: 400;\">PRESUPUESTOS DE UNA MOTIVACI\u00d3N PREDOMINANTE DE RESPETO AL DERECHO<\/li>\n<li style=\"font-weight: 400;\">La imputabilidad o capacidad de culpabilidad<br \/>\n2. Exigibilidad<\/li>\n<\/ol>\n<p style=\"font-weight: 400;\">III. LA EVITABILIDAD INDIVIDUAL<\/p>\n<ol>\n<li style=\"font-weight: 400;\">El dolo<br \/>\n2. El error<br \/>\n3. Los delitos culposos o imprudentes<\/li>\n<\/ol>\n<p style=\"font-weight: 400;\"><b><strong>CAP\u00cdTULO IV<\/strong><\/b><br \/>\n<b><strong>CONCURSO DE DELITOS<\/strong><\/b><\/p>\n<ol>\n<li style=\"font-weight: 400;\">REGLAS GENERALES PARA LOS CASOS DE PLURALIDAD DE DELITOS<\/li>\n<li style=\"font-weight: 400;\">Concursos real, ideal y medial<br \/>\n2. Qu\u00e9 significa \u00abun solo hecho\u00bb<br \/>\n3. Aplicaci\u00f3n de cada r\u00e9gimen<\/li>\n<li style=\"font-weight: 400;\">SITUACIONES EN QUE NO SE APLICAN LAS REGLAS GENERALES<\/li>\n<li style=\"font-weight: 400;\">Unidad jur\u00eddica del delito<br \/>\n2. Concurso de leyes que excluye el concurso de delitos<br \/>\n3. Delitos con un r\u00e9gimen concursal especialmente regulado<br \/>\n4. La regla del art. 351 del C\u00f3digo Procesal Penal<\/li>\n<\/ol>\n<p style=\"font-weight: 400;\"><b><strong>CAP\u00cdTULO V<\/strong><\/b><br \/>\n<b><strong>EXTINCI\u00d3N DE LA RESPONSABILIDAD PENAL<\/strong><\/b><\/p>\n<ol>\n<li style=\"font-weight: 400;\">CONSIDERACIONES PRELIMINARES<\/li>\n<li style=\"font-weight: 400;\">CAUSAS DE EXTINCI\u00d3N DE LA RESPONSABILIDAD REGULADAS EN EL ART\u00cdCULO 93<\/li>\n<li style=\"font-weight: 400;\">La muerte del responsable<br \/>\n2. El cumplimiento de la condena<br \/>\n3. La amnist\u00eda<br \/>\n4. El indulto<br \/>\n5. El perd\u00f3n del ofendido<br \/>\n6. La prescripci\u00f3n<\/li>\n<\/ol>\n<p style=\"font-weight: 400;\"><b><strong>PARTE III<\/strong><\/b><br \/>\n<b><strong>SISTEMA DE PENAS<\/strong><\/b><\/p>\n<p style=\"font-weight: 400;\"><b><strong>CAP\u00cdTULO I<\/strong><\/b><br \/>\n<b><strong>EL SISTEMA DE LA REACCI\u00d3N PENAL<\/strong><\/b><\/p>\n<ol>\n<li style=\"font-weight: 400;\">PENAS Y MEDIDAS COERCITIVAS<\/li>\n<li style=\"font-weight: 400;\">CLASIFICACI\u00d3N DE LAS PENAS<\/li>\n<li style=\"font-weight: 400;\">Seg\u00fan su naturaleza<br \/>\n2. Seg\u00fan su gravedad<br \/>\n3. Seg\u00fan su autonom\u00eda<br \/>\n4. Seg\u00fan la forma en que se ponen a disposici\u00f3n del tribunal<br \/>\n5. Seg\u00fan su divisibilidad<br \/>\n6. Seg\u00fan su aflictividad<\/li>\n<\/ol>\n<p style=\"font-weight: 400;\">III. NATURALEZA DE LAS PRINCIPALES PENAS<\/p>\n<ol>\n<li style=\"font-weight: 400;\">Pena de muerte<br \/>\n2. Penas privativas de libertad<br \/>\n3. Penas restrictivas de libertad<br \/>\n4. Penas privativas de otros derechos<br \/>\n5. Penas pecuniarias<\/li>\n<\/ol>\n<p style=\"font-weight: 400;\"><b><strong>CAP\u00cdTULO II<\/strong><\/b><br \/>\n<b><strong>DETERMINACI\u00d3N DE LA PENA<\/strong><\/b><\/p>\n<ol>\n<li style=\"font-weight: 400;\">NOCIONES GENERALES<\/li>\n<li style=\"font-weight: 400;\">Sistema de determinaci\u00f3n de la pena<br \/>\n2. Reglas b\u00e1sicas<\/li>\n<li style=\"font-weight: 400;\">FACTORES QUE INCIDEN EN LA DETERMINACI\u00d3N DE LA PENA<\/li>\n<li style=\"font-weight: 400;\">Pena abstracta: marco penal aplicable y t\u00edtulo de la imputaci\u00f3n<br \/>\n2. Etapa de desarrollo del delito<br \/>\n3. Clase de intervenci\u00f3n en el hecho<br \/>\n4. Circunstancias modificatorias de la responsabilidad penal<br \/>\n5. Extensi\u00f3n del mal producido por el delito<br \/>\n6. Determinaci\u00f3n de la pena de multa<\/li>\n<\/ol>\n<p style=\"font-weight: 400;\"><b><strong>CAP\u00cdTULO III<\/strong><\/b><br \/>\n<b><strong>EJECUCI\u00d3N DE LAS PENAS<\/strong><\/b><\/p>\n<ol>\n<li style=\"font-weight: 400;\">ORDEN DE LA EJECUCI\u00d3N<\/li>\n<li style=\"font-weight: 400;\">EJECUCI\u00d3N DE LAS PENAS PRIVATIVAS Y RESTRICTIVAS DE LIBERTAD<\/li>\n<\/ol>\n<p style=\"font-weight: 400;\">III. PENAS SUSTITUTIVAS DE LAS PENAS PRIVATIVAS O RESTRICTIVAS DE LIBERTAD<\/p>\n<ol>\n<li style=\"font-weight: 400;\">Fundamento<br \/>\n2. Naturaleza jur\u00eddica<br \/>\n3. \u00c1mbito de aplicaci\u00f3n<br \/>\n4. Prescripci\u00f3n de las condenas anteriores<br \/>\n5. Las penas sustitutivas y sus requisitos<br \/>\n6. Monitoreo telem\u00e1tico<br \/>\n7. Incumplimiento injustificado de condiciones<br \/>\n8. Quebrantamiento<\/li>\n<li style=\"font-weight: 400;\">CUMPLIMIENTO EN LIBERTAD DE LAS PENAS DE PRESIDIO Y RECLUSI\u00d3N: LA LIBERTAD CONDICIONAL<\/li>\n<li style=\"font-weight: 400;\">Concepto<br \/>\n2. Requisitos<br \/>\n3. Procedimiento de concesi\u00f3n<br \/>\n4. Efectos del otorgamiento de la libertad condicional<\/li>\n<li style=\"font-weight: 400;\">EJECUCI\u00d3N DE LA PENA DE MULTA<\/li>\n<\/ol>\n<p style=\"font-weight: 400;\"><b><strong>CAP\u00cdTULO IV<\/strong><\/b><br \/>\n<b><strong>QUEBRANTAMIENTO DE CONDENA Y COMISI\u00d3N DE DELITOS DURANTE LA VIGENCIA DE UNA SENTENCIA CONDENATORIA<\/strong><\/b><\/p>\n<ol>\n<li style=\"font-weight: 400;\">QUEBRANTAMIENTO DE CONDENA<\/li>\n<li style=\"font-weight: 400;\">COMISI\u00d3N DE DELITOS DURANTE LA VIGENCIA DE UNA SENTENCIA CONDENATORIA<\/li>\n<\/ol>\n<p style=\"font-weight: 400;\">ANEXO 1. PISTAS Y SOLUCIONES<br \/>\nANEXO 2. ESQUEMA PARA LA RESOLUCI\u00d3N DE CASOS<\/p>\n","protected":false},"excerpt":{"rendered":"<p>Buscas un libro Jur\u00eddico.? Lo puedes encontrar en nuestra tienda virtual.<br \/>\nContamos con prestigiosos autores y muchas alternativas en sus diferentes materias al igual que grandes descuentos.! Vis\u00edtanos en <a class=\"OsXSwTjBixsQGoWGqYbUbhbhrRcyfZyoIhwQqQ \" tabindex=\"0\" href=\"https:\/\/lnkd.in\/eiAG7jdZ\" target=\"_blank\" rel=\"noopener\" data-test-app-aware-link=\"\">https:\/\/lnkd.in\/eiAG7jdZ<\/a><br \/>\nEscr\u00edbenos al +56930565235 \/ <a class=\"OsXSwTjBixsQGoWGqYbUbhbhrRcyfZyoIhwQqQ \" tabindex=\"0\" href=\"mailto:ventaslegallexglobal@gmail.com\" target=\"_self\" data-test-app-aware-link=\"\">ventaslegallexglobal@gmail.com<\/a><br \/>\nHacemos env\u00edos a todo Chile \u2013 Starken o Correos Chile \/ Te esperamos<\/p>\n","protected":false},"featured_media":4397,"comment_status":"open","ping_status":"closed","template":"","meta":{"inline_featured_image":false,"_joinchat":[]},"product_brand":[],"product_cat":[30],"product_tag":[],"class_list":{"0":"post-4367","1":"product","2":"type-product","3":"status-publish","4":"has-post-thumbnail","6":"product_cat-penal","7":"product_shipping_class-a-convenir","9":"first","10":"instock","11":"shipping-taxable","12":"purchasable","13":"product-type-simple"},"_links":{"self":[{"href":"https:\/\/bibliotecajuridicavirtual.cl\/index.php\/wp-json\/wp\/v2\/product\/4367","targetHints":{"allow":["GET"]}}],"collection":[{"href":"https:\/\/bibliotecajuridicavirtual.cl\/index.php\/wp-json\/wp\/v2\/product"}],"about":[{"href":"https:\/\/bibliotecajuridicavirtual.cl\/index.php\/wp-json\/wp\/v2\/types\/product"}],"replies":[{"embeddable":true,"href":"https:\/\/bibliotecajuridicavirtual.cl\/index.php\/wp-json\/wp\/v2\/comments?post=4367"}],"wp:featuredmedia":[{"embeddable":true,"href":"https:\/\/bibliotecajuridicavirtual.cl\/index.php\/wp-json\/wp\/v2\/media\/4397"}],"wp:attachment":[{"href":"https:\/\/bibliotecajuridicavirtual.cl\/index.php\/wp-json\/wp\/v2\/media?parent=4367"}],"wp:term":[{"taxonomy":"product_brand","embeddable":true,"href":"https:\/\/bibliotecajuridicavirtual.cl\/index.php\/wp-json\/wp\/v2\/product_brand?post=4367"},{"taxonomy":"product_cat","embeddable":true,"href":"https:\/\/bibliotecajuridicavirtual.cl\/index.php\/wp-json\/wp\/v2\/product_cat?post=4367"},{"taxonomy":"product_tag","embeddable":true,"href":"https:\/\/bibliotecajuridicavirtual.cl\/index.php\/wp-json\/wp\/v2\/product_tag?post=4367"}],"curies":[{"name":"wp","href":"https:\/\/api.w.org\/{rel}","templated":true}]}}