{"id":4368,"date":"2026-02-28T01:25:10","date_gmt":"2026-02-28T04:25:10","guid":{"rendered":"https:\/\/bibliotecajuridicavirtual.cl\/?post_type=product&#038;p=4368"},"modified":"2026-02-28T01:25:21","modified_gmt":"2026-02-28T04:25:21","slug":"de-la-guerra-a-los-tribunales-de-drogas-politica-criminal-e-imposicion-de-regimenes-hegemonicos-ano-2023-144-pag-autor-silvio-cuneo-nash-maria-jose-fernandez-paula-medina-y-nicolas-oxman","status":"publish","type":"product","link":"https:\/\/bibliotecajuridicavirtual.cl\/index.php\/product\/de-la-guerra-a-los-tribunales-de-drogas-politica-criminal-e-imposicion-de-regimenes-hegemonicos-ano-2023-144-pag-autor-silvio-cuneo-nash-maria-jose-fernandez-paula-medina-y-nicolas-oxman\/","title":{"rendered":"De la Guerra a los Tribunales de Drogas: Pol\u00edtica Criminal e Imposici\u00f3n de Reg\u00edmenes Hegem\u00f3nicos. A\u00f1o 2023\/144 P\u00e1g. Autor  Silvio Cuneo Nash, Mar\u00eda Jos\u00e9 Fern\u00e1ndez, Paula Medina y Nicol\u00e1s Oxman."},"content":{"rendered":"<p>Este trabajo constituye una dura cr\u00edtica a las pol\u00edticas criminales de Guerra contra las Drogas, evidenciando la imposici\u00f3n hegem\u00f3nica de un r\u00e9gimen penal selectivo que, adem\u00e1s de encarcelar la pobreza, pone un \u00e9nfasis ruin en el encarcelamiento femenino.<br \/>\nLas vidas de las presas, que transitan desde infancias vulnerables hasta la c\u00e1rcel, confirman las falacias del discurso oficial que, al promulgar normas de control de estupefacientes, prometen sancionar el gran narcotr\u00e1fico. Como tantas veces, la implementaci\u00f3n de pol\u00edticas p\u00fablicas rinde frutos electorales, otorga r\u00e9ditos y popularidad a sus impulsores, al costo de desconocer la dignidad humana de las personas m\u00e1s vulnerables y desfavorecidas.<br \/>\nEste libro tambi\u00e9n constituye una invitaci\u00f3n a abandonar aquellas ideas que ven en el derecho penal un sistema de gesti\u00f3n de la delincuencia y, por lo mismo, entenderlo como un medio de control social y de gesti\u00f3n de la pobreza que castiga selectivamente a supuestos &#8220;enemigos&#8221; del orden establecido y de la &#8220;paz ciudadana&#8221;.<br \/>\n\u00cdndice<br \/>\nPRESENTACI\u00d3N\u00a0\u00a0 \u00a0\u00a0\u00a0 \u00a013<br \/>\nCap\u00edtulo I<br \/>\nLA GUERRA CONTRA LAS DROGAS. DE ESTADOS UNIDOS<br \/>\nA LATINOAM\u00c9RICA<br \/>\nSilvio Cuneo y Nicol\u00e1s Oxman<br \/>\nINTRODUCCI\u00d3N\u00a0\u00a0 \u00a0\u00a0\u00a0 \u00a026<br \/>\n1.\u00a0\u00a0 \u00a0EL ORIGEN DE UNA NUEVA POL\u00cdTICA CRIMINAL DE LA DROGA EN ESTADOS UNIDOS\u00a0\u00a0 \u00a0\u00a0\u00a0 \u00a030<br \/>\n1.1.\u00a0\u00a0 \u00a0La legitimaci\u00f3n del discurso de la \u201cnueva amenaza\u201d en el contexto internacional\u00a0\u00a0 \u00a0\u00a0\u00a0 \u00a033<br \/>\n1.2.\u00a0\u00a0 \u00a0La intervenci\u00f3n de Estados Unidos en la pol\u00edtica criminal de los pa\u00edses andinos\u00a0\u00a0 \u00a0\u00a0\u00a0 \u00a037<br \/>\n2.\u00a0\u00a0 \u00a0LEGITIMACI\u00d3N Y EXPANSI\u00d3N IN ACTION DEL PUNITIVISMO EN MATERIA DE DROGAS\u00a0\u00a0 \u00a0\u00a0\u00a0 \u00a043<br \/>\n2.1.\u00a0\u00a0 \u00a0La exportaci\u00f3n de un sistema penal de excepci\u00f3n\u00a0\u00a0 \u00a0\u00a0\u00a0 \u00a047<br \/>\n2.2.\u00a0\u00a0 \u00a0Masividad y selectividad en el encarcelamiento\u00a0\u00a0 \u00a0\u00a0\u00a0 \u00a051<br \/>\n3.\u00a0\u00a0 \u00a0CONCLUSIONES\u00a0\u00a0 \u00a0\u00a0\u00a0 \u00a056<br \/>\nCap\u00edtulo II<br \/>\nAN\u00c1LISIS CR\u00cdTICO DE LOS TRIBUNALES DE DROGAS<br \/>\nEN CHILE<br \/>\nSilvio Cuneo y Paula Medina<br \/>\nINTRODUCCI\u00d3N\u00a0\u00a0 \u00a0\u00a0\u00a0 \u00a062<br \/>\n1.\u00a0\u00a0 \u00a0TRATAMIENTO Y PENA\u00a0\u00a0 \u00a0\u00a0\u00a0 \u00a064<br \/>\n2.\u00a0\u00a0 \u00a0ACEPTACI\u00d3N DE RESPONSABILIDAD Y NECESIDAD DE TRATAMIENTO\u00a0\u00a0 \u00a0\u00a0\u00a0 \u00a071<br \/>\n3.\u00a0\u00a0 \u00a0LOS TTD EN EL CONTEXTO DE LA GUERRA CONTRA LAS DROGAS\u00a0\u00a0 \u00a0\u00a0\u00a0 \u00a076<br \/>\n4.\u00a0\u00a0 \u00a0G\u00c9NESIS DE LOS TTD EN CHILE (LA CURIOSA ALIANZA)\u00a0\u00a0 \u00a0\u00a0\u00a0 \u00a080<br \/>\n5.\u00a0\u00a0 \u00a0FUNCIONAMIENTO DE LOS TTD EN CHILE\u00a0\u00a0 \u00a0\u00a0\u00a0 \u00a082<br \/>\n6.\u00a0\u00a0 \u00a0CONCLUSIONES Y PROPUESTAS\u00a0\u00a0 \u00a0\u00a0\u00a0 \u00a086<br \/>\nCap\u00edtulo III<br \/>\nASPECTOS DE G\u00c9NERO A CONSIDERAR EN UNA NUEVA POL\u00cdTICA<br \/>\nCRIMINAL DE DROGAS EN CHILE<br \/>\nSilvio Cuneo y Mar\u00eda Jos\u00e9 Fern\u00e1ndez<br \/>\nINTRODUCCI\u00d3N\u00a0\u00a0 \u00a0\u00a0\u00a0 \u00a094<br \/>\n1.\u00a0\u00a0 \u00a0PATRONES DE INVOLUCRAMIENTO EN MUJERES VINCULADAS A DELITOS DE DROGAS\u00a0\u00a0 \u00a0\u00a0\u00a0 \u00a096<br \/>\n2.\u00a0\u00a0 \u00a0ASPECTOS DE G\u00c9NERO A CONSIDERAR EN UNA NUEVA POL\u00cdTICA CRIMINAL DE DROGAS PARA CHILE\u00a0\u00a0 \u00a0\u00a0\u00a0 \u00a099<br \/>\n2.1.\u00a0\u00a0 \u00a0Impacto diferenciado en el encarcelamiento\u00a0\u00a0 \u00a0\u00a0\u00a0 \u00a0101<br \/>\n2.2.\u00a0\u00a0 \u00a0Vulnerabilidades sociales y econ\u00f3micas\u00a0\u00a0 \u00a0\u00a0\u00a0 \u00a0106<br \/>\n3.\u00a0\u00a0 \u00a0OBLIGACIONES INTERNACIONALES Y ALTERNATIVAS PROPUESTAS EN OTRAS LEGISLACIONES\u00a0\u00a0 \u00a0\u00a0\u00a0 \u00a0119<br \/>\n3.1.\u00a0\u00a0 \u00a0Obligaciones internacionales del estado chileno en esta materia\u00a0\u00a0 \u00a0\u00a0\u00a0 \u00a0119<br \/>\n3.2.\u00a0\u00a0 \u00a0Experiencias internacionales y alternativas al encarcelamiento\u00a0\u00a0 \u00a0\u00a0\u00a0 \u00a0121<br \/>\n4.\u00a0\u00a0 \u00a0CONCLUSIONES\u00a0\u00a0 \u00a0\u00a0\u00a0 \u00a0128<br \/>\nBIBLIOGRAF\u00cdA\u00a0\u00a0 \u00a0\u00a0\u00a0 \u00a0133<\/p>\n","protected":false},"excerpt":{"rendered":"<p>Este trabajo constituye una dura cr\u00edtica a las pol\u00edticas criminales de Guerra contra las Drogas, evidenciando la imposici\u00f3n hegem\u00f3nica de un r\u00e9gimen penal selectivo que, adem\u00e1s de encarcelar la pobreza, pone un \u00e9nfasis ruin en el encarcelamiento femenino. Las vidas de las presas, que transitan desde infancias vulnerables hasta la c\u00e1rcel, confirman las falacias del discurso oficial que, al promulgar normas de control de estupefacientes, prometen sancionar el gran narcotr\u00e1fico. Como tantas veces, la implementaci\u00f3n de pol\u00edticas p\u00fablicas rinde frutos electorales, otorga r\u00e9ditos y popularidad a sus impulsores, al costo de desconocer la dignidad humana de las personas m\u00e1s vulnerables y desfavorecidas. Este libro tambi\u00e9n constituye una invitaci\u00f3n a abandonar aquellas ideas que ven en el derecho penal un sistema de gesti\u00f3n de la delincuencia y, por lo mismo, entenderlo como un medio de control social y de gesti\u00f3n de la pobreza que castiga selectivamente a supuestos &#8220;enemigos&#8221; del orden establecido y de la &#8220;paz ciudadana&#8221;. \u00cdndice PRESENTACI\u00d3N\u00a0\u00a0 \u00a0\u00a0\u00a0 \u00a013 Cap\u00edtulo I LA GUERRA CONTRA LAS DROGAS. DE ESTADOS UNIDOS A LATINOAM\u00c9RICA Silvio Cuneo y Nicol\u00e1s Oxman INTRODUCCI\u00d3N\u00a0\u00a0 \u00a0\u00a0\u00a0 \u00a026 1.\u00a0\u00a0 \u00a0EL ORIGEN DE UNA NUEVA POL\u00cdTICA CRIMINAL DE LA DROGA EN ESTADOS UNIDOS\u00a0\u00a0 \u00a0\u00a0\u00a0 \u00a030 1.1.\u00a0\u00a0 \u00a0La legitimaci\u00f3n del discurso de la \u201cnueva amenaza\u201d en el contexto internacional\u00a0\u00a0 \u00a0\u00a0\u00a0 \u00a033 1.2.\u00a0\u00a0 \u00a0La intervenci\u00f3n de Estados Unidos en la pol\u00edtica criminal de los pa\u00edses andinos\u00a0\u00a0 \u00a0\u00a0\u00a0 \u00a037 2.\u00a0\u00a0 \u00a0LEGITIMACI\u00d3N Y EXPANSI\u00d3N IN ACTION DEL PUNITIVISMO EN MATERIA DE DROGAS\u00a0\u00a0 \u00a0\u00a0\u00a0 \u00a043 2.1.\u00a0\u00a0 \u00a0La exportaci\u00f3n de un sistema penal de excepci\u00f3n\u00a0\u00a0 \u00a0\u00a0\u00a0 \u00a047 2.2.\u00a0\u00a0 \u00a0Masividad y selectividad en el encarcelamiento\u00a0\u00a0 \u00a0\u00a0\u00a0 \u00a051 3.\u00a0\u00a0 \u00a0CONCLUSIONES\u00a0\u00a0 \u00a0\u00a0\u00a0 \u00a056 Cap\u00edtulo II AN\u00c1LISIS CR\u00cdTICO DE LOS TRIBUNALES DE DROGAS EN CHILE Silvio Cuneo y Paula Medina INTRODUCCI\u00d3N\u00a0\u00a0 \u00a0\u00a0\u00a0 \u00a062 1.\u00a0\u00a0 \u00a0TRATAMIENTO Y PENA\u00a0\u00a0 \u00a0\u00a0\u00a0 \u00a064 2.\u00a0\u00a0 \u00a0ACEPTACI\u00d3N DE RESPONSABILIDAD Y NECESIDAD DE TRATAMIENTO\u00a0\u00a0 \u00a0\u00a0\u00a0 \u00a071 3.\u00a0\u00a0 \u00a0LOS TTD EN EL CONTEXTO DE LA GUERRA CONTRA LAS DROGAS\u00a0\u00a0 \u00a0\u00a0\u00a0 \u00a076 4.\u00a0\u00a0 \u00a0G\u00c9NESIS DE LOS TTD EN CHILE (LA CURIOSA ALIANZA)\u00a0\u00a0 \u00a0\u00a0\u00a0 \u00a080 5.\u00a0\u00a0 \u00a0FUNCIONAMIENTO DE LOS TTD EN CHILE\u00a0\u00a0 \u00a0\u00a0\u00a0 \u00a082 6.\u00a0\u00a0 \u00a0CONCLUSIONES Y PROPUESTAS\u00a0\u00a0 \u00a0\u00a0\u00a0 \u00a086 Cap\u00edtulo III ASPECTOS DE G\u00c9NERO A CONSIDERAR EN UNA NUEVA POL\u00cdTICA CRIMINAL DE DROGAS EN CHILE Silvio Cuneo y Mar\u00eda Jos\u00e9 Fern\u00e1ndez INTRODUCCI\u00d3N\u00a0\u00a0 \u00a0\u00a0\u00a0 \u00a094 1.\u00a0\u00a0 \u00a0PATRONES DE INVOLUCRAMIENTO EN MUJERES VINCULADAS A DELITOS DE DROGAS\u00a0\u00a0 \u00a0\u00a0\u00a0 \u00a096 2.\u00a0\u00a0 \u00a0ASPECTOS DE G\u00c9NERO A CONSIDERAR EN UNA NUEVA POL\u00cdTICA CRIMINAL DE DROGAS PARA CHILE\u00a0\u00a0 \u00a0\u00a0\u00a0 \u00a099 2.1.\u00a0\u00a0 \u00a0Impacto diferenciado en el encarcelamiento\u00a0\u00a0 \u00a0\u00a0\u00a0 \u00a0101 2.2.\u00a0\u00a0 \u00a0Vulnerabilidades sociales y econ\u00f3micas\u00a0\u00a0 \u00a0\u00a0\u00a0 \u00a0106 3.\u00a0\u00a0 \u00a0OBLIGACIONES INTERNACIONALES Y ALTERNATIVAS PROPUESTAS EN OTRAS LEGISLACIONES\u00a0\u00a0 \u00a0\u00a0\u00a0 \u00a0119 3.1.\u00a0\u00a0 \u00a0Obligaciones internacionales del estado chileno en esta materia\u00a0\u00a0 \u00a0\u00a0\u00a0 \u00a0119 3.2.\u00a0\u00a0 \u00a0Experiencias internacionales y alternativas al encarcelamiento\u00a0\u00a0 \u00a0\u00a0\u00a0 \u00a0121 4.\u00a0\u00a0 \u00a0CONCLUSIONES\u00a0\u00a0 \u00a0\u00a0\u00a0 \u00a0128 BIBLIOGRAF\u00cdA\u00a0\u00a0 \u00a0\u00a0\u00a0 \u00a0133<\/p>\n","protected":false},"featured_media":4398,"comment_status":"open","ping_status":"closed","template":"","meta":{"inline_featured_image":false,"_joinchat":[]},"product_brand":[],"product_cat":[44,30],"product_tag":[],"class_list":{"0":"post-4368","1":"product","2":"type-product","3":"status-publish","4":"has-post-thumbnail","6":"product_cat-filosofia-del-derecho-y-introduccion","7":"product_cat-penal","8":"product_shipping_class-a-convenir","10":"first","11":"instock","12":"shipping-taxable","13":"purchasable","14":"product-type-simple"},"_links":{"self":[{"href":"https:\/\/bibliotecajuridicavirtual.cl\/index.php\/wp-json\/wp\/v2\/product\/4368","targetHints":{"allow":["GET"]}}],"collection":[{"href":"https:\/\/bibliotecajuridicavirtual.cl\/index.php\/wp-json\/wp\/v2\/product"}],"about":[{"href":"https:\/\/bibliotecajuridicavirtual.cl\/index.php\/wp-json\/wp\/v2\/types\/product"}],"replies":[{"embeddable":true,"href":"https:\/\/bibliotecajuridicavirtual.cl\/index.php\/wp-json\/wp\/v2\/comments?post=4368"}],"wp:featuredmedia":[{"embeddable":true,"href":"https:\/\/bibliotecajuridicavirtual.cl\/index.php\/wp-json\/wp\/v2\/media\/4398"}],"wp:attachment":[{"href":"https:\/\/bibliotecajuridicavirtual.cl\/index.php\/wp-json\/wp\/v2\/media?parent=4368"}],"wp:term":[{"taxonomy":"product_brand","embeddable":true,"href":"https:\/\/bibliotecajuridicavirtual.cl\/index.php\/wp-json\/wp\/v2\/product_brand?post=4368"},{"taxonomy":"product_cat","embeddable":true,"href":"https:\/\/bibliotecajuridicavirtual.cl\/index.php\/wp-json\/wp\/v2\/product_cat?post=4368"},{"taxonomy":"product_tag","embeddable":true,"href":"https:\/\/bibliotecajuridicavirtual.cl\/index.php\/wp-json\/wp\/v2\/product_tag?post=4368"}],"curies":[{"name":"wp","href":"https:\/\/api.w.org\/{rel}","templated":true}]}}