{"id":4372,"date":"2026-02-28T01:25:10","date_gmt":"2026-02-28T04:25:10","guid":{"rendered":"https:\/\/bibliotecajuridicavirtual.cl\/?post_type=product&#038;p=4372"},"modified":"2026-02-28T01:25:24","modified_gmt":"2026-02-28T04:25:24","slug":"curso-de-derecho-civil-obligaciones-hernan-corral-talciani-ano-2023-835-pag","status":"publish","type":"product","link":"https:\/\/bibliotecajuridicavirtual.cl\/index.php\/product\/curso-de-derecho-civil-obligaciones-hernan-corral-talciani-ano-2023-835-pag\/","title":{"rendered":"Curso de Derecho Civil &#8211; Obligaciones &#8211; Hern\u00e1n Corral Talciani *  A\u00f1o 2023 &#8211; 835 P\u00e1g."},"content":{"rendered":"<div id=\"zona2\">\n<div id=\"descripcion_prod\">Este tercer volumen del Curso de Derecho Civil est\u00e1 dedicado a las Obligaciones y se analizan en siete partes sus diversas tem\u00e1ticas.<br \/>\nSe comienza por el concepto del v\u00ednculo obligacional y sus fuentes, entre las cuales se estudia el contrato, el cuasicontrato, la declaraci\u00f3n unilateral de voluntad y el enriquecimiento sin causa. La segunda parte est\u00e1 dedicada a la clasificaci\u00f3n de las obligaciones, partiendo desde las obligaciones civiles y naturales, las obligaciones condicionales, a plazo y modales, las obligaciones de objeto simple y de objeto m\u00faltiple, entre las cuales se analizan las obligaciones alternativas y facultativas, as\u00ed como las obligaciones de dar, hacer o no hacer, de especie o de g\u00e9nero y las dinerarias, y de las de medio y resultado. La parte se cierra con el estudio de las obligaciones con sujeto plural, donde se examinan las obligaciones mancomunadas, las obligaciones solidarias, las indivisibles y las obligaciones in solidum o concurrentes.<br \/>\nEn la tercera parte se estudia el cumplimiento obligacional, esto es, el pago y sus varias modalidades como el pago por consignaci\u00f3n, con subrogaci\u00f3n, con beneficio de competencia y la daci\u00f3n en pago en cuanto modalidad del pago efectivo.<br \/>\nLuego se prosigue con el incumplimiento y los medios de tutela del acreedor para paliarlo o repararlo. Aqu\u00ed se estudia la ejecuci\u00f3n forzada y la indemnizaci\u00f3n de perjuicios, donde se postula su relativa autonom\u00eda, la relaci\u00f3n causal y la previsibilidad. Se analizan otros medios de tutela de las relaciones obligatorias sinalagm\u00e1ticas como la resoluci\u00f3n contractual y la exceptio non adimpleti contractus. Se agregan los medios para prevenir la insolvencia como las medidas conservativas, la acci\u00f3n oblicua o subrogatoria, la acci\u00f3n directa y la acci\u00f3n pauliana o revocatoria y el beneficio de separaci\u00f3n. Entre los modos para solucionar la insolvencia se estudia la cesi\u00f3n de bienes (que ha dejado de tener un procedimiento) y los procesos concursales y se termina con un an\u00e1lisis de la prelaci\u00f3n de cr\u00e9ditos.<br \/>\nSe estudian las obligaciones de garant\u00eda, entre las cuales se analiza el contrato o cl\u00e1usula penal, las arras en garant\u00eda y el derecho legal de retenci\u00f3n. La pen\u00faltima parte se dedica a las modificaciones y transmisiones de las obligaciones, donde se estudia la novaci\u00f3n y otras formas de modificaci\u00f3n no novatorias, como la asunci\u00f3n de deudas y la cesi\u00f3n de contrato. La \u00faltima parte se dedica al estudio de los modos de extinci\u00f3n de las obligaciones, partiendo de la resciliaci\u00f3n o mutuo disenso y la voluntad unilateral en diversos contratos. A continuaci\u00f3n se estudia la remisi\u00f3n, la confusi\u00f3n y la compensaci\u00f3n. Se prosigue con la p\u00e9rdida de la cosa debida o imposibilidad absoluta de cumplimiento, donde se analiza la teor\u00eda del riesgo y, finalmente, se analiza la prescripci\u00f3n extintiva y la caducidad.<\/div>\n<\/div>\n<div id=\"zona3\">\n<div class=\"barra_scroll\">\n<p id=\"tomoI\" class=\"IG_IndiceGeneral\">\u00cdNDICE<\/p>\n<p class=\"IG_1\" lang=\"es-ES\">Pr\u00f3logo<\/p>\n<p class=\"IG_1\" lang=\"es-ES\">Advertencias y abreviaturas<\/p>\n<p class=\"IG_Seccion\" lang=\"es-ES\">PRIMERA PARTE<br \/>\nDEBERES JUR\u00cdDICOS Y OBLIGACI\u00d3N. FUENTES<\/p>\n<p class=\"IG_CapituloNumero\" lang=\"es-ES\">CAP\u00cdTULO PRIMERO<\/p>\n<p class=\"IG_Capitulo\" lang=\"es-ES\">DE LOS DEBERES JUR\u00cdDICOS A LA OBLIGACI\u00d3N<\/p>\n<p class=\"IG_1\" lang=\"es-ES\">I. Deberes y deberes jur\u00eddicos<\/p>\n<p class=\"IG_1\" lang=\"es-ES\">II. Origen y desarrollo hist\u00f3rico<\/p>\n<p class=\"IG_1\" lang=\"es-ES\">III. Obligaci\u00f3n y derechos reales y personales<\/p>\n<p class=\"IG_1\" lang=\"es-ES\">IV. Tendencias actuales: La relaci\u00f3n obligatoria<\/p>\n<p class=\"IG_CapituloNumero\" lang=\"es-ES\">CAP\u00cdTULO SEGUNDO<\/p>\n<p class=\"IG_Capitulo\" lang=\"es-ES\">ELEMENTOS Y ESTRUCTURA<\/p>\n<p class=\"IG_1\" lang=\"es-ES\">I. Sujetos: acreedor y deudor<\/p>\n<p class=\"IG_1\" lang=\"es-ES\">II. Contenido: prestaci\u00f3n principal y deberes accesorios<\/p>\n<p class=\"IG_1\" lang=\"es-ES\">III. V\u00ednculo<\/p>\n<p class=\"IG_1\" lang=\"es-ES\">VI. Causa<\/p>\n<p class=\"IG_CapituloNumero\" lang=\"es-ES\">CAP\u00cdTULO TERCERO<\/p>\n<p class=\"IG_Capitulo\" lang=\"es-ES\">FUENTES DE LA RELACI\u00d3N OBLIGATORIA<\/p>\n<p class=\"IG_1\" lang=\"es-ES\">I. Rese\u00f1a hist\u00f3rica<\/p>\n<p class=\"IG_1\" lang=\"es-ES\">II. Concepto, relevancia y an\u00e1lisis de las fuentes tradicionales<\/p>\n<p class=\"IG_1\" lang=\"es-ES\">III. Otras fuentes<\/p>\n<p class=\"IG_Seccion\" lang=\"es-ES\">SEGUNDA PARTE<br \/>\nLAS CLASES DE OBLIGACIONES<\/p>\n<p class=\"IG_CapituloNumero\" lang=\"es-ES\">CAP\u00cdTULO PRIMERO<\/p>\n<p class=\"IG_Capitulo\" lang=\"es-ES\">SOBRE LA CLASIFICACI\u00d3N DE LAS OBLIGACIONES<\/p>\n<p class=\"IG_1\" lang=\"es-ES\">I. Antecedentes hist\u00f3ricos<\/p>\n<p class=\"IG_1\" lang=\"es-ES\">II. La clasificaci\u00f3n del C\u00f3digo Civil<\/p>\n<p class=\"IG_1\" lang=\"es-ES\">III. Clasificaciones doctrinarias<\/p>\n<p class=\"IG_1\" lang=\"es-ES\">IV. Nuestra clasificaci\u00f3n<\/p>\n<p class=\"IG_CapituloNumero\" lang=\"es-ES\">CAP\u00cdTULO SEGUNDO<\/p>\n<p class=\"IG_Capitulo\" lang=\"es-ES\">OBLIGACIONES SEG\u00daN LA EXIGIBILIDAD DEL V\u00cdNCULO<\/p>\n<p class=\"IG_1\" lang=\"es-ES\">I. Obligaciones civiles y naturales<\/p>\n<p class=\"IG_1\" lang=\"es-ES\">II. Obligaciones puras y simple y sujetas a modalidad<\/p>\n<p class=\"IG_CapituloNumero\" lang=\"es-ES\">CAP\u00cdTULO TERCERO<\/p>\n<p class=\"IG_Capitulo\" lang=\"es-ES\">OBLIGACIONES SEG\u00daN LA PRESTACI\u00d3N<\/p>\n<p class=\"IG_1\" lang=\"es-ES\">I. Obligaciones positivas y negativas y de dar, hacer y no hacer<\/p>\n<p class=\"IG_1\" lang=\"es-ES\">II. Obligaciones de especie o cuerpo cierto y de g\u00e9nero<\/p>\n<p class=\"IG_1\" lang=\"es-ES\">III. Obligaciones de objeto \u00fanico y de objeto m\u00faltiple<\/p>\n<p class=\"IG_1\" lang=\"es-ES\">IV. Obligaciones de ejecuci\u00f3n inmediata y de ejecuci\u00f3n duradera<\/p>\n<p class=\"IG_1\" lang=\"es-ES\">V. Obligaciones de medio o actividad y de resultado<\/p>\n<p class=\"IG_CapituloNumero\" lang=\"es-ES\">CAP\u00cdTULO CUARTO<\/p>\n<p class=\"IG_Capitulo\" lang=\"es-ES\">OBLIGACIONES SEG\u00daN LA PLURALIDAD DE SUJETOS<\/p>\n<p class=\"IG_1\" lang=\"es-ES\">I. La clasificaci\u00f3n tradicional<\/p>\n<p class=\"IG_1\" lang=\"es-ES\">II. La obligaci\u00f3n mancomunada o simplemente conjunta<\/p>\n<p class=\"IG_1\" lang=\"es-ES\">III. La obligaci\u00f3n solidaria<\/p>\n<p class=\"IG_1\" lang=\"es-ES\">IV. La obligaci\u00f3n indivisible<\/p>\n<p class=\"IG_1\" lang=\"es-ES\">V. Concurrencia de obligaciones (obligaciones\u00a0<span class=\"TextoI\" lang=\"\">in solidum<\/span>)<\/p>\n<p class=\"IG_Seccion\" lang=\"es-ES\">TERCERA PARTE<br \/>\nCUMPLIMIENTO DE LAS OBLIGACIONES<\/p>\n<p class=\"IG_CapituloNumero\" lang=\"es-ES\">CAP\u00cdTULO PRIMERO<\/p>\n<p class=\"IG_Capitulo\" lang=\"es-ES\">CUMPLIMIENTO O PAGO<\/p>\n<p class=\"IG_1\" lang=\"es-ES\">I. Nociones generales<\/p>\n<p class=\"IG_1\" lang=\"es-ES\">II. Sujetos del pago<\/p>\n<p class=\"IG_1\" lang=\"es-ES\">III. Objeto y requisitos del pago<\/p>\n<p class=\"IG_1\" lang=\"es-ES\">IV. Efectos del pago<\/p>\n<p class=\"IG_1\" lang=\"es-ES\">V. Prueba y presunciones de pago<\/p>\n<p class=\"IG_CapituloNumero\" lang=\"es-ES\">CAP\u00cdTULO SEGUNDO<\/p>\n<p class=\"IG_Capitulo\" lang=\"es-ES\">PAGO POR CONSIGNACI\u00d3N<\/p>\n<p class=\"IG_1\" lang=\"es-ES\">I. Fundamentos, supuestos y etapas<\/p>\n<p class=\"IG_1\" lang=\"es-ES\">II. La oferta, consignaci\u00f3n y declaraci\u00f3n de suficiencia<\/p>\n<p class=\"IG_1\" lang=\"es-ES\">III. Efectos del pago por consignaci\u00f3n<\/p>\n<p class=\"IG_1\" lang=\"es-ES\">IV. Pago por consignaci\u00f3n en leyes especiales<\/p>\n<p class=\"IG_CapituloNumero\" lang=\"es-ES\">CAP\u00cdTULO TERCERO<\/p>\n<p class=\"IG_Capitulo\" lang=\"es-ES\">PAGO CON SUBROGACI\u00d3N<\/p>\n<p class=\"IG_1\" lang=\"es-ES\">I. De la subrogaci\u00f3n en general<\/p>\n<p class=\"IG_1\" lang=\"es-ES\">II. El pago con subrogaci\u00f3n legal<\/p>\n<p class=\"IG_1\" lang=\"es-ES\">III. Pago con subrogaci\u00f3n convencional<\/p>\n<p class=\"IG_1\" lang=\"es-ES\">IV. Efectos del pago con subrogaci\u00f3n<\/p>\n<p class=\"IG_CapituloNumero\" lang=\"es-ES\">CAP\u00cdTULO CUARTO<\/p>\n<p class=\"IG_Capitulo\" lang=\"es-ES\">EL PAGO CON BENEFICIO DE COMPETENCIA<\/p>\n<p class=\"IG_CapituloNumero\" lang=\"es-ES\">CAP\u00cdTULO QUINTO<\/p>\n<p class=\"IG_Capitulo\" lang=\"es-ES\">LA DACI\u00d3N EN PAGO COMO MODALIDAD DEL PAGO<\/p>\n<p class=\"IG_1\" lang=\"es-ES\">I. Nociones generales<\/p>\n<p class=\"IG_1\" lang=\"es-ES\">II. Naturaleza jur\u00eddica<\/p>\n<p class=\"IG_1\" lang=\"es-ES\">III. Efectos<\/p>\n<p class=\"IG_1\" lang=\"es-ES\">IV. La daci\u00f3n en pago en la Ley Concursal<\/p>\n<p class=\"IG_Seccion\" lang=\"es-ES\">CUARTA PARTE<br \/>\nEL INCUMPLIMIENTO Y LOS MEDIOS DE TUTELA DEL ACREEDOR<\/p>\n<p class=\"IG_CapituloNumero\" lang=\"es-ES\">CAP\u00cdTULO PRIMERO<\/p>\n<p class=\"IG_Capitulo\" lang=\"es-ES\">EL INCUMPLIMIENTO Y LA RESPONSABILIDAD DEL DEUDOR<\/p>\n<p class=\"IG_1\" lang=\"es-ES\">I. Concepto y clases<\/p>\n<p class=\"IG_1\" lang=\"es-ES\">II. La responsabilidad patrimonial del deudor<\/p>\n<p class=\"IG_CapituloNumero\" lang=\"es-ES\">CAP\u00cdTULO SEGUNDO<\/p>\n<p class=\"IG_Capitulo\" lang=\"es-ES\">LA EJECUCI\u00d3N FORZADA<\/p>\n<p class=\"IG_1\" lang=\"es-ES\">I. La v\u00eda ejecutiva<\/p>\n<p class=\"IG_1\" lang=\"es-ES\">II. La v\u00eda ordinaria<\/p>\n<p class=\"IG_CapituloNumero\" lang=\"es-ES\">CAP\u00cdTULO TERCERO<\/p>\n<p class=\"IG_Capitulo\" lang=\"es-ES\">LA INDEMNIZACI\u00d3N DE PERJUICIOS<\/p>\n<p class=\"IG_1\" lang=\"es-ES\">I. Pretensi\u00f3n indemnizatoria y responsabilidad civil<\/p>\n<p class=\"IG_1\" lang=\"es-ES\">II. Clases de indemnizaci\u00f3n<\/p>\n<p class=\"IG_1\" lang=\"es-ES\">III. Requisitos de la pretensi\u00f3n indemnizatoria<\/p>\n<p class=\"IG_1\" lang=\"es-ES\">IV. Determinaci\u00f3n de la indemnizaci\u00f3n y avaluaci\u00f3n de los perjuicios<\/p>\n<p class=\"IG_CapituloNumero\" lang=\"es-ES\">CAP\u00cdTULO CUARTO<\/p>\n<p class=\"IG_Capitulo\" lang=\"es-ES\">LESI\u00d3N DEL CR\u00c9DITO POR EL ACREEDOR Y POR UN TERCERO<\/p>\n<p class=\"IG_1\" lang=\"es-ES\">I. Lesi\u00f3n del cr\u00e9dito por parte del acreedor<\/p>\n<p class=\"IG_1\" lang=\"es-ES\">II. Lesi\u00f3n del cr\u00e9dito por parte de tercero<\/p>\n<p class=\"IG_CapituloNumero\" lang=\"es-ES\">CAP\u00cdTULO QUINTO<\/p>\n<p class=\"IG_Capitulo\" lang=\"es-ES\">RESOLUCI\u00d3N EN LAS OBLIGACIONES SINALAGM\u00c1TICAS<\/p>\n<p class=\"IG_1\" lang=\"es-ES\">I. La resoluci\u00f3n contractual como medio de tutela en las obligaciones sinalagm\u00e1ticas<\/p>\n<p class=\"IG_1\" lang=\"es-ES\">II. Requisitos de la resoluci\u00f3n<\/p>\n<p class=\"IG_1\" lang=\"es-ES\">III. La acci\u00f3n resolutoria<\/p>\n<p class=\"IG_1\" lang=\"es-ES\">IV. \u00bfPuede el deudor enervar la acci\u00f3n pagando durante el juicio?<\/p>\n<p class=\"IG_1\" lang=\"es-ES\">V. Efectos de la resoluci\u00f3n<\/p>\n<p class=\"IG_1\" lang=\"es-ES\">VI. Pactos resolutorios<\/p>\n<p class=\"IG_CapituloNumero\" lang=\"es-ES\">CAP\u00cdTULO SEXTO<\/p>\n<p class=\"IG_Capitulo\" lang=\"es-ES\">EXCEPCI\u00d3N DE CONTRATO NO CUMPLIDO COMO MEDIO DE TUTELA EN LAS OBLIGACIONES SINALAGM\u00c1TICAS<\/p>\n<p class=\"IG_1\" lang=\"es-ES\">I. Consideraciones generales<\/p>\n<p class=\"IG_1\" lang=\"es-ES\">II. Requisitos<\/p>\n<p class=\"IG_1\" lang=\"es-ES\">III. Carga de la prueba de los requisitos<\/p>\n<p class=\"IG_1\" lang=\"es-ES\">IV. Efectos de la excepci\u00f3n<\/p>\n<p class=\"IG_1\" lang=\"es-ES\">V. Excepci\u00f3n por incumplimiento anticipado<\/p>\n<p class=\"IG_CapituloNumero\" lang=\"es-ES\">CAP\u00cdTULO S\u00c9PTIMO<\/p>\n<p class=\"IG_Capitulo\" lang=\"es-ES\">MEDIOS DE TUTELA PARA PRECAVER LA INSOLVENCIA<\/p>\n<p class=\"IG_1\" lang=\"es-ES\">I. Acci\u00f3n de medidas conservativas<\/p>\n<p class=\"IG_1\" lang=\"es-ES\">II. Acci\u00f3n oblicua o subrogatoria<\/p>\n<p class=\"IG_1\" lang=\"es-ES\">III. Acci\u00f3n directa<\/p>\n<p class=\"IG_1\" lang=\"es-ES\">IV. Acci\u00f3n pauliana o revocatoria<\/p>\n<p class=\"IG_1\" lang=\"es-ES\">V. Acci\u00f3n de beneficio de separaci\u00f3n<\/p>\n<p class=\"IG_CapituloNumero\" lang=\"es-ES\">CAP\u00cdTULO OCTAVO<\/p>\n<p class=\"IG_Capitulo\" lang=\"es-ES\">LIQUIDACI\u00d3N CONCURSAL, CESI\u00d3N DE BIENES Y PRELACI\u00d3N DE CR\u00c9DITOS<\/p>\n<p class=\"IG_1\" lang=\"es-ES\">I. Nociones generales sobre los procesos concursales<\/p>\n<p class=\"IG_1\" lang=\"es-ES\">II. Cesi\u00f3n de bienes<\/p>\n<p class=\"IG_1\" lang=\"es-ES\">III. Prelaci\u00f3n de cr\u00e9ditos. Cuestiones generales<\/p>\n<p class=\"IG_1\" lang=\"es-ES\">IV. Clases de cr\u00e9ditos en relaci\u00f3n con su preferencia<\/p>\n<p class=\"IG_1\" lang=\"es-ES\">V. \u00bfC\u00f3mo concurren los acreedores?<\/p>\n<p class=\"IG_Seccion\" lang=\"es-ES\">QUINTA PARTE<br \/>\nOBLIGACIONES DE GARANT\u00cdA O CAUCIONES<\/p>\n<p class=\"IG_CapituloNumero\" lang=\"es-ES\">CAP\u00cdTULO PRIMERO<\/p>\n<p class=\"IG_Capitulo\" lang=\"es-ES\">FUNCI\u00d3N DE LAS OBLIGACIONES DE GARANT\u00cdA<\/p>\n<p class=\"IG_1\" lang=\"es-ES\">I. Cauci\u00f3n y garant\u00eda<\/p>\n<p class=\"IG_1\" lang=\"es-ES\">II. Contratos de garant\u00eda<\/p>\n<p class=\"IG_CapituloNumero\" lang=\"es-ES\">CAP\u00cdTULO SEGUNDO<\/p>\n<p class=\"IG_Capitulo\" lang=\"es-ES\">OBLIGACI\u00d3N DEL FIADOR Y DEL CODEUDOR SOLIDARIO NO INTERESADO<\/p>\n<p class=\"IG_1\" lang=\"es-ES\">I. La obligaci\u00f3n subsidiaria<\/p>\n<p class=\"IG_1\" lang=\"es-ES\">II. Otras garant\u00edas similares a la fianza<\/p>\n<p class=\"IG_1\" lang=\"es-ES\">III. La solidaridad en garant\u00eda<\/p>\n<p class=\"IG_CapituloNumero\" lang=\"es-ES\">CAP\u00cdTULO TERCERO<\/p>\n<p class=\"IG_Capitulo\" lang=\"es-ES\">LA CL\u00c1USULA (CONTRATO) PENAL<\/p>\n<p class=\"IG_1\" lang=\"es-ES\">I. Origen hist\u00f3rico y recepci\u00f3n en el C\u00f3digo Civil chileno<\/p>\n<p class=\"IG_1\" lang=\"es-ES\">II. Concepto, naturaleza y funciones<\/p>\n<p class=\"IG_1\" lang=\"es-ES\">III. Requisitos constitutivos<\/p>\n<p class=\"IG_1\" lang=\"es-ES\">IV. Clases de cl\u00e1usulas penales<\/p>\n<p class=\"IG_1\" lang=\"es-ES\">V. Exigibilidad de la obligaci\u00f3n penal<\/p>\n<p class=\"IG_1\" lang=\"es-ES\">VI. Medios de tutela de la obligaci\u00f3n penal<\/p>\n<p class=\"IG_1\" lang=\"es-ES\">VII. Control judicial del contrato penal<\/p>\n<p class=\"IG_CapituloNumero\" lang=\"es-ES\">CAP\u00cdTULO CUARTO<\/p>\n<p class=\"IG_Capitulo\" lang=\"es-ES\">LAS ARRAS EN GARANT\u00cdA<\/p>\n<p class=\"IG_1\" lang=\"es-ES\">I. Las arras. Concepto y funciones<\/p>\n<p class=\"IG_1\" lang=\"es-ES\">II. Clases de arras<\/p>\n<p class=\"IG_CapituloNumero\" lang=\"es-ES\">CAP\u00cdTULO QUINTO<\/p>\n<p class=\"IG_Capitulo\" lang=\"es-ES\">EL DERECHO DE RETENCI\u00d3N<\/p>\n<p class=\"IG_1\" lang=\"es-ES\">I. Casos en los que la ley establece este derecho<\/p>\n<p class=\"IG_1\" lang=\"es-ES\">II. Requisitos de procedencia<\/p>\n<p class=\"IG_1\" lang=\"es-ES\">III. Efectos<\/p>\n<p class=\"IG_1\" lang=\"es-ES\">IV. \u00bfEl derecho legal de retenci\u00f3n es un derecho real?<\/p>\n<p class=\"IG_1\" lang=\"es-ES\">V. Funciones del derecho de retenci\u00f3n y excepci\u00f3n de contrato no cumplido<\/p>\n<p class=\"IG_CapituloNumero\" lang=\"es-ES\">CAP\u00cdTULO SEXTO<\/p>\n<p class=\"IG_Capitulo\" lang=\"es-ES\">OBLIGACIONES DERIVADAS DE DERECHOS REALES DE GARANT\u00cdA<\/p>\n<p class=\"IG_1\" lang=\"es-ES\">I. Los derechos reales de garant\u00eda<\/p>\n<p class=\"IG_1\" lang=\"es-ES\">II. La obligaci\u00f3n principal y la garant\u00eda real<\/p>\n<p class=\"IG_1\" lang=\"es-ES\">III. Ejecuci\u00f3n de la garant\u00eda<\/p>\n<p class=\"IG_Seccion\" lang=\"es-ES\">SEXTA PARTE<br \/>\nMODIFICACIONES, TRANSMISI\u00d3N Y ASUNCI\u00d3N DE OBLIGACIONES<\/p>\n<p class=\"IG_CapituloNumero\" lang=\"es-ES\">CAP\u00cdTULO PRIMERO<\/p>\n<p class=\"IG_Capitulo\" lang=\"es-ES\">LA NOVACI\u00d3N<\/p>\n<p class=\"IG_1\" lang=\"es-ES\">I. Origen hist\u00f3rico y recepci\u00f3n en el C\u00f3digo Civil<\/p>\n<p class=\"IG_1\" lang=\"es-ES\">II. Concepto, naturaleza y caracteres<\/p>\n<p class=\"IG_1\" lang=\"es-ES\">III. El contrato de novaci\u00f3n<\/p>\n<p class=\"IG_1\" lang=\"es-ES\">IV. Clases de novaci\u00f3n<\/p>\n<p class=\"IG_1\" lang=\"es-ES\">V. Figuras de novaci\u00f3n por cambio de deudor: delegaci\u00f3n, expromisi\u00f3n y adpromisi\u00f3n<\/p>\n<p class=\"IG_1\" lang=\"es-ES\">VI. Efectos de la novaci\u00f3n<\/p>\n<p class=\"IG_1\" lang=\"es-ES\">VII. Reserva y renovaci\u00f3n de prendas e hipotecas<\/p>\n<p class=\"IG_CapituloNumero\" lang=\"es-ES\">CAP\u00cdTULO SEGUNDO<\/p>\n<p class=\"IG_Capitulo\" lang=\"es-ES\">MODIFICACIONES SUBJETIVAS NO NOVATORIAS<\/p>\n<p class=\"IG_1\" lang=\"es-ES\">I. Delegaci\u00f3n imperfecta y adpromisi\u00f3n<\/p>\n<p class=\"IG_1\" lang=\"es-ES\">II. Cesi\u00f3n de cr\u00e9ditos y de derechos<\/p>\n<p class=\"IG_1\" lang=\"es-ES\">III. Pago con subrogaci\u00f3n (remisi\u00f3n)<\/p>\n<p class=\"IG_1\" lang=\"es-ES\">IV. Asunci\u00f3n de deudas<\/p>\n<p class=\"IG_1\" lang=\"es-ES\">V. Cesi\u00f3n de derechos contractuales<\/p>\n<p class=\"IG_CapituloNumero\" lang=\"es-ES\">CAP\u00cdTULO TERCERO<\/p>\n<p class=\"IG_Capitulo\" lang=\"es-ES\">MODIFICACIONES OBJETIVAS NO NOVATORIAS<\/p>\n<p class=\"IG_1\" lang=\"es-ES\">I. Modificaci\u00f3n de modalidades<\/p>\n<p class=\"IG_1\" lang=\"es-ES\">II. Modificaci\u00f3n de la prestaci\u00f3n y del lugar de pago<\/p>\n<p class=\"IG_CapituloNumero\" lang=\"es-ES\">CAP\u00cdTULO CUARTO<\/p>\n<p class=\"IG_Capitulo\" lang=\"es-ES\">TRANSMISI\u00d3N DE LAS OBLIGACIONES<\/p>\n<p class=\"IG_1\" lang=\"es-ES\">I. Transmisi\u00f3n\u00a0<span class=\"TextoI\" lang=\"\">mortis causa<\/span><\/p>\n<p class=\"IG_1\" lang=\"es-ES\">II. Transmisi\u00f3n de las deudas hereditarias<\/p>\n<p class=\"IG_1\" lang=\"es-ES\">III. Asignaci\u00f3n de las deudas testamentarias<\/p>\n<p class=\"IG_1\" lang=\"es-ES\">IV. Transmisi\u00f3n de los cr\u00e9ditos<\/p>\n<p class=\"IG_Seccion\" lang=\"es-ES\">S\u00c9PTIMA PARTE<br \/>\nLA EXTINCI\u00d3N DE LAS OBLIGACIONES<\/p>\n<p class=\"IG_CapituloNumero\" lang=\"es-ES\">CAP\u00cdTULO PRIMERO<\/p>\n<p class=\"IG_Capitulo\" lang=\"es-ES\">NOCIONES GENERALES<\/p>\n<p class=\"IG_1\" lang=\"es-ES\">I. Concepto y enumeraci\u00f3n<\/p>\n<p class=\"IG_1\" lang=\"es-ES\">II. Clasificaci\u00f3n<\/p>\n<p class=\"IG_1\" lang=\"es-ES\">III. Efectos<\/p>\n<p class=\"IG_CapituloNumero\" lang=\"es-ES\">CAP\u00cdTULO SEGUNDO<\/p>\n<p class=\"IG_Capitulo\" lang=\"es-ES\">MUTUO DISENSO Y VOLUNTAD UNILATERAL<\/p>\n<p class=\"IG_1\" lang=\"es-ES\">I. Mutuo disenso<\/p>\n<p class=\"IG_1\" lang=\"es-ES\">II. Voluntad unilateral<\/p>\n<p class=\"IG_CapituloNumero\" lang=\"es-ES\">CAP\u00cdTULO TERCERO<\/p>\n<p class=\"IG_Capitulo\" lang=\"es-ES\">REMISI\u00d3N, CONFUSI\u00d3N Y COMPENSACI\u00d3N<\/p>\n<p class=\"IG_1\" lang=\"es-ES\">I. Remisi\u00f3n o condonaci\u00f3n<\/p>\n<p class=\"IG_1\" lang=\"es-ES\">II. La confusi\u00f3n<\/p>\n<p class=\"IG_1\" lang=\"es-ES\">III. La compensaci\u00f3n<\/p>\n<p class=\"IG_CapituloNumero\" lang=\"es-ES\">CAP\u00cdTULO CUARTO<\/p>\n<p class=\"IG_Capitulo\" lang=\"es-ES\">IMPOSIBILIDAD ABSOLUTA SOBREVENIDA Y RIESGO DEL CONTRATO<\/p>\n<p class=\"IG_1\" lang=\"es-ES\">I. Imposibilidad sobrevenida y p\u00e9rdida de la cosa debida<\/p>\n<p class=\"IG_1\" lang=\"es-ES\">II. La p\u00e9rdida de la cosa debida en las obligaciones de dar<\/p>\n<p class=\"IG_1\" lang=\"es-ES\">III. Imposibilidad en obligaciones de hacer y no hacer<\/p>\n<p class=\"IG_1\" lang=\"es-ES\">IV. Imposibilidad parcial y temporal<\/p>\n<p class=\"IG_1\" lang=\"es-ES\">V. Extinci\u00f3n del contrato por el riesgo<\/p>\n<p class=\"IG_CapituloNumero\" lang=\"es-ES\">CAP\u00cdTULO QUINTO<\/p>\n<p class=\"IG_Capitulo\" lang=\"es-ES\">LA PRESCRIPCI\u00d3N EXTINTIVA O LIBERATORIA<\/p>\n<p class=\"IG_1\" lang=\"es-ES\">I. Nociones generales<\/p>\n<p class=\"IG_1\" lang=\"es-ES\">II. Requisitos<\/p>\n<p class=\"IG_1\" lang=\"es-ES\">III. Prescripciones de largo tiempo<\/p>\n<p class=\"IG_1\" lang=\"es-ES\">IV. Prescripciones de corto tiempo<\/p>\n<p class=\"IG_1\" lang=\"es-ES\">V. La interrupci\u00f3n de la prescripci\u00f3n<\/p>\n<p class=\"IG_1\" lang=\"es-ES\">VI. La suspensi\u00f3n de la prescripci\u00f3n<\/p>\n<p class=\"IG_1\" lang=\"es-ES\">VII. Prescripci\u00f3n y caducidad<\/p>\n<p class=\"IG_1\" lang=\"es-ES\">\u00cdndice tem\u00e1tico<\/p>\n<\/div>\n<\/div>\n","protected":false},"excerpt":{"rendered":"<p>Buscas un libro Jur\u00eddico.? Lo puedes encontrar en nuestra tienda virtual.<br \/>\nContamos con prestigiosos autores y muchas alternativas en sus diferentes materias al igual que grandes descuentos.! Vis\u00edtanos en <a class=\"FYFwKXYNhRNjjSvOyrNhgyvQhtApFmdaFNvUxIg \" tabindex=\"0\" href=\"https:\/\/lnkd.in\/eiAG7jdZ\" target=\"_blank\" rel=\"noopener\" data-test-app-aware-link=\"\">https:\/\/lnkd.in\/eiAG7jdZ<\/a><br \/>\nEscr\u00edbenos al +56930565235 \/ <a class=\"FYFwKXYNhRNjjSvOyrNhgyvQhtApFmdaFNvUxIg \" tabindex=\"0\" href=\"mailto:ventaslegallexglobal@gmail.com\" target=\"_self\" data-test-app-aware-link=\"\">ventaslegallexglobal@gmail.com<\/a><br \/>\nHacemos env\u00edos a todo Chile \u2013 Starken o Correos Chile \/ Te esperamos<\/p>\n","protected":false},"featured_media":4402,"comment_status":"open","ping_status":"closed","template":"","meta":{"inline_featured_image":false,"_joinchat":[]},"product_brand":[],"product_cat":[27,42],"product_tag":[],"class_list":{"0":"post-4372","1":"product","2":"type-product","3":"status-publish","4":"has-post-thumbnail","6":"product_cat-civil","7":"product_cat-thomson-reuters","8":"product_shipping_class-a-convenir","10":"first","11":"instock","12":"sale","13":"shipping-taxable","14":"purchasable","15":"product-type-simple"},"_links":{"self":[{"href":"https:\/\/bibliotecajuridicavirtual.cl\/index.php\/wp-json\/wp\/v2\/product\/4372","targetHints":{"allow":["GET"]}}],"collection":[{"href":"https:\/\/bibliotecajuridicavirtual.cl\/index.php\/wp-json\/wp\/v2\/product"}],"about":[{"href":"https:\/\/bibliotecajuridicavirtual.cl\/index.php\/wp-json\/wp\/v2\/types\/product"}],"replies":[{"embeddable":true,"href":"https:\/\/bibliotecajuridicavirtual.cl\/index.php\/wp-json\/wp\/v2\/comments?post=4372"}],"wp:featuredmedia":[{"embeddable":true,"href":"https:\/\/bibliotecajuridicavirtual.cl\/index.php\/wp-json\/wp\/v2\/media\/4402"}],"wp:attachment":[{"href":"https:\/\/bibliotecajuridicavirtual.cl\/index.php\/wp-json\/wp\/v2\/media?parent=4372"}],"wp:term":[{"taxonomy":"product_brand","embeddable":true,"href":"https:\/\/bibliotecajuridicavirtual.cl\/index.php\/wp-json\/wp\/v2\/product_brand?post=4372"},{"taxonomy":"product_cat","embeddable":true,"href":"https:\/\/bibliotecajuridicavirtual.cl\/index.php\/wp-json\/wp\/v2\/product_cat?post=4372"},{"taxonomy":"product_tag","embeddable":true,"href":"https:\/\/bibliotecajuridicavirtual.cl\/index.php\/wp-json\/wp\/v2\/product_tag?post=4372"}],"curies":[{"name":"wp","href":"https:\/\/api.w.org\/{rel}","templated":true}]}}