{"id":4379,"date":"2026-02-28T01:25:10","date_gmt":"2026-02-28T04:25:10","guid":{"rendered":"https:\/\/bibliotecajuridicavirtual.cl\/?post_type=product&#038;p=4379"},"modified":"2026-02-28T01:25:30","modified_gmt":"2026-02-28T04:25:30","slug":"derecho-a-la-transparencia-evaluacion-de-la-regulacion-de-la-transparencia-de-la-funcion-publica-y-su-eficacia-in-praxis-ano-2023-209-pag-autor-lorayne-finol-romero","status":"publish","type":"product","link":"https:\/\/bibliotecajuridicavirtual.cl\/index.php\/product\/derecho-a-la-transparencia-evaluacion-de-la-regulacion-de-la-transparencia-de-la-funcion-publica-y-su-eficacia-in-praxis-ano-2023-209-pag-autor-lorayne-finol-romero\/","title":{"rendered":"Derecho a la Transparencia. Evaluaci\u00f3n de la Regulaci\u00f3n de la Transparencia de la Funci\u00f3n P\u00fablica y su Eficacia in praxis. A\u00f1o 2023\/ 209 P\u00e1g. Autor Lorayne Finol Romero"},"content":{"rendered":"<p>En este trabajo se analiza el problema de la regulaci\u00f3n incompleta de la transparencia en la funci\u00f3n p\u00fablica como premisa central del debilitamiento de la gobernabilidad democr\u00e1tica en Am\u00e9rica Latina. La metodolog\u00eda se bas\u00f3 en una evaluaci\u00f3n de seguimiento de procesos -process tracing- y permiti\u00f3 examinar por qu\u00e9 la juridificaci\u00f3n de la transparencia, reconocida al mismo tiempo como garant\u00eda del derecho de acceso a la informaci\u00f3n y el principio del gobierno abierto no ha tenido el \u00e9xito esperado contra el fen\u00f3meno de la corrupci\u00f3n. Entre los hallazgos, se contrasta el alcance material normativo de las leyes de transparencia en una muestra de pa\u00edses latinoamericanos, concluyendo que una ley garante del derecho de acceso a la informaci\u00f3n es insuficiente para exigir abrir la caja negra del Estado. Por otra parte, tambi\u00e9n se abordan desaf\u00edos de la gobernanza a trav\u00e9s de datos abiertos, todo lo cual cobra m\u00e1s fuerza en una sociedad globalmente interconectada, donde los procesos de toma de decisiones p\u00fablicas se han automatizado y las decisiones est\u00e1n basadas en lo que se conoce en como data-driven, bajo el imperativo que abrir los datos genera confianza en la democracia y limitan la subjetividad en las decisiones, sin embargo, \u00e9stas avanzan sin est\u00e1ndares adecuados de transparencia algor\u00edtmica. A modo de epilogo, se exponen riesgos de la afectaci\u00f3n de otros derechos fundamentales como la privacidad y se proponen criterios doctrinales para futuras reformas normativas.<\/p>\n<p>&nbsp;<\/p>\n","protected":false},"excerpt":{"rendered":"<p>En este trabajo se analiza el problema de la regulaci\u00f3n incompleta de la transparencia en la funci\u00f3n p\u00fablica como premisa central del debilitamiento de la gobernabilidad democr\u00e1tica en Am\u00e9rica Latina. La metodolog\u00eda se bas\u00f3 en una evaluaci\u00f3n de seguimiento de procesos -process tracing- y permiti\u00f3 examinar por qu\u00e9 la juridificaci\u00f3n de la transparencia, reconocida al mismo tiempo como garant\u00eda del derecho de acceso a la informaci\u00f3n y el principio del gobierno abierto no ha tenido el \u00e9xito esperado contra el fen\u00f3meno de la corrupci\u00f3n. Entre los hallazgos, se contrasta el alcance material normativo de las leyes de transparencia en una muestra de pa\u00edses latinoamericanos, concluyendo que una ley garante del derecho de acceso a la informaci\u00f3n es insuficiente para exigir abrir la caja negra del Estado. Por otra parte, tambi\u00e9n se abordan desaf\u00edos de la gobernanza a trav\u00e9s de datos abiertos, todo lo cual cobra m\u00e1s fuerza en una sociedad globalmente interconectada, donde los procesos de toma de decisiones p\u00fablicas se han automatizado y las decisiones est\u00e1n basadas en lo que se conoce en como data-driven, bajo el imperativo que abrir los datos genera confianza en la democracia y limitan la subjetividad en las decisiones, sin embargo, \u00e9stas avanzan sin est\u00e1ndares adecuados de transparencia algor\u00edtmica. A modo de epilogo, se exponen riesgos de la afectaci\u00f3n de otros derechos fundamentales como la privacidad y se proponen criterios doctrinales para futuras reformas normativas. &nbsp;<\/p>\n","protected":false},"featured_media":4409,"comment_status":"open","ping_status":"closed","template":"","meta":{"inline_featured_image":false,"_joinchat":[]},"product_brand":[],"product_cat":[33],"product_tag":[],"class_list":{"0":"post-4379","1":"product","2":"type-product","3":"status-publish","4":"has-post-thumbnail","6":"product_cat-constitucional","7":"product_shipping_class-a-convenir","9":"first","10":"instock","11":"shipping-taxable","12":"purchasable","13":"product-type-simple"},"_links":{"self":[{"href":"https:\/\/bibliotecajuridicavirtual.cl\/index.php\/wp-json\/wp\/v2\/product\/4379","targetHints":{"allow":["GET"]}}],"collection":[{"href":"https:\/\/bibliotecajuridicavirtual.cl\/index.php\/wp-json\/wp\/v2\/product"}],"about":[{"href":"https:\/\/bibliotecajuridicavirtual.cl\/index.php\/wp-json\/wp\/v2\/types\/product"}],"replies":[{"embeddable":true,"href":"https:\/\/bibliotecajuridicavirtual.cl\/index.php\/wp-json\/wp\/v2\/comments?post=4379"}],"wp:featuredmedia":[{"embeddable":true,"href":"https:\/\/bibliotecajuridicavirtual.cl\/index.php\/wp-json\/wp\/v2\/media\/4409"}],"wp:attachment":[{"href":"https:\/\/bibliotecajuridicavirtual.cl\/index.php\/wp-json\/wp\/v2\/media?parent=4379"}],"wp:term":[{"taxonomy":"product_brand","embeddable":true,"href":"https:\/\/bibliotecajuridicavirtual.cl\/index.php\/wp-json\/wp\/v2\/product_brand?post=4379"},{"taxonomy":"product_cat","embeddable":true,"href":"https:\/\/bibliotecajuridicavirtual.cl\/index.php\/wp-json\/wp\/v2\/product_cat?post=4379"},{"taxonomy":"product_tag","embeddable":true,"href":"https:\/\/bibliotecajuridicavirtual.cl\/index.php\/wp-json\/wp\/v2\/product_tag?post=4379"}],"curies":[{"name":"wp","href":"https:\/\/api.w.org\/{rel}","templated":true}]}}