{"id":4380,"date":"2026-02-28T01:25:10","date_gmt":"2026-02-28T04:25:10","guid":{"rendered":"https:\/\/bibliotecajuridicavirtual.cl\/?post_type=product&#038;p=4380"},"modified":"2026-02-28T01:25:31","modified_gmt":"2026-02-28T04:25:31","slug":"responsabilidad-civil-por-danos-climaticos-en-el-derecho-chileno-y-comparado-ano-2023-1-065-pag-autor-cristian-antonio-banfi-del-rio","status":"publish","type":"product","link":"https:\/\/bibliotecajuridicavirtual.cl\/index.php\/product\/responsabilidad-civil-por-danos-climaticos-en-el-derecho-chileno-y-comparado-ano-2023-1-065-pag-autor-cristian-antonio-banfi-del-rio\/","title":{"rendered":"Responsabilidad Civil por Da\u00f1os Clim\u00e1ticos en el Derecho Chileno y Comparado. A\u00f1o 2023\/ 1.065 P\u00e1g. Autor Cristi\u00e1n Antonio Banfi del R\u00edo"},"content":{"rendered":"<p>Este libro describe, relaciona y reflexiona acerca\u00a0de un conjunto de conceptos, doctrinas y aproximaciones\u00a0cient\u00edficas, econ\u00f3micas, \u00e9ticas, filos\u00f3ficas,\u00a0pol\u00edticas, sociol\u00f3gicas y jur\u00eddicas (tanto del\u00a0derecho civil como del common law) sobre el\u00a0cambio clim\u00e1tico. El autor argumenta que la\u00a0responsabilidad civil extracontractual, no s\u00f3lo\u00a0como cuerpo normativo sino ante todo como\u00a0sistema que opera en la pr\u00e1ctica mediante los\u00a0tribunales de justicia y las compa\u00f1\u00edas de seguros,\u00a0entre otras instituciones, puede aportar, limitadamente,<br \/>\na trav\u00e9s de sus funciones o tareas resarcitoria,\u00a0preventiva, retributiva, distributiva y regulatoria,\u00a0a la mitigaci\u00f3n, adaptaci\u00f3n y resiliencia<br \/>\nfrente a las secuelas catastr\u00f3ficas del calentamiento\u00a0global producido por las emisiones de\u00a0gases de efecto invernadero de origen antropog\u00e9nico.<br \/>\nEl autor analiza rigurosamente la causalidad\u00a0gen\u00e9rica y espec\u00edfica, y deja en evidencia la suma\u00a0dificultad para acreditar dicho elemento en juicio,\u00a0erigi\u00e9ndose en el principal \u00f3bice para reparar los\u00a0da\u00f1os ambientales y personales derivados del\u00a0cambio clim\u00e1tico. En suma, este libro hace una\u00a0contribuci\u00f3n significativa al debate dogm\u00e1tico\u00a0chileno y comparado sobre el presente y devenir\u00a0de la responsabilidad civil frente a uno de los\u00a0riesgos m\u00e1s graves que enfrenta la humanidad.<\/p>\n<ol>\n<li style=\"font-weight: 400;\">Cambio clim\u00e1tico<br \/>\n2. Ideas centrales<\/li>\n<\/ol>\n<p style=\"font-weight: 400;\"><b><strong>CAP\u00cdTULO I<\/strong><\/b><br \/>\n<b><strong>ASPECTOS B\u00c1SICOS DEL CAMBIO CLIM\u00c1TICO<\/strong><\/b><\/p>\n<p>1. Rese\u00f1a hist\u00f3rico-cient\u00edfica del cambio clim\u00e1tico antropog\u00e9nico<br \/>\n2. Causalidad<br \/>\n3. Fines y tareas fundamentales ante el cambio clim\u00e1tico<br \/>\n4. \u00c9tica ambiental y cambio clim\u00e1tico<br \/>\n5. Cambio clim\u00e1tico, derechos humanos y desarrollo sostenible<br \/>\n6. Econom\u00eda, propiedad y cambio clim\u00e1tico<br \/>\n7. Cambio clim\u00e1tico: un fen\u00f3meno disruptivo del derecho<br \/>\n8. Regulaci\u00f3n del cambio clim\u00e1tico en Chile<\/p>\n<p style=\"font-weight: 400;\"><b><strong>CAP\u00cdTULO II<\/strong><\/b><br \/>\n<b><strong>FUNCIONES DE LA RESPONSABILIDAD CIVIL ANTE LOS RIESGOS Y DA\u00d1OS CLIM\u00c1TICOS<\/strong><\/b><\/p>\n<ol>\n<li style=\"font-weight: 400;\">Aspectos preliminares<br \/>\n2. Sistema de RE<br \/>\n3. Funci\u00f3n resarcitoria<br \/>\n4. Funci\u00f3n disuasoria de conductas il\u00edcitas perjudiciales<br \/>\n5. Funci\u00f3n sancionadora de il\u00edcitos dolosos o sumamente imprudentes<br \/>\n6. Funci\u00f3n distributiva: complementaria o sustitutiva del seguro<\/li>\n<\/ol>\n<p style=\"font-weight: 400;\"><b><strong>CAP\u00cdTULO III<\/strong><\/b><br \/>\n<b><strong>ELEMENTOS DE LA RESPONSABILIDAD CIVIL POR DA\u00d1O CLIM\u00c1TICO<\/strong><\/b><\/p>\n<ol>\n<li style=\"font-weight: 400;\">Da\u00f1o<br \/>\n2. Infracci\u00f3n de un deber de cuidado<br \/>\n3. Nexo causal (necesario y directo) entre la emisi\u00f3n del GEI y el da\u00f1o<br \/>\n4. Causalidad compleja<\/li>\n<\/ol>\n","protected":false},"excerpt":{"rendered":"<p>Este libro describe, relaciona y reflexiona acerca\u00a0de un conjunto de conceptos, doctrinas y aproximaciones\u00a0cient\u00edficas, econ\u00f3micas, \u00e9ticas, filos\u00f3ficas,\u00a0pol\u00edticas, sociol\u00f3gicas y jur\u00eddicas (tanto del\u00a0derecho civil como del common law) sobre el\u00a0cambio clim\u00e1tico. El autor argumenta que la\u00a0responsabilidad civil extracontractual, no s\u00f3lo\u00a0como cuerpo normativo sino ante todo como\u00a0sistema que opera en la pr\u00e1ctica mediante los\u00a0tribunales de justicia y las compa\u00f1\u00edas de seguros,\u00a0entre otras instituciones, puede aportar, limitadamente, a trav\u00e9s de sus funciones o tareas resarcitoria,\u00a0preventiva, retributiva, distributiva y regulatoria,\u00a0a la mitigaci\u00f3n, adaptaci\u00f3n y resiliencia frente a las secuelas catastr\u00f3ficas del calentamiento\u00a0global producido por las emisiones de\u00a0gases de efecto invernadero de origen antropog\u00e9nico. El autor analiza rigurosamente la causalidad\u00a0gen\u00e9rica y espec\u00edfica, y deja en evidencia la suma\u00a0dificultad para acreditar dicho elemento en juicio,\u00a0erigi\u00e9ndose en el principal \u00f3bice para reparar los\u00a0da\u00f1os ambientales y personales derivados del\u00a0cambio clim\u00e1tico. En suma, este libro hace una\u00a0contribuci\u00f3n significativa al debate dogm\u00e1tico\u00a0chileno y comparado sobre el presente y devenir\u00a0de la responsabilidad civil frente a uno de los\u00a0riesgos m\u00e1s graves que enfrenta la humanidad. Cambio clim\u00e1tico 2. Ideas centrales CAP\u00cdTULO I ASPECTOS B\u00c1SICOS DEL CAMBIO CLIM\u00c1TICO 1. Rese\u00f1a hist\u00f3rico-cient\u00edfica del cambio clim\u00e1tico antropog\u00e9nico 2. Causalidad 3. Fines y tareas fundamentales ante el cambio clim\u00e1tico 4. \u00c9tica ambiental y cambio clim\u00e1tico 5. Cambio clim\u00e1tico, derechos humanos y desarrollo sostenible 6. Econom\u00eda, propiedad y cambio clim\u00e1tico 7. Cambio clim\u00e1tico: un fen\u00f3meno disruptivo del derecho 8. Regulaci\u00f3n del cambio clim\u00e1tico en Chile CAP\u00cdTULO II FUNCIONES DE LA RESPONSABILIDAD CIVIL ANTE LOS RIESGOS Y DA\u00d1OS CLIM\u00c1TICOS Aspectos preliminares 2. Sistema de RE 3. Funci\u00f3n resarcitoria 4. Funci\u00f3n disuasoria de conductas il\u00edcitas perjudiciales 5. Funci\u00f3n sancionadora de il\u00edcitos dolosos o sumamente imprudentes 6. Funci\u00f3n distributiva: complementaria o sustitutiva del seguro CAP\u00cdTULO III ELEMENTOS DE LA RESPONSABILIDAD CIVIL POR DA\u00d1O CLIM\u00c1TICO Da\u00f1o 2. Infracci\u00f3n de un deber de cuidado 3. Nexo causal (necesario y directo) entre la emisi\u00f3n del GEI y el da\u00f1o 4. Causalidad compleja<\/p>\n","protected":false},"featured_media":4410,"comment_status":"open","ping_status":"closed","template":"","meta":{"inline_featured_image":false,"_joinchat":[]},"product_brand":[],"product_cat":[27],"product_tag":[],"class_list":{"0":"post-4380","1":"product","2":"type-product","3":"status-publish","4":"has-post-thumbnail","6":"product_cat-civil","7":"product_shipping_class-a-convenir","9":"first","10":"instock","11":"shipping-taxable","12":"purchasable","13":"product-type-simple"},"_links":{"self":[{"href":"https:\/\/bibliotecajuridicavirtual.cl\/index.php\/wp-json\/wp\/v2\/product\/4380","targetHints":{"allow":["GET"]}}],"collection":[{"href":"https:\/\/bibliotecajuridicavirtual.cl\/index.php\/wp-json\/wp\/v2\/product"}],"about":[{"href":"https:\/\/bibliotecajuridicavirtual.cl\/index.php\/wp-json\/wp\/v2\/types\/product"}],"replies":[{"embeddable":true,"href":"https:\/\/bibliotecajuridicavirtual.cl\/index.php\/wp-json\/wp\/v2\/comments?post=4380"}],"wp:featuredmedia":[{"embeddable":true,"href":"https:\/\/bibliotecajuridicavirtual.cl\/index.php\/wp-json\/wp\/v2\/media\/4410"}],"wp:attachment":[{"href":"https:\/\/bibliotecajuridicavirtual.cl\/index.php\/wp-json\/wp\/v2\/media?parent=4380"}],"wp:term":[{"taxonomy":"product_brand","embeddable":true,"href":"https:\/\/bibliotecajuridicavirtual.cl\/index.php\/wp-json\/wp\/v2\/product_brand?post=4380"},{"taxonomy":"product_cat","embeddable":true,"href":"https:\/\/bibliotecajuridicavirtual.cl\/index.php\/wp-json\/wp\/v2\/product_cat?post=4380"},{"taxonomy":"product_tag","embeddable":true,"href":"https:\/\/bibliotecajuridicavirtual.cl\/index.php\/wp-json\/wp\/v2\/product_tag?post=4380"}],"curies":[{"name":"wp","href":"https:\/\/api.w.org\/{rel}","templated":true}]}}