{"id":4382,"date":"2026-02-28T01:25:10","date_gmt":"2026-02-28T04:25:10","guid":{"rendered":"https:\/\/bibliotecajuridicavirtual.cl\/?post_type=product&#038;p=4382"},"modified":"2026-02-28T01:25:35","modified_gmt":"2026-02-28T04:25:35","slug":"el-dano-moral-contractual-definicion-procedencia-funcion-limites-prueba-y-monto-ano-2023-644-pag-autor-inigo-de-la-maza-gazmuri","status":"publish","type":"product","link":"https:\/\/bibliotecajuridicavirtual.cl\/index.php\/product\/el-dano-moral-contractual-definicion-procedencia-funcion-limites-prueba-y-monto-ano-2023-644-pag-autor-inigo-de-la-maza-gazmuri\/","title":{"rendered":"El Da\u00f1o Moral Contractual- Definici\u00f3n, Procedencia, Funci\u00f3n, L\u00edmites, Prueba y Monto. A\u00f1o 2023\/644 P\u00e1g. Autor \u00cd\u00f1igo de la Maza Gazmuri"},"content":{"rendered":"<p>Cualquiera que haya litigado suficientes casos de incumplimiento contractual, que haya dictado suficientes sentencias al respecto o quien las haya le\u00eddo, podr\u00e1 dar cuenta de lo siguiente: muy probablemente se demandar\u00e1 da\u00f1o moral.<\/p>\n<p>Existe, por tanto, un n\u00famero relevante de sentencias de la Corte Suprema que se hacen cargo del da\u00f1o moral frente a incumplimientos contractuales. Por otra parte, aun cuando no haya sentencias de la Corte Suprema al respecto, habr\u00e1 que tener presente que, a partir de la entrada en vigencia de la Ley N\u00b021.081, que modifica la Ley N\u00b019.496 sobre Protecci\u00f3n de los Derechos de los Consumidores, el da\u00f1o moral procede respecto de las acciones colectivas. De manera que un contratante que act\u00faa como proveedor deber\u00eda pensar qu\u00e9 consecuencias puede tener que se le obligue a indemnizar el da\u00f1o moral a los cientos de miles de consumidores que contrataron con \u00e9l.<\/p>\n<p>El presente trabajo busca diagnosticar el estado actual de la cuesti\u00f3n del da\u00f1o moral frente a incumplimientos contractuales a trav\u00e9s de distintos aspectos que plantea esta partida indemnizatoria. Tales cuestiones son la definici\u00f3n, procedencia, funci\u00f3n, limitaciones, prueba y montos del da\u00f1o moral. La respuesta a estos temas permitir\u00e1 establecer cu\u00e1l es el enfoque de la Corte Suprema al respecto. El prop\u00f3sito de este libro, entonces, consiste en dar cuenta del estado de las cosas. No es, por consiguiente, un libro ensay\u00edstico, sino m\u00e1s bien uno descriptivo.<\/p>\n<p><strong>INTRODUCCI\u00d3N<\/strong><\/p>\n<p>1. La importancia del da\u00f1o moral en materia contractual<br \/>\n2. La situaci\u00f3n ante la Corte Suprema<br \/>\n3. Las preguntas<br \/>\n4. Este libro<br \/>\n5. Surge una academia<\/p>\n<p><strong>CAP\u00cdTULO I<\/strong><br \/>\n<strong>DEFINICI\u00d3N<\/strong><\/p>\n<p>1. Presentaci\u00f3n<br \/>\n2. La opini\u00f3n de la doctrina<br \/>\n2.1. A modo de s\u00edntesis<br \/>\n3. La opini\u00f3n de la Corte Suprema<br \/>\n3.1. A modo de s\u00edntesis<\/p>\n<p><strong>CAP\u00cdTULO II<\/strong><br \/>\n<strong>PROCEDENCIA<\/strong><\/p>\n<p>1. Presentaci\u00f3n<br \/>\n2. La opini\u00f3n de la doctrina<br \/>\n2.1. A modo de s\u00edntesis<br \/>\n3. La opini\u00f3n de la Corte Suprema<br \/>\n3.1. A modo de s\u00edntesis<\/p>\n<p><strong>CAP\u00cdTULO III<\/strong><br \/>\n<strong>FUNCI\u00d3N<\/strong><\/p>\n<p>1. Presentaci\u00f3n<br \/>\n2. La opini\u00f3n de la doctrina<br \/>\n2.1. A modo de s\u00edntesis<br \/>\n3. La opini\u00f3n de la Corte Suprema<br \/>\n3.1. A modo de s\u00edntesis<\/p>\n<p><strong>CAP\u00cdTULO IV<\/strong><br \/>\n<strong>LIMITACIONES<\/strong><\/p>\n<p>1. Presentaci\u00f3n<br \/>\n2. La opini\u00f3n de la doctrina<br \/>\n2.1. A modo de s\u00edntesis<br \/>\n3. La opini\u00f3n de la Corte Suprema<br \/>\n3.1. A modo de s\u00edntesis<\/p>\n<p><strong>CAP\u00cdTULO V<\/strong><br \/>\n<strong>PRUEBA<\/strong><\/p>\n<p>1. Presentaci\u00f3n<br \/>\n2. La opini\u00f3n de la doctrina<br \/>\n2.1. A modo de s\u00edntesis<br \/>\n3. La opini\u00f3n de la Corte Suprema<br \/>\n3.1. A modo de s\u00edntesis<\/p>\n<p><strong>CAP\u00cdTULO VI<\/strong><br \/>\n<strong>MONTO<\/strong><\/p>\n<p>1. Presentaci\u00f3n<br \/>\n2. La opini\u00f3n de la doctrina<br \/>\n2.1. A modo de s\u00edntesis<br \/>\n3. La opini\u00f3n de la Corte Suprema<br \/>\n3.1. A modo de s\u00edntesis<\/p>\n<p><strong>CAP\u00cdTULO VII<\/strong><br \/>\n<strong>UNA MIRADA AL DA\u00d1O MORAL INDIVIDUAL EN EL DERECHO DE CONSUMO<\/strong><\/p>\n<p>1. Un esc\u00e1ndalo en v\u00edas de domesticaci\u00f3n<br \/>\n2. La procedencia del da\u00f1o moral en el derecho del consumo<br \/>\n3. Las limitaciones del da\u00f1o moral en el derecho del consumo<br \/>\n3.1. La naturaleza de la responsabilidad derivada del art\u00edculo 3\u00b0 letra e)<br \/>\n3.2. La aplicaci\u00f3n del requisito de previsibilidad por los tribunales<br \/>\n3.3. Las molestias como supuesto de da\u00f1o moral indemnizable en la jurisprudencia<br \/>\n4. La prueba del da\u00f1o moral en el derecho del consumo<br \/>\n5. El monto de las indemnizaciones por da\u00f1o moral en el derecho del consumo<br \/>\n6. A modo de s\u00edntesis<\/p>\n<p><strong>CONCLUSI\u00d3N<\/strong><br \/>\n<strong>DOMESTICANDO EL DA\u00d1O MORAL EN MATERIA DE INCUMPLIMIENTO CONTRACTUAL<\/strong><\/p>\n<p>1. La situaci\u00f3n<br \/>\n2. Ascetismo conceptual<br \/>\n3. Justificar y limitar<br \/>\n4. Satisfacer, no reparar. La funci\u00f3n del da\u00f1o moral<br \/>\n5. La cuesti\u00f3n de la prueba<br \/>\n6. Corregir la arbitrariedad en la medida de lo posible<\/p>\n<p><strong>ANEXO<\/strong><br \/>\n<strong>FICHA DE SENTENCIAS (1 a 91)<\/strong><\/p>\n<p>&nbsp;<\/p>\n","protected":false},"excerpt":{"rendered":"<p>Cualquiera que haya litigado suficientes casos de incumplimiento contractual, que haya dictado suficientes sentencias al respecto o quien las haya le\u00eddo, podr\u00e1 dar cuenta de lo siguiente: muy probablemente se demandar\u00e1 da\u00f1o moral. Existe, por tanto, un n\u00famero relevante de sentencias de la Corte Suprema que se hacen cargo del da\u00f1o moral frente a incumplimientos contractuales. Por otra parte, aun cuando no haya sentencias de la Corte Suprema al respecto, habr\u00e1 que tener presente que, a partir de la entrada en vigencia de la Ley N\u00b021.081, que modifica la Ley N\u00b019.496 sobre Protecci\u00f3n de los Derechos de los Consumidores, el da\u00f1o moral procede respecto de las acciones colectivas. De manera que un contratante que act\u00faa como proveedor deber\u00eda pensar qu\u00e9 consecuencias puede tener que se le obligue a indemnizar el da\u00f1o moral a los cientos de miles de consumidores que contrataron con \u00e9l. El presente trabajo busca diagnosticar el estado actual de la cuesti\u00f3n del da\u00f1o moral frente a incumplimientos contractuales a trav\u00e9s de distintos aspectos que plantea esta partida indemnizatoria. Tales cuestiones son la definici\u00f3n, procedencia, funci\u00f3n, limitaciones, prueba y montos del da\u00f1o moral. La respuesta a estos temas permitir\u00e1 establecer cu\u00e1l es el enfoque de la Corte Suprema al respecto. El prop\u00f3sito de este libro, entonces, consiste en dar cuenta del estado de las cosas. No es, por consiguiente, un libro ensay\u00edstico, sino m\u00e1s bien uno descriptivo. INTRODUCCI\u00d3N 1. La importancia del da\u00f1o moral en materia contractual 2. La situaci\u00f3n ante la Corte Suprema 3. Las preguntas 4. Este libro 5. Surge una academia CAP\u00cdTULO I DEFINICI\u00d3N 1. Presentaci\u00f3n 2. La opini\u00f3n de la doctrina 2.1. A modo de s\u00edntesis 3. La opini\u00f3n de la Corte Suprema 3.1. A modo de s\u00edntesis CAP\u00cdTULO II PROCEDENCIA 1. Presentaci\u00f3n 2. La opini\u00f3n de la doctrina 2.1. A modo de s\u00edntesis 3. La opini\u00f3n de la Corte Suprema 3.1. A modo de s\u00edntesis CAP\u00cdTULO III FUNCI\u00d3N 1. Presentaci\u00f3n 2. La opini\u00f3n de la doctrina 2.1. A modo de s\u00edntesis 3. La opini\u00f3n de la Corte Suprema 3.1. A modo de s\u00edntesis CAP\u00cdTULO IV LIMITACIONES 1. Presentaci\u00f3n 2. La opini\u00f3n de la doctrina 2.1. A modo de s\u00edntesis 3. La opini\u00f3n de la Corte Suprema 3.1. A modo de s\u00edntesis CAP\u00cdTULO V PRUEBA 1. Presentaci\u00f3n 2. La opini\u00f3n de la doctrina 2.1. A modo de s\u00edntesis 3. La opini\u00f3n de la Corte Suprema 3.1. A modo de s\u00edntesis CAP\u00cdTULO VI MONTO 1. Presentaci\u00f3n 2. La opini\u00f3n de la doctrina 2.1. A modo de s\u00edntesis 3. La opini\u00f3n de la Corte Suprema 3.1. A modo de s\u00edntesis CAP\u00cdTULO VII UNA MIRADA AL DA\u00d1O MORAL INDIVIDUAL EN EL DERECHO DE CONSUMO 1. Un esc\u00e1ndalo en v\u00edas de domesticaci\u00f3n 2. La procedencia del da\u00f1o moral en el derecho del consumo 3. Las limitaciones del da\u00f1o moral en el derecho del consumo 3.1. La naturaleza de la responsabilidad derivada del art\u00edculo 3\u00b0 letra e) 3.2. La aplicaci\u00f3n del requisito de previsibilidad por los tribunales 3.3. Las molestias como supuesto de da\u00f1o moral indemnizable en la jurisprudencia 4. La prueba del da\u00f1o moral en el derecho del consumo 5. El monto de las indemnizaciones por da\u00f1o moral en el derecho del consumo 6. A modo de s\u00edntesis CONCLUSI\u00d3N DOMESTICANDO EL DA\u00d1O MORAL EN MATERIA DE INCUMPLIMIENTO CONTRACTUAL 1. La situaci\u00f3n 2. Ascetismo conceptual 3. Justificar y limitar 4. Satisfacer, no reparar. La funci\u00f3n del da\u00f1o moral 5. La cuesti\u00f3n de la prueba 6. Corregir la arbitrariedad en la medida de lo posible ANEXO FICHA DE SENTENCIAS (1 a 91) &nbsp;<\/p>\n","protected":false},"featured_media":4438,"comment_status":"open","ping_status":"closed","template":"","meta":{"inline_featured_image":false,"_joinchat":[]},"product_brand":[],"product_cat":[27],"product_tag":[],"class_list":{"0":"post-4382","1":"product","2":"type-product","3":"status-publish","4":"has-post-thumbnail","6":"product_cat-civil","7":"product_shipping_class-a-convenir","9":"first","10":"instock","11":"shipping-taxable","12":"purchasable","13":"product-type-simple"},"_links":{"self":[{"href":"https:\/\/bibliotecajuridicavirtual.cl\/index.php\/wp-json\/wp\/v2\/product\/4382","targetHints":{"allow":["GET"]}}],"collection":[{"href":"https:\/\/bibliotecajuridicavirtual.cl\/index.php\/wp-json\/wp\/v2\/product"}],"about":[{"href":"https:\/\/bibliotecajuridicavirtual.cl\/index.php\/wp-json\/wp\/v2\/types\/product"}],"replies":[{"embeddable":true,"href":"https:\/\/bibliotecajuridicavirtual.cl\/index.php\/wp-json\/wp\/v2\/comments?post=4382"}],"wp:featuredmedia":[{"embeddable":true,"href":"https:\/\/bibliotecajuridicavirtual.cl\/index.php\/wp-json\/wp\/v2\/media\/4438"}],"wp:attachment":[{"href":"https:\/\/bibliotecajuridicavirtual.cl\/index.php\/wp-json\/wp\/v2\/media?parent=4382"}],"wp:term":[{"taxonomy":"product_brand","embeddable":true,"href":"https:\/\/bibliotecajuridicavirtual.cl\/index.php\/wp-json\/wp\/v2\/product_brand?post=4382"},{"taxonomy":"product_cat","embeddable":true,"href":"https:\/\/bibliotecajuridicavirtual.cl\/index.php\/wp-json\/wp\/v2\/product_cat?post=4382"},{"taxonomy":"product_tag","embeddable":true,"href":"https:\/\/bibliotecajuridicavirtual.cl\/index.php\/wp-json\/wp\/v2\/product_tag?post=4382"}],"curies":[{"name":"wp","href":"https:\/\/api.w.org\/{rel}","templated":true}]}}