{"id":4411,"date":"2026-02-28T01:25:32","date_gmt":"2026-02-28T04:25:32","guid":{"rendered":"https:\/\/bibliotecajuridicavirtual.cl\/?post_type=product&#038;p=4411"},"modified":"2026-02-28T01:25:37","modified_gmt":"2026-02-28T04:25:37","slug":"ley-de-garantias-y-proteccion-integral-de-derechos-de-la-ninez-y-adolescencia-en-chile-analisis-critico-de-la-ley-n-21-430-ano-2023-226-pag-autor-sergio-henriquez-galindo","status":"publish","type":"product","link":"https:\/\/bibliotecajuridicavirtual.cl\/index.php\/product\/ley-de-garantias-y-proteccion-integral-de-derechos-de-la-ninez-y-adolescencia-en-chile-analisis-critico-de-la-ley-n-21-430-ano-2023-226-pag-autor-sergio-henriquez-galindo\/","title":{"rendered":"Ley de Garant\u00edas y Protecci\u00f3n Integral de Derechos de la Ni\u00f1ez y Adolescencia en Chile &#8211; An\u00e1lisis Critico de la Ley N\u00b0 21.430. A\u00f1o 2023\/ 226 P\u00e1g. Autor Sergio Henr\u00edquez Galindo"},"content":{"rendered":"<p>La Ley N\u00b0 21.430, que establece un Sistema de Garant\u00edas y Protecci\u00f3n Integral de los Ni\u00f1os, Ni\u00f1as y Adolescentes, representa el ep\u00edtome de la adecuaci\u00f3n de nuestro sistema jur\u00eddico a la Convenci\u00f3n sobre los Derechos del Ni\u00f1o. Es una norma extensa, con art\u00edculos complejos de abordar, los que adem\u00e1s se conectan entre s\u00ed, y con otras leyes, haciendo su estudio dif\u00edcil y complejo.<\/p>\n<p>Este libro pretende auxiliar a abogados y abogadas, trabajadores sociales y trabajadoras sociales, psic\u00f3logos y psic\u00f3logas, jueces y juezas, consejeros y consejeras t\u00e9cnicos, y, en general, a cualquier profesional que se relacione con ni\u00f1os, ni\u00f1as y adolescentes, para comprender este sistema de manera m\u00e1s f\u00e1cil, brindando un an\u00e1lisis particular de la norma, y realizando una interpretaci\u00f3n acorde con los derechos de estos. Tambi\u00e9n es una obra \u00fatil para profesionales del \u00e1mbito de la salud, educaci\u00f3n, municipalidades, Ministerios de Justicia, de Hacienda, del Interior, tambi\u00e9n Carabineros y polic\u00edas, y, en general, a todos los operadores que inciden en la vida de ni\u00f1os, ni\u00f1as y adolescentes.<\/p>\n<p>M\u00e1s de treinta y dos a\u00f1os demor\u00f3 el Estado de Chile en crear el sistema normativo acorde con la Convenci\u00f3n sobre los Derechos del Ni\u00f1o, implementando la \u00faltima parte de una larga secuencia de modificaciones normativas para dejar atr\u00e1s la doctrina del menor en situaci\u00f3n irregular. Esta obra est\u00e1 orientada a facilitar el acceso y comprensi\u00f3n a esta legislaci\u00f3n, y su correcta aplicaci\u00f3n.<\/p>\n<p style=\"font-weight: 400;\"><b><strong>CAP\u00cdTULO I<\/strong><\/b><br \/>\n<b><strong>OBJETIVOS DE LA LEY N\u00b0 21.430 (P\u00c1RRAFO 1\u00ba DEL T\u00cdTULO I DE LA LEY N\u00b0 21.430)<\/strong><\/b><\/p>\n<ol>\n<li style=\"font-weight: 400;\">Conceptualizaci\u00f3n (art\u00edculo 1 de la ley N\u00b0 21.430)<br \/>\n2. Principales obligados por la ley (art\u00edculo 2 de la ley N\u00b0 21.430)<br \/>\n3. Aplicaci\u00f3n e interpretaci\u00f3n de la ley N\u00b0 21.430 (p\u00e1rrafo 2\u00ba del t\u00edtulo i de la ley N\u00b0 21.430). Reglas especiales de interpretaci\u00f3n (art\u00edculo 3 de la ley N\u00b0 21.430)<br \/>\n4. Aplicaci\u00f3n de la ley (art\u00edculo 4 de la ley N\u00b0 21.430)<br \/>\n5. Obligaciones del Estado (art\u00edculo 5 de la ley N\u00b0 21.430)<\/li>\n<\/ol>\n<p style=\"font-weight: 400;\"><b><strong>CAP\u00cdTULO II<\/strong><\/b><br \/>\n<b><strong>PRINCIPIOS, DERECHOS Y GARANT\u00cdAS (T\u00cdTULO II DE LA LEY N\u00b0 21.430)<\/strong><\/b><\/p>\n<ol>\n<li style=\"font-weight: 400;\">De los principios (p\u00e1rrafo 1\u00ba de la ley N\u00b0 21.430). sujetos de derecho (art\u00edculo 6 de la ley N\u00b0 21.430)<br \/>\n2. Inter\u00e9s superior del ni\u00f1o, ni\u00f1a o adolescente (art\u00edculo 7 de la ley N\u00b0 21.430)<br \/>\n3. Igualdad y no discriminaci\u00f3n arbitraria (art\u00edculo 8 de la ley N\u00b0 21.430)<br \/>\n4. Fortalecimiento del rol protector de la familia (art\u00edculo 9 de la ley N\u00b0 21.430)<br \/>\n5. Derecho y deber preferente de los padres y\/o madres a educar y cuidar a sus hijos (art\u00edculo 10 de la ley N\u00b0 21.430)<br \/>\n6. Autonom\u00eda progresiva (art\u00edculo 11 de la ley N\u00b0 21.430)<br \/>\n7. Efectividad de los derechos (art\u00edculo 12 de la ley N\u00b0 21.430)<br \/>\n8. Perspectiva de g\u00e9nero (art\u00edculo 13 de la ley N\u00b0 21.430)<br \/>\n9. Responsabilidad de la administraci\u00f3n del Estado (art\u00edculo 14 de la ley N\u00b0 21.430)<br \/>\n10. Protecci\u00f3n social de la infancia y la adolescencia (art\u00edculo 15 de la ley N\u00b0 21.430)<br \/>\n11. Prioridad (art\u00edculo 16 de la ley N\u00b0 21.430)<br \/>\n12. Progresividad y no regresividad de derechos (art\u00edculo 17 de la ley N\u00b0 21.430)<br \/>\n13. Participaci\u00f3n social (art\u00edculo 18 de la ley N\u00b0 21.430)<br \/>\n14. Principio de inclusi\u00f3n (art\u00edculo 19 de la ley N\u00b0 21.430)<br \/>\n15. Difusi\u00f3n de derechos de los ni\u00f1os, ni\u00f1as y adolescentes (art\u00edculo 20 de la ley N\u00b0 21.430)<br \/>\n16. Principio de intersectorialidad (art\u00edculo 21 de la ley N\u00b0 21.430)<br \/>\n17. Principio de participaci\u00f3n y colaboraci\u00f3n ciudadana (art\u00edculo 22 de la ley N\u00b0 21.430)<\/li>\n<\/ol>\n<p style=\"font-weight: 400;\"><b><strong>CAP\u00cdTULO III<\/strong><\/b><br \/>\n<b><strong>DE LOS DERECHOS Y GARANT\u00cdAS (P\u00c1RRAFO 2\u00ba DEL T\u00cdTULO II DE LA LEY N\u00b0 21.430)<\/strong><\/b><\/p>\n<ol>\n<li style=\"font-weight: 400;\">Derechos civiles y pol\u00edticos (art\u00edculo 23 de la ley N\u00b0 21.430)<br \/>\n2. Derecho a la vida (art\u00edculo 24 de la ley N\u00b0 21.430)<br \/>\n3. Derecho a un nivel de vida, desarrollo y entorno adecuado (art\u00edculo 25 de la ley N\u00b0 21.430)<br \/>\n4. Derecho a la identidad (art\u00edculo 26 de la ley N\u00b0 21.430)<br \/>\n5. Derecho a vivir en familia (art\u00edculo 27 de la ley N\u00b0 21.430)<br \/>\n6. Derecho a ser o\u00eddo (art\u00edculo 28 de la ley N\u00b0 21.430)<br \/>\n7. Libertad de expresi\u00f3n y comunicaci\u00f3n (art\u00edculo 29 de la ley N\u00b0 21.430)<br \/>\n8. Libertad de pensamiento, conciencia y religi\u00f3n (art\u00edculo 30 de la ley N\u00b0 21.430)<br \/>\n9. Libertad de asociaci\u00f3n y reuni\u00f3n (art\u00edculo 31 de la ley N\u00b0 21.430)<br \/>\n10. Derecho a la participaci\u00f3n (art\u00edculo 32 de la ley N\u00b0 21.430)<br \/>\n11. Derecho a la vida privada y protecci\u00f3n de datos personales (art\u00edculo 33 de la ley N\u00b0 21.430)<br \/>\n12. Derecho a la honra, intimidad y propia imagen (art\u00edculo 34 de la ley N\u00b0 21.430)<br \/>\n13. Derecho a la informaci\u00f3n (art\u00edculo 35 de la ley N\u00b0 21.430)<br \/>\n14. Derecho a la protecci\u00f3n contra la violencia (art\u00edculo 36 de la ley N\u00b0 21.430)<br \/>\n15. Protecci\u00f3n contra la explotaci\u00f3n econ\u00f3mica, la explotaci\u00f3n sexual-comercial y el trabajo infantil (art\u00edculo 37 de la ley N\u00b0 21.430)<br \/>\n16. Derecho a la salud y a los servicios de salud y derecho a la atenci\u00f3n m\u00e9dica de urgencia (art\u00edculo 38 de la ley N\u00b0 21.430)<br \/>\n17. Derecho a atenci\u00f3n m\u00e9dica de emergencia (art\u00edculo 39 de la ley N\u00b0 21.430)<br \/>\n18. de la informaci\u00f3n sobre la salud y el consentimiento informado (art\u00edculo 40 de la ley N\u00b0 21.430)<br \/>\n19. Derecho a la educaci\u00f3n (art\u00edculo 41 de la ley N\u00b0 21.430)<br \/>\n20. Derecho a la atenci\u00f3n a la diversidad educativa (art\u00edculo 42 de la ley N\u00b0 21.430)<br \/>\n21. Derecho a la seguridad social (art\u00edculo 43 de la ley N\u00b0 21.430)<br \/>\n22. Derecho a la recreaci\u00f3n, al deporte y a la participaci\u00f3n en la vida cultural y en las artes (art\u00edculo 44 de la ley N\u00b0 21.430)<br \/>\n23. Medidas de prevenci\u00f3n y protecci\u00f3n del embarazo, maternidad y paternidad de menores de 18 a\u00f1os (art\u00edculo 45 de la ley N\u00b0 21.430)<br \/>\n24. Derechos y deberes en el espacio urbano (art\u00edculo 47 de la ley N\u00b0 21.430)<br \/>\n25. Medio ambiente (art\u00edculo 48 de la ley N\u00b0 21.430)<br \/>\n26. Libertad personal y ambulatoria (art\u00edculo 49 de la ley N\u00b0 21.430)<br \/>\n27. Debido proceso, tutela judicial efectiva y especializaci\u00f3n (art\u00edculo 50 de la ley N\u00b0 21.430)<br \/>\n28. Protecci\u00f3n reforzada y especializada de los ni\u00f1os, ni\u00f1as y adolescentes vulnerados en sus derechos y de los adolescentes en conflicto con la ley (art\u00edculo 51 de la ley N\u00b0 21.430)<br \/>\n29. Ni\u00f1os, ni\u00f1as y adolescentes con necesidad de protecci\u00f3n internacional (art\u00edculo 52 de la ley N\u00b0 21.430)<br \/>\n30. Protecci\u00f3n y defensa como consumidores y usuarios. bienes, productos y servicios comercializados para el uso o el consumo de ni\u00f1os, ni\u00f1as o adolescentes. de la publicidad (art\u00edculos 53, 54 y 55 de la ley N\u00b0 21.430)<br \/>\n31. Deberes y responsabilidades (art\u00edculo 56 de la ley N\u00b0 21.430)<\/li>\n<\/ol>\n<p style=\"font-weight: 400;\"><b><strong>CAP\u00cdTULO IV<\/strong><\/b><br \/>\n<b><strong>DE LA PROTECCI\u00d3N INTEGRAL (P\u00c1RRAFO 1\u00ba DEL T\u00cdTULO III DE LA LEY N\u00b0 21.430)<\/strong><\/b><\/p>\n<ol>\n<li style=\"font-weight: 400;\">Definiciones (art\u00edculo 57 de la ley N\u00b0 21.430)<br \/>\n2. Principios rectores de los procesos de protecci\u00f3n (art\u00edculo 58 de la ley N\u00b0 21.430)<br \/>\n3. Reglas generales para la adopci\u00f3n de medidas de protecci\u00f3n administrativas y judiciales (art\u00edculo 59 de la ley N\u00b0 21.430)<br \/>\n4. Acci\u00f3n de tutela administrativa de derechos (art\u00edculo 60 de la ley N\u00b0 21.430)<br \/>\n4.1. Reglamento que \u201cregula el procedimiento de tutela administrativa de derechos para garantizar un debido proceso y la efectiva cautela de estos, seg\u00fan lo previsto en el art\u00edculo 60 de la ley N\u00b0 21.430\u201d<\/li>\n<\/ol>\n<p style=\"font-weight: 400;\"><b><strong>CAP\u00cdTULO V<\/strong><\/b><br \/>\n<b><strong>DE LOS DEBERES DE LA ADMINISTRACI\u00d3N DEL ESTADO (P\u00c1RRAFO 2\u00ba DEL T\u00cdTULO III DE LA LEY N\u00b0 21.430)<\/strong><\/b><\/p>\n<ol>\n<li style=\"font-weight: 400;\">Aspectos generales (art\u00edculos 61 a 64)<br \/>\n2. Naturaleza obligacional de los deberes de la administraci\u00f3n del estado (art\u00edculos 61 a 64)<br \/>\n2.1. Su fuente es legal<br \/>\n2.2. Sus deudores son particulares o el estado<br \/>\n2.3. Fundamento de posici\u00f3n (si rebus sic stantibus)2.4. norma legal constitutiva de carga p\u00fablica<br \/>\n2.5. Admite precisi\u00f3n e interpretaci\u00f3n administrativa<br \/>\n2.6. Protege un inter\u00e9s p\u00fablico<br \/>\n2.7. Regida por justicia distributiva<br \/>\n2.8. Responsabilidad legal<br \/>\n2.9. Legitimaci\u00f3n activa de un inter\u00e9s p\u00fablico representado por un inter\u00e9s estatal o privado<br \/>\n2.10. Inter\u00e9s protegido indisponible<br \/>\n2.11. Exigibilidad puede ser judicial y administrativa<br \/>\n3. Deber general de la administraci\u00f3n del estado (art\u00edculo 61 de la ley N\u00b0 21.430)<br \/>\n4. Deber de inexcusabilidad (art\u00edculo 62 de la ley N\u00b0 21.430)<br \/>\n5. Deber de denuncia (art\u00edculo 63 de la ley N\u00b0 21.430)<br \/>\n6. Deber de reserva y confidencialidad (art\u00edculo 64 de la ley N\u00b0 21.430)<br \/>\n7. Consecuencias del incumplimiento de los deberes legales de la ley N\u00b0 21.430<\/li>\n<\/ol>\n<p style=\"font-weight: 400;\"><b><strong>CAP\u00cdTULO VI<\/strong><\/b><br \/>\n<b><strong>DE LAS OFICINAS LOCALES DE LA NI\u00d1EZ (P\u00c1RRAFO 3\u00ba DE LA LEY N\u00b0 21.430)<\/strong><\/b><\/p>\n<ol>\n<li style=\"font-weight: 400;\">De las oficinas locales de la ni\u00f1ez (conceptualizaci\u00f3n) (art\u00edculo 65 de la ley N\u00b0 21.430)<br \/>\n2. De las funciones (de las oficinas locales de la ni\u00f1ez) (art\u00edculo 66 de la ley N\u00b0 21.430)<br \/>\n2.1. Funci\u00f3n de promoci\u00f3n<br \/>\n2.2. Funci\u00f3n de prevenci\u00f3n<br \/>\n2.3. Funciones de protecci\u00f3n<br \/>\n3. Competencia de las oficinas locales de la ni\u00f1ez (de las oficinas locales de la ni\u00f1ez) (art\u00edculo 67 de la ley N\u00b0 21.430)<br \/>\n4. Medidas protecci\u00f3n administrativas (art\u00edculo 68 de la ley N\u00b0 21.430)<br \/>\n4.1. Derivaci\u00f3n a programas ambulatorios<br \/>\n4.2. Instruir la matr\u00edcula o permanencia en establecimientos educacionales<br \/>\n4.4. Derivar a programas de asistencia integral a la embarazada<br \/>\n4.5. Derivar el ingreso a tratamiento m\u00e9dico, psicol\u00f3gico o psiqui\u00e1trico, o gestionar la internaci\u00f3n en alg\u00fan centro de salud p\u00fablico o privado<br \/>\n4.6. Derivar al padre, madre, representantes o responsables del ni\u00f1o al servicio de registro civil e identificaci\u00f3n, a objeto que, dentro de un plazo breve, regularicen o procesen la falta de inscripci\u00f3n de su filiaci\u00f3n o las deficiencias que presenten los documentos de identidad del ni\u00f1o, ni\u00f1a o adolescente<br \/>\n4.7. Cualquiera otra medida de protecci\u00f3n id\u00f3nea debidamente fundada, a fin de preservar o restituir los derechos, dentro de los l\u00edmites de competencia de las oficinas locales de la ni\u00f1ez<br \/>\n5. Legalidad de las medidas de protecci\u00f3n (art\u00edculo 69 de la ley N\u00b0 21.430)<br \/>\n6. \u00d3rganos competentes para la adopci\u00f3n de medidas de protecci\u00f3n y medidas ante el incumplimiento de las medidas administrativas (art\u00edculo 70 de la ley N\u00b0 21.430)<br \/>\n7. Derivaci\u00f3n de casos entre sede administrativa y judicial (art\u00edculo 71 de la ley N\u00b0 21.430)<br \/>\n7.1. Si la intervenci\u00f3n con la familia en contexto de voluntariedad no sea posible conforme al diagn\u00f3stico previo realizado<br \/>\n7.2. Si la intervenci\u00f3n en un caso de protecci\u00f3n administrativa especializada se ve frustrada durante la etapa de implementaci\u00f3n y seguimiento por la no adherencia al plan de intervenci\u00f3n<br \/>\n7.3. Si la intervenci\u00f3n en un caso de protecci\u00f3n administrativa universal se ve frustrada por incumplimiento grave o contravenciones reiteradas<br \/>\n7.4. Cuando aparezcan nuevos antecedentes de vulneraci\u00f3n de derechos de igual o mayor entidad<br \/>\n7.5. Delito de desacato<br \/>\n7.6. Derivaci\u00f3n desde sede judicial a sede administrativa<br \/>\n8. Procedimiento de protecci\u00f3n administrativa (art\u00edculo 72 de la ley N\u00b0 21.430)<br \/>\n9. Revisi\u00f3n de medidas administrativas (art\u00edculo 73 de la ley N\u00b0 21.430)<br \/>\n10. Acci\u00f3n de reclamaci\u00f3n por ilegalidad (art\u00edculo 74 de la ley N\u00b0 21.430)<\/li>\n<\/ol>\n<p style=\"font-weight: 400;\"><b><strong>CAP\u00cdTULO VII<\/strong><\/b><br \/>\n<b><strong>INSTITUCIONALIDAD DEL SISTEMA DE GARANT\u00cdAS Y PROTECCI\u00d3N INTEGRAL (T\u00cdTULO IV DE LA LEY N\u00b0 21.430)<\/strong><\/b><\/p>\n<ol>\n<li style=\"font-weight: 400;\">Institucionalidad (art\u00edculos 75 y 76 de la ley N\u00b0 21.430)<br \/>\n2. De los dem\u00e1s \u00f3rganos del estado, carabineros de chile y polic\u00eda de investigaciones (art\u00edculos 77 y 78 de la ley N\u00b0 21.430)<\/li>\n<\/ol>\n<p style=\"font-weight: 400;\"><b><strong>CAP\u00cdTULO VIII<\/strong><\/b><br \/>\n<b><strong>DE LA POL\u00cdTICA NACIONAL DE LA NI\u00d1EZ Y ADOLESCENCIA Y SU PLAN DE ACCI\u00d3N (T\u00cdTULO V DE LA LEY N\u00b0 21.430)<\/strong><\/b><\/p>\n<ol>\n<li style=\"font-weight: 400;\">Conceptualizaci\u00f3n (pol\u00edtica nacional de la ni\u00f1ez y adolescencia) (art\u00edculos 79, 80, 81, 82 y 83 de la ley N\u00b0 21.430)<\/li>\n<\/ol>\n<p style=\"font-weight: 400;\"><b><strong>CAP\u00cdTULO IX<\/strong><\/b><br \/>\n<b><strong>MODIFICACIONES DE OTRAS LEYES (T\u00cdTULO VI DE LA LEY N\u00b0 21.430)<\/strong><\/b><\/p>\n<ol>\n<li style=\"font-weight: 400;\">Normas modificadas por la ley N\u00b0 21.430 (art\u00edculos 84, 85, 86, 87 y 88 de la ley N\u00b0 21.430)<\/li>\n<\/ol>\n","protected":false},"excerpt":{"rendered":"<p>La Ley N\u00b0 21.430, que establece un Sistema de Garant\u00edas y Protecci\u00f3n Integral de los Ni\u00f1os, Ni\u00f1as y Adolescentes, representa el ep\u00edtome de la adecuaci\u00f3n de nuestro sistema jur\u00eddico a la Convenci\u00f3n sobre los Derechos del Ni\u00f1o. Es una norma extensa, con art\u00edculos complejos de abordar, los que adem\u00e1s se conectan entre s\u00ed, y con otras leyes, haciendo su estudio dif\u00edcil y complejo. Este libro pretende auxiliar a abogados y abogadas, trabajadores sociales y trabajadoras sociales, psic\u00f3logos y psic\u00f3logas, jueces y juezas, consejeros y consejeras t\u00e9cnicos, y, en general, a cualquier profesional que se relacione con ni\u00f1os, ni\u00f1as y adolescentes, para comprender este sistema de manera m\u00e1s f\u00e1cil, brindando un an\u00e1lisis particular de la norma, y realizando una interpretaci\u00f3n acorde con los derechos de estos. Tambi\u00e9n es una obra \u00fatil para profesionales del \u00e1mbito de la salud, educaci\u00f3n, municipalidades, Ministerios de Justicia, de Hacienda, del Interior, tambi\u00e9n Carabineros y polic\u00edas, y, en general, a todos los operadores que inciden en la vida de ni\u00f1os, ni\u00f1as y adolescentes. M\u00e1s de treinta y dos a\u00f1os demor\u00f3 el Estado de Chile en crear el sistema normativo acorde con la Convenci\u00f3n sobre los Derechos del Ni\u00f1o, implementando la \u00faltima parte de una larga secuencia de modificaciones normativas para dejar atr\u00e1s la doctrina del menor en situaci\u00f3n irregular. Esta obra est\u00e1 orientada a facilitar el acceso y comprensi\u00f3n a esta legislaci\u00f3n, y su correcta aplicaci\u00f3n. CAP\u00cdTULO I OBJETIVOS DE LA LEY N\u00b0 21.430 (P\u00c1RRAFO 1\u00ba DEL T\u00cdTULO I DE LA LEY N\u00b0 21.430) Conceptualizaci\u00f3n (art\u00edculo 1 de la ley N\u00b0 21.430) 2. Principales obligados por la ley (art\u00edculo 2 de la ley N\u00b0 21.430) 3. Aplicaci\u00f3n e interpretaci\u00f3n de la ley N\u00b0 21.430 (p\u00e1rrafo 2\u00ba del t\u00edtulo i de la ley N\u00b0 21.430). Reglas especiales de interpretaci\u00f3n (art\u00edculo 3 de la ley N\u00b0 21.430) 4. Aplicaci\u00f3n de la ley (art\u00edculo 4 de la ley N\u00b0 21.430) 5. Obligaciones del Estado (art\u00edculo 5 de la ley N\u00b0 21.430) CAP\u00cdTULO II PRINCIPIOS, DERECHOS Y GARANT\u00cdAS (T\u00cdTULO II DE LA LEY N\u00b0 21.430) De los principios (p\u00e1rrafo 1\u00ba de la ley N\u00b0 21.430). sujetos de derecho (art\u00edculo 6 de la ley N\u00b0 21.430) 2. Inter\u00e9s superior del ni\u00f1o, ni\u00f1a o adolescente (art\u00edculo 7 de la ley N\u00b0 21.430) 3. Igualdad y no discriminaci\u00f3n arbitraria (art\u00edculo 8 de la ley N\u00b0 21.430) 4. Fortalecimiento del rol protector de la familia (art\u00edculo 9 de la ley N\u00b0 21.430) 5. Derecho y deber preferente de los padres y\/o madres a educar y cuidar a sus hijos (art\u00edculo 10 de la ley N\u00b0 21.430) 6. Autonom\u00eda progresiva (art\u00edculo 11 de la ley N\u00b0 21.430) 7. Efectividad de los derechos (art\u00edculo 12 de la ley N\u00b0 21.430) 8. Perspectiva de g\u00e9nero (art\u00edculo 13 de la ley N\u00b0 21.430) 9. Responsabilidad de la administraci\u00f3n del Estado (art\u00edculo 14 de la ley N\u00b0 21.430) 10. Protecci\u00f3n social de la infancia y la adolescencia (art\u00edculo 15 de la ley N\u00b0 21.430) 11. Prioridad (art\u00edculo 16 de la ley N\u00b0 21.430) 12. Progresividad y no regresividad de derechos (art\u00edculo 17 de la ley N\u00b0 21.430) 13. Participaci\u00f3n social (art\u00edculo 18 de la ley N\u00b0 21.430) 14. Principio de inclusi\u00f3n (art\u00edculo 19 de la ley N\u00b0 21.430) 15. Difusi\u00f3n de derechos de los ni\u00f1os, ni\u00f1as y adolescentes (art\u00edculo 20 de la ley N\u00b0 21.430) 16. Principio de intersectorialidad (art\u00edculo 21 de la ley N\u00b0 21.430) 17. Principio de participaci\u00f3n y colaboraci\u00f3n ciudadana (art\u00edculo 22 de la ley N\u00b0 21.430) CAP\u00cdTULO III DE LOS DERECHOS Y GARANT\u00cdAS (P\u00c1RRAFO 2\u00ba DEL T\u00cdTULO II DE LA LEY N\u00b0 21.430) Derechos civiles y pol\u00edticos (art\u00edculo 23 de la ley N\u00b0 21.430) 2. Derecho a la vida (art\u00edculo 24 de la ley N\u00b0 21.430) 3. Derecho a un nivel de vida, desarrollo y entorno adecuado (art\u00edculo 25 de la ley N\u00b0 21.430) 4. Derecho a la identidad (art\u00edculo 26 de la ley N\u00b0 21.430) 5. Derecho a vivir en familia (art\u00edculo 27 de la ley N\u00b0 21.430) 6. Derecho a ser o\u00eddo (art\u00edculo 28 de la ley N\u00b0 21.430) 7. Libertad de expresi\u00f3n y comunicaci\u00f3n (art\u00edculo 29 de la ley N\u00b0 21.430) 8. Libertad de pensamiento, conciencia y religi\u00f3n (art\u00edculo 30 de la ley N\u00b0 21.430) 9. Libertad de asociaci\u00f3n y reuni\u00f3n (art\u00edculo 31 de la ley N\u00b0 21.430) 10. Derecho a la participaci\u00f3n (art\u00edculo 32 de la ley N\u00b0 21.430) 11. Derecho a la vida privada y protecci\u00f3n de datos personales (art\u00edculo 33 de la ley N\u00b0 21.430) 12. Derecho a la honra, intimidad y propia imagen (art\u00edculo 34 de la ley N\u00b0 21.430) 13. Derecho a la informaci\u00f3n (art\u00edculo 35 de la ley N\u00b0 21.430) 14. Derecho a la protecci\u00f3n contra la violencia (art\u00edculo 36 de la ley N\u00b0 21.430) 15. Protecci\u00f3n contra la explotaci\u00f3n econ\u00f3mica, la explotaci\u00f3n sexual-comercial y el trabajo infantil (art\u00edculo 37 de la ley N\u00b0 21.430) 16. Derecho a la salud y a los servicios de salud y derecho a la atenci\u00f3n m\u00e9dica de urgencia (art\u00edculo 38 de la ley N\u00b0 21.430) 17. Derecho a atenci\u00f3n m\u00e9dica de emergencia (art\u00edculo 39 de la ley N\u00b0 21.430) 18. de la informaci\u00f3n sobre la salud y el consentimiento informado (art\u00edculo 40 de la ley N\u00b0 21.430) 19. Derecho a la educaci\u00f3n (art\u00edculo 41 de la ley N\u00b0 21.430) 20. Derecho a la atenci\u00f3n a la diversidad educativa (art\u00edculo 42 de la ley N\u00b0 21.430) 21. Derecho a la seguridad social (art\u00edculo 43 de la ley N\u00b0 21.430) 22. Derecho a la recreaci\u00f3n, al deporte y a la participaci\u00f3n en la vida cultural y en las artes (art\u00edculo 44 de la ley N\u00b0 21.430) 23. Medidas de prevenci\u00f3n y protecci\u00f3n del embarazo, maternidad y paternidad de menores de 18 a\u00f1os (art\u00edculo 45 de la ley N\u00b0 21.430) 24. Derechos y deberes en el espacio urbano (art\u00edculo 47 de la ley N\u00b0 21.430) 25. Medio ambiente (art\u00edculo 48 de la ley N\u00b0 21.430) 26. Libertad personal y ambulatoria (art\u00edculo 49 de la ley N\u00b0 21.430) 27. Debido proceso, tutela judicial efectiva y especializaci\u00f3n (art\u00edculo 50 de la ley N\u00b0 21.430)<\/p>\n","protected":false},"featured_media":4441,"comment_status":"open","ping_status":"closed","template":"","meta":{"inline_featured_image":false,"_joinchat":[]},"product_brand":[],"product_cat":[38,29],"product_tag":[],"class_list":{"0":"post-4411","1":"product","2":"type-product","3":"status-publish","4":"has-post-thumbnail","6":"product_cat-editorial-der-ediciones","7":"product_cat-familia-y-del-menor","8":"product_shipping_class-a-convenir","10":"first","11":"instock","12":"shipping-taxable","13":"purchasable","14":"product-type-simple"},"_links":{"self":[{"href":"https:\/\/bibliotecajuridicavirtual.cl\/index.php\/wp-json\/wp\/v2\/product\/4411","targetHints":{"allow":["GET"]}}],"collection":[{"href":"https:\/\/bibliotecajuridicavirtual.cl\/index.php\/wp-json\/wp\/v2\/product"}],"about":[{"href":"https:\/\/bibliotecajuridicavirtual.cl\/index.php\/wp-json\/wp\/v2\/types\/product"}],"replies":[{"embeddable":true,"href":"https:\/\/bibliotecajuridicavirtual.cl\/index.php\/wp-json\/wp\/v2\/comments?post=4411"}],"wp:featuredmedia":[{"embeddable":true,"href":"https:\/\/bibliotecajuridicavirtual.cl\/index.php\/wp-json\/wp\/v2\/media\/4441"}],"wp:attachment":[{"href":"https:\/\/bibliotecajuridicavirtual.cl\/index.php\/wp-json\/wp\/v2\/media?parent=4411"}],"wp:term":[{"taxonomy":"product_brand","embeddable":true,"href":"https:\/\/bibliotecajuridicavirtual.cl\/index.php\/wp-json\/wp\/v2\/product_brand?post=4411"},{"taxonomy":"product_cat","embeddable":true,"href":"https:\/\/bibliotecajuridicavirtual.cl\/index.php\/wp-json\/wp\/v2\/product_cat?post=4411"},{"taxonomy":"product_tag","embeddable":true,"href":"https:\/\/bibliotecajuridicavirtual.cl\/index.php\/wp-json\/wp\/v2\/product_tag?post=4411"}],"curies":[{"name":"wp","href":"https:\/\/api.w.org\/{rel}","templated":true}]}}