{"id":4412,"date":"2026-02-28T01:25:32","date_gmt":"2026-02-28T04:25:32","guid":{"rendered":"https:\/\/bibliotecajuridicavirtual.cl\/?post_type=product&#038;p=4412"},"modified":"2026-02-28T01:25:38","modified_gmt":"2026-02-28T04:25:38","slug":"comentarios-sistematicos-al-codigo-penal-adecuaciones-tipica-de-los-delitos-culposos-ano-2023-217-pag-autor-joh-r-w-mackinnon-r","status":"publish","type":"product","link":"https:\/\/bibliotecajuridicavirtual.cl\/index.php\/product\/comentarios-sistematicos-al-codigo-penal-adecuaciones-tipica-de-los-delitos-culposos-ano-2023-217-pag-autor-joh-r-w-mackinnon-r\/","title":{"rendered":"Comentarios Sistem\u00e1ticos al C\u00f3digo Penal- Adecuaciones T\u00edpica de los Delitos Culposos. A\u00f1o 2023\/ 217 P\u00e1g. Autor. Joh R. W. Mackinnon R."},"content":{"rendered":"<p style=\"font-weight: 400;\">Este segundo volumen de los \u201cComentarios Sistem\u00e1ticos al C\u00f3digo Penal\u201d, dedicado a los delitos de comisi\u00f3n culposos, es la continuaci\u00f3n de la obra iniciada con el volumen que contiene tantos los conceptos introductorios de la teor\u00eda del delito como la exposici\u00f3n de las materias referidas a los delitos de comisi\u00f3n dolosos.<\/p>\n<p style=\"font-weight: 400;\">El autor ha presentado este trabajo expuesto en una forma distinta a la tradicional, y como un texto de referencia que a\u00fana las explicaciones te\u00f3ricas con el estudio del C\u00f3digo Penal, y con la exposici\u00f3n de sentencias destacadas de nuestros Tribunales de Justicia.<\/p>\n<p style=\"font-weight: 400;\">Este volumen est\u00e1 dedicado \u00edntegramente a la adecuaci\u00f3n t\u00edpica de los delitos de comisi\u00f3n culposa. Incluye una introducci\u00f3n que comprende el an\u00e1lisis del sistema de los delitos culposos en el C\u00f3digo Penal chileno y la evoluci\u00f3n doctrinaria del concepto de culpa.<\/p>\n<p style=\"font-weight: 400;\">Posteriormente, inicia el estudio de la tipicidad objetiva de los delitos culposos analizando los distintos conceptos de riesgo. Luego se adentra en los elementos del tipo objetivo culposo, en el concepto de deber de cuidado y en la infracci\u00f3n del deber de cuidado objetivo, para analizar despu\u00e9s el verbo rector de la conducta, los sujetos, los objetos y el resultado. A continuaci\u00f3n, dedica su atenci\u00f3n a las concepciones de las teor\u00edas de la imputaci\u00f3n objetiva y otros criterios de imputaci\u00f3n de un resultado culposo a un autor, para luego referirse a las formas de culpa.<\/p>\n<p style=\"font-weight: 400;\">Finalmente, se analizan los elementos subjetivos del delito culposo, como parte de la tipicidad subjetiva, y el error de tipo en los delitos culposos. Se agregan estudios acerca de los problemas de imputaci\u00f3n a la v\u00edctima, participaci\u00f3n, iter criminis, concursos, y distinci\u00f3n entre dolo eventual y culpa.<\/p>\n<ol>\n<li style=\"font-weight: 400;\"><b><strong> Conceptos previos<\/strong><\/b><\/li>\n<li style=\"font-weight: 400;\"><b><strong> El sistema de los delitos culposos en el C\u00f3digo Penal<\/strong><\/b><br \/>\n2.1. El sistema mixto del C\u00f3digo Penal<br \/>\n2.1.1. Jurisprudencia<br \/>\n1. Excma. Corte Suprema. Causa No 95006\/2016. Recurso de Apelaci\u00f3n. 4 de enero de 2017<br \/>\n2. I. Corte de Apelaciones de la Serena. Causa No 280\/2015. 26 de junio de 2015<br \/>\n3. Excma. Corte Suprema. Causa No 4073\/1999 26 de septiembre de 2000<br \/>\n2.2. Los proyectos m\u00e1s recientes de reforma del C\u00f3digo Penal<br \/>\n2.2.1. Anteproyecto de 2013<br \/>\n2.2.2. Anteproyecto de 2015<br \/>\n2.2.3. Anteproyecto de 2018<br \/>\n2.2.4. Proyecto de 2022<\/li>\n<li style=\"font-weight: 400;\"><b><strong> Evoluci\u00f3n doctrinaria del concepto de culpa<\/strong><\/b><br \/>\n3.1. Las teor\u00edas causalistas psicol\u00f3gicas<br \/>\n3.2. Las teor\u00edas causalistas normativas<br \/>\n3.3. La culpa como infracci\u00f3n del deber de cuidado<br \/>\n3.3.1. La postura del finalista Welzel<br \/>\n3.3.2. La evoluci\u00f3n finalista en Chile<br \/>\n3.4. La culpa como un supuesto de error<br \/>\n3.5. La explicaci\u00f3n de la culpa como una cuesti\u00f3n exclusiva de imputaci\u00f3n subjetiva<br \/>\n3.6. La explicaci\u00f3n de la culpa como cuesti\u00f3n pol\u00edtico-criminal<br \/>\n3.7. La explicaci\u00f3n de la culpa como construcci\u00f3n normativa<\/li>\n<li style=\"font-weight: 400;\"><b><strong> La tipicidad objetiva culposa<\/strong><\/b><br \/>\n4.1. Conceptos previos<br \/>\n4.1.1. Jurisprudencia. Conceptos previos. Infracci\u00f3n del deber de cuidado<br \/>\n1. Excma. Corte Suprema. Causa No 2748\/2003 Recurso de Casaci\u00f3n. 7 de marzo de 2006<br \/>\n2. I. Corte de Apelaciones de Concepci\u00f3n. Causa No 188\/2019.29 de marzo de 2019<br \/>\n3. I. Corte de Apelaciones de Punta Arenas. Causa No 164\/2017. 20 de noviembre de 2017<br \/>\n4. I. Corte de Apelaciones de Valdivia. Causa No 262\/2019. 30 de abril de 2019<br \/>\n5. I. Corte de Apelaciones de Valpara\u00edso. Causa No 1271\/2015. 7 de septiembre de 2015<br \/>\n4.2. El riesgo<br \/>\n4.2.1. Jurisprudencia. El riesgo<br \/>\n1. Excma. Corte Suprema. Causa No 853\/2003 Recurso de Casaci\u00f3n. 10 de noviembre de 2005<br \/>\n2. I. Corte de Apelaciones de Talca. Causa No 1209\/2019. 30-12-2019<br \/>\n3. Excma. Corte Suprema. Causa No 146\/2017. 6 de marzo de 2017<br \/>\n4. Excma. Corte Suprema. Causa No 3132\/2003 Recurso de Casaci\u00f3n. 14 de marzo de 2006<br \/>\n5. Excma. Corte Suprema. Causa No 3756\/2007. 29 de enero de 2008<br \/>\n4.3. Elementos<br \/>\n4.3.1. Jurisprudencia. Elementos: previsibilidad<br \/>\n1. Excma. Corte Suprema. Causa No 3132\/2003 Recurso de Casaci\u00f3n. 14 de marzo de 2006<br \/>\n4.3.2. La conducta culposa: infracci\u00f3n del deber de cuidado objetivo<br \/>\n4.3.2.1. Jurisprudencia. Infracci\u00f3n del deber de cuidado objetivo<br \/>\n1. Excma. Corte Suprema. Causa No 1164\/2008 Recurso de Casaci\u00f3n. 31 de diciembre de 2008<br \/>\n2. Excma. Corte Suprema. Causa No 7070\/2007 Recurso de Casaci\u00f3n. 15 de septiembre de 2008<br \/>\n3. Excma. Corte Suprema. Causa No 9\/2003 Recurso de Casaci\u00f3n. 19 de enero de 2005<br \/>\n4. Excma. Corte Suprema. Causa No 1270\/2004 Recurso de Casaci\u00f3n. 16 de agosto de 2006<\/li>\n<li style=\"font-weight: 400;\"><b><strong> Excma. Corte Suprema. Causa No 9694\/2012 Recurso de Casaci\u00f3n. 10 de julio de 2013<\/strong><\/b><br \/>\n4.3.3. El verbo rector<br \/>\n4.3.4. Los sujetos<br \/>\n4.3.4.1. La persona jur\u00eddica como sujeto activo en el delito culposo y la responsabilidad de ciertas personas en relaci\u00f3n con su rol en la empresa<br \/>\n4.3.5. Los objetos<br \/>\n4.3.6. El resultado<br \/>\n4.3.6.1. Jurisprudencia. Resultado<br \/>\n1. Excma. Corte Suprema. Causa No 434\/2008 Recurso de Casaci\u00f3n. 4 de junio de 2008<br \/>\n2. Excma. Corte Suprema. Causa No 5063\/2005 Recurso de Casaci\u00f3n. 3 de julio de 2006<br \/>\n4.3.7. La imputaci\u00f3n objetiva<br \/>\n4.3.7.1. Jurisprudencia. La imputaci\u00f3n objetiva<br \/>\n1. Excma. Corte Suprema. Segunda Sala. Causa No 1318\/2000 Recurso de Casaci\u00f3n. 28 de junio de 2000<br \/>\n2. I. Corte de Apelaciones de Punta Arenas. Causa No 238\/2019. Nulidad. 13-01-2020<br \/>\n3. Excma. Corte Suprema. Causa No 7086\/2009. Recurso de Casaci\u00f3n. 19 de enero de 2012<br \/>\n4. Excma. Corte Suprema. Causa No 44905-2021. 04-08-2022<br \/>\n4.3.7.2. La teor\u00eda del riesgo, de Roxin<br \/>\n4.3.7.3. La teor\u00eda del \u00e1mbito de protecci\u00f3n de la norma<br \/>\n4.3.7.4. La teor\u00eda de la evitabilidad<br \/>\n4.3.7.5. El principio de confianza<br \/>\n4.3.7.6. Jurisprudencia. Principio de confianza<br \/>\n1. Excma. Corte Suprema. Causa No 1701\/2004. Recurso de casaci\u00f3n. 29 de agosto de 2006<br \/>\n4.3.8. Otros criterios<br \/>\na. El modelo de la figura-baremo<br \/>\nb. Las autorizaciones administrativas<br \/>\nc. El valor social del riesgo<br \/>\n4.3.8.1. Jurisprudencia: Otros criterios<br \/>\n1. Excma. Corte Suprema. Causa No 3132\/2003 Recurso de Casaci\u00f3n. 14 de marzo de 2006<br \/>\n2. Excma. Corte Suprema. Causa No 434\/2008 Recurso de Casaci\u00f3n. 4 de junio de 2008<br \/>\n4.4. Formas de culpa<br \/>\n4.4.1. Jurisprudencia. Formas de culpa<br \/>\n1. Excma. Corte Suprema. Causa No 5063\/2005 Recurso de Casaci\u00f3n. 3 de julio de 2006<br \/>\n2. Excma. Corte Suprema. Causa No 16711\/2017. Queja. 31 de octubre de 2017<br \/>\n3. Excma. Corte Suprema. Causa No 81301-2021. Extradici\u00f3n Pasiva (Apelaci\u00f3n de Sentencia). 12-11-2021<br \/>\n4. Excma. Corte Suprema. Causa No 97\/2008 (Casaci\u00f3n). 29 de mayo de 2008<br \/>\n5. I. Corte de Apelaciones de Punta Arenas. Causa No 164\/2017. 20 de noviembre de 2017<br \/>\n6. I. Corte de Apelaciones de Punta Arenas. Causa No 118\/2016. 24 de agosto de 2016<br \/>\n5. La tipicidad subjetiva<br \/>\n5.1. Introducci\u00f3n<br \/>\n5.2. Elementos cognitivos del tipo subjetivo<br \/>\n5.2.1. Jurisprudencia: Elementos cognitivos del tipo subjetivo<br \/>\n1. Excma. Corte Suprema. Causa No 16945-2021, Recurso de Nulidad, de fecha 05.05.2021<br \/>\n5.2.2. Previsibilidad del resultado t\u00edpico<br \/>\n5.2.3. Conocimiento del riesgo socialmente adecuado<br \/>\n5.3. Elemento volitivo del tipo subjetivo: especies de culpa<br \/>\n5.3.1. Jurisprudencia. Tipo subjetivo<br \/>\n1. Excma. Corte Suprema. Causa No 39453-2021. 17-02-2022<br \/>\n5.3.2. La culpa consciente<br \/>\n5.3.3. La culpa inconsciente<br \/>\n5.3.3.1. Jurisprudencia: La culpa inconsciente<br \/>\n1. Excma. Corte Suprema. Causa No 2882\/2017 Recurso de Nulidad. 13 de marzo de 2017<br \/>\n2. Excma. Corte Suprema. Causa No 3132\/2003 Recurso de Casaci\u00f3n. 14 de marzo de 2006<\/li>\n<li style=\"font-weight: 400;\"><b><strong> El error de tipo en el delito culposo<\/strong><\/b><\/li>\n<li style=\"font-weight: 400;\"><b><strong> La imputaci\u00f3n a la v\u00edctima<\/strong><\/b><br \/>\n7.1. Jurisprudencia. Imputaci\u00f3n a la v\u00edctima<br \/>\n1. Excma. Corte Suprema, 3 de agosto de 1966. R. de D. y J., T. 63, 2a parte, secc. 4a, p. 200<br \/>\n2. I. Corte de Apelaciones de Talca, 23 de abril de 1970. R. de D. y J., T. 29, No 2, p. 164<br \/>\n3. Excma. Corte Suprema. Causa No 1701\/2004. Recurso de casaci\u00f3n. 29 de agosto de 2006<br \/>\n4. I. Corte de Apelaciones de Punta Arenas. Causa No 238\/2019. Nulidad. 13-01-2020<br \/>\n5. I. Corte de Apelaciones de Talca. Causa No 1209\/2019. 30-12-2019<br \/>\n6. Excma. Corte Suprema. Causa No 16711\/2017. Queja. 31 de octubre de 2017<\/li>\n<li style=\"font-weight: 400;\"><b><strong> La participaci\u00f3n en los delitos culposos<\/strong><\/b><br \/>\n8.1. Jurisprudencia: La participaci\u00f3n en los delitos culposos<br \/>\n1. Excma. Corte Suprema. Causa No 30641-2018. Queja. 20-03-2019<\/li>\n<li style=\"font-weight: 400;\"><b><strong> El iter criminis en los delitos culposos<\/strong><\/b><\/li>\n<li style=\"font-weight: 400;\"><b><strong> El concurso en los delitos culposos<\/strong><\/b><br \/>\n10.1. Jurisprudencia. El concurso de delitos culposos<br \/>\n1. I. Corte de Apelaciones de Santiago. 31 de julio de 1984, considerandos 15 a 18. Gaceta Jur\u00eddica No 49, p. 121<br \/>\n2. Excma. Corte Suprema. Causa No 185\/2014. 4 de abril de 2014<\/p>\n<p><b><strong>11. La distinci\u00f3n entre dolo eventual y culpa<\/strong><\/b><br \/>\n11.1. Jurisprudencia. La distinci\u00f3n entre dolo eventual y culpa<br \/>\n1. Excma. Corte Suprema. Causa No 16945-2021, Recurso de Nulidad, de fecha 05.05.2021<br \/>\n2. I. Corte de Apelaciones de Valdivia. Causa No 849\/2019. 05-11-2019<br \/>\n3. Excma. Corte Suprema. Causa No 29891\/2014. Recurso de Casaci\u00f3n. 8 de octubre de 2015<br \/>\n4. Excma. Corte Suprema. Causa No 33238-2020. 26-05-2020<br \/>\n5. Excma. Corte Suprema. Causa No 19008\/2017. 11 de julio de 2017<br \/>\n6. Excma. Corte Suprema. Causa No 7315\/2015 Recurso de casaci\u00f3n. 14 de diciembre de 2015<\/li>\n<\/ol>\n","protected":false},"excerpt":{"rendered":"<p>Este segundo volumen de los \u201cComentarios Sistem\u00e1ticos al C\u00f3digo Penal\u201d, dedicado a los delitos de comisi\u00f3n culposos, es la continuaci\u00f3n de la obra iniciada con el volumen que contiene tantos los conceptos introductorios de la teor\u00eda del delito como la exposici\u00f3n de las materias referidas a los delitos de comisi\u00f3n dolosos. El autor ha presentado este trabajo expuesto en una forma distinta a la tradicional, y como un texto de referencia que a\u00fana las explicaciones te\u00f3ricas con el estudio del C\u00f3digo Penal, y con la exposici\u00f3n de sentencias destacadas de nuestros Tribunales de Justicia. Este volumen est\u00e1 dedicado \u00edntegramente a la adecuaci\u00f3n t\u00edpica de los delitos de comisi\u00f3n culposa. Incluye una introducci\u00f3n que comprende el an\u00e1lisis del sistema de los delitos culposos en el C\u00f3digo Penal chileno y la evoluci\u00f3n doctrinaria del concepto de culpa. Posteriormente, inicia el estudio de la tipicidad objetiva de los delitos culposos analizando los distintos conceptos de riesgo. Luego se adentra en los elementos del tipo objetivo culposo, en el concepto de deber de cuidado y en la infracci\u00f3n del deber de cuidado objetivo, para analizar despu\u00e9s el verbo rector de la conducta, los sujetos, los objetos y el resultado. A continuaci\u00f3n, dedica su atenci\u00f3n a las concepciones de las teor\u00edas de la imputaci\u00f3n objetiva y otros criterios de imputaci\u00f3n de un resultado culposo a un autor, para luego referirse a las formas de culpa. Finalmente, se analizan los elementos subjetivos del delito culposo, como parte de la tipicidad subjetiva, y el error de tipo en los delitos culposos. Se agregan estudios acerca de los problemas de imputaci\u00f3n a la v\u00edctima, participaci\u00f3n, iter criminis, concursos, y distinci\u00f3n entre dolo eventual y culpa. Conceptos previos El sistema de los delitos culposos en el C\u00f3digo Penal 2.1. El sistema mixto del C\u00f3digo Penal 2.1.1. Jurisprudencia 1. Excma. Corte Suprema. Causa No 95006\/2016. Recurso de Apelaci\u00f3n. 4 de enero de 2017 2. I. Corte de Apelaciones de la Serena. Causa No 280\/2015. 26 de junio de 2015 3. Excma. Corte Suprema. Causa No 4073\/1999 26 de septiembre de 2000 2.2. Los proyectos m\u00e1s recientes de reforma del C\u00f3digo Penal 2.2.1. Anteproyecto de 2013 2.2.2. Anteproyecto de 2015 2.2.3. Anteproyecto de 2018 2.2.4. Proyecto de 2022 Evoluci\u00f3n doctrinaria del concepto de culpa 3.1. Las teor\u00edas causalistas psicol\u00f3gicas 3.2. Las teor\u00edas causalistas normativas 3.3. La culpa como infracci\u00f3n del deber de cuidado 3.3.1. La postura del finalista Welzel 3.3.2. La evoluci\u00f3n finalista en Chile 3.4. La culpa como un supuesto de error 3.5. La explicaci\u00f3n de la culpa como una cuesti\u00f3n exclusiva de imputaci\u00f3n subjetiva 3.6. La explicaci\u00f3n de la culpa como cuesti\u00f3n pol\u00edtico-criminal 3.7. La explicaci\u00f3n de la culpa como construcci\u00f3n normativa La tipicidad objetiva culposa 4.1. Conceptos previos 4.1.1. Jurisprudencia. Conceptos previos. Infracci\u00f3n del deber de cuidado 1. Excma. Corte Suprema. Causa No 2748\/2003 Recurso de Casaci\u00f3n. 7 de marzo de 2006 2. I. Corte de Apelaciones de Concepci\u00f3n. Causa No 188\/2019.29 de marzo de 2019 3. I. Corte de Apelaciones de Punta Arenas. Causa No 164\/2017. 20 de noviembre de 2017 4. I. Corte de Apelaciones de Valdivia. Causa No 262\/2019. 30 de abril de 2019 5. I. Corte de Apelaciones de Valpara\u00edso. Causa No 1271\/2015. 7 de septiembre de 2015 4.2. El riesgo 4.2.1. Jurisprudencia. El riesgo 1. Excma. Corte Suprema. Causa No 853\/2003 Recurso de Casaci\u00f3n. 10 de noviembre de 2005 2. I. Corte de Apelaciones de Talca. Causa No 1209\/2019. 30-12-2019 3. Excma. Corte Suprema. Causa No 146\/2017. 6 de marzo de 2017 4. Excma. Corte Suprema. Causa No 3132\/2003 Recurso de Casaci\u00f3n. 14 de marzo de 2006 5. Excma. Corte Suprema. Causa No 3756\/2007. 29 de enero de 2008 4.3. Elementos 4.3.1. Jurisprudencia. Elementos: previsibilidad 1. Excma. Corte Suprema. Causa No 3132\/2003 Recurso de Casaci\u00f3n. 14 de marzo de 2006 4.3.2. La conducta culposa: infracci\u00f3n del deber de cuidado objetivo 4.3.2.1. Jurisprudencia. Infracci\u00f3n del deber de cuidado objetivo 1. Excma. Corte Suprema. Causa No 1164\/2008 Recurso de Casaci\u00f3n. 31 de diciembre de 2008 2. Excma. Corte Suprema. Causa No 7070\/2007 Recurso de Casaci\u00f3n. 15 de septiembre de 2008 3. Excma. Corte Suprema. Causa No 9\/2003 Recurso de Casaci\u00f3n. 19 de enero de 2005 4. Excma. Corte Suprema. Causa No 1270\/2004 Recurso de Casaci\u00f3n. 16 de agosto de 2006 Excma. Corte Suprema. Causa No 9694\/2012 Recurso de Casaci\u00f3n. 10 de julio de 2013 4.3.3. El verbo rector 4.3.4. Los sujetos 4.3.4.1. La persona jur\u00eddica como sujeto activo en el delito culposo y la responsabilidad de ciertas personas en relaci\u00f3n con su rol en la empresa 4.3.5. Los objetos 4.3.6. El resultado 4.3.6.1. Jurisprudencia. Resultado 1. Excma. Corte Suprema. Causa No 434\/2008 Recurso de Casaci\u00f3n. 4 de junio de 2008 2. Excma. Corte Suprema. Causa No 5063\/2005 Recurso de Casaci\u00f3n. 3 de julio de 2006 4.3.7. La imputaci\u00f3n objetiva 4.3.7.1. Jurisprudencia. La imputaci\u00f3n objetiva 1. Excma. Corte Suprema. Segunda Sala. Causa No 1318\/2000 Recurso de Casaci\u00f3n. 28 de junio de 2000 2. I. Corte de Apelaciones de Punta Arenas. Causa No 238\/2019. Nulidad. 13-01-2020 3. Excma. Corte Suprema. Causa No 7086\/2009. Recurso de Casaci\u00f3n. 19 de enero de 2012 4. Excma. Corte Suprema. Causa No 44905-2021. 04-08-2022 4.3.7.2. La teor\u00eda del riesgo, de Roxin 4.3.7.3. La teor\u00eda del \u00e1mbito de protecci\u00f3n de la norma 4.3.7.4. La teor\u00eda de la evitabilidad 4.3.7.5. El principio de confianza 4.3.7.6. Jurisprudencia. Principio de confianza 1. Excma. Corte Suprema. Causa No 1701\/2004. Recurso de casaci\u00f3n. 29 de agosto de 2006 4.3.8. Otros criterios a. El modelo de la figura-baremo b. Las autorizaciones administrativas c. El valor social del riesgo 4.3.8.1. Jurisprudencia: Otros criterios 1. Excma. Corte Suprema. Causa No 3132\/2003 Recurso de Casaci\u00f3n. 14 de marzo de 2006 2. Excma. Corte Suprema. Causa No 434\/2008 Recurso de Casaci\u00f3n. 4 de junio de 2008 4.4. Formas de culpa 4.4.1. Jurisprudencia. Formas de culpa 1. Excma. Corte Suprema. Causa No 5063\/2005 Recurso de Casaci\u00f3n. 3 de julio de 2006 2. Excma. Corte Suprema. Causa No 16711\/2017. Queja. 31 de octubre de 2017 3. Excma. Corte Suprema. Causa No 81301-2021. Extradici\u00f3n Pasiva<\/p>\n","protected":false},"featured_media":4442,"comment_status":"open","ping_status":"closed","template":"","meta":{"inline_featured_image":false,"_joinchat":[]},"product_brand":[],"product_cat":[40,30],"product_tag":[],"class_list":{"0":"post-4412","1":"product","2":"type-product","3":"status-publish","4":"has-post-thumbnail","6":"product_cat-ediciones-juridica-de-santiago","7":"product_cat-penal","8":"product_shipping_class-a-convenir","10":"first","11":"instock","12":"shipping-taxable","13":"purchasable","14":"product-type-simple"},"_links":{"self":[{"href":"https:\/\/bibliotecajuridicavirtual.cl\/index.php\/wp-json\/wp\/v2\/product\/4412","targetHints":{"allow":["GET"]}}],"collection":[{"href":"https:\/\/bibliotecajuridicavirtual.cl\/index.php\/wp-json\/wp\/v2\/product"}],"about":[{"href":"https:\/\/bibliotecajuridicavirtual.cl\/index.php\/wp-json\/wp\/v2\/types\/product"}],"replies":[{"embeddable":true,"href":"https:\/\/bibliotecajuridicavirtual.cl\/index.php\/wp-json\/wp\/v2\/comments?post=4412"}],"wp:featuredmedia":[{"embeddable":true,"href":"https:\/\/bibliotecajuridicavirtual.cl\/index.php\/wp-json\/wp\/v2\/media\/4442"}],"wp:attachment":[{"href":"https:\/\/bibliotecajuridicavirtual.cl\/index.php\/wp-json\/wp\/v2\/media?parent=4412"}],"wp:term":[{"taxonomy":"product_brand","embeddable":true,"href":"https:\/\/bibliotecajuridicavirtual.cl\/index.php\/wp-json\/wp\/v2\/product_brand?post=4412"},{"taxonomy":"product_cat","embeddable":true,"href":"https:\/\/bibliotecajuridicavirtual.cl\/index.php\/wp-json\/wp\/v2\/product_cat?post=4412"},{"taxonomy":"product_tag","embeddable":true,"href":"https:\/\/bibliotecajuridicavirtual.cl\/index.php\/wp-json\/wp\/v2\/product_tag?post=4412"}],"curies":[{"name":"wp","href":"https:\/\/api.w.org\/{rel}","templated":true}]}}