{"id":4414,"date":"2026-02-28T01:25:32","date_gmt":"2026-02-28T04:25:32","guid":{"rendered":"https:\/\/bibliotecajuridicavirtual.cl\/?post_type=product&#038;p=4414"},"modified":"2026-02-28T01:25:40","modified_gmt":"2026-02-28T04:25:40","slug":"comentarios-sistematicos-al-codigo-penal-introduccion-a-la-ley-penal-y-adecuacion-tipica-ano-2023-245-pag-autor-john-r-w-mackinnon-r","status":"publish","type":"product","link":"https:\/\/bibliotecajuridicavirtual.cl\/index.php\/product\/comentarios-sistematicos-al-codigo-penal-introduccion-a-la-ley-penal-y-adecuacion-tipica-ano-2023-245-pag-autor-john-r-w-mackinnon-r\/","title":{"rendered":"Comentarios Sistem\u00e1ticos al C\u00f3digo Penal- Introducci\u00f3n a la Ley Penal y Adecuaci\u00f3n T\u00edpica. A\u00f1o 2023\/ 245 P\u00e1g. Autor John R. W. MacKinnon R."},"content":{"rendered":"<p style=\"font-weight: 400;\"><b><strong>INTRODUCCI\u00d3N A LA LEY PENAL Y ADECUACI\u00d3N T\u00cdPICA DE LOS DELITOS DE COMISI\u00d3N DOLOSOS \u2013 ART\u00cdCULOS 1 Y 2 DEL C\u00d3DIGO PENAL<\/strong><\/b><\/p>\n<p style=\"font-weight: 400;\">Este libro \u2013y los vol\u00famenes que lo siguen- son la respuesta a un vac\u00edo en la literatura jur\u00eddico-penal chilena. Era necesario contar con una obra comprensiva del Derecho penal chileno expuesta en una forma distinta a la tradicional, un texto de referencia que aunara las explicaciones te\u00f3ricas con el estudio del C\u00f3digo Penal y con la exposici\u00f3n de sentencias destacadas de nuestros Tribunales de Justicia.<\/p>\n<p style=\"font-weight: 400;\">Si se revisa la bibliograf\u00eda en materia penal, es claro que no existe una obra contempor\u00e1nea que se dedique a estudiar simult\u00e1neamente las concepciones e ideas sistem\u00e1ticas de la teor\u00eda del delito -contenidas en los tratados, cursos y manuales de autores nacionales- junto con el articulado del C\u00f3digo Penal, interpretado con aquellas, adicionando, adem\u00e1s, la exposici\u00f3n de sentencias recientes y de relevancia te\u00f3rica en materia penal.<\/p>\n<p style=\"font-weight: 400;\">Por ello, el autor quien ha publicado anteriormente diversas obras, tanto con fines docentes como te\u00f3ricos, decidi\u00f3 abocarse a este trabajo que contempla un importante n\u00famero de vol\u00famenes -en otras materiales- que se ir\u00e1n adicionando a \u00e9ste.<\/p>\n<p style=\"font-weight: 400;\">El contenido de este libro se puede dividir en dos materias. La primera -m\u00e1s breve- es un estudio introductorio sobre la ley penal. Incluye los conceptos de delito, de fin y funci\u00f3n del Derecho Penal y de la pena, los principios penales fundamentales y de garant\u00eda, la interpretaci\u00f3n penal, y los \u00e1mbitos de vigencia temporal, personal y espacial de la ley penal.<\/p>\n<p style=\"font-weight: 400;\">La segunda parte est\u00e1 dedicada al estudio del primero de los elementos de la teor\u00eda del delito, la tipicidad penal, pero s\u00f3lo en cuanto a la adecuaci\u00f3n t\u00edpica de los delitos de comisi\u00f3n dolosos. Se introducen estas materias con una revisi\u00f3n del estado actual de los estudios sobre la teor\u00eda del delito y sus elementos, y los conceptos de acci\u00f3n y omisi\u00f3n, tipo y tipicidad. Posteriormente se analizan en profundidad los elementos de los tipos penales de comisi\u00f3n, tanto en su faz objetiva como subjetiva dolosa, revisando los puntos de vista de la doctrina nacional, contrast\u00e1ndolos con el texto de la ley penal y exponiendo diversas sentencias- la mayor\u00eda recientes- de los Tribunales de Justicia nacionales.<\/p>\n<ol>\n<li style=\"font-weight: 400;\"><b><strong> ASPECTOS INTRODUCTORIOS AL ESTUDIO DEL C\u00d3DIGO PENAL<\/strong><\/b><\/li>\n<\/ol>\n<p style=\"font-weight: 400;\">El concepto de delito y su evoluci\u00f3n desde la dictaci\u00f3n del C\u00f3digo Penal chileno<\/p>\n<p style=\"font-weight: 400;\">1.1. Introducci\u00f3n<br \/>\n1.1.1. G\u00e9nesis y evoluci\u00f3n del C\u00f3digo penal chileno<br \/>\n1.1.2. Los proyectos m\u00e1s recientes de reforma del C\u00f3digo penal<br \/>\n1.2. Fin y funci\u00f3n del Derecho penal y de la pena<br \/>\n1.2.1. Distinciones previas: Ius puniendi, ius poenali y dogm\u00e1tica jur\u00eddico-penal<br \/>\n1.2.2. Fin y funci\u00f3n del Derecho penal .<br \/>\n1.3. Garant\u00edas penales<br \/>\n1.3.1. El principio de legalidad<br \/>\n1.3.2. El principio de culpabilidad<br \/>\n1.3.3. El principio de lesividad<br \/>\n1.3.4. Fuentes del Derecho penal chileno<br \/>\n1.4. Interpretaci\u00f3n de la ley penal<br \/>\n1.4.1. Jurisprudencia: Interpretaci\u00f3n de la ley penal<br \/>\n1.5. \u00c1mbitos de vigencia de la ley penal<br \/>\n1.5.1. El \u00e1mbito de vigencia temporal de la ley penal<br \/>\n1.5.2. El \u00e1mbito de vigencia personal de la ley penal<br \/>\n1.5.3. El \u00e1mbito de vigencia espacial de la ley penal<\/p>\n<ol start=\"2\">\n<li style=\"font-weight: 400;\"><b><strong> LA TIPICIDAD PENAL<\/strong><\/b><\/li>\n<\/ol>\n<p style=\"font-weight: 400;\">2.1. Introducci\u00f3n<br \/>\n2.1.1. Elementos de la teor\u00eda del delito: breves fundamentos y evoluci\u00f3n<br \/>\n2.1.2. Elementos del delito y su evoluci\u00f3n en la doctrina chilena<br \/>\n2.1.3. Los Anteproyectos de reforma del C\u00f3digo penal<br \/>\n2.2. Acci\u00f3n y omisi\u00f3n en el art. 1o y sus funciones en la aplicaci\u00f3n de una teor\u00eda del delito<br \/>\n2.2.1. La acci\u00f3n<br \/>\n2.2.2. La omisi\u00f3n en el art. 1\u00ba<br \/>\n2.2.3. La expresi\u00f3n \u201cvoluntaria\u201d en el art. 1\u00ba<br \/>\n2.2.4. La conducta comisiva y la conducta omisiva .<\/p>\n<ol start=\"3\">\n<li style=\"font-weight: 400;\"><b><strong> ADECUACI\u00d3N T\u00cdPICA EN LOS DELITOS DE COMISI\u00d3N DOLOSA<\/strong><\/b><\/li>\n<\/ol>\n<p style=\"font-weight: 400;\">3.1. La tipicidad objetiva<br \/>\n3.1.1. Tipo y tipicidad penal<br \/>\n3.1.2. Contenidos del tipo penal: a.1. La distinci\u00f3n entre delito de resultado y delito de mera actividad<br \/>\n3.1.3. Contenidos del tipo penal: a.2. Los objetos protegidos del tipo penal. La distinci\u00f3n entre delito de lesi\u00f3n y delito de peligro<br \/>\n3.1.4. Contenidos del tipo penal: los sujetos activos<br \/>\n3.1.5. Contenidos del tipo penal: los sujetos activos. Los delitos de dominio y los delitos de infracci\u00f3n de deber<br \/>\n3.1.6. Contenidos del tipo penal: los sujetos pasivos<br \/>\n3.1.7. Contenidos del tipo penal: Elementos descriptivos y elementos normativos de los tipos<br \/>\n3.1.8. Contenidos del tipo penal: Referencias a determinadas circunstancias de la conducta: medios o modalidades, forma, lugar, momento, y objeto material de la conducta<br \/>\n3.1.9. Estructura del tipo penal: la relaci\u00f3n entre la conducta y el resultado: la imputaci\u00f3n objetiva<br \/>\n3.2. La tipicidad subjetiva: el tipo subjetivo doloso<br \/>\n3.2.1. El dolo<br \/>\n3.2.2. El error de tipo<br \/>\n3.2.3. Clases de dolo<br \/>\n3.2.4. Los especiales elementos subjetivos y del \u00e1nimo<br \/>\n3.2.4.1. Jurisprudencia. Especiales elementos subjetivos y del \u00e1nimo<\/p>\n","protected":false},"excerpt":{"rendered":"<p>INTRODUCCI\u00d3N A LA LEY PENAL Y ADECUACI\u00d3N T\u00cdPICA DE LOS DELITOS DE COMISI\u00d3N DOLOSOS \u2013 ART\u00cdCULOS 1 Y 2 DEL C\u00d3DIGO PENAL Este libro \u2013y los vol\u00famenes que lo siguen- son la respuesta a un vac\u00edo en la literatura jur\u00eddico-penal chilena. Era necesario contar con una obra comprensiva del Derecho penal chileno expuesta en una forma distinta a la tradicional, un texto de referencia que aunara las explicaciones te\u00f3ricas con el estudio del C\u00f3digo Penal y con la exposici\u00f3n de sentencias destacadas de nuestros Tribunales de Justicia. Si se revisa la bibliograf\u00eda en materia penal, es claro que no existe una obra contempor\u00e1nea que se dedique a estudiar simult\u00e1neamente las concepciones e ideas sistem\u00e1ticas de la teor\u00eda del delito -contenidas en los tratados, cursos y manuales de autores nacionales- junto con el articulado del C\u00f3digo Penal, interpretado con aquellas, adicionando, adem\u00e1s, la exposici\u00f3n de sentencias recientes y de relevancia te\u00f3rica en materia penal. Por ello, el autor quien ha publicado anteriormente diversas obras, tanto con fines docentes como te\u00f3ricos, decidi\u00f3 abocarse a este trabajo que contempla un importante n\u00famero de vol\u00famenes -en otras materiales- que se ir\u00e1n adicionando a \u00e9ste. El contenido de este libro se puede dividir en dos materias. La primera -m\u00e1s breve- es un estudio introductorio sobre la ley penal. Incluye los conceptos de delito, de fin y funci\u00f3n del Derecho Penal y de la pena, los principios penales fundamentales y de garant\u00eda, la interpretaci\u00f3n penal, y los \u00e1mbitos de vigencia temporal, personal y espacial de la ley penal. La segunda parte est\u00e1 dedicada al estudio del primero de los elementos de la teor\u00eda del delito, la tipicidad penal, pero s\u00f3lo en cuanto a la adecuaci\u00f3n t\u00edpica de los delitos de comisi\u00f3n dolosos. Se introducen estas materias con una revisi\u00f3n del estado actual de los estudios sobre la teor\u00eda del delito y sus elementos, y los conceptos de acci\u00f3n y omisi\u00f3n, tipo y tipicidad. Posteriormente se analizan en profundidad los elementos de los tipos penales de comisi\u00f3n, tanto en su faz objetiva como subjetiva dolosa, revisando los puntos de vista de la doctrina nacional, contrast\u00e1ndolos con el texto de la ley penal y exponiendo diversas sentencias- la mayor\u00eda recientes- de los Tribunales de Justicia nacionales. ASPECTOS INTRODUCTORIOS AL ESTUDIO DEL C\u00d3DIGO PENAL El concepto de delito y su evoluci\u00f3n desde la dictaci\u00f3n del C\u00f3digo Penal chileno 1.1. Introducci\u00f3n 1.1.1. G\u00e9nesis y evoluci\u00f3n del C\u00f3digo penal chileno 1.1.2. Los proyectos m\u00e1s recientes de reforma del C\u00f3digo penal 1.2. Fin y funci\u00f3n del Derecho penal y de la pena 1.2.1. Distinciones previas: Ius puniendi, ius poenali y dogm\u00e1tica jur\u00eddico-penal 1.2.2. Fin y funci\u00f3n del Derecho penal . 1.3. Garant\u00edas penales 1.3.1. El principio de legalidad 1.3.2. El principio de culpabilidad 1.3.3. El principio de lesividad 1.3.4. Fuentes del Derecho penal chileno 1.4. Interpretaci\u00f3n de la ley penal 1.4.1. Jurisprudencia: Interpretaci\u00f3n de la ley penal 1.5. \u00c1mbitos de vigencia de la ley penal 1.5.1. El \u00e1mbito de vigencia temporal de la ley penal 1.5.2. El \u00e1mbito de vigencia personal de la ley penal 1.5.3. El \u00e1mbito de vigencia espacial de la ley penal LA TIPICIDAD PENAL 2.1. Introducci\u00f3n 2.1.1. Elementos de la teor\u00eda del delito: breves fundamentos y evoluci\u00f3n 2.1.2. Elementos del delito y su evoluci\u00f3n en la doctrina chilena 2.1.3. Los Anteproyectos de reforma del C\u00f3digo penal 2.2. Acci\u00f3n y omisi\u00f3n en el art. 1o y sus funciones en la aplicaci\u00f3n de una teor\u00eda del delito 2.2.1. La acci\u00f3n 2.2.2. La omisi\u00f3n en el art. 1\u00ba 2.2.3. La expresi\u00f3n \u201cvoluntaria\u201d en el art. 1\u00ba 2.2.4. La conducta comisiva y la conducta omisiva . ADECUACI\u00d3N T\u00cdPICA EN LOS DELITOS DE COMISI\u00d3N DOLOSA 3.1. La tipicidad objetiva 3.1.1. Tipo y tipicidad penal 3.1.2. Contenidos del tipo penal: a.1. La distinci\u00f3n entre delito de resultado y delito de mera actividad 3.1.3. Contenidos del tipo penal: a.2. Los objetos protegidos del tipo penal. La distinci\u00f3n entre delito de lesi\u00f3n y delito de peligro 3.1.4. Contenidos del tipo penal: los sujetos activos 3.1.5. Contenidos del tipo penal: los sujetos activos. Los delitos de dominio y los delitos de infracci\u00f3n de deber 3.1.6. Contenidos del tipo penal: los sujetos pasivos 3.1.7. Contenidos del tipo penal: Elementos descriptivos y elementos normativos de los tipos 3.1.8. Contenidos del tipo penal: Referencias a determinadas circunstancias de la conducta: medios o modalidades, forma, lugar, momento, y objeto material de la conducta 3.1.9. Estructura del tipo penal: la relaci\u00f3n entre la conducta y el resultado: la imputaci\u00f3n objetiva 3.2. La tipicidad subjetiva: el tipo subjetivo doloso 3.2.1. El dolo 3.2.2. El error de tipo 3.2.3. Clases de dolo 3.2.4. Los especiales elementos subjetivos y del \u00e1nimo 3.2.4.1. Jurisprudencia. Especiales elementos subjetivos y del \u00e1nimo<\/p>\n","protected":false},"featured_media":4444,"comment_status":"open","ping_status":"closed","template":"","meta":{"inline_featured_image":false,"_joinchat":[]},"product_brand":[],"product_cat":[40,30],"product_tag":[],"class_list":{"0":"post-4414","1":"product","2":"type-product","3":"status-publish","4":"has-post-thumbnail","6":"product_cat-ediciones-juridica-de-santiago","7":"product_cat-penal","8":"product_shipping_class-a-convenir","10":"first","11":"instock","12":"shipping-taxable","13":"purchasable","14":"product-type-simple"},"_links":{"self":[{"href":"https:\/\/bibliotecajuridicavirtual.cl\/index.php\/wp-json\/wp\/v2\/product\/4414","targetHints":{"allow":["GET"]}}],"collection":[{"href":"https:\/\/bibliotecajuridicavirtual.cl\/index.php\/wp-json\/wp\/v2\/product"}],"about":[{"href":"https:\/\/bibliotecajuridicavirtual.cl\/index.php\/wp-json\/wp\/v2\/types\/product"}],"replies":[{"embeddable":true,"href":"https:\/\/bibliotecajuridicavirtual.cl\/index.php\/wp-json\/wp\/v2\/comments?post=4414"}],"wp:featuredmedia":[{"embeddable":true,"href":"https:\/\/bibliotecajuridicavirtual.cl\/index.php\/wp-json\/wp\/v2\/media\/4444"}],"wp:attachment":[{"href":"https:\/\/bibliotecajuridicavirtual.cl\/index.php\/wp-json\/wp\/v2\/media?parent=4414"}],"wp:term":[{"taxonomy":"product_brand","embeddable":true,"href":"https:\/\/bibliotecajuridicavirtual.cl\/index.php\/wp-json\/wp\/v2\/product_brand?post=4414"},{"taxonomy":"product_cat","embeddable":true,"href":"https:\/\/bibliotecajuridicavirtual.cl\/index.php\/wp-json\/wp\/v2\/product_cat?post=4414"},{"taxonomy":"product_tag","embeddable":true,"href":"https:\/\/bibliotecajuridicavirtual.cl\/index.php\/wp-json\/wp\/v2\/product_tag?post=4414"}],"curies":[{"name":"wp","href":"https:\/\/api.w.org\/{rel}","templated":true}]}}