{"id":4417,"date":"2026-02-28T01:25:32","date_gmt":"2026-02-28T04:25:32","guid":{"rendered":"https:\/\/bibliotecajuridicavirtual.cl\/?post_type=product&#038;p=4417"},"modified":"2026-02-28T01:25:42","modified_gmt":"2026-02-28T04:25:42","slug":"tribunales-no-reformados-nociones-basicas-de-organizacion-y-funcionamiento-ano-2023-192-pag-autor-mario-alruiz-valenzuela-jaime-cruces-neira-nelson-lorca-poblete-juan-villalon-cabezas","status":"publish","type":"product","link":"https:\/\/bibliotecajuridicavirtual.cl\/index.php\/product\/tribunales-no-reformados-nociones-basicas-de-organizacion-y-funcionamiento-ano-2023-192-pag-autor-mario-alruiz-valenzuela-jaime-cruces-neira-nelson-lorca-poblete-juan-villalon-cabezas\/","title":{"rendered":"Tribunales No Reformados: Nociones B\u00e1sicas de Organizaci\u00f3n y Funcionamiento. A\u00f1o 2023\/ 192 P\u00e1g. Autor Mario Alruiz Valenzuela &#8211; Jaime Cruces Neira &#8211; Nelson Lorca Poblete &#8211; Juan Villal\u00f3n Cabezas"},"content":{"rendered":"<p style=\"font-weight: 400;\">Se acostumbra a identificar los tribunales \u201cno reformados\u201d con los juzgados de letras; sin embargo, atendidas las modificaciones al C\u00f3digo Org\u00e1nico de Tribunales, dicha identificaci\u00f3n no es exacta, pues hay juzgados de letras en el pa\u00eds que cuentan con administrador y una organizaci\u00f3n administrativa formal.<\/p>\n<p style=\"font-weight: 400;\">Lo anterior determina que, en la actualidad, los juzgados de letras tengan una variedad de estructuras y competencias, desde que a algunos les corresponde conocer de procedimientos escritos, a otros, al mismo tiempo, conocer de procedimientos reformados (laboral, garant\u00eda, familia), y otros cuentan con una organizaci\u00f3n administrativa reformada, integrando un administrador del tribunal y dos o m\u00e1s jueces.<\/p>\n<p style=\"font-weight: 400;\">En esta obra, al tiempo de dilucidar qu\u00e9 son los denominados tribunales no reformados, se examinar\u00e1 su organizaci\u00f3n, funcionamiento, estructura, facultades y competencia, adem\u00e1s de revisar las principales materias y procedimientos a su cargo.<\/p>\n<ol>\n<li style=\"font-weight: 400;\"><b><strong> Poder judicial y administraci\u00f3n de justicia en general<\/strong><\/b><br \/>\n1.1. Corte Suprema<br \/>\n1.2. Cortes de Apelaciones<br \/>\n1.3. Tribunales de primera instancia<\/li>\n<li style=\"font-weight: 400;\"><b><strong> Concepto, organizaci\u00f3n y atribuciones de los juzgados no reformados<\/strong><\/b><br \/>\n2.1. Definici\u00f3n y normativa de los tribunales no reformados<br \/>\n2.2. Funcionamiento, composici\u00f3n y clasificaci\u00f3n<br \/>\nA) Aspectos comunes y diferencias<\/li>\n<li style=\"font-weight: 400;\"><b><strong> Competencia de los juzgados no reformados<\/strong><\/b><br \/>\n3.1. Materias y procedimientos de mayor aplicaci\u00f3n y\/o uso en tribunales de competencia civil<br \/>\n3.2. Procedimiento ordinario<br \/>\nA) Procedimiento ordinario de mayor cuant\u00eda<br \/>\na. Tr\u00e1mites o etapas del procedimiento o juicio ordinario de mayor cuant\u00eda<br \/>\ni. La demanda y sus requisitos<br \/>\nii. Notificaci\u00f3n del demandado y emplazamiento<br \/>\niii. Contestaci\u00f3n de la demanda<br \/>\niv. Reconvenci\u00f3n<br \/>\nv. R\u00e9plica y d\u00faplica<br \/>\nvi. Conciliaci\u00f3n<br \/>\nvii. Prueba<br \/>\nviii. Observaciones a la prueba<br \/>\nix. Citaci\u00f3n para o\u00edr sentencia<br \/>\nx. Plazo para dictar sentencia<br \/>\nxi. Requisitos de la sentencia definitiva<br \/>\nB) Procedimiento ordinario de menor cuant\u00eda<br \/>\nC) Procedimiento ordinario de m\u00ednima cuant\u00eda<br \/>\na. Tramitaci\u00f3n<br \/>\n3.3. Procedimiento sumario<br \/>\nA) Estructura del procedimiento<br \/>\nB) Estructura b\u00e1sica<br \/>\na. Cuaderno principal<br \/>\nb. Cuaderno de apremio<br \/>\nc. Cuaderno de tercer\u00edas<br \/>\nd. Cuaderno de incidentes<br \/>\n3.5. Actos judiciales no contenciosos<br \/>\nA) Requisitos<br \/>\nB) Caracter\u00edsticas<br \/>\nC) Tramitaci\u00f3n<br \/>\na. Materias y procedimientos habituales en los Juzgados no reformados con competencia com\u00fan<br \/>\ni. Laboral<br \/>\nii. Cobranza laboral y previsional<br \/>\niii. Familia<br \/>\niv. Garant\u00eda<\/li>\n<li style=\"font-weight: 400;\"><b><strong> Procedimiento de tramitaci\u00f3n v\u00eda carpeta electr\u00f3nica<\/strong><\/b><br \/>\n4.1. Principales caracter\u00edsticas de la Ley N\u00b0 20.886 (Auto Acordado N\u00b071-2016)<br \/>\nA) Entrada en vigencia<br \/>\nB) \u00c1mbito de aplicaci\u00f3n<br \/>\nC) Principios que rigen la tramitaci\u00f3n electr\u00f3nica<br \/>\na. Principio de equivalencia funcional del soporte electr\u00f3nico<br \/>\nb. Principio de fidelidad<br \/>\nc. Principio de publicidad<br \/>\nd. Principio de buena fe<br \/>\ne. Principio de actualizaci\u00f3n de los sistemas inform\u00e1ticos<br \/>\nf. Principio de cooperaci\u00f3n<br \/>\n4.2. Dispositivos electr\u00f3nicos: firma electr\u00f3nica avanzada y georreferenciaci\u00f3n<br \/>\nA) Firma digital electr\u00f3nica (Ley N\u00b0 19.799, sobre documentos electr\u00f3nicos, firma electr\u00f3nica y servicios de certificaci\u00f3n de dicha firma)<br \/>\nC) Enrolamiento<br \/>\nD) Consideraciones generales respecto de la utilizaci\u00f3n de las firmas electr\u00f3nicas avanzadas<br \/>\nE) Georreferenciaci\u00f3n<br \/>\n4.3. Uso de los sistemas SITCI y SITMIX<br \/>\nA) Ingreso de demandas, presentaci\u00f3n de escritos y documentos<\/li>\n<li style=\"font-weight: 400;\"><b><strong> Secci\u00f3n o unidad de atenci\u00f3n de p\u00fablico<\/strong><\/b><br \/>\n5.1. Integrantes y principales funciones de la atenci\u00f3n de p\u00fablico<br \/>\nA) Integrantes<br \/>\nB) Funciones de la Unidad de Atenci\u00f3n de P\u00fablico<br \/>\na. Informar al p\u00fablico general acerca del estado de las causas, audiencias y comparendos que se tramitan en el tribunal<br \/>\nb. Confeccionar y mantener actualizados los sistemas de atenci\u00f3n de informaci\u00f3n y orientaci\u00f3n al usuario<br \/>\nc. Entregar informaci\u00f3n sobre direcciones de entidades, instituciones y organismos relacionados con el sistema de justicia atinente a su jurisdicci\u00f3n y materia<br \/>\nd. Recibir documentaci\u00f3n y despacho de correspondencia<br \/>\ne. Atender los llamados telef\u00f3nicos y traspasarlos a sus destinatarios<br \/>\nf. Escanear escritos, solicitudes e informes excepcionalmente recibidos en forma material e ingresarlos a los sistemas de tramitaci\u00f3n correspondientes<br \/>\ng. Recibir escritos de causas de usuarios autorizados para no tramitar por Oficina Judicial Virtual (OJV) y otras solicitudes<br \/>\nh. Publicar la informaci\u00f3n de las audiencias diarias d\u00f3nde y cu\u00e1ndo corresponda<br \/>\ni. Entregar copias de resoluciones, oficios, actas de audiencia y audios cuando hayan sido ordenadas<br \/>\nj. Coordinar, en caso que se requiera, la entrega de cheques o custodias valorizadas<br \/>\nk. Apertura de buz\u00f3n de sugerencias, reclamos y felicitaciones, levantando un acta y dando respuesta a los usuarios que realizaron alguna presentaci\u00f3n por esa v\u00eda<br \/>\nl. Notificaciones<br \/>\nm. Patrocinio y poder<br \/>\nn. Otras funciones realizadas en algunos juzgados de letras no reformados e interesantes de considerar<br \/>\n5.2. Manejo de usuarios complejos<br \/>\n5.3. Sistemas p\u00fablicos de informaci\u00f3n para la atenci\u00f3n de usuarios<br \/>\nA) P\u00e1gina web del Poder Judicial<br \/>\nB) Sistema de traducci\u00f3n en l\u00ednea<br \/>\n5.4. Notificaciones y citaciones<br \/>\nA) En los juzgados no reformados con competencia en materia penal, familia, laboral y de cobranza laboral y previsional<br \/>\n5.5. Registro de informaci\u00f3n de instituciones relacionadas<br \/>\n5.6. Documentaci\u00f3n recibida y correspondencia despachada<br \/>\nA) Principales documentos recibidos por los tribunales no reformados<br \/>\na. Oficios de diversas instituciones<br \/>\nb. Las demandas y escritos que pudieran presentarse excepcionalmente de acuerdo a los art\u00edculos 5\u00ba y 6\u00ba de la Ley N\u00ba 20.886 y al Acta N\u00ba 37-2016<br \/>\nc. Documentaci\u00f3n a trav\u00e9s del correo electr\u00f3nico institucional<br \/>\nd. Otros<br \/>\nB) Principales documentos despachados por los tribunales no reformados<\/li>\n<li style=\"font-weight: 400;\"><b><strong> Secciones o unidad de causas, sala y cumplimiento, seg\u00fan la tipolog\u00eda de tribunal<\/strong><\/b><br \/>\nA) Cargos y funciones<br \/>\na. Juez<br \/>\nb. Secretario<br \/>\nc. Consejero t\u00e9cnico<br \/>\nd. Personal de secretar\u00eda<br \/>\ne. Oficial primero<br \/>\nf. Administrativos de causas civiles (oficiales 2\u00b0 A 4\u00b0)<br \/>\ng. Administrativos de atenci\u00f3n de p\u00fablico (oficiales 2\u00b0 a 4\u00b0)<br \/>\nh. Administrativos de causas de garant\u00eda (oficiales 2\u00b0 a 4\u00b0)<br \/>\ni. Administrativos de causas de familia (oficiales 2\u00b0 a 4\u00b0)<br \/>\nj. Administrativos de causas laborales y de cobranza (oficiales 2\u00b0 a 4\u00b0)<br \/>\nk. Administrativos de custodia (oficiales 2\u00b0 a 4\u00b0)<br \/>\nl. Auxiliar administrativo (oficial de sala)<br \/>\n6.2. Organizaci\u00f3n y flujo de trabajo en tribunales bic\u00e9falos<br \/>\nA) Juez presidente<br \/>\nB) Administrador de tribunal<br \/>\nC) Jefe de la Unidad de Causas, Sala y Cumplimiento<br \/>\nD) Administrativo jefe de garant\u00eda<br \/>\nE) Administrativo jefe civil, laboral, cobranza y familia<br \/>\nF) Administrativo contable<br \/>\nG) Ayudante de servicios<\/li>\n<li style=\"font-weight: 400;\"><b><strong> Gesti\u00f3n administrativa para tribunales no reformados<\/strong><\/b><br \/>\nA) Recursos humanos<br \/>\nB) Servicios e infraestructura<br \/>\nC) Procesos<br \/>\n7.2. Organizaci\u00f3n<br \/>\n7.3. Direcci\u00f3n<br \/>\n7.4. Control<br \/>\n7.5. Procedimientos indispensables en la gesti\u00f3n administrativa de un juzgado no reformado<br \/>\nA) Distribuci\u00f3n del personal en las diferentes secciones o unidades y su dotaci\u00f3n m\u00ednima para un funcionamiento adecuado<br \/>\nB) Modelo de polifuncionalidad y matriz de subrogaciones en los tribunales no reformados<br \/>\nC) Procedimiento objetivo y general de distribuci\u00f3n de causas y criterios<\/li>\n<\/ol>\n<p style=\"font-weight: 400;\">de agendamiento de audiencias<br \/>\nD) Protocolo de inducci\u00f3n al personal nuevo en un juzgado de letras no reformado<br \/>\na. Descripci\u00f3n del proceso<br \/>\nE) Decretos econ\u00f3micos<br \/>\nF) Metas de gesti\u00f3n de desempe\u00f1o colectivo y de eficiencia institucional<br \/>\nG) Indicadores de gesti\u00f3n<\/p>\n<ol start=\"8\">\n<li style=\"font-weight: 400;\"><b><strong> Glosario de t\u00e9rminos legales<\/strong><\/b><br \/>\n8.1. Frases de uso frecuente<br \/>\n8.2. T\u00e9rminos comunes<br \/>\n8.3. T\u00e9rminos relativos a materia de familia<br \/>\nA) \u00bfQu\u00e9 materias resuelven los tribunales de familia?<br \/>\nB) \u00bfQu\u00e9 significa?<br \/>\n8.4. T\u00e9rminos relativos a materia laboral<br \/>\nA) \u00bfQu\u00e9 materias tratan los tribunales laborales?<br \/>\nB) \u00bfQu\u00e9 materias tratan los tribunales de cobranza laboral y previsional?<br \/>\nC) \u00bfQu\u00e9 significa?<br \/>\n8.5. T\u00e9rminos relativos a materia penal<br \/>\nA) \u00bfQu\u00e9 materias tratan los tribunales de garant\u00eda?<br \/>\nB) \u00bfQu\u00e9 materias tratan los tribunales de juicio oral en lo penal?<br \/>\nC) \u00bfQu\u00e9 significan los principales t\u00e9rminos utilizados en materia penal?<br \/>\n8.6. T\u00e9rminos relativos a materia civil<br \/>\nA) \u00bfQu\u00e9 significan los principales t\u00e9rminos o frases utilizadas en materia civil?<\/li>\n<\/ol>\n","protected":false},"excerpt":{"rendered":"<p>Se acostumbra a identificar los tribunales \u201cno reformados\u201d con los juzgados de letras; sin embargo, atendidas las modificaciones al C\u00f3digo Org\u00e1nico de Tribunales, dicha identificaci\u00f3n no es exacta, pues hay juzgados de letras en el pa\u00eds que cuentan con administrador y una organizaci\u00f3n administrativa formal. Lo anterior determina que, en la actualidad, los juzgados de letras tengan una variedad de estructuras y competencias, desde que a algunos les corresponde conocer de procedimientos escritos, a otros, al mismo tiempo, conocer de procedimientos reformados (laboral, garant\u00eda, familia), y otros cuentan con una organizaci\u00f3n administrativa reformada, integrando un administrador del tribunal y dos o m\u00e1s jueces. En esta obra, al tiempo de dilucidar qu\u00e9 son los denominados tribunales no reformados, se examinar\u00e1 su organizaci\u00f3n, funcionamiento, estructura, facultades y competencia, adem\u00e1s de revisar las principales materias y procedimientos a su cargo. Poder judicial y administraci\u00f3n de justicia en general 1.1. Corte Suprema 1.2. Cortes de Apelaciones 1.3. Tribunales de primera instancia Concepto, organizaci\u00f3n y atribuciones de los juzgados no reformados 2.1. Definici\u00f3n y normativa de los tribunales no reformados 2.2. Funcionamiento, composici\u00f3n y clasificaci\u00f3n A) Aspectos comunes y diferencias Competencia de los juzgados no reformados 3.1. Materias y procedimientos de mayor aplicaci\u00f3n y\/o uso en tribunales de competencia civil 3.2. Procedimiento ordinario A) Procedimiento ordinario de mayor cuant\u00eda a. Tr\u00e1mites o etapas del procedimiento o juicio ordinario de mayor cuant\u00eda i. La demanda y sus requisitos ii. Notificaci\u00f3n del demandado y emplazamiento iii. Contestaci\u00f3n de la demanda iv. Reconvenci\u00f3n v. R\u00e9plica y d\u00faplica vi. Conciliaci\u00f3n vii. Prueba viii. Observaciones a la prueba ix. Citaci\u00f3n para o\u00edr sentencia x. Plazo para dictar sentencia xi. Requisitos de la sentencia definitiva B) Procedimiento ordinario de menor cuant\u00eda C) Procedimiento ordinario de m\u00ednima cuant\u00eda a. Tramitaci\u00f3n 3.3. Procedimiento sumario A) Estructura del procedimiento B) Estructura b\u00e1sica a. Cuaderno principal b. Cuaderno de apremio c. Cuaderno de tercer\u00edas d. Cuaderno de incidentes 3.5. Actos judiciales no contenciosos A) Requisitos B) Caracter\u00edsticas C) Tramitaci\u00f3n a. Materias y procedimientos habituales en los Juzgados no reformados con competencia com\u00fan i. Laboral ii. Cobranza laboral y previsional iii. Familia iv. Garant\u00eda Procedimiento de tramitaci\u00f3n v\u00eda carpeta electr\u00f3nica 4.1. Principales caracter\u00edsticas de la Ley N\u00b0 20.886 (Auto Acordado N\u00b071-2016) A) Entrada en vigencia B) \u00c1mbito de aplicaci\u00f3n C) Principios que rigen la tramitaci\u00f3n electr\u00f3nica a. Principio de equivalencia funcional del soporte electr\u00f3nico b. Principio de fidelidad c. Principio de publicidad d. Principio de buena fe e. Principio de actualizaci\u00f3n de los sistemas inform\u00e1ticos f. Principio de cooperaci\u00f3n 4.2. Dispositivos electr\u00f3nicos: firma electr\u00f3nica avanzada y georreferenciaci\u00f3n A) Firma digital electr\u00f3nica (Ley N\u00b0 19.799, sobre documentos electr\u00f3nicos, firma electr\u00f3nica y servicios de certificaci\u00f3n de dicha firma) C) Enrolamiento D) Consideraciones generales respecto de la utilizaci\u00f3n de las firmas electr\u00f3nicas avanzadas E) Georreferenciaci\u00f3n 4.3. Uso de los sistemas SITCI y SITMIX A) Ingreso de demandas, presentaci\u00f3n de escritos y documentos Secci\u00f3n o unidad de atenci\u00f3n de p\u00fablico 5.1. Integrantes y principales funciones de la atenci\u00f3n de p\u00fablico A) Integrantes B) Funciones de la Unidad de Atenci\u00f3n de P\u00fablico a. Informar al p\u00fablico general acerca del estado de las causas, audiencias y comparendos que se tramitan en el tribunal b. Confeccionar y mantener actualizados los sistemas de atenci\u00f3n de informaci\u00f3n y orientaci\u00f3n al usuario c. Entregar informaci\u00f3n sobre direcciones de entidades, instituciones y organismos relacionados con el sistema de justicia atinente a su jurisdicci\u00f3n y materia d. Recibir documentaci\u00f3n y despacho de correspondencia e. Atender los llamados telef\u00f3nicos y traspasarlos a sus destinatarios f. Escanear escritos, solicitudes e informes excepcionalmente recibidos en forma material e ingresarlos a los sistemas de tramitaci\u00f3n correspondientes g. Recibir escritos de causas de usuarios autorizados para no tramitar por Oficina Judicial Virtual (OJV) y otras solicitudes h. Publicar la informaci\u00f3n de las audiencias diarias d\u00f3nde y cu\u00e1ndo corresponda i. Entregar copias de resoluciones, oficios, actas de audiencia y audios cuando hayan sido ordenadas j. Coordinar, en caso que se requiera, la entrega de cheques o custodias valorizadas k. Apertura de buz\u00f3n de sugerencias, reclamos y felicitaciones, levantando un acta y dando respuesta a los usuarios que realizaron alguna presentaci\u00f3n por esa v\u00eda l. Notificaciones m. Patrocinio y poder n. Otras funciones realizadas en algunos juzgados de letras no reformados e interesantes de considerar 5.2. Manejo de usuarios complejos 5.3. Sistemas p\u00fablicos de informaci\u00f3n para la atenci\u00f3n de usuarios A) P\u00e1gina web del Poder Judicial B) Sistema de traducci\u00f3n en l\u00ednea 5.4. Notificaciones y citaciones A) En los juzgados no reformados con competencia en materia penal, familia, laboral y de cobranza laboral y previsional 5.5. Registro de informaci\u00f3n de instituciones relacionadas 5.6. Documentaci\u00f3n recibida y correspondencia despachada A) Principales documentos recibidos por los tribunales no reformados a. Oficios de diversas instituciones b. Las demandas y escritos que pudieran presentarse excepcionalmente de acuerdo a los art\u00edculos 5\u00ba y 6\u00ba de la Ley N\u00ba 20.886 y al Acta N\u00ba 37-2016 c. Documentaci\u00f3n a trav\u00e9s del correo electr\u00f3nico institucional d. Otros B) Principales documentos despachados por los tribunales no reformados Secciones o unidad de causas, sala y cumplimiento, seg\u00fan la tipolog\u00eda de tribunal A) Cargos y funciones a. Juez b. Secretario c. Consejero t\u00e9cnico d. Personal de secretar\u00eda e. Oficial primero f. Administrativos de causas civiles (oficiales 2\u00b0 A 4\u00b0) g. Administrativos de atenci\u00f3n de p\u00fablico (oficiales 2\u00b0 a 4\u00b0) h. Administrativos de causas de garant\u00eda (oficiales 2\u00b0 a 4\u00b0) i. Administrativos de causas de familia (oficiales 2\u00b0 a 4\u00b0) j. Administrativos de causas laborales y de cobranza (oficiales 2\u00b0 a 4\u00b0) k. Administrativos de custodia (oficiales 2\u00b0 a 4\u00b0) l. Auxiliar administrativo (oficial de sala) 6.2. Organizaci\u00f3n y flujo de trabajo en tribunales bic\u00e9falos A) Juez presidente B) Administrador de tribunal C) Jefe de la Unidad de Causas, Sala y Cumplimiento D) Administrativo jefe de garant\u00eda E) Administrativo jefe civil, laboral, cobranza y familia F) Administrativo contable G) Ayudante de servicios Gesti\u00f3n administrativa para tribunales no reformados A) Recursos humanos B) Servicios e infraestructura C) Procesos 7.2. Organizaci\u00f3n 7.3. Direcci\u00f3n 7.4. Control 7.5. Procedimientos indispensables en la gesti\u00f3n administrativa de un juzgado no reformado A)<\/p>\n","protected":false},"featured_media":4447,"comment_status":"open","ping_status":"closed","template":"","meta":{"inline_featured_image":false,"_joinchat":[]},"product_brand":[],"product_cat":[38,39],"product_tag":[],"class_list":{"0":"post-4417","1":"product","2":"type-product","3":"status-publish","4":"has-post-thumbnail","6":"product_cat-editorial-der-ediciones","7":"product_cat-procesal-civil","8":"product_shipping_class-a-convenir","10":"first","11":"instock","12":"shipping-taxable","13":"purchasable","14":"product-type-simple"},"_links":{"self":[{"href":"https:\/\/bibliotecajuridicavirtual.cl\/index.php\/wp-json\/wp\/v2\/product\/4417","targetHints":{"allow":["GET"]}}],"collection":[{"href":"https:\/\/bibliotecajuridicavirtual.cl\/index.php\/wp-json\/wp\/v2\/product"}],"about":[{"href":"https:\/\/bibliotecajuridicavirtual.cl\/index.php\/wp-json\/wp\/v2\/types\/product"}],"replies":[{"embeddable":true,"href":"https:\/\/bibliotecajuridicavirtual.cl\/index.php\/wp-json\/wp\/v2\/comments?post=4417"}],"wp:featuredmedia":[{"embeddable":true,"href":"https:\/\/bibliotecajuridicavirtual.cl\/index.php\/wp-json\/wp\/v2\/media\/4447"}],"wp:attachment":[{"href":"https:\/\/bibliotecajuridicavirtual.cl\/index.php\/wp-json\/wp\/v2\/media?parent=4417"}],"wp:term":[{"taxonomy":"product_brand","embeddable":true,"href":"https:\/\/bibliotecajuridicavirtual.cl\/index.php\/wp-json\/wp\/v2\/product_brand?post=4417"},{"taxonomy":"product_cat","embeddable":true,"href":"https:\/\/bibliotecajuridicavirtual.cl\/index.php\/wp-json\/wp\/v2\/product_cat?post=4417"},{"taxonomy":"product_tag","embeddable":true,"href":"https:\/\/bibliotecajuridicavirtual.cl\/index.php\/wp-json\/wp\/v2\/product_tag?post=4417"}],"curies":[{"name":"wp","href":"https:\/\/api.w.org\/{rel}","templated":true}]}}