{"id":4420,"date":"2026-02-28T01:25:32","date_gmt":"2026-02-28T04:25:32","guid":{"rendered":"https:\/\/bibliotecajuridicavirtual.cl\/?post_type=product&#038;p=4420"},"modified":"2026-02-28T01:25:45","modified_gmt":"2026-02-28T04:25:45","slug":"contratos-colaborativos-y-disminucion-de-controversia-en-proyectos-de-construccion-ano-2023-149-pag-autor-luis-felipe-torres-camilo","status":"publish","type":"product","link":"https:\/\/bibliotecajuridicavirtual.cl\/index.php\/product\/contratos-colaborativos-y-disminucion-de-controversia-en-proyectos-de-construccion-ano-2023-149-pag-autor-luis-felipe-torres-camilo\/","title":{"rendered":"Contratos Colaborativos y Disminuci\u00f3n de Controversia en Proyectos de Construcci\u00f3n. A\u00f1o 2023\/ 149 P\u00e1g. Autor Luis Felipe Torres Camilo"},"content":{"rendered":"<p style=\"font-weight: 400;\">Los proyectos de construcci\u00f3n, a nivel global y tambi\u00e9n en Chile, registran importantes niveles de controversias y litigios, producto de una multiplicidad de factores y causas, entre ellas la formulaci\u00f3n de los contratos de construcci\u00f3n, tradicionalmente estructurados en un esquema vertical (encabezado por el Mandante, m\u00e1s abajo el Dise\u00f1ador y m\u00e1s abajo a\u00fan el Contratista) con una l\u00f3gica transaccional y adversarial, que da lugar a numerosas e importantes diferencias, reclamos y conflictos entre las partes, alej\u00e1ndolos del objetivo primordial, que es culminar los proyectos de manera exitosa y con altos grados de satisfacci\u00f3n de los objetivos perseguidos por los involucrados.<\/p>\n<p style=\"font-weight: 400;\">Esta realidad ha llevado a la industria de la construcci\u00f3n a buscar alternativas para mejorar el desempe\u00f1o de las partes intervinientes, surgiendo as\u00ed la noci\u00f3n de nuevas estrategias de contrataci\u00f3n, en las que se reformula la concepci\u00f3n tradicional de los contratos de construcci\u00f3n, buscando alinearlos con las tendencias actuales de desarrollo de proyectos integrados (Integrated Project Delivery), en una integraci\u00f3n horizontal de los intervinientes, que fomente la participaci\u00f3n por sobre la confrontaci\u00f3n, dando lugar a una nueva modalidad de contratos de construcci\u00f3n, denominados \u201cContratos Colaborativos\u201d o \u201cRelacionales\u201d. En esta l\u00ednea, la presente investigaci\u00f3n analiza qu\u00e9 tan eficaces son los contratos colaborativos para evitar y disminuir la litigiosidad que presenta actualmente la industria de la construcci\u00f3n, analizando comparativamente diversos estudios publicados y documentados a nivel internacional.<\/p>\n<p style=\"font-weight: 400;\"><b><strong>CAP\u00cdTULO 1<br \/>\nESCENARIO DE CONTROVERSIAS EN CONTRATOS DE CONSTRUCCI\u00d3N<\/strong><\/b><\/p>\n<p style=\"font-weight: 400;\"><b><strong>CAP\u00cdTULO 2<br \/>\nAN\u00c1LISIS DE LAS CAUSAS DE CONTROVERSIAS Y JUICIOS<\/strong><\/b><\/p>\n<p style=\"font-weight: 400;\"><b><strong>CAP\u00cdTULO 3<\/strong><\/b><br \/>\n<b><strong>CARACTERIZACI\u00d3N DE LOS CONTRATOS TRADICIONALES Y LOS CONTRATOS COLABORATIVOS<\/strong><\/b><\/p>\n<p style=\"font-weight: 400;\">3.1. Los contratos de construcci\u00f3n tradicionales<br \/>\n3.2. Los contratos de construcci\u00f3n colaborativos<br \/>\n3.2.1. La colaboraci\u00f3n como paradigma en la construcci\u00f3n<br \/>\n3.2.2. Definici\u00f3n de contrato colaborativo<\/p>\n<p style=\"font-weight: 400;\"><b><strong>CAP\u00cdTULO 4<\/strong><\/b><br \/>\n<b><strong>PRINCIPALES CONTRATOS COLABORATIVOS ESTANDARIZADOS<\/strong><\/b><\/p>\n<p style=\"font-weight: 400;\">4.1. Contrato FIDIC<br \/>\n4.2. Contrato NEC<br \/>\n4.3. Contrato de alianza o \u201calliancing\u201d<br \/>\n4.4. El Contrato FAC-1<br \/>\n4.5. Modelo de contrato ConsensusDOCS<br \/>\n4.6. Barreras para implementar contratos colaborativos<br \/>\n4.6.1. Breve revisi\u00f3n del sistema normativo de Brasil<br \/>\n4.6.2. Breve revisi\u00f3n del sistema normativo de Per\u00fa<br \/>\n4.6.3. Breve revisi\u00f3n del sistema normativo de Chile<\/p>\n<p style=\"font-weight: 400;\"><b><strong>CAP\u00cdTULO 5<\/strong><\/b><br \/>\n<b><strong>AN\u00c1LISIS BIBLIOGR\u00c1FICO SOBRE DISMINUCI\u00d3N DE CONTROVERSIAS EN PROYECTOS QUE UTILIZAN CONTRATOS COLABORATIVOS EN CONTROVERSIAS<\/strong><\/b><\/p>\n<p style=\"font-weight: 400;\">5.1. An\u00e1lisis bibliogr\u00e1fico de proyectos que utilizan contratos colaborativos<br \/>\n5.2. An\u00e1lisis bibliogr\u00e1fico de estudios comparativos de proyectos que utilizan contratos tradicionales y contratos colaborativos<\/p>\n<p style=\"font-weight: 400;\"><b><strong>CAP\u00cdTULO 6<br \/>\nENCUESTA A EXPERTOS EN CONTRATOS DE CONSTRUCCI\u00d3N<\/strong><\/b><\/p>\n<p style=\"font-weight: 400;\"><b><strong>CAP\u00cdTULO 7<br \/>\nCONCLUSIONES<\/strong><\/b><\/p>\n<p style=\"font-weight: 400;\"><b><strong>CAP\u00cdTULO 8<\/strong><\/b><br \/>\n<b><strong>RECOMENDACIONES<\/strong><\/b><\/p>\n<p style=\"font-weight: 400;\"><b><strong>ANEXOS<\/strong><\/b><\/p>\n<p style=\"font-weight: 400;\">ANEXO No 1<br \/>\nBreve presentaci\u00f3n de los expertos que participaron en la encuesta<\/p>\n<p style=\"font-weight: 400;\">ANEXO No 2<br \/>\nFormato de encuesta aplicada a expertos en contratos de construcci\u00f3n<\/p>\n","protected":false},"excerpt":{"rendered":"<p>Los proyectos de construcci\u00f3n, a nivel global y tambi\u00e9n en Chile, registran importantes niveles de controversias y litigios, producto de una multiplicidad de factores y causas, entre ellas la formulaci\u00f3n de los contratos de construcci\u00f3n, tradicionalmente estructurados en un esquema vertical (encabezado por el Mandante, m\u00e1s abajo el Dise\u00f1ador y m\u00e1s abajo a\u00fan el Contratista) con una l\u00f3gica transaccional y adversarial, que da lugar a numerosas e importantes diferencias, reclamos y conflictos entre las partes, alej\u00e1ndolos del objetivo primordial, que es culminar los proyectos de manera exitosa y con altos grados de satisfacci\u00f3n de los objetivos perseguidos por los involucrados. Esta realidad ha llevado a la industria de la construcci\u00f3n a buscar alternativas para mejorar el desempe\u00f1o de las partes intervinientes, surgiendo as\u00ed la noci\u00f3n de nuevas estrategias de contrataci\u00f3n, en las que se reformula la concepci\u00f3n tradicional de los contratos de construcci\u00f3n, buscando alinearlos con las tendencias actuales de desarrollo de proyectos integrados (Integrated Project Delivery), en una integraci\u00f3n horizontal de los intervinientes, que fomente la participaci\u00f3n por sobre la confrontaci\u00f3n, dando lugar a una nueva modalidad de contratos de construcci\u00f3n, denominados \u201cContratos Colaborativos\u201d o \u201cRelacionales\u201d. En esta l\u00ednea, la presente investigaci\u00f3n analiza qu\u00e9 tan eficaces son los contratos colaborativos para evitar y disminuir la litigiosidad que presenta actualmente la industria de la construcci\u00f3n, analizando comparativamente diversos estudios publicados y documentados a nivel internacional. CAP\u00cdTULO 1 ESCENARIO DE CONTROVERSIAS EN CONTRATOS DE CONSTRUCCI\u00d3N CAP\u00cdTULO 2 AN\u00c1LISIS DE LAS CAUSAS DE CONTROVERSIAS Y JUICIOS CAP\u00cdTULO 3 CARACTERIZACI\u00d3N DE LOS CONTRATOS TRADICIONALES Y LOS CONTRATOS COLABORATIVOS 3.1. Los contratos de construcci\u00f3n tradicionales 3.2. Los contratos de construcci\u00f3n colaborativos 3.2.1. La colaboraci\u00f3n como paradigma en la construcci\u00f3n 3.2.2. Definici\u00f3n de contrato colaborativo CAP\u00cdTULO 4 PRINCIPALES CONTRATOS COLABORATIVOS ESTANDARIZADOS 4.1. Contrato FIDIC 4.2. Contrato NEC 4.3. Contrato de alianza o \u201calliancing\u201d 4.4. El Contrato FAC-1 4.5. Modelo de contrato ConsensusDOCS 4.6. Barreras para implementar contratos colaborativos 4.6.1. Breve revisi\u00f3n del sistema normativo de Brasil 4.6.2. Breve revisi\u00f3n del sistema normativo de Per\u00fa 4.6.3. Breve revisi\u00f3n del sistema normativo de Chile CAP\u00cdTULO 5 AN\u00c1LISIS BIBLIOGR\u00c1FICO SOBRE DISMINUCI\u00d3N DE CONTROVERSIAS EN PROYECTOS QUE UTILIZAN CONTRATOS COLABORATIVOS EN CONTROVERSIAS 5.1. An\u00e1lisis bibliogr\u00e1fico de proyectos que utilizan contratos colaborativos 5.2. An\u00e1lisis bibliogr\u00e1fico de estudios comparativos de proyectos que utilizan contratos tradicionales y contratos colaborativos CAP\u00cdTULO 6 ENCUESTA A EXPERTOS EN CONTRATOS DE CONSTRUCCI\u00d3N CAP\u00cdTULO 7 CONCLUSIONES CAP\u00cdTULO 8 RECOMENDACIONES ANEXOS ANEXO No 1 Breve presentaci\u00f3n de los expertos que participaron en la encuesta ANEXO No 2 Formato de encuesta aplicada a expertos en contratos de construcci\u00f3n<\/p>\n","protected":false},"featured_media":4450,"comment_status":"open","ping_status":"closed","template":"","meta":{"inline_featured_image":false,"_joinchat":[]},"product_brand":[],"product_cat":[27],"product_tag":[],"class_list":{"0":"post-4420","1":"product","2":"type-product","3":"status-publish","4":"has-post-thumbnail","6":"product_cat-civil","7":"product_shipping_class-a-convenir","9":"first","10":"instock","11":"shipping-taxable","12":"purchasable","13":"product-type-simple"},"_links":{"self":[{"href":"https:\/\/bibliotecajuridicavirtual.cl\/index.php\/wp-json\/wp\/v2\/product\/4420","targetHints":{"allow":["GET"]}}],"collection":[{"href":"https:\/\/bibliotecajuridicavirtual.cl\/index.php\/wp-json\/wp\/v2\/product"}],"about":[{"href":"https:\/\/bibliotecajuridicavirtual.cl\/index.php\/wp-json\/wp\/v2\/types\/product"}],"replies":[{"embeddable":true,"href":"https:\/\/bibliotecajuridicavirtual.cl\/index.php\/wp-json\/wp\/v2\/comments?post=4420"}],"wp:featuredmedia":[{"embeddable":true,"href":"https:\/\/bibliotecajuridicavirtual.cl\/index.php\/wp-json\/wp\/v2\/media\/4450"}],"wp:attachment":[{"href":"https:\/\/bibliotecajuridicavirtual.cl\/index.php\/wp-json\/wp\/v2\/media?parent=4420"}],"wp:term":[{"taxonomy":"product_brand","embeddable":true,"href":"https:\/\/bibliotecajuridicavirtual.cl\/index.php\/wp-json\/wp\/v2\/product_brand?post=4420"},{"taxonomy":"product_cat","embeddable":true,"href":"https:\/\/bibliotecajuridicavirtual.cl\/index.php\/wp-json\/wp\/v2\/product_cat?post=4420"},{"taxonomy":"product_tag","embeddable":true,"href":"https:\/\/bibliotecajuridicavirtual.cl\/index.php\/wp-json\/wp\/v2\/product_tag?post=4420"}],"curies":[{"name":"wp","href":"https:\/\/api.w.org\/{rel}","templated":true}]}}