{"id":4424,"date":"2026-02-28T01:25:32","date_gmt":"2026-02-28T04:25:32","guid":{"rendered":"https:\/\/bibliotecajuridicavirtual.cl\/?post_type=product&#038;p=4424"},"modified":"2026-02-28T01:25:48","modified_gmt":"2026-02-28T04:25:48","slug":"la-frustracion-del-fin-del-contrato-ano-2023-149-pag-autor-pablo-gajardo-zuniga","status":"publish","type":"product","link":"https:\/\/bibliotecajuridicavirtual.cl\/index.php\/product\/la-frustracion-del-fin-del-contrato-ano-2023-149-pag-autor-pablo-gajardo-zuniga\/","title":{"rendered":"La Frustraci\u00f3n del Fin del Contrato. A\u00f1o 2023\/ 149 P\u00e1g. Autor Pablo Gajardo Z\u00fa\u00f1iga"},"content":{"rendered":"<p style=\"font-weight: 400;\">El presente trabajo tiene por objeto analizar y determinar si un contrato v\u00e1lidamente celebrado puede perder su fuerza obligatoria por un cambio imprevisto en las circunstancias imperantes entre el momento de su celebraci\u00f3n y el momento de su cumplimiento. Las personas contratan para obtener la satisfacci\u00f3n de determinados intereses y as\u00ed alcanzar un determinado resultado a trav\u00e9s del cumplimiento de la prestaci\u00f3n (la causa el contrato). En los contratos de tracto sucesivo o de larga duraci\u00f3n, ese inter\u00e9s, prop\u00f3sito o finalidad de una de las partes contratantes, puede desaparecer (total o parcialmente) como consecuencia de un acontecimiento posterior e imprevisto a la celebraci\u00f3n del contrato, frustrando as\u00ed su fin o prop\u00f3sito. Frente a ello, la pregunta es \u00bfCu\u00e1l es la eficacia de un contrato frustrado? \u00bfPlena eficacia, ineficacia total o ineficacia parcial?<\/p>\n<p style=\"font-weight: 400;\">\n<p style=\"font-weight: 400;\"><b><strong>CAP\u00cdTULO I<\/strong><\/b><br \/>\n<b><strong>CAUSA Y PROP\u00d3SITO DEL CONTRATO<\/strong><\/b><\/p>\n<ol>\n<li style=\"font-weight: 400;\">La causa como elemento del contrato y de la obligaci\u00f3n\n<p>2. Regulaci\u00f3n de la causa en el C\u00f3digo Civil chileno. \u00bfQu\u00e9 es lo que requiere causa?<br \/>\n2.1. La causa es un presupuesto de la obligaci\u00f3n<br \/>\n2.2. La causa es un presupuesto del contrato<br \/>\n2.3. Teor\u00eda unitaria de la causa<\/li>\n<li style=\"font-weight: 400;\">Requisitos de la causa<br \/>\n3.1. La causa de la obligaci\u00f3n debe ser real<br \/>\n3.2. La causa del contrato debe ser l\u00edcita<\/li>\n<li style=\"font-weight: 400;\">Tipo de causa que consagra el c\u00f3digo de Bello<br \/>\n4.1. El C\u00f3digo Civil chileno acoge la doctrina de la causa final<br \/>\n4.2. El C\u00f3digo Civil chileno acoge la doctrina de la causa ocasional o impulsiva<br \/>\n4.3. Doctrina ecl\u00e9ctica<br \/>\n4.4. El C\u00f3digo Civil acoge la doctrina unitaria de la causa<\/li>\n<li style=\"font-weight: 400;\">El prop\u00f3sito pr\u00e1ctico es la verdadera causa del contrato<\/li>\n<\/ol>\n<p style=\"font-weight: 400;\"><b><strong>CAP\u00cdTULO II<\/strong><\/b><br \/>\n<b><strong>LA FRUSTRACI\u00d3N DEL FIN DEL CONTRATO<\/strong><\/b><\/p>\n<ol>\n<li style=\"font-weight: 400;\">\u00bfQu\u00e9 es la frustraci\u00f3n del fin del contrato?<\/li>\n<li style=\"font-weight: 400;\">Evoluci\u00f3n hist\u00f3rica de la instituci\u00f3n<br \/>\n2.1. El Common Law<br \/>\n2.1.1. Frustration y consideration<br \/>\n2.1.2. La doctrina de la frustration<br \/>\n2.1.3. Bases jur\u00eddicas o doctrinas de la frustration<br \/>\n2.1.4. La Base del negocio jur\u00eddico de Karl Larenz<br \/>\n2.1.5. Efectos de la frustration<br \/>\n2.1.6. Derecho legislado<br \/>\n2.2. El caso de los Estados Unidos<br \/>\n2.3. Pa\u00edses de tradici\u00f3n romana o jur\u00eddico continental<br \/>\n2.4. Argentina y la recepci\u00f3n positiva de la instituci\u00f3n<br \/>\n2.4.1. El Origen: Las XIII Jornadas Nacionales de Derecho Civil<br \/>\n2.4.2. Recepci\u00f3n de la frustraci\u00f3n en la jurisprudencia: An\u00e1lisis cr\u00edtico<\/li>\n<li style=\"font-weight: 400;\">Teor\u00edas relacionadas a la frustraci\u00f3n del fin del contrato<br \/>\n3.1. El error<br \/>\n3.2. Teor\u00eda de los riesgos<br \/>\n3.3. Teor\u00eda de la imprevisi\u00f3n y la excesiva onerosidad sobreviniente<br \/>\n3.4. Imposibilidad de cumplimiento<br \/>\n3.5. Caso Fortuito<br \/>\n3.6. Obtenci\u00f3n del fin por otros medios<br \/>\n3.7. Condici\u00f3n resolutoria<\/li>\n<li style=\"font-weight: 400;\">Requisitos para la frustraci\u00f3n del fin del contrato<br \/>\n4.1. Contrato v\u00e1lido<br \/>\n4.2. Que el contrato tenga un fin<br \/>\n4.3. Que se haya frustrado el fin del contrato<\/li>\n<li style=\"font-weight: 400;\">Efectos de la frustraci\u00f3n del fin<br \/>\n5.1. Determinaci\u00f3n del riesgo de la frustraci\u00f3n del fin<br \/>\n5.2. La sanci\u00f3n ante la frustraci\u00f3n: La resoluci\u00f3n del contrato<br \/>\n5.3. Reembolso de gastos: Una especie de prestaciones mutuas ante la resoluci\u00f3n<br \/>\n5.4. Legitimaci\u00f3n de la acci\u00f3n<\/li>\n<\/ol>\n<p style=\"font-weight: 400;\"><b><strong>CAP\u00cdTULO III<\/strong><\/b><br \/>\n<b><strong>APLICABILIDAD DE LA FRUSTRACI\u00d3N DEL FIN DEL CONTRATO EN CHILE<\/strong><\/b><\/p>\n<ol>\n<li style=\"font-weight: 400;\">La frustraci\u00f3n del fin del contrato en el C\u00f3digo Civil: El silencio de ley\n<p>2. Fundamentos doctrinarios para acoger la frustraci\u00f3n del fin del contrato<br \/>\n2.1. La cl\u00e1usula rebus sic stantibus<br \/>\n2.2. El enriquecimiento sin causa<br \/>\n2.3. El abuso del derecho<br \/>\n2.4. La fuerza obligatoria del contrato y los l\u00edmites a la autonom\u00eda privada<br \/>\n2.5. El inter\u00e9s del acreedor<br \/>\n2.6. La integraci\u00f3n del prop\u00f3sito<br \/>\n2.7. El verdadero fundamento: La buena fe<\/li>\n<li style=\"font-weight: 400;\">Fundamentos de texto legal para la admisibilidad<br \/>\n3.1. El art\u00edculo 1467 y el alcance de la causa<br \/>\n3.2. El art\u00edculo 1545 y la expresi\u00f3n \u201ccausas legales\u201d<br \/>\n3.3. El art\u00edculo 1547 y la ausencia de culpa<br \/>\n3.4. El art\u00edculo 1546 y el recurso de la buena fe<br \/>\n3.6. El art\u00edculo 1560 y la interpretaci\u00f3n contractual<br \/>\n3.7. El art\u00edculo 1489 y la resoluci\u00f3n por incumplimiento ante la insatisfacci\u00f3n del inter\u00e9s acreedor por la frustraci\u00f3n del fin<\/li>\n<\/ol>\n<p style=\"font-weight: 400;\">\n","protected":false},"excerpt":{"rendered":"<p>El presente trabajo tiene por objeto analizar y determinar si un contrato v\u00e1lidamente celebrado puede perder su fuerza obligatoria por un cambio imprevisto en las circunstancias imperantes entre el momento de su celebraci\u00f3n y el momento de su cumplimiento. Las personas contratan para obtener la satisfacci\u00f3n de determinados intereses y as\u00ed alcanzar un determinado resultado a trav\u00e9s del cumplimiento de la prestaci\u00f3n (la causa el contrato). En los contratos de tracto sucesivo o de larga duraci\u00f3n, ese inter\u00e9s, prop\u00f3sito o finalidad de una de las partes contratantes, puede desaparecer (total o parcialmente) como consecuencia de un acontecimiento posterior e imprevisto a la celebraci\u00f3n del contrato, frustrando as\u00ed su fin o prop\u00f3sito. Frente a ello, la pregunta es \u00bfCu\u00e1l es la eficacia de un contrato frustrado? \u00bfPlena eficacia, ineficacia total o ineficacia parcial? CAP\u00cdTULO I CAUSA Y PROP\u00d3SITO DEL CONTRATO La causa como elemento del contrato y de la obligaci\u00f3n 2. Regulaci\u00f3n de la causa en el C\u00f3digo Civil chileno. \u00bfQu\u00e9 es lo que requiere causa? 2.1. La causa es un presupuesto de la obligaci\u00f3n 2.2. La causa es un presupuesto del contrato 2.3. Teor\u00eda unitaria de la causa Requisitos de la causa 3.1. La causa de la obligaci\u00f3n debe ser real 3.2. La causa del contrato debe ser l\u00edcita Tipo de causa que consagra el c\u00f3digo de Bello 4.1. El C\u00f3digo Civil chileno acoge la doctrina de la causa final 4.2. El C\u00f3digo Civil chileno acoge la doctrina de la causa ocasional o impulsiva 4.3. Doctrina ecl\u00e9ctica 4.4. El C\u00f3digo Civil acoge la doctrina unitaria de la causa El prop\u00f3sito pr\u00e1ctico es la verdadera causa del contrato CAP\u00cdTULO II LA FRUSTRACI\u00d3N DEL FIN DEL CONTRATO \u00bfQu\u00e9 es la frustraci\u00f3n del fin del contrato? Evoluci\u00f3n hist\u00f3rica de la instituci\u00f3n 2.1. El Common Law 2.1.1. Frustration y consideration 2.1.2. La doctrina de la frustration 2.1.3. Bases jur\u00eddicas o doctrinas de la frustration 2.1.4. La Base del negocio jur\u00eddico de Karl Larenz 2.1.5. Efectos de la frustration 2.1.6. Derecho legislado 2.2. El caso de los Estados Unidos 2.3. Pa\u00edses de tradici\u00f3n romana o jur\u00eddico continental 2.4. Argentina y la recepci\u00f3n positiva de la instituci\u00f3n 2.4.1. El Origen: Las XIII Jornadas Nacionales de Derecho Civil 2.4.2. Recepci\u00f3n de la frustraci\u00f3n en la jurisprudencia: An\u00e1lisis cr\u00edtico Teor\u00edas relacionadas a la frustraci\u00f3n del fin del contrato 3.1. El error 3.2. Teor\u00eda de los riesgos 3.3. Teor\u00eda de la imprevisi\u00f3n y la excesiva onerosidad sobreviniente 3.4. Imposibilidad de cumplimiento 3.5. Caso Fortuito 3.6. Obtenci\u00f3n del fin por otros medios 3.7. Condici\u00f3n resolutoria Requisitos para la frustraci\u00f3n del fin del contrato 4.1. Contrato v\u00e1lido 4.2. Que el contrato tenga un fin 4.3. Que se haya frustrado el fin del contrato Efectos de la frustraci\u00f3n del fin 5.1. Determinaci\u00f3n del riesgo de la frustraci\u00f3n del fin 5.2. La sanci\u00f3n ante la frustraci\u00f3n: La resoluci\u00f3n del contrato 5.3. Reembolso de gastos: Una especie de prestaciones mutuas ante la resoluci\u00f3n 5.4. Legitimaci\u00f3n de la acci\u00f3n CAP\u00cdTULO III APLICABILIDAD DE LA FRUSTRACI\u00d3N DEL FIN DEL CONTRATO EN CHILE La frustraci\u00f3n del fin del contrato en el C\u00f3digo Civil: El silencio de ley 2. Fundamentos doctrinarios para acoger la frustraci\u00f3n del fin del contrato 2.1. La cl\u00e1usula rebus sic stantibus 2.2. El enriquecimiento sin causa 2.3. El abuso del derecho 2.4. La fuerza obligatoria del contrato y los l\u00edmites a la autonom\u00eda privada 2.5. El inter\u00e9s del acreedor 2.6. La integraci\u00f3n del prop\u00f3sito 2.7. El verdadero fundamento: La buena fe Fundamentos de texto legal para la admisibilidad 3.1. El art\u00edculo 1467 y el alcance de la causa 3.2. El art\u00edculo 1545 y la expresi\u00f3n \u201ccausas legales\u201d 3.3. El art\u00edculo 1547 y la ausencia de culpa 3.4. El art\u00edculo 1546 y el recurso de la buena fe 3.6. El art\u00edculo 1560 y la interpretaci\u00f3n contractual 3.7. El art\u00edculo 1489 y la resoluci\u00f3n por incumplimiento ante la insatisfacci\u00f3n del inter\u00e9s acreedor por la frustraci\u00f3n del fin<\/p>\n","protected":false},"featured_media":4454,"comment_status":"open","ping_status":"closed","template":"","meta":{"inline_featured_image":false,"_joinchat":[]},"product_brand":[],"product_cat":[27],"product_tag":[],"class_list":{"0":"post-4424","1":"product","2":"type-product","3":"status-publish","4":"has-post-thumbnail","6":"product_cat-civil","7":"product_shipping_class-a-convenir","9":"first","10":"instock","11":"shipping-taxable","12":"purchasable","13":"product-type-simple"},"_links":{"self":[{"href":"https:\/\/bibliotecajuridicavirtual.cl\/index.php\/wp-json\/wp\/v2\/product\/4424","targetHints":{"allow":["GET"]}}],"collection":[{"href":"https:\/\/bibliotecajuridicavirtual.cl\/index.php\/wp-json\/wp\/v2\/product"}],"about":[{"href":"https:\/\/bibliotecajuridicavirtual.cl\/index.php\/wp-json\/wp\/v2\/types\/product"}],"replies":[{"embeddable":true,"href":"https:\/\/bibliotecajuridicavirtual.cl\/index.php\/wp-json\/wp\/v2\/comments?post=4424"}],"wp:featuredmedia":[{"embeddable":true,"href":"https:\/\/bibliotecajuridicavirtual.cl\/index.php\/wp-json\/wp\/v2\/media\/4454"}],"wp:attachment":[{"href":"https:\/\/bibliotecajuridicavirtual.cl\/index.php\/wp-json\/wp\/v2\/media?parent=4424"}],"wp:term":[{"taxonomy":"product_brand","embeddable":true,"href":"https:\/\/bibliotecajuridicavirtual.cl\/index.php\/wp-json\/wp\/v2\/product_brand?post=4424"},{"taxonomy":"product_cat","embeddable":true,"href":"https:\/\/bibliotecajuridicavirtual.cl\/index.php\/wp-json\/wp\/v2\/product_cat?post=4424"},{"taxonomy":"product_tag","embeddable":true,"href":"https:\/\/bibliotecajuridicavirtual.cl\/index.php\/wp-json\/wp\/v2\/product_tag?post=4424"}],"curies":[{"name":"wp","href":"https:\/\/api.w.org\/{rel}","templated":true}]}}