{"id":4427,"date":"2026-02-28T01:25:32","date_gmt":"2026-02-28T04:25:32","guid":{"rendered":"https:\/\/bibliotecajuridicavirtual.cl\/?post_type=product&#038;p=4427"},"modified":"2026-02-28T01:25:51","modified_gmt":"2026-02-28T04:25:51","slug":"arrendamiento-en-materia-procesal-y-civil-explicaciones-formularios-y-jurisprudencia-ano-2023-453-pag-autor-eric-chavez-chavez","status":"publish","type":"product","link":"https:\/\/bibliotecajuridicavirtual.cl\/index.php\/product\/arrendamiento-en-materia-procesal-y-civil-explicaciones-formularios-y-jurisprudencia-ano-2023-453-pag-autor-eric-chavez-chavez\/","title":{"rendered":"Arrendamiento en Materia Procesal y Civil &#8211; Explicaciones, Formularios y Jurisprudencia. A\u00f1o 2023\/453 P\u00e1g. Autor  Eric Ch\u00e1vez Ch\u00e1vez"},"content":{"rendered":"<p style=\"font-weight: 400;\">Incluye en su primer parte las normas del Derecho Procesal, se incluye adem\u00e1s, los formularios de demandas y mera tramitaci\u00f3n; en su segunda parte, se estudian las normas sustantivas o de fondo, donde se incluyen los principales contratos en la materia; y la tercera parte, consta de una jurisprudencia para su estudio por el letrado.<\/p>\n<p style=\"font-weight: 400;\">El presente texto est\u00e1 debidamente actualizado con la normativa del C\u00f3digo Civil, C\u00f3digo de Procedimiento Civil y leyes complementarias, que son de aplicaci\u00f3n permanente en esta materia de arrendamiento.<\/p>\n<p><b><strong>PRIMERA PARTE<br \/>\n<\/strong><\/b><b><strong>ARRENDAMIENTO EN MATERIA PROCESAL<\/strong><\/b><\/p>\n<p>CAP\u00cdTULO I<br \/>\nPROCEDIMIENTOS<\/p>\n<p style=\"font-weight: 400;\"><b><strong>CAP\u00cdTULO II<\/strong><\/b><b><strong><br \/>\nNO SE APLICA LA LEY 18.101<\/strong><\/b><\/p>\n<p style=\"font-weight: 400;\"><b><strong>CAP\u00cdTULO III<\/strong><\/b><b><strong><br \/>\nPROCEDIMIENTO JUDICIAL<\/strong><\/b><\/p>\n<p style=\"font-weight: 400;\"><b><strong>CAP\u00cdTULO IV<\/strong><\/b><b><strong><br \/>\nPARTICULARIDADES DEL CONTRATO DE ARRENDAMIENTO DE LA LEY 18.101<\/strong><\/b><\/p>\n<p style=\"font-weight: 400;\"><b><strong>CAP\u00cdTULO V<\/strong><\/b><b><strong><br \/>\nDESAHUCIO Y RESTITUCI\u00d3N<\/strong><\/b><\/p>\n<p style=\"font-weight: 400;\"><b><strong>CAP\u00cdTULO VI<br \/>\n<\/strong><\/b><b><strong>NORMAS PARTICULARES PARA LOS JUICIOS SOBRE TERMINACI\u00d3N DE ARRENDAMIENTO POR FALTA DE PAGO DE LA RENTA<\/strong><\/b><\/p>\n<p style=\"font-weight: 400;\"><b><strong>CAP\u00cdTULO VII<\/strong><\/b><b><strong><br \/>\nEL SUBARRENDAMIENTO<\/strong><\/b><\/p>\n<p style=\"font-weight: 400;\"><b><strong>CAP\u00cdTULO VIII<br \/>\n<\/strong><\/b><b><strong>HABITACI\u00d3N Y DESTINO DE LOS INMUEBLES<\/strong><\/b><\/p>\n<p>CAP\u00cdTULO IX<br \/>\nARRIENDO Y SUBARRIENDO ABUSIVO Y DEL HACINAMIENTO<\/p>\n<p>PR\u00c1CTICA FORENSE (21 FORMULARIOS)<\/p>\n<p style=\"font-weight: 400;\"><b><strong><br \/>\nSEGUNDA PARTE<br \/>\nARRENDAMIENTO EN MATERIA CIVIL<\/strong><\/b><\/p>\n<p style=\"font-weight: 400;\"><b><strong>CAP\u00cdTULO I<\/strong><\/b><b><strong><br \/>\nCONTRATO DE ARENDAMIENTO<\/strong><\/b><\/p>\n<p style=\"font-weight: 400;\"><b><strong>CAP\u00cdTULO II<\/strong><\/b><b><strong><br \/>\nARRENDAMIENTO DE BIENES RA\u00cdCES URBANOS<\/strong><\/b><\/p>\n<p style=\"font-weight: 400;\"><b><strong>CAP\u00cdTULO III<\/strong><\/b><b><strong><br \/>\nARRENDAMIENTOS DE PREDIOS R\u00daSTICOS<\/strong><\/b><\/p>\n<p style=\"font-weight: 400;\"><b><strong>CAP\u00cdTULO IV<\/strong><\/b><b><strong><br \/>\nARRENDAMIENTOS PARA LA EJECUCI\u00d3N DE UNA OBRA MATERIAL<\/strong><\/b><\/p>\n<p style=\"font-weight: 400;\"><b><strong>CAP\u00cdTULO V<\/strong><\/b><b><strong><br \/>\nEL ARRENDAMIENTO DE SERVICIOS<\/strong><\/b><\/p>\n<p style=\"font-weight: 400;\"><b><strong>PR\u00c1CTICA FORENSE\u00a0<\/strong><\/b><b><strong>(43 FORMULARIOS)<\/strong><\/b><b><strong><br \/>\n<\/strong><\/b><\/p>\n<p style=\"font-weight: 400;\"><b><strong><br \/>\nTERCERA PARTE<br \/>\n<\/strong><\/b><b><strong>JURISPRUDENCIA (29 SENTENCIAS)<\/strong><\/b><\/p>\n","protected":false},"excerpt":{"rendered":"<p>Incluye en su primer parte las normas del Derecho Procesal, se incluye adem\u00e1s, los formularios de demandas y mera tramitaci\u00f3n; en su segunda parte, se estudian las normas sustantivas o de fondo, donde se incluyen los principales contratos en la materia; y la tercera parte, consta de una jurisprudencia para su estudio por el letrado. El presente texto est\u00e1 debidamente actualizado con la normativa del C\u00f3digo Civil, C\u00f3digo de Procedimiento Civil y leyes complementarias, que son de aplicaci\u00f3n permanente en esta materia de arrendamiento. PRIMERA PARTE ARRENDAMIENTO EN MATERIA PROCESAL CAP\u00cdTULO I PROCEDIMIENTOS CAP\u00cdTULO II NO SE APLICA LA LEY 18.101 CAP\u00cdTULO III PROCEDIMIENTO JUDICIAL CAP\u00cdTULO IV PARTICULARIDADES DEL CONTRATO DE ARRENDAMIENTO DE LA LEY 18.101 CAP\u00cdTULO V DESAHUCIO Y RESTITUCI\u00d3N CAP\u00cdTULO VI NORMAS PARTICULARES PARA LOS JUICIOS SOBRE TERMINACI\u00d3N DE ARRENDAMIENTO POR FALTA DE PAGO DE LA RENTA CAP\u00cdTULO VII EL SUBARRENDAMIENTO CAP\u00cdTULO VIII HABITACI\u00d3N Y DESTINO DE LOS INMUEBLES CAP\u00cdTULO IX ARRIENDO Y SUBARRIENDO ABUSIVO Y DEL HACINAMIENTO PR\u00c1CTICA FORENSE (21 FORMULARIOS) SEGUNDA PARTE ARRENDAMIENTO EN MATERIA CIVIL CAP\u00cdTULO I CONTRATO DE ARENDAMIENTO CAP\u00cdTULO II ARRENDAMIENTO DE BIENES RA\u00cdCES URBANOS CAP\u00cdTULO III ARRENDAMIENTOS DE PREDIOS R\u00daSTICOS CAP\u00cdTULO IV ARRENDAMIENTOS PARA LA EJECUCI\u00d3N DE UNA OBRA MATERIAL CAP\u00cdTULO V EL ARRENDAMIENTO DE SERVICIOS PR\u00c1CTICA FORENSE\u00a0(43 FORMULARIOS) TERCERA PARTE JURISPRUDENCIA (29 SENTENCIAS)<\/p>\n","protected":false},"featured_media":4457,"comment_status":"open","ping_status":"closed","template":"","meta":{"inline_featured_image":false,"_joinchat":[]},"product_brand":[],"product_cat":[27,59],"product_tag":[],"class_list":{"0":"post-4427","1":"product","2":"type-product","3":"status-publish","4":"has-post-thumbnail","6":"product_cat-civil","7":"product_cat-editorial-tofulex-ediciones-juridicas","8":"product_shipping_class-a-convenir","10":"first","11":"instock","12":"shipping-taxable","13":"purchasable","14":"product-type-simple"},"_links":{"self":[{"href":"https:\/\/bibliotecajuridicavirtual.cl\/index.php\/wp-json\/wp\/v2\/product\/4427","targetHints":{"allow":["GET"]}}],"collection":[{"href":"https:\/\/bibliotecajuridicavirtual.cl\/index.php\/wp-json\/wp\/v2\/product"}],"about":[{"href":"https:\/\/bibliotecajuridicavirtual.cl\/index.php\/wp-json\/wp\/v2\/types\/product"}],"replies":[{"embeddable":true,"href":"https:\/\/bibliotecajuridicavirtual.cl\/index.php\/wp-json\/wp\/v2\/comments?post=4427"}],"wp:featuredmedia":[{"embeddable":true,"href":"https:\/\/bibliotecajuridicavirtual.cl\/index.php\/wp-json\/wp\/v2\/media\/4457"}],"wp:attachment":[{"href":"https:\/\/bibliotecajuridicavirtual.cl\/index.php\/wp-json\/wp\/v2\/media?parent=4427"}],"wp:term":[{"taxonomy":"product_brand","embeddable":true,"href":"https:\/\/bibliotecajuridicavirtual.cl\/index.php\/wp-json\/wp\/v2\/product_brand?post=4427"},{"taxonomy":"product_cat","embeddable":true,"href":"https:\/\/bibliotecajuridicavirtual.cl\/index.php\/wp-json\/wp\/v2\/product_cat?post=4427"},{"taxonomy":"product_tag","embeddable":true,"href":"https:\/\/bibliotecajuridicavirtual.cl\/index.php\/wp-json\/wp\/v2\/product_tag?post=4427"}],"curies":[{"name":"wp","href":"https:\/\/api.w.org\/{rel}","templated":true}]}}