{"id":4428,"date":"2026-02-28T01:25:32","date_gmt":"2026-02-28T04:25:32","guid":{"rendered":"https:\/\/bibliotecajuridicavirtual.cl\/?post_type=product&#038;p=4428"},"modified":"2026-02-28T01:25:51","modified_gmt":"2026-02-28T04:25:51","slug":"hacia-un-derecho-penal-liberal-libro-homenaje-al-profesor-carlos-kunsemuller-loebenfelder-ano-2023-1-118-pag-autor-raul-carnevali-rodriguez","status":"publish","type":"product","link":"https:\/\/bibliotecajuridicavirtual.cl\/index.php\/product\/hacia-un-derecho-penal-liberal-libro-homenaje-al-profesor-carlos-kunsemuller-loebenfelder-ano-2023-1-118-pag-autor-raul-carnevali-rodriguez\/","title":{"rendered":"Hacia un Derecho Penal Liberal. Libro homenaje al profesor Carlos K\u00fcnsem\u00fcller Loebenfelder. A\u00f1o 2023\/1.118 P\u00e1g. Autor Ra\u00fal Carnevali Rodr\u00edguez"},"content":{"rendered":"<p>La obra constituye un sentido homenaje al prof. Carlos K\u00fcnsem\u00fcller Loebenfelder uno de los m\u00e1s notables maestros del Derecho penal chileno, quien es su amplia trayectoria como acad\u00e9mico, Ministro de la Corte Suprema y abogado ha contribuido a defender y expresar su particular admiraci\u00f3n por un Derecho penal liberal. Es as\u00ed, que en no pocos pasajes de su extensa contribuci\u00f3n manifiesta la importancia de un Derecho penal respetuoso de principios b\u00e1sicos e irrenunciables para el ejercicio del ius puniendi. Si bien, en los tiempos que corren existe un excesivo empleo al recurso punitivo, ello no impide, como lo ha expresado en sus trabajos, mantener una posici\u00f3n f\u00e9rrea por el pensamiento ilustrado.<br \/>\nEl libro homenaje se divide en ejes tem\u00e1ticos sobre la base de las l\u00edneas de investigaci\u00f3n del prof. Carlos K\u00fcnsem\u00fcller, en la que participan destacados acad\u00e9micos nacionales y extranjeros. Se abordan temas de actualidad vinculados a Pol\u00edtica Criminal, discusiones de Derecho penal, tanto de Parte gene- ral como especial, as\u00ed como cuestiones relativas al Derecho penitenciario.<\/p>\n<p>\u00cdndice<br \/>\nPr\u00f3logo\u00a0\u00a0 \u00a0\u00a0\u00a0 \u00a019<br \/>\nRa\u00fal Carnevali<br \/>\nPersona y trayectoria. Carlos K\u00fcnsem\u00fcller: Maestro y palad\u00edn del derecho penal de una sociedad libre\u00a0\u00a0 \u00a0\u00a0\u00a0 \u00a021<br \/>\nAlfredo Etcheberry<br \/>\ni. Fundamentos de Derecho penal y Pol\u00edtica criminal<br \/>\nEl Derecho Penal como Derecho de la Paz: hacia una reorientaci\u00f3n\u00a0\u00a0 \u00a0\u00a0\u00a0 \u00a031<br \/>\nAlbin Eser<br \/>\nEl Derecho penal entre la protecci\u00f3n de los ciudadanos y los l\u00edmites y garant\u00edas\u00a0\u00a0 \u00a0\u00a0\u00a0 \u00a053<br \/>\nDiego\u2013M. Luz\u00f3n Pe\u00f1a<br \/>\nEl relativismo pol\u00edtico\u2013criminal como problema\u00a0\u00a0 \u00a0\u00a0\u00a0 \u00a073<br \/>\nRicardo Robles Planas<br \/>\nLos Principios Cardinales del Derecho Penal Liberal frente al Programa Penal de la Constituci\u00f3n chilena\u00a0\u00a0 \u00a0\u00a0\u00a0 \u00a087<br \/>\nJean Pierre Matus Acu\u00f1a y Mar\u00eda Cecilia Ram\u00edrez Guzm\u00e1n<br \/>\nProtestas Sociales P\u00fablicas, Derecho Penal y Libertad de Expresi\u00f3n\u00a0\u00a0 \u00a0\u00a0\u00a0 \u00a0113<br \/>\nJavier Augusto De Luca<br \/>\nDecisiones de criminalizaci\u00f3n y ciencia del derecho penal\u00a0\u00a0 \u00a0\u00a0\u00a0 \u00a0141<br \/>\nAlex van Weezel de la Cruz<br \/>\nEl populismo penal chileno: a prop\u00f3sito del estudio de Carlos K\u00fcnsem\u00fcller\u00a0\u00a0 \u00a0\u00a0\u00a0 \u00a0165<br \/>\nJos\u00e9 \u00c1ngel Fern\u00e1ndez Cruz<br \/>\nPrincipios como estrategia de argumentaci\u00f3n racional\u00a0\u00a0 \u00a0\u00a0\u00a0 \u00a0183<br \/>\nRodrigo Andr\u00e9s Guerra Espinosa<br \/>\nValores constitucionales y bien jur\u00eddico\u2013penal\u00a0\u00a0 \u00a0\u00a0\u00a0 \u00a0197<br \/>\nJuan Luis Modolell Gonz\u00e1lez<br \/>\nLa necesidad de ratificaci\u00f3n por la legislaci\u00f3n chilena de la \u201cintegridad moral\u201d como bien jur\u00eddico penal.<br \/>\nConsideraciones pol\u00edtico\u2013criminales frente a una nueva Constituci\u00f3n en la consagraci\u00f3n de los derechos y garant\u00edas de las personas\u00a0\u00a0 \u00a0\u00a0\u00a0 \u00a0209<br \/>\nGustavo Balmaceda Hoyos y Sebasti\u00e1n Mu\u00f1oz Tejo<br \/>\nPropuesta para para un nuevo enfoque de las faltas en el Ordenamiento jur\u00eddico chileno\u00a0\u00a0 \u00a0\u00a0\u00a0 \u00a0231<br \/>\nRoberto Navarro Dolmestch<br \/>\nII. Derecho Penal: Tendencias y desaf\u00edos<br \/>\nLa (mal) llamada responsabilidad penal de las personas jur\u00eddicas. Algunas reflexiones desde el derecho espa\u00f1ol\u00a0\u00a0 \u00a0\u00a0\u00a0 \u00a0267<br \/>\nMiguel D\u00edaz y Garc\u00eda Conlledo<br \/>\n\u00bfExcusas para personas jur\u00eddicas? Reflexiones preliminares a prop\u00f3sito de la funci\u00f3n del elemento \u201cculpabilidad\u201d en el \u00e1mbito de la responsabilidad penal de las personas jur\u00eddicas\u00a0\u00a0 \u00a0\u00a0\u00a0 \u00a0293<br \/>\nOsvaldo Artaza Varela<br \/>\nCr\u00edtica de las penas contra las personas jur\u00eddicas\u00a0\u00a0 \u00a0\u00a0\u00a0 \u00a0313<br \/>\nFrancisco Javier Bedecarratz Scholz<br \/>\n\u00bfImputaci\u00f3n penal en la responsabilidad de las personas jur\u00eddicas de la Ley N\u00ba 20.393 de 2009?: culpabilidad y el problema de los criterios de imputaci\u00f3n\u00a0\u00a0 \u00a0\u00a0\u00a0 \u00a0335<br \/>\nGonzalo Garc\u00eda Palominos<br \/>\nSucesi\u00f3n de la responsabilidad penal de la persona jur\u00eddica y due diligence: perspectivas de Derecho comparado angloamericano, chileno y espa\u00f1ol\u00a0\u00a0 \u00a0\u00a0\u00a0 \u00a0363<br \/>\nBeatriz Goena Vives<br \/>\nAn\u00e1lisis del cat\u00e1logo de sanciones contempladas en la Ley N\u00b0 20.393 desde la autorregulaci\u00f3n\u00a0\u00a0 \u00a0\u00a0\u00a0 \u00a0383<br \/>\nXimena Marcazzolo Awad<br \/>\nUn Derecho Penal de Semi\u2013Ciudadanos\u00a0\u00a0 \u00a0\u00a0\u00a0 \u00a0403<br \/>\nIv\u00f3 Coca Vila y Cristi\u00e1n Irarr\u00e1zaval Zald\u00edvar<br \/>\nProcesos causales complejos \u00bfproblema de prueba o de definici\u00f3n de la relaci\u00f3n de causalidad?\u00a0\u00a0 \u00a0\u00a0\u00a0 \u00a0435<br \/>\nMar\u00eda Soledad Krause Mu\u00f1oz<br \/>\nIII. Derecho Penal. Algunos problemas de Parte General<br \/>\nLa condici\u00f3n humana y el castigo estatal\u00a0\u00a0 \u00a0\u00a0\u00a0 \u00a0453<br \/>\nJes\u00fas\u2013Mar\u00eda Silva S\u00e1nchez<br \/>\nDelito y libertad\u00a0\u00a0 \u00a0\u00a0\u00a0 \u00a0469<br \/>\nPablo S\u00e1nchez\u2013Ostiz Guti\u00e9rrez<br \/>\nSobre la omissio libera in causa\u00a0\u00a0 \u00a0\u00a0\u00a0 \u00a0489<br \/>\nGonzalo D. Fern\u00e1ndez<br \/>\nEl fin de la pena en el pensamiento de Franz von Liszt\u00a0\u00a0 \u00a0\u00a0\u00a0 \u00a0503<br \/>\nLuis Ortiz Quiroga<br \/>\nEfecto agravatorio de la pluralidad de autores en la comisi\u00f3n de un delito\u00a0\u00a0 \u00a0\u00a0\u00a0 \u00a0527<br \/>\nLuis Rodr\u00edguez Collao y Agustina Alvarado Ur\u00edzar<br \/>\nLa responsabilidad penal del que delinque privado voluntariamente de raz\u00f3n\u00a0\u00a0 \u00a0\u00a0\u00a0 \u00a0549<br \/>\nHern\u00e1n Hormaz\u00e1bal Malar\u00e9e<br \/>\nObjeto del conocimiento potencial de la antijuridicidad y error de prohibici\u00f3n\u00a0\u00a0 \u00a0\u00a0\u00a0 \u00a0577<br \/>\nH\u00e9ctor Hern\u00e1ndez Basualto<br \/>\nPenas alternativas y problemas de constitucionalidad. Proporcionalidad, legalidad y racionalidad en la determinaci\u00f3n de la pena\u00a0\u00a0 \u00a0\u00a0\u00a0 \u00a0607<br \/>\nFrancisco Maldonado Fuentes<br \/>\nCulpabilidad, compatibilismo y suerte moral\u00a0\u00a0 \u00a0\u00a0\u00a0 \u00a0623<br \/>\nJuan Pablo Ma\u00f1alich Raffo<br \/>\n\u00bfExiste un bien jur\u00eddico com\u00fan a los delitos de la Ley de Tr\u00e1nsito?\u00a0\u00a0 \u00a0\u00a0\u00a0 \u00a0643<br \/>\nLaura Mayer Lux y Jaime Vera Vega<br \/>\nLa disociaci\u00f3n entre pena abstracta y pena concreta: El rol de las circunstancias atenuantes y agravantes\u00a0\u00a0 \u00a0\u00a0\u00a0 \u00a0669<br \/>\nIv\u00e1n Navas Mondaca<br \/>\nEl concurso de delitos [infracciones] en el Derecho Sancionatorio Chileno\u00a0\u00a0 \u00a0\u00a0\u00a0 \u00a0689<br \/>\nJuan Ignacio Pi\u00f1a Rochefort y Diego Moreno Torres<br \/>\nLeg\u00edtima defensa, trastorno mental transitorio y violencia contra la mujer\u00a0\u00a0 \u00a0\u00a0\u00a0 \u00a0713<br \/>\nJuan Pablo Castillo Morales<br \/>\nUna \u201czona gris\u201d entre preterintencionalidad y calificaci\u00f3n por el resultado. El problema de los excesos objetivos en conductas il\u00edcitas complejas\u00a0\u00a0 \u00a0\u00a0\u00a0 \u00a0741<br \/>\nTatiana Vargas Pinto<br \/>\nIV. Derecho Penal. Algunos delitos en particular<br \/>\nLa debilidad emocional y delito de estafa: sobre el alcance de la protecci\u00f3n jur\u00eddico\u2013penal frente al fraude\u00a0\u00a0 \u00a0\u00a0\u00a0 \u00a0757<br \/>\nNuria Pastor Mu\u00f1oz<br \/>\nLos delitos de organizaci\u00f3n criminal en el Per\u00fa: Dilemas legales y jurisprudenciales\u00a0\u00a0 \u00a0\u00a0\u00a0 \u00a0767<br \/>\nV\u00edctor Roberto Prado Saldarriaga<br \/>\nSobre la procedencia o improcedencia de apreciar un robo con intimidaci\u00f3n en los denominados \u201cturbazos\u201d y en algunos casos de las llamadas \u201cestafas telef\u00f3nicas\u201d\u00a0\u00a0 \u00a0\u00a0\u00a0 \u00a0791<br \/>\nGuillermo Oliver Calder\u00f3n y Gonzalo Agliati V\u00e1squez<br \/>\nLas resoluciones de la jurisdicci\u00f3n chilena sobre cr\u00edmenes de lesa humanidad en Colonia Dignidad: m\u00e1s all\u00e1 de los cr\u00edmenes de la dictadura\u00a0\u00a0 \u00a0\u00a0\u00a0 \u00a0811<br \/>\nClaudia Marcela C\u00e1rdenas Aravena<br \/>\nSobre el injusto de comportamiento del tipo b\u00e1sico de administraci\u00f3n desleal y el alcance de la locuci\u00f3n \u201cde modo manifiestamente contrario al inter\u00e9s del titular del patrimonio afectado\u201d (art. 470 n \u00b0 11 inc. 1\u00b0 del C\u00f3digo Penal)\u00a0\u00a0 \u00a0\u00a0\u00a0 \u00a0829<br \/>\nLautaro Contreras Chaimovich y \u00c1lvaro Castro Morales<br \/>\nVariaciones sobre lo protegido en el delito de violaci\u00f3n\u00a0\u00a0 \u00a0\u00a0\u00a0 \u00a0863<br \/>\nJuan Pablo Cox Leixelard<br \/>\nAproximaci\u00f3n hist\u00f3rica a la cultura de la violaci\u00f3n en Chile (1598\u20131895)\u00a0\u00a0 \u00a0\u00a0\u00a0 \u00a0877<br \/>\nSheila Fern\u00e1ndez M\u00edguez<br \/>\nLa libertad sexual entre menores y delito de sodom\u00eda\u00a0\u00a0 \u00a0\u00a0\u00a0 \u00a0901<br \/>\nMarisol Garc\u00eda Carrera<br \/>\n\u00bfDelitos de propia mano? Sobre la coautor\u00eda y la participaci\u00f3n en comisi\u00f3n por omisi\u00f3n en los delitos de violaci\u00f3n y abusos sexuales\u00a0\u00a0 \u00a0\u00a0\u00a0 \u00a0929<br \/>\nNicol\u00e1s Oxman<br \/>\nCompatibilidad del delito de maltrato animal con el principio de exclusiva protecci\u00f3n de bienes jur\u00eddicos\u00a0\u00a0 \u00a0\u00a0\u00a0 \u00a0947<br \/>\nAndrea Pinto Bustos<br \/>\nAproximaci\u00f3n hacia una sistematizaci\u00f3n de los delitos con ocasi\u00f3n del financiamiento privado y p\u00fablico de la pol\u00edtica en Chile\u00a0\u00a0 \u00a0\u00a0\u00a0 \u00a0973<br \/>\nEduardo Riquelme Portilla<br \/>\nReflexiones sobre el tipo penal de saqueo y de la circunstancia de cometer el delito con ocasi\u00f3n de calamidad p\u00fablica o alteraci\u00f3n el orden p\u00fablico introducidos en la ley N\u00b0 21.208\u00a0\u00a0 \u00a0\u00a0\u00a0 \u00a01001<br \/>\nRoc\u00edo S\u00e1nchez P\u00e9rez<br \/>\nEl castigo al acceso o visualizaci\u00f3n del material: El \u00faltimo eslab\u00f3n en la cadena de producci\u00f3n de pornograf\u00eda infanto\u2013juvenil\u00a0\u00a0 \u00a0\u00a0\u00a0 \u00a01021<br \/>\nChristian Scheechler Corona<br \/>\nv. Ejecuci\u00f3n de las penas y Derecho Penitenciario<br \/>\nUn examen a la constitucionalidad de la pena de presidio perpetuo calificado. Necesidad urgente de revisi\u00f3n del sistema penitenciario chileno\u00a0\u00a0 \u00a0\u00a0\u00a0 \u00a01041<br \/>\nRa\u00fal Carnevali Rodr\u00edguez<br \/>\nLa judicializaci\u00f3n de la ejecuci\u00f3n penal y el Juez de Ejecuci\u00f3n en Chile. Contexto, marco internacional, funciones y dise\u00f1o en el proyecto de ley que modifica la ejecuci\u00f3n de sanciones penales\u00a0\u00a0 \u00a0\u00a0\u00a0 \u00a01059<br \/>\nMario Dur\u00e1n Migliardi<br \/>\nLa pena de expulsi\u00f3n de extranjeros. Algunas cuestiones jur\u00eddico\u2013penales, de pol\u00edtica criminal y criminol\u00f3gicas. Una pena sin dolor y la prueba de una mala pol\u00edtica criminal\u00a0\u00a0 \u00a0\u00a0\u00a0 \u00a01085<br \/>\nSebasti\u00e1n Salinero Echeverr\u00eda<br \/>\nEl excesivo periodo de custodia de la pena de presidio perpetuo calificado\u00a0\u00a0 \u00a0\u00a0\u00a0 \u00a01103<br \/>\nIgnacio E. Ackermann Hormaz\u00e1bal<br \/>\nPublicaciones del profesor Carlos K\u00fcnsem\u00fcller\u00a0\u00a0 \u00a0\u00a0\u00a0 \u00a01121<\/p>\n","protected":false},"excerpt":{"rendered":"<p>La obra constituye un sentido homenaje al prof. Carlos K\u00fcnsem\u00fcller Loebenfelder uno de los m\u00e1s notables maestros del Derecho penal chileno, quien es su amplia trayectoria como acad\u00e9mico, Ministro de la Corte Suprema y abogado ha contribuido a defender y expresar su particular admiraci\u00f3n por un Derecho penal liberal. Es as\u00ed, que en no pocos pasajes de su extensa contribuci\u00f3n manifiesta la importancia de un Derecho penal respetuoso de principios b\u00e1sicos e irrenunciables para el ejercicio del ius puniendi. Si bien, en los tiempos que corren existe un excesivo empleo al recurso punitivo, ello no impide, como lo ha expresado en sus trabajos, mantener una posici\u00f3n f\u00e9rrea por el pensamiento ilustrado. El libro homenaje se divide en ejes tem\u00e1ticos sobre la base de las l\u00edneas de investigaci\u00f3n del prof. Carlos K\u00fcnsem\u00fcller, en la que participan destacados acad\u00e9micos nacionales y extranjeros. Se abordan temas de actualidad vinculados a Pol\u00edtica Criminal, discusiones de Derecho penal, tanto de Parte gene- ral como especial, as\u00ed como cuestiones relativas al Derecho penitenciario. \u00cdndice Pr\u00f3logo\u00a0\u00a0 \u00a0\u00a0\u00a0 \u00a019 Ra\u00fal Carnevali Persona y trayectoria. Carlos K\u00fcnsem\u00fcller: Maestro y palad\u00edn del derecho penal de una sociedad libre\u00a0\u00a0 \u00a0\u00a0\u00a0 \u00a021 Alfredo Etcheberry i. Fundamentos de Derecho penal y Pol\u00edtica criminal El Derecho Penal como Derecho de la Paz: hacia una reorientaci\u00f3n\u00a0\u00a0 \u00a0\u00a0\u00a0 \u00a031 Albin Eser El Derecho penal entre la protecci\u00f3n de los ciudadanos y los l\u00edmites y garant\u00edas\u00a0\u00a0 \u00a0\u00a0\u00a0 \u00a053 Diego\u2013M. Luz\u00f3n Pe\u00f1a El relativismo pol\u00edtico\u2013criminal como problema\u00a0\u00a0 \u00a0\u00a0\u00a0 \u00a073 Ricardo Robles Planas Los Principios Cardinales del Derecho Penal Liberal frente al Programa Penal de la Constituci\u00f3n chilena\u00a0\u00a0 \u00a0\u00a0\u00a0 \u00a087 Jean Pierre Matus Acu\u00f1a y Mar\u00eda Cecilia Ram\u00edrez Guzm\u00e1n Protestas Sociales P\u00fablicas, Derecho Penal y Libertad de Expresi\u00f3n\u00a0\u00a0 \u00a0\u00a0\u00a0 \u00a0113 Javier Augusto De Luca Decisiones de criminalizaci\u00f3n y ciencia del derecho penal\u00a0\u00a0 \u00a0\u00a0\u00a0 \u00a0141 Alex van Weezel de la Cruz El populismo penal chileno: a prop\u00f3sito del estudio de Carlos K\u00fcnsem\u00fcller\u00a0\u00a0 \u00a0\u00a0\u00a0 \u00a0165 Jos\u00e9 \u00c1ngel Fern\u00e1ndez Cruz Principios como estrategia de argumentaci\u00f3n racional\u00a0\u00a0 \u00a0\u00a0\u00a0 \u00a0183 Rodrigo Andr\u00e9s Guerra Espinosa Valores constitucionales y bien jur\u00eddico\u2013penal\u00a0\u00a0 \u00a0\u00a0\u00a0 \u00a0197 Juan Luis Modolell Gonz\u00e1lez La necesidad de ratificaci\u00f3n por la legislaci\u00f3n chilena de la \u201cintegridad moral\u201d como bien jur\u00eddico penal. Consideraciones pol\u00edtico\u2013criminales frente a una nueva Constituci\u00f3n en la consagraci\u00f3n de los derechos y garant\u00edas de las personas\u00a0\u00a0 \u00a0\u00a0\u00a0 \u00a0209 Gustavo Balmaceda Hoyos y Sebasti\u00e1n Mu\u00f1oz Tejo Propuesta para para un nuevo enfoque de las faltas en el Ordenamiento jur\u00eddico chileno\u00a0\u00a0 \u00a0\u00a0\u00a0 \u00a0231 Roberto Navarro Dolmestch II. Derecho Penal: Tendencias y desaf\u00edos La (mal) llamada responsabilidad penal de las personas jur\u00eddicas. Algunas reflexiones desde el derecho espa\u00f1ol\u00a0\u00a0 \u00a0\u00a0\u00a0 \u00a0267 Miguel D\u00edaz y Garc\u00eda Conlledo \u00bfExcusas para personas jur\u00eddicas? Reflexiones preliminares a prop\u00f3sito de la funci\u00f3n del elemento \u201cculpabilidad\u201d en el \u00e1mbito de la responsabilidad penal de las personas jur\u00eddicas\u00a0\u00a0 \u00a0\u00a0\u00a0 \u00a0293 Osvaldo Artaza Varela Cr\u00edtica de las penas contra las personas jur\u00eddicas\u00a0\u00a0 \u00a0\u00a0\u00a0 \u00a0313 Francisco Javier Bedecarratz Scholz \u00bfImputaci\u00f3n penal en la responsabilidad de las personas jur\u00eddicas de la Ley N\u00ba 20.393 de 2009?: culpabilidad y el problema de los criterios de imputaci\u00f3n\u00a0\u00a0 \u00a0\u00a0\u00a0 \u00a0335 Gonzalo Garc\u00eda Palominos Sucesi\u00f3n de la responsabilidad penal de la persona jur\u00eddica y due diligence: perspectivas de Derecho comparado angloamericano, chileno y espa\u00f1ol\u00a0\u00a0 \u00a0\u00a0\u00a0 \u00a0363 Beatriz Goena Vives An\u00e1lisis del cat\u00e1logo de sanciones contempladas en la Ley N\u00b0 20.393 desde la autorregulaci\u00f3n\u00a0\u00a0 \u00a0\u00a0\u00a0 \u00a0383 Ximena Marcazzolo Awad Un Derecho Penal de Semi\u2013Ciudadanos\u00a0\u00a0 \u00a0\u00a0\u00a0 \u00a0403 Iv\u00f3 Coca Vila y Cristi\u00e1n Irarr\u00e1zaval Zald\u00edvar Procesos causales complejos \u00bfproblema de prueba o de definici\u00f3n de la relaci\u00f3n de causalidad?\u00a0\u00a0 \u00a0\u00a0\u00a0 \u00a0435 Mar\u00eda Soledad Krause Mu\u00f1oz III. Derecho Penal. Algunos problemas de Parte General La condici\u00f3n humana y el castigo estatal\u00a0\u00a0 \u00a0\u00a0\u00a0 \u00a0453 Jes\u00fas\u2013Mar\u00eda Silva S\u00e1nchez Delito y libertad\u00a0\u00a0 \u00a0\u00a0\u00a0 \u00a0469 Pablo S\u00e1nchez\u2013Ostiz Guti\u00e9rrez Sobre la omissio libera in causa\u00a0\u00a0 \u00a0\u00a0\u00a0 \u00a0489 Gonzalo D. Fern\u00e1ndez El fin de la pena en el pensamiento de Franz von Liszt\u00a0\u00a0 \u00a0\u00a0\u00a0 \u00a0503 Luis Ortiz Quiroga Efecto agravatorio de la pluralidad de autores en la comisi\u00f3n de un delito\u00a0\u00a0 \u00a0\u00a0\u00a0 \u00a0527 Luis Rodr\u00edguez Collao y Agustina Alvarado Ur\u00edzar La responsabilidad penal del que delinque privado voluntariamente de raz\u00f3n\u00a0\u00a0 \u00a0\u00a0\u00a0 \u00a0549 Hern\u00e1n Hormaz\u00e1bal Malar\u00e9e Objeto del conocimiento potencial de la antijuridicidad y error de prohibici\u00f3n\u00a0\u00a0 \u00a0\u00a0\u00a0 \u00a0577 H\u00e9ctor Hern\u00e1ndez Basualto Penas alternativas y problemas de constitucionalidad. Proporcionalidad, legalidad y racionalidad en la determinaci\u00f3n de la pena\u00a0\u00a0 \u00a0\u00a0\u00a0 \u00a0607 Francisco Maldonado Fuentes Culpabilidad, compatibilismo y suerte moral\u00a0\u00a0 \u00a0\u00a0\u00a0 \u00a0623 Juan Pablo Ma\u00f1alich Raffo \u00bfExiste un bien jur\u00eddico com\u00fan a los delitos de la Ley de Tr\u00e1nsito?\u00a0\u00a0 \u00a0\u00a0\u00a0 \u00a0643 Laura Mayer Lux y Jaime Vera Vega La disociaci\u00f3n entre pena abstracta y pena concreta: El rol de las circunstancias atenuantes y agravantes\u00a0\u00a0 \u00a0\u00a0\u00a0 \u00a0669 Iv\u00e1n Navas Mondaca El concurso de delitos [infracciones] en el Derecho Sancionatorio Chileno\u00a0\u00a0 \u00a0\u00a0\u00a0 \u00a0689 Juan Ignacio Pi\u00f1a Rochefort y Diego Moreno Torres Leg\u00edtima defensa, trastorno mental transitorio y violencia contra la mujer\u00a0\u00a0 \u00a0\u00a0\u00a0 \u00a0713 Juan Pablo Castillo Morales Una \u201czona gris\u201d entre preterintencionalidad y calificaci\u00f3n por el resultado. El problema de los excesos objetivos en conductas il\u00edcitas complejas\u00a0\u00a0 \u00a0\u00a0\u00a0 \u00a0741 Tatiana Vargas Pinto IV. Derecho Penal. Algunos delitos en particular La debilidad emocional y delito de estafa: sobre el alcance de la protecci\u00f3n jur\u00eddico\u2013penal frente al fraude\u00a0\u00a0 \u00a0\u00a0\u00a0 \u00a0757 Nuria Pastor Mu\u00f1oz Los delitos de organizaci\u00f3n criminal en el Per\u00fa: Dilemas legales y jurisprudenciales\u00a0\u00a0 \u00a0\u00a0\u00a0 \u00a0767 V\u00edctor Roberto Prado Saldarriaga Sobre la procedencia o improcedencia de apreciar un robo con intimidaci\u00f3n en los denominados \u201cturbazos\u201d y en algunos casos de las llamadas \u201cestafas telef\u00f3nicas\u201d\u00a0\u00a0 \u00a0\u00a0\u00a0 \u00a0791 Guillermo Oliver Calder\u00f3n y Gonzalo Agliati V\u00e1squez Las resoluciones de la jurisdicci\u00f3n chilena sobre cr\u00edmenes de lesa humanidad en Colonia Dignidad: m\u00e1s all\u00e1 de los cr\u00edmenes de la dictadura\u00a0\u00a0 \u00a0\u00a0\u00a0 \u00a0811 Claudia Marcela C\u00e1rdenas Aravena Sobre el injusto de comportamiento del tipo b\u00e1sico de administraci\u00f3n desleal y el alcance de la locuci\u00f3n \u201cde modo manifiestamente contrario al inter\u00e9s del titular del patrimonio afectado\u201d (art. 470 n \u00b0 11 inc. 1\u00b0 del C\u00f3digo Penal)\u00a0\u00a0 \u00a0\u00a0\u00a0 \u00a0829 Lautaro Contreras Chaimovich y \u00c1lvaro Castro Morales Variaciones sobre lo protegido en el delito de violaci\u00f3n\u00a0\u00a0 \u00a0\u00a0\u00a0 \u00a0863 Juan Pablo Cox Leixelard Aproximaci\u00f3n<\/p>\n","protected":false},"featured_media":4458,"comment_status":"open","ping_status":"closed","template":"","meta":{"inline_featured_image":false,"_joinchat":[]},"product_brand":[],"product_cat":[30],"product_tag":[],"class_list":{"0":"post-4428","1":"product","2":"type-product","3":"status-publish","4":"has-post-thumbnail","6":"product_cat-penal","7":"product_shipping_class-a-convenir","9":"first","10":"instock","11":"shipping-taxable","12":"purchasable","13":"product-type-simple"},"_links":{"self":[{"href":"https:\/\/bibliotecajuridicavirtual.cl\/index.php\/wp-json\/wp\/v2\/product\/4428","targetHints":{"allow":["GET"]}}],"collection":[{"href":"https:\/\/bibliotecajuridicavirtual.cl\/index.php\/wp-json\/wp\/v2\/product"}],"about":[{"href":"https:\/\/bibliotecajuridicavirtual.cl\/index.php\/wp-json\/wp\/v2\/types\/product"}],"replies":[{"embeddable":true,"href":"https:\/\/bibliotecajuridicavirtual.cl\/index.php\/wp-json\/wp\/v2\/comments?post=4428"}],"wp:featuredmedia":[{"embeddable":true,"href":"https:\/\/bibliotecajuridicavirtual.cl\/index.php\/wp-json\/wp\/v2\/media\/4458"}],"wp:attachment":[{"href":"https:\/\/bibliotecajuridicavirtual.cl\/index.php\/wp-json\/wp\/v2\/media?parent=4428"}],"wp:term":[{"taxonomy":"product_brand","embeddable":true,"href":"https:\/\/bibliotecajuridicavirtual.cl\/index.php\/wp-json\/wp\/v2\/product_brand?post=4428"},{"taxonomy":"product_cat","embeddable":true,"href":"https:\/\/bibliotecajuridicavirtual.cl\/index.php\/wp-json\/wp\/v2\/product_cat?post=4428"},{"taxonomy":"product_tag","embeddable":true,"href":"https:\/\/bibliotecajuridicavirtual.cl\/index.php\/wp-json\/wp\/v2\/product_tag?post=4428"}],"curies":[{"name":"wp","href":"https:\/\/api.w.org\/{rel}","templated":true}]}}