{"id":4432,"date":"2026-02-28T01:25:33","date_gmt":"2026-02-28T04:25:33","guid":{"rendered":"https:\/\/bibliotecajuridicavirtual.cl\/?post_type=product&#038;p=4432"},"modified":"2026-02-28T01:25:57","modified_gmt":"2026-02-28T04:25:57","slug":"ensenanza-judicial-actas-del-primer-y-segundo-coloquio-internacional-de-la-academia-jucial-662-pag-autor-eduardo-aldunate-lizana-y-fernanda-martinez-achiardi","status":"publish","type":"product","link":"https:\/\/bibliotecajuridicavirtual.cl\/index.php\/product\/ensenanza-judicial-actas-del-primer-y-segundo-coloquio-internacional-de-la-academia-jucial-662-pag-autor-eduardo-aldunate-lizana-y-fernanda-martinez-achiardi\/","title":{"rendered":"Ense\u00f1anza Judicial &#8211; Actas del Primer y Segundo Coloquio Internacional de la Academia Jucial. 662 P\u00e1g. Autor Eduardo Aldunate Lizana y Fernanda Mart\u00ednez Achiardi."},"content":{"rendered":"<p>El coloquio internacional sobre ense\u00f1anza judicial nace como una iniciativa en el seno de la Academia Judicial, ante la constataci\u00f3n de la ausencia, en nuestro pa\u00eds, de una instancia dedicada a la reflexi\u00f3n y debate sobre los desaf\u00edos espec\u00edficos que plantea la ense\u00f1anza de los integrantes del Poder Judicial. Excepci\u00f3n hecha de quienes son especialistas en materia educacional, se suele olvidar, o no considerar con suficiente detenci\u00f3n, que las acciones de ense\u00f1anza son productos que, para cumplir su fin, pueden requerir un alto grado de sofisticaci\u00f3n. Dentro de los principales factores que inciden en ello est\u00e1 la particular situaci\u00f3n de los destinatarios de dichas acciones y los resultados que se persiguen al aplicarlas. La eficacia de los logros que se puedan obtener est\u00e1, a su vez, condicionada por la capacidad de expresar de manera adecuada cu\u00e1l es el objetivo, cu\u00e1les son los aprendizajes significativos esperados que, y esto es muy relevante, puedan ser apreciados de manera concreta al finalizar la secuencia prevista para lograr su consecuci\u00f3n.<\/p>\n<p>En el caso de la educaci\u00f3n judicial, el marco general en que se sit\u00faa esta reflexi\u00f3n es la de la educaci\u00f3n de adultos y la pluralidad de desaf\u00edos y requerimientos espec\u00edficos que plantean, por una parte, la gran diversidad de funciones diferentes que confluyen en la provisi\u00f3n del servicio de justicia y, por otra, la complejidad espec\u00edfica de la funci\u00f3n judicial. La identificaci\u00f3n y traducci\u00f3n al plano de lenguaje de cada uno de los aspectos que, en el desempe\u00f1o de esas funciones, es susceptible de mejorar a trav\u00e9s de acciones de ense\u00f1anza, es un desaf\u00edo inconmensurable. La forma de escapar al peso de esta tarea es, a veces, la expresi\u00f3n de objetivos gen\u00e9ricos, altisonantes o poco operativos y que, por lo mismo, dif\u00edcilmente pueden ser medidos en el grado de impacto espec\u00edfico que tienen en las tareas cotidianas desarrolladas por quienes se capacitan o perfeccionan en los respectivos cursos o programas.<\/p>\n<p>Cada uno de estos problemas han motivado la creaci\u00f3n de los coloquios de ense\u00f1anza judicial; el contexto de la ense\u00f1anza de adultos, con especial valoraci\u00f3n de rol de la intervenci\u00f3n de pares, quienes integran los conocimientos, destrezas y habilidades espec\u00edficas requeridos para el aprendizaje, con su propia experiencia en las tareas involucradas, y las cuestiones de dise\u00f1o, y la forma de evaluar la eficacia de las acciones de ense\u00f1anza. Hemos reunido a expertos de reconocido nivel internacional en esta materia, con la experiencia \u2013y en algunos casos conocimientos profundizados\u2013 de integrantes del propio Poder Judicial chileno, en particular de quienes se han interesado por la ense\u00f1anza tomando parte en el programa de Capacitaci\u00f3n de Capacitadores de la Academia Judicial e impartiendo cursos bajo un m\u00e9todo que da cuenta de los elementos expresados arriba. Esperamos que este material sirva de est\u00edmulo para profundizar una reflexi\u00f3n indispensable para avanzar en la buena calidad de la ense\u00f1anza judicial.<\/p>\n","protected":false},"excerpt":{"rendered":"<p>El coloquio internacional sobre ense\u00f1anza judicial nace como una iniciativa en el seno de la Academia Judicial, ante la constataci\u00f3n de la ausencia, en nuestro pa\u00eds, de una instancia dedicada a la reflexi\u00f3n y debate sobre los desaf\u00edos espec\u00edficos que plantea la ense\u00f1anza de los integrantes del Poder Judicial. Excepci\u00f3n hecha de quienes son especialistas en materia educacional, se suele olvidar, o no considerar con suficiente detenci\u00f3n, que las acciones de ense\u00f1anza son productos que, para cumplir su fin, pueden requerir un alto grado de sofisticaci\u00f3n. Dentro de los principales factores que inciden en ello est\u00e1 la particular situaci\u00f3n de los destinatarios de dichas acciones y los resultados que se persiguen al aplicarlas. La eficacia de los logros que se puedan obtener est\u00e1, a su vez, condicionada por la capacidad de expresar de manera adecuada cu\u00e1l es el objetivo, cu\u00e1les son los aprendizajes significativos esperados que, y esto es muy relevante, puedan ser apreciados de manera concreta al finalizar la secuencia prevista para lograr su consecuci\u00f3n. En el caso de la educaci\u00f3n judicial, el marco general en que se sit\u00faa esta reflexi\u00f3n es la de la educaci\u00f3n de adultos y la pluralidad de desaf\u00edos y requerimientos espec\u00edficos que plantean, por una parte, la gran diversidad de funciones diferentes que confluyen en la provisi\u00f3n del servicio de justicia y, por otra, la complejidad espec\u00edfica de la funci\u00f3n judicial. La identificaci\u00f3n y traducci\u00f3n al plano de lenguaje de cada uno de los aspectos que, en el desempe\u00f1o de esas funciones, es susceptible de mejorar a trav\u00e9s de acciones de ense\u00f1anza, es un desaf\u00edo inconmensurable. La forma de escapar al peso de esta tarea es, a veces, la expresi\u00f3n de objetivos gen\u00e9ricos, altisonantes o poco operativos y que, por lo mismo, dif\u00edcilmente pueden ser medidos en el grado de impacto espec\u00edfico que tienen en las tareas cotidianas desarrolladas por quienes se capacitan o perfeccionan en los respectivos cursos o programas. Cada uno de estos problemas han motivado la creaci\u00f3n de los coloquios de ense\u00f1anza judicial; el contexto de la ense\u00f1anza de adultos, con especial valoraci\u00f3n de rol de la intervenci\u00f3n de pares, quienes integran los conocimientos, destrezas y habilidades espec\u00edficas requeridos para el aprendizaje, con su propia experiencia en las tareas involucradas, y las cuestiones de dise\u00f1o, y la forma de evaluar la eficacia de las acciones de ense\u00f1anza. Hemos reunido a expertos de reconocido nivel internacional en esta materia, con la experiencia \u2013y en algunos casos conocimientos profundizados\u2013 de integrantes del propio Poder Judicial chileno, en particular de quienes se han interesado por la ense\u00f1anza tomando parte en el programa de Capacitaci\u00f3n de Capacitadores de la Academia Judicial e impartiendo cursos bajo un m\u00e9todo que da cuenta de los elementos expresados arriba. Esperamos que este material sirva de est\u00edmulo para profundizar una reflexi\u00f3n indispensable para avanzar en la buena calidad de la ense\u00f1anza judicial.<\/p>\n","protected":false},"featured_media":4486,"comment_status":"open","ping_status":"closed","template":"","meta":{"inline_featured_image":false,"_joinchat":[]},"product_brand":[],"product_cat":[38,30],"product_tag":[],"class_list":{"0":"post-4432","1":"product","2":"type-product","3":"status-publish","4":"has-post-thumbnail","6":"product_cat-editorial-der-ediciones","7":"product_cat-penal","8":"product_shipping_class-a-convenir","10":"first","11":"instock","12":"shipping-taxable","13":"purchasable","14":"product-type-simple"},"_links":{"self":[{"href":"https:\/\/bibliotecajuridicavirtual.cl\/index.php\/wp-json\/wp\/v2\/product\/4432","targetHints":{"allow":["GET"]}}],"collection":[{"href":"https:\/\/bibliotecajuridicavirtual.cl\/index.php\/wp-json\/wp\/v2\/product"}],"about":[{"href":"https:\/\/bibliotecajuridicavirtual.cl\/index.php\/wp-json\/wp\/v2\/types\/product"}],"replies":[{"embeddable":true,"href":"https:\/\/bibliotecajuridicavirtual.cl\/index.php\/wp-json\/wp\/v2\/comments?post=4432"}],"wp:featuredmedia":[{"embeddable":true,"href":"https:\/\/bibliotecajuridicavirtual.cl\/index.php\/wp-json\/wp\/v2\/media\/4486"}],"wp:attachment":[{"href":"https:\/\/bibliotecajuridicavirtual.cl\/index.php\/wp-json\/wp\/v2\/media?parent=4432"}],"wp:term":[{"taxonomy":"product_brand","embeddable":true,"href":"https:\/\/bibliotecajuridicavirtual.cl\/index.php\/wp-json\/wp\/v2\/product_brand?post=4432"},{"taxonomy":"product_cat","embeddable":true,"href":"https:\/\/bibliotecajuridicavirtual.cl\/index.php\/wp-json\/wp\/v2\/product_cat?post=4432"},{"taxonomy":"product_tag","embeddable":true,"href":"https:\/\/bibliotecajuridicavirtual.cl\/index.php\/wp-json\/wp\/v2\/product_tag?post=4432"}],"curies":[{"name":"wp","href":"https:\/\/api.w.org\/{rel}","templated":true}]}}