{"id":4433,"date":"2026-02-28T01:25:33","date_gmt":"2026-02-28T04:25:33","guid":{"rendered":"https:\/\/bibliotecajuridicavirtual.cl\/?post_type=product&#038;p=4433"},"modified":"2026-02-28T01:25:58","modified_gmt":"2026-02-28T04:25:58","slug":"el-recurso-de-proteccion-2da-edicion-2020-691-pag-autor-francisco-pinochet-cantwell","status":"publish","type":"product","link":"https:\/\/bibliotecajuridicavirtual.cl\/index.php\/product\/el-recurso-de-proteccion-2da-edicion-2020-691-pag-autor-francisco-pinochet-cantwell\/","title":{"rendered":"El Recurso de Protecci\u00f3n &#8211; 2da Edici\u00f3n 2020\/ 691 P\u00e1g. Autor  Francisco Pinochet Cantwell"},"content":{"rendered":"<p><strong>CAP\u00cdTULO I<\/strong><br \/>\n<strong>CONCEPTO DEL RECURSO DE PROTECCI\u00d3N\u00a0<\/strong><\/p>\n<p><strong>CAP\u00cdTULO II<\/strong><br \/>\n<strong>EL DEBIDO PROCESO\u00a0<\/strong><\/p>\n<p><strong>CAP\u00cdTULO III<\/strong><br \/>\n<strong>ANTECEDENTES DE LA ACCI\u00d3N CONSTITUCIONAL DE PROTECCI\u00d3N\u00a0<\/strong><\/p>\n<p><strong>CAP\u00cdTULO IV<\/strong><br \/>\n<strong>EL RECURSO DE PROTECCI\u00d3N COMO PRINCIPAL HERRAMIENTA EN LA PROTECCI\u00d3N DE LOS DERECHOS FUNDAMENTALES<\/strong><\/p>\n<p><strong>CAP\u00cdTULO V<\/strong><br \/>\n<strong>CONFIGURACI\u00d3N SUSTANCIAL DE LA ACCI\u00d3N DE PROTECCI\u00d3N EN CHILE<\/strong><\/p>\n<p><strong>CAP\u00cdTULO VI<\/strong><br \/>\n<strong>LOS DERECHOS QUE TUTELA LA ACCI\u00d3N DE PROTECCI\u00d3N<\/strong><\/p>\n<p><strong>\u00a0CAP\u00cdTULO VII<\/strong><br \/>\n<strong>LA ACCI\u00d3N DE PROTECCI\u00d3N COMO MEDIO ALTERNATIVO O COMPLEMENTARIO RESPECTO DE LAS ACCIONES ORDINARIAS<\/strong><\/p>\n<p><strong>CAP\u00cdTULO VIII<\/strong><br \/>\n<strong>TRAMITACI\u00d3N DE LA ACCI\u00d3N DE PROTECCI\u00d3N<\/strong><\/p>\n<p><strong>CAP\u00cdTULO IX<\/strong><br \/>\n<strong>AN\u00c1LISIS COMPARATIVO DE LA ACCI\u00d3N DE PROTECCI\u00d3N CON OTROS JUICIOS DE URGENCIA<\/strong><\/p>\n<p><strong>CAP\u00cdTULO X<\/strong><br \/>\n<strong>LA ACCI\u00d3N DE PROTECCI\u00d3N EN RELACI\u00d3N A LA ANTICIPACI\u00d3N DE TUTELA<\/strong><\/p>\n<p><strong>CAP\u00cdTULO XI<\/strong><br \/>\n<strong>EL RECURSO DE PROTECCI\u00d3N COMO PROTAGONISTA EN LA DEFENSA DEL MEDIO AMBIENTE<\/strong><\/p>\n<p><strong>CAP\u00cdTULO XII<\/strong><br \/>\n<strong>JURISPRUDENCIA DE LA ACCI\u00d3N DE PROTECCI\u00d3N ESTANDO VIGENTE LA LEY N\u00ba 20.600 (SEGUNDA PARTE)<\/strong><\/p>\n<p><strong>\u00a0CAP\u00cdTULO XIII<\/strong><br \/>\n<strong>DESARROLLO DEL EFECTO VERTICAL DE LOS DERECHOS FUNDAMENTALES A TRAV\u00c9S DEL RECURSO DE PROTECCI\u00d3N<\/strong><\/p>\n<p><strong>CAP\u00cdTULO XIV<\/strong><br \/>\n<strong>DERECHO DE PROPIEDAD SOBRE BENEFICIOS EMANADOS DE LOS CONTRATOS DE SALUD PREVISIONAL<\/strong><\/p>\n<p><strong>CAP\u00cdTULO XV<\/strong><br \/>\n<strong>LAS SENTENCIAS DE LOS TRIBUNALES ORDINARIOS DE JUSTICIA Y EL RECURSO DE PROTECCI\u00d3N<\/strong><\/p>\n<p><strong>CAP\u00cdTULO XVI<\/strong><br \/>\n<strong>RECURSO DE PROTECCI\u00d3N Y JURISDICCI\u00d3N ARBITRAL<\/strong><\/p>\n<p><strong>CAP\u00cdTULO XVII<\/strong><br \/>\n<strong>R\u00c9GIMEN PROCESAL DE LA ACCI\u00d3N DE PROTECCI\u00d3N<\/strong><\/p>\n<p><strong>CAP\u00cdTULO XVIII<\/strong><br \/>\n<strong>PROTECCI\u00d3N DEL DEBIDO PROCESO A TRAV\u00c9S DE LA TUTELA DEL DERECHO DE PROPIEDAD<\/strong><\/p>\n<p><strong>CAP\u00cdTULO XIX<\/strong><br \/>\n<strong>LAS MEDIDAS CAUTELARES. LA ORDEN DE NO INNOVAR<\/strong><\/p>\n<p><strong>CAP\u00cdTULO XX<\/strong><br \/>\n<strong>LOS EFECTOS DE LA SENTENCIA PRONUNCIADA EN EL PROCESO DE PROTECCI\u00d3N\u00a0<\/strong><\/p>\n<p><strong>CAP\u00cdTULO XXI<\/strong><br \/>\n<strong>PROCEDIMIENTO DE CUMPLIMIENTO UNA VEZ EJECUTORIADA LA SENTENCIA DE PROTECCI\u00d3N<\/strong><\/p>\n<p><strong>CAP\u00cdTULO XXII<\/strong><br \/>\n<strong>R\u00c9GIMEN DE RECURSOS EN EL PROCESO DE PROTECCI\u00d3N<\/strong><\/p>\n<p><strong>CAP\u00cdTULO XXIII<\/strong><br \/>\n<strong>TRAMITACI\u00d3N DEL RECURSO DE APELACI\u00d3N ANTE LA CORTE SUPREMA<\/strong><\/p>\n","protected":false},"excerpt":{"rendered":"<p>CAP\u00cdTULO I CONCEPTO DEL RECURSO DE PROTECCI\u00d3N\u00a0 CAP\u00cdTULO II EL DEBIDO PROCESO\u00a0 CAP\u00cdTULO III ANTECEDENTES DE LA ACCI\u00d3N CONSTITUCIONAL DE PROTECCI\u00d3N\u00a0 CAP\u00cdTULO IV EL RECURSO DE PROTECCI\u00d3N COMO PRINCIPAL HERRAMIENTA EN LA PROTECCI\u00d3N DE LOS DERECHOS FUNDAMENTALES CAP\u00cdTULO V CONFIGURACI\u00d3N SUSTANCIAL DE LA ACCI\u00d3N DE PROTECCI\u00d3N EN CHILE CAP\u00cdTULO VI LOS DERECHOS QUE TUTELA LA ACCI\u00d3N DE PROTECCI\u00d3N \u00a0CAP\u00cdTULO VII LA ACCI\u00d3N DE PROTECCI\u00d3N COMO MEDIO ALTERNATIVO O COMPLEMENTARIO RESPECTO DE LAS ACCIONES ORDINARIAS CAP\u00cdTULO VIII TRAMITACI\u00d3N DE LA ACCI\u00d3N DE PROTECCI\u00d3N CAP\u00cdTULO IX AN\u00c1LISIS COMPARATIVO DE LA ACCI\u00d3N DE PROTECCI\u00d3N CON OTROS JUICIOS DE URGENCIA CAP\u00cdTULO X LA ACCI\u00d3N DE PROTECCI\u00d3N EN RELACI\u00d3N A LA ANTICIPACI\u00d3N DE TUTELA CAP\u00cdTULO XI EL RECURSO DE PROTECCI\u00d3N COMO PROTAGONISTA EN LA DEFENSA DEL MEDIO AMBIENTE CAP\u00cdTULO XII JURISPRUDENCIA DE LA ACCI\u00d3N DE PROTECCI\u00d3N ESTANDO VIGENTE LA LEY N\u00ba 20.600 (SEGUNDA PARTE) \u00a0CAP\u00cdTULO XIII DESARROLLO DEL EFECTO VERTICAL DE LOS DERECHOS FUNDAMENTALES A TRAV\u00c9S DEL RECURSO DE PROTECCI\u00d3N CAP\u00cdTULO XIV DERECHO DE PROPIEDAD SOBRE BENEFICIOS EMANADOS DE LOS CONTRATOS DE SALUD PREVISIONAL CAP\u00cdTULO XV LAS SENTENCIAS DE LOS TRIBUNALES ORDINARIOS DE JUSTICIA Y EL RECURSO DE PROTECCI\u00d3N CAP\u00cdTULO XVI RECURSO DE PROTECCI\u00d3N Y JURISDICCI\u00d3N ARBITRAL CAP\u00cdTULO XVII R\u00c9GIMEN PROCESAL DE LA ACCI\u00d3N DE PROTECCI\u00d3N CAP\u00cdTULO XVIII PROTECCI\u00d3N DEL DEBIDO PROCESO A TRAV\u00c9S DE LA TUTELA DEL DERECHO DE PROPIEDAD CAP\u00cdTULO XIX LAS MEDIDAS CAUTELARES. LA ORDEN DE NO INNOVAR CAP\u00cdTULO XX LOS EFECTOS DE LA SENTENCIA PRONUNCIADA EN EL PROCESO DE PROTECCI\u00d3N\u00a0 CAP\u00cdTULO XXI PROCEDIMIENTO DE CUMPLIMIENTO UNA VEZ EJECUTORIADA LA SENTENCIA DE PROTECCI\u00d3N CAP\u00cdTULO XXII R\u00c9GIMEN DE RECURSOS EN EL PROCESO DE PROTECCI\u00d3N CAP\u00cdTULO XXIII TRAMITACI\u00d3N DEL RECURSO DE APELACI\u00d3N ANTE LA CORTE SUPREMA<\/p>\n","protected":false},"featured_media":4487,"comment_status":"open","ping_status":"closed","template":"","meta":{"inline_featured_image":false,"_joinchat":[]},"product_brand":[],"product_cat":[33],"product_tag":[],"class_list":{"0":"post-4433","1":"product","2":"type-product","3":"status-publish","4":"has-post-thumbnail","6":"product_cat-constitucional","7":"product_shipping_class-a-convenir","9":"first","10":"instock","11":"shipping-taxable","12":"purchasable","13":"product-type-simple"},"_links":{"self":[{"href":"https:\/\/bibliotecajuridicavirtual.cl\/index.php\/wp-json\/wp\/v2\/product\/4433","targetHints":{"allow":["GET"]}}],"collection":[{"href":"https:\/\/bibliotecajuridicavirtual.cl\/index.php\/wp-json\/wp\/v2\/product"}],"about":[{"href":"https:\/\/bibliotecajuridicavirtual.cl\/index.php\/wp-json\/wp\/v2\/types\/product"}],"replies":[{"embeddable":true,"href":"https:\/\/bibliotecajuridicavirtual.cl\/index.php\/wp-json\/wp\/v2\/comments?post=4433"}],"wp:featuredmedia":[{"embeddable":true,"href":"https:\/\/bibliotecajuridicavirtual.cl\/index.php\/wp-json\/wp\/v2\/media\/4487"}],"wp:attachment":[{"href":"https:\/\/bibliotecajuridicavirtual.cl\/index.php\/wp-json\/wp\/v2\/media?parent=4433"}],"wp:term":[{"taxonomy":"product_brand","embeddable":true,"href":"https:\/\/bibliotecajuridicavirtual.cl\/index.php\/wp-json\/wp\/v2\/product_brand?post=4433"},{"taxonomy":"product_cat","embeddable":true,"href":"https:\/\/bibliotecajuridicavirtual.cl\/index.php\/wp-json\/wp\/v2\/product_cat?post=4433"},{"taxonomy":"product_tag","embeddable":true,"href":"https:\/\/bibliotecajuridicavirtual.cl\/index.php\/wp-json\/wp\/v2\/product_tag?post=4433"}],"curies":[{"name":"wp","href":"https:\/\/api.w.org\/{rel}","templated":true}]}}