{"id":4435,"date":"2026-02-28T01:25:33","date_gmt":"2026-02-28T04:25:33","guid":{"rendered":"https:\/\/bibliotecajuridicavirtual.cl\/?post_type=product&#038;p=4435"},"modified":"2026-02-28T01:26:00","modified_gmt":"2026-02-28T04:26:00","slug":"el-estudio-de-los-titulos-de-dominio-2-tomos-5ta-edicion-ano-2025-912-pag-autor-ignacio-vidal-dominguez","status":"publish","type":"product","link":"https:\/\/bibliotecajuridicavirtual.cl\/index.php\/product\/el-estudio-de-los-titulos-de-dominio-2-tomos-5ta-edicion-ano-2025-912-pag-autor-ignacio-vidal-dominguez\/","title":{"rendered":"El Estudio de los T\u00edtulos de Dominio &#8211; 2 Tomos 5ta Edici\u00f3n. A\u00f1o 2025\/ 912 P\u00e1g. Autor Ignacio Vidal Dom\u00ednguez"},"content":{"rendered":"<p>Obras como esta permiten al estudioso tener a mano, aunque en algunos casos resumidos, los temas que debieran servir al an\u00e1lisis de la historia jur\u00eddica de un bien ra\u00edz. Por lo mismo quien asuma la tarea de un estudio de t\u00edtulos deber\u00e1 tomar este libro como una gu\u00eda que le mostrar\u00e1 donde puede recabar una informaci\u00f3n m\u00e1s \u00edntegra. Nuestra pretensi\u00f3n al respecto no es m\u00e1s ambiciosa. Ser\u00e1 por ello la experiencia que se logra con los a\u00f1os en este tipo de actuaciones profesionales la mejor garant\u00eda de un an\u00e1lisis serio y que entregue al cliente la seguridad de una contrataci\u00f3n apta a sus aspiraciones.<\/p>\n<p><strong>TOMO I<br \/>\n<\/strong><br \/>\n<strong>PRIMERA PARTE<\/strong><br \/>\n<strong>ASPECTOS GENERALES<br \/>\n<\/strong><br \/>\nEl Destinatario de Estos Apuntes<br \/>\nObjetivo y Fundamentos del Estudio de T\u00edtulos<br \/>\nPeriodo que Comprender\u00e1 el Estudio de T\u00edtulos<br \/>\nGrado de Exactitud del Estudio de T\u00edtulos<br \/>\nModo y Resultado del Estudio de T\u00edtulos<br \/>\nElementos para el Estudio de T\u00edtulos<br \/>\nFormaci\u00f3n de la Carpeta<br \/>\nEl T\u00edtulo<\/p>\n<p><strong>SEGUNDA PARTE<\/strong><br \/>\n<strong>EL ASPECTO NOTARIAL<\/strong><\/p>\n<p>El Notario P\u00fablico<br \/>\nEl Antiguo Notario de Hacienda<br \/>\nLa Fe de Conocimiento<br \/>\nCondiciones de Validez de la Escritura P\u00fablica<br \/>\nEl Repertorio de Instrumentos P\u00fablicos<br \/>\nEscrituras P\u00fablicas en Formato Especial<br \/>\nEscrituras P\u00fablicas sin Autorizaci\u00f3n<br \/>\nLa Escritura P\u00fablica de Remate<br \/>\nCopias de las Escrituras P\u00fablicas<br \/>\nTestigos de la Escritura<br \/>\nReconstrucci\u00f3n de los Registros Notariales<br \/>\nLa Ley de Timbres, Estampillas y Papel Sellado<br \/>\nEl Permiso de Edificaci\u00f3n<br \/>\nPromesas de Compraventa de Edificaciones en Verde<br \/>\nRecepci\u00f3n de Obras por la Municipalidad<br \/>\nArchivo Judicial \u2013 Archivo Nacional<br \/>\nTestamentos. Servicio de Registro Civil<br \/>\nValidez Internacional del Instrumento P\u00fablico<br \/>\nEl Oficial del Registro Civil en Funci\u00f3n de Notario<br \/>\nTransferencias de Bienes Ra\u00edces. Informe de Notarios y Conservadores al Servicio de Impuestos Internos<br \/>\nContribuciones a los Bienes Ra\u00edces (Impuesto Territorial)<br \/>\nBeneficio Tributario a los Cr\u00e9ditos con Garant\u00eda Hipotecaria<br \/>\nBeneficio Tributario de la Ley 18.985<br \/>\nLa Protocolizaci\u00f3n de Documentos<br \/>\nEl Notario Llamado \u201cAdjunto\u201d<br \/>\nPlena Prueba del Instrumento P\u00fablico<\/p>\n<p><strong>TERCERA PARTE<\/strong><br \/>\n<strong>ASPECTO CONSERVATORIO<\/strong><\/p>\n<p>Los Conservadores de Bienes Ra\u00edces<br \/>\nInscripciones Refundidas de Dominio. D.L. 1856 de 1977<br \/>\nReconstrucci\u00f3n de Inscripciones del Conservador<br \/>\nEl Folio Real<br \/>\nEl Conservador de Comercio<\/p>\n<p><strong>CUARTA PARTE<\/strong><br \/>\n<strong>CUESTIONES ESPECIALES<\/strong><\/p>\n<p>Las Aguas o Derechos de Aprovechamiento de Aguas<br \/>\nEl Subsuelo Urbano<br \/>\nPrograma Habitacional. Fondo Solidario<br \/>\nLas Personas Jur\u00eddicas. Representaci\u00f3n<br \/>\nOrganizaciones Comunitarias<br \/>\nBienes Ra\u00edces Situados en Zonas Fronterizas<br \/>\nProhibiciones de Gravar, Enajenar y Celebrar Actos<br \/>\nDivisi\u00f3n de Predios R\u00fasticos<\/p>\n<p><strong>TOMO II<br \/>\n<\/strong><br \/>\nEl Estudio de T\u00edtulos y los Bienes Provenientes de la Reforma Agraria<br \/>\nEl Decreto Ley N\u00ba 2.405. Disoluci\u00f3n de la Corporaci\u00f3n de la Reforma Agraria. Creaci\u00f3n de la Oficina de Normalizaci\u00f3n Agraria<br \/>\nEl Saneamiento del Dominio Sobre Inmuebles<br \/>\nLa Capacidad en la Mujer Casada<br \/>\nLa Sociedad Conyugal<br \/>\nAsociaci\u00f3n Nacional de Ahorro y Pr\u00e9stamo<br \/>\nLa Acci\u00f3n Resolutoria T\u00e1cita. Su importancia en el Estudio de los T\u00edtulos<br \/>\nD.L. 3.274. Ley del Ministerio de Bienes Nacionales<br \/>\nBienes del Estado. Decreto Ley 574, Decreto Ley 1939<br \/>\nLegislaci\u00f3n Maderera y Forestal. Bosques<br \/>\nLey N\u00ba 18.138. Viviendas Econ\u00f3micas e Infraestructuras Sanitarias<br \/>\nCentros Comerciales<br \/>\nCesi\u00f3n del Derecho de Herencia<br \/>\nEl R\u00e9gimen de Participaci\u00f3n en los Gananciales<br \/>\nLos Bienes Familiares<br \/>\nProhibici\u00f3n de Otorgar Cauciones Personales a Obligaciones de Terceros<br \/>\nComunidades Agr\u00edcolas<br \/>\nEl DFL 2 o Plan Habitacional<br \/>\nEl Decreto Ley N\u00ba 2.247 de 1978. Faculta a la EX CORA para Enajenar Directamente Tierras Adquiridas y no Asignadas (Terrenos de Secano)<br \/>\nDecreto Ley N\u00ba 2.465<br \/>\nDecreto Ley N\u00ba 2.572<br \/>\nRepactaci\u00f3n de Deudas Habitacionales con Instituciones de Previsi\u00f3n<br \/>\nLa Donaci\u00f3n<br \/>\nProcedimiento de Expropiaciones<br \/>\nLey N\u00ba 16.271 sobre Impuesto a las Herencias y Donaciones<br \/>\nLa Ley 19.903. Fija Normas para la Tramitaci\u00f3n de las Posesione Efectivas de Herencia<br \/>\nLegislaci\u00f3n sobre Ind\u00edgenas<br \/>\nAdquisici\u00f3n de Bienes Ra\u00edces por las Fuerzas Armadas<br \/>\nPacto de Indivisi\u00f3n. Comunidad<br \/>\nLey N\u00ba 18.689. Fusiona en el INP a las Instituciones que Indica<br \/>\nIsla de Pascua. Otorgamiento de T\u00edtulos<br \/>\nEl IVA a la Construcci\u00f3n. Ley N\u00ba 18.630<br \/>\nLa Ley 19.807. Autoriza la Subdivisi\u00f3n de Predio R\u00fastico a Favor de Determinadas Personas<br \/>\nCementerios. Ley N\u00ba 18.096<br \/>\nLas Denominadas \u201cPlayas Privadas\u201d y el Decreto Supremo 558 de 1986 de Bienes Nacionales<br \/>\nLa Ley N\u00ba 18.113. Traspaso de Bienes de la Ex ODENA al SAG<br \/>\nLey N\u00ba 18.377. Plaza para el Pago de Deudas Fiscales. La Resciliaci\u00f3n de Contratos y una Resoluci\u00f3n de la Tesorer\u00eda General de la Rep\u00fablica<br \/>\nLey N\u00ba 18.658. Modificaciones al D.L. 3.262 de 1980, al D.L. 3.516 de 1980. Saneamiento de Omisiones al D.L. 3.262 en Escrituras de Venta<br \/>\nLey N\u00ba 18.885. Empresa de Agua Potable y Alcantarillado. Sociedades An\u00f3nimas a Tal Objeto<br \/>\nEl Legado<br \/>\nEl Precio en la Compraventa. La Lesi\u00f3n Enorme<br \/>\nLoteos y Urbanizaciones. Subdivisi\u00f3n de Predios Urbanos<br \/>\nLa Representaci\u00f3n. El Mandato<br \/>\nMunicipalidades<br \/>\nLa Novaci\u00f3n<br \/>\nLegislaci\u00f3n Sobre Pisos y Departamentos. Copropiedad Inmobiliaria<br \/>\nLey de Quiebras<br \/>\nEl Seguro de Desgravamen Hipotecario<br \/>\nSismos y Cat\u00e1strofes<br \/>\nD.L. 1.123. Sustituci\u00f3n de la Unidad Monetaria \u201cEscudo\u201d<br \/>\nEl Registro Nacional de Agentes de Servicios Habitacionales<br \/>\nCooperativas Abiertas de Viviendas<br \/>\nViviendas Sociales. Decreto Ley 1.088 \u2013 Decreto Ley 2.552<br \/>\nDecreto Ley 2.833. Simplifica Tr\u00e1mites de Transferencia de Dominio, y Constituci\u00f3n Grav\u00e1menes en Sitios de Poblaciones de Propiedad de los SERVIU<br \/>\nD.L. 538. Prohibici\u00f3n de Enajenar Viviendas Econ\u00f3micas Asignadas a Postulantes de la Corporaci\u00f3n de Servicios Habitacionales<br \/>\nD.L. 791. Pr\u00e9stamos Hipotecarios de Car\u00e1cter Habitacional<br \/>\nLey N\u00ba 18.204. Sustituye N\u00famero 8 del Art\u00edculo 84 DFL 252 de 1960. Ley General de Bancos<br \/>\nLey N\u00ba 18.270. Otorgamiento de T\u00edtulo de Dominio en la XI Regi\u00f3n<br \/>\nLey N\u00ba 18.681. Remate de Viviendas Adquiridas con Subsidio<br \/>\nLey N\u00ba 18.868. Enajenaci\u00f3n de Viviendas de Propiedad del INP<br \/>\nEl Instituto de Normalizaci\u00f3n Provisional<br \/>\nEl Instituto de Previsi\u00f3n Social. La Ley N\u00ba 20.255 que Crea el IPS<br \/>\nSociedades de Cooperaci\u00f3n Agr\u00edcola<br \/>\nEl Seguro de T\u00edtulos, el Estudio de T\u00edtulos de Dominio, el Notariado Latino (Comentarios)<\/p>\n","protected":false},"excerpt":{"rendered":"<div class=\"html-div xdj266r x11i5rnm xat24cr x1mh8g0r xexx8yu x4uap5 x18d9i69 xkhd6sd\" tabindex=\"-1\">\n<div class=\"html-div xdj266r x11i5rnm x1mh8g0r xexx8yu x4uap5 x18d9i69 xkhd6sd x1e56ztr\">Buscas un libro Jur\u00eddico.? Lo puedes encontrar en nuestra tienda virtual.<br \/>\nContamos con prestigiosos autores y muchas alternativas en sus diferentes materias al igual que grandes descuentos.! Vis\u00edtanos en <a class=\"zIcAzKdyBxATZYJQoeJUJgsFIQGjWDrXhTrsxj \" href=\"https:\/\/lnkd.in\/eiAG7jdZ\" target=\"_blank\" rel=\"noopener\" data-test-app-aware-link=\"\">https:\/\/lnkd.in\/eiAG7jdZ<\/a><br \/>\nEscr\u00edbenos al +56930565235 \/ <a class=\"zIcAzKdyBxATZYJQoeJUJgsFIQGjWDrXhTrsxj \" href=\"mailto:ventaslegallexglobal@gmail.com\" target=\"_self\" data-test-app-aware-link=\"\">ventaslegallexglobal@gmail.com<\/a><br \/>\nHacemos env\u00edos a todo Chile \u2013 Starken o Correos Chile \/ Te esperamos<\/div>\n<\/div>\n","protected":false},"featured_media":4489,"comment_status":"open","ping_status":"closed","template":"","meta":{"inline_featured_image":false,"_joinchat":[]},"product_brand":[],"product_cat":[27],"product_tag":[],"class_list":{"0":"post-4435","1":"product","2":"type-product","3":"status-publish","4":"has-post-thumbnail","6":"product_cat-civil","7":"product_shipping_class-a-convenir","9":"first","10":"instock","11":"shipping-taxable","12":"purchasable","13":"product-type-simple"},"_links":{"self":[{"href":"https:\/\/bibliotecajuridicavirtual.cl\/index.php\/wp-json\/wp\/v2\/product\/4435","targetHints":{"allow":["GET"]}}],"collection":[{"href":"https:\/\/bibliotecajuridicavirtual.cl\/index.php\/wp-json\/wp\/v2\/product"}],"about":[{"href":"https:\/\/bibliotecajuridicavirtual.cl\/index.php\/wp-json\/wp\/v2\/types\/product"}],"replies":[{"embeddable":true,"href":"https:\/\/bibliotecajuridicavirtual.cl\/index.php\/wp-json\/wp\/v2\/comments?post=4435"}],"wp:featuredmedia":[{"embeddable":true,"href":"https:\/\/bibliotecajuridicavirtual.cl\/index.php\/wp-json\/wp\/v2\/media\/4489"}],"wp:attachment":[{"href":"https:\/\/bibliotecajuridicavirtual.cl\/index.php\/wp-json\/wp\/v2\/media?parent=4435"}],"wp:term":[{"taxonomy":"product_brand","embeddable":true,"href":"https:\/\/bibliotecajuridicavirtual.cl\/index.php\/wp-json\/wp\/v2\/product_brand?post=4435"},{"taxonomy":"product_cat","embeddable":true,"href":"https:\/\/bibliotecajuridicavirtual.cl\/index.php\/wp-json\/wp\/v2\/product_cat?post=4435"},{"taxonomy":"product_tag","embeddable":true,"href":"https:\/\/bibliotecajuridicavirtual.cl\/index.php\/wp-json\/wp\/v2\/product_tag?post=4435"}],"curies":[{"name":"wp","href":"https:\/\/api.w.org\/{rel}","templated":true}]}}