{"id":4436,"date":"2026-02-28T01:25:33","date_gmt":"2026-02-28T04:25:33","guid":{"rendered":"https:\/\/bibliotecajuridicavirtual.cl\/?post_type=product&#038;p=4436"},"modified":"2026-02-28T01:26:00","modified_gmt":"2026-02-28T04:26:00","slug":"procedimientos-juzgados-de-familia-undecima-edicion-ano-2023-546-pag-autor-eric-chavez-chavez","status":"publish","type":"product","link":"https:\/\/bibliotecajuridicavirtual.cl\/index.php\/product\/procedimientos-juzgados-de-familia-undecima-edicion-ano-2023-546-pag-autor-eric-chavez-chavez\/","title":{"rendered":"Procedimientos juzgados de familia, und\u00e9cima edici\u00f3n. A\u00f1o 2023\/546 P\u00e1g. Autor Eric Ch\u00e1vez Ch\u00e1vez"},"content":{"rendered":"<p style=\"font-weight: 400;\"><strong>Esta es obra obra destinada a los abogados en el desempe\u00f1o de su actividad jurisdiccional en los estrados, de manera did\u00e1ctica y precisa.\u00a0<\/strong><strong>El texto contiene los procedimiento de adopci\u00f3n, ordinario de alimentos, divorcio de com\u00fan acuerdo, cumplimiento, procedimiento especial para el cobro de deudas de pensiones alimenticias, procedimiento ejecutivo de cobro de pensiones y procedimiento de alimentos en el extranjero.\u00a0<\/strong><strong>Contiene las reformas introducidas por la Ley N\u00b021.264, 21.400, 21.430 y 21.434.<\/strong><\/p>\n<p style=\"font-weight: 400;\"><strong>\u00a0<\/strong><strong>1RA PARTE<\/strong><\/p>\n<p style=\"font-weight: 400;\"><strong>COMPETENCIA DE LOS JUZGADOS DE FAMILIA<\/strong><strong>\u00a0<\/strong><\/p>\n<ol>\n<li style=\"font-weight: 400;\"><strong> Las causas relativas al derecho de cuidado personal de los ni\u00f1os, ni\u00f1as o adolescentes<\/strong><\/li>\n<li style=\"font-weight: 400;\"><strong> Las causas relativas al derecho y el deber del padre o de la madre que no tenga el cuidado personal del hijo, a mantener con \u00e9ste una relaci\u00f3n directa y regular<\/strong><\/li>\n<li style=\"font-weight: 400;\"><strong> Las causas relativas al ejercicio, suspensi\u00f3n o p\u00e9rdida de la patria potestad; a la emancipaci\u00f3n y a las autorizaciones que se refieren los p\u00e1rrafos 2\u00b0 y 3\u00b0 del t\u00edtulo X del Libro I del C\u00f3digo Civil<\/strong><\/li>\n<\/ol>\n<p style=\"font-weight: 400;\"><strong>\u00a0 \u00a0 \u00a0 \u00a0 4.\u00a0 <\/strong><strong style=\"font-size: 16px;\">Las causas relativas al derecho de alimentos<\/strong><\/p>\n<p style=\"font-weight: 400;\"><strong>\u00a0<\/strong><\/p>\n<ol start=\"5\">\n<li style=\"font-weight: 400;\"><strong> Los disensos para contraer matrimonio<\/strong><\/li>\n<\/ol>\n<p style=\"font-weight: 400;\"><strong>\u00a0<\/strong><\/p>\n<ol start=\"6\">\n<li style=\"font-weight: 400;\"><strong> Las guardas, con excepci\u00f3n de aquellas relativas a pupilos mayores de edad, y aquellas de los que digan relaci\u00f3n con la curadur\u00eda de la herencia yacente y sin perjuicio de lo establecido en el inciso 2\u00b0 del art\u00edculo 494 del C\u00f3digo Civil<\/strong><\/li>\n<\/ol>\n<p style=\"font-weight: 400;\"><strong>\u00a0<\/strong><\/p>\n<ol start=\"7\">\n<li style=\"font-weight: 400;\"><strong> Todos los asuntos en que aparezcan ni\u00f1os, ni\u00f1as, o adolescentes gravemente vulnerados o amenazados en sus derechos, respecto de los cuales se requiera adoptar una medida de protecci\u00f3n conforme al art\u00edculo 30 de la Ley de Menores<\/strong><\/li>\n<\/ol>\n<p style=\"font-weight: 400;\"><strong>\u00a0<\/strong><\/p>\n<ol start=\"8\">\n<li style=\"font-weight: 400;\"><strong> Las acciones de filiaci\u00f3n y todas aquellas que digan relaci\u00f3n con la constituci\u00f3n o modificaci\u00f3n del estado civil de las personas<\/strong><\/li>\n<\/ol>\n<p style=\"font-weight: 400;\"><strong>\u00a0<\/strong><\/p>\n<ol start=\"9\">\n<li style=\"font-weight: 400;\"><strong> Todos los asuntos en que se impute la comisi\u00f3n de cualquier falta a adolescentes mayores de catorce y menores de diecis\u00e9is a\u00f1os de edad, y que se imputen a adolescentes mayores de diecis\u00e9is y menores de dieciocho a\u00f1os, que se no se encuentren contemplados en el inciso tercero del art\u00edculo N\u00b01 de la ley N\u00b020.084<\/strong><\/li>\n<\/ol>\n<p style=\"font-weight: 400;\"><strong>\u00a0<\/strong><\/p>\n<ol start=\"10\">\n<li style=\"font-weight: 400;\"><strong> La autorizaci\u00f3n para la salida de ni\u00f1os, ni\u00f1as o adolescentes del pa\u00eds, en los casos en que corresponda de acuerdo con la ley<\/strong><\/li>\n<\/ol>\n<p style=\"font-weight: 400;\"><strong>\u00a0<\/strong><\/p>\n<ol start=\"11\">\n<li style=\"font-weight: 400;\"><strong> Las causas relativas al maltrato de ni\u00f1os, ni\u00f1as o adolescentes de acuerdo a lo dispuesto en el inciso segundo del art\u00edculo 62 de la ley N\u00b016.618<\/strong><\/li>\n<\/ol>\n<p style=\"font-weight: 400;\"><strong>\u00a0<\/strong><\/p>\n<ol start=\"12\">\n<li style=\"font-weight: 400;\"><strong> Los procedimientos previos a la adopci\u00f3n, de que trata el T\u00edtulo II de la ley N\u00b0 19.620<\/strong><\/li>\n<\/ol>\n<p style=\"font-weight: 400;\"><strong>\u00a0<\/strong><\/p>\n<ol start=\"13\">\n<li style=\"font-weight: 400;\"><strong> El procedimiento de adopci\u00f3n a que se refiere el T\u00edtulo II de la ley N\u00b0 19.620<\/strong><\/li>\n<\/ol>\n<p style=\"font-weight: 400;\"><strong>\u00a0<\/strong><\/p>\n<ol start=\"14\">\n<li style=\"font-weight: 400;\"><strong> Los asuntos que se susciten entre c\u00f3nyuges, relativos al r\u00e9gimen patrimonial del matrimonio y los bienes familiares<\/strong><\/li>\n<\/ol>\n<p style=\"font-weight: 400;\"><strong>\u00a0<\/strong><\/p>\n<ol start=\"15\">\n<li style=\"font-weight: 400;\"><strong> Las acciones de separaci\u00f3n, nulidad y divorcio, regulados en la Ley de Matrimonio Civil<\/strong><\/li>\n<\/ol>\n<p style=\"font-weight: 400;\"><strong>\u00a0<\/strong><\/p>\n<ol start=\"16\">\n<li style=\"font-weight: 400;\"><strong> Los actos de violencia intrafamiliar<\/strong><\/li>\n<\/ol>\n<p style=\"font-weight: 400;\"><strong>\u00a0<\/strong><\/p>\n<ol start=\"17\">\n<li style=\"font-weight: 400;\"><strong> Toda otra materia que la ley les encomiende<\/strong><\/li>\n<\/ol>\n<p style=\"font-weight: 400;\"><strong>2DA PARTE<\/strong><\/p>\n<p style=\"font-weight: 400;\"><strong>PRINCIPIOS FORMATIVOS DE LOS JUZGADOS DE FAMILIA<\/strong><\/p>\n<p style=\"font-weight: 400;\"><strong>\u00a0<\/strong><\/p>\n<p style=\"font-weight: 400;\"><strong>T\u00cdTULO I<\/strong><\/p>\n<p style=\"font-weight: 400;\"><strong>GENERALIDADES<\/strong><\/p>\n<p style=\"font-weight: 400;\"><strong>\u00a0<\/strong><\/p>\n<p style=\"font-weight: 400;\"><strong>Principios que rigen los tribunales de familia<\/strong><\/p>\n<p style=\"font-weight: 400;\"><strong>1) Oralidad<\/strong><\/p>\n<p style=\"font-weight: 400;\"><strong>2) Concentraci\u00f3n<\/strong><\/p>\n<p style=\"font-weight: 400;\"><strong>3) Inmediaci\u00f3n<\/strong><\/p>\n<p style=\"font-weight: 400;\"><strong>4) Actuaci\u00f3n de oficio<\/strong><\/p>\n<p style=\"font-weight: 400;\"><strong>5) Colaboraci\u00f3n<\/strong><\/p>\n<p style=\"font-weight: 400;\"><strong>6) Publicidad<\/strong><\/p>\n<p style=\"font-weight: 400;\"><strong>7) Inter\u00e9s superior del ni\u00f1o, ni\u00f1a o adolescente y derecho a ser o\u00eddo<\/strong><\/p>\n<p style=\"font-weight: 400;\"><strong>Precisiones al efecto<\/strong><\/p>\n<p style=\"font-weight: 400;\"><strong>Concepto<\/strong><\/p>\n<p style=\"font-weight: 400;\"><strong>Caracter\u00edsticas<\/strong><\/p>\n<p style=\"font-weight: 400;\"><strong>Clasificaci\u00f3n<\/strong><\/p>\n<p style=\"font-weight: 400;\"><strong>I.- Derechos de los hijos para con los padres<\/strong><\/p>\n<p style=\"font-weight: 400;\"><strong>II.- Derechos y deberes de los padres para con sus hijos<\/strong><\/p>\n<p style=\"font-weight: 400;\"><strong>8) Preclusi\u00f3n<\/strong><\/p>\n<p style=\"font-weight: 400;\"><strong>9) La adquisici\u00f3n procesal<\/strong><\/p>\n<p style=\"font-weight: 400;\"><strong>10) La congruencia<\/strong><\/p>\n<p style=\"font-weight: 400;\"><strong>11) La fundabilidad<\/strong><\/p>\n<p style=\"font-weight: 400;\"><strong>\u00a0<\/strong><\/p>\n<p style=\"font-weight: 400;\"><strong>T\u00cdTULO II<\/strong><\/p>\n<p style=\"font-weight: 400;\"><strong>LA ACUMULACI\u00d3N NECESARIA<\/strong><\/p>\n<p style=\"font-weight: 400;\"><strong>\u00a0<\/strong><\/p>\n<p style=\"font-weight: 400;\"><strong>Concepto<\/strong><\/p>\n<p style=\"font-weight: 400;\"><strong>Requisitos<\/strong><\/p>\n<p style=\"font-weight: 400;\"><strong>Caracter\u00edsticas<\/strong><\/p>\n<p style=\"font-weight: 400;\"><strong>Tramitaci\u00f3n<\/strong><\/p>\n<p style=\"font-weight: 400;\"><strong>Reglas aplicables<\/strong><\/p>\n<p style=\"font-weight: 400;\"><strong>\u00a0<\/strong><\/p>\n<p style=\"font-weight: 400;\"><strong>T\u00cdTULO III<\/strong><\/p>\n<p style=\"font-weight: 400;\"><strong>COMPARECENCIA Y REPRESENTACI\u00d3N EN JUICIO<\/strong><\/p>\n<p style=\"font-weight: 400;\"><strong>\u00a0<\/strong><\/p>\n<p style=\"font-weight: 400;\"><strong>I.- Comparecencia<\/strong><\/p>\n<ol>\n<li style=\"font-weight: 400;\"><strong>a) Comparecencia<\/strong><\/li>\n<li style=\"font-weight: 400;\"><strong>b) Patrocinio de la corporaci\u00f3n de asistencia judicial<\/strong><\/li>\n<li style=\"font-weight: 400;\"><strong>c) Renuncia del abogado patrocinante<\/strong><\/li>\n<li style=\"font-weight: 400;\"><strong>d) Excepci\u00f3n<\/strong><\/li>\n<\/ol>\n<p style=\"font-weight: 400;\"><strong>\u00a0<\/strong><\/p>\n<p style=\"font-weight: 400;\"><strong>II.- Representaci\u00f3n de ni\u00f1os, ni\u00f1as, adolescentes o incapaces<\/strong><\/p>\n<ol>\n<li style=\"font-weight: 400;\"><strong>a) Representaci\u00f3n de ni\u00f1os, ni\u00f1as, adolescentes o incapaces<\/strong><\/li>\n<li style=\"font-weight: 400;\"><strong>b) Designaci\u00f3n del defensor<\/strong><\/li>\n<li style=\"font-weight: 400;\"><strong>c) Calidad de la designaci\u00f3n<\/strong><\/li>\n<\/ol>\n<p style=\"font-weight: 400;\"><strong>\u00a0<\/strong><\/p>\n<p style=\"font-weight: 400;\"><strong>T\u00cdTULO IV<\/strong><\/p>\n<p style=\"font-weight: 400;\"><strong>LA SUSPENSI\u00d3N DE LA AUDIENCIA<\/strong><\/p>\n<p style=\"font-weight: 400;\"><strong>\u00a0<\/strong><\/p>\n<p style=\"font-weight: 400;\"><strong>I.- Formalidades<\/strong><\/p>\n<p style=\"font-weight: 400;\"><strong>\u00a0<\/strong><\/p>\n<p style=\"font-weight: 400;\"><strong>II.- Procedencia<\/strong><\/p>\n<p style=\"font-weight: 400;\"><strong>1.- Reprogramaci\u00f3n de la audiencia<\/strong><\/p>\n<p style=\"font-weight: 400;\"><strong>2.- Suspensi\u00f3n de la audiencia<\/strong><\/p>\n<p style=\"font-weight: 400;\"><strong>\u00a0<\/strong><\/p>\n<p style=\"font-weight: 400;\"><strong>T\u00cdTULO V<\/strong><\/p>\n<p style=\"font-weight: 400;\"><strong>ABANDONO DEL PROCEDIMIENTO<\/strong><\/p>\n<p style=\"font-weight: 400;\"><strong>\u00a0<\/strong><\/p>\n<p style=\"font-weight: 400;\"><strong>Concepto<\/strong><\/p>\n<p style=\"font-weight: 400;\"><strong>Requisitos<\/strong><\/p>\n<p style=\"font-weight: 400;\"><strong>Caracter\u00edsticas<\/strong><\/p>\n<p style=\"font-weight: 400;\"><strong>Tramitaci\u00f3n<\/strong><\/p>\n<p style=\"font-weight: 400;\"><strong>\u00a0<\/strong><\/p>\n<p style=\"font-weight: 400;\"><strong>T\u00cdTULO VI<\/strong><\/p>\n<p style=\"font-weight: 400;\"><strong>MEDIDAS CAUTELARES<\/strong><\/p>\n<p style=\"font-weight: 400;\"><strong>\u00a0<\/strong><\/p>\n<p style=\"font-weight: 400;\"><strong>Concepto<\/strong><\/p>\n<p style=\"font-weight: 400;\"><strong>Requisitos<\/strong><\/p>\n<p style=\"font-weight: 400;\"><strong>Caracter\u00edsticas<\/strong><\/p>\n<p style=\"font-weight: 400;\"><strong>Tramitaci\u00f3n<\/strong><\/p>\n<p style=\"font-weight: 400;\"><strong>i.- Oportunidad para solicitarlas<\/strong><\/p>\n<p style=\"font-weight: 400;\"><strong>ii.- Otorgamiento de las medidas cautelares<\/strong><\/p>\n<p style=\"font-weight: 400;\"><strong>iii.- Requisitos de procedencia<\/strong><\/p>\n<p style=\"font-weight: 400;\"><strong>iv.- Pueden llevarse a cabo antes de notificarse la demanda<\/strong><\/p>\n<p style=\"font-weight: 400;\"><strong>v.- Limitaci\u00f3n<\/strong><\/p>\n<p style=\"font-weight: 400;\"><strong>\u00a0<\/strong><\/p>\n<p style=\"font-weight: 400;\"><strong>T\u00cdTULO VII<\/strong><\/p>\n<p style=\"font-weight: 400;\"><strong>NOTIFICACIONES<\/strong><\/p>\n<p style=\"font-weight: 400;\"><strong>\u00a0<\/strong><\/p>\n<p style=\"font-weight: 400;\"><strong>Concepto<\/strong><\/p>\n<p style=\"font-weight: 400;\"><strong>Requisitos<\/strong><\/p>\n<p style=\"font-weight: 400;\"><strong>Notificaciones<\/strong><\/p>\n<p style=\"font-weight: 400;\"><strong>1.- Primera notificaci\u00f3n<\/strong><\/p>\n<p style=\"font-weight: 400;\"><strong>2.- Notificaci\u00f3n por el art.44 C.P.C<\/strong><\/p>\n<p style=\"font-weight: 400;\"><strong>3.- Notificaci\u00f3n por otro medio id\u00f3neo<\/strong><\/p>\n<p style=\"font-weight: 400;\"><strong>4.- Notificaciones por el estado diario electr\u00f3nico<\/strong><\/p>\n<p style=\"font-weight: 400;\"><strong>5.- Forma de notificaci\u00f3n al abogado patrocinante<\/strong><\/p>\n<p style=\"font-weight: 400;\"><strong>6.- Notificaci\u00f3n por carta certificada<\/strong><\/p>\n<p style=\"font-weight: 400;\"><strong>Efecto<\/strong><\/p>\n<p style=\"font-weight: 400;\"><strong>\u00a0<\/strong><\/p>\n<p style=\"font-weight: 400;\"><strong>T\u00cdTULO VIII<\/strong><\/p>\n<p style=\"font-weight: 400;\"><strong>EXTENSI\u00d3N DE LA COMPETENCIA TERRITORIAL<\/strong><\/p>\n<p style=\"font-weight: 400;\"><strong>\u00a0<\/strong><\/p>\n<p style=\"font-weight: 400;\"><strong>Generalidades<\/strong><\/p>\n<p style=\"font-weight: 400;\"><strong>Precisiones<\/strong><\/p>\n<p style=\"font-weight: 400;\"><strong>Jurisprudencia en la materia<\/strong><\/p>\n<p style=\"font-weight: 400;\"><strong>\u00a0<\/strong><\/p>\n<p style=\"font-weight: 400;\"><strong>T\u00cdTULO IX<\/strong><\/p>\n<p style=\"font-weight: 400;\"><strong>NULIDAD PROCESAL<\/strong><\/p>\n<p style=\"font-weight: 400;\"><strong>\u00a0<\/strong><\/p>\n<p style=\"font-weight: 400;\"><strong>Concepto<\/strong><\/p>\n<p style=\"font-weight: 400;\"><strong>Caracter\u00edsticas<\/strong><\/p>\n<p style=\"font-weight: 400;\"><strong>Clasificaci\u00f3n<\/strong><\/p>\n<p style=\"font-weight: 400;\"><strong>1.- Nulidad procesal de oficio o a petici\u00f3n de parte<\/strong><\/p>\n<p style=\"font-weight: 400;\"><strong>2.- Nulidad procesal expresa y t\u00e1cita<\/strong><\/p>\n<p style=\"font-weight: 400;\"><strong>3.- Nulidad procesal total o parcial<\/strong><\/p>\n<p style=\"font-weight: 400;\"><strong>Principios que rigen la nulidad procesal<\/strong><\/p>\n<p style=\"font-weight: 400;\"><strong>1.- Efecto extensivo de la nulidad procesal o de la extensi\u00f3n<\/strong><\/p>\n<p style=\"font-weight: 400;\"><strong>2.- Especificidad y generalidad de la nulidad procesal<\/strong><\/p>\n<p style=\"font-weight: 400;\"><strong>3.- Principio de trascendencia<\/strong><\/p>\n<p style=\"font-weight: 400;\"><strong>4.- Principio de la convalidaci\u00f3n<\/strong><\/p>\n<p style=\"font-weight: 400;\"><strong>5.- Principio de protecci\u00f3n<\/strong><\/p>\n<p style=\"font-weight: 400;\"><strong>Causales de procedencia<\/strong><\/p>\n<p style=\"font-weight: 400;\"><strong>I.- Por falta de concurrencia del juez a las audiencias y diligencias de prueba<\/strong><\/p>\n<p style=\"font-weight: 400;\"><strong>II.- Por declaraci\u00f3n de oficio<\/strong><\/p>\n<p style=\"font-weight: 400;\"><strong>III.- Causales del c\u00f3digo de procedimiento civil<\/strong><\/p>\n<p style=\"font-weight: 400;\"><strong>Requisitos para interponer la nulidad procesal<\/strong><\/p>\n<p style=\"font-weight: 400;\"><strong>Limitaciones para impetrar la nulidad procesal<\/strong><\/p>\n<p style=\"font-weight: 400;\"><strong>1.- No pueden solicitar la nulidad procesal<\/strong><\/p>\n<p style=\"font-weight: 400;\"><strong>2.- Oportunidad para solicitar la nulidad procesal<\/strong><\/p>\n<p style=\"font-weight: 400;\"><strong>3.- Validaci\u00f3n de la nulidad procesal<\/strong><\/p>\n<p style=\"font-weight: 400;\"><strong>4.- El juez no puede declarar de oficio las nulidades convalidadas<\/strong><\/p>\n<p style=\"font-weight: 400;\"><strong>\u00a0<\/strong><\/p>\n<p style=\"font-weight: 400;\"><strong>T\u00cdTULO X<\/strong><\/p>\n<p style=\"font-weight: 400;\"><strong>LOS INCIDENTES<\/strong><\/p>\n<p style=\"font-weight: 400;\"><strong>\u00a0<\/strong><\/p>\n<p style=\"font-weight: 400;\"><strong>Concepto<\/strong><\/p>\n<p style=\"font-weight: 400;\"><strong>Caracter\u00edsticas<\/strong><\/p>\n<p style=\"font-weight: 400;\"><strong>Tramitaci\u00f3n<\/strong><\/p>\n<p style=\"font-weight: 400;\"><strong>I.- Incidentes promovidos en audiencia<\/strong><\/p>\n<p style=\"font-weight: 400;\"><strong>II.- Incidentes promovidos fuera de audiencia<\/strong><\/p>\n<p style=\"font-weight: 400;\"><strong>\u00a0<\/strong><\/p>\n<p style=\"font-weight: 400;\"><strong>T\u00cdTULO XI<\/strong><\/p>\n<p style=\"font-weight: 400;\"><strong>FACULTADES DEL JUEZ EN AUDIENCIA Y SANCIONES<\/strong><\/p>\n<p style=\"font-weight: 400;\"><strong>\u00a0<\/strong><\/p>\n<p style=\"font-weight: 400;\"><strong>I.- Facultades de direcci\u00f3n<\/strong><\/p>\n<p style=\"font-weight: 400;\"><strong>II.- Facultades de disciplina<\/strong><\/p>\n","protected":false},"excerpt":{"rendered":"<p>Esta es obra obra destinada a los abogados en el desempe\u00f1o de su actividad jurisdiccional en los estrados, de manera did\u00e1ctica y precisa.\u00a0El texto contiene los procedimiento de adopci\u00f3n, ordinario de alimentos, divorcio de com\u00fan acuerdo, cumplimiento, procedimiento especial para el cobro de deudas de pensiones alimenticias, procedimiento ejecutivo de cobro de pensiones y procedimiento de alimentos en el extranjero.\u00a0Contiene las reformas introducidas por la Ley N\u00b021.264, 21.400, 21.430 y 21.434. \u00a01RA PARTE COMPETENCIA DE LOS JUZGADOS DE FAMILIA\u00a0 Las causas relativas al derecho de cuidado personal de los ni\u00f1os, ni\u00f1as o adolescentes Las causas relativas al derecho y el deber del padre o de la madre que no tenga el cuidado personal del hijo, a mantener con \u00e9ste una relaci\u00f3n directa y regular Las causas relativas al ejercicio, suspensi\u00f3n o p\u00e9rdida de la patria potestad; a la emancipaci\u00f3n y a las autorizaciones que se refieren los p\u00e1rrafos 2\u00b0 y 3\u00b0 del t\u00edtulo X del Libro I del C\u00f3digo Civil \u00a0 \u00a0 \u00a0 \u00a0 4.\u00a0 Las causas relativas al derecho de alimentos \u00a0 Los disensos para contraer matrimonio \u00a0 Las guardas, con excepci\u00f3n de aquellas relativas a pupilos mayores de edad, y aquellas de los que digan relaci\u00f3n con la curadur\u00eda de la herencia yacente y sin perjuicio de lo establecido en el inciso 2\u00b0 del art\u00edculo 494 del C\u00f3digo Civil \u00a0 Todos los asuntos en que aparezcan ni\u00f1os, ni\u00f1as, o adolescentes gravemente vulnerados o amenazados en sus derechos, respecto de los cuales se requiera adoptar una medida de protecci\u00f3n conforme al art\u00edculo 30 de la Ley de Menores \u00a0 Las acciones de filiaci\u00f3n y todas aquellas que digan relaci\u00f3n con la constituci\u00f3n o modificaci\u00f3n del estado civil de las personas \u00a0 Todos los asuntos en que se impute la comisi\u00f3n de cualquier falta a adolescentes mayores de catorce y menores de diecis\u00e9is a\u00f1os de edad, y que se imputen a adolescentes mayores de diecis\u00e9is y menores de dieciocho a\u00f1os, que se no se encuentren contemplados en el inciso tercero del art\u00edculo N\u00b01 de la ley N\u00b020.084 \u00a0 La autorizaci\u00f3n para la salida de ni\u00f1os, ni\u00f1as o adolescentes del pa\u00eds, en los casos en que corresponda de acuerdo con la ley \u00a0 Las causas relativas al maltrato de ni\u00f1os, ni\u00f1as o adolescentes de acuerdo a lo dispuesto en el inciso segundo del art\u00edculo 62 de la ley N\u00b016.618 \u00a0 Los procedimientos previos a la adopci\u00f3n, de que trata el T\u00edtulo II de la ley N\u00b0 19.620 \u00a0 El procedimiento de adopci\u00f3n a que se refiere el T\u00edtulo II de la ley N\u00b0 19.620 \u00a0 Los asuntos que se susciten entre c\u00f3nyuges, relativos al r\u00e9gimen patrimonial del matrimonio y los bienes familiares \u00a0 Las acciones de separaci\u00f3n, nulidad y divorcio, regulados en la Ley de Matrimonio Civil \u00a0 Los actos de violencia intrafamiliar \u00a0 Toda otra materia que la ley les encomiende 2DA PARTE PRINCIPIOS FORMATIVOS DE LOS JUZGADOS DE FAMILIA \u00a0 T\u00cdTULO I GENERALIDADES \u00a0 Principios que rigen los tribunales de familia 1) Oralidad 2) Concentraci\u00f3n 3) Inmediaci\u00f3n 4) Actuaci\u00f3n de oficio 5) Colaboraci\u00f3n 6) Publicidad 7) Inter\u00e9s superior del ni\u00f1o, ni\u00f1a o adolescente y derecho a ser o\u00eddo Precisiones al efecto Concepto Caracter\u00edsticas Clasificaci\u00f3n I.- Derechos de los hijos para con los padres II.- Derechos y deberes de los padres para con sus hijos 8) Preclusi\u00f3n 9) La adquisici\u00f3n procesal 10) La congruencia 11) La fundabilidad \u00a0 T\u00cdTULO II LA ACUMULACI\u00d3N NECESARIA \u00a0 Concepto Requisitos Caracter\u00edsticas Tramitaci\u00f3n Reglas aplicables \u00a0 T\u00cdTULO III COMPARECENCIA Y REPRESENTACI\u00d3N EN JUICIO \u00a0 I.- Comparecencia a) Comparecencia b) Patrocinio de la corporaci\u00f3n de asistencia judicial c) Renuncia del abogado patrocinante d) Excepci\u00f3n \u00a0 II.- Representaci\u00f3n de ni\u00f1os, ni\u00f1as, adolescentes o incapaces a) Representaci\u00f3n de ni\u00f1os, ni\u00f1as, adolescentes o incapaces b) Designaci\u00f3n del defensor c) Calidad de la designaci\u00f3n \u00a0 T\u00cdTULO IV LA SUSPENSI\u00d3N DE LA AUDIENCIA \u00a0 I.- Formalidades \u00a0 II.- Procedencia 1.- Reprogramaci\u00f3n de la audiencia 2.- Suspensi\u00f3n de la audiencia \u00a0 T\u00cdTULO V ABANDONO DEL PROCEDIMIENTO \u00a0 Concepto Requisitos Caracter\u00edsticas Tramitaci\u00f3n \u00a0 T\u00cdTULO VI MEDIDAS CAUTELARES \u00a0 Concepto Requisitos Caracter\u00edsticas Tramitaci\u00f3n i.- Oportunidad para solicitarlas ii.- Otorgamiento de las medidas cautelares iii.- Requisitos de procedencia iv.- Pueden llevarse a cabo antes de notificarse la demanda v.- Limitaci\u00f3n \u00a0 T\u00cdTULO VII NOTIFICACIONES \u00a0 Concepto Requisitos Notificaciones 1.- Primera notificaci\u00f3n 2.- Notificaci\u00f3n por el art.44 C.P.C 3.- Notificaci\u00f3n por otro medio id\u00f3neo 4.- Notificaciones por el estado diario electr\u00f3nico 5.- Forma de notificaci\u00f3n al abogado patrocinante 6.- Notificaci\u00f3n por carta certificada Efecto \u00a0 T\u00cdTULO VIII EXTENSI\u00d3N DE LA COMPETENCIA TERRITORIAL \u00a0 Generalidades Precisiones Jurisprudencia en la materia \u00a0 T\u00cdTULO IX NULIDAD PROCESAL \u00a0 Concepto Caracter\u00edsticas Clasificaci\u00f3n 1.- Nulidad procesal de oficio o a petici\u00f3n de parte 2.- Nulidad procesal expresa y t\u00e1cita 3.- Nulidad procesal total o parcial Principios que rigen la nulidad procesal 1.- Efecto extensivo de la nulidad procesal o de la extensi\u00f3n 2.- Especificidad y generalidad de la nulidad procesal 3.- Principio de trascendencia 4.- Principio de la convalidaci\u00f3n 5.- Principio de protecci\u00f3n Causales de procedencia I.- Por falta de concurrencia del juez a las audiencias y diligencias de prueba II.- Por declaraci\u00f3n de oficio III.- Causales del c\u00f3digo de procedimiento civil Requisitos para interponer la nulidad procesal Limitaciones para impetrar la nulidad procesal 1.- No pueden solicitar la nulidad procesal 2.- Oportunidad para solicitar la nulidad procesal 3.- Validaci\u00f3n de la nulidad procesal 4.- El juez no puede declarar de oficio las nulidades convalidadas \u00a0 T\u00cdTULO X LOS INCIDENTES \u00a0 Concepto Caracter\u00edsticas Tramitaci\u00f3n I.- Incidentes promovidos en audiencia II.- Incidentes promovidos fuera de audiencia \u00a0 T\u00cdTULO XI FACULTADES DEL JUEZ EN AUDIENCIA Y SANCIONES \u00a0 I.- Facultades de direcci\u00f3n II.- Facultades de disciplina<\/p>\n","protected":false},"featured_media":4490,"comment_status":"open","ping_status":"closed","template":"","meta":{"inline_featured_image":false,"_joinchat":[]},"product_brand":[],"product_cat":[59,29],"product_tag":[],"class_list":{"0":"post-4436","1":"product","2":"type-product","3":"status-publish","4":"has-post-thumbnail","6":"product_cat-editorial-tofulex-ediciones-juridicas","7":"product_cat-familia-y-del-menor","8":"product_shipping_class-a-convenir","10":"first","11":"instock","12":"shipping-taxable","13":"purchasable","14":"product-type-simple"},"_links":{"self":[{"href":"https:\/\/bibliotecajuridicavirtual.cl\/index.php\/wp-json\/wp\/v2\/product\/4436","targetHints":{"allow":["GET"]}}],"collection":[{"href":"https:\/\/bibliotecajuridicavirtual.cl\/index.php\/wp-json\/wp\/v2\/product"}],"about":[{"href":"https:\/\/bibliotecajuridicavirtual.cl\/index.php\/wp-json\/wp\/v2\/types\/product"}],"replies":[{"embeddable":true,"href":"https:\/\/bibliotecajuridicavirtual.cl\/index.php\/wp-json\/wp\/v2\/comments?post=4436"}],"wp:featuredmedia":[{"embeddable":true,"href":"https:\/\/bibliotecajuridicavirtual.cl\/index.php\/wp-json\/wp\/v2\/media\/4490"}],"wp:attachment":[{"href":"https:\/\/bibliotecajuridicavirtual.cl\/index.php\/wp-json\/wp\/v2\/media?parent=4436"}],"wp:term":[{"taxonomy":"product_brand","embeddable":true,"href":"https:\/\/bibliotecajuridicavirtual.cl\/index.php\/wp-json\/wp\/v2\/product_brand?post=4436"},{"taxonomy":"product_cat","embeddable":true,"href":"https:\/\/bibliotecajuridicavirtual.cl\/index.php\/wp-json\/wp\/v2\/product_cat?post=4436"},{"taxonomy":"product_tag","embeddable":true,"href":"https:\/\/bibliotecajuridicavirtual.cl\/index.php\/wp-json\/wp\/v2\/product_tag?post=4436"}],"curies":[{"name":"wp","href":"https:\/\/api.w.org\/{rel}","templated":true}]}}