{"id":4473,"date":"2026-02-28T01:25:55","date_gmt":"2026-02-28T04:25:55","guid":{"rendered":"https:\/\/bibliotecajuridicavirtual.cl\/?post_type=product&#038;p=4473"},"modified":"2026-02-28T01:26:14","modified_gmt":"2026-02-28T04:26:14","slug":"autorizacion-del-menor-para-salir-del-pais-y-sustraccion-internacional-ano-2019-100-pag-autor-leonor-etcheberry-court","status":"publish","type":"product","link":"https:\/\/bibliotecajuridicavirtual.cl\/index.php\/product\/autorizacion-del-menor-para-salir-del-pais-y-sustraccion-internacional-ano-2019-100-pag-autor-leonor-etcheberry-court\/","title":{"rendered":"Autorizacion del Menor para salir del pa\u00eds y Sustracci\u00f3n Internacional. A\u00f1o 2019\/100 Pag. Autor Leonor Etcheberry Court"},"content":{"rendered":"<p>En este Cuaderno Jur\u00eddico abordaremos dos temas de gran importancia para la seguridad y estabilidad de los ni\u00f1os, ni\u00f1as y adolescentes (en adelante NNA), como son la autorizaci\u00f3n de la salida de los menores del pa\u00eds y los aspectos civiles del secuestro internacional. Ante un mundo globalizado como el nuestro, cada vez es m\u00e1s frecuente que los matrimonios o los convivientes o parejas de hecho sean de diferentes nacionalidades, con lo cual el lugar donde las personas fijen su residencia pasa a ser una cuesti\u00f3n relevante, de manera que es necesario determinar qu\u00e9 suceder\u00e1 con los hijos si la pareja deja de convivir o si el matrimonio termina. Estos son los diferentes problemas que llegan a los tribunales hoy d\u00eda y que los jueces deben resolver con una deficiente legislaci\u00f3n, que no es en nada adecuada a los tiempos actuales. Es dif\u00edcil pensar que, a la \u00e9poca de entrada en vigencia del C\u00f3digo Civil, Andr\u00e9s Bello pudiera siquiera imaginar el auge de este tipo de problemas, cada vez m\u00e1s frecuente por el f\u00e1cil traslado de un lugar a otro, motivo por el cual no es extra\u00f1o que ni siquiera haya sido tratado en nuestra legislaci\u00f3n. En ambos temas la doctrina es escasa, por lo cual el presente trabajo versar\u00e1 principalmente en el an\u00e1lisis de sentencias de nuestros tribunales, donde se han ido fijando las interpretaciones que imperan en la pr\u00e1ctica, teniendo en ambos temas como tel\u00f3n de fondo proteger el inter\u00e9s superior de los NNA.<\/p>\n<p>1. Introducci\u00f3n<br \/>\n2. Autorizaci\u00f3n del menor para salir del pa\u00eds<br \/>\n2.1. Conclusiones<br \/>\n3. Sustracci\u00f3n internacional de\u00a0menores<br \/>\n4. Excepciones para El retorno de\u00a0un menor<br \/>\n5. El derecho de Visitas<br \/>\n6. Aspectos procesales de tramitaci\u00f3n de la solicitud<br \/>\n7. Auto acordado corte suprema de 16\u00a0de enero de\u00a02016<br \/>\n8. Conclusiones<\/p>\n","protected":false},"excerpt":{"rendered":"<p>En este Cuaderno Jur\u00eddico abordaremos dos temas de gran importancia para la seguridad y estabilidad de los ni\u00f1os, ni\u00f1as y adolescentes (en adelante NNA), como son la autorizaci\u00f3n de la salida de los menores del pa\u00eds y los aspectos civiles del secuestro internacional. Ante un mundo globalizado como el nuestro, cada vez es m\u00e1s frecuente que los matrimonios o los convivientes o parejas de hecho sean de diferentes nacionalidades, con lo cual el lugar donde las personas fijen su residencia pasa a ser una cuesti\u00f3n relevante, de manera que es necesario determinar qu\u00e9 suceder\u00e1 con los hijos si la pareja deja de convivir o si el matrimonio termina. Estos son los diferentes problemas que llegan a los tribunales hoy d\u00eda y que los jueces deben resolver con una deficiente legislaci\u00f3n, que no es en nada adecuada a los tiempos actuales. Es dif\u00edcil pensar que, a la \u00e9poca de entrada en vigencia del C\u00f3digo Civil, Andr\u00e9s Bello pudiera siquiera imaginar el auge de este tipo de problemas, cada vez m\u00e1s frecuente por el f\u00e1cil traslado de un lugar a otro, motivo por el cual no es extra\u00f1o que ni siquiera haya sido tratado en nuestra legislaci\u00f3n. En ambos temas la doctrina es escasa, por lo cual el presente trabajo versar\u00e1 principalmente en el an\u00e1lisis de sentencias de nuestros tribunales, donde se han ido fijando las interpretaciones que imperan en la pr\u00e1ctica, teniendo en ambos temas como tel\u00f3n de fondo proteger el inter\u00e9s superior de los NNA. 1. Introducci\u00f3n 2. Autorizaci\u00f3n del menor para salir del pa\u00eds 2.1. Conclusiones 3. Sustracci\u00f3n internacional de\u00a0menores 4. Excepciones para El retorno de\u00a0un menor 5. El derecho de Visitas 6. Aspectos procesales de tramitaci\u00f3n de la solicitud 7. Auto acordado corte suprema de 16\u00a0de enero de\u00a02016 8. Conclusiones<\/p>\n","protected":false},"featured_media":4503,"comment_status":"open","ping_status":"closed","template":"","meta":{"inline_featured_image":false,"_joinchat":[]},"product_brand":[],"product_cat":[38,29],"product_tag":[],"class_list":{"0":"post-4473","1":"product","2":"type-product","3":"status-publish","4":"has-post-thumbnail","6":"product_cat-editorial-der-ediciones","7":"product_cat-familia-y-del-menor","8":"product_shipping_class-a-convenir","10":"first","11":"instock","12":"shipping-taxable","13":"purchasable","14":"product-type-simple"},"_links":{"self":[{"href":"https:\/\/bibliotecajuridicavirtual.cl\/index.php\/wp-json\/wp\/v2\/product\/4473","targetHints":{"allow":["GET"]}}],"collection":[{"href":"https:\/\/bibliotecajuridicavirtual.cl\/index.php\/wp-json\/wp\/v2\/product"}],"about":[{"href":"https:\/\/bibliotecajuridicavirtual.cl\/index.php\/wp-json\/wp\/v2\/types\/product"}],"replies":[{"embeddable":true,"href":"https:\/\/bibliotecajuridicavirtual.cl\/index.php\/wp-json\/wp\/v2\/comments?post=4473"}],"wp:featuredmedia":[{"embeddable":true,"href":"https:\/\/bibliotecajuridicavirtual.cl\/index.php\/wp-json\/wp\/v2\/media\/4503"}],"wp:attachment":[{"href":"https:\/\/bibliotecajuridicavirtual.cl\/index.php\/wp-json\/wp\/v2\/media?parent=4473"}],"wp:term":[{"taxonomy":"product_brand","embeddable":true,"href":"https:\/\/bibliotecajuridicavirtual.cl\/index.php\/wp-json\/wp\/v2\/product_brand?post=4473"},{"taxonomy":"product_cat","embeddable":true,"href":"https:\/\/bibliotecajuridicavirtual.cl\/index.php\/wp-json\/wp\/v2\/product_cat?post=4473"},{"taxonomy":"product_tag","embeddable":true,"href":"https:\/\/bibliotecajuridicavirtual.cl\/index.php\/wp-json\/wp\/v2\/product_tag?post=4473"}],"curies":[{"name":"wp","href":"https:\/\/api.w.org\/{rel}","templated":true}]}}