{"id":4474,"date":"2026-02-28T01:25:55","date_gmt":"2026-02-28T04:25:55","guid":{"rendered":"https:\/\/bibliotecajuridicavirtual.cl\/?post_type=product&#038;p=4474"},"modified":"2026-02-28T01:26:15","modified_gmt":"2026-02-28T04:26:15","slug":"convencion-de-derechos-de-ninos-ninas-y-adolescentes-en-el-contexto-judicial-ano-2021-154-pag-autor-francesco-carretta-munoz-rodrigo-barcia-lehmann","status":"publish","type":"product","link":"https:\/\/bibliotecajuridicavirtual.cl\/index.php\/product\/convencion-de-derechos-de-ninos-ninas-y-adolescentes-en-el-contexto-judicial-ano-2021-154-pag-autor-francesco-carretta-munoz-rodrigo-barcia-lehmann\/","title":{"rendered":"Convencion de Derechos de Ni\u00f1os, Ni\u00f1as y Adolescentes en el contexto judicial. A\u00f1o 2021\/154 p\u00e1g. Autor  Francesco Carretta Mu\u00f1oz &#8211; Rodrigo Barcia Lehmann"},"content":{"rendered":"<p style=\"font-weight: 400;\">La presente obra se centra en la Convenci\u00f3n sobre los Derechos del Ni\u00f1o (CDN), su origen, las discusiones que gener\u00f3 la aprobaci\u00f3n del proyecto y las dos aristas fundamentales de este instrumento internacional. Para ello se analiza su g\u00e9nesis e influencia en el ordenamiento jur\u00eddico chileno; su estructura y composici\u00f3n org\u00e1nica de convenci\u00f3n.<\/p>\n<p style=\"font-weight: 400;\">En cuanto a los aspectos sustantivos, se recurre a los principios contenidos en ella y, naturalmente, a su principio matriz: el inter\u00e9s superior del ni\u00f1o. Se abordan sus or\u00edgenes y fundamentos; jerarqu\u00eda y consagraci\u00f3n normativa, y su consagraci\u00f3n internacional y nacional.\u00a0Se analiza el ejercicio de los derechos de los NNA ante la autoridad (derecho a defensa, derecho del ni\u00f1o a expresar su propia opini\u00f3n; el principio de no discriminaci\u00f3n en torno a sus fundamentos, consagraci\u00f3n y aplicaci\u00f3n; el derecho del ni\u00f1o a ser o\u00eddo, su consagraci\u00f3n normativa en el derecho chileno; condiciones para ejercer el derecho; conexi\u00f3n con la autonom\u00eda progresiva, y las formas de producci\u00f3n de la declaraci\u00f3n y su valoraci\u00f3n. Asimismo, se revisa el derecho a la vida del NNA y sus principales manifestaciones, y se estudian los derechos particulares contenidos en la CDN (derecho a la supervivencia y el desarrollo).Se efect\u00faa un completo an\u00e1lisis del derecho a la protecci\u00f3n de los NNA (explotaci\u00f3n sexual comercial infantil (ESCI), la situaci\u00f3n de NNA migrantes, los ni\u00f1os y adolescentes frente a la persecuci\u00f3n de la responsabilidad penal por el Estado, el secuestro internacional de menores, etc.). Finalmente, se trata el derecho a la participaci\u00f3n (libertad de pensamiento, conciencia y religi\u00f3n del NNA y la libertad de expresi\u00f3n, asociaci\u00f3n, reuni\u00f3n pac\u00edfica y vida privada).<\/p>\n<ol>\n<li style=\"font-weight: 400;\">Introducci\u00f3n<\/li>\n<li style=\"font-weight: 400;\">G\u00e9nesis de Convenci\u00f3n e influencia en el ordenamiento jur\u00eddico<\/li>\n<li style=\"font-weight: 400;\">Estructura y composici\u00f3n org\u00e1nica de Convenci\u00f3n<\/li>\n<li style=\"font-weight: 400;\">\u00d3rganos que inciden en la aplicaci\u00f3n de la convenci\u00f3n<br \/>\n4.1. Naciones Unidas<br \/>\n4.2. Fondo de las Naciones Unidas para la Infancia<br \/>\n4.3. El Comit\u00e9 de los Derechos del Ni\u00f1o (CRC)<br \/>\nA) Informe del Comit\u00e9 al Estado chileno de fecha 1 de junio de 2018<br \/>\nB) Respuesta del Poder Judicial a las recomendaciones del Comit\u00e9<br \/>\nC) Respuesta del Estado de Chile al Informe<br \/>\nD) Pregunta orientadora<\/li>\n<li style=\"font-weight: 400;\">Documentos complementarios<\/li>\n<li style=\"font-weight: 400;\">El an\u00e1lisis y comprensi\u00f3n de los principios contenidos en la Convenci\u00f3n<\/li>\n<li style=\"font-weight: 400;\">El inter\u00e9s superior del ni\u00f1o<br \/>\n7.1. Or\u00edgenes y fundamentos<br \/>\n7.2. Jerarqu\u00eda y consagraci\u00f3n normativa<br \/>\n7.3. Consagraci\u00f3n internacional<br \/>\nA) Consagraci\u00f3n nacional<br \/>\n7.4. Problem\u00e1tica del concepto<br \/>\n7.5. Delimitaci\u00f3n del concepto<br \/>\nA) Los derechos fundamentales de la infancia y adolescencia como concepto clave en la aplicaci\u00f3n de los principios de la infancia y sobre todo el inter\u00e9s superior<br \/>\nB) La Observaci\u00f3n General N\u00ba 14<br \/>\nC) El inter\u00e9s superior del ni\u00f1o como un derecho<br \/>\nD) El inter\u00e9s superior del ni\u00f1o como un principio<br \/>\nE) El inter\u00e9s superior del ni\u00f1o como una norma de procedimiento<br \/>\na. El derecho a la defensa como parte esencial del inter\u00e9s superior del ni\u00f1o como norma de procedimiento<br \/>\n7.6. El inter\u00e9s superior del ni\u00f1o en las decisiones judiciales<br \/>\nA) Jurisprudencia nacional<br \/>\nB) Jurisprudencia comparada<br \/>\na. Sentencia caso \u201cForner\u00f3n e Hija vs. Argentina\u201d, de 1 de octubre de 2011 (CIDH)<br \/>\nb. Sentencia caso \u201cKhusnutdinov and X v. Russia\u201d, de 18 de diciembre de 2018 (ECHR)<br \/>\nc. Sentencia caso \u201cS. L. and J. L. v. Croacia\u201d, de 7 de mayo de 2015 (ECHR)<\/li>\n<li style=\"font-weight: 400;\">El principio de no discriminaci\u00f3n<br \/>\n8.1. Fundamentos<br \/>\n8.2. Consagraci\u00f3n del principio en el derecho<br \/>\n8.3. Jurisprudencia<br \/>\nA) Sentencia reca\u00edda en el caso \u201cY. y B. vs. Rep\u00fablica Dominicana\u201d<br \/>\nB) Sentencia \u201cNi\u00f1os de la Calle\u201d (Villagr\u00e1n Morales y otros vs. Guatemala)<br \/>\nC) An\u00e1lisis general de las sentencias<\/li>\n<li style=\"font-weight: 400;\">El derecho del ni\u00f1o a ser o\u00eddo<br \/>\n9.1. Consagraci\u00f3n normativa en el derecho chileno<br \/>\n9.2. Condiciones para ejercer el derecho<br \/>\n9.3. Conexi\u00f3n entre el derecho del ni\u00f1o a ser escuchado y la autonom\u00eda progresiva<br \/>\n9.4. La diligencia de la audiencia reservada: \u00bfse trata o no de un tr\u00e1mite esencial en el procedimiento?<br \/>\n9.5. Las formas de producci\u00f3n de la declaraci\u00f3n<br \/>\n9.6. La valoraci\u00f3n del DNO<br \/>\n9.7. El DNO y la ley que regula las entrevistas grabadas en video y otras medidas de resguardo a menores de edad v\u00edctimas de delitos sexuales<\/li>\n<li style=\"font-weight: 400;\">El derecho del NNA a la vida<br \/>\n10.1. El ejercicio progresivo de los derechos de la infancia<\/li>\n<li style=\"font-weight: 400;\">Estudio de los derechos particulares contenidos en la CDN<br \/>\n11.1. Derecho a la supervivencia y el desarrollo<br \/>\nA) El derecho del ni\u00f1o a ser criado y educado por sus padres: la responsabilidad parental y el deber subsidiario del Estado<br \/>\nA) Explotaci\u00f3n sexual comercial infantil (ESCI)<br \/>\nB) Situaci\u00f3n de los NNA migrantes<br \/>\na. Regulaci\u00f3n de los NNA migrantes<br \/>\nb. Los derechos del NNA migrante<br \/>\ni. Sentencia de la Segunda Sala (Penal) de la Excma. Corte Suprema, Rol N\u00ba 38337 de 12 de julio de 2016<br \/>\nC) Ni\u00f1os y adolescentes frente a la persecuci\u00f3n de la responsabilidad\u00a0penal por el Estado<br \/>\nD) Secuestro internacional de menores<br \/>\nE) Ley N\u00ba 21.067 que crea la Defensor\u00eda de los Derechos la Ni\u00f1ez<br \/>\na. Protecci\u00f3n del NNA respecto de sus propios padres<br \/>\nb. Protecci\u00f3n de la salud del NNA<br \/>\n11.3. Derecho a la participaci\u00f3n<br \/>\nA) El derecho a la libertad de pensamiento, conciencia y religi\u00f3n del\u00a0NNA<br \/>\nB) La libertad de expresi\u00f3n, asociaci\u00f3n, reuni\u00f3n pac\u00edfica y vida privada<\/li>\n<\/ol>\n","protected":false},"excerpt":{"rendered":"<p>La presente obra se centra en la Convenci\u00f3n sobre los Derechos del Ni\u00f1o (CDN), su origen, las discusiones que gener\u00f3 la aprobaci\u00f3n del proyecto y las dos aristas fundamentales de este instrumento internacional. Para ello se analiza su g\u00e9nesis e influencia en el ordenamiento jur\u00eddico chileno; su estructura y composici\u00f3n org\u00e1nica de convenci\u00f3n. En cuanto a los aspectos sustantivos, se recurre a los principios contenidos en ella y, naturalmente, a su principio matriz: el inter\u00e9s superior del ni\u00f1o. Se abordan sus or\u00edgenes y fundamentos; jerarqu\u00eda y consagraci\u00f3n normativa, y su consagraci\u00f3n internacional y nacional.\u00a0Se analiza el ejercicio de los derechos de los NNA ante la autoridad (derecho a defensa, derecho del ni\u00f1o a expresar su propia opini\u00f3n; el principio de no discriminaci\u00f3n en torno a sus fundamentos, consagraci\u00f3n y aplicaci\u00f3n; el derecho del ni\u00f1o a ser o\u00eddo, su consagraci\u00f3n normativa en el derecho chileno; condiciones para ejercer el derecho; conexi\u00f3n con la autonom\u00eda progresiva, y las formas de producci\u00f3n de la declaraci\u00f3n y su valoraci\u00f3n. Asimismo, se revisa el derecho a la vida del NNA y sus principales manifestaciones, y se estudian los derechos particulares contenidos en la CDN (derecho a la supervivencia y el desarrollo).Se efect\u00faa un completo an\u00e1lisis del derecho a la protecci\u00f3n de los NNA (explotaci\u00f3n sexual comercial infantil (ESCI), la situaci\u00f3n de NNA migrantes, los ni\u00f1os y adolescentes frente a la persecuci\u00f3n de la responsabilidad penal por el Estado, el secuestro internacional de menores, etc.). Finalmente, se trata el derecho a la participaci\u00f3n (libertad de pensamiento, conciencia y religi\u00f3n del NNA y la libertad de expresi\u00f3n, asociaci\u00f3n, reuni\u00f3n pac\u00edfica y vida privada). Introducci\u00f3n G\u00e9nesis de Convenci\u00f3n e influencia en el ordenamiento jur\u00eddico Estructura y composici\u00f3n org\u00e1nica de Convenci\u00f3n \u00d3rganos que inciden en la aplicaci\u00f3n de la convenci\u00f3n 4.1. Naciones Unidas 4.2. Fondo de las Naciones Unidas para la Infancia 4.3. El Comit\u00e9 de los Derechos del Ni\u00f1o (CRC) A) Informe del Comit\u00e9 al Estado chileno de fecha 1 de junio de 2018 B) Respuesta del Poder Judicial a las recomendaciones del Comit\u00e9 C) Respuesta del Estado de Chile al Informe D) Pregunta orientadora Documentos complementarios El an\u00e1lisis y comprensi\u00f3n de los principios contenidos en la Convenci\u00f3n El inter\u00e9s superior del ni\u00f1o 7.1. Or\u00edgenes y fundamentos 7.2. Jerarqu\u00eda y consagraci\u00f3n normativa 7.3. Consagraci\u00f3n internacional A) Consagraci\u00f3n nacional 7.4. Problem\u00e1tica del concepto 7.5. Delimitaci\u00f3n del concepto A) Los derechos fundamentales de la infancia y adolescencia como concepto clave en la aplicaci\u00f3n de los principios de la infancia y sobre todo el inter\u00e9s superior B) La Observaci\u00f3n General N\u00ba 14 C) El inter\u00e9s superior del ni\u00f1o como un derecho D) El inter\u00e9s superior del ni\u00f1o como un principio E) El inter\u00e9s superior del ni\u00f1o como una norma de procedimiento a. El derecho a la defensa como parte esencial del inter\u00e9s superior del ni\u00f1o como norma de procedimiento 7.6. El inter\u00e9s superior del ni\u00f1o en las decisiones judiciales A) Jurisprudencia nacional B) Jurisprudencia comparada a. Sentencia caso \u201cForner\u00f3n e Hija vs. Argentina\u201d, de 1 de octubre de 2011 (CIDH) b. Sentencia caso \u201cKhusnutdinov and X v. Russia\u201d, de 18 de diciembre de 2018 (ECHR) c. Sentencia caso \u201cS. L. and J. L. v. Croacia\u201d, de 7 de mayo de 2015 (ECHR) El principio de no discriminaci\u00f3n 8.1. Fundamentos 8.2. Consagraci\u00f3n del principio en el derecho 8.3. Jurisprudencia A) Sentencia reca\u00edda en el caso \u201cY. y B. vs. Rep\u00fablica Dominicana\u201d B) Sentencia \u201cNi\u00f1os de la Calle\u201d (Villagr\u00e1n Morales y otros vs. Guatemala) C) An\u00e1lisis general de las sentencias El derecho del ni\u00f1o a ser o\u00eddo 9.1. Consagraci\u00f3n normativa en el derecho chileno 9.2. Condiciones para ejercer el derecho 9.3. Conexi\u00f3n entre el derecho del ni\u00f1o a ser escuchado y la autonom\u00eda progresiva 9.4. La diligencia de la audiencia reservada: \u00bfse trata o no de un tr\u00e1mite esencial en el procedimiento? 9.5. Las formas de producci\u00f3n de la declaraci\u00f3n 9.6. La valoraci\u00f3n del DNO 9.7. El DNO y la ley que regula las entrevistas grabadas en video y otras medidas de resguardo a menores de edad v\u00edctimas de delitos sexuales El derecho del NNA a la vida 10.1. El ejercicio progresivo de los derechos de la infancia Estudio de los derechos particulares contenidos en la CDN 11.1. Derecho a la supervivencia y el desarrollo A) El derecho del ni\u00f1o a ser criado y educado por sus padres: la responsabilidad parental y el deber subsidiario del Estado A) Explotaci\u00f3n sexual comercial infantil (ESCI) B) Situaci\u00f3n de los NNA migrantes a. Regulaci\u00f3n de los NNA migrantes b. Los derechos del NNA migrante i. Sentencia de la Segunda Sala (Penal) de la Excma. Corte Suprema, Rol N\u00ba 38337 de 12 de julio de 2016 C) Ni\u00f1os y adolescentes frente a la persecuci\u00f3n de la responsabilidad\u00a0penal por el Estado D) Secuestro internacional de menores E) Ley N\u00ba 21.067 que crea la Defensor\u00eda de los Derechos la Ni\u00f1ez a. Protecci\u00f3n del NNA respecto de sus propios padres b. Protecci\u00f3n de la salud del NNA 11.3. Derecho a la participaci\u00f3n A) El derecho a la libertad de pensamiento, conciencia y religi\u00f3n del\u00a0NNA B) La libertad de expresi\u00f3n, asociaci\u00f3n, reuni\u00f3n pac\u00edfica y vida privada<\/p>\n","protected":false},"featured_media":4504,"comment_status":"open","ping_status":"closed","template":"","meta":{"inline_featured_image":false,"_joinchat":[]},"product_brand":[],"product_cat":[38,29],"product_tag":[],"class_list":{"0":"post-4474","1":"product","2":"type-product","3":"status-publish","4":"has-post-thumbnail","6":"product_cat-editorial-der-ediciones","7":"product_cat-familia-y-del-menor","8":"product_shipping_class-a-convenir","10":"first","11":"instock","12":"shipping-taxable","13":"purchasable","14":"product-type-simple"},"_links":{"self":[{"href":"https:\/\/bibliotecajuridicavirtual.cl\/index.php\/wp-json\/wp\/v2\/product\/4474","targetHints":{"allow":["GET"]}}],"collection":[{"href":"https:\/\/bibliotecajuridicavirtual.cl\/index.php\/wp-json\/wp\/v2\/product"}],"about":[{"href":"https:\/\/bibliotecajuridicavirtual.cl\/index.php\/wp-json\/wp\/v2\/types\/product"}],"replies":[{"embeddable":true,"href":"https:\/\/bibliotecajuridicavirtual.cl\/index.php\/wp-json\/wp\/v2\/comments?post=4474"}],"wp:featuredmedia":[{"embeddable":true,"href":"https:\/\/bibliotecajuridicavirtual.cl\/index.php\/wp-json\/wp\/v2\/media\/4504"}],"wp:attachment":[{"href":"https:\/\/bibliotecajuridicavirtual.cl\/index.php\/wp-json\/wp\/v2\/media?parent=4474"}],"wp:term":[{"taxonomy":"product_brand","embeddable":true,"href":"https:\/\/bibliotecajuridicavirtual.cl\/index.php\/wp-json\/wp\/v2\/product_brand?post=4474"},{"taxonomy":"product_cat","embeddable":true,"href":"https:\/\/bibliotecajuridicavirtual.cl\/index.php\/wp-json\/wp\/v2\/product_cat?post=4474"},{"taxonomy":"product_tag","embeddable":true,"href":"https:\/\/bibliotecajuridicavirtual.cl\/index.php\/wp-json\/wp\/v2\/product_tag?post=4474"}],"curies":[{"name":"wp","href":"https:\/\/api.w.org\/{rel}","templated":true}]}}