{"id":4475,"date":"2026-02-28T01:25:55","date_gmt":"2026-02-28T04:25:55","guid":{"rendered":"https:\/\/bibliotecajuridicavirtual.cl\/?post_type=product&#038;p=4475"},"modified":"2026-02-28T01:26:15","modified_gmt":"2026-02-28T04:26:15","slug":"la-culpabilidad-en-el-derecho-administrativo-sancionador-ano-2019-283-pag-autor-elias-barrientos-castro","status":"publish","type":"product","link":"https:\/\/bibliotecajuridicavirtual.cl\/index.php\/product\/la-culpabilidad-en-el-derecho-administrativo-sancionador-ano-2019-283-pag-autor-elias-barrientos-castro\/","title":{"rendered":"La Culpabilidad en el Derecho Administrativo Sancionador. A\u00f1o 2019\/283 P\u00e1g. Autor El\u00edas Barrientos Castro"},"content":{"rendered":"<p>En el \u00e1mbito del derecho administrativo sancionador se pretendi\u00f3 que sobre el principio de culpabilidad rigiera un sistema de responsabilidad objetiva, sin embargo, la doctrina penal y la sancionadora administrativa hace bastante tiempo han impuesto un criterio diverso.<\/p>\n<p>Debido a la existencia de posturas tan dis\u00edmiles, es necesario analizar c\u00f3mo el elemento de la culpabilidad se encuentra incardinado en el r\u00e9gimen de responsabilidad que deviene de las infracciones administrativas cometidas por el administrado durante el desarrollo de las actividades reguladas (cap\u00edtulo I).<\/p>\n<p>Con dicho objetivo, el autor trata de determinar qu\u00e9 se entiende por culpabilidad, para luego darle un significado concreto al principio hom\u00f3nimo, haciendo menci\u00f3n a sus diversos alcances (cap\u00edtulo II), e indaga sobre sus posibles fuentes normativas tanto nacionales como extranjeras (cap\u00edtulo III).<\/p>\n<p>A continuaci\u00f3n, precisa cu\u00e1les han sido las manifestaciones fundamentales de la culpabilidad en materia de sanciones administrativas, abarcando no solo las categor\u00edas decimon\u00f3nicas de dolo y culpa, sino tambi\u00e9n una figura cuya aparici\u00f3n no ha sido pac\u00edfica en la doctrina y jurisprudencia comparada, como lo es la de simple inobservancia caracter\u00edstica en la comisi\u00f3n de infracciones formales (cap\u00edtulo IV).<\/p>\n<p>Al disgregar cada una de los elementos estructurales que componen la culpabilidad, analiza algunas circunstancias que tienden a modificarla y lo hacen a tal punto que permiten al sujeto regulado, muchas veces, sustraerse de las consecuencias sancionatorias que implica la comisi\u00f3n de infracciones administrativas (cap\u00edtulo V).<\/p>\n<p>Por otro lado, realiza un alcance en cuanto a la operatividad del principio de culpabilidad en los procedimientos administrativos sancionatorios, precisando el contenido del principio de presunci\u00f3n de inocencia, su relaci\u00f3n con la carga de la prueba y la incidencia de las actas de fiscalizaci\u00f3n (cap\u00edtulo VI).<\/p>\n<p>Finalmente, luego de abarcar una de las peculiaridades del derecho administrativo sancionador en relaci\u00f3n con el derecho penal consistente en la admisi\u00f3n de la responsabilidad de las personas jur\u00eddicas y la modulaci\u00f3n especial de la culpabilidad cuando son las personas morales las que cometen infracciones administrativas (cap\u00edtulo VII), se observar\u00e1 cu\u00e1l ha sido el desarrollo que le ha dado tanto la jurisprudencia constitucional y judicial como los pronunciamientos de \u00f3rganos fiscalizadores al principio de culpabilidad al momento de determinar si ha existido o no incumplimiento de las normas sectoriales por parte del regulador (cap\u00edtulo VIII).<\/p>\n<p><strong>CAP\u00cdTULO I<br \/>\nCUESTIONES GENERALES RELATIVAS A LA CULPABILIDAD EN LA INFRACCI\u00d3N ADMINISTRATIVA<\/strong><br \/>\n1. PLANTEAMIENTO<\/p>\n<p><strong>CAP\u00cdTULO\u00a0II<br \/>\nCONCEPTO DE CULPABILIDAD EN EL DERECHO ADMINISTRATIVO SANCIONADOR<br \/>\n<\/strong>1. ESTADO DE LA CUESTI\u00d3N<br \/>\n2. CONSTRUCCIONES DOGM\u00c1TICAS INTENTADAS SOBRE LA CULPABILIDAD<br \/>\n3. CULPABILIDAD COM ELEMENTO SUBJETIVO DE LA INFRACCI\u00d3N<br \/>\n3.1. Principio de la Responsabilidad por el Hecho<br \/>\n3.2. Principio de la Personalidad de la Acci\u00f3n Il\u00edcita<br \/>\n4. NOTAS SIGNIFICATIVAS DE LA CULPABILIDAD EN EL DERECHO ADMINISTRATIVO SANCIONADOR CHILENO<\/p>\n<p><strong>CAP\u00cdTULO\u00a0III<br \/>\nFUNDAMENTOS NORMATIVOS<br \/>\n<\/strong>1. FUNDAMENTOS NORMATIVOS NACIONALES<br \/>\n2. FUNDAMENTOS NORMATIVOS EXTRANJEROS<br \/>\n2.1. La Situaci\u00f3n Espa\u00f1ola<br \/>\n2.2. La Situaci\u00f3n Francesa<br \/>\n2.3. La Situaci\u00f3n Italiana<br \/>\n2.4. La Situaci\u00f3n Brit\u00e1nica<br \/>\n2.5. La Situaci\u00f3n Argentina<br \/>\n2.6. La Situaci\u00f3n Colombiana<\/p>\n<p><strong>CAP\u00cdULO IV<br \/>\nCULPABILIDAD Y SUS MANIFESTACIONES<br \/>\n<\/strong>1. DOLO<br \/>\n2. CULPA O IMPRUDENCIA<br \/>\n3. SIMPLE INOBSERVANCIA<\/p>\n<p><strong>CAP\u00cdTULO V<br \/>\nESTRUCTURALES DE LA CULPABILIDAD Y ALGUNAS CIRCUNSTANCIAS QUE LA MODIFICAN<br \/>\n<\/strong>1. PLANTEAMIENTO<br \/>\n2. CUESTIONES QUE AFECTAN LA IMPUTABILIDAD: LA MINOR\u00cdA DE EDAD, LA LOCURA O DEMENCIA Y LA PRIVACI\u00d3N TOTAL DE RAZ\u00d3N<br \/>\n2.1. La Minor\u00eda de Edad<br \/>\n2.2. La Locura o Demencia y la Privaci\u00f3n Total de Raz\u00f3n<br \/>\n3. CUESTIONES QUE AFECTAN LA CONCIENCIA DE LA ILICITUD: EL ERROR<br \/>\n4. CUESTIONES QUE AFECTAN LA EXIGIBILIDAD DE LA CONDUCTA AJUSTADA A DERECHO: CAUSAS DE EXCLUSI\u00d3N O EXCUSANTES DE CULPABILIDAD<br \/>\n4.1. La Fuerza Irresistible<br \/>\n4.2. El Medio Insuperable<br \/>\n4.3. El Encubrimiento de Parientes<br \/>\n4.4. El Cumplimiento de \u00d3rdenes Antijur\u00eddicas o la Obediencia Debida<\/p>\n<p><strong>CAP\u00cdTULO VI<br \/>\nCULPABILIDAD Y PRESUNCI\u00d3N DE INOCENCIA<br \/>\n<\/strong>1. CONTENIDO Y ALCANCE DEL PRINCIPIO DE PRESUNCI\u00d3N DE INOCENCIA<br \/>\n2. LA PRESUNCI\u00d3N DE INOCENCIA Y LA CARGA DE LA PRUEBA<br \/>\n3. LA PRESUNCI\u00d3N DE INOCENCIA Y LAS ACTAS DE FISCALIZACI\u00d3N<\/p>\n<p><strong>CAP\u00cdTULO VII<br \/>\nLA CULPABILIDAD EN LAS PERSONAS JUR\u00cdDICAS<br \/>\n<\/strong>1. PLANTEAMIENTO<br \/>\n2. LA B\u00daSQUEDA DE UNA MATIZACI\u00d3N DEL PRINCIP\u00cdO DE CULPABILIDAD EN LAS PERSONAS JUR\u00cdDICAS INFRACTORAS<\/p>\n<p><strong>CAP\u00cdTULO VIII<br \/>\nEL PRINCIPIO DE CULPABILIDAD EN LA JURISPRUDENCIA<br \/>\n<\/strong>1. EN LA JURISPRUDENCIA DEL TRIBUNAL CONSTITUCIONAL<br \/>\n2. EN LA JURISPRUDENCIA JUDICIAL<br \/>\n3. EN LAS RESOLUCIONES SANCIONATORIAS DE INSTITUCIONES FISCALIZADORAS<\/p>\n","protected":false},"excerpt":{"rendered":"<p>Buscas un libro Jur\u00eddico.? Lo puedes encontrar en nuestra tienda virtual.<br \/>\nContamos con prestigiosos autores y muchas alternativas en sus diferentes materias al igual que grandes descuentos.! Vis\u00edtanos en <a class=\"wsMvqdsCQwHMdXuvCLlSAkmVYButhGSUc \" tabindex=\"0\" href=\"https:\/\/lnkd.in\/eiAG7jdZ\" target=\"_blank\" rel=\"noopener\" data-test-app-aware-link=\"\">https:\/\/lnkd.in\/eiAG7jdZ<\/a><br \/>\nEscr\u00edbenos al +56930565235 \/ <a class=\"wsMvqdsCQwHMdXuvCLlSAkmVYButhGSUc \" tabindex=\"0\" href=\"mailto:ventaslegallexglobal@gmail.com\" target=\"_self\" data-test-app-aware-link=\"\">ventaslegallexglobal@gmail.com<\/a><br \/>\nHacemos env\u00edos a todo Chile \u2013 Starken o Correos Chile \/ Te esperamos<\/p>\n","protected":false},"featured_media":4505,"comment_status":"open","ping_status":"closed","template":"","meta":{"inline_featured_image":false,"_joinchat":[]},"product_brand":[],"product_cat":[45,38],"product_tag":[],"class_list":{"0":"post-4475","1":"product","2":"type-product","3":"status-publish","4":"has-post-thumbnail","6":"product_cat-administrativo","7":"product_cat-editorial-der-ediciones","8":"product_shipping_class-a-convenir","10":"first","11":"instock","12":"shipping-taxable","13":"purchasable","14":"product-type-simple"},"_links":{"self":[{"href":"https:\/\/bibliotecajuridicavirtual.cl\/index.php\/wp-json\/wp\/v2\/product\/4475","targetHints":{"allow":["GET"]}}],"collection":[{"href":"https:\/\/bibliotecajuridicavirtual.cl\/index.php\/wp-json\/wp\/v2\/product"}],"about":[{"href":"https:\/\/bibliotecajuridicavirtual.cl\/index.php\/wp-json\/wp\/v2\/types\/product"}],"replies":[{"embeddable":true,"href":"https:\/\/bibliotecajuridicavirtual.cl\/index.php\/wp-json\/wp\/v2\/comments?post=4475"}],"wp:featuredmedia":[{"embeddable":true,"href":"https:\/\/bibliotecajuridicavirtual.cl\/index.php\/wp-json\/wp\/v2\/media\/4505"}],"wp:attachment":[{"href":"https:\/\/bibliotecajuridicavirtual.cl\/index.php\/wp-json\/wp\/v2\/media?parent=4475"}],"wp:term":[{"taxonomy":"product_brand","embeddable":true,"href":"https:\/\/bibliotecajuridicavirtual.cl\/index.php\/wp-json\/wp\/v2\/product_brand?post=4475"},{"taxonomy":"product_cat","embeddable":true,"href":"https:\/\/bibliotecajuridicavirtual.cl\/index.php\/wp-json\/wp\/v2\/product_cat?post=4475"},{"taxonomy":"product_tag","embeddable":true,"href":"https:\/\/bibliotecajuridicavirtual.cl\/index.php\/wp-json\/wp\/v2\/product_tag?post=4475"}],"curies":[{"name":"wp","href":"https:\/\/api.w.org\/{rel}","templated":true}]}}