{"id":4476,"date":"2026-02-28T01:25:55","date_gmt":"2026-02-28T04:25:55","guid":{"rendered":"https:\/\/bibliotecajuridicavirtual.cl\/?post_type=product&#038;p=4476"},"modified":"2026-02-28T01:26:17","modified_gmt":"2026-02-28T04:26:17","slug":"manual-de-procesal-penal-ano-2021-345-pag-autor-tania-gajardo-orellana-y-francisco-hermosilla-iriarte","status":"publish","type":"product","link":"https:\/\/bibliotecajuridicavirtual.cl\/index.php\/product\/manual-de-procesal-penal-ano-2021-345-pag-autor-tania-gajardo-orellana-y-francisco-hermosilla-iriarte\/","title":{"rendered":"Manual de Procesal Penal. A\u00f1o 2021\/345 P\u00e1g. Autor Tania Gajardo Orellana y Francisco Hermosilla Iriarte"},"content":{"rendered":"<p style=\"font-weight: 400;\">Esta obra busca vincular los t\u00f3picos procesales con el derecho penal sustantivo, con el objetivo de que estos sean comprendidos desde su fundamento: que el juez penal tiene la esencial misi\u00f3n de resguardar que el poder del Estado se aplique de forma correcta en la investigaci\u00f3n penal, y la mantenci\u00f3n de la vigencia de la norma penal a trav\u00e9s del establecimiento de sanciones proporcionales y justas.<\/p>\n<p style=\"font-weight: 400;\">Con este objetivo, el libro que se divide en dos partes. La primera aborda aspectos te\u00f3ricos, entre los cuales se estudian: el rol del juez penal, principios del derecho penal, l\u00edmites constitucionales del derecho penal, garant\u00edas del imputado, principios de actuaci\u00f3n y estructura org\u00e1nica de los tribunales con competencia penal, organismos relacionados en la justicia penal, la v\u00edctima en el proceso en penal, responsabilidad penal adolescente, reglas de apreciaci\u00f3n de la prueba pericial, penas sustitutivas a la privaci\u00f3n de libertad y recursos procesales. La segunda parte aborda aspectos pr\u00e1cticos, en que se analiza cada audiencia con sus propias dificultades y funciones, publicando diversas planillas de audiencia, tales como de audiencia de control de la detenci\u00f3n, formalizaci\u00f3n, solicitud de medidas cautelares, juicio inmediato, audiencias de sobreseimiento, audiencias de medidas alternativas como suspensi\u00f3n condicional del procedimiento y acuerdo reparatorio, audiencia intermedia o de preparaci\u00f3n de juicio oral, de procedimiento monitorio, procedimiento simplificado del art\u00edculo 393 bis y simplificado propiamente tal, y de juicio simplificado y de procedimiento abreviado. Junto a ello, y como anexo, se presenta un Glosario de t\u00e9rminos jur\u00eddicos del C\u00f3digo Procesal Penal, en lenguaje jur\u00eddico, pero claro y sencillo, ordenado de manera alfab\u00e9tica, con la finalidad de permitirle al lector ubicarse conceptualmente, de manera f\u00e1cil, dentro del texto del mencionado C\u00f3digo. Adem\u00e1s, cada cap\u00edtulo te\u00f3rico finaliza con una sentencia para analizar y material de lectura complementario.<\/p>\n<ol>\n<li style=\"font-weight: 400;\"><b><strong> PRIMERA PARTE TE\u00d3RICA<\/strong><\/b><\/li>\n<\/ol>\n<p style=\"font-weight: 400;\">1.1. \u00bfQu\u00e9 es ser un juez penal?<\/p>\n<p style=\"font-weight: 400;\">1.2. Principios del derecho penal como l\u00edmite y fundamento<\/p>\n<ol>\n<li style=\"font-weight: 400;\">A) Principios de la persecuci\u00f3n penal<\/li>\n<li style=\"font-weight: 400;\">Principio de ofcialidad<\/li>\n<li style=\"font-weight: 400;\">Principios de investigaci\u00f3n ofcial y aportaci\u00f3n de parte<\/li>\n<li style=\"font-weight: 400;\">Principio acusatorio<\/li>\n<li style=\"font-weight: 400;\">Principios de legalidad y oportunidad<\/li>\n<\/ol>\n<p style=\"font-weight: 400;\">1.3. L\u00edmites constitucionales del derecho penal<\/p>\n<ol>\n<li style=\"font-weight: 400;\">A) Garant\u00edas ante la organizaci\u00f3n judicial<\/li>\n<li style=\"font-weight: 400;\">Derecho al juez independiente<\/li>\n<li style=\"font-weight: 400;\">Derecho al juez imparcial<\/li>\n<li style=\"font-weight: 400;\">Derecho al juez natural<\/li>\n<li style=\"font-weight: 400;\">B) Garant\u00edas generales del procedimiento<\/li>\n<li style=\"font-weight: 400;\">Derecho al juicio previo<\/li>\n<li style=\"font-weight: 400;\">Derecho a ser juzgado dentro de un plazo razonable<\/li>\n<li style=\"font-weight: 400;\">Derecho de defensa<\/li>\n<li style=\"font-weight: 400;\">Derecho a la presunci\u00f3n de inocencia<\/li>\n<li style=\"font-weight: 400;\">Inadmisibilidad de la persecuci\u00f3n penal m\u00faltiple<\/li>\n<li style=\"font-weight: 400;\">C) Garant\u00edas del juicio<\/li>\n<li style=\"font-weight: 400;\">D) L\u00edmites formales a la producci\u00f3n de prueba<\/li>\n<\/ol>\n<p style=\"font-weight: 400;\">1.4. Entre las garant\u00edas del imputado y la confanza en el sistema penal<\/p>\n<p style=\"font-weight: 400;\">1.5. Principios de actuaci\u00f3n y estructura org\u00e1nica de los tribunales con competencia penal<\/p>\n<ol>\n<li style=\"font-weight: 400;\">A) Jueces de garant\u00eda<\/li>\n<li style=\"font-weight: 400;\">B) Tribunal oral en lo penal<\/li>\n<li style=\"font-weight: 400;\">C) An\u00e1lisis de caso de falta de jurisdicci\u00f3n del juez penal<\/li>\n<\/ol>\n<p style=\"font-weight: 400;\">1.6. Justicia penal y organismos relacionados<\/p>\n<ol>\n<li style=\"font-weight: 400;\">A) Ministerio P\u00fablico<\/li>\n<li style=\"font-weight: 400;\">Funciones del Ministerio P\u00fablico<\/li>\n<li style=\"font-weight: 400;\">Organizaci\u00f3n del Ministerio P\u00fablico<\/li>\n<li style=\"font-weight: 400;\">B) Defensor\u00eda Penal P\u00fablica<\/li>\n<li style=\"font-weight: 400;\">Descripci\u00f3n del sistema<\/li>\n<li style=\"font-weight: 400;\">Organizaci\u00f3n y funcionamiento<\/li>\n<li style=\"font-weight: 400;\">C) Carabineros y Polic\u00eda de Investigaciones<\/li>\n<li style=\"font-weight: 400;\">Las polic\u00edas<\/li>\n<li style=\"font-weight: 400;\">D) Gendarmer\u00eda de Chile<\/li>\n<li style=\"font-weight: 400;\">E) SENAME e instituciones colaboradoras<\/li>\n<li style=\"font-weight: 400;\">F) An\u00e1lisis de caso en que funcionarios de un organismo auxiliar son imputados en el proceso penal<\/li>\n<\/ol>\n<p style=\"font-weight: 400;\">1.7. V\u00edctima en el proceso penal<\/p>\n<ol>\n<li style=\"font-weight: 400;\">A) Rol de la v\u00edctima<\/li>\n<li style=\"font-weight: 400;\">B) Derechos de las v\u00edctimas en el proceso penal<\/li>\n<li style=\"font-weight: 400;\">C) V\u00edctima como querellante y actor civil<\/li>\n<li style=\"font-weight: 400;\">La querella<\/li>\n<li style=\"font-weight: 400;\">El querellante<\/li>\n<li style=\"font-weight: 400;\">Presentaci\u00f3n de la querella<\/li>\n<li style=\"font-weight: 400;\">Prohibici\u00f3n de querella<\/li>\n<li style=\"font-weight: 400;\">Desistimiento de la querella<\/li>\n<li style=\"font-weight: 400;\">Abandono de la querella<\/li>\n<li style=\"font-weight: 400;\">La acci\u00f3n civil en el proceso penal<\/li>\n<li style=\"font-weight: 400;\">Tipos de acciones civiles<\/li>\n<li style=\"font-weight: 400;\">La acci\u00f3n civil y las medidas cautelares reales<\/li>\n<\/ol>\n<p style=\"font-weight: 400;\">1.8. Responsabilidad penal adolescente Ley N\u00ba 20.084 (procedimiento y determinaci\u00f3n de sanciones)<\/p>\n<ol>\n<li style=\"font-weight: 400;\">A) Caracter\u00edsticas de un sistema de justicia penal juvenil especializado seg\u00fan la Convenci\u00f3n sobre los Derechos del Ni\u00f1o<\/li>\n<li style=\"font-weight: 400;\">B) Principales t\u00f3picos del sistema de responsabilidad penal adolescente de la Ley N\u00ba 20.084<\/li>\n<li style=\"font-weight: 400;\">Caracter\u00edsticas de la Ley N\u00ba 20.084<\/li>\n<li style=\"font-weight: 400;\">R\u00e9gimen de sanciones contemplado en la Ley N\u00ba 20.084<\/li>\n<li style=\"font-weight: 400;\">Reglas de la determinaci\u00f3n de la pena de los menores adolescentes<\/li>\n<li style=\"font-weight: 400;\">C) An\u00e1lisis de casos de determinaci\u00f3n de penas y medidas cautelares en<\/li>\n<\/ol>\n<p style=\"font-weight: 400;\">r\u00e9gimen especial<\/p>\n<p style=\"font-weight: 400;\">1.9. Reglas de apreciaci\u00f3n de la prueba pericial<\/p>\n<ol>\n<li style=\"font-weight: 400;\">A) Apreciaci\u00f3n de la prueba de peritos en materia penal<\/li>\n<li style=\"font-weight: 400;\">B) An\u00e1lisis de casos de valoraci\u00f3n de prueba de peritos<\/li>\n<\/ol>\n<p style=\"font-weight: 400;\">1.10. Penas sustitutivas a la privaci\u00f3n de libertad<\/p>\n<ol start=\"20\">\n<li style=\"font-weight: 400;\">A) Ley N\u00ba 20.603<\/li>\n<li style=\"font-weight: 400;\">La remisi\u00f3n condicional<\/li>\n<li style=\"font-weight: 400;\">La reclusi\u00f3n parcial<\/li>\n<li style=\"font-weight: 400;\">Servicio en benefcio de la comunidad<\/li>\n<li style=\"font-weight: 400;\">Libertad vigilada y libertad vigilada intensiva<\/li>\n<li style=\"font-weight: 400;\">Expulsi\u00f3n de extranjeros<\/li>\n<li style=\"font-weight: 400;\">B) An\u00e1lisis de casos de rechazo de aplicaci\u00f3n de penas sustitutivas<\/li>\n<\/ol>\n<p style=\"font-weight: 400;\">1.11. Recursos procesales<\/p>\n<ol>\n<li style=\"font-weight: 400;\">A) Recurso de apelaci\u00f3n<\/li>\n<li style=\"font-weight: 400;\">B) Recurso de nulidad<\/li>\n<li style=\"font-weight: 400;\">C) Recurso de reposici\u00f3n<\/li>\n<li style=\"font-weight: 400;\"><b><strong> PARTE PR\u00c1CTICA: GU\u00cdA JUDICIAL PARA AUDIENCIAS<\/strong><\/b><\/li>\n<\/ol>\n<p style=\"font-weight: 400;\">2.1. Audiencia de control de detenci\u00f3n<\/p>\n<ol>\n<li style=\"font-weight: 400;\">A) Audiencia de control de la detenci\u00f3n<\/li>\n<li style=\"font-weight: 400;\">B) El amparo ante el juez de garant\u00eda<\/li>\n<li style=\"font-weight: 400;\">C) La acci\u00f3n constitucional de amparo<\/li>\n<li style=\"font-weight: 400;\">D) Situaci\u00f3n de los imputados menores de dieciocho y mayores de catorce a\u00f1os (adolescentes)<\/li>\n<li style=\"font-weight: 400;\">E) Medidas intrusivas<\/li>\n<\/ol>\n<p style=\"font-weight: 400;\">2.2. Audiencia de formalizaci\u00f3n de la investigaci\u00f3n<\/p>\n<ol>\n<li style=\"font-weight: 400;\">A) Funciones y efectos<\/li>\n<li style=\"font-weight: 400;\">B) Procedimiento de la formalizaci\u00f3n<\/li>\n<li style=\"font-weight: 400;\">C) Actos posteriores y consecuentes con la formalizaci\u00f3n<\/li>\n<li style=\"font-weight: 400;\">Plazo judicial para el cierre de la investigaci\u00f3n<\/li>\n<li style=\"font-weight: 400;\">El juicio inmediato<\/li>\n<li style=\"font-weight: 400;\">La prueba anticipada<\/li>\n<li style=\"font-weight: 400;\">D) Medidas cautelares<\/li>\n<li style=\"font-weight: 400;\">Medidas cautelares que contempla el art\u00edculo 155 del CPP<\/li>\n<li style=\"font-weight: 400;\">Medidas cautelares especiales que contempla el art\u00edculo 156 bis del CPP<\/li>\n<li style=\"font-weight: 400;\">Medidas cautelares reales<\/li>\n<li style=\"font-weight: 400;\">E) Prisi\u00f3n preventiva<\/li>\n<li style=\"font-weight: 400;\">Requisitos de la prisi\u00f3n preventiva<\/li>\n<li style=\"font-weight: 400;\">Situaciones de improcedencia de la prisi\u00f3n preventiva<\/li>\n<li style=\"font-weight: 400;\">Excepciones a la improcedencia<\/li>\n<li style=\"font-weight: 400;\">Sustituci\u00f3n de la prisi\u00f3n preventiva por cauci\u00f3n<\/li>\n<li style=\"font-weight: 400;\">Procedimiento para decretar la prisi\u00f3n preventiva<\/li>\n<li style=\"font-weight: 400;\">Renovaci\u00f3n de la discusi\u00f3n acerca de la medida de prisi\u00f3n preventiva<\/li>\n<li style=\"font-weight: 400;\">Ejecuci\u00f3n de la prisi\u00f3n preventiva<\/li>\n<li style=\"font-weight: 400;\">Duraci\u00f3n de la prisi\u00f3n preventiva<\/li>\n<li style=\"font-weight: 400;\">Recursos relacionados con la prisi\u00f3n preventiva luego de la llamada \u201cLey agenda corta antidelincuencia\u201d (Ley N\u00ba 20.931)<\/li>\n<li style=\"font-weight: 400;\">F) An\u00e1lisis de un caso de prisi\u00f3n preventiva de imputados respecto de quienes fnalmente no se presenta acusaci\u00f3n<\/li>\n<\/ol>\n<p style=\"font-weight: 400;\">2.3. Audiencia de cierre de investigaci\u00f3n<\/p>\n<ol>\n<li style=\"font-weight: 400;\">A) Naturaleza de la decisi\u00f3n de cierre de la investigaci\u00f3n<\/li>\n<li style=\"font-weight: 400;\">B) Actuaciones posteriores<\/li>\n<li style=\"font-weight: 400;\">C) Reapertura de la investigaci\u00f3n<\/li>\n<li style=\"font-weight: 400;\">D) Los sobreseimientos<\/li>\n<li style=\"font-weight: 400;\">E) Facultades discrecionales del Ministerio P\u00fablico<\/li>\n<li style=\"font-weight: 400;\">La decisi\u00f3n de no perseverar en el procedimiento<\/li>\n<li style=\"font-weight: 400;\">El forzamiento de la acusaci\u00f3n<\/li>\n<li style=\"font-weight: 400;\">F) An\u00e1lisis de un caso de sobreseimiento defnitivo sin formalizaci\u00f3n por<\/li>\n<\/ol>\n<p style=\"font-weight: 400;\">prescripci\u00f3n<\/p>\n<p style=\"font-weight: 400;\">2.4. Audiencia preparatoria de juicio oral<\/p>\n<ol>\n<li style=\"font-weight: 400;\">A) Estructura de la audiencia preparatoria de juicio oral<\/li>\n<li style=\"font-weight: 400;\">La fase escrita<\/li>\n<li style=\"font-weight: 400;\">Actuaciones eventuales del querellante<\/li>\n<li style=\"font-weight: 400;\">Actuaciones eventuales del acusado<\/li>\n<li style=\"font-weight: 400;\">B) Fase oral de la etapa intermedia: la audiencia de preparaci\u00f3n del juicio oral<\/li>\n<li style=\"font-weight: 400;\">Verifcaci\u00f3n de asistencia<\/li>\n<li style=\"font-weight: 400;\">Declaraci\u00f3n de inicio de la audiencia<\/li>\n<li style=\"font-weight: 400;\">Exposici\u00f3n de las presentaciones escritas<\/li>\n<li style=\"font-weight: 400;\">Eventual defensa oral del acusado<\/li>\n<li style=\"font-weight: 400;\">Posibilidad de salidas alternativas<\/li>\n<li style=\"font-weight: 400;\">Posibilidad de procedimiento abreviado<\/li>\n<li style=\"font-weight: 400;\">Correcci\u00f3n de vicios formales<\/li>\n<li style=\"font-weight: 400;\">Control de congruencia<\/li>\n<li style=\"font-weight: 400;\">Decisi\u00f3n acerca de las excepciones<\/li>\n<li style=\"font-weight: 400;\">Llamado a conciliaci\u00f3n en la acci\u00f3n civil<\/li>\n<li style=\"font-weight: 400;\">Exclusi\u00f3n de prueba<\/li>\n<li style=\"font-weight: 400;\">Oportunidad para reclamar la ilicitud de la prueba<\/li>\n<li style=\"font-weight: 400;\">Alcance de la exclusi\u00f3n<\/li>\n<li style=\"font-weight: 400;\">Pruebas aceptadas<\/li>\n<li style=\"font-weight: 400;\">C) Convenciones probatorias<\/li>\n<li style=\"font-weight: 400;\">D) An\u00e1lisis de casos de exclusi\u00f3n de prueba de la defensa<\/li>\n<\/ol>\n<p style=\"font-weight: 400;\">2.5. Audiencias de salidas alternativas<\/p>\n<ol>\n<li style=\"font-weight: 400;\">A) Suspensi\u00f3n condicional del procedimiento<\/li>\n<li style=\"font-weight: 400;\">B) Requisitos de procedencia<\/li>\n<li style=\"font-weight: 400;\">C) Efectos de la suspensi\u00f3n condicional<\/li>\n<li style=\"font-weight: 400;\">D) Modifcaci\u00f3n o revocaci\u00f3n de la suspensi\u00f3n condicional<\/li>\n<li style=\"font-weight: 400;\">E) Efectos del rechazo o revocaci\u00f3n<\/li>\n<li style=\"font-weight: 400;\">F) Acuerdos reparatorios<\/li>\n<li style=\"font-weight: 400;\">Oportunidad<\/li>\n<li style=\"font-weight: 400;\">Requisitos de procedencia<\/li>\n<li style=\"font-weight: 400;\">Efectos<\/li>\n<li style=\"font-weight: 400;\">Registro<\/li>\n<li style=\"font-weight: 400;\">G) An\u00e1lisis de un caso de suspensi\u00f3n condicional improcedente<\/li>\n<\/ol>\n<p style=\"font-weight: 400;\">2.6. Audiencias de procedimientos especiales<\/p>\n<ol>\n<li style=\"font-weight: 400;\">A) Procedimiento abreviado<\/li>\n<li style=\"font-weight: 400;\">Caracter\u00edsticas del procedimiento abreviado<\/li>\n<li style=\"font-weight: 400;\">Presupuestos o condiciones de procedencia del procedimiento abreviado<\/li>\n<li style=\"font-weight: 400;\">La solicitud del Ministerio P\u00fablico<\/li>\n<li style=\"font-weight: 400;\">La aceptaci\u00f3n por parte del acusado de los hechos materia de la acusaci\u00f3n y de los antecedentes de la investigaci\u00f3n que la fundaren<\/li>\n<\/ol>\n<p style=\"font-weight: 400;\">iii. La conformidad manifestada expresamente por el acusado con la aplicaci\u00f3n del procedimiento abreviado<\/p>\n<ol>\n<li style=\"font-weight: 400;\">La aceptaci\u00f3n de la solicitud de procedimiento abreviado por parte del juez de garant\u00eda<\/li>\n<li style=\"font-weight: 400;\">Actividad de otros intervinientes<\/li>\n<li style=\"font-weight: 400;\">La decisi\u00f3n del juez de garant\u00eda ante la solicitud de ir a un procedimiento abreviado<\/li>\n<li style=\"font-weight: 400;\">Resoluci\u00f3n de la solicitud (art. 410 del CPP)<\/li>\n<li style=\"font-weight: 400;\">Tramitaci\u00f3n del procedimiento abreviado (art. 411 del CPP)<\/li>\n<li style=\"font-weight: 400;\">La sentencia del abreviado (art. 412 del CPP)<\/li>\n<li style=\"font-weight: 400;\">Recursos en contra de la sentencia del abreviado (art. 414 del CPP) 197<\/li>\n<li style=\"font-weight: 400;\">B) Procedimiento simplifcado<\/li>\n<li style=\"font-weight: 400;\">\u00c1mbito de aplicaci\u00f3n<\/li>\n<li style=\"font-weight: 400;\">El conocimiento y fallo de las faltas<\/li>\n<li style=\"font-weight: 400;\">Los simples delitos<\/li>\n<li style=\"font-weight: 400;\">Caracter\u00edsticas del procedimiento simplifcado<\/li>\n<li style=\"font-weight: 400;\">Simplifcado del art\u00edculo 393 bis del CPP<\/li>\n<li style=\"font-weight: 400;\">C) El procedimiento monitorio<\/li>\n<li style=\"font-weight: 400;\">Estatuto aplicable<\/li>\n<li style=\"font-weight: 400;\">Tramitaci\u00f3n<\/li>\n<li style=\"font-weight: 400;\">Resoluci\u00f3n del juez de garant\u00eda<\/li>\n<li style=\"font-weight: 400;\">Imparcialidad del juzgador<\/li>\n<li style=\"font-weight: 400;\">La acci\u00f3n civil en el procedimiento monitorio<\/li>\n<li style=\"font-weight: 400;\">D) An\u00e1lisis de un caso de procedimiento abreviado improcedente (caso<\/li>\n<\/ol>\n<p style=\"font-weight: 400;\">en que se rebaja forzadamente la pena para poder abreviar)<\/p>\n<p style=\"font-weight: 400;\">2.7. Juicio oral<\/p>\n<ol>\n<li style=\"font-weight: 400;\">A) Estructura del juicio oral<\/li>\n<li style=\"font-weight: 400;\">B) Desarrollo del juicio oral<\/li>\n<li style=\"font-weight: 400;\">La prueba testimonial<\/li>\n<li style=\"font-weight: 400;\">La procedencia del informe pericial<\/li>\n<li style=\"font-weight: 400;\">Lectura de apoyo de memoria en el juicio oral<\/li>\n<li style=\"font-weight: 400;\">Otros medios de prueba (art. 323 del CPP)<\/li>\n<li style=\"font-weight: 400;\">Prueba documental (art. 333 del CPP)<\/li>\n<li style=\"font-weight: 400;\">Prueba nueva y prueba sobre prueba (art. 336 del CPP)<\/li>\n<li style=\"font-weight: 400;\">Declaraci\u00f3n del acusado como medio de defensa<\/li>\n<li style=\"font-weight: 400;\">Declaraci\u00f3n de los testigos<\/li>\n<li style=\"font-weight: 400;\">Prueba pericial<\/li>\n<li style=\"font-weight: 400;\">Interrogatorios y contrainterrogatorios<\/li>\n<li style=\"font-weight: 400;\">Las palabras fnales del art\u00edculo 338 del CPP<\/li>\n<li style=\"font-weight: 400;\">C) Veredicto y fallo<\/li>\n<li style=\"font-weight: 400;\">Valoraci\u00f3n de la prueba<\/li>\n<li style=\"font-weight: 400;\">El sistema de valoraci\u00f3n libre de la prueba conforme a la sana cr\u00edtica<\/li>\n<li style=\"font-weight: 400;\">Deliberaci\u00f3n (arts. 339, 343, 340 y 347 del CPP)<\/li>\n<li style=\"font-weight: 400;\">Plazos para deliberar<\/li>\n<li style=\"font-weight: 400;\">Contenido del acta de deliberaci\u00f3n<\/li>\n<li style=\"font-weight: 400;\">Congruencia y sentencia<\/li>\n<li style=\"font-weight: 400;\">Contenido de la sentencia penal<\/li>\n<\/ol>\n<p style=\"font-weight: 400;\">2.8. Audiencias de control de ejecuci\u00f3n de las penas<\/p>\n<ol>\n<li style=\"font-weight: 400;\">A) Juez de garant\u00eda y control de ejecuci\u00f3n<\/li>\n<li style=\"font-weight: 400;\">B) Derechos fundamentales del condenado en la etapa de ejecuci\u00f3n<\/li>\n<\/ol>\n<p style=\"font-weight: 400;\"><b><strong>ANEXO<\/strong><\/b><br \/>\n<b><strong>GLOSARIO DE T\u00c9RMINOS JUR\u00cdDICOS DEL C\u00d3DIGO PROCESAL PENAL CHILENO, EN LENGUAJE CLARO Y SENCILLO, PARA EL OPERADOR JUEZ PENAL<\/strong><\/b><\/p>\n","protected":false},"excerpt":{"rendered":"<p>Estimados (as) Pueden comprar su libro jur\u00eddico en www.bibliotecajuridicavirtual.cl<br \/>\nReservas al +56930565235 \/ Encuentra toda la l\u00ednea jur\u00eddica que buscas con nosotros. Ofrecemos descuentos especiales<br \/>\nEnv\u00edos por starken a todo el Pa\u00eds.<br \/>\nVis\u00edtanos te esperamos.!<\/p>\n","protected":false},"featured_media":4506,"comment_status":"open","ping_status":"closed","template":"","meta":{"inline_featured_image":false,"_joinchat":[]},"product_brand":[],"product_cat":[38,34],"product_tag":[],"class_list":{"0":"post-4476","1":"product","2":"type-product","3":"status-publish","4":"has-post-thumbnail","6":"product_cat-editorial-der-ediciones","7":"product_cat-procesal-penal","8":"product_shipping_class-a-convenir","10":"first","11":"instock","12":"shipping-taxable","13":"purchasable","14":"product-type-simple"},"_links":{"self":[{"href":"https:\/\/bibliotecajuridicavirtual.cl\/index.php\/wp-json\/wp\/v2\/product\/4476","targetHints":{"allow":["GET"]}}],"collection":[{"href":"https:\/\/bibliotecajuridicavirtual.cl\/index.php\/wp-json\/wp\/v2\/product"}],"about":[{"href":"https:\/\/bibliotecajuridicavirtual.cl\/index.php\/wp-json\/wp\/v2\/types\/product"}],"replies":[{"embeddable":true,"href":"https:\/\/bibliotecajuridicavirtual.cl\/index.php\/wp-json\/wp\/v2\/comments?post=4476"}],"wp:featuredmedia":[{"embeddable":true,"href":"https:\/\/bibliotecajuridicavirtual.cl\/index.php\/wp-json\/wp\/v2\/media\/4506"}],"wp:attachment":[{"href":"https:\/\/bibliotecajuridicavirtual.cl\/index.php\/wp-json\/wp\/v2\/media?parent=4476"}],"wp:term":[{"taxonomy":"product_brand","embeddable":true,"href":"https:\/\/bibliotecajuridicavirtual.cl\/index.php\/wp-json\/wp\/v2\/product_brand?post=4476"},{"taxonomy":"product_cat","embeddable":true,"href":"https:\/\/bibliotecajuridicavirtual.cl\/index.php\/wp-json\/wp\/v2\/product_cat?post=4476"},{"taxonomy":"product_tag","embeddable":true,"href":"https:\/\/bibliotecajuridicavirtual.cl\/index.php\/wp-json\/wp\/v2\/product_tag?post=4476"}],"curies":[{"name":"wp","href":"https:\/\/api.w.org\/{rel}","templated":true}]}}