{"id":4479,"date":"2026-02-28T01:25:55","date_gmt":"2026-02-28T04:25:55","guid":{"rendered":"https:\/\/bibliotecajuridicavirtual.cl\/?post_type=product&#038;p=4479"},"modified":"2026-02-28T01:26:23","modified_gmt":"2026-02-28T04:26:23","slug":"violencia-intrafamiliar-fenomeno-psicosocial-y-marco-regulatorio-ano-2022-240-pag-jessica-arenas-paredes-karen-damke-calderon-autor","status":"publish","type":"product","link":"https:\/\/bibliotecajuridicavirtual.cl\/index.php\/product\/violencia-intrafamiliar-fenomeno-psicosocial-y-marco-regulatorio-ano-2022-240-pag-jessica-arenas-paredes-karen-damke-calderon-autor\/","title":{"rendered":"Violencia Intrafamiliar : Fenomeno psicosocial y marco regulatorio. A\u00f1o 2022\/240 P\u00e1g.  Jessica Arenas Paredes &#8211; Karen Damke Calder\u00f3n Autor"},"content":{"rendered":"<p style=\"font-weight: 400;\">Esta obra tiene por objeto abordar los contenidos esenciales acerca de la violencia intrafamiliar en lo que se refiere a sus aspectos psicosociales y su marco regulatorio, entreg\u00e1ndose nociones generales para el abordaje integral e interdisciplinario del fen\u00f3meno, a la vez que se delimita un marco normativo basado en los est\u00e1ndares del Derecho Internacional de los derechos humanos, a fin de ponerlo en relaci\u00f3n con las normas nacionales y la jurisprudencia sobre la materia.<\/p>\n<p style=\"font-weight: 400;\">Todo lo anterior facilitar\u00e1 el poder estructurar estos contenidos en buenas pr\u00e1cticas que permitan a los operadores judiciales maximizar los recursos normativos, materiales y t\u00e9cnicos para dar cumplimiento al deber de debida diligencia en materia de violencia intrafamiliar: De esta manera, el objetivo general que se han propuestos las autoras de esta obra es intentar sistematizar las normas a la luz de los principios y jurisprudencia, con el fin de orientar en su acertada comprensi\u00f3n, interpretaci\u00f3n y aplicaci\u00f3n.<\/p>\n<ol>\n<li style=\"font-weight: 400;\"><b><strong> Aspectos psicosociales de la violencia intrafamiliar<\/strong><\/b>\n<p>1.1. Consideraciones generales sobre violencia intrafamiliar<br \/>\nA) Violencia como un problema de salud p\u00fablica<br \/>\nB) Aspectos psicosociales de la violencia intrafamiliar: necesidad de un abordaje integral<br \/>\nC) Aspectos psicosociales de la violencia intrafamiliar: enfoques y modelos explicativos de la violencia intrafamiliar<br \/>\na. Enfoques en violencia intrafamiliar: enfoque de derechos humanos<br \/>\nb. Enfoques en violencia intrafamiliar: enfoque de interseccionalidad<br \/>\nc. Enfoques en violencia intrafamiliar: enfoque y\/o perspectiva de g\u00e9nero<br \/>\ni. \u00bfQu\u00e9 hace una perspectiva de g\u00e9nero?<br \/>\nii. \u00bfEn qu\u00e9 momentos se debe incorporar la perspectiva de g\u00e9nero?<br \/>\nd. Modelos explicativos de la violencia intrafamiliar: Modelo Ecol\u00f3gico Multidimensional<br \/>\ne. Modelos explicativos de la violencia intrafamiliar: el ciclo de la violencia f. Modelos explicativos de la violencia intrafamiliar: Rueda de Poder y Control, Modelo de Duluth<br \/>\ng. Modelos explicativos de la violencia intrafamiliar: el circuito del abuso en el sistema familiar o modelo de sistemas abusivos<\/p>\n<p>1.2. Violencia intrafamiliar desde la perspectiva psicosocial<br \/>\nA) Violencia y agresividad<br \/>\nB) Hacia una defnici\u00f3n de violencia intrafamiliar<\/li>\n<\/ol>\n<p style=\"font-weight: 400;\">1.3. Tipolog\u00edas y\/o manifestaciones de la violencia intrafamiliar y sujetos pasivos<br \/>\nA) Tipolog\u00edas y\/o manifestaciones de la violencia intrafamiliar<br \/>\na. Violencia f\u00edsica<br \/>\nb. Violencia psicol\u00f3gica<br \/>\nc. Violencia sexual<br \/>\nd. Violencia de car\u00e1cter patrimonial o econ\u00f3mica<br \/>\ne. Negligencia o abandono<br \/>\nB) Los sujetos pasivos, v\u00edctimas\/sobrevivientes de la violencia intrafamiliar<br \/>\na. Violencia ejercida contra la mujer<br \/>\nb. Violencia hacia ni\u00f1os, ni\u00f1as y adolescentes, hacia la infancia o maltrato infantil<br \/>\nc. Violencia vicaria o por interp\u00f3sita persona<br \/>\nd. Violencia hacia las personas mayores<\/p>\n<ol start=\"2\">\n<li style=\"font-weight: 400;\"><b><strong> La violencia intrafamiliar en el derecho internacional de los derechos humanos<\/strong><\/b><\/li>\n<\/ol>\n<p style=\"font-weight: 400;\">2.1. La violencia como un problema de derechos humanos<\/p>\n<p style=\"font-weight: 400;\">2.2. El derecho de las mujeres a vivir una vida libre de violencia consagrado en los instrumentos internacionales de derechos humanos<br \/>\nA) Convenci\u00f3n sobre la Eliminaci\u00f3n de Todas las Formas de Discriminaci\u00f3n contra la Mujer (CEDAW)<br \/>\nB) Declaraci\u00f3n y Plan de Acci\u00f3n de Viena (1993)<br \/>\nC) Declaraci\u00f3n sobre la Eliminaci\u00f3n de la Violencia contra la Mujer (1994)<br \/>\nD) Convenci\u00f3n Interamericana para Prevenir, Sancionar y Erradicar la Violencia contra la Mujer (Bel\u00e9m do Par\u00e1)<br \/>\nE) Declaraci\u00f3n sobre el Femicidio<br \/>\nF) Recomendaci\u00f3n General N\u00ba 35 del Comit\u00e9 CEDAW<br \/>\nG) Ley Modelo Interamericana para Prevenir, Sancionar y Erradicar la Muerte Violenta de Mujeres y Ni\u00f1as (Femicidio\/Feminicidio)<\/p>\n<p>2.3. Obligaciones y est\u00e1ndares del Sistema de Derechos Humanos aplicables a los casos de violencia contra las mujeres<br \/>\nA) Obligaciones del Estado en materia de derechos humanos de las mujeres<br \/>\nB) Est\u00e1ndares jur\u00eddicos relacionados con la violencia contra la mujer<br \/>\nC) Est\u00e1ndares especiales aplicables a los casos de violencia extrema contra las mujeres<br \/>\nD) Material complementario<\/p>\n<p style=\"font-weight: 400;\">2.4. El derecho a vivir una vida libre de violencia de otras personas que se encuentran en situaci\u00f3n de vulnerabilidad<br \/>\nA) Violencia respecto de NNA como un problema de derechos humanos<br \/>\nB) El derecho de las personas mayores a vivir una vida libre de violencia consagrado en los instrumentos internacionales de derechos humanos<br \/>\na. Principios de las Naciones Unidas en favor de las personas de edad<br \/>\nb. Convenci\u00f3n Interamericana sobre la Protecci\u00f3n de los Derechos Humanos de las Personas Mayores (CIPDHPM)<br \/>\nC) El derecho de las personas con discapacidad a vivir una vida libre de violencia consagrado en los instrumentos internacionales de derechos humanos<br \/>\na. Principios para la protecci\u00f3n de los enfermos mentales y el mejoramiento de la atenci\u00f3n de la salud mental<br \/>\nb. Convenci\u00f3n sobre los Derechos de las Personas con Discapacidad<\/p>\n<ol start=\"3\">\n<li style=\"font-weight: 400;\"><b><strong> Violencia intrafamiliar en el ordenamiento jur\u00eddico chileno<\/strong><\/b><\/li>\n<\/ol>\n<p style=\"font-weight: 400;\">3.1. S\u00edntesis de la evoluci\u00f3n legislativa nacional en materia de violencia intrafamiliar<\/p>\n<p style=\"font-weight: 400;\">3.2. La violencia intrafamiliar en la legislaci\u00f3n vigente<br \/>\nA) El concepto de violencia intrafamiliar<br \/>\na. Conducta<br \/>\nb. V\u00ednculo<br \/>\nc. Da\u00f1o<br \/>\nB) Competencia para el conocimiento y juzgamiento de la violencia intrafamiliar: violencia constitutiva y no constitutiva de delito<br \/>\nC) Violencia intrafamiliar no constitutiva de delito<\/p>\n<p style=\"font-weight: 400;\">3.3. Violencia intrafamiliar constitutiva de delito<br \/>\nA) Violencia intrafamiliar constitutiva de delito en la Ley N\u00ba 20.066: el delito de maltrato habitual<br \/>\na. Antecedente hist\u00f3rico de la figura en derecho comparado: el caso espa\u00f1ol<br \/>\nb. Bien jur\u00eddico protegido<br \/>\nc. Elementos del tipo penal: conducta t\u00edpica<br \/>\nd. Elementos del tipo penal: la habitualidad<br \/>\ne. Elementos del tipo penal: sujetos<br \/>\nf. Elementos del tipo penal: elemento subjetivo<br \/>\ng. Elementos del tipo penal: la pena<br \/>\nh. Exigencia de procesabilidad<br \/>\nB) Los delitos de maltrato corporal relevante y el trato degradante introducidos por la Ley N\u00ba 21.013<br \/>\na. Antecedentes generales y modifcaciones legales introducidas por la Ley N\u00ba 21.013<br \/>\nb. An\u00e1lisis de la fgura simple de maltrato corporal relevante<br \/>\nc. An\u00e1lisis de la fgura califcada de maltrato corporal relevante<br \/>\nd. Delito de sometimiento a trato degradante<br \/>\nC) El delito de femicidio<br \/>\na. Antecedentes<br \/>\nb. El femicidio introducido por la Ley N\u00ba 21.212<br \/>\nc. An\u00e1lisis del nuevo delito de femicidio introducido por la Ley N\u00ba 21.212 (Ley Gabriela)<br \/>\nD) Incumplimiento reiterado de la pensi\u00f3n de alimentos introducido por la Ley N\u00ba 21.389<\/p>\n<ol start=\"4\">\n<li style=\"font-weight: 400;\"><b><strong> Abordaje pr\u00e1ctico de la violencia intrafamiliar<\/strong><\/b><\/li>\n<\/ol>\n<p style=\"font-weight: 400;\">4.1. El procedimiento de violencia intrafamiliar en los juzgados de familia<br \/>\nA) Caracter\u00edsticas del procedimiento de violencia intrafamiliar<br \/>\nB) Estructura del procedimiento<br \/>\nC) Etapa inicial del procedimiento: la denuncia o demanda<br \/>\na. La primera acogida<br \/>\nD) Etapa inicial del procedimiento: la denuncia o demanda de terceros<br \/>\nE) Audiencia preliminar o cautelar<br \/>\na. Habilidades y recursos a desplegar en la realizaci\u00f3n de esta audiencia<br \/>\nb. Relevancia de esta audiencia<br \/>\nF) Audiencia preparatoria<br \/>\na. La discusi\u00f3n<br \/>\nb. La prueba<br \/>\nG) Potestad cautelar<br \/>\na. Factores de riesgo desde el \u00e1mbito psicosocial<br \/>\nb. La victimizaci\u00f3n secundaria<br \/>\nH) T\u00e9rmino del procedimiento de violencia intrafamiliar en los juzgados de familia<\/p>\n<p>4.2. Procedimiento ordinario por crimen o simple delito de acci\u00f3n penal p\u00fablica<br \/>\nA) La V\u00edctima: el proceso penal en hip\u00f3tesis de violencia intrafamiliar constitutiva de delito<br \/>\nB) Rol de la v\u00edctima en procedimiento penal en hip\u00f3tesis de violencia intrafamiliar constitutiva de delito<br \/>\na. El inicio del procedimiento penal<br \/>\nb. La investigaci\u00f3n del Ministerio P\u00fablico: los derechos de las v\u00edctimas<br \/>\nc. La investigaci\u00f3n del Ministerio P\u00fablico: el t\u00e9rmino del procedimiento<br \/>\nd. La investigaci\u00f3n del Ministerio P\u00fablico: el rol de la v\u00edctima en t\u00e9rmino del procedimiento<\/p>\n<p style=\"font-weight: 400;\">4.3. El monitoreo telem\u00e1tico de medidas cautelares y accesorias en el procedimiento penal<\/p>\n<p style=\"font-weight: 400;\">4.4. El trabajo con violencia intrafamiliar: necesidad de autocuidado<\/p>\n<p style=\"font-weight: 400;\">4.5. El Poder Judicial frente a la violencia intrafamiliar: el acceso a la justicia<br \/>\nA) Iniciativas institucionales en materia de violencia<\/p>\n<p style=\"font-weight: 400;\">4.6. Estado del arte en el Poder Judicial: \u00bfc\u00f3mo estamos realmente?<br \/>\nA) Acceso a la justicia de las mujeres v\u00edctimas de violencia usuarias del Poder Judicial<br \/>\nB) Protocolo de actuaci\u00f3n para la atenci\u00f3n en justicia con enfoque de g\u00e9nero y diversidad sexual<\/p>\n<p style=\"font-weight: 400;\">GLOSARIO<\/p>\n<p style=\"font-weight: 400;\"><b><strong>BIBLIOGRAF\u00cdA<br \/>\n<\/strong><\/b><br \/>\nDoctrina<br \/>\nNormativa citada<br \/>\nJurisprudencia citada<br \/>\nVideos<\/p>\n<p style=\"font-weight: 400;\"><b><strong>ANEXOS<\/strong><\/b><\/p>\n<p style=\"font-weight: 400;\">Tabla N\u00ba 1: Tipos o manifestaciones de la violencia de pareja, con \u00e9nfasis en violencia de g\u00e9nero<br \/>\nTabla N\u00ba 2: Estereotipos masculinos y femeninos<br \/>\nTabla N\u00ba 3: Mitos de la violencia en la pareja, violencia de g\u00e9nero<br \/>\nTabla N\u00ba 4: Tipos o manifestaciones de maltrato infantil<br \/>\nTabla N\u00ba 5: Indicadores de malos tratos<br \/>\nTabla N\u00ba 6: Mitos respecto del maltrato infantil<br \/>\nTabla N\u00ba 7: Indicadores de violencia hacia las personas mayores<br \/>\nTabla N\u00ba 8: Estereotipos y mitos respecto de la persona mayor (edadismo o age\u00edsmo)<br \/>\nTabla N\u00ba 9: Mitos hacia las personas con discapacidad<br \/>\nTabla N\u00ba10: Lista de verificaci\u00f3n de la aplicaci\u00f3n del m\u00e9todo de juzgar con perspectiva de g\u00e9nero<\/p>\n","protected":false},"excerpt":{"rendered":"<p>Esta obra tiene por objeto abordar los contenidos esenciales acerca de la violencia intrafamiliar en lo que se refiere a sus aspectos psicosociales y su marco regulatorio, entreg\u00e1ndose nociones generales para el abordaje integral e interdisciplinario del fen\u00f3meno, a la vez que se delimita un marco normativo basado en los est\u00e1ndares del Derecho Internacional de los derechos humanos, a fin de ponerlo en relaci\u00f3n con las normas nacionales y la jurisprudencia sobre la materia. Todo lo anterior facilitar\u00e1 el poder estructurar estos contenidos en buenas pr\u00e1cticas que permitan a los operadores judiciales maximizar los recursos normativos, materiales y t\u00e9cnicos para dar cumplimiento al deber de debida diligencia en materia de violencia intrafamiliar: De esta manera, el objetivo general que se han propuestos las autoras de esta obra es intentar sistematizar las normas a la luz de los principios y jurisprudencia, con el fin de orientar en su acertada comprensi\u00f3n, interpretaci\u00f3n y aplicaci\u00f3n. Aspectos psicosociales de la violencia intrafamiliar 1.1. Consideraciones generales sobre violencia intrafamiliar A) Violencia como un problema de salud p\u00fablica B) Aspectos psicosociales de la violencia intrafamiliar: necesidad de un abordaje integral C) Aspectos psicosociales de la violencia intrafamiliar: enfoques y modelos explicativos de la violencia intrafamiliar a. Enfoques en violencia intrafamiliar: enfoque de derechos humanos b. Enfoques en violencia intrafamiliar: enfoque de interseccionalidad c. Enfoques en violencia intrafamiliar: enfoque y\/o perspectiva de g\u00e9nero i. \u00bfQu\u00e9 hace una perspectiva de g\u00e9nero? ii. \u00bfEn qu\u00e9 momentos se debe incorporar la perspectiva de g\u00e9nero? d. Modelos explicativos de la violencia intrafamiliar: Modelo Ecol\u00f3gico Multidimensional e. Modelos explicativos de la violencia intrafamiliar: el ciclo de la violencia f. Modelos explicativos de la violencia intrafamiliar: Rueda de Poder y Control, Modelo de Duluth g. Modelos explicativos de la violencia intrafamiliar: el circuito del abuso en el sistema familiar o modelo de sistemas abusivos 1.2. Violencia intrafamiliar desde la perspectiva psicosocial A) Violencia y agresividad B) Hacia una defnici\u00f3n de violencia intrafamiliar 1.3. Tipolog\u00edas y\/o manifestaciones de la violencia intrafamiliar y sujetos pasivos A) Tipolog\u00edas y\/o manifestaciones de la violencia intrafamiliar a. Violencia f\u00edsica b. Violencia psicol\u00f3gica c. Violencia sexual d. Violencia de car\u00e1cter patrimonial o econ\u00f3mica e. Negligencia o abandono B) Los sujetos pasivos, v\u00edctimas\/sobrevivientes de la violencia intrafamiliar a. Violencia ejercida contra la mujer b. Violencia hacia ni\u00f1os, ni\u00f1as y adolescentes, hacia la infancia o maltrato infantil c. Violencia vicaria o por interp\u00f3sita persona d. Violencia hacia las personas mayores La violencia intrafamiliar en el derecho internacional de los derechos humanos 2.1. La violencia como un problema de derechos humanos 2.2. El derecho de las mujeres a vivir una vida libre de violencia consagrado en los instrumentos internacionales de derechos humanos A) Convenci\u00f3n sobre la Eliminaci\u00f3n de Todas las Formas de Discriminaci\u00f3n contra la Mujer (CEDAW) B) Declaraci\u00f3n y Plan de Acci\u00f3n de Viena (1993) C) Declaraci\u00f3n sobre la Eliminaci\u00f3n de la Violencia contra la Mujer (1994) D) Convenci\u00f3n Interamericana para Prevenir, Sancionar y Erradicar la Violencia contra la Mujer (Bel\u00e9m do Par\u00e1) E) Declaraci\u00f3n sobre el Femicidio F) Recomendaci\u00f3n General N\u00ba 35 del Comit\u00e9 CEDAW G) Ley Modelo Interamericana para Prevenir, Sancionar y Erradicar la Muerte Violenta de Mujeres y Ni\u00f1as (Femicidio\/Feminicidio) 2.3. Obligaciones y est\u00e1ndares del Sistema de Derechos Humanos aplicables a los casos de violencia contra las mujeres A) Obligaciones del Estado en materia de derechos humanos de las mujeres B) Est\u00e1ndares jur\u00eddicos relacionados con la violencia contra la mujer C) Est\u00e1ndares especiales aplicables a los casos de violencia extrema contra las mujeres D) Material complementario 2.4. El derecho a vivir una vida libre de violencia de otras personas que se encuentran en situaci\u00f3n de vulnerabilidad A) Violencia respecto de NNA como un problema de derechos humanos B) El derecho de las personas mayores a vivir una vida libre de violencia consagrado en los instrumentos internacionales de derechos humanos a. Principios de las Naciones Unidas en favor de las personas de edad b. Convenci\u00f3n Interamericana sobre la Protecci\u00f3n de los Derechos Humanos de las Personas Mayores (CIPDHPM) C) El derecho de las personas con discapacidad a vivir una vida libre de violencia consagrado en los instrumentos internacionales de derechos humanos a. Principios para la protecci\u00f3n de los enfermos mentales y el mejoramiento de la atenci\u00f3n de la salud mental b. Convenci\u00f3n sobre los Derechos de las Personas con Discapacidad Violencia intrafamiliar en el ordenamiento jur\u00eddico chileno 3.1. S\u00edntesis de la evoluci\u00f3n legislativa nacional en materia de violencia intrafamiliar 3.2. La violencia intrafamiliar en la legislaci\u00f3n vigente A) El concepto de violencia intrafamiliar a. Conducta b. V\u00ednculo c. Da\u00f1o B) Competencia para el conocimiento y juzgamiento de la violencia intrafamiliar: violencia constitutiva y no constitutiva de delito C) Violencia intrafamiliar no constitutiva de delito 3.3. Violencia intrafamiliar constitutiva de delito A) Violencia intrafamiliar constitutiva de delito en la Ley N\u00ba 20.066: el delito de maltrato habitual a. Antecedente hist\u00f3rico de la figura en derecho comparado: el caso espa\u00f1ol b. Bien jur\u00eddico protegido c. Elementos del tipo penal: conducta t\u00edpica d. Elementos del tipo penal: la habitualidad e. Elementos del tipo penal: sujetos f. Elementos del tipo penal: elemento subjetivo g. Elementos del tipo penal: la pena h. Exigencia de procesabilidad B) Los delitos de maltrato corporal relevante y el trato degradante introducidos por la Ley N\u00ba 21.013 a. Antecedentes generales y modifcaciones legales introducidas por la Ley N\u00ba 21.013 b. An\u00e1lisis de la fgura simple de maltrato corporal relevante c. An\u00e1lisis de la fgura califcada de maltrato corporal relevante d. Delito de sometimiento a trato degradante C) El delito de femicidio a. Antecedentes b. El femicidio introducido por la Ley N\u00ba 21.212 c. An\u00e1lisis del nuevo delito de femicidio introducido por la Ley N\u00ba 21.212 (Ley Gabriela) D) Incumplimiento reiterado de la pensi\u00f3n de alimentos introducido por la Ley N\u00ba 21.389 Abordaje pr\u00e1ctico de la violencia intrafamiliar 4.1. El procedimiento de violencia intrafamiliar en los juzgados de familia A) Caracter\u00edsticas del procedimiento de violencia intrafamiliar B) Estructura del procedimiento C) Etapa inicial del procedimiento: la denuncia o demanda a. La primera acogida D) Etapa inicial del procedimiento: la<\/p>\n","protected":false},"featured_media":4531,"comment_status":"open","ping_status":"closed","template":"","meta":{"inline_featured_image":false,"_joinchat":[]},"product_brand":[],"product_cat":[38,29],"product_tag":[],"class_list":{"0":"post-4479","1":"product","2":"type-product","3":"status-publish","4":"has-post-thumbnail","6":"product_cat-editorial-der-ediciones","7":"product_cat-familia-y-del-menor","8":"product_shipping_class-a-convenir","10":"first","11":"instock","12":"shipping-taxable","13":"purchasable","14":"product-type-simple"},"_links":{"self":[{"href":"https:\/\/bibliotecajuridicavirtual.cl\/index.php\/wp-json\/wp\/v2\/product\/4479","targetHints":{"allow":["GET"]}}],"collection":[{"href":"https:\/\/bibliotecajuridicavirtual.cl\/index.php\/wp-json\/wp\/v2\/product"}],"about":[{"href":"https:\/\/bibliotecajuridicavirtual.cl\/index.php\/wp-json\/wp\/v2\/types\/product"}],"replies":[{"embeddable":true,"href":"https:\/\/bibliotecajuridicavirtual.cl\/index.php\/wp-json\/wp\/v2\/comments?post=4479"}],"wp:featuredmedia":[{"embeddable":true,"href":"https:\/\/bibliotecajuridicavirtual.cl\/index.php\/wp-json\/wp\/v2\/media\/4531"}],"wp:attachment":[{"href":"https:\/\/bibliotecajuridicavirtual.cl\/index.php\/wp-json\/wp\/v2\/media?parent=4479"}],"wp:term":[{"taxonomy":"product_brand","embeddable":true,"href":"https:\/\/bibliotecajuridicavirtual.cl\/index.php\/wp-json\/wp\/v2\/product_brand?post=4479"},{"taxonomy":"product_cat","embeddable":true,"href":"https:\/\/bibliotecajuridicavirtual.cl\/index.php\/wp-json\/wp\/v2\/product_cat?post=4479"},{"taxonomy":"product_tag","embeddable":true,"href":"https:\/\/bibliotecajuridicavirtual.cl\/index.php\/wp-json\/wp\/v2\/product_tag?post=4479"}],"curies":[{"name":"wp","href":"https:\/\/api.w.org\/{rel}","templated":true}]}}