{"id":4481,"date":"2026-02-28T01:25:55","date_gmt":"2026-02-28T04:25:55","guid":{"rendered":"https:\/\/bibliotecajuridicavirtual.cl\/?post_type=product&#038;p=4481"},"modified":"2026-02-28T01:26:24","modified_gmt":"2026-02-28T04:26:24","slug":"la-arquitectura-probatoria-del-dano-ano-2023-248-pag-autor-jonatan-valenzuela","status":"publish","type":"product","link":"https:\/\/bibliotecajuridicavirtual.cl\/index.php\/product\/la-arquitectura-probatoria-del-dano-ano-2023-248-pag-autor-jonatan-valenzuela\/","title":{"rendered":"La Arquitectura Probatoria del da\u00f1o. A\u00f1o 2023\/248 P\u00e1g. Autor Jonatan Valenzuela"},"content":{"rendered":"<p>Todo libro es una obra colectiva, aunque este lo es en un sentido mucho m\u00e1s intenso del habitual.<br \/>\nEl presente libro re\u00fane diversos trabajos en torno a los problemas probatorios del da\u00f1o. Si bien tiene un enfoque marcadamente jur\u00eddico, re\u00fane puntos de vista propios de diversas ramas asociadas al derecho.<br \/>\n&#8220;La arquitectura probatoria del da\u00f1o&#8221; es un trabajo que pretende dar cuenta de reflexiones que muestran c\u00f3mo las discusiones probatorias generan una intersecci\u00f3n entre derecho procesal, derecho civil, derecho ambiental y epistemolog\u00eda jur\u00eddica. Es un trabajo que muestra que el debate jur\u00eddico es sinceramente miope sin recurrir a varios puntos de vista incluso &#8220;extra jur\u00eddicos&#8221;.<br \/>\nEs una obra \u00fatil tanto para estudiantes como para acad\u00e9micos y abogados interesados en conocer el estado del debate probatorio en torno a diversos problemas del tratamiento jur\u00eddico del da\u00f1o.<br \/>\n\u00cdndice<br \/>\nA GUISA DE INTRODUCCI\u00d3N<br \/>\nJonatan Valenzuela S.<br \/>\nCONTRA EL CIENTIFICISMO EN LA PRUEBA DEL DA\u00d1O MORAL<br \/>\nJos\u00e9 Duque V.<br \/>\nI. Introducci\u00f3n\u00a0\u00a0 \u00a0\u00a0\u00a0 \u00a015<br \/>\nII. El (supuesto) problema epist\u00e9mico del da\u00f1o moral\u00a0\u00a0 \u00a0\u00a0\u00a0 \u00a017<br \/>\nIII. El problema cientificista de la prueba del da\u00f1o moral\u00a0\u00a0 \u00a0\u00a0\u00a0 \u00a025<br \/>\nIV. Conclusiones y desaf\u00edos\u00a0\u00a0 \u00a0\u00a0\u00a0 \u00a040<br \/>\nV. Bibliograf\u00eda\u00a0\u00a0 \u00a0\u00a0\u00a0 \u00a042<br \/>\nPRUEBA CIENT\u00cdFICA Y PRUEBA DEL DOLOR. AN\u00c1LISIS DEL USO DE LA NEUROCIENCIA PARA LA PRUEBA DEL DOLOR EN EL PROCESO CIVIL CHILENO<br \/>\nPedro Pablo D\u00edaz V.<br \/>\nI. Introducci\u00f3n\u00a0\u00a0 \u00a0\u00a0\u00a0 \u00a047<br \/>\nII. Da\u00f1o moral como dolor y su dificultad probatoria\u00a0\u00a0 \u00a0\u00a0\u00a0 \u00a049<br \/>\nIII. Prueba cient\u00edfica y prueba del dolor\u00a0\u00a0 \u00a0\u00a0\u00a0 \u00a053<br \/>\nIV. Neurociencia y prueba del dolor\u00a0\u00a0 \u00a0\u00a0\u00a0 \u00a056<br \/>\nV. Conclusi\u00f3n\u00a0\u00a0 \u00a0\u00a0\u00a0 \u00a073<br \/>\nVI. Bibliograf\u00eda\u00a0\u00a0 \u00a0\u00a0\u00a0 \u00a076<br \/>\n\u00bfVULNERA EL ACTUAL PROCEDIMIENTO CIVIL EL DERECHO A LA PRUEBA EN LOS CASOS DE DA\u00d1OS CIVILES DERIVADOS DE<br \/>\nVULNERACIONES AL MEDIO AMBIENTE?<br \/>\nGabriel Costamaillere Valdebenito<br \/>\nI. Introducci\u00f3n\u00a0\u00a0 \u00a0\u00a0\u00a0 \u00a081<br \/>\nII. Relaciones jur\u00eddicas que nacen de la vulneraci\u00f3n al medio ambiente, y en particular sobre la relaci\u00f3n civil\u00a0\u00a0 \u00a0\u00a0\u00a0 \u00a083<br \/>\nIII. El procedimiento ambiental y el procedimiento civil\u00a0\u00a0 \u00a0\u00a0\u00a0 \u00a089<br \/>\nIV. Debido proceso y derecho a la prueba\u00a0\u00a0 \u00a0\u00a0\u00a0 \u00a092<br \/>\nV. Vulneraci\u00f3n al derecho a la prueba en materia de da\u00f1os civiles derivados de una vulneraci\u00f3n al medio ambiente\u00a0\u00a0 \u00a0\u00a0\u00a0 \u00a0103<br \/>\nVI. Bibliograf\u00eda\u00a0\u00a0 \u00a0\u00a0\u00a0 \u00a0107<br \/>\nVALOR PROBATORIO DE LA EXPRESI\u00d3N \u201cPRESUNCI\u00d3N FUNDADA\u201d EN EL ART\u00cdCULO 181 INCISO 2 DE LA LEY DE TR\u00c1NSITO CHILENA<br \/>\nJos\u00e9 Manuel Huerta T.<br \/>\nI. Introducci\u00f3n. uso de la expresi\u00f3n \u201cpresunci\u00f3n fundada\u201d en el art\u00edculo 181 inciso 2 de la ley de tr\u00e1nsito \u00a0\u00a0 \u00a0\u00a0\u00a0 \u00a0111<br \/>\nII. \u201cPresunci\u00f3n fundada\u201d como presunci\u00f3n de derecho \u00a0\u00a0 \u00a0\u00a0\u00a0 \u00a0112<br \/>\nIII. \u201cPresunci\u00f3n fundada\u201d como presunci\u00f3n legal\u00a0\u00a0 \u00a0\u00a0\u00a0 \u00a0114<br \/>\nIV. \u201cPresunci\u00f3n fundada\u201d como inferencia probatoria epist\u00e9mica o \u201cpresunci\u00f3n judicial\u201d\u00a0\u00a0 \u00a0\u00a0\u00a0 \u00a0117<br \/>\nV. Efectos jur\u00eddicos de concebir la \u201cpresunci\u00f3n fundada\u201d como inferencia probatoria epistemol\u00f3gica \u00a0\u00a0 \u00a0\u00a0\u00a0 \u00a0122<br \/>\nVI. Conclusiones\u00a0\u00a0 \u00a0\u00a0\u00a0 \u00a0128<br \/>\nVII. Bibliograf\u00eda\u00a0\u00a0 \u00a0\u00a0\u00a0 \u00a0130<br \/>\nWHAT IS LOVE(TORT)? BABY DON\u2019T HURT ME, DON\u2019T HURT ME, NO MORE. DIFICULTADES PROBATORIAS DEL DA\u00d1O MORAL EN MATERIA DE FAMILIA<br \/>\nJes\u00fas Ezurmendia \u00c1.<br \/>\nMar\u00eda de los \u00c1ngeles Gonz\u00e1lez C.<br \/>\nI. Introducci\u00f3n\u00a0\u00a0 \u00a0\u00a0\u00a0 \u00a0135<br \/>\nII. Tesis sobre la indemnizaci\u00f3n de los da\u00f1os en familia\u00a0\u00a0 \u00a0\u00a0\u00a0 \u00a0138<br \/>\nIII. Sobre la prueba\u00a0\u00a0 \u00a0\u00a0\u00a0 \u00a0144<br \/>\nIV. Problemas de la prueba del da\u00f1o en las relaciones de familia\u00a0\u00a0 \u00a0\u00a0\u00a0 \u00a0147<br \/>\nV. Conclusiones\u00a0\u00a0 \u00a0\u00a0\u00a0 \u00a0159<br \/>\nVI. Bibliograf\u00eda\u00a0\u00a0 \u00a0\u00a0\u00a0 \u00a0160<br \/>\nCONCEPTUALIZACI\u00d3N DE LA PRUEBA DEL DA\u00d1O MORAL COLECTIVO EN EL IL\u00cdCITO DE COLUSI\u00d3N EN CHILE<br \/>\nFelipe Barrera H.<br \/>\nI. Introducci\u00f3n\u00a0\u00a0 \u00a0\u00a0\u00a0 \u00a0167<br \/>\nII. \u00bfQu\u00e9 es el da\u00f1o moral colectivo?\u00a0\u00a0 \u00a0\u00a0\u00a0 \u00a0170<br \/>\nIII. \u00bfC\u00f3mo se entiende el \u201cda\u00f1o moral colectivo\u201d en la lpc?\u00a0\u00a0 \u00a0\u00a0\u00a0 \u00a0173<br \/>\nIV. El da\u00f1o moral se prueba\u00a0\u00a0 \u00a0\u00a0\u00a0 \u00a0176<br \/>\nV. Afectaci\u00f3n a la integridad f\u00edsica, ps\u00edquica y a la dignidad \u00a0\u00a0 \u00a0\u00a0\u00a0 \u00a0178<br \/>\nVI. Prueba del da\u00f1o moral colectivo en sede de libre competencia\u00a0\u00a0 \u00a0\u00a0\u00a0 \u00a0181<br \/>\nVII. Comentarios adicionales\u00a0\u00a0 \u00a0\u00a0\u00a0 \u00a0188<br \/>\nVIII. Conclusiones\u00a0\u00a0 \u00a0\u00a0\u00a0 \u00a0190<br \/>\nIX. Bibliograf\u00eda\u00a0\u00a0 \u00a0\u00a0\u00a0 \u00a0192<br \/>\nLA ESTRUCTURA PROBATORIA DEL DA\u00d1O EN JUICIOS POR EXCLUSI\u00d3N ILEG\u00cdTIMA DE OFERENTES<br \/>\nHugo A. C\u00e1rdenas V.<br \/>\nI. Introducci\u00f3n\u00a0\u00a0 \u00a0\u00a0\u00a0 \u00a0195<br \/>\nII. El r\u00e9gimen jur\u00eddico de las licitaciones p\u00fablicas en chile: los tribunales competentes y los remedios disponibles\u00a0\u00a0 \u00a0\u00a0\u00a0 \u00a0197<br \/>\nIII. Los conceptos de la jurisprudencia de la sala tercera\u00a0\u00a0 \u00a0\u00a0\u00a0 \u00a0199<br \/>\nIV. Lucro cesante y p\u00e9rdida de la chance de lucro cesante: bases para su indemnizaci\u00f3n en supuestos de exclusi\u00f3n de oferentes\u00a0\u00a0 \u00a0\u00a0\u00a0 \u00a0209<br \/>\nV. Conclusiones\u00a0\u00a0 \u00a0\u00a0\u00a0 \u00a0220<br \/>\nVI. Bibliograf\u00eda\u00a0\u00a0 \u00a0\u00a0\u00a0 \u00a0222<br \/>\nNARRACIONES PROBATORIAS.<br \/>\nPROBLEMAS DE REDACCI\u00d3N EN TORNO AL DA\u00d1O<br \/>\nPor Jonatan Valenzuela S.<br \/>\nI. Introducci\u00f3n\u00a0\u00a0 \u00a0\u00a0\u00a0 \u00a0229<br \/>\nII. El texto y la narraci\u00f3n\u00a0\u00a0 \u00a0\u00a0\u00a0 \u00a0232<br \/>\nIII. Las narraciones como estructura y soporte\u00a0\u00a0 \u00a0\u00a0\u00a0 \u00a0236<br \/>\nIV. Conclusi\u00f3n: narraciones y antihumanismo\u00a0\u00a0 \u00a0\u00a0\u00a0 \u00a0243<br \/>\nV. Bibliograf\u00eda\u00a0\u00a0 \u00a0\u00a0\u00a0 \u00a0245<\/p>\n","protected":false},"excerpt":{"rendered":"<hr \/>\n<blockquote><p>&nbsp;<\/p><\/blockquote>\n","protected":false},"featured_media":4533,"comment_status":"open","ping_status":"closed","template":"","meta":{"inline_featured_image":false,"_joinchat":[]},"product_brand":[],"product_cat":[39],"product_tag":[],"class_list":{"0":"post-4481","1":"product","2":"type-product","3":"status-publish","4":"has-post-thumbnail","6":"product_cat-procesal-civil","7":"product_shipping_class-a-convenir","9":"first","10":"instock","11":"shipping-taxable","12":"purchasable","13":"product-type-simple"},"_links":{"self":[{"href":"https:\/\/bibliotecajuridicavirtual.cl\/index.php\/wp-json\/wp\/v2\/product\/4481","targetHints":{"allow":["GET"]}}],"collection":[{"href":"https:\/\/bibliotecajuridicavirtual.cl\/index.php\/wp-json\/wp\/v2\/product"}],"about":[{"href":"https:\/\/bibliotecajuridicavirtual.cl\/index.php\/wp-json\/wp\/v2\/types\/product"}],"replies":[{"embeddable":true,"href":"https:\/\/bibliotecajuridicavirtual.cl\/index.php\/wp-json\/wp\/v2\/comments?post=4481"}],"wp:featuredmedia":[{"embeddable":true,"href":"https:\/\/bibliotecajuridicavirtual.cl\/index.php\/wp-json\/wp\/v2\/media\/4533"}],"wp:attachment":[{"href":"https:\/\/bibliotecajuridicavirtual.cl\/index.php\/wp-json\/wp\/v2\/media?parent=4481"}],"wp:term":[{"taxonomy":"product_brand","embeddable":true,"href":"https:\/\/bibliotecajuridicavirtual.cl\/index.php\/wp-json\/wp\/v2\/product_brand?post=4481"},{"taxonomy":"product_cat","embeddable":true,"href":"https:\/\/bibliotecajuridicavirtual.cl\/index.php\/wp-json\/wp\/v2\/product_cat?post=4481"},{"taxonomy":"product_tag","embeddable":true,"href":"https:\/\/bibliotecajuridicavirtual.cl\/index.php\/wp-json\/wp\/v2\/product_tag?post=4481"}],"curies":[{"name":"wp","href":"https:\/\/api.w.org\/{rel}","templated":true}]}}