{"id":4482,"date":"2026-02-28T01:25:55","date_gmt":"2026-02-28T04:25:55","guid":{"rendered":"https:\/\/bibliotecajuridicavirtual.cl\/?post_type=product&#038;p=4482"},"modified":"2026-02-28T01:26:25","modified_gmt":"2026-02-28T04:26:25","slug":"el-derecho-humano-a-la-identidad-cultural-en-el-derecho-internacional-ano-2023-418-pag-autor-juan-jorge-faundes-penafiel","status":"publish","type":"product","link":"https:\/\/bibliotecajuridicavirtual.cl\/index.php\/product\/el-derecho-humano-a-la-identidad-cultural-en-el-derecho-internacional-ano-2023-418-pag-autor-juan-jorge-faundes-penafiel\/","title":{"rendered":"El Derecho Humano a la identidad cultural en el Derecho Internacional. A\u00f1o 2023\/418 P\u00e1g. Autor Juan Jorge Faundes Pe\u00f1afiel"},"content":{"rendered":"<p>Este libro aborda en profundidad los problemas en torno a la configuraci\u00f3n del derecho humano a la identidad cultural en el Derecho Internacional de los Derechos Humanos. En particular, trata sus lecturas y desarrollo progresivo, respectiva y comparadamente, en el Sistema Europeo y en el Sistema Interamericano de Derechos Humanos. Presenta el derecho humano a la identidad cultural como un derecho en com\u00fan, americano y europeo, sustentado en un n\u00facleo convergente en unas mismas fuentes de derechos humanos de car\u00e1cter universal. Asimismo, explica c\u00f3mo este derecho es elevado a un valor que caracteriza las democracias europeas y americanas.<br \/>\nParalelamente, la obra desarrolla los alcances de las doctrinas interpretativas de cada tribunal, el Control de Convencionalidad de la Corte IDH y el Margen de Apreciaci\u00f3n Nacional del TEDH. As\u00ed, el libro se\u00f1alar\u00e1 que el principal desaf\u00edo en torno al derecho humano a la identidad cultural radica en avanzar hacia una reflexi\u00f3n compartida que pueda alcanzar un entendimiento armonizable de la cuesti\u00f3n de la competencia de supervisi\u00f3n jurisdiccional internacional de cada tribunal, regida por el principio de subsidiariedad (enlazado a complejas estrategias de cohabitaci\u00f3n, de gram\u00e1ticas y arquitecturas hist\u00f3ricas y pol\u00edticas bien distintas en cada caso).<br \/>\nFrente a este nudo, plantea que una mirada dial\u00f3gica para la supervisi\u00f3n jurisdiccional internacional en el \u00e1mbito del TEDH y de la Corte IDH, puede colaborar, mutuamente, al reforzamiento de los est\u00e1ndares de cumplimiento relativos al derecho humano a la identidad cultural.<\/p>\n<div class=\"row row-detalle-libro\">\n<div class=\"col-md-8 col-sm-8\">\n<div id=\"bookmiscSinopsisValoraciones\" class=\"book-misc tabcontainer\">\n<div class=\"tab-content\">\n<div id=\"indice\" class=\"tab-pane fade active in\" role=\"tabpanel\">\n<div id=\"indiceContainer\" class=\"indice-nowrap\">\n<p>\u00cdndice<br \/>\nAGRADECIMIENTOS\u00a0\u00a0 \u00a0\u00a0\u00a0 \u00a013<br \/>\nPR\u00d3LOGO\u00a0\u00a0 \u00a0\u00a0\u00a0 \u00a015<br \/>\nPABLO ANTONIO FERN\u00c1NDEZ S\u00c1NCHEZ<br \/>\nINTRODUCCI\u00d3N\u00a0\u00a0 \u00a0\u00a0\u00a0 \u00a021<br \/>\nCap\u00edtulo I<br \/>\nEL DERECHO HUMANO A LA IDENTIDAD CULTURAL:<br \/>\nANTECEDENTES GENERALES Y CONCEPTOS NECESARIOS<br \/>\n1.\u00a0\u00a0 \u00a0EL DERECHO HUMANO A LA IDENTIDAD CULTURAL COMO CATEGOR\u00cdA NORMATIVA\u00a0\u00a0 \u00a0\u00a0\u00a0 \u00a035<br \/>\n2.\u00a0\u00a0 \u00a0APROXIMACIONES PARA DEFINIR EL DERECHO HUMANO A LA IDENTIDAD CULTURAL\u00a0\u00a0 \u00a0\u00a0\u00a0 \u00a037<br \/>\n3.\u00a0\u00a0 \u00a0LAS \u201cMINOR\u00cdAS\u201d Y \u201cGRUPOS VULNERABLES\u201d COMO TITULARES DEL DERECHO HUMANO A LA IDENTIDAD CULTURAL\u00a0\u00a0 \u00a0\u00a0\u00a0 \u00a038<br \/>\n4.\u00a0\u00a0 \u00a0LOS \u201cPUEBLOS IND\u00cdGENAS\u201d Y OTROS \u201cGRUPOS TRIBALES\u201d O \u201cAFRODESCENDIENTES\u201d COMO TITULARES DEL DERECHO HUMANO A LA IDENTIDAD CULTURAL\u00a0\u00a0 \u00a0\u00a0\u00a0 \u00a043<br \/>\n5.\u00a0\u00a0 \u00a0EL DERECHO A LA IDENTIDAD CULTURAL \u00bfDERECHO HUMANO O DERECHO FUNDAMENTAL?\u00a0\u00a0 \u00a0\u00a0\u00a0 \u00a047<br \/>\n6.\u00a0\u00a0 \u00a0DI\u00c1LOGO ENTRE TRIBUNALES REGIONALES DE DERECHOS HUMANOS\u00a0\u00a0 \u00a0\u00a0\u00a0 \u00a052<br \/>\nCap\u00edtulo II<br \/>\nEL DERECHO A LA IDENTIDAD CULTURAL EN LAS FUENTES<br \/>\nDEL DERECHO INTERNACIONAL<br \/>\n1.\u00a0\u00a0 \u00a0FUENTES EN EL SISTEMA UNIVERSAL DE DERECHOS HUMANOS\u00a0\u00a0 \u00a0\u00a0\u00a0 \u00a056<br \/>\n1.1.\u00a0\u00a0 \u00a0Convenci\u00f3n Internacional sobre la Eliminaci\u00f3n de todas las Formas de Discriminaci\u00f3n Racial:\u00a0\u00a0 \u00a0\u00a0\u00a0 \u00a056<br \/>\n1.2.\u00a0\u00a0 \u00a0Pacto Internacional de Derechos Econ\u00f3micos, Sociales y Culturales y el \u201cderecho a participar en la vida cultural\u201d:\u00a0\u00a0 \u00a0\u00a0\u00a0 \u00a057<br \/>\n1.3.\u00a0\u00a0 \u00a0Pacto Internacional de Derechos Civiles y Pol\u00edticos y el derecho humano a la identidad cultural como derecho de las minor\u00edas nacionales \u00a0\u00a0 \u00a0\u00a0\u00a0 \u00a058<br \/>\n2.\u00a0\u00a0 \u00a0FUENTES ESPECIALIZADAS Y REGIONALES EN MATERIA CULTURAL\u00a0\u00a0 \u00a0\u00a0\u00a0 \u00a060<br \/>\n3.\u00a0\u00a0 \u00a0FUENTES ESPECIALIZADAS EN RELACI\u00d3N CON PUEBLOS IND\u00cdGENAS Y TRIBALES\u00a0\u00a0 \u00a0\u00a0\u00a0 \u00a071<br \/>\n4.\u00a0\u00a0 \u00a0LA CONVENCI\u00d3N AMERICANA DE DERECHOS HUMANOS (CADH) \u00a0\u00a0 \u00a0\u00a0\u00a0 \u00a075<br \/>\n4.1.\u00a0\u00a0 \u00a0Normas de base para la \u201cinterpretaci\u00f3n evolutiva\u201d:\u00a0\u00a0 \u00a0\u00a0\u00a0 \u00a076<br \/>\n4.2.\u00a0\u00a0 \u00a0Los derechos de la CADH que justifican el derecho humano a la identidad cultural:\u00a0\u00a0 \u00a0\u00a0\u00a0 \u00a077<br \/>\n4.3.\u00a0\u00a0 \u00a0Los derechos sociales en CADH y el derecho humano a la identidad cultural:\u00a0\u00a0 \u00a0\u00a0\u00a0 \u00a080<br \/>\n5.\u00a0\u00a0 \u00a0EL CONVENIO EUROPEO DE DERECHOS HUMANOS (CEDH)\u00a0\u00a0 \u00a0\u00a0\u00a0 \u00a081<br \/>\n5.1.\u00a0\u00a0 \u00a0Los derechos del CEDH que expresan el derecho humano a la identidad cultural:\u00a0\u00a0 \u00a0\u00a0\u00a0 \u00a083<br \/>\n5.2.\u00a0\u00a0 \u00a0La cl\u00e1usula \u201cnecesario en una sociedad democr\u00e1tica\u201d\u00a0\u00a0 \u00a0\u00a0\u00a0 \u00a085<br \/>\n5.3.\u00a0\u00a0 \u00a0El protocolo 15 del CEDH y el margen de apreciaci\u00f3n nacional\u00a0\u00a0 \u00a0\u00a0\u00a0 \u00a086<br \/>\n6.\u00a0\u00a0 \u00a0EL CONSEJO DE EUROPA, LAS MINOR\u00cdAS NACIONALES Y LOS ROMAN\u00cd: RESOLUCIONES Y RECOMENDACIONES \u00a0\u00a0 \u00a0\u00a0\u00a0 \u00a088<br \/>\n7.\u00a0\u00a0 \u00a0S\u00cdNTESIS DEL EXAMEN DE LAS FUENTES EN RELACI\u00d3N AL DERECHO HUMANO A LA IDENTIDAD CULTURAL\u00a0\u00a0 \u00a0\u00a0\u00a0 \u00a090<br \/>\nCap\u00edtulo III<br \/>\nLAS DOCTRINAS INTERPRETATIVAS<br \/>\nDE LA CORTE IDH Y TEDH<br \/>\n1.\u00a0\u00a0 \u00a0LA DOCTRINA INTERPRETATIVA DE LA CORTE IDH\u00a0\u00a0 \u00a0\u00a0\u00a0 \u00a094<br \/>\n1.1.\u00a0\u00a0 \u00a0El control de convencionalidad\u00a0\u00a0 \u00a0\u00a0\u00a0 \u00a096<br \/>\n1.2.\u00a0\u00a0 \u00a0Panor\u00e1mica cr\u00edtica del control de convencionalidad y la hermen\u00e9utica de la Corte IDH \u00a0\u00a0 \u00a0\u00a0\u00a0 \u00a0114<br \/>\n1.3.\u00a0\u00a0 \u00a0Perspectivas dial\u00f3gicas para la supervisi\u00f3n interamericana\u00a0\u00a0 \u00a0\u00a0\u00a0 \u00a0127<br \/>\n2.\u00a0\u00a0 \u00a0LA DOCTRINA INTERPRETATIVA DEL TEDH\u00a0\u00a0 \u00a0\u00a0\u00a0 \u00a0135<br \/>\n2.1.\u00a0\u00a0 \u00a0El margen de apreciaci\u00f3n nacional\u00a0\u00a0 \u00a0\u00a0\u00a0 \u00a0135<br \/>\n2.2.\u00a0\u00a0 \u00a0El TEDH, niveles y naturaleza de su supervisi\u00f3n \u00a0\u00a0 \u00a0\u00a0\u00a0 \u00a0158<br \/>\n2.3.\u00a0\u00a0 \u00a0Panor\u00e1mica cr\u00edtica del margen de apreciaci\u00f3n como hermen\u00e9utica del TEDH\u00a0\u00a0 \u00a0\u00a0\u00a0 \u00a0161<br \/>\n2.4.\u00a0\u00a0 \u00a0El Protocolo 15 del CEDH y el margen de apreciaci\u00f3n convencional\u00a0\u00a0 \u00a0\u00a0\u00a0 \u00a0165<br \/>\n3.\u00a0\u00a0 \u00a0RAZONAMIENTOS COMPARADOS SOBRE EL CONTROL DE CONVENCIONALIDAD Y EL MARGEN DE APRECIACI\u00d3N EN TORNO AL DERECHO HUMANO A LA IDENTIDAD CULTURAL\u00a0\u00a0 \u00a0\u00a0\u00a0 \u00a0169<br \/>\nCap\u00edtulo IV<br \/>\nEL DERECHO HUMANO A LA IDENTIDAD<br \/>\nCULTURAL EN EL SISTEMA INTERAMERICANO<br \/>\nDE DERECHOS HUMANOS<br \/>\n1.\u00a0\u00a0 \u00a0EL DERECHO A LA IDENTIDAD CULTURAL EN EL SISTEMA INTERAMERICANA DE DERECHOS HUMANOS ANTES DE 2001 \u00a0\u00a0 \u00a0\u00a0\u00a0 \u00a0176<br \/>\n1.1.\u00a0\u00a0 \u00a0El derecho a la identidad cultural en la Comisi\u00f3n Interamericana de Derechos Humanos (CIDH)\u00a0\u00a0 \u00a0\u00a0\u00a0 \u00a0177<br \/>\n1.2.\u00a0\u00a0 \u00a0Jurisprudencia de la Corte IDH sobre los pueblos ind\u00edgenas previa a 2001\u00a0\u00a0 \u00a0\u00a0\u00a0 \u00a0187<br \/>\n2.\u00a0\u00a0 \u00a0LA JURISPRUDENCIA DE LA CORTE IDH Y EL DERECHO HUMANO A LA IDENTIDAD CULTURAL \u00a0\u00a0 \u00a0\u00a0\u00a0 \u00a0193<br \/>\n2.1.\u00a0\u00a0 \u00a0El derecho de propiedad como base de la identidad cultural de los pueblos ind\u00edgenas (desde 2001 en adelante)\u00a0\u00a0 \u00a0\u00a0\u00a0 \u00a0193<br \/>\n2.2.\u00a0\u00a0 \u00a0La dimensi\u00f3n religiosa inmaterial o intangible del derecho humano a la identidad cultural\u00a0\u00a0 \u00a0\u00a0\u00a0 \u00a0195<br \/>\n2.3.\u00a0\u00a0 \u00a0Derecho a la participaci\u00f3n pol\u00edtica y derecho humano a la identidad cultural\u00a0\u00a0 \u00a0\u00a0\u00a0 \u00a0199<br \/>\n2.4.\u00a0\u00a0 \u00a0La interdependencia de los derechos a la propiedad, a la vida e identidad cultural (art\u00edculos 1.1, 2, 24 CADH) \u00a0\u00a0 \u00a0\u00a0\u00a0 \u00a0205<br \/>\n2.5.\u00a0\u00a0 \u00a0Interdependencia de los derechos: a la propiedad, al medio ambiente, al agua y saneamiento, a la alimentaci\u00f3n adecuada, a la participaci\u00f3n (consulta) y derecho a la identidad cultural (arts. 1.1, 2 y 26 de la CADH) \u00a0\u00a0 \u00a0\u00a0\u00a0 \u00a0220<br \/>\n2.6.\u00a0\u00a0 \u00a0Derecho humano a la identidad cultural y derecho a la participaci\u00f3n en la vida cultural a la luz del 26 de la CADH\u00a0\u00a0 \u00a0\u00a0\u00a0 \u00a0225<br \/>\n2.7.\u00a0\u00a0 \u00a0Derecho a la identidad cultural como filtro hermen\u00e9utico \u00a0\u00a0 \u00a0\u00a0\u00a0 \u00a0228<br \/>\n2.8.\u00a0\u00a0 \u00a0Derecho a la identidad cultural un derecho matriz y valor democr\u00e1tico transversal en la comprensi\u00f3n de la Corte IDH\u00a0\u00a0 \u00a0\u00a0\u00a0 \u00a0234<br \/>\n3.\u00a0\u00a0 \u00a0RAZONAMIENTO DE LA CORTE IDH EN RELACI\u00d3N AL DERECHO HUMANO A LA IDENTIDAD CULTURAL\u00a0\u00a0 \u00a0\u00a0\u00a0 \u00a0240<br \/>\nCap\u00edtulo V<br \/>\nEL DERECHO HUMANO A LA IDENTIDAD CULTURAL<br \/>\nEN EL SISTEMA EUROPEO DE DERECHOS HUMANOS<br \/>\n1.\u00a0\u00a0 \u00a0DERECHO A LA IDENTIDAD CULTURAL Y LAS DEMANDAS DEL PUEBLO SAMI \u00a0\u00a0 \u00a0\u00a0\u00a0 \u00a0247<br \/>\n1.1.\u00a0\u00a0 \u00a0Consideraciones preliminares sobre el derecho humano a la identidad cultural y los pueblos ind\u00edgenas que habitan en Europa\u00a0\u00a0 \u00a0\u00a0\u00a0 \u00a0247<br \/>\n1.2.\u00a0\u00a0 \u00a0Decisiones de la Comisi\u00f3n Europea de Derechos Humanos sobre derechos del Pueblo Sami\u00a0\u00a0 \u00a0\u00a0\u00a0 \u00a0248<br \/>\n1.3.\u00a0\u00a0 \u00a0Jurisprudencia del TEDH sobre los derechos del Pueblo Sami: art\u00edculos 6 y 8 del CEDH, en relaci\u00f3n al art\u00edculo 1 del Protocolo 1\u00a0\u00a0 \u00a0\u00a0\u00a0 \u00a0259<br \/>\n2.\u00a0\u00a0 \u00a0JURISPRUDENCIA DEL TEDH SOBRE GRUPOS Y MINOR\u00cdAS NACIONALES: ART\u00cdCULOS 8, 9, 10, 11 Y 14 DEL CEDH, Y ART\u00cdCULOS DEL PROTOCOLO 1\u00a0\u00a0 \u00a0\u00a0\u00a0 \u00a0271<br \/>\n2.1.\u00a0\u00a0 \u00a0Derecho a la vida privada y familiar (art. 8 CEDH) en relaci\u00f3n con el art\u00edculo 1 del Protocolo 1 y 14 del CEDH\u00a0\u00a0 \u00a0\u00a0\u00a0 \u00a0271<br \/>\n2.2.\u00a0\u00a0 \u00a0Derecho a la identidad \u00e9tnica en relaci\u00f3n a minor\u00edas (art\u00edculo 8 y 14 CEDH)\u00a0\u00a0 \u00a0\u00a0\u00a0 \u00a0289<br \/>\n2.3.\u00a0\u00a0 \u00a0El TEDH y la prohibici\u00f3n de discriminaci\u00f3n del art\u00edculo 14 del CEDH en relaci\u00f3n con las minor\u00edas\u00a0\u00a0 \u00a0\u00a0\u00a0 \u00a0295<br \/>\n2.4.\u00a0\u00a0 \u00a0La libertad de pensamiento, conciencia y religi\u00f3n (art. 9 CEDH) y: el derecho de las minor\u00edas a manifestar su religi\u00f3n junto con otros y a no declararla, la prohibici\u00f3n de discriminaci\u00f3n (art. 14 CEDH) y la libertad de expresi\u00f3n (art\u00edculo 10 CEDH) .\u00a0\u00a0 \u00a0\u00a0\u00a0 \u00a0316<br \/>\n2.5.\u00a0\u00a0 \u00a0Libertad de asociaci\u00f3n y de reuni\u00f3n de minor\u00edas, con fines \u00e9tnico, culturales, ling\u00fc\u00edsticos, educativos o religiosos (art\u00edculo 11, 9, 10 y 14 CEDH)\u00a0\u00a0 \u00a0\u00a0\u00a0 \u00a0332<br \/>\n3.\u00a0\u00a0 \u00a0RAZONAMIENTO DEL TEDH EN RELACI\u00d3N AL DERECHO HUMANO A LA IDENTIDAD CULTURAL\u00a0\u00a0 \u00a0\u00a0\u00a0 \u00a0350<br \/>\nCONCLUSIONES\u00a0\u00a0 \u00a0\u00a0\u00a0 \u00a0359<br \/>\n1.\u00a0\u00a0 \u00a0EL DERECHO HUMANO A LA IDENTIDAD CULTURAL Y SU FUNDAMENTACI\u00d3N EN EL DERECHO INTERNACIONAL\u00a0\u00a0 \u00a0\u00a0\u00a0 \u00a0359<br \/>\n2..\u00a0\u00a0 \u00a0LAS DOCTRINAS INTERPRETATIVAS DEL TEDH Y DE LA CORTE IDH\u00a0\u00a0 \u00a0\u00a0\u00a0 \u00a0360<br \/>\n3.\u00a0\u00a0 \u00a0CONFIGURACI\u00d3N JURISPRUDENCIAL DEL DERECHO HUMANO A LA IDENTIDAD CULTURAL: JUSTIFICACI\u00d3N \u201cAUT\u00d3NOMA\u201d, TITULARES, CONTENIDO\u00a0\u00a0 \u00a0\u00a0\u00a0 \u00a0362<br \/>\n4.\u00a0\u00a0 \u00a0UN N\u00daCLEO M\u00cdNIMO COM\u00daN, COMO DI\u00c1LOGO ENTRE TRIBUNALES REGIONALES DE DERECHOS HUMANOS EN TORNO AL DERECHO HUMANO A LA IDENTIDAD CULTURAL\u00a0\u00a0 \u00a0\u00a0\u00a0 \u00a0366<br \/>\n5.\u00a0\u00a0 \u00a0REFLEXIONES FINALES\u00a0\u00a0 \u00a0\u00a0\u00a0 \u00a0369<br \/>\nBIBLIOGRAF\u00cdA\u00a0\u00a0 \u00a0\u00a0\u00a0 \u00a0373<\/p>\n<\/div>\n<\/div>\n<\/div>\n<\/div>\n<\/div>\n<\/div>\n<div class=\"row\">\n<div class=\"col-md-12\">\n<div id=\"recomendaciones_libro\" class=\"recomendaciones\"><span class=\"section_title\">Libros relacionados que pueden interesarle<\/span><\/div>\n<\/div>\n<\/div>\n<p>&nbsp;<\/p>\n","protected":false},"excerpt":{"rendered":"<p>Este libro aborda en profundidad los problemas en torno a la configuraci\u00f3n del derecho humano a la identidad cultural en el Derecho Internacional de los Derechos Humanos. En particular, trata sus lecturas y desarrollo progresivo, respectiva y comparadamente, en el Sistema Europeo y en el Sistema Interamericano de Derechos Humanos. Presenta el derecho humano a la identidad cultural como un derecho en com\u00fan, americano y europeo, sustentado en un n\u00facleo convergente en unas mismas fuentes de derechos humanos de car\u00e1cter universal. Asimismo, explica c\u00f3mo este derecho es elevado a un valor que caracteriza las democracias europeas y americanas. Paralelamente, la obra desarrolla los alcances de las doctrinas interpretativas de cada tribunal, el Control de Convencionalidad de la Corte IDH y el Margen de Apreciaci\u00f3n Nacional del TEDH. As\u00ed, el libro se\u00f1alar\u00e1 que el principal desaf\u00edo en torno al derecho humano a la identidad cultural radica en avanzar hacia una reflexi\u00f3n compartida que pueda alcanzar un entendimiento armonizable de la cuesti\u00f3n de la competencia de supervisi\u00f3n jurisdiccional internacional de cada tribunal, regida por el principio de subsidiariedad (enlazado a complejas estrategias de cohabitaci\u00f3n, de gram\u00e1ticas y arquitecturas hist\u00f3ricas y pol\u00edticas bien distintas en cada caso). Frente a este nudo, plantea que una mirada dial\u00f3gica para la supervisi\u00f3n jurisdiccional internacional en el \u00e1mbito del TEDH y de la Corte IDH, puede colaborar, mutuamente, al reforzamiento de los est\u00e1ndares de cumplimiento relativos al derecho humano a la identidad cultural. \u00cdndice AGRADECIMIENTOS\u00a0\u00a0 \u00a0\u00a0\u00a0 \u00a013 PR\u00d3LOGO\u00a0\u00a0 \u00a0\u00a0\u00a0 \u00a015 PABLO ANTONIO FERN\u00c1NDEZ S\u00c1NCHEZ INTRODUCCI\u00d3N\u00a0\u00a0 \u00a0\u00a0\u00a0 \u00a021 Cap\u00edtulo I EL DERECHO HUMANO A LA IDENTIDAD CULTURAL: ANTECEDENTES GENERALES Y CONCEPTOS NECESARIOS 1.\u00a0\u00a0 \u00a0EL DERECHO HUMANO A LA IDENTIDAD CULTURAL COMO CATEGOR\u00cdA NORMATIVA\u00a0\u00a0 \u00a0\u00a0\u00a0 \u00a035 2.\u00a0\u00a0 \u00a0APROXIMACIONES PARA DEFINIR EL DERECHO HUMANO A LA IDENTIDAD CULTURAL\u00a0\u00a0 \u00a0\u00a0\u00a0 \u00a037 3.\u00a0\u00a0 \u00a0LAS \u201cMINOR\u00cdAS\u201d Y \u201cGRUPOS VULNERABLES\u201d COMO TITULARES DEL DERECHO HUMANO A LA IDENTIDAD CULTURAL\u00a0\u00a0 \u00a0\u00a0\u00a0 \u00a038 4.\u00a0\u00a0 \u00a0LOS \u201cPUEBLOS IND\u00cdGENAS\u201d Y OTROS \u201cGRUPOS TRIBALES\u201d O \u201cAFRODESCENDIENTES\u201d COMO TITULARES DEL DERECHO HUMANO A LA IDENTIDAD CULTURAL\u00a0\u00a0 \u00a0\u00a0\u00a0 \u00a043 5.\u00a0\u00a0 \u00a0EL DERECHO A LA IDENTIDAD CULTURAL \u00bfDERECHO HUMANO O DERECHO FUNDAMENTAL?\u00a0\u00a0 \u00a0\u00a0\u00a0 \u00a047 6.\u00a0\u00a0 \u00a0DI\u00c1LOGO ENTRE TRIBUNALES REGIONALES DE DERECHOS HUMANOS\u00a0\u00a0 \u00a0\u00a0\u00a0 \u00a052 Cap\u00edtulo II EL DERECHO A LA IDENTIDAD CULTURAL EN LAS FUENTES DEL DERECHO INTERNACIONAL 1.\u00a0\u00a0 \u00a0FUENTES EN EL SISTEMA UNIVERSAL DE DERECHOS HUMANOS\u00a0\u00a0 \u00a0\u00a0\u00a0 \u00a056 1.1.\u00a0\u00a0 \u00a0Convenci\u00f3n Internacional sobre la Eliminaci\u00f3n de todas las Formas de Discriminaci\u00f3n Racial:\u00a0\u00a0 \u00a0\u00a0\u00a0 \u00a056 1.2.\u00a0\u00a0 \u00a0Pacto Internacional de Derechos Econ\u00f3micos, Sociales y Culturales y el \u201cderecho a participar en la vida cultural\u201d:\u00a0\u00a0 \u00a0\u00a0\u00a0 \u00a057 1.3.\u00a0\u00a0 \u00a0Pacto Internacional de Derechos Civiles y Pol\u00edticos y el derecho humano a la identidad cultural como derecho de las minor\u00edas nacionales \u00a0\u00a0 \u00a0\u00a0\u00a0 \u00a058 2.\u00a0\u00a0 \u00a0FUENTES ESPECIALIZADAS Y REGIONALES EN MATERIA CULTURAL\u00a0\u00a0 \u00a0\u00a0\u00a0 \u00a060 3.\u00a0\u00a0 \u00a0FUENTES ESPECIALIZADAS EN RELACI\u00d3N CON PUEBLOS IND\u00cdGENAS Y TRIBALES\u00a0\u00a0 \u00a0\u00a0\u00a0 \u00a071 4.\u00a0\u00a0 \u00a0LA CONVENCI\u00d3N AMERICANA DE DERECHOS HUMANOS (CADH) \u00a0\u00a0 \u00a0\u00a0\u00a0 \u00a075 4.1.\u00a0\u00a0 \u00a0Normas de base para la \u201cinterpretaci\u00f3n evolutiva\u201d:\u00a0\u00a0 \u00a0\u00a0\u00a0 \u00a076 4.2.\u00a0\u00a0 \u00a0Los derechos de la CADH que justifican el derecho humano a la identidad cultural:\u00a0\u00a0 \u00a0\u00a0\u00a0 \u00a077 4.3.\u00a0\u00a0 \u00a0Los derechos sociales en CADH y el derecho humano a la identidad cultural:\u00a0\u00a0 \u00a0\u00a0\u00a0 \u00a080 5.\u00a0\u00a0 \u00a0EL CONVENIO EUROPEO DE DERECHOS HUMANOS (CEDH)\u00a0\u00a0 \u00a0\u00a0\u00a0 \u00a081 5.1.\u00a0\u00a0 \u00a0Los derechos del CEDH que expresan el derecho humano a la identidad cultural:\u00a0\u00a0 \u00a0\u00a0\u00a0 \u00a083 5.2.\u00a0\u00a0 \u00a0La cl\u00e1usula \u201cnecesario en una sociedad democr\u00e1tica\u201d\u00a0\u00a0 \u00a0\u00a0\u00a0 \u00a085 5.3.\u00a0\u00a0 \u00a0El protocolo 15 del CEDH y el margen de apreciaci\u00f3n nacional\u00a0\u00a0 \u00a0\u00a0\u00a0 \u00a086 6.\u00a0\u00a0 \u00a0EL CONSEJO DE EUROPA, LAS MINOR\u00cdAS NACIONALES Y LOS ROMAN\u00cd: RESOLUCIONES Y RECOMENDACIONES \u00a0\u00a0 \u00a0\u00a0\u00a0 \u00a088 7.\u00a0\u00a0 \u00a0S\u00cdNTESIS DEL EXAMEN DE LAS FUENTES EN RELACI\u00d3N AL DERECHO HUMANO A LA IDENTIDAD CULTURAL\u00a0\u00a0 \u00a0\u00a0\u00a0 \u00a090 Cap\u00edtulo III LAS DOCTRINAS INTERPRETATIVAS DE LA CORTE IDH Y TEDH 1.\u00a0\u00a0 \u00a0LA DOCTRINA INTERPRETATIVA DE LA CORTE IDH\u00a0\u00a0 \u00a0\u00a0\u00a0 \u00a094 1.1.\u00a0\u00a0 \u00a0El control de convencionalidad\u00a0\u00a0 \u00a0\u00a0\u00a0 \u00a096 1.2.\u00a0\u00a0 \u00a0Panor\u00e1mica cr\u00edtica del control de convencionalidad y la hermen\u00e9utica de la Corte IDH \u00a0\u00a0 \u00a0\u00a0\u00a0 \u00a0114 1.3.\u00a0\u00a0 \u00a0Perspectivas dial\u00f3gicas para la supervisi\u00f3n interamericana\u00a0\u00a0 \u00a0\u00a0\u00a0 \u00a0127 2.\u00a0\u00a0 \u00a0LA DOCTRINA INTERPRETATIVA DEL TEDH\u00a0\u00a0 \u00a0\u00a0\u00a0 \u00a0135 2.1.\u00a0\u00a0 \u00a0El margen de apreciaci\u00f3n nacional\u00a0\u00a0 \u00a0\u00a0\u00a0 \u00a0135 2.2.\u00a0\u00a0 \u00a0El TEDH, niveles y naturaleza de su supervisi\u00f3n \u00a0\u00a0 \u00a0\u00a0\u00a0 \u00a0158 2.3.\u00a0\u00a0 \u00a0Panor\u00e1mica cr\u00edtica del margen de apreciaci\u00f3n como hermen\u00e9utica del TEDH\u00a0\u00a0 \u00a0\u00a0\u00a0 \u00a0161 2.4.\u00a0\u00a0 \u00a0El Protocolo 15 del CEDH y el margen de apreciaci\u00f3n convencional\u00a0\u00a0 \u00a0\u00a0\u00a0 \u00a0165 3.\u00a0\u00a0 \u00a0RAZONAMIENTOS COMPARADOS SOBRE EL CONTROL DE CONVENCIONALIDAD Y EL MARGEN DE APRECIACI\u00d3N EN TORNO AL DERECHO HUMANO A LA IDENTIDAD CULTURAL\u00a0\u00a0 \u00a0\u00a0\u00a0 \u00a0169 Cap\u00edtulo IV EL DERECHO HUMANO A LA IDENTIDAD CULTURAL EN EL SISTEMA INTERAMERICANO DE DERECHOS HUMANOS 1.\u00a0\u00a0 \u00a0EL DERECHO A LA IDENTIDAD CULTURAL EN EL SISTEMA INTERAMERICANA DE DERECHOS HUMANOS ANTES DE 2001 \u00a0\u00a0 \u00a0\u00a0\u00a0 \u00a0176 1.1.\u00a0\u00a0 \u00a0El derecho a la identidad cultural en la Comisi\u00f3n Interamericana de Derechos Humanos (CIDH)\u00a0\u00a0 \u00a0\u00a0\u00a0 \u00a0177 1.2.\u00a0\u00a0 \u00a0Jurisprudencia de la Corte IDH sobre los pueblos ind\u00edgenas previa a 2001\u00a0\u00a0 \u00a0\u00a0\u00a0 \u00a0187 2.\u00a0\u00a0 \u00a0LA JURISPRUDENCIA DE LA CORTE IDH Y EL DERECHO HUMANO A LA IDENTIDAD CULTURAL \u00a0\u00a0 \u00a0\u00a0\u00a0 \u00a0193 2.1.\u00a0\u00a0 \u00a0El derecho de propiedad como base de la identidad cultural de los pueblos ind\u00edgenas (desde 2001 en adelante)\u00a0\u00a0 \u00a0\u00a0\u00a0 \u00a0193 2.2.\u00a0\u00a0 \u00a0La dimensi\u00f3n religiosa inmaterial o intangible del derecho humano a la identidad cultural\u00a0\u00a0 \u00a0\u00a0\u00a0 \u00a0195 2.3.\u00a0\u00a0 \u00a0Derecho a la participaci\u00f3n pol\u00edtica y derecho humano a la identidad cultural\u00a0\u00a0 \u00a0\u00a0\u00a0 \u00a0199 2.4.\u00a0\u00a0 \u00a0La interdependencia de los derechos a la propiedad, a la vida e identidad cultural (art\u00edculos 1.1, 2, 24 CADH) \u00a0\u00a0 \u00a0\u00a0\u00a0 \u00a0205 2.5.\u00a0\u00a0 \u00a0Interdependencia de los derechos: a la propiedad, al medio ambiente, al agua y saneamiento, a la alimentaci\u00f3n adecuada, a la participaci\u00f3n (consulta) y derecho a la identidad cultural (arts. 1.1, 2 y 26 de la CADH) \u00a0\u00a0 \u00a0\u00a0\u00a0 \u00a0220 2.6.\u00a0\u00a0 \u00a0Derecho humano a la identidad cultural y derecho a la participaci\u00f3n en la vida cultural a la luz del 26 de la CADH\u00a0\u00a0 \u00a0\u00a0\u00a0 \u00a0225 2.7.\u00a0\u00a0 \u00a0Derecho a la identidad cultural como filtro hermen\u00e9utico \u00a0\u00a0 \u00a0\u00a0\u00a0 \u00a0228 2.8.\u00a0\u00a0 \u00a0Derecho a la identidad cultural un derecho matriz y valor democr\u00e1tico transversal en la comprensi\u00f3n de la Corte IDH\u00a0\u00a0 \u00a0\u00a0\u00a0 \u00a0234 3.\u00a0\u00a0 \u00a0RAZONAMIENTO DE LA CORTE IDH EN<\/p>\n","protected":false},"featured_media":4534,"comment_status":"open","ping_status":"closed","template":"","meta":{"inline_featured_image":false,"_joinchat":[]},"product_brand":[],"product_cat":[43],"product_tag":[],"class_list":{"0":"post-4482","1":"product","2":"type-product","3":"status-publish","4":"has-post-thumbnail","6":"product_cat-derecho-internacional","7":"product_shipping_class-a-convenir","9":"first","10":"instock","11":"shipping-taxable","12":"purchasable","13":"product-type-simple"},"_links":{"self":[{"href":"https:\/\/bibliotecajuridicavirtual.cl\/index.php\/wp-json\/wp\/v2\/product\/4482","targetHints":{"allow":["GET"]}}],"collection":[{"href":"https:\/\/bibliotecajuridicavirtual.cl\/index.php\/wp-json\/wp\/v2\/product"}],"about":[{"href":"https:\/\/bibliotecajuridicavirtual.cl\/index.php\/wp-json\/wp\/v2\/types\/product"}],"replies":[{"embeddable":true,"href":"https:\/\/bibliotecajuridicavirtual.cl\/index.php\/wp-json\/wp\/v2\/comments?post=4482"}],"wp:featuredmedia":[{"embeddable":true,"href":"https:\/\/bibliotecajuridicavirtual.cl\/index.php\/wp-json\/wp\/v2\/media\/4534"}],"wp:attachment":[{"href":"https:\/\/bibliotecajuridicavirtual.cl\/index.php\/wp-json\/wp\/v2\/media?parent=4482"}],"wp:term":[{"taxonomy":"product_brand","embeddable":true,"href":"https:\/\/bibliotecajuridicavirtual.cl\/index.php\/wp-json\/wp\/v2\/product_brand?post=4482"},{"taxonomy":"product_cat","embeddable":true,"href":"https:\/\/bibliotecajuridicavirtual.cl\/index.php\/wp-json\/wp\/v2\/product_cat?post=4482"},{"taxonomy":"product_tag","embeddable":true,"href":"https:\/\/bibliotecajuridicavirtual.cl\/index.php\/wp-json\/wp\/v2\/product_tag?post=4482"}],"curies":[{"name":"wp","href":"https:\/\/api.w.org\/{rel}","templated":true}]}}