{"id":4507,"date":"2026-02-28T01:26:18","date_gmt":"2026-02-28T04:26:18","guid":{"rendered":"https:\/\/bibliotecajuridicavirtual.cl\/?post_type=product&#038;p=4507"},"modified":"2026-02-28T01:26:27","modified_gmt":"2026-02-28T04:26:27","slug":"el-juez-robot-la-independencia-jusdicial-en-peligro-ano-2023-385-pag-autor-juan-luis-gomez-colomer","status":"publish","type":"product","link":"https:\/\/bibliotecajuridicavirtual.cl\/index.php\/product\/el-juez-robot-la-independencia-jusdicial-en-peligro-ano-2023-385-pag-autor-juan-luis-gomez-colomer\/","title":{"rendered":"El Juez Robot- La Independencia Jusdicial en peligro. A\u00f1o 2023\/385 P\u00e1g. Autor Juan-Luis G\u00f3mez Colomer"},"content":{"rendered":"<p style=\"font-weight: 400;\">La inteligencia artificial forma parte inseparable de nuestras vidas. Un aspecto de la misma afecta a la Justicia y, m\u00e1s concretamente, a la posibilidad de que un d\u00eda podamos ser juzgados en cualquier orden jurisdiccional (civil, laboral, administrativo o incluso penal), por una m\u00e1quina. Se est\u00e1 empezando a trabajar en esta l\u00ednea en algunos pa\u00edses, aunque todav\u00eda se visualice socialmente como algo muy lejano. En parte, porque la gente siente un poco de temor ante esa posibilidad.<\/p>\n<p style=\"font-weight: 400;\">El tema es m\u00e1s preocupante y va m\u00e1s all\u00e1 de sentimientos y elucubraciones. En nuestros sistemas constitucionales de Justicia, el Juez-Robot decisor no puede tener cabida. Muchas razones pueden aducirse, la de m\u00e1s calado afecta a la puesta en peligro del principio de la independencia judicial si se introdujera en Espa\u00f1a, y en cualquier pa\u00eds democr\u00e1tico, porque la base de la decisi\u00f3n no se fundar\u00eda en el conocimiento racional y motivado del ser humano, sino en la informaci\u00f3n que alguien ajeno al poder judicial introducir\u00eda en el algoritmo que deba resolver el asunto.<\/p>\n<p style=\"font-weight: 400;\">Este libro analiza esta cuesti\u00f3n, desde diversos aspectos y a un nivel comparado, explicando lo que piensa al respecto el mundo anglosaj\u00f3n, el alem\u00e1n, el italiano, el franc\u00e9s, el portugu\u00e9s y el espa\u00f1ol. En general, todos son conscientes del peligro, pero pocos se fijan con profundidad en el enorme riesgo que existe con el Juez-Robot sentenciador de que se derrumbe la clave de b\u00f3veda de nuestro actual sistema democr\u00e1tico: La sagrada independencia judicial. Para el autor de este libro, aqu\u00ed reside la cuesti\u00f3n central.<\/p>\n<p style=\"font-weight: 400;\">\n<ol>\n<li style=\"font-weight: 400;\"><b><strong> INTRODUCCI\u00d3N: OBJETO DE LA INVESTIGACI\u00d3N<\/strong><\/b><\/li>\n<li style=\"font-weight: 400;\"><b><strong> EL ESTADO DE LA CUESTI\u00d3N<\/strong><\/b><\/li>\n<li style=\"font-weight: 400;\">A) \u00bfQu\u00e9 es la inteligencia artificial?<br \/>\nB) La aparici\u00f3n de la inteligencia artificial<br \/>\nC) Los conceptos b\u00e1sicos<br \/>\nD) La relaci\u00f3n entre la Inteligencia Artificial y el Derecho<br \/>\nE) La relaci\u00f3n entre la Inteligencia Artificial y el Derecho Procesal<br \/>\nF) Las argumentaciones generales sobre el tema<\/li>\n<\/ol>\n<p style=\"font-weight: 400;\"><b><strong>III. LA COMPLEJIDAD LEGAL: EL ANSIA DE NORMATIVIZACI\u00d3N<\/strong><\/b><\/p>\n<ol>\n<li style=\"font-weight: 400;\">A) Europa<br \/>\na) Evoluci\u00f3n normativa<br \/>\nb) La futura Ley de Inteligencia Artificial europea<br \/>\nc) Otros documentos de relevancia<\/li>\n<li style=\"font-weight: 400;\">B) Espa\u00f1a<\/li>\n<li style=\"font-weight: 400;\">C) Alemania<\/li>\n<li style=\"font-weight: 400;\">D) Italia<\/li>\n<li style=\"font-weight: 400;\"><b><strong> LA INCIDENCIA DE LA \u00c9TICA<\/strong><\/b><\/li>\n<li style=\"font-weight: 400;\">A) Las propuestas<br \/>\na) La Carta \u00c9tica europea<br \/>\nb) Las Directrices \u00c9ticas para una Inteligencia Artificial<\/li>\n<li style=\"font-weight: 400;\">B) Los principios<br \/>\na) Principios \u00e9ticos generales<br \/>\nb) Principios \u00e9ticos particulares<\/li>\n<li style=\"font-weight: 400;\"><b><strong> INSTITUCIONES PROCESALES QUE PUEDEN SER CAMPO APROPIADO PARA EL USO DE LA INTELIGENCIA ARTIFICIAL<\/strong><\/b><\/li>\n<li style=\"font-weight: 400;\">A) Organizaci\u00f3n del Poder Judicial<br \/>\nB) Proceso civil<br \/>\nC) Proceso penal<br \/>\nD) En especial, la resoluci\u00f3n del conflicto mediante la Inteligencia Artificial<\/li>\n<li style=\"font-weight: 400;\"><b><strong> PROBLEMAS CONSTITUCIONALES QUE SE PLANTEAN: LOS DERECHOS FUNDAMENTALES (DERECHOS HUMANOS) Y LA INTELIGENCIA ARTIFICIAL<\/strong><\/b><\/li>\n<li style=\"font-weight: 400;\">A) El impacto de la Inteligencia Artificial en los derechos fundamentales \/ humanos\n<p>B) Propuestas de regulaci\u00f3n<br \/>\na) Iniciativas privadas<br \/>\nb) Propuestas p\u00fablicas<br \/>\nEn general: Los derechos fundamentales sobre los que se basa una Inteligencia Artificial fiable<br \/>\n2. Respeto de la dignidad humana<br \/>\n3. Libertad individual<br \/>\n4. Respeto de la democracia, la Justicia y el Estado de Derecho<br \/>\n5. Igualdad, no discriminaci\u00f3n y solidaridad<br \/>\n6. Derechos de los ciudadanos<br \/>\nc) Su concreci\u00f3n en el \u00e1mbito de la Justicia<br \/>\n1. El derecho fundamental de acceso a un tribunal: Efectividad y protecci\u00f3n<br \/>\n2. La esencia de la contradicci\u00f3n y confrontaci\u00f3n en el proceso: El principio adversarial<br \/>\n3. El principio de igualdad de armas<br \/>\n1\u201d) Significado<br \/>\n2\u201d) Prohibici\u00f3n de la discriminaci\u00f3n<br \/>\n4. Los principios de imparcialidad e independencia de los jueces<br \/>\n5. El sagrado derecho de defensa o derecho a un abogado<br \/>\n6. El derecho constitucional a la presunci\u00f3n de inocencia<br \/>\n7. El delicado tema del derecho fundamental a la protecci\u00f3n de datos<br \/>\n8. Los derechos fundamentales impl\u00edcitos<br \/>\n1\u201d) El principio del estado de derecho<br \/>\n2\u201d) El derecho constitucional al juez legal<\/li>\n<li style=\"font-weight: 400;\">C) El peligro que nos acecha<\/li>\n<\/ol>\n<p style=\"font-weight: 400;\"><b><strong>VII. LA PROTECCI\u00d3N DE LA INDEPENDENCIA JUDICIAL FRENTE A LA INTELIGENCIA ARTIFICIAL<\/strong><\/b><\/p>\n<ol>\n<li style=\"font-weight: 400;\">A) La independencia judicial y su evoluci\u00f3n en el mundo tecnol\u00f3gico<\/li>\n<li style=\"font-weight: 400;\">B) Sin jueces verdaderamente independientes no hay democracia<\/li>\n<li style=\"font-weight: 400;\">C) El Estado, garante inicial y final de la independencia judicial<\/li>\n<li style=\"font-weight: 400;\">D) Un nuevo actor entra en escena: La Inteligencia Artificial<br \/>\na) Respecto a la independencia objetiva<br \/>\nb) Respecto a la independencia subjetiva<br \/>\nc) La llamada independencia interna o justificaci\u00f3n de la imparcialidad<\/li>\n<\/ol>\n<p style=\"font-weight: 400;\"><b><strong>VIII. EL JUEZ-ROBOT. CUESTIONES A ANALIZAR Y PROBLEMAS A RESOLVER ANTES DE SU IMPLANTACI\u00d3N, SI AS\u00cd SE DECIDIERA<\/strong><\/b><\/p>\n<ol>\n<li style=\"font-weight: 400;\">A) El robot es una figura jur\u00eddica impersonal. Alcance de su labor\n<p>B) La legitimidad democr\u00e1tica del Juez-Robot<\/li>\n<li style=\"font-weight: 400;\">C) La construcci\u00f3n y programaci\u00f3n de la m\u00e1quina de juzgar<br \/>\na) El problema de la enorme sobrecarga judicial en la Justicia local<br \/>\nb) La falacia de pensar en los asuntos peque\u00f1os, irrelevantes o sencillos<br \/>\nc) El costo no es el problema<\/li>\n<li style=\"font-weight: 400;\">D) El funcionamiento de la m\u00e1quina de juzgar y sus resultados<br \/>\na) Ausencia de emociones y sentimientos<br \/>\nb) Ausencia de transparencia<br \/>\nc) Ausencia de motivaci\u00f3n<br \/>\nd) Los sesgos<br \/>\ne) El complejo tema de la prisi\u00f3n preventiva<\/li>\n<li style=\"font-weight: 400;\">E) Las reglas infranqueables<br \/>\na) La aplicaci\u00f3n de normas \u00e9ticas de la Inteligencia Artificial en el Juez-Robot<br \/>\nb) La protecci\u00f3n de los derechos fundamentales en la utilizaci\u00f3n de la m\u00e1quina de juzgar<\/li>\n<li style=\"font-weight: 400;\">F) La decisi\u00f3n judicial<br \/>\na) La valoraci\u00f3n de la prueba<br \/>\nb) La discrecionalidad judicial<br \/>\nc) En lo penal especialmente<br \/>\nLa medici\u00f3n de la pena<br \/>\n2. La suspensi\u00f3n de la pena y cumplimiento de obligaciones<br \/>\n3. Las alternativas a la pena de prisi\u00f3n<\/li>\n<li style=\"font-weight: 400;\">G) La impugnabilidad de la decisi\u00f3n<br \/>\na) \u00bfTiene sentido el recurso de apelaci\u00f3n contra las sentencias definitivas del Juez-Robot?<br \/>\nb) Los errores del Juez-Robot y su control mediante los recursos<\/li>\n<li style=\"font-weight: 400;\">H) La responsabilidad del robot<br \/>\na) Responsabilidad contractual y responsabilidad extracontractual<br \/>\nb) Responsabilidad por el producto<br \/>\nc) La posici\u00f3n jur\u00eddica de la Uni\u00f3n Europea<br \/>\nd) \u00bfSer\u00eda admisible un Juez-Robot irresponsable?<\/li>\n<li style=\"font-weight: 400;\">I) Los da\u00f1os colaterales<br \/>\na) Desaparici\u00f3n de la equidad<br \/>\nb) Uso torticero de predicciones<br \/>\nc) Reconsideraci\u00f3n radical de los presupuestos procesales<br \/>\nd) P\u00e9rdida de sentido de muchos actos procesales<br \/>\ne) Pr\u00e1ctica invisible de la prueba<br \/>\nf) El principio de oralidad, innecesario<br \/>\ng) Irremediable desaparici\u00f3n del Jurado<br \/>\nh) Nueva planta y demarcaci\u00f3n debidas a una reorganizaci\u00f3n de juzgados y tribunalesk) Cuestiones organizativas irresolubles que deben resolverse<br \/>\na) \u00bfEstar\u00e1 el Juez-Robot bajo la tutela del Consejo General del Poder Judicial?<br \/>\nb) \u00bfQu\u00e9 participaci\u00f3n tendr\u00e1n las Comunidades Aut\u00f3nomas?<br \/>\nc) \u00bfSer\u00e1 necesario un estatuto jur\u00eddico del Juez-Robot?<br \/>\nd) \u00bfQu\u00e9 situaci\u00f3n jur\u00eddica tendr\u00e1n las empresas que producen los algoritmos?<br \/>\ne) \u00bfDeber\u00e1 el Consejo General del Poder Judicial controlar a los programadores?<br \/>\nf) \u00bfSer\u00e1 necesario un estatuto jur\u00eddico del programador?<\/li>\n<li style=\"font-weight: 400;\"><b><strong> CONCLUSIONES: EL JUEZ-ROBOT ATACA A LA INDEPENDENCIA JUDICIAL Y POR ELLO NO PUEDE SER IMPLEMENTADO EN LA JUSTICIA<\/strong><\/b><\/li>\n<li style=\"font-weight: 400;\"><b><strong> BIBLIOGRAF\u00cdA<\/strong><\/b><\/li>\n<\/ol>\n","protected":false},"excerpt":{"rendered":"<p>La inteligencia artificial forma parte inseparable de nuestras vidas. Un aspecto de la misma afecta a la Justicia y, m\u00e1s concretamente, a la posibilidad de que un d\u00eda podamos ser juzgados en cualquier orden jurisdiccional (civil, laboral, administrativo o incluso penal), por una m\u00e1quina. Se est\u00e1 empezando a trabajar en esta l\u00ednea en algunos pa\u00edses, aunque todav\u00eda se visualice socialmente como algo muy lejano. En parte, porque la gente siente un poco de temor ante esa posibilidad. El tema es m\u00e1s preocupante y va m\u00e1s all\u00e1 de sentimientos y elucubraciones. En nuestros sistemas constitucionales de Justicia, el Juez-Robot decisor no puede tener cabida. Muchas razones pueden aducirse, la de m\u00e1s calado afecta a la puesta en peligro del principio de la independencia judicial si se introdujera en Espa\u00f1a, y en cualquier pa\u00eds democr\u00e1tico, porque la base de la decisi\u00f3n no se fundar\u00eda en el conocimiento racional y motivado del ser humano, sino en la informaci\u00f3n que alguien ajeno al poder judicial introducir\u00eda en el algoritmo que deba resolver el asunto. Este libro analiza esta cuesti\u00f3n, desde diversos aspectos y a un nivel comparado, explicando lo que piensa al respecto el mundo anglosaj\u00f3n, el alem\u00e1n, el italiano, el franc\u00e9s, el portugu\u00e9s y el espa\u00f1ol. En general, todos son conscientes del peligro, pero pocos se fijan con profundidad en el enorme riesgo que existe con el Juez-Robot sentenciador de que se derrumbe la clave de b\u00f3veda de nuestro actual sistema democr\u00e1tico: La sagrada independencia judicial. Para el autor de este libro, aqu\u00ed reside la cuesti\u00f3n central. INTRODUCCI\u00d3N: OBJETO DE LA INVESTIGACI\u00d3N EL ESTADO DE LA CUESTI\u00d3N A) \u00bfQu\u00e9 es la inteligencia artificial? B) La aparici\u00f3n de la inteligencia artificial C) Los conceptos b\u00e1sicos D) La relaci\u00f3n entre la Inteligencia Artificial y el Derecho E) La relaci\u00f3n entre la Inteligencia Artificial y el Derecho Procesal F) Las argumentaciones generales sobre el tema III. LA COMPLEJIDAD LEGAL: EL ANSIA DE NORMATIVIZACI\u00d3N A) Europa a) Evoluci\u00f3n normativa b) La futura Ley de Inteligencia Artificial europea c) Otros documentos de relevancia B) Espa\u00f1a C) Alemania D) Italia LA INCIDENCIA DE LA \u00c9TICA A) Las propuestas a) La Carta \u00c9tica europea b) Las Directrices \u00c9ticas para una Inteligencia Artificial B) Los principios a) Principios \u00e9ticos generales b) Principios \u00e9ticos particulares INSTITUCIONES PROCESALES QUE PUEDEN SER CAMPO APROPIADO PARA EL USO DE LA INTELIGENCIA ARTIFICIAL A) Organizaci\u00f3n del Poder Judicial B) Proceso civil C) Proceso penal D) En especial, la resoluci\u00f3n del conflicto mediante la Inteligencia Artificial PROBLEMAS CONSTITUCIONALES QUE SE PLANTEAN: LOS DERECHOS FUNDAMENTALES (DERECHOS HUMANOS) Y LA INTELIGENCIA ARTIFICIAL A) El impacto de la Inteligencia Artificial en los derechos fundamentales \/ humanos B) Propuestas de regulaci\u00f3n a) Iniciativas privadas b) Propuestas p\u00fablicas En general: Los derechos fundamentales sobre los que se basa una Inteligencia Artificial fiable 2. Respeto de la dignidad humana 3. Libertad individual 4. Respeto de la democracia, la Justicia y el Estado de Derecho 5. Igualdad, no discriminaci\u00f3n y solidaridad 6. Derechos de los ciudadanos c) Su concreci\u00f3n en el \u00e1mbito de la Justicia 1. El derecho fundamental de acceso a un tribunal: Efectividad y protecci\u00f3n 2. La esencia de la contradicci\u00f3n y confrontaci\u00f3n en el proceso: El principio adversarial 3. El principio de igualdad de armas 1\u201d) Significado 2\u201d) Prohibici\u00f3n de la discriminaci\u00f3n 4. Los principios de imparcialidad e independencia de los jueces 5. El sagrado derecho de defensa o derecho a un abogado 6. El derecho constitucional a la presunci\u00f3n de inocencia 7. El delicado tema del derecho fundamental a la protecci\u00f3n de datos 8. Los derechos fundamentales impl\u00edcitos 1\u201d) El principio del estado de derecho 2\u201d) El derecho constitucional al juez legal C) El peligro que nos acecha VII. LA PROTECCI\u00d3N DE LA INDEPENDENCIA JUDICIAL FRENTE A LA INTELIGENCIA ARTIFICIAL A) La independencia judicial y su evoluci\u00f3n en el mundo tecnol\u00f3gico B) Sin jueces verdaderamente independientes no hay democracia C) El Estado, garante inicial y final de la independencia judicial D) Un nuevo actor entra en escena: La Inteligencia Artificial a) Respecto a la independencia objetiva b) Respecto a la independencia subjetiva c) La llamada independencia interna o justificaci\u00f3n de la imparcialidad VIII. EL JUEZ-ROBOT. CUESTIONES A ANALIZAR Y PROBLEMAS A RESOLVER ANTES DE SU IMPLANTACI\u00d3N, SI AS\u00cd SE DECIDIERA A) El robot es una figura jur\u00eddica impersonal. Alcance de su labor B) La legitimidad democr\u00e1tica del Juez-Robot C) La construcci\u00f3n y programaci\u00f3n de la m\u00e1quina de juzgar a) El problema de la enorme sobrecarga judicial en la Justicia local b) La falacia de pensar en los asuntos peque\u00f1os, irrelevantes o sencillos c) El costo no es el problema D) El funcionamiento de la m\u00e1quina de juzgar y sus resultados a) Ausencia de emociones y sentimientos b) Ausencia de transparencia c) Ausencia de motivaci\u00f3n d) Los sesgos e) El complejo tema de la prisi\u00f3n preventiva E) Las reglas infranqueables a) La aplicaci\u00f3n de normas \u00e9ticas de la Inteligencia Artificial en el Juez-Robot b) La protecci\u00f3n de los derechos fundamentales en la utilizaci\u00f3n de la m\u00e1quina de juzgar F) La decisi\u00f3n judicial a) La valoraci\u00f3n de la prueba b) La discrecionalidad judicial c) En lo penal especialmente La medici\u00f3n de la pena 2. La suspensi\u00f3n de la pena y cumplimiento de obligaciones 3. Las alternativas a la pena de prisi\u00f3n G) La impugnabilidad de la decisi\u00f3n a) \u00bfTiene sentido el recurso de apelaci\u00f3n contra las sentencias definitivas del Juez-Robot? b) Los errores del Juez-Robot y su control mediante los recursos H) La responsabilidad del robot a) Responsabilidad contractual y responsabilidad extracontractual b) Responsabilidad por el producto c) La posici\u00f3n jur\u00eddica de la Uni\u00f3n Europea d) \u00bfSer\u00eda admisible un Juez-Robot irresponsable? I) Los da\u00f1os colaterales a) Desaparici\u00f3n de la equidad b) Uso torticero de predicciones c) Reconsideraci\u00f3n radical de los presupuestos procesales d) P\u00e9rdida de sentido de muchos actos procesales e) Pr\u00e1ctica invisible de la prueba f) El principio de oralidad, innecesario g) Irremediable desaparici\u00f3n del Jurado h) Nueva planta y demarcaci\u00f3n debidas a una reorganizaci\u00f3n de juzgados y tribunalesk) Cuestiones organizativas irresolubles que deben resolverse a) \u00bfEstar\u00e1 el Juez-Robot bajo<\/p>\n","protected":false},"featured_media":4537,"comment_status":"open","ping_status":"closed","template":"","meta":{"inline_featured_image":false,"_joinchat":[]},"product_brand":[],"product_cat":[39],"product_tag":[],"class_list":{"0":"post-4507","1":"product","2":"type-product","3":"status-publish","4":"has-post-thumbnail","6":"product_cat-procesal-civil","7":"product_shipping_class-a-convenir","9":"first","10":"instock","11":"shipping-taxable","12":"purchasable","13":"product-type-simple"},"_links":{"self":[{"href":"https:\/\/bibliotecajuridicavirtual.cl\/index.php\/wp-json\/wp\/v2\/product\/4507","targetHints":{"allow":["GET"]}}],"collection":[{"href":"https:\/\/bibliotecajuridicavirtual.cl\/index.php\/wp-json\/wp\/v2\/product"}],"about":[{"href":"https:\/\/bibliotecajuridicavirtual.cl\/index.php\/wp-json\/wp\/v2\/types\/product"}],"replies":[{"embeddable":true,"href":"https:\/\/bibliotecajuridicavirtual.cl\/index.php\/wp-json\/wp\/v2\/comments?post=4507"}],"wp:featuredmedia":[{"embeddable":true,"href":"https:\/\/bibliotecajuridicavirtual.cl\/index.php\/wp-json\/wp\/v2\/media\/4537"}],"wp:attachment":[{"href":"https:\/\/bibliotecajuridicavirtual.cl\/index.php\/wp-json\/wp\/v2\/media?parent=4507"}],"wp:term":[{"taxonomy":"product_brand","embeddable":true,"href":"https:\/\/bibliotecajuridicavirtual.cl\/index.php\/wp-json\/wp\/v2\/product_brand?post=4507"},{"taxonomy":"product_cat","embeddable":true,"href":"https:\/\/bibliotecajuridicavirtual.cl\/index.php\/wp-json\/wp\/v2\/product_cat?post=4507"},{"taxonomy":"product_tag","embeddable":true,"href":"https:\/\/bibliotecajuridicavirtual.cl\/index.php\/wp-json\/wp\/v2\/product_tag?post=4507"}],"curies":[{"name":"wp","href":"https:\/\/api.w.org\/{rel}","templated":true}]}}