{"id":4509,"date":"2026-02-28T01:26:18","date_gmt":"2026-02-28T04:26:18","guid":{"rendered":"https:\/\/bibliotecajuridicavirtual.cl\/?post_type=product&#038;p=4509"},"modified":"2026-02-28T01:26:29","modified_gmt":"2026-02-28T04:26:29","slug":"litigacion-compleja-conflitos-complejos-y-decisiones-estrategicas-ano-2023-264-pag-autor-francisco-aguero-vargas-ciro-colombara-lopez-aldo-diaz-canales-carlos-sanchez-rossi","status":"publish","type":"product","link":"https:\/\/bibliotecajuridicavirtual.cl\/index.php\/product\/litigacion-compleja-conflitos-complejos-y-decisiones-estrategicas-ano-2023-264-pag-autor-francisco-aguero-vargas-ciro-colombara-lopez-aldo-diaz-canales-carlos-sanchez-rossi\/","title":{"rendered":"Litigacion Compleja- Conflitos Complejos y Decisiones Estrategicas. A\u00f1o 2023\/264 P\u00e1g. Autor  Francisco Ag\u00fcero Vargas &#8211; Ciro Colombara L\u00f3pez &#8211; Aldo D\u00edaz Canales &#8211; Carlos S\u00e1nchez Rossi"},"content":{"rendered":"<p style=\"font-weight: 400;\">Varias ONG, organismos internacionales, oficinas de abogados, agencias de lobistas y agencias de comunicaci\u00f3n estrat\u00e9gica ya cuentan con departamentos dedicados a la litigaci\u00f3n compleja o estrat\u00e9gica. As\u00ed, se\u00f1alan su compromiso y experiencia en la gesti\u00f3n de casos con componentes estructurales que exceden al tradicional conflicto jur\u00eddico entre dos partes con intereses y consecuencias jur\u00eddicas bien definidas.<\/p>\n<p style=\"font-weight: 400;\">Sin embargo, hasta la fecha no se ha intentado ofrecer un enfoque te\u00f3rico que permita responder de un modo estructurado y directo a las preguntas de \u00bfqu\u00e9 son los conflictos complejos?, \u00bfcu\u00e1l es la mejor manera de enfrentarlos?, \u00bfde qu\u00e9 manera pueden provocarse efectos jur\u00eddicos y extrajur\u00eddicos a trav\u00e9s de herramientas transdisciplinarias? Este libro pretende llenar este vac\u00edo mediante un enfoque novedoso, in\u00e9dito en espa\u00f1ol, sobre la teor\u00eda y la pr\u00e1ctica de la litigaci\u00f3n compleja.<\/p>\n<p style=\"font-weight: 400;\">Para ello, a\u00fana las dis\u00edmiles perspectivas de sus cuatro autores con una concepci\u00f3n transdisciplinaria del problema que aplica los principales hallazgos de la teor\u00eda de los movimientos sociales y de la literatura cognitiva (especializada en temas de racionalidad, heur\u00edsticas, sesgos y teor\u00eda de la decisi\u00f3n) y la amplia experiencia de los autores en casos complejos y de alta connotaci\u00f3n social.<\/p>\n<p style=\"font-weight: 400;\"><b><strong>INTRODUCCI\u00d3N<\/strong><\/b><\/p>\n<p style=\"font-weight: 400;\">Problemas y disciplinas<br \/>\n\u00bfConflictos complejos?<br \/>\nUna banda de ladrones<br \/>\nNuestro programa de investigaci\u00f3n: lo qu\u00e9 hay que saber si hojea este libro<\/p>\n<p style=\"font-weight: 400;\"><b><strong><br \/>\nPRIMERA PARTE<br \/>\nEL MARCO TE\u00d3RICO<\/strong><\/b><\/p>\n<p style=\"font-weight: 400;\"><b><strong>CAP\u00cdTULO I<\/strong><\/b><br \/>\n<b><strong>CONFLICTOS SIMPLES Y CONFLICTOS COMPLEJOS<\/strong><\/b><\/p>\n<p style=\"font-weight: 400;\">Conflictos y relevancia jur\u00eddica<br \/>\nLa pir\u00e1mide del conflicto jur\u00eddico<br \/>\n\u00c1rboles, flores, frutos y bosques<br \/>\nPrecisiones terminol\u00f3gicas<\/p>\n<p style=\"font-weight: 400;\"><b><strong>CAP\u00cdTULO II<\/strong><\/b><br \/>\n<b><strong>LITIGACI\u00d3N COMPLEJA<\/strong><\/b><\/p>\n<p style=\"font-weight: 400;\">Un nuevo vocabulario<br \/>\nLitigaci\u00f3n Compleja o Estrat\u00e9gica<\/p>\n<p style=\"font-weight: 400;\"><b><strong>SEGUNDA PARTE<\/strong><\/b><br \/>\n<b><strong>JUICIOS Y DECISIONES<\/strong><\/b><\/p>\n<p style=\"font-weight: 400;\"><b><strong>CAP\u00cdTULO III<br \/>\nERRORES DE JUICIO<\/strong><\/b><\/p>\n<p style=\"font-weight: 400;\">Juicios evaluativos y predictivos<br \/>\nC\u00f3mo se forman los juicios<br \/>\n\u00bfPor qu\u00e9 nos equivocamos?<\/p>\n<p style=\"font-weight: 400;\">CAP\u00cdTULO IV<br \/>\n<b><strong>CONTROLAR LOS ERRORES<\/strong><\/b><\/p>\n<p style=\"font-weight: 400;\">C\u00f3mo tomar mejores decisiones<br \/>\nTrabajo de equipo<br \/>\nLos peligros de las din\u00e1micas de grupo<br \/>\nControlar los sesgos<br \/>\nHigiene de la decisi\u00f3n<\/p>\n<p style=\"font-weight: 400;\"><b><strong>TERCERA PARTE<br \/>\nDECISIONES ESTRAT\u00c9GICAS<\/strong><\/b><\/p>\n<p style=\"font-weight: 400;\"><b><strong>CAP\u00cdTULO V<\/strong><\/b><br \/>\n<b><strong>EL DIAGN\u00d3STICO O INVESTIGACI\u00d3N<\/strong><\/b><\/p>\n<p style=\"font-weight: 400;\">Seis m\u00e1ximas para el diagn\u00f3stico de los conflictos<br \/>\n\u00bfQu\u00e9 informaci\u00f3n nos interesa?<br \/>\nEl diagn\u00f3stico como proceso recursivo<\/p>\n<p style=\"font-weight: 400;\"><b><strong>CAP\u00cdTULO VI<\/strong><\/b><br \/>\n<b><strong>EXPLORACI\u00d3N T\u00c1CTICA Y DECISI\u00d3N ESTRAT\u00c9GICA<\/strong><\/b><\/p>\n<p style=\"font-weight: 400;\">Exploraci\u00f3n t\u00e1ctica<br \/>\nDefinici\u00f3n estrat\u00e9gica<br \/>\nCONCLUSIONES<\/p>\n<p style=\"font-weight: 400;\"><b><strong>ANEXO<\/strong><\/b><br \/>\n<b><strong>EL ARTE Y LA CIENCIA DE LA ENTREVISTA<\/strong><\/b><\/p>\n<p style=\"font-weight: 400;\">\u00bfA cu\u00e1ntas personas invitar a la reuni\u00f3n?<br \/>\nAntes de salir de casa<br \/>\nPreparando la entrevista<br \/>\nEjecuci\u00f3n de la entrevista<\/p>\n<p style=\"font-weight: 400;\">BIBLIOGRAF\u00cdA<\/p>\n<p style=\"font-weight: 400;\"><b><strong>FIGURAS<\/strong><\/b><\/p>\n<p style=\"font-weight: 400;\">Figura 1 &#8211; La pir\u00e1mide del conflicto jur\u00eddico<br \/>\nFigura 2 &#8211; Caso \u201cLa Ultima Tentaci\u00f3n de Cristo\u201d<br \/>\nFigura 3 &#8211; Costa Rica y la dimensi\u00f3n simb\u00f3lica del conflicto<br \/>\nFigura 4 &#8211; Planned Parenthood vs Casey y la relevancia cultural del conflicto<br \/>\nFigura 5 &#8211; Un \u00e1rbol de conflictos<br \/>\nFigura 6 &#8211; Las flores y los frutos del Caso \u201cConsejos de Guerra de la FACH\u201d<br \/>\nFigura 7 &#8211; Criterios de complejidad de un conflicto<br \/>\nFigura 8 &#8211; Un ejemplo de concurso de belleza de Keynes<br \/>\nFigura 9 &#8211; Cronolog\u00eda de la consagraci\u00f3n del matrimonio igualitario en Chile<br \/>\nFigura 10 &#8211; El caso Roe vs Wade 1973<br \/>\nFigura 11 &#8211; El repertorio t\u00e1ctico en el Caso \u201cBar La Piojera\u201d<br \/>\nFigura 12 &#8211; El caso de Johnny Deep vs Amber Heard (2022)<br \/>\nFigura 13 &#8211; El problema del bate<br \/>\nFigura 14 &#8211; El efecto Florida<br \/>\nFigura 15 &#8211; El efecto ancla en sede penal<br \/>\nFigura 16 &#8211; Los experimentos de Salganik, Dodds y Watts sobre las descargas de m\u00fasica<br \/>\nFigura 17 &#8211; Errores en la identificaci\u00f3n de huellas dactilares<br \/>\nFigura 18 &#8211; El M\u00e9todo Delphi<br \/>\nFigura 19 &#8211; Diagrama del macroproceso<br \/>\nFigura 20 &#8211; El caso Hinckley (Anderson vs Pacific Gas and Electric Company 1983)<br \/>\nFigura 21 &#8211; Seis m\u00e1ximas del diagn\u00f3stico<br \/>\nFigura 22 &#8211; Complejidad y n\u00famero de involucrados: el caso deuda hist\u00f3rica de Chile<br \/>\nFigura 23 &#8211; El caso \u201cO.J. Simpson\u201d<br \/>\nFigura 24 &#8211; Esc\u00e1ndalo Facebook Cambridge Analytica<br \/>\nFigura 25 &#8211; \u201cMatar a un ruise\u00f1or\u201d de Harper Lee<br \/>\nFigura 26 &#8211; Cuadro resumen de informaci\u00f3n relevante<br \/>\nFigura 27 &#8211; Ciclo de inteligencia<br \/>\nFigura 28 &#8211; Momentum pol\u00edtico<br \/>\nFigura 29 &#8211; El experimento del estudio de la \u201ccultura de la cabina\u201d o \u201ccockpit culture\u201d<br \/>\nFigura 30 &#8211; Un estudio sobre vestimenta y status<br \/>\nFigura 31 &#8211; Condiciones de interacci\u00f3n<br \/>\nFigura 32 &#8211; Planos recomendados para videoconferencia<br \/>\nFigura 33 &#8211; Ejemplo de estructura de entrevista<br \/>\nFigura 34 &#8211; Habilidades de un buen oyente (Adler, Rosenfeld, &amp; Proctor, 2018, p\u00e1g. 207)<br \/>\nFigura 35 &#8211; Preguntas cerradas y abiertas: algunas ventajas y desventajas (Chapman, 2000, p\u00e1g. 56)<\/p>\n","protected":false},"excerpt":{"rendered":"<p>Varias ONG, organismos internacionales, oficinas de abogados, agencias de lobistas y agencias de comunicaci\u00f3n estrat\u00e9gica ya cuentan con departamentos dedicados a la litigaci\u00f3n compleja o estrat\u00e9gica. As\u00ed, se\u00f1alan su compromiso y experiencia en la gesti\u00f3n de casos con componentes estructurales que exceden al tradicional conflicto jur\u00eddico entre dos partes con intereses y consecuencias jur\u00eddicas bien definidas. Sin embargo, hasta la fecha no se ha intentado ofrecer un enfoque te\u00f3rico que permita responder de un modo estructurado y directo a las preguntas de \u00bfqu\u00e9 son los conflictos complejos?, \u00bfcu\u00e1l es la mejor manera de enfrentarlos?, \u00bfde qu\u00e9 manera pueden provocarse efectos jur\u00eddicos y extrajur\u00eddicos a trav\u00e9s de herramientas transdisciplinarias? Este libro pretende llenar este vac\u00edo mediante un enfoque novedoso, in\u00e9dito en espa\u00f1ol, sobre la teor\u00eda y la pr\u00e1ctica de la litigaci\u00f3n compleja. Para ello, a\u00fana las dis\u00edmiles perspectivas de sus cuatro autores con una concepci\u00f3n transdisciplinaria del problema que aplica los principales hallazgos de la teor\u00eda de los movimientos sociales y de la literatura cognitiva (especializada en temas de racionalidad, heur\u00edsticas, sesgos y teor\u00eda de la decisi\u00f3n) y la amplia experiencia de los autores en casos complejos y de alta connotaci\u00f3n social. INTRODUCCI\u00d3N Problemas y disciplinas \u00bfConflictos complejos? Una banda de ladrones Nuestro programa de investigaci\u00f3n: lo qu\u00e9 hay que saber si hojea este libro PRIMERA PARTE EL MARCO TE\u00d3RICO CAP\u00cdTULO I CONFLICTOS SIMPLES Y CONFLICTOS COMPLEJOS Conflictos y relevancia jur\u00eddica La pir\u00e1mide del conflicto jur\u00eddico \u00c1rboles, flores, frutos y bosques Precisiones terminol\u00f3gicas CAP\u00cdTULO II LITIGACI\u00d3N COMPLEJA Un nuevo vocabulario Litigaci\u00f3n Compleja o Estrat\u00e9gica SEGUNDA PARTE JUICIOS Y DECISIONES CAP\u00cdTULO III ERRORES DE JUICIO Juicios evaluativos y predictivos C\u00f3mo se forman los juicios \u00bfPor qu\u00e9 nos equivocamos? CAP\u00cdTULO IV CONTROLAR LOS ERRORES C\u00f3mo tomar mejores decisiones Trabajo de equipo Los peligros de las din\u00e1micas de grupo Controlar los sesgos Higiene de la decisi\u00f3n TERCERA PARTE DECISIONES ESTRAT\u00c9GICAS CAP\u00cdTULO V EL DIAGN\u00d3STICO O INVESTIGACI\u00d3N Seis m\u00e1ximas para el diagn\u00f3stico de los conflictos \u00bfQu\u00e9 informaci\u00f3n nos interesa? El diagn\u00f3stico como proceso recursivo CAP\u00cdTULO VI EXPLORACI\u00d3N T\u00c1CTICA Y DECISI\u00d3N ESTRAT\u00c9GICA Exploraci\u00f3n t\u00e1ctica Definici\u00f3n estrat\u00e9gica CONCLUSIONES ANEXO EL ARTE Y LA CIENCIA DE LA ENTREVISTA \u00bfA cu\u00e1ntas personas invitar a la reuni\u00f3n? Antes de salir de casa Preparando la entrevista Ejecuci\u00f3n de la entrevista BIBLIOGRAF\u00cdA FIGURAS Figura 1 &#8211; La pir\u00e1mide del conflicto jur\u00eddico Figura 2 &#8211; Caso \u201cLa Ultima Tentaci\u00f3n de Cristo\u201d Figura 3 &#8211; Costa Rica y la dimensi\u00f3n simb\u00f3lica del conflicto Figura 4 &#8211; Planned Parenthood vs Casey y la relevancia cultural del conflicto Figura 5 &#8211; Un \u00e1rbol de conflictos Figura 6 &#8211; Las flores y los frutos del Caso \u201cConsejos de Guerra de la FACH\u201d Figura 7 &#8211; Criterios de complejidad de un conflicto Figura 8 &#8211; Un ejemplo de concurso de belleza de Keynes Figura 9 &#8211; Cronolog\u00eda de la consagraci\u00f3n del matrimonio igualitario en Chile Figura 10 &#8211; El caso Roe vs Wade 1973 Figura 11 &#8211; El repertorio t\u00e1ctico en el Caso \u201cBar La Piojera\u201d Figura 12 &#8211; El caso de Johnny Deep vs Amber Heard (2022) Figura 13 &#8211; El problema del bate Figura 14 &#8211; El efecto Florida Figura 15 &#8211; El efecto ancla en sede penal Figura 16 &#8211; Los experimentos de Salganik, Dodds y Watts sobre las descargas de m\u00fasica Figura 17 &#8211; Errores en la identificaci\u00f3n de huellas dactilares Figura 18 &#8211; El M\u00e9todo Delphi Figura 19 &#8211; Diagrama del macroproceso Figura 20 &#8211; El caso Hinckley (Anderson vs Pacific Gas and Electric Company 1983) Figura 21 &#8211; Seis m\u00e1ximas del diagn\u00f3stico Figura 22 &#8211; Complejidad y n\u00famero de involucrados: el caso deuda hist\u00f3rica de Chile Figura 23 &#8211; El caso \u201cO.J. Simpson\u201d Figura 24 &#8211; Esc\u00e1ndalo Facebook Cambridge Analytica Figura 25 &#8211; \u201cMatar a un ruise\u00f1or\u201d de Harper Lee Figura 26 &#8211; Cuadro resumen de informaci\u00f3n relevante Figura 27 &#8211; Ciclo de inteligencia Figura 28 &#8211; Momentum pol\u00edtico Figura 29 &#8211; El experimento del estudio de la \u201ccultura de la cabina\u201d o \u201ccockpit culture\u201d Figura 30 &#8211; Un estudio sobre vestimenta y status Figura 31 &#8211; Condiciones de interacci\u00f3n Figura 32 &#8211; Planos recomendados para videoconferencia Figura 33 &#8211; Ejemplo de estructura de entrevista Figura 34 &#8211; Habilidades de un buen oyente (Adler, Rosenfeld, &amp; Proctor, 2018, p\u00e1g. 207) Figura 35 &#8211; Preguntas cerradas y abiertas: algunas ventajas y desventajas (Chapman, 2000, p\u00e1g. 56)<\/p>\n","protected":false},"featured_media":4539,"comment_status":"open","ping_status":"closed","template":"","meta":{"inline_featured_image":false,"_joinchat":[]},"product_brand":[],"product_cat":[30,42],"product_tag":[],"class_list":{"0":"post-4509","1":"product","2":"type-product","3":"status-publish","4":"has-post-thumbnail","6":"product_cat-penal","7":"product_cat-thomson-reuters","8":"product_shipping_class-a-convenir","10":"first","11":"instock","12":"shipping-taxable","13":"purchasable","14":"product-type-simple"},"_links":{"self":[{"href":"https:\/\/bibliotecajuridicavirtual.cl\/index.php\/wp-json\/wp\/v2\/product\/4509","targetHints":{"allow":["GET"]}}],"collection":[{"href":"https:\/\/bibliotecajuridicavirtual.cl\/index.php\/wp-json\/wp\/v2\/product"}],"about":[{"href":"https:\/\/bibliotecajuridicavirtual.cl\/index.php\/wp-json\/wp\/v2\/types\/product"}],"replies":[{"embeddable":true,"href":"https:\/\/bibliotecajuridicavirtual.cl\/index.php\/wp-json\/wp\/v2\/comments?post=4509"}],"wp:featuredmedia":[{"embeddable":true,"href":"https:\/\/bibliotecajuridicavirtual.cl\/index.php\/wp-json\/wp\/v2\/media\/4539"}],"wp:attachment":[{"href":"https:\/\/bibliotecajuridicavirtual.cl\/index.php\/wp-json\/wp\/v2\/media?parent=4509"}],"wp:term":[{"taxonomy":"product_brand","embeddable":true,"href":"https:\/\/bibliotecajuridicavirtual.cl\/index.php\/wp-json\/wp\/v2\/product_brand?post=4509"},{"taxonomy":"product_cat","embeddable":true,"href":"https:\/\/bibliotecajuridicavirtual.cl\/index.php\/wp-json\/wp\/v2\/product_cat?post=4509"},{"taxonomy":"product_tag","embeddable":true,"href":"https:\/\/bibliotecajuridicavirtual.cl\/index.php\/wp-json\/wp\/v2\/product_tag?post=4509"}],"curies":[{"name":"wp","href":"https:\/\/api.w.org\/{rel}","templated":true}]}}