{"id":4511,"date":"2026-02-28T01:26:18","date_gmt":"2026-02-28T04:26:18","guid":{"rendered":"https:\/\/bibliotecajuridicavirtual.cl\/?post_type=product&#038;p=4511"},"modified":"2026-02-28T01:26:31","modified_gmt":"2026-02-28T04:26:31","slug":"la-prision-preventiva-y-otras-medidas-cautelares-personales-ano-2020-350-pag-autor-marcelo-hadwa-issa","status":"publish","type":"product","link":"https:\/\/bibliotecajuridicavirtual.cl\/index.php\/product\/la-prision-preventiva-y-otras-medidas-cautelares-personales-ano-2020-350-pag-autor-marcelo-hadwa-issa\/","title":{"rendered":"La Prision Preventiva y otras medidas cautelares personales. A\u00f1o 2020\/350 P\u00e1g. Autor Marcelo Hadwa Issa"},"content":{"rendered":"<p>La prisi\u00f3n preventiva es por lejos la medida m\u00e1s extrema a la que puede verse enfrentado, antes del dictado de la sentencia, el imputado durante el transcurso del proceso penal. Y es que la aplicaci\u00f3n de la misma supone, nada m\u00e1s ni nada menos que privar totalmente de libertad, y en un centro carcelario, a quien el ordenamiento jur\u00eddico a\u00fan considera inocente. De ah\u00ed que no sean pocas las oportunidades en las que el imputado pueda llegar a temer m\u00e1s por la aplicaci\u00f3n de la prisi\u00f3n preventiva que a la posible pena que alg\u00fan d\u00eda pudiere serle impuesta.<\/p>\n<p>Consciente de la radicalidad de esta medida, nuestro sistema procesal penal permite disponer de esta en forma excepcional, como un \u00faltimo recurso; solo cuando no existan otras alternativas menos invasivas para los derechos fundamentales del imputado que sean capaces de satisfacer los mismos fines. Sin embargo, pareciera que muchas veces este capital principio en la praxis no es seguido en la forma especialmente estricta que se debiera, lo que se refleja, principalmente, en el empleo de resoluciones judiciales que no dan cuenta en forma motivada de las razones por las cuales se estima que, en el caso concreto, se configuran los requisitos para la aplicaci\u00f3n de este instrumento procesal.<\/p>\n<p>Es por ello que el trabajo que el lector tiene en sus manos tiene por objeto contribuir a una mejor comprensi\u00f3n del papel que debe cumplir la prisi\u00f3n preventiva dentro de un proceso penal insertado en un Estado democr\u00e1tico de Derecho, al igual que la forma en que esta medida debe ser aplicada a la luz de los postulados del principio de la presunci\u00f3n de inocencia y de proporcionalidad. Asimismo, el car\u00e1cter de excepcional y, por tanto, de ultima ratio que el nuevo sistema procesal penal atribuye a la prisi\u00f3n preventiva, hizo ineludible que el presente trabajo abordara tambi\u00e9n el estudio de las denominadas \u201cotras medidas cautelares personales\u201d.<\/p>\n<p><strong>CAP\u00cdTULO I<br \/>\n<\/strong><strong>LA PRISI\u00d3N PREVENTIVA EN EL CAMBIO DE PARADIGMA\u00a0<\/strong><strong>PROCESAL PENAL. DEL SISTEMA INQUISITIVO AL\u00a0<\/strong><strong>ACUSATORIO<\/strong><\/p>\n<p>1. ANTECEDENTES: EL C\u00d3DIGO DE PROCEDIMIENTO PENAL<br \/>\n2. EL C\u00d3DIGO PROCESAL PENAL. EL CAMBIO DE PARADIGMA<\/p>\n<p><strong>CAP\u00cdTULO II<br \/>\n<\/strong><strong>NATURALEZA JUR\u00cdDICA Y DEFINICI\u00d3N DE LA\u00a0<\/strong><strong>PRISI\u00d3N PREVENTIVA<\/strong><\/p>\n<p>1. NATURALEZA JUR\u00cdDICA<br \/>\n1.1. Prisi\u00f3n preventiva como pena anticipada<br \/>\n1.2. Prisi\u00f3n preventiva como medida cautelar<br \/>\n1.3. Prisi\u00f3n preventiva como medida de seguridad o medida preventa<br \/>\n2. CONCLUSI\u00d3N<\/p>\n<p><strong>CAP\u00cdTULO III<br \/>\n<\/strong><strong>PRISI\u00d3N PREVENTIVA COMO MEDIDA RESTRICTIVA\u00a0<\/strong><strong>DE LA LIBERTAD PERSONAL. DERECHOS Y PRINCIPIOS\u00a0<\/strong><strong>FUNDAMENTALES<\/strong><\/p>\n<p>1. EL DERECHO A LA LIBERTAD PERSONAL Y LA SEGURIDAD INDIVIDUAL<br \/>\n2. LA FIGURA DE LA RESTRICCI\u00d3N DE DERECHOS FUNDAMENTALES<br \/>\n2.1. El l\u00edmite de la proporcionalidad<br \/>\nA) Proporcionalidad como l\u00edmite de la prisi\u00f3n preventiva<br \/>\na. Idoneidad<br \/>\nb. Necesidad\/subsidiariedad<br \/>\nc. Proporcionalidad en sentido estricto<br \/>\n2.2. El l\u00edmite del principio de la presunci\u00f3n de inocencia<br \/>\nA) Naturaleza jur\u00eddica de la presunci\u00f3n de inocencia<br \/>\nB) Contenido y alcance del derecho a la presunci\u00f3n de inocencia<br \/>\na. La presunci\u00f3n de inocencia como regla probatoria y de juicio<br \/>\nb. La presunci\u00f3n de inocencia como regla de tratamiento del imputado<br \/>\n2.3. Presunci\u00f3n de inocencia y prisi\u00f3n preventiva<br \/>\n3. EL PRINCIPIO DE EXCEPCIONALIDAD COMO PRINCIPIO RECTOR DE LA APLICACI\u00d3N\u00a0DE LA PRISI\u00d3N PREVENTIVA<\/p>\n<p><strong>CAP\u00cdTULO IV<br \/>\n<\/strong><strong>PRESUPUESTOS DE ADOPCI\u00d3N DE LA PRISI\u00d3N\u00a0<\/strong><strong>PREVENTIVA<\/strong><\/p>\n<p>1. PRESUPUESTOS FORMALES<br \/>\n1.1. El principio de legalidad. Problemas constitucionales en la regulaci\u00f3n dela prisi\u00f3n preventiva<br \/>\n1.2. Jurisdiccionalidad o reserva jurisdiccional<br \/>\n1.3. La motivaci\u00f3n. Requisitos para su cumplimiento<br \/>\n2. PRESUPUESTOS MATERIALES<br \/>\n2.1. El\u00a0<em>fumus commissi delicti\u00a0<\/em>o\u00a0<em>fumus boni iuris<\/em><br \/>\nA) Primer presupuesto: \u201ca) que existen antecedentes que justificaren la existencia del delito que se investigare\u201d<br \/>\nB) Segundo presupuesto: \u201cb) Que existen antecedentes que permitierenpresumir fundadamente que el imputado ha tenido participaci\u00f3n enel delito como autor, c\u00f3mplice o encubridor\u201d<br \/>\n2.2. El\u00a0<em>periculum libertatis\u00a0<\/em>o\u00a0<em>periculum in mora<\/em><br \/>\na) Finalidades cautelares de la prisi\u00f3n preventiva en el C\u00f3digo ProcesalPenal<br \/>\na. El peligro para el \u00e9xito de la investigaci\u00f3n<br \/>\ni. \u00c1mbito de protecci\u00f3n cautelar<br \/>\nii. Especificidad y relevancia de os elementos probatorios objeto de protecci\u00f3n<br \/>\niii. Elementos de valoraci\u00f3n del riesgo de obstaculizaci\u00f3n de lainvestigaci\u00f3n<br \/>\nb. El peligro de fuga<br \/>\ni. Alcance del peligro de fuga<br \/>\nii. Elementos de valoraci\u00f3n del riesgo de fuga<br \/>\nB) Finalidades preventivo-especiales de la prisi\u00f3n preventiva en elC\u00f3digo Procesal Penal<br \/>\na. El peligro para la seguridad de la sociedad<br \/>\nii. Alcance del criterio del peligro para la seguridad de la sociedad<br \/>\niii. M\u00e9todo de valoraci\u00f3n del peligro para la seguridad de la sociedad<br \/>\niv. Factores que la ley considera necesarios para la realizaci\u00f3ndel pron\u00f3stico de peligrosidad criminal<br \/>\nb. El peligro para la seguridad del ofendido<br \/>\n3. SUPUESTOS LEGALES DE IMPROCEDENCIA DE LA PRISI\u00d3N PREVENTIVA<br \/>\n3.1. Supuesto de improcedencia de la prisi\u00f3n preventiva en atenci\u00f3n a la naturalezade la pena: cuando el delito imputado estuviere sancionado \u00fanicamentecon penas pecuniarias o privativas de derechos<br \/>\n3.2. Supuesto de improcedencia de la prisi\u00f3n preventiva en atenci\u00f3n a la naturalezade la acci\u00f3n<br \/>\n3.3. Supuesto de improcedencia de la prisi\u00f3n preventiva por encontrarse elimputado cumpliendo efectivamente una pena privativa de libertad<br \/>\n4. EXCEPCIONES A LOS SUPUESTOS DE IMPROCEDENCIA DE LA PRISI\u00d3N PREVENTIVA<br \/>\n4.1. Cuando el imputado hubiere incumplido alguna de las denominadas \u201cotras medidas cautelares personales\u201d<br \/>\n4.2. Cuando el imputado pudiere cumplir con su obligaci\u00f3n de permanecer en el lugar del juicio hasta su t\u00e9rmino y de presentarse a todos los actos del procedimiento como a la ejecuci\u00f3n de la sentencia (art. 141 inciso final CPP)<br \/>\n4.3. Cuando el imputado no asistiere a la audiencia de juicio oral<br \/>\n4.4. Cuando el imputado no compareciera a la \u201cactuaci\u00f3n respectiva\u201d<\/p>\n<p><strong>CAP\u00cdTULO V<br \/>\nPROCEDIMIENTO, IMPUGNACI\u00d3N Y EJECUCI\u00d3N DE LA PRISI\u00d3N PREVENTIVA<\/p>\n<p><\/strong>1. COMPETENCIA<br \/>\n2. TRAMITACI\u00d3N DE LA SOLICITUD DE LA PRISI\u00d3N PREVENTIVA<br \/>\n2.1. Requisito procesal previo<br \/>\n2.2. Solicitud: sujeto activo, forma y momento procesal<br \/>\n2.3. Necesidad de comparecencia de las partes<br \/>\n2.4. Procedimiento para la discusi\u00f3n sobre la revocaci\u00f3n y la sustituci\u00f3n de la prisi\u00f3n preventiva y procedimiento para la discusi\u00f3n sobre la procedencia de la medida con posterioridad a su rechazo<br \/>\n2.5. El transcurso del tiempo como factor desencadenante de la discusi\u00f3n sobre \u00a0la mantenci\u00f3n de la prisi\u00f3n preventiva<br \/>\n3. EXTRADICI\u00d3N Y PRISI\u00d3N PREVENTIVA<br \/>\n3.1. La prisi\u00f3n preventiva en la extradici\u00f3n activa<br \/>\n3.2. La prisi\u00f3n preventiva en la extradici\u00f3n pasiva<\/p>\n<p><strong>CAP\u00cdTULO VI<br \/>\n<\/strong><strong>EL T\u00c9RMINO DE LA PRISI\u00d3N PREVENTIVA<\/strong><\/p>\n<p>1. MOTIVOS QUE DAN ORIGEN AL T\u00c9RMINO DE LA PRISI\u00d3N PREVENTIVA<br \/>\n1.1. T\u00e9rmino de la prisi\u00f3n preventiva por razones de \u00edndole procesal<br \/>\nA) T\u00e9rmino de la prisi\u00f3n preventiva por el dictado de ciertas resolucionesjudiciales<br \/>\nB) T\u00e9rmino de la prisi\u00f3n preventiva por el decaimiento de la necesidadde cautela<br \/>\na. La revocaci\u00f3n de la prisi\u00f3n preventiva<br \/>\nb. Sustituci\u00f3n de la prisi\u00f3n preventiva<br \/>\ni. Sustituci\u00f3n de la prisi\u00f3n preventiva por alguna de las denominadas\u201cotras medidas cautelares personales\u201d<br \/>\nii. Sustituci\u00f3n de la prisi\u00f3n preventiva por una cauci\u00f3n econ\u00f3mica o fianza<br \/>\nNaturaleza de la cauci\u00f3n<br \/>\nsuficiencia de la cauci\u00f3n<br \/>\nRegulaci\u00f3n especial de la suficiencia de la cauci\u00f3n econ\u00f3mica en los delitos tributarios<br \/>\nCancelaci\u00f3n de la cauci\u00f3n<br \/>\nEjecuci\u00f3n de las cauciones econ\u00f3micas<br \/>\n1.2. T\u00e9rmino de la prisi\u00f3n preventiva por el transcurso del tiempo<br \/>\nA) Fundamento<br \/>\nB) Sistemas de plazos absolutos<br \/>\nC) La determinaci\u00f3n del plazo razonable<br \/>\n2. EFECTOS DE LA TERMINACI\u00d3N DE LA PRISI\u00d3N PREVENTIVA<br \/>\n2.1. La puesta en libertad<br \/>\n2.2. El abono<br \/>\nA) Significado, consagraci\u00f3n positiva y fundamentos<br \/>\nB) Tipo de pena abonable<br \/>\nC) Procedencia, aplicaci\u00f3n y forma de computar el abono<br \/>\nD) El abono impropio, heterog\u00e9neo o en causa diversa<br \/>\nE) Recursos<br \/>\n3. INDEMNIZACI\u00d3N POR ERROR JUDICIAL EN MATERIA DE PRISI\u00d3N PREVENTIVA<br \/>\n3.1. Introducci\u00f3n<br \/>\n3.2. Fundamento del deber de indemnizar<br \/>\n3.3. La indemnizaci\u00f3n de perjuicios por prisi\u00f3n preventiva errada en la legislaci\u00f3n<\/p>\n<p><strong>CAP\u00cdTULO VII<br \/>\n<\/strong><strong>LAS DENOMINADAS \u201cOTRAS MEDIDAS CAUTELARES PERSONALES\u201d<\/strong><\/p>\n<p>1. INTRODUCCI\u00d3N<br \/>\n2. LAS MEDIDAS CAUTELARES PERSONALES ESTABLECIDAS EN EL ART\u00cdCULO 155 DELC\u00d3DIGO PROCESAL PENAL<br \/>\n2.1. El arresto domiciliario<br \/>\n2.2. La sujeci\u00f3n a la vigilancia de una persona o instituci\u00f3n determinada, las que informar\u00e1n peri\u00f3dicamente al juez<br \/>\n2.3. La obligaci\u00f3n de presentarse peri\u00f3dicamente ante el juez o ante la autoridad que \u00e9l designare<br \/>\n2.4. La prohibici\u00f3n de salir del pa\u00eds, de la localidad en la cual reside o del \u00e1mbito territorial que fije el tribunal<br \/>\n2.5. La prohibici\u00f3n de asistir a determinadas reuniones, recintos o espect\u00e1culos p\u00fablicos, o de visitar determinados lugares<br \/>\n2.6. La prohibici\u00f3n de comunicarse con personas determinadas<br \/>\n2.7. La prohibici\u00f3n de aproximarse al ofendido o su familia, y en su caso, \u00a0obligaci\u00f3n de abandonar el hogar que compartiere con aquel<br \/>\n2.8. La prohibici\u00f3n de poseer, tener o portar armas de fuego, municiones o cartuchos<br \/>\n2.9. La obligaci\u00f3n del imputado de abandonar un inmueble determinado<br \/>\n3. PRESUPUESTOS DE LAS \u201cOTRAS MEDIDAS CAUTELARES PERSONALES\u201d<br \/>\n3.1. El\u00a0<em>fumus commissi delicti<br \/>\n<\/em>3.2. El\u00a0<em>periculum libertatis<br \/>\n<\/em>4. TRATAMIENTO PROCESAL DE LAS \u201cOTRAS MEDIDAS CAUTELARES PERSONALES\u201d<br \/>\n4.1. Legitimario activo de las \u201cotras medidas cautelares personales\u201d<br \/>\n4.2. Suspensi\u00f3n de las \u201cotras medidas cautelares personales\u201d<br \/>\n5. EL INCUMPLIMIENTO DE LAS \u201cOTRAS MEDIDAS CAUTELARES PERSONALES\u201d<\/p>\n<p><strong>CAP\u00cdTULO VIII<br \/>\n<\/strong><strong>LA INTERNACI\u00d3N PROVISORIA O PRISI\u00d3N PREVENTIVA PARA ADOLESCENTES<\/strong><\/p>\n<p>1. INTRODUCCI\u00d3N<br \/>\n1.1. La justicia juvenil tutelar de menores<br \/>\n1.2. El nuevo paradigma: el modelo de responsabilidad<br \/>\nA) Principio de desformalizaci\u00f3n o desjudicializaci\u00f3n de la justicia penal juvenil<br \/>\nB) Principio de ultima ratio o car\u00e1cter excepcional y breve de la pena privativa de libertad<br \/>\nC) Preponderancia del principio educativo en la determinaci\u00f3n y ejecuci\u00f3n de las sanciones<br \/>\n2. MARCO JUR\u00cdDICO DE LA INTERNACI\u00d3N PROVISORIA Y DE LAS \u201cOTRAS MEDIDAS\u00a0CAUTELARES PERSONALES\u201d<br \/>\n3. EL PRINCIPIO DEL INTER\u00c9S SUPERIOR DEL NI\u00d1O Y EL DE PROPORCIONALIDAD\u00a0COMO L\u00cdMITES A LA INTERNACI\u00d3N PROVISORIA<br \/>\n4. PRESUPUESTOS MATERIALES DE LA INTERNACI\u00d3N PROVISORIA<br \/>\n5. TEMPORALIDAD<br \/>\n6. EJECUCI\u00d3N DE LA INTERNACI\u00d3N PROVISORIA<br \/>\n6.1. Principio de separaci\u00f3n<br \/>\n6.2. Permiso de salida diaria<br \/>\n6.3 Normas protectoras del desarrollo del menor<\/p>\n","protected":false},"excerpt":{"rendered":"<p>La prisi\u00f3n preventiva es por lejos la medida m\u00e1s extrema a la que puede verse enfrentado, antes del dictado de la sentencia, el imputado durante el transcurso del proceso penal. Y es que la aplicaci\u00f3n de la misma supone, nada m\u00e1s ni nada menos que privar totalmente de libertad, y en un centro carcelario, a quien el ordenamiento jur\u00eddico a\u00fan considera inocente. De ah\u00ed que no sean pocas las oportunidades en las que el imputado pueda llegar a temer m\u00e1s por la aplicaci\u00f3n de la prisi\u00f3n preventiva que a la posible pena que alg\u00fan d\u00eda pudiere serle impuesta. Consciente de la radicalidad de esta medida, nuestro sistema procesal penal permite disponer de esta en forma excepcional, como un \u00faltimo recurso; solo cuando no existan otras alternativas menos invasivas para los derechos fundamentales del imputado que sean capaces de satisfacer los mismos fines. Sin embargo, pareciera que muchas veces este capital principio en la praxis no es seguido en la forma especialmente estricta que se debiera, lo que se refleja, principalmente, en el empleo de resoluciones judiciales que no dan cuenta en forma motivada de las razones por las cuales se estima que, en el caso concreto, se configuran los requisitos para la aplicaci\u00f3n de este instrumento procesal. Es por ello que el trabajo que el lector tiene en sus manos tiene por objeto contribuir a una mejor comprensi\u00f3n del papel que debe cumplir la prisi\u00f3n preventiva dentro de un proceso penal insertado en un Estado democr\u00e1tico de Derecho, al igual que la forma en que esta medida debe ser aplicada a la luz de los postulados del principio de la presunci\u00f3n de inocencia y de proporcionalidad. Asimismo, el car\u00e1cter de excepcional y, por tanto, de ultima ratio que el nuevo sistema procesal penal atribuye a la prisi\u00f3n preventiva, hizo ineludible que el presente trabajo abordara tambi\u00e9n el estudio de las denominadas \u201cotras medidas cautelares personales\u201d. CAP\u00cdTULO I LA PRISI\u00d3N PREVENTIVA EN EL CAMBIO DE PARADIGMA\u00a0PROCESAL PENAL. DEL SISTEMA INQUISITIVO AL\u00a0ACUSATORIO 1. ANTECEDENTES: EL C\u00d3DIGO DE PROCEDIMIENTO PENAL 2. EL C\u00d3DIGO PROCESAL PENAL. EL CAMBIO DE PARADIGMA CAP\u00cdTULO II NATURALEZA JUR\u00cdDICA Y DEFINICI\u00d3N DE LA\u00a0PRISI\u00d3N PREVENTIVA 1. NATURALEZA JUR\u00cdDICA 1.1. Prisi\u00f3n preventiva como pena anticipada 1.2. Prisi\u00f3n preventiva como medida cautelar 1.3. Prisi\u00f3n preventiva como medida de seguridad o medida preventa 2. CONCLUSI\u00d3N CAP\u00cdTULO III PRISI\u00d3N PREVENTIVA COMO MEDIDA RESTRICTIVA\u00a0DE LA LIBERTAD PERSONAL. DERECHOS Y PRINCIPIOS\u00a0FUNDAMENTALES 1. EL DERECHO A LA LIBERTAD PERSONAL Y LA SEGURIDAD INDIVIDUAL 2. LA FIGURA DE LA RESTRICCI\u00d3N DE DERECHOS FUNDAMENTALES 2.1. El l\u00edmite de la proporcionalidad A) Proporcionalidad como l\u00edmite de la prisi\u00f3n preventiva a. Idoneidad b. Necesidad\/subsidiariedad c. Proporcionalidad en sentido estricto 2.2. El l\u00edmite del principio de la presunci\u00f3n de inocencia A) Naturaleza jur\u00eddica de la presunci\u00f3n de inocencia B) Contenido y alcance del derecho a la presunci\u00f3n de inocencia a. La presunci\u00f3n de inocencia como regla probatoria y de juicio b. La presunci\u00f3n de inocencia como regla de tratamiento del imputado 2.3. Presunci\u00f3n de inocencia y prisi\u00f3n preventiva 3. EL PRINCIPIO DE EXCEPCIONALIDAD COMO PRINCIPIO RECTOR DE LA APLICACI\u00d3N\u00a0DE LA PRISI\u00d3N PREVENTIVA CAP\u00cdTULO IV PRESUPUESTOS DE ADOPCI\u00d3N DE LA PRISI\u00d3N\u00a0PREVENTIVA 1. PRESUPUESTOS FORMALES 1.1. El principio de legalidad. Problemas constitucionales en la regulaci\u00f3n dela prisi\u00f3n preventiva 1.2. Jurisdiccionalidad o reserva jurisdiccional 1.3. La motivaci\u00f3n. Requisitos para su cumplimiento 2. PRESUPUESTOS MATERIALES 2.1. El\u00a0fumus commissi delicti\u00a0o\u00a0fumus boni iuris A) Primer presupuesto: \u201ca) que existen antecedentes que justificaren la existencia del delito que se investigare\u201d B) Segundo presupuesto: \u201cb) Que existen antecedentes que permitierenpresumir fundadamente que el imputado ha tenido participaci\u00f3n enel delito como autor, c\u00f3mplice o encubridor\u201d 2.2. El\u00a0periculum libertatis\u00a0o\u00a0periculum in mora a) Finalidades cautelares de la prisi\u00f3n preventiva en el C\u00f3digo ProcesalPenal a. El peligro para el \u00e9xito de la investigaci\u00f3n i. \u00c1mbito de protecci\u00f3n cautelar ii. Especificidad y relevancia de os elementos probatorios objeto de protecci\u00f3n iii. Elementos de valoraci\u00f3n del riesgo de obstaculizaci\u00f3n de lainvestigaci\u00f3n b. El peligro de fuga i. Alcance del peligro de fuga ii. Elementos de valoraci\u00f3n del riesgo de fuga B) Finalidades preventivo-especiales de la prisi\u00f3n preventiva en elC\u00f3digo Procesal Penal a. El peligro para la seguridad de la sociedad ii. Alcance del criterio del peligro para la seguridad de la sociedad iii. M\u00e9todo de valoraci\u00f3n del peligro para la seguridad de la sociedad iv. Factores que la ley considera necesarios para la realizaci\u00f3ndel pron\u00f3stico de peligrosidad criminal b. El peligro para la seguridad del ofendido 3. SUPUESTOS LEGALES DE IMPROCEDENCIA DE LA PRISI\u00d3N PREVENTIVA 3.1. Supuesto de improcedencia de la prisi\u00f3n preventiva en atenci\u00f3n a la naturalezade la pena: cuando el delito imputado estuviere sancionado \u00fanicamentecon penas pecuniarias o privativas de derechos 3.2. Supuesto de improcedencia de la prisi\u00f3n preventiva en atenci\u00f3n a la naturalezade la acci\u00f3n 3.3. Supuesto de improcedencia de la prisi\u00f3n preventiva por encontrarse elimputado cumpliendo efectivamente una pena privativa de libertad 4. EXCEPCIONES A LOS SUPUESTOS DE IMPROCEDENCIA DE LA PRISI\u00d3N PREVENTIVA 4.1. Cuando el imputado hubiere incumplido alguna de las denominadas \u201cotras medidas cautelares personales\u201d 4.2. Cuando el imputado pudiere cumplir con su obligaci\u00f3n de permanecer en el lugar del juicio hasta su t\u00e9rmino y de presentarse a todos los actos del procedimiento como a la ejecuci\u00f3n de la sentencia (art. 141 inciso final CPP) 4.3. Cuando el imputado no asistiere a la audiencia de juicio oral 4.4. Cuando el imputado no compareciera a la \u201cactuaci\u00f3n respectiva\u201d CAP\u00cdTULO V PROCEDIMIENTO, IMPUGNACI\u00d3N Y EJECUCI\u00d3N DE LA PRISI\u00d3N PREVENTIVA 1. COMPETENCIA 2. TRAMITACI\u00d3N DE LA SOLICITUD DE LA PRISI\u00d3N PREVENTIVA 2.1. Requisito procesal previo 2.2. Solicitud: sujeto activo, forma y momento procesal 2.3. Necesidad de comparecencia de las partes 2.4. Procedimiento para la discusi\u00f3n sobre la revocaci\u00f3n y la sustituci\u00f3n de la prisi\u00f3n preventiva y procedimiento para la discusi\u00f3n sobre la procedencia de la medida con posterioridad a su rechazo 2.5. El transcurso del tiempo como factor desencadenante de la discusi\u00f3n sobre \u00a0la mantenci\u00f3n de la prisi\u00f3n preventiva 3. EXTRADICI\u00d3N Y PRISI\u00d3N PREVENTIVA 3.1. La prisi\u00f3n preventiva en la extradici\u00f3n activa 3.2. La prisi\u00f3n preventiva en la extradici\u00f3n pasiva CAP\u00cdTULO VI<\/p>\n","protected":false},"featured_media":4541,"comment_status":"open","ping_status":"closed","template":"","meta":{"inline_featured_image":false,"_joinchat":[]},"product_brand":[],"product_cat":[38,34],"product_tag":[],"class_list":{"0":"post-4511","1":"product","2":"type-product","3":"status-publish","4":"has-post-thumbnail","6":"product_cat-editorial-der-ediciones","7":"product_cat-procesal-penal","8":"product_shipping_class-a-convenir","10":"first","11":"instock","12":"shipping-taxable","13":"purchasable","14":"product-type-simple"},"_links":{"self":[{"href":"https:\/\/bibliotecajuridicavirtual.cl\/index.php\/wp-json\/wp\/v2\/product\/4511","targetHints":{"allow":["GET"]}}],"collection":[{"href":"https:\/\/bibliotecajuridicavirtual.cl\/index.php\/wp-json\/wp\/v2\/product"}],"about":[{"href":"https:\/\/bibliotecajuridicavirtual.cl\/index.php\/wp-json\/wp\/v2\/types\/product"}],"replies":[{"embeddable":true,"href":"https:\/\/bibliotecajuridicavirtual.cl\/index.php\/wp-json\/wp\/v2\/comments?post=4511"}],"wp:featuredmedia":[{"embeddable":true,"href":"https:\/\/bibliotecajuridicavirtual.cl\/index.php\/wp-json\/wp\/v2\/media\/4541"}],"wp:attachment":[{"href":"https:\/\/bibliotecajuridicavirtual.cl\/index.php\/wp-json\/wp\/v2\/media?parent=4511"}],"wp:term":[{"taxonomy":"product_brand","embeddable":true,"href":"https:\/\/bibliotecajuridicavirtual.cl\/index.php\/wp-json\/wp\/v2\/product_brand?post=4511"},{"taxonomy":"product_cat","embeddable":true,"href":"https:\/\/bibliotecajuridicavirtual.cl\/index.php\/wp-json\/wp\/v2\/product_cat?post=4511"},{"taxonomy":"product_tag","embeddable":true,"href":"https:\/\/bibliotecajuridicavirtual.cl\/index.php\/wp-json\/wp\/v2\/product_tag?post=4511"}],"curies":[{"name":"wp","href":"https:\/\/api.w.org\/{rel}","templated":true}]}}