{"id":4512,"date":"2026-02-28T01:26:18","date_gmt":"2026-02-28T04:26:18","guid":{"rendered":"https:\/\/bibliotecajuridicavirtual.cl\/?post_type=product&#038;p=4512"},"modified":"2026-02-28T01:26:32","modified_gmt":"2026-02-28T04:26:32","slug":"derecho-penal-parte-general-tomo-i-fundamentos-ano-2019-368-pag-autor-mauricio-rettig-espinoza","status":"publish","type":"product","link":"https:\/\/bibliotecajuridicavirtual.cl\/index.php\/product\/derecho-penal-parte-general-tomo-i-fundamentos-ano-2019-368-pag-autor-mauricio-rettig-espinoza\/","title":{"rendered":"Derecho Penal Parte General Tomo I &#8211; Fundamentos. A\u00f1o 2019\/368 P\u00e1g. Autor  Mauricio Rettig Espinoza,"},"content":{"rendered":"<p>Esta obra es el primer tomo de un total de tres, que en su conjunto comprenden el estudio de la parte general del Derecho penal.El tomo I se ocupa de los fundamentos del Derecho penal;el tomo II, de la teor\u00eda del delito, y el tomo III, de las consecuencias jur\u00eddico-penales del delito.<br \/>\nEl tomo I da cuenta de una toma de postura respecto de los fundamentos del Derecho penal.La obra se estructura sobre la base de ocho cap\u00edtulos que comienzan con el concepto de Derecho penal y su relaci\u00f3n con otras ramas afines, como el Derecho procesal penal, la criminolog\u00eda, la pol\u00edtica criminal, etc. El segundo cap\u00edtulo comprende el estudio de las normas jur\u00eddico-penales, y el cap\u00edtulo tercero se encarga de la funci\u00f3n del Derecho penal en un Estado Democr\u00e1tico de Derecho.El cap\u00edtulo cuarto abarca el estudio del concepto, sentido y fin de la pena, y el cap\u00edtulo quinto se ocupa de los l\u00edmites al ius puniendi en general y, en particular, de los principios de legalidad, culpabilidad, lesividad, subsidiariedad, fragmentariedad, Derecho penal de actos, proporcionalidad, humanidad de las penas, resocializaci\u00f3n y non bis in idem.El cap\u00edtulo sexto trata la interpretaci\u00f3n de la ley penal, y el cap\u00edtulo s\u00e9ptimo estudia los efectos de la ley penal en cuanto al espacio ya las personas.Por \u00faltimo, el cap\u00edtulo octavo se avoca a la evoluci\u00f3n de la dogm\u00e1tica penal, pasando por las escuelas positivista, neokantiana, finalista y funcionalista moderada y extrema.<br \/>\nSin duda este libro es fruto de un largo devenir por las distintas corrientes del Derecho penal.<\/p>\n","protected":false},"excerpt":{"rendered":"<p>Esta obra es el primer tomo de un total de tres, que en su conjunto comprenden el estudio de la parte general del Derecho penal.El tomo I se ocupa de los fundamentos del Derecho penal;el tomo II, de la teor\u00eda del delito, y el tomo III, de las consecuencias jur\u00eddico-penales del delito. El tomo I da cuenta de una toma de postura respecto de los fundamentos del Derecho penal.La obra se estructura sobre la base de ocho cap\u00edtulos que comienzan con el concepto de Derecho penal y su relaci\u00f3n con otras ramas afines, como el Derecho procesal penal, la criminolog\u00eda, la pol\u00edtica criminal, etc. El segundo cap\u00edtulo comprende el estudio de las normas jur\u00eddico-penales, y el cap\u00edtulo tercero se encarga de la funci\u00f3n del Derecho penal en un Estado Democr\u00e1tico de Derecho.El cap\u00edtulo cuarto abarca el estudio del concepto, sentido y fin de la pena, y el cap\u00edtulo quinto se ocupa de los l\u00edmites al ius puniendi en general y, en particular, de los principios de legalidad, culpabilidad, lesividad, subsidiariedad, fragmentariedad, Derecho penal de actos, proporcionalidad, humanidad de las penas, resocializaci\u00f3n y non bis in idem.El cap\u00edtulo sexto trata la interpretaci\u00f3n de la ley penal, y el cap\u00edtulo s\u00e9ptimo estudia los efectos de la ley penal en cuanto al espacio ya las personas.Por \u00faltimo, el cap\u00edtulo octavo se avoca a la evoluci\u00f3n de la dogm\u00e1tica penal, pasando por las escuelas positivista, neokantiana, finalista y funcionalista moderada y extrema. Sin duda este libro es fruto de un largo devenir por las distintas corrientes del Derecho penal.<\/p>\n","protected":false},"featured_media":4542,"comment_status":"open","ping_status":"closed","template":"","meta":{"inline_featured_image":false,"_joinchat":[]},"product_brand":[],"product_cat":[38,30],"product_tag":[],"class_list":{"0":"post-4512","1":"product","2":"type-product","3":"status-publish","4":"has-post-thumbnail","6":"product_cat-editorial-der-ediciones","7":"product_cat-penal","8":"product_shipping_class-a-convenir","10":"first","11":"instock","12":"shipping-taxable","13":"purchasable","14":"product-type-simple"},"_links":{"self":[{"href":"https:\/\/bibliotecajuridicavirtual.cl\/index.php\/wp-json\/wp\/v2\/product\/4512","targetHints":{"allow":["GET"]}}],"collection":[{"href":"https:\/\/bibliotecajuridicavirtual.cl\/index.php\/wp-json\/wp\/v2\/product"}],"about":[{"href":"https:\/\/bibliotecajuridicavirtual.cl\/index.php\/wp-json\/wp\/v2\/types\/product"}],"replies":[{"embeddable":true,"href":"https:\/\/bibliotecajuridicavirtual.cl\/index.php\/wp-json\/wp\/v2\/comments?post=4512"}],"wp:featuredmedia":[{"embeddable":true,"href":"https:\/\/bibliotecajuridicavirtual.cl\/index.php\/wp-json\/wp\/v2\/media\/4542"}],"wp:attachment":[{"href":"https:\/\/bibliotecajuridicavirtual.cl\/index.php\/wp-json\/wp\/v2\/media?parent=4512"}],"wp:term":[{"taxonomy":"product_brand","embeddable":true,"href":"https:\/\/bibliotecajuridicavirtual.cl\/index.php\/wp-json\/wp\/v2\/product_brand?post=4512"},{"taxonomy":"product_cat","embeddable":true,"href":"https:\/\/bibliotecajuridicavirtual.cl\/index.php\/wp-json\/wp\/v2\/product_cat?post=4512"},{"taxonomy":"product_tag","embeddable":true,"href":"https:\/\/bibliotecajuridicavirtual.cl\/index.php\/wp-json\/wp\/v2\/product_tag?post=4512"}],"curies":[{"name":"wp","href":"https:\/\/api.w.org\/{rel}","templated":true}]}}