{"id":4514,"date":"2026-02-28T01:26:18","date_gmt":"2026-02-28T04:26:18","guid":{"rendered":"https:\/\/bibliotecajuridicavirtual.cl\/?post_type=product&#038;p=4514"},"modified":"2026-02-28T01:26:35","modified_gmt":"2026-02-28T04:26:35","slug":"la-prueba-de-los-hechos-en-el-proceso-penal-ano-2019-458-pag-autor-mauricio-decap-fernandez","status":"publish","type":"product","link":"https:\/\/bibliotecajuridicavirtual.cl\/index.php\/product\/la-prueba-de-los-hechos-en-el-proceso-penal-ano-2019-458-pag-autor-mauricio-decap-fernandez\/","title":{"rendered":"La Prueba de los Hechos en el Proceso Penal. A\u00f1o 2019\/458 P\u00e1g. Autor MAURICIO DECAP FERN\u00c1NDEZ"},"content":{"rendered":"<p>En esta obra se efect\u00faa una aproximaci\u00f3n al tema de la prueba de los hechos en materia penal, intentando abarcar tanto aquellos complejos temas te\u00f3ricos que su estudio plantea, as\u00ed como los aspectos pr\u00e1cticos que posibilitan que un abogado litigante se proponga que la informaci\u00f3n que ingresa al juicio logre ser utilizada eficazmente por \u00e9l y valorada por los jueces, para resolver un caso concreto sometido a su conocimiento.<br \/>\nEn esta funci\u00f3n, toma partido por una determinada concepci\u00f3n de la prueba, de las muchas posibles, que dice relaci\u00f3n con el resultado que se busca con ella, indagando en distinciones relacionadas con el suceso criminal, las huellas o rastros que este deja en distintos soportes, como la informaci\u00f3n acerca de los hechos que tuvieron lugar en la realidad y la diferencia que necesariamente se debe establecer entre dichos soportes de informaci\u00f3n o fuentes de prueba, de los medios de prueba que se introducen al juicio, as\u00ed como entre hechos que ocurren en la realidad y las afirmaciones que se efect\u00faan acerca de esos hechos, procurando revisar c\u00f3mo las diferencias entre esos diversos conceptos se expresan en las diferentes etapas del proceso penal, en el contexto de un sistema acusatorio regido por los principios de inmediaci\u00f3n y contradicci\u00f3n, y c\u00f3mo dichas distinciones resultan \u00fatiles para lograr que el o los jueces que resuelven el conflicto jur\u00eddico-penal est\u00e9n dotados de informaci\u00f3n de calidad que les permitan tomar la mejor decisi\u00f3n posible.<br \/>\nTales distinciones son planteadas por el autor con la inequ\u00edvoca finalidad de, por una parte, lograr explicar adecuadamente el fen\u00f3meno de la prueba de los hechos en materia penal, de un modo que ellas resulten comprensibles para los lectores y estudiosos y, por otra, con la expectativa de contribuir con dicha sistematizaci\u00f3n a mejorar la litigaci\u00f3n en materia penal. Para ello se revisa la normativa chilena, principalmente, y la mexicana, de forma complementaria, explicando el tratamiento que en dichos ordenamientos se otorga a estos temas.<\/p>\n","protected":false},"excerpt":{"rendered":"<p>En esta obra se efect\u00faa una aproximaci\u00f3n al tema de la prueba de los hechos en materia penal, intentando abarcar tanto aquellos complejos temas te\u00f3ricos que su estudio plantea, as\u00ed como los aspectos pr\u00e1cticos que posibilitan que un abogado litigante se proponga que la informaci\u00f3n que ingresa al juicio logre ser utilizada eficazmente por \u00e9l y valorada por los jueces, para resolver un caso concreto sometido a su conocimiento. En esta funci\u00f3n, toma partido por una determinada concepci\u00f3n de la prueba, de las muchas posibles, que dice relaci\u00f3n con el resultado que se busca con ella, indagando en distinciones relacionadas con el suceso criminal, las huellas o rastros que este deja en distintos soportes, como la informaci\u00f3n acerca de los hechos que tuvieron lugar en la realidad y la diferencia que necesariamente se debe establecer entre dichos soportes de informaci\u00f3n o fuentes de prueba, de los medios de prueba que se introducen al juicio, as\u00ed como entre hechos que ocurren en la realidad y las afirmaciones que se efect\u00faan acerca de esos hechos, procurando revisar c\u00f3mo las diferencias entre esos diversos conceptos se expresan en las diferentes etapas del proceso penal, en el contexto de un sistema acusatorio regido por los principios de inmediaci\u00f3n y contradicci\u00f3n, y c\u00f3mo dichas distinciones resultan \u00fatiles para lograr que el o los jueces que resuelven el conflicto jur\u00eddico-penal est\u00e9n dotados de informaci\u00f3n de calidad que les permitan tomar la mejor decisi\u00f3n posible. Tales distinciones son planteadas por el autor con la inequ\u00edvoca finalidad de, por una parte, lograr explicar adecuadamente el fen\u00f3meno de la prueba de los hechos en materia penal, de un modo que ellas resulten comprensibles para los lectores y estudiosos y, por otra, con la expectativa de contribuir con dicha sistematizaci\u00f3n a mejorar la litigaci\u00f3n en materia penal. Para ello se revisa la normativa chilena, principalmente, y la mexicana, de forma complementaria, explicando el tratamiento que en dichos ordenamientos se otorga a estos temas.<\/p>\n","protected":false},"featured_media":4544,"comment_status":"open","ping_status":"closed","template":"","meta":{"inline_featured_image":false,"_joinchat":[]},"product_brand":[],"product_cat":[38,34],"product_tag":[],"class_list":{"0":"post-4514","1":"product","2":"type-product","3":"status-publish","4":"has-post-thumbnail","6":"product_cat-editorial-der-ediciones","7":"product_cat-procesal-penal","8":"product_shipping_class-a-convenir","10":"first","11":"instock","12":"shipping-taxable","13":"purchasable","14":"product-type-simple"},"_links":{"self":[{"href":"https:\/\/bibliotecajuridicavirtual.cl\/index.php\/wp-json\/wp\/v2\/product\/4514","targetHints":{"allow":["GET"]}}],"collection":[{"href":"https:\/\/bibliotecajuridicavirtual.cl\/index.php\/wp-json\/wp\/v2\/product"}],"about":[{"href":"https:\/\/bibliotecajuridicavirtual.cl\/index.php\/wp-json\/wp\/v2\/types\/product"}],"replies":[{"embeddable":true,"href":"https:\/\/bibliotecajuridicavirtual.cl\/index.php\/wp-json\/wp\/v2\/comments?post=4514"}],"wp:featuredmedia":[{"embeddable":true,"href":"https:\/\/bibliotecajuridicavirtual.cl\/index.php\/wp-json\/wp\/v2\/media\/4544"}],"wp:attachment":[{"href":"https:\/\/bibliotecajuridicavirtual.cl\/index.php\/wp-json\/wp\/v2\/media?parent=4514"}],"wp:term":[{"taxonomy":"product_brand","embeddable":true,"href":"https:\/\/bibliotecajuridicavirtual.cl\/index.php\/wp-json\/wp\/v2\/product_brand?post=4514"},{"taxonomy":"product_cat","embeddable":true,"href":"https:\/\/bibliotecajuridicavirtual.cl\/index.php\/wp-json\/wp\/v2\/product_cat?post=4514"},{"taxonomy":"product_tag","embeddable":true,"href":"https:\/\/bibliotecajuridicavirtual.cl\/index.php\/wp-json\/wp\/v2\/product_tag?post=4514"}],"curies":[{"name":"wp","href":"https:\/\/api.w.org\/{rel}","templated":true}]}}