{"id":4515,"date":"2026-02-28T01:26:19","date_gmt":"2026-02-28T04:26:19","guid":{"rendered":"https:\/\/bibliotecajuridicavirtual.cl\/?post_type=product&#038;p=4515"},"modified":"2026-02-28T01:26:36","modified_gmt":"2026-02-28T04:26:36","slug":"el-recurso-en-apelacion-en-materia-penal-ano-2020-170-pag-autor-rodrigo-rios-alvarez","status":"publish","type":"product","link":"https:\/\/bibliotecajuridicavirtual.cl\/index.php\/product\/el-recurso-en-apelacion-en-materia-penal-ano-2020-170-pag-autor-rodrigo-rios-alvarez\/","title":{"rendered":"El Recurso en Apelaci\u00f3n en Materia Penal. A\u00f1o 2020\/170 P\u00e1g. Autor RODRIGO R\u00cdOS \u00c1LVAREZ"},"content":{"rendered":"<p>La obra aborda una s\u00edntesis de la regulaci\u00f3n y tramitaci\u00f3n del recurso de apelaci\u00f3n en materia penal, efectuando una revisi\u00f3n de la doctrina nacional y jurisprudencia de nuestros tribunales, en cada uno de estos aspectos, para luego estudiar con mayor detalle algunas problem\u00e1ticas interpretativas que han suscitado cada vez mayor inter\u00e9s. Entre ellas encontramos principalmente: el alcance del art\u00edculo 364 del C\u00f3digo Procesal Penal, en cuanto dispone que las resoluciones dictadas por el tribunal de juicio oral en lo penal son inapelables; la impugnabilidad del auto de apertura de juicio oral, con especial \u00e9nfasis en la reconducci\u00f3n de la causal de exclusi\u00f3n que no habilita a la interposici\u00f3n de este recurso por parte del Ministerio P\u00fablico; el debate generado en torno al alcance de la apelaci\u00f3n verbal, introducida por la Ley N\u00ba 20.253 agenda corta anti delincuencia, que determina la actual redacci\u00f3n del art\u00edculo 149 del C\u00f3digo Procesal Penal, que se ha hecho extensivo a la medida cautelar personal de internaci\u00f3n provisoria; y la procedencia del recurso de apelaci\u00f3n respecto de la resoluci\u00f3n que reemplaza la prisi\u00f3n preventiva por una cauci\u00f3n econ\u00f3mica suficiente.<br \/>\nPara dimensionar la importancia de este libro, es relevante mencionar que la reforma procesal penal en nuestro pa\u00eds produjo un cambio de paradigma en lo que a materia de medios de impugnaci\u00f3n se refiere, instaur\u00e1ndose el recurso de nulidad como el principal medio de impugnaci\u00f3n de sentencias definitivas, desplazando con ello al recurso que hist\u00f3ricamente hab\u00eda tenido dicha funci\u00f3n en materia penal, el recurso de apelaci\u00f3n.<br \/>\nSin embargo, al realizar una mirada global del actual escenario y \u00e1mbito de competencia del recurso de apelaci\u00f3n en el proceso penal, podemos concluir que puede perfectamente ser considerado como el recurso de mayor aplicaci\u00f3n pr\u00e1ctica, y que abarca la mayor cantidad y diversidad de materias que son susceptibles de impugnaci\u00f3n: ilegalidades de la detenci\u00f3n, medidas cautelares personales y reales, sobreseimientos, auto de apertura de juicio oral, suspensi\u00f3n condicional del procedimiento, penas sustitutivas, costas procesales, resoluciones vinculadas con la querella, sentencia definitiva del procedimiento abreviado, entre otras.<br \/>\nDel recorrido de las materias y procedimientos respecto de los cuales el recurso de apelaci\u00f3n es aplicable, se puede apreciar que se trata de cuestiones que son transversales a todas las etapas del proceso penal, lo que necesariamente hace concluir su protagonismo en el proceso penal actual como mecanismo de impugnaci\u00f3n.<\/p>\n","protected":false},"excerpt":{"rendered":"<p>La obra aborda una s\u00edntesis de la regulaci\u00f3n y tramitaci\u00f3n del recurso de apelaci\u00f3n en materia penal, efectuando una revisi\u00f3n de la doctrina nacional y jurisprudencia de nuestros tribunales, en cada uno de estos aspectos, para luego estudiar con mayor detalle algunas problem\u00e1ticas interpretativas que han suscitado cada vez mayor inter\u00e9s. Entre ellas encontramos principalmente: el alcance del art\u00edculo 364 del C\u00f3digo Procesal Penal, en cuanto dispone que las resoluciones dictadas por el tribunal de juicio oral en lo penal son inapelables; la impugnabilidad del auto de apertura de juicio oral, con especial \u00e9nfasis en la reconducci\u00f3n de la causal de exclusi\u00f3n que no habilita a la interposici\u00f3n de este recurso por parte del Ministerio P\u00fablico; el debate generado en torno al alcance de la apelaci\u00f3n verbal, introducida por la Ley N\u00ba 20.253 agenda corta anti delincuencia, que determina la actual redacci\u00f3n del art\u00edculo 149 del C\u00f3digo Procesal Penal, que se ha hecho extensivo a la medida cautelar personal de internaci\u00f3n provisoria; y la procedencia del recurso de apelaci\u00f3n respecto de la resoluci\u00f3n que reemplaza la prisi\u00f3n preventiva por una cauci\u00f3n econ\u00f3mica suficiente. Para dimensionar la importancia de este libro, es relevante mencionar que la reforma procesal penal en nuestro pa\u00eds produjo un cambio de paradigma en lo que a materia de medios de impugnaci\u00f3n se refiere, instaur\u00e1ndose el recurso de nulidad como el principal medio de impugnaci\u00f3n de sentencias definitivas, desplazando con ello al recurso que hist\u00f3ricamente hab\u00eda tenido dicha funci\u00f3n en materia penal, el recurso de apelaci\u00f3n. Sin embargo, al realizar una mirada global del actual escenario y \u00e1mbito de competencia del recurso de apelaci\u00f3n en el proceso penal, podemos concluir que puede perfectamente ser considerado como el recurso de mayor aplicaci\u00f3n pr\u00e1ctica, y que abarca la mayor cantidad y diversidad de materias que son susceptibles de impugnaci\u00f3n: ilegalidades de la detenci\u00f3n, medidas cautelares personales y reales, sobreseimientos, auto de apertura de juicio oral, suspensi\u00f3n condicional del procedimiento, penas sustitutivas, costas procesales, resoluciones vinculadas con la querella, sentencia definitiva del procedimiento abreviado, entre otras. Del recorrido de las materias y procedimientos respecto de los cuales el recurso de apelaci\u00f3n es aplicable, se puede apreciar que se trata de cuestiones que son transversales a todas las etapas del proceso penal, lo que necesariamente hace concluir su protagonismo en el proceso penal actual como mecanismo de impugnaci\u00f3n.<\/p>\n","protected":false},"featured_media":4545,"comment_status":"open","ping_status":"closed","template":"","meta":{"inline_featured_image":false,"_joinchat":[]},"product_brand":[],"product_cat":[38,30],"product_tag":[],"class_list":{"0":"post-4515","1":"product","2":"type-product","3":"status-publish","4":"has-post-thumbnail","6":"product_cat-editorial-der-ediciones","7":"product_cat-penal","8":"product_shipping_class-a-convenir","10":"first","11":"instock","12":"shipping-taxable","13":"purchasable","14":"product-type-simple"},"_links":{"self":[{"href":"https:\/\/bibliotecajuridicavirtual.cl\/index.php\/wp-json\/wp\/v2\/product\/4515","targetHints":{"allow":["GET"]}}],"collection":[{"href":"https:\/\/bibliotecajuridicavirtual.cl\/index.php\/wp-json\/wp\/v2\/product"}],"about":[{"href":"https:\/\/bibliotecajuridicavirtual.cl\/index.php\/wp-json\/wp\/v2\/types\/product"}],"replies":[{"embeddable":true,"href":"https:\/\/bibliotecajuridicavirtual.cl\/index.php\/wp-json\/wp\/v2\/comments?post=4515"}],"wp:featuredmedia":[{"embeddable":true,"href":"https:\/\/bibliotecajuridicavirtual.cl\/index.php\/wp-json\/wp\/v2\/media\/4545"}],"wp:attachment":[{"href":"https:\/\/bibliotecajuridicavirtual.cl\/index.php\/wp-json\/wp\/v2\/media?parent=4515"}],"wp:term":[{"taxonomy":"product_brand","embeddable":true,"href":"https:\/\/bibliotecajuridicavirtual.cl\/index.php\/wp-json\/wp\/v2\/product_brand?post=4515"},{"taxonomy":"product_cat","embeddable":true,"href":"https:\/\/bibliotecajuridicavirtual.cl\/index.php\/wp-json\/wp\/v2\/product_cat?post=4515"},{"taxonomy":"product_tag","embeddable":true,"href":"https:\/\/bibliotecajuridicavirtual.cl\/index.php\/wp-json\/wp\/v2\/product_tag?post=4515"}],"curies":[{"name":"wp","href":"https:\/\/api.w.org\/{rel}","templated":true}]}}