{"id":4516,"date":"2026-02-28T01:26:19","date_gmt":"2026-02-28T04:26:19","guid":{"rendered":"https:\/\/bibliotecajuridicavirtual.cl\/?post_type=product&#038;p=4516"},"modified":"2026-02-28T01:26:37","modified_gmt":"2026-02-28T04:26:37","slug":"objeciones-probatorias-ano-2023-234-pag-autor-mauro-lopardo","status":"publish","type":"product","link":"https:\/\/bibliotecajuridicavirtual.cl\/index.php\/product\/objeciones-probatorias-ano-2023-234-pag-autor-mauro-lopardo\/","title":{"rendered":"Objeciones Probatorias. A\u00f1o 2023\/234 P\u00e1g. Autor Mauro Lopardo"},"content":{"rendered":"<p>Litigar es un arte, un oficio, una habilidad, pero siempre es algo muy diferente a improvisar, confiando en el talento natural o, incluso, en la simple experiencia. Tal\u00a0como hemos sostenido en cada uno de los libros de esta colecci\u00f3n, el abogado litigante\u00a0puede estudiar, practicar, reflexionar sobre los grandes temas que le permiten presentar\u00a0su caso; pero con la condici\u00f3n de que no olvide los detalles que pueden hacerle\u00a0ganar o perder ese mismo caso. Este nuevo libro que debemos a Mauro Lopardo nos\u00a0lleva a controlar esos detalles, que pueden ser determinantes en el litigio, y que muchas\u00a0veces imponen una reacci\u00f3n inmediata, mas no por ello impulsiva o imprecisa.<br \/>\nEste manual sobre c\u00f3mo objetar recorre las distintas audiencias en las que ello puede ocurrir, que son pr\u00e1cticamente todas, porque el sistema de audiencias existe para dar la oportunidad de realizar estas objeciones, de discutir, de precisar el litigio y provocar decisiones, hasta el momento del juicio. Tambi\u00e9n es una forma de evitar las discusiones in\u00fatiles, el litigio indirecto que enferma nuestra pr\u00e1ctica como abogados, y que desgraciadamente es permitido y a veces alentado por los jueces, que prefieren demorar o nunca tomar una decisi\u00f3n. Ense\u00f1ar la b\u00fasqueda del rigor y la precisi\u00f3n es uno de los m\u00e9ritos de esta obra; hacerlo mostrando las distintas variantes de esos \u201cmicro-litigios\u201d de los que se compone la din\u00e1mica y la vida de un caso, uno de sus mayores m\u00e9ritos. Me complace incorporar este nuevo libro a nuestra colecci\u00f3n. Los litigantes-lectores ya han comprendido que estas gu\u00edas para mejorar el litigio, que constituyen el objeto de esta colecci\u00f3n, forman ya una caja de herramientas indispensable para el buen ejercicio profesional.<\/p>\n","protected":false},"excerpt":{"rendered":"<p>Litigar es un arte, un oficio, una habilidad, pero siempre es algo muy diferente a improvisar, confiando en el talento natural o, incluso, en la simple experiencia. Tal\u00a0como hemos sostenido en cada uno de los libros de esta colecci\u00f3n, el abogado litigante\u00a0puede estudiar, practicar, reflexionar sobre los grandes temas que le permiten presentar\u00a0su caso; pero con la condici\u00f3n de que no olvide los detalles que pueden hacerle\u00a0ganar o perder ese mismo caso. Este nuevo libro que debemos a Mauro Lopardo nos\u00a0lleva a controlar esos detalles, que pueden ser determinantes en el litigio, y que muchas\u00a0veces imponen una reacci\u00f3n inmediata, mas no por ello impulsiva o imprecisa. Este manual sobre c\u00f3mo objetar recorre las distintas audiencias en las que ello puede ocurrir, que son pr\u00e1cticamente todas, porque el sistema de audiencias existe para dar la oportunidad de realizar estas objeciones, de discutir, de precisar el litigio y provocar decisiones, hasta el momento del juicio. Tambi\u00e9n es una forma de evitar las discusiones in\u00fatiles, el litigio indirecto que enferma nuestra pr\u00e1ctica como abogados, y que desgraciadamente es permitido y a veces alentado por los jueces, que prefieren demorar o nunca tomar una decisi\u00f3n. Ense\u00f1ar la b\u00fasqueda del rigor y la precisi\u00f3n es uno de los m\u00e9ritos de esta obra; hacerlo mostrando las distintas variantes de esos \u201cmicro-litigios\u201d de los que se compone la din\u00e1mica y la vida de un caso, uno de sus mayores m\u00e9ritos. Me complace incorporar este nuevo libro a nuestra colecci\u00f3n. Los litigantes-lectores ya han comprendido que estas gu\u00edas para mejorar el litigio, que constituyen el objeto de esta colecci\u00f3n, forman ya una caja de herramientas indispensable para el buen ejercicio profesional.<\/p>\n","protected":false},"featured_media":4546,"comment_status":"open","ping_status":"closed","template":"","meta":{"inline_featured_image":false,"_joinchat":[]},"product_brand":[],"product_cat":[30],"product_tag":[],"class_list":{"0":"post-4516","1":"product","2":"type-product","3":"status-publish","4":"has-post-thumbnail","6":"product_cat-penal","7":"product_shipping_class-a-convenir","9":"first","10":"instock","11":"shipping-taxable","12":"purchasable","13":"product-type-simple"},"_links":{"self":[{"href":"https:\/\/bibliotecajuridicavirtual.cl\/index.php\/wp-json\/wp\/v2\/product\/4516","targetHints":{"allow":["GET"]}}],"collection":[{"href":"https:\/\/bibliotecajuridicavirtual.cl\/index.php\/wp-json\/wp\/v2\/product"}],"about":[{"href":"https:\/\/bibliotecajuridicavirtual.cl\/index.php\/wp-json\/wp\/v2\/types\/product"}],"replies":[{"embeddable":true,"href":"https:\/\/bibliotecajuridicavirtual.cl\/index.php\/wp-json\/wp\/v2\/comments?post=4516"}],"wp:featuredmedia":[{"embeddable":true,"href":"https:\/\/bibliotecajuridicavirtual.cl\/index.php\/wp-json\/wp\/v2\/media\/4546"}],"wp:attachment":[{"href":"https:\/\/bibliotecajuridicavirtual.cl\/index.php\/wp-json\/wp\/v2\/media?parent=4516"}],"wp:term":[{"taxonomy":"product_brand","embeddable":true,"href":"https:\/\/bibliotecajuridicavirtual.cl\/index.php\/wp-json\/wp\/v2\/product_brand?post=4516"},{"taxonomy":"product_cat","embeddable":true,"href":"https:\/\/bibliotecajuridicavirtual.cl\/index.php\/wp-json\/wp\/v2\/product_cat?post=4516"},{"taxonomy":"product_tag","embeddable":true,"href":"https:\/\/bibliotecajuridicavirtual.cl\/index.php\/wp-json\/wp\/v2\/product_tag?post=4516"}],"curies":[{"name":"wp","href":"https:\/\/api.w.org\/{rel}","templated":true}]}}