{"id":4518,"date":"2026-02-28T01:26:19","date_gmt":"2026-02-28T04:26:19","guid":{"rendered":"https:\/\/bibliotecajuridicavirtual.cl\/?post_type=product&#038;p=4518"},"modified":"2026-02-28T01:26:39","modified_gmt":"2026-02-28T04:26:39","slug":"derecho-penal-cuestiones-fundamentales-de-la-teoria-del-delito-sobre-la-base-de-casos-de-sentencia-ano-2023-548-pag-autor-albin-eser-bjorn-burkhardt","status":"publish","type":"product","link":"https:\/\/bibliotecajuridicavirtual.cl\/index.php\/product\/derecho-penal-cuestiones-fundamentales-de-la-teoria-del-delito-sobre-la-base-de-casos-de-sentencia-ano-2023-548-pag-autor-albin-eser-bjorn-burkhardt\/","title":{"rendered":"Derecho Penal, Cuestiones Fundamentales de la Teor\u00eda del Delito Sobre la Base de Casos de Sentencia. A\u00f1o 2023\/548 P\u00e1g. Autor  Albin Eser- Bj\u00f6rn Burkhardt"},"content":{"rendered":"<p>Derecho penal. Cuestiones fundamentales de la teor\u00eda de delito sobre la base de casos de sentencias. Interpretaci\u00f3n. Principio de legalidad. El hecho punible. Relaci\u00f3n de causalidad e imputaci\u00f3n objetiva, otras causas adicionales. El tipo subjetivo de los delitos dolosos. Delimitaci\u00f3n dolo\/culpa. Dolo y curso causal. Aberratio ictus \u2013error\u00a0 in persona vel objeto\u2013. La leg\u00edtima defensa. Provocaci\u00f3n de leg\u00edtima defensa. Estado de necesidad justificante. El consentimiento. Principio de culpabilidad. Error sobre causas de justificaci\u00f3n. Delimitaci\u00f3n entre error sobre las circunstancias del hecho y del error de subsunci\u00f3n. Actio libera in causa. Causas de exculpaci\u00f3n. Causas de exclusi\u00f3n de la pena. Preceptos del c\u00f3digo penal alem\u00e1n.<\/p>\n<p>\u00cdNDICE<br \/>\nprEsEntAci\u00f3n (A lA Edici\u00f3n EspA\u00f1olA) &#8230;&#8230;&#8230;&#8230;&#8230;&#8230;&#8230;&#8230;&#8230;&#8230;&#8230; XI<br \/>\npr\u00f3logo&#8230;&#8230;&#8230;&#8230;&#8230;&#8230;&#8230;&#8230;&#8230;&#8230;&#8230;&#8230;&#8230;&#8230;&#8230;&#8230;&#8230;&#8230;&#8230;&#8230;&#8230;&#8230;&#8230;&#8230; XIII<br \/>\nAgrAdEciMiEntos &#8230;&#8230;&#8230;&#8230;&#8230;&#8230;&#8230;&#8230;&#8230;&#8230;&#8230;&#8230;&#8230;&#8230;&#8230;&#8230;&#8230;&#8230;&#8230;&#8230; XVII<br \/>\nindicAcionEs prEviAs &#8230;&#8230;&#8230;&#8230;&#8230;&#8230;&#8230;&#8230;&#8230;&#8230;&#8230;&#8230;&#8230;&#8230;&#8230;&#8230;&#8230;&#8230;. XIX<br \/>\nAbrEviAturAs&#8230;&#8230;&#8230;&#8230;&#8230;&#8230;&#8230;&#8230;&#8230;&#8230;&#8230;&#8230;&#8230;&#8230;&#8230;&#8230;&#8230;&#8230;&#8230;&#8230;&#8230;.. XXIII<br \/>\nEstudio prEliMinAr A lA sEgundA Edici\u00f3n &#8230;&#8230;&#8230;&#8230;&#8230;&#8230;&#8230;&#8230;.. XXXI<br \/>\n1. Interpretaci\u00f3n \u2013 sistema sancionatorio \u2013 fnes de la<br \/>\npena &#8211; \u201cdefensa del ordenamiento jur\u00eddico\u201d.<br \/>\nBGHSt 24, 40: Caso del incesto &#8230;&#8230;&#8230;&#8230;&#8230;&#8230;&#8230;&#8230;&#8230;&#8230;. 1<br \/>\n2. Principio de legalidad \u2013 mandato de determinaci\u00f3n \u2013<br \/>\nprohibici\u00f3n de analog\u00eda \u2013 prohibici\u00f3n de retroactividad.<br \/>\nBVerfGE 25, 269: Caso de prolongaci\u00f3n de los plazos<br \/>\nde prescripci\u00f3n&#8230;&#8230;&#8230;&#8230;&#8230;&#8230;&#8230;&#8230;&#8230;&#8230;&#8230;&#8230;&#8230;&#8230;&#8230;&#8230;&#8230;&#8230;.. 37<br \/>\n3. El hecho punible \u2013 acci\u00f3n \u2013 il\u00edcito \u2013 estructura del<br \/>\ndelito \u2013 esquema de resoluci\u00f3n de casos.<br \/>\nOLG Hamm NJW 1975, 657: Caso de la mosca&#8230;&#8230;&#8230; 65<br \/>\n4. Relaci\u00f3n de causalidad e imputaci\u00f3n objetiva.<br \/>\nBGHSt 1, 332: Caso de la bofetada &#8230;&#8230;&#8230;&#8230;&#8230;&#8230;&#8230;&#8230;.. 109<br \/>\n5. Otras causas adicionales: \u201cinterrupci\u00f3n\u201d de la<br \/>\nrelaci\u00f3n de causalidad \u2013 causalidad \u201cinterrumpida\u201d,<br \/>\n\u201cadelantada\u201d, \u201ccumulativa\u201d y \u201calternativa\u201d.<br \/>\nBGHSt 4, 360: Caso de las luces traseras del<br \/>\nautom\u00f3vil &#8230;&#8230;&#8230;&#8230;&#8230;&#8230;&#8230;&#8230;&#8230;&#8230;&#8230;&#8230;&#8230;&#8230;&#8230;&#8230;&#8230;&#8230;&#8230;&#8230;&#8230;. 139<br \/>\nviii Albin EsEr &#8211; bj\u00f6rn burkhArdt<br \/>\n6. El tipo subjetivo de los delitos dolosos \u2013 elementos<br \/>\ndel dolo \u2013 grados de conciencia \u2013 dolus subsequens.<br \/>\nBayObLG NJW, 1977, 1974: Caso del subordinado &#8230; 159<br \/>\n7. Delimitaci\u00f3n dolo\/culpa \u2013 especiales elementos<br \/>\nsubjetivos del il\u00edcito.<br \/>\nBGHSt 7, 363: Caso del cintur\u00f3n &#8230;&#8230;&#8230;&#8230;&#8230;&#8230;&#8230;&#8230;&#8230;.. 183<br \/>\n8. Dolo y curso causal \u2013 capacidad de culpabilidad<br \/>\nsucesiva \u2013 segunda acci\u00f3n sin dolo.<br \/>\nBGHSt 7, 325: Caso del delirio homicida&#8230;&#8230;&#8230;&#8230;&#8230;&#8230; 207<br \/>\n9. Aberratio ictus \u2013 error in persona vel objecto \u2013<br \/>\ncuestiones fundamentales de la justifcaci\u00f3n.<br \/>\nRGSt 58, 27: Caso del bast\u00f3n&#8230;&#8230;&#8230;&#8230;&#8230;&#8230;&#8230;&#8230;&#8230;&#8230;&#8230;.. 229<br \/>\n10. La leg\u00edtima defensa: presupuestos generales y<br \/>\nsus l\u00edmites.<br \/>\nRGSt 55, 82: Caso del ladr\u00f3n de fruta&#8230;&#8230;&#8230;&#8230;&#8230;&#8230;&#8230;. 255<br \/>\n11. Provocaci\u00f3n de leg\u00edtima defensa \u2013 exceso en la<br \/>\nleg\u00edtima defensa \u2013 elementos subjetivos de la<br \/>\njustifcaci\u00f3n.<br \/>\nOLG Hamm NJW 1965, 1928: Caso del boxeador<br \/>\nafcionado&#8230;&#8230;&#8230;&#8230;&#8230;&#8230;&#8230;&#8230;&#8230;&#8230;&#8230;&#8230;&#8230;&#8230;&#8230;&#8230;&#8230;&#8230;&#8230;&#8230;&#8230;. 283<br \/>\n12. Estado de necesidad justifcante \u2013 colisi\u00f3n de deberes<br \/>\n\u2013 indicaciones m\u00e9dicas.<br \/>\nRGSt 61, 242: Caso de la indicaci\u00f3n&#8230;&#8230;&#8230;&#8230;&#8230;&#8230;&#8230;&#8230;. 303<br \/>\n13. El consentimiento \u2013 la conformidad \u2013 el consentimiento<br \/>\npresunto.<br \/>\nBGHSt 4, 88: Caso del pu\u00f1etazo&#8230;&#8230;&#8230;&#8230;&#8230;&#8230;&#8230;&#8230;&#8230;&#8230; 333<br \/>\n14. Principio de culpabilidad \u2013 conciencia de antijuridicidad<br \/>\n\u2013 \u201cteor\u00eda de la culpabilidad\u201d &#8211; evitabilidad del error de<br \/>\nprohibici\u00f3n.<br \/>\nBGHSt 2, 194: Caso del error de prohibici\u00f3n &#8230;&#8230;&#8230;&#8230; 353<br \/>\n\u00cdndicE iX<br \/>\n15. Error sobre causas de justifcaci\u00f3n &#8211; \u201cTeor\u00eda limitada<br \/>\nde la culpabilidad\u201d &#8211; Derecho de correcci\u00f3n \u2013 Error<br \/>\nproducido por embriaguez o estados similares.<br \/>\nBGHSt 3, 105: Caso del castigo corporal&#8230;&#8230;&#8230;&#8230;&#8230;&#8230; 399<br \/>\n16. Delimitaci\u00f3n entre error sobre las circunstancias del<br \/>\nhecho y error de subsunci\u00f3n \u2013 elementos normativos<br \/>\ndel tipo &#8211; \u201cvaloraci\u00f3n paralela en la esfera del lego\u201d.<br \/>\nBGHSt 7, 261: Caso de la prevaricaci\u00f3n del abogado.. 421<br \/>\n17. Actio libera in causa \u2013 delito de embriaguez \u2013 error<br \/>\nin persona.<br \/>\nBGHSt 21, 381: Caso de la borrachera &#8230;&#8230;&#8230;&#8230;&#8230;&#8230;&#8230; 441<br \/>\n18. Causas de exculpaci\u00f3n: especialmente, estado de<br \/>\nnecesidad exculpante \u2013 estado de necesidad por<br \/>\ncoacci\u00f3n \u2013 colisi\u00f3n de deberes \u2013 error sobre causas<br \/>\nde exculpaci\u00f3n (estado de necesidad putativo).<br \/>\nRGSt 66, 222: Caso de la intimidaci\u00f3n del testigo &#8230;. 461<br \/>\n19. Causas de exclusi\u00f3n de la pena \u2013 otros obst\u00e1culos<br \/>\na la punici\u00f3n \u2013 causas de atenuaci\u00f3n de la pena &#8211;<br \/>\nError.<br \/>\nRGSt 61, 270: Caso de los prometidos&#8230;&#8230;&#8230;&#8230;&#8230;&#8230;&#8230;. 491<br \/>\nAnexo. Versi\u00f3n espa\u00f1ola de preceptos del C\u00f3digo Penal<br \/>\nalem\u00e1n&#8230;&#8230;&#8230;&#8230;&#8230;&#8230;&#8230;&#8230;&#8230;&#8230;&#8230;&#8230;&#8230;&#8230;&#8230;&#8230;&#8230;&#8230;&#8230;&#8230;&#8230;&#8230;.. 511<\/p>\n","protected":false},"excerpt":{"rendered":"<p>Buscas un libro Jur\u00eddico.? Lo puedes encontrar en nuestra tienda virtual.<br \/>\nContamos con prestigiosos autores y muchas alternativas en sus diferentes materias al igual que grandes descuentos.! Vis\u00edtanos en <a class=\"PVVHCCBevdEmHKyAIeyIvuDqupzgfdjtlk \" href=\"https:\/\/lnkd.in\/eiAG7jdZ\" target=\"_blank\" rel=\"noopener\" data-test-app-aware-link=\"\">https:\/\/lnkd.in\/eiAG7jdZ<\/a><br \/>\nEscr\u00edbenos al +56930565235 \/ <a class=\"PVVHCCBevdEmHKyAIeyIvuDqupzgfdjtlk \" href=\"mailto:ventaslegallexglobal@gmail.com\" target=\"_self\" data-test-app-aware-link=\"\">ventaslegallexglobal@gmail.com<\/a><br \/>\nHacemos env\u00edos a todo Chile &#8211; Starken o Correos Chile \/ Te esperamos<\/p>\n","protected":false},"featured_media":4548,"comment_status":"open","ping_status":"closed","template":"","meta":{"inline_featured_image":false,"_joinchat":[]},"product_brand":[],"product_cat":[30],"product_tag":[],"class_list":{"0":"post-4518","1":"product","2":"type-product","3":"status-publish","4":"has-post-thumbnail","6":"product_cat-penal","7":"product_shipping_class-a-convenir","9":"first","10":"instock","11":"shipping-taxable","12":"purchasable","13":"product-type-simple"},"_links":{"self":[{"href":"https:\/\/bibliotecajuridicavirtual.cl\/index.php\/wp-json\/wp\/v2\/product\/4518","targetHints":{"allow":["GET"]}}],"collection":[{"href":"https:\/\/bibliotecajuridicavirtual.cl\/index.php\/wp-json\/wp\/v2\/product"}],"about":[{"href":"https:\/\/bibliotecajuridicavirtual.cl\/index.php\/wp-json\/wp\/v2\/types\/product"}],"replies":[{"embeddable":true,"href":"https:\/\/bibliotecajuridicavirtual.cl\/index.php\/wp-json\/wp\/v2\/comments?post=4518"}],"wp:featuredmedia":[{"embeddable":true,"href":"https:\/\/bibliotecajuridicavirtual.cl\/index.php\/wp-json\/wp\/v2\/media\/4548"}],"wp:attachment":[{"href":"https:\/\/bibliotecajuridicavirtual.cl\/index.php\/wp-json\/wp\/v2\/media?parent=4518"}],"wp:term":[{"taxonomy":"product_brand","embeddable":true,"href":"https:\/\/bibliotecajuridicavirtual.cl\/index.php\/wp-json\/wp\/v2\/product_brand?post=4518"},{"taxonomy":"product_cat","embeddable":true,"href":"https:\/\/bibliotecajuridicavirtual.cl\/index.php\/wp-json\/wp\/v2\/product_cat?post=4518"},{"taxonomy":"product_tag","embeddable":true,"href":"https:\/\/bibliotecajuridicavirtual.cl\/index.php\/wp-json\/wp\/v2\/product_tag?post=4518"}],"curies":[{"name":"wp","href":"https:\/\/api.w.org\/{rel}","templated":true}]}}