{"id":4519,"date":"2026-02-28T01:26:19","date_gmt":"2026-02-28T04:26:19","guid":{"rendered":"https:\/\/bibliotecajuridicavirtual.cl\/?post_type=product&#038;p=4519"},"modified":"2026-02-28T01:26:42","modified_gmt":"2026-02-28T04:26:42","slug":"la-construccion-de-la-responsabilidad-en-la-comision-por-omision-en-doctrina-y-jurisprudencia-ano-2023-220-pag-autor-sergio-alfredo-ruiz-ezequiel-maria-ercole-nahuel-alberto-felicetti-y-agustin-lo","status":"publish","type":"product","link":"https:\/\/bibliotecajuridicavirtual.cl\/index.php\/product\/la-construccion-de-la-responsabilidad-en-la-comision-por-omision-en-doctrina-y-jurisprudencia-ano-2023-220-pag-autor-sergio-alfredo-ruiz-ezequiel-maria-ercole-nahuel-alberto-felicetti-y-agustin-lo\/","title":{"rendered":"La Construcci\u00f3n de la Responsabilidad en la Comisi\u00f3n por Omisi\u00f3n en Doctrina y Jurisprudencia. A\u00f1o 2023\/220 P\u00e1g. Autor Sergio Alfredo Ru\u00edz, Ezequiel Mar\u00eda Ercole, Nahuel Alberto Felicetti y Agust\u00edn L\u00f3pez Resano"},"content":{"rendered":"<p>La construcci\u00f3n de la responsabilidad en la comisi\u00f3n por omisi\u00f3n en doctrina y jurisprudencia. Informe final de la investigaci\u00f3n. Relevamientos de jurisprudencia. Relevamiento de jurisprudencia de la C\u00e1mara Nacional de Casaci\u00f3n Penal. Relevamiento de la jurisprudencia de la Corte Suprema de Justicia de la Naci\u00f3n. An\u00e1lisis de la doctrina. Delitos impropios de omisi\u00f3n. La causalidad en la omisi\u00f3n impropia y la llamada \u201comisi\u00f3n por comisi\u00f3n\u201d. Los delitos de omisi\u00f3n<\/p>\n<p>\u00cdNDICE<br \/>\npreSentACi\u00f3n &#8230;&#8230;&#8230;&#8230;&#8230;&#8230;&#8230;&#8230;&#8230;&#8230;&#8230;&#8230;&#8230;&#8230;&#8230;&#8230;&#8230;&#8230;&#8230;&#8230;. XIII<br \/>\npArte i<br \/>\ninforMe finAl de lA inveStigACi\u00f3n<br \/>\n1. Introducci\u00f3n&#8230;&#8230;&#8230;&#8230;&#8230;&#8230;&#8230;&#8230;&#8230;&#8230;&#8230;&#8230;&#8230;&#8230;&#8230;&#8230;&#8230;&#8230;. 3<br \/>\n2. Informe fnal de la investigaci\u00f3n &#8230;&#8230;&#8230;&#8230;&#8230;&#8230;&#8230;&#8230;. 5<br \/>\n3. Dise\u00f1o metodol\u00f3gico &#8230;&#8230;&#8230;&#8230;&#8230;&#8230;&#8230;&#8230;&#8230;&#8230;&#8230;&#8230;&#8230;&#8230;. 6<br \/>\n3.1. Etapas ejecutivas y metodol\u00f3gicas<br \/>\n(fuentes consultadas y resultados<br \/>\nparciales obtenidos)&#8230;&#8230;&#8230;&#8230;&#8230;&#8230;&#8230;&#8230;&#8230;&#8230;&#8230;&#8230;&#8230;. 7<br \/>\n4. Conclusiones y recomendaciones &#8230;&#8230;&#8230;&#8230;&#8230;&#8230;&#8230;&#8230; 43<br \/>\n5. Referencias bibliogr\u00e1fcas &#8230;&#8230;&#8230;&#8230;&#8230;&#8230;&#8230;&#8230;&#8230;&#8230;&#8230;.. 45<br \/>\npArte ii<br \/>\nAnexo i<br \/>\nRelevamientos<br \/>\nde jurisprudencia<br \/>\nrelevAMiento de lA juriSprudenCiA<br \/>\nde lA C\u00e1MArA nACionAl en lo<br \/>\nCriMinAl y CorreCCionAl<br \/>\n1. Universo de delitos &#8230;&#8230;&#8230;&#8230;&#8230;&#8230;&#8230;&#8230;&#8230;&#8230;&#8230;&#8230;&#8230;&#8230;&#8230; 57<br \/>\n1.1. Delitos contra la propiedad &#8230;&#8230;&#8230;&#8230;&#8230;&#8230;&#8230;&#8230;.. 60<br \/>\nviii AlejAndro rodolfo Cilleruelo<br \/>\n1.2. Delitos contra la vida&#8230;&#8230;&#8230;&#8230;&#8230;&#8230;&#8230;&#8230;&#8230;&#8230;&#8230;.. 61<br \/>\n1.3. Delitos contra la Administraci\u00f3n P\u00fablica &#8230;.. 65<br \/>\n1.4. Delitos contra la libertad &#8230;&#8230;&#8230;&#8230;&#8230;&#8230;&#8230;&#8230;&#8230;.. 67<br \/>\n1.5. Delitos contra la integridad f\u00edsica &#8230;&#8230;&#8230;&#8230;&#8230;. 69<br \/>\n1.6. Delitos contra la integridad sexual &#8230;&#8230;&#8230;&#8230;.. 71<br \/>\nrelevAMiento de lA juriSprudenCiA de<br \/>\nlA C\u00e1MArA nACionAl de CASACi\u00f3n penAl<br \/>\n1. Criterio de selecci\u00f3n &#8230;&#8230;&#8230;&#8230;&#8230;&#8230;&#8230;&#8230;&#8230;&#8230;&#8230;&#8230;&#8230;&#8230;. 75<br \/>\n2. Universo de casos seleccionado&#8230;&#8230;&#8230;&#8230;&#8230;&#8230;&#8230;&#8230;&#8230; 76<br \/>\n3. Consideraciones particulares&#8230;&#8230;&#8230;&#8230;&#8230;&#8230;&#8230;&#8230;&#8230;&#8230; 79<br \/>\n3.1. Delitos contra la vida&#8230;&#8230;&#8230;&#8230;&#8230;&#8230;&#8230;&#8230;&#8230;&#8230;&#8230;.. 79<br \/>\n4. Delitos contra la integridad f\u00edsica &#8230;&#8230;&#8230;&#8230;&#8230;&#8230;&#8230;.. 87<br \/>\n5. Delitos contra la seguridad p\u00fablica&#8230;&#8230;&#8230;&#8230;&#8230;&#8230;&#8230; 90<br \/>\n6. Otros casos &#8230;&#8230;&#8230;&#8230;&#8230;&#8230;&#8230;&#8230;&#8230;&#8230;&#8230;&#8230;&#8230;&#8230;&#8230;&#8230;&#8230;&#8230;.. 96<br \/>\n7. Consideraciones generales &#8230;&#8230;&#8230;&#8230;&#8230;&#8230;&#8230;&#8230;&#8230;&#8230;&#8230;. 101<br \/>\nrelevAMiento de lA juriSprudenCiA de lA<br \/>\nCorte SupreMA de juStiCiA de lA nACi\u00f3n<br \/>\n1. Modalidad del relevamiento &#8230;&#8230;&#8230;&#8230;&#8230;&#8230;&#8230;&#8230;&#8230;&#8230;.. 105<br \/>\n2. Casos &#8230;&#8230;&#8230;&#8230;&#8230;&#8230;&#8230;&#8230;&#8230;&#8230;&#8230;&#8230;&#8230;&#8230;&#8230;&#8230;&#8230;&#8230;&#8230;&#8230;&#8230;.. 105<br \/>\nAnexo ii<br \/>\nAn\u00e1lisis de la doctrina<br \/>\nlA dogM\u00e1tiCA de loS delitoS de<br \/>\noMiSi\u00f3n Seg\u00fan ArMin KAufMAnn<br \/>\nSergio Alfredo Ruiz<br \/>\n1. Introducci\u00f3n&#8230;&#8230;&#8230;&#8230;&#8230;&#8230;&#8230;&#8230;&#8230;&#8230;&#8230;&#8230;&#8230;&#8230;&#8230;&#8230;&#8230;&#8230;. 117<br \/>\n2. Estructura de la obra &#8230;&#8230;&#8230;&#8230;&#8230;&#8230;&#8230;&#8230;&#8230;&#8230;&#8230;&#8230;&#8230;.. 118<br \/>\n\u00cdndice ix<br \/>\n3. El mandato y la capacidad de acci\u00f3n (cap\u00edtulo<br \/>\nprimero) &#8230;&#8230;&#8230;&#8230;&#8230;&#8230;&#8230;&#8230;&#8230;&#8230;&#8230;&#8230;&#8230;&#8230;&#8230;&#8230;&#8230;&#8230;&#8230;&#8230;. 119<br \/>\n4. Dogm\u00e1tica general de los delitos de omisi\u00f3n&#8230;&#8230;.. 121<br \/>\n4.1. La capacidad de acci\u00f3n&#8230;&#8230;&#8230;&#8230;&#8230;&#8230;&#8230;&#8230;&#8230;&#8230;.. 121<br \/>\n4.2. La cuesti\u00f3n de la causalidad y la<br \/>\nfnalidad potencial &#8230;&#8230;&#8230;&#8230;&#8230;&#8230;&#8230;&#8230;&#8230;&#8230;&#8230;&#8230;&#8230;.. 124<br \/>\n4.3. El principio de inversi\u00f3n &#8230;&#8230;&#8230;&#8230;&#8230;&#8230;&#8230;&#8230;&#8230;&#8230; 128<br \/>\n5. Dogm\u00e1tica de los delitos propios de omisi\u00f3n<br \/>\n(cap\u00edtulo III)&#8230;&#8230;&#8230;&#8230;&#8230;&#8230;&#8230;&#8230;&#8230;&#8230;&#8230;&#8230;&#8230;&#8230;&#8230;&#8230;&#8230;&#8230;.. 129<br \/>\n5.1. Delitos de omisi\u00f3n propia cuasi dolosa&#8230;&#8230;&#8230; 130<br \/>\n5.2. Delito de omisi\u00f3n imprudente &#8230;&#8230;&#8230;&#8230;&#8230;&#8230;&#8230;. 135<br \/>\n6. Dogm\u00e1tica de los delitos de omisi\u00f3n impropia<br \/>\n(cap\u00edtulo IV)&#8230;&#8230;&#8230;&#8230;&#8230;&#8230;&#8230;&#8230;&#8230;&#8230;&#8230;&#8230;&#8230;&#8230;&#8230;&#8230;&#8230;&#8230;.. 141<br \/>\n6.1. Delimitaci\u00f3n de los tipos de omisi\u00f3n<br \/>\nimpropia &#8230;&#8230;&#8230;&#8230;&#8230;&#8230;&#8230;&#8230;&#8230;&#8230;&#8230;&#8230;&#8230;&#8230;&#8230;&#8230;&#8230;&#8230;.. 141<br \/>\n6.2. La posici\u00f3n de garante&#8230;&#8230;&#8230;&#8230;&#8230;&#8230;&#8230;&#8230;&#8230;&#8230;&#8230; 146<br \/>\n6.3. Acerca de la equiparaci\u00f3n&#8230;&#8230;&#8230;&#8230;&#8230;&#8230;&#8230;&#8230;&#8230;. 148<br \/>\n6.4. La complicidad por omisi\u00f3n &#8230;&#8230;&#8230;&#8230;&#8230;&#8230;&#8230;&#8230;. 151<br \/>\n6.5. Menor punici\u00f3n de la omisi\u00f3n impropia frente<br \/>\nal delito comisivo&#8230;&#8230;&#8230;&#8230;&#8230;&#8230;&#8230;&#8230;&#8230;&#8230;&#8230;&#8230;&#8230;&#8230;.. 153<br \/>\n7. Conclusiones de la investigaci\u00f3n de Kaufmann &#8230; 154<br \/>\nAn\u00e1liSiS del libro Delitos impropios<br \/>\nDe omisi\u00f3n, de enrique bACigAlupo<br \/>\nEzequiel Mar\u00eda Ercole<br \/>\n1. Introducci\u00f3n&#8230;&#8230;&#8230;&#8230;&#8230;&#8230;&#8230;&#8230;&#8230;&#8230;&#8230;&#8230;&#8230;&#8230;&#8230;&#8230;&#8230;&#8230;. 157<br \/>\n2. Evoluci\u00f3n de las soluciones dogm\u00e1ticas &#8230;&#8230;&#8230;&#8230;.. 158<br \/>\n3. Acci\u00f3n y omisi\u00f3n&#8230;&#8230;&#8230;&#8230;&#8230;&#8230;&#8230;&#8230;&#8230;&#8230;&#8230;&#8230;&#8230;&#8230;&#8230;&#8230;. 159<br \/>\n4. Causalidad de la omisi\u00f3n&#8230;&#8230;&#8230;&#8230;&#8230;&#8230;&#8230;&#8230;&#8230;&#8230;&#8230;&#8230; 160<br \/>\n5. Dolo, fnalidad y omisi\u00f3n &#8230;&#8230;&#8230;&#8230;&#8230;&#8230;&#8230;&#8230;&#8230;&#8230;&#8230;&#8230; 161<br \/>\n6. Elementos del delito impropio de omisi\u00f3n&#8230;&#8230;&#8230;&#8230; 162<br \/>\n7. Elementos de los delitos de comisi\u00f3n que se<br \/>\nencuentran en la omisi\u00f3n impropia&#8230;&#8230;&#8230;&#8230;&#8230;&#8230;&#8230; 163<br \/>\n8. Posici\u00f3n de garante&#8230;&#8230;&#8230;&#8230;&#8230;&#8230;&#8230;&#8230;&#8230;&#8230;&#8230;&#8230;&#8230;&#8230;&#8230; 165<br \/>\nx AlejAndro rodolfo Cilleruelo<br \/>\n9. Autor\u00eda y participaci\u00f3n &#8230;&#8230;&#8230;&#8230;&#8230;&#8230;&#8230;&#8230;&#8230;&#8230;&#8230;&#8230;&#8230; 168<br \/>\n10. Cr\u00edticas a la postura sostenida por Bacigalupo &#8230; 169<br \/>\nun CoMentArio Sobre la causaliDaD en<br \/>\nla omisi\u00f3n impropia y la llamaDa \u201comisi\u00f3n<br \/>\npor comisi\u00f3n\u201d, de giMbernAt ordeig<br \/>\nNahuel Alberto Felicetti<br \/>\n1. Introducci\u00f3n&#8230;&#8230;&#8230;&#8230;&#8230;&#8230;&#8230;&#8230;&#8230;&#8230;&#8230;&#8230;&#8230;&#8230;&#8230;&#8230;&#8230;&#8230;. 171<br \/>\n2. Primera parte: La causalidad en la omisi\u00f3n &#8230;&#8230;.. 172<br \/>\n2.1. Los autores del siglo XIX: la relaci\u00f3n de<br \/>\ncuasi(causalidad) en el delito de omisi\u00f3n<br \/>\nimpropia &#8230;&#8230;&#8230;&#8230;&#8230;&#8230;&#8230;&#8230;&#8230;&#8230;&#8230;&#8230;&#8230;&#8230;&#8230;&#8230;&#8230;&#8230;.. 172<br \/>\n2.2. Estado actual de la cuesti\u00f3n&#8230;&#8230;&#8230;&#8230;&#8230;&#8230;&#8230;&#8230; 173<br \/>\n2.3. Conclusiones parciales de la primera parte &#8230; 182<br \/>\n3. Segunda parte: La llamada omisi\u00f3n por comisi\u00f3n.. 183<br \/>\n3.1. Evitaci\u00f3n por el propio sujeto, mediante una<br \/>\nacci\u00f3n, del auxilio al que estaba obligado &#8230;&#8230;. 184<br \/>\n3.2. El segundo grupo: La ruptura de cursos<br \/>\ncausales salvadores ajenos &#8230;&#8230;&#8230;&#8230;&#8230;&#8230;&#8230;&#8230;&#8230;.. 187<br \/>\n3.3. La omissio libera in causa (OLIC) &#8230;&#8230;&#8230;&#8230;&#8230;.. 193<br \/>\n4. Observaciones y conclusiones fnales&#8230;&#8230;&#8230;&#8230;&#8230;&#8230; 196<br \/>\nloS delitoS de oMiSi\u00f3n. un An\u00e1liSiS de lA<br \/>\npoSiCi\u00f3n de reinhArt MAurACh, ACtuAlizAdA<br \/>\npor KArl heinz g\u00f6SSel y heinz zipf<br \/>\nAgust\u00edn L\u00f3pez Resano<br \/>\n1. Introducci\u00f3n&#8230;&#8230;&#8230;&#8230;&#8230;&#8230;&#8230;&#8230;&#8230;&#8230;&#8230;&#8230;&#8230;&#8230;&#8230;&#8230;&#8230;&#8230;. 199<br \/>\n2. Esencia y clases de los delitos de omisi\u00f3n &#8230;&#8230;&#8230;.. 200<br \/>\n2.1. Comisi\u00f3n y omisi\u00f3n como diferentes formas<br \/>\nde acci\u00f3n. Planteamiento del problema &#8230;&#8230;&#8230;.. 200<br \/>\n2.2. La acci\u00f3n humana como \u00fanica posibilidad<br \/>\nde la contravenci\u00f3n normativa&#8230;&#8230;&#8230;&#8230;&#8230;&#8230;&#8230;&#8230; 201<br \/>\n2.3. Delitos de omisi\u00f3n propia e impropia &#8230;&#8230;&#8230;.. 204<br \/>\n\u00cdndice xi<br \/>\n3. Delitos impropios&#8230;&#8230;&#8230;&#8230;&#8230;&#8230;&#8230;&#8230;&#8230;&#8230;&#8230;&#8230;&#8230;&#8230;&#8230;&#8230; 204<br \/>\n3.1. El tipo objetivo en los delitos de omisi\u00f3n<br \/>\nimpropia: la acci\u00f3n t\u00edpica da\u00f1osa del bien<br \/>\njur\u00eddico &#8230;&#8230;&#8230;&#8230;&#8230;&#8230;&#8230;&#8230;&#8230;&#8230;&#8230;&#8230;&#8230;&#8230;&#8230;&#8230;&#8230;&#8230;&#8230;. 205<br \/>\n3.2. El tipo objetivo de los delitos de omisi\u00f3n: el<br \/>\nsujeto del hecho &#8230;&#8230;&#8230;&#8230;&#8230;&#8230;&#8230;&#8230;&#8230;&#8230;&#8230;&#8230;&#8230;&#8230;&#8230; 209<br \/>\n3.3. El tipo subjetivo de los delitos de omisi\u00f3n<br \/>\nimpropia &#8230;&#8230;&#8230;&#8230;&#8230;&#8230;&#8230;&#8230;&#8230;&#8230;&#8230;&#8230;&#8230;&#8230;&#8230;&#8230;&#8230;&#8230;.. 215<br \/>\n3.4. Antijuridicidad, atribuibilidad y culpabilidad.. 216<br \/>\n4. Los delitos de omisi\u00f3n propia. Estructura&#8230;&#8230;&#8230;.. 217<br \/>\n5. Cr\u00edticas. Luces y sombras&#8230;&#8230;&#8230;&#8230;&#8230;&#8230;&#8230;&#8230;&#8230;&#8230;&#8230;.. 217<\/p>\n","protected":false},"excerpt":{"rendered":"<p>La construcci\u00f3n de la responsabilidad en la comisi\u00f3n por omisi\u00f3n en doctrina y jurisprudencia. Informe final de la investigaci\u00f3n. Relevamientos de jurisprudencia. Relevamiento de jurisprudencia de la C\u00e1mara Nacional de Casaci\u00f3n Penal. Relevamiento de la jurisprudencia de la Corte Suprema de Justicia de la Naci\u00f3n. An\u00e1lisis de la doctrina. Delitos impropios de omisi\u00f3n. La causalidad en la omisi\u00f3n impropia y la llamada \u201comisi\u00f3n por comisi\u00f3n\u201d. Los delitos de omisi\u00f3n \u00cdNDICE preSentACi\u00f3n &#8230;&#8230;&#8230;&#8230;&#8230;&#8230;&#8230;&#8230;&#8230;&#8230;&#8230;&#8230;&#8230;&#8230;&#8230;&#8230;&#8230;&#8230;&#8230;&#8230;. XIII pArte i inforMe finAl de lA inveStigACi\u00f3n 1. Introducci\u00f3n&#8230;&#8230;&#8230;&#8230;&#8230;&#8230;&#8230;&#8230;&#8230;&#8230;&#8230;&#8230;&#8230;&#8230;&#8230;&#8230;&#8230;&#8230;. 3 2. Informe fnal de la investigaci\u00f3n &#8230;&#8230;&#8230;&#8230;&#8230;&#8230;&#8230;&#8230;. 5 3. Dise\u00f1o metodol\u00f3gico &#8230;&#8230;&#8230;&#8230;&#8230;&#8230;&#8230;&#8230;&#8230;&#8230;&#8230;&#8230;&#8230;&#8230;. 6 3.1. Etapas ejecutivas y metodol\u00f3gicas (fuentes consultadas y resultados parciales obtenidos)&#8230;&#8230;&#8230;&#8230;&#8230;&#8230;&#8230;&#8230;&#8230;&#8230;&#8230;&#8230;&#8230;. 7 4. Conclusiones y recomendaciones &#8230;&#8230;&#8230;&#8230;&#8230;&#8230;&#8230;&#8230; 43 5. Referencias bibliogr\u00e1fcas &#8230;&#8230;&#8230;&#8230;&#8230;&#8230;&#8230;&#8230;&#8230;&#8230;&#8230;.. 45 pArte ii Anexo i Relevamientos de jurisprudencia relevAMiento de lA juriSprudenCiA de lA C\u00e1MArA nACionAl en lo CriMinAl y CorreCCionAl 1. Universo de delitos &#8230;&#8230;&#8230;&#8230;&#8230;&#8230;&#8230;&#8230;&#8230;&#8230;&#8230;&#8230;&#8230;&#8230;&#8230; 57 1.1. Delitos contra la propiedad &#8230;&#8230;&#8230;&#8230;&#8230;&#8230;&#8230;&#8230;.. 60 viii AlejAndro rodolfo Cilleruelo 1.2. Delitos contra la vida&#8230;&#8230;&#8230;&#8230;&#8230;&#8230;&#8230;&#8230;&#8230;&#8230;&#8230;.. 61 1.3. Delitos contra la Administraci\u00f3n P\u00fablica &#8230;.. 65 1.4. Delitos contra la libertad &#8230;&#8230;&#8230;&#8230;&#8230;&#8230;&#8230;&#8230;&#8230;.. 67 1.5. Delitos contra la integridad f\u00edsica &#8230;&#8230;&#8230;&#8230;&#8230;. 69 1.6. Delitos contra la integridad sexual &#8230;&#8230;&#8230;&#8230;.. 71 relevAMiento de lA juriSprudenCiA de lA C\u00e1MArA nACionAl de CASACi\u00f3n penAl 1. Criterio de selecci\u00f3n &#8230;&#8230;&#8230;&#8230;&#8230;&#8230;&#8230;&#8230;&#8230;&#8230;&#8230;&#8230;&#8230;&#8230;. 75 2. Universo de casos seleccionado&#8230;&#8230;&#8230;&#8230;&#8230;&#8230;&#8230;&#8230;&#8230; 76 3. Consideraciones particulares&#8230;&#8230;&#8230;&#8230;&#8230;&#8230;&#8230;&#8230;&#8230;&#8230; 79 3.1. Delitos contra la vida&#8230;&#8230;&#8230;&#8230;&#8230;&#8230;&#8230;&#8230;&#8230;&#8230;&#8230;.. 79 4. Delitos contra la integridad f\u00edsica &#8230;&#8230;&#8230;&#8230;&#8230;&#8230;&#8230;.. 87 5. Delitos contra la seguridad p\u00fablica&#8230;&#8230;&#8230;&#8230;&#8230;&#8230;&#8230; 90 6. Otros casos &#8230;&#8230;&#8230;&#8230;&#8230;&#8230;&#8230;&#8230;&#8230;&#8230;&#8230;&#8230;&#8230;&#8230;&#8230;&#8230;&#8230;&#8230;.. 96 7. Consideraciones generales &#8230;&#8230;&#8230;&#8230;&#8230;&#8230;&#8230;&#8230;&#8230;&#8230;&#8230;. 101 relevAMiento de lA juriSprudenCiA de lA Corte SupreMA de juStiCiA de lA nACi\u00f3n 1. Modalidad del relevamiento &#8230;&#8230;&#8230;&#8230;&#8230;&#8230;&#8230;&#8230;&#8230;&#8230;.. 105 2. Casos &#8230;&#8230;&#8230;&#8230;&#8230;&#8230;&#8230;&#8230;&#8230;&#8230;&#8230;&#8230;&#8230;&#8230;&#8230;&#8230;&#8230;&#8230;&#8230;&#8230;&#8230;.. 105 Anexo ii An\u00e1lisis de la doctrina lA dogM\u00e1tiCA de loS delitoS de oMiSi\u00f3n Seg\u00fan ArMin KAufMAnn Sergio Alfredo Ruiz 1. Introducci\u00f3n&#8230;&#8230;&#8230;&#8230;&#8230;&#8230;&#8230;&#8230;&#8230;&#8230;&#8230;&#8230;&#8230;&#8230;&#8230;&#8230;&#8230;&#8230;. 117 2. Estructura de la obra &#8230;&#8230;&#8230;&#8230;&#8230;&#8230;&#8230;&#8230;&#8230;&#8230;&#8230;&#8230;&#8230;.. 118 \u00cdndice ix 3. El mandato y la capacidad de acci\u00f3n (cap\u00edtulo primero) &#8230;&#8230;&#8230;&#8230;&#8230;&#8230;&#8230;&#8230;&#8230;&#8230;&#8230;&#8230;&#8230;&#8230;&#8230;&#8230;&#8230;&#8230;&#8230;&#8230;. 119 4. Dogm\u00e1tica general de los delitos de omisi\u00f3n&#8230;&#8230;.. 121 4.1. La capacidad de acci\u00f3n&#8230;&#8230;&#8230;&#8230;&#8230;&#8230;&#8230;&#8230;&#8230;&#8230;.. 121 4.2. La cuesti\u00f3n de la causalidad y la fnalidad potencial &#8230;&#8230;&#8230;&#8230;&#8230;&#8230;&#8230;&#8230;&#8230;&#8230;&#8230;&#8230;&#8230;.. 124 4.3. El principio de inversi\u00f3n &#8230;&#8230;&#8230;&#8230;&#8230;&#8230;&#8230;&#8230;&#8230;&#8230; 128 5. Dogm\u00e1tica de los delitos propios de omisi\u00f3n (cap\u00edtulo III)&#8230;&#8230;&#8230;&#8230;&#8230;&#8230;&#8230;&#8230;&#8230;&#8230;&#8230;&#8230;&#8230;&#8230;&#8230;&#8230;&#8230;&#8230;.. 129 5.1. Delitos de omisi\u00f3n propia cuasi dolosa&#8230;&#8230;&#8230; 130 5.2. Delito de omisi\u00f3n imprudente &#8230;&#8230;&#8230;&#8230;&#8230;&#8230;&#8230;. 135 6. Dogm\u00e1tica de los delitos de omisi\u00f3n impropia (cap\u00edtulo IV)&#8230;&#8230;&#8230;&#8230;&#8230;&#8230;&#8230;&#8230;&#8230;&#8230;&#8230;&#8230;&#8230;&#8230;&#8230;&#8230;&#8230;&#8230;.. 141 6.1. Delimitaci\u00f3n de los tipos de omisi\u00f3n impropia &#8230;&#8230;&#8230;&#8230;&#8230;&#8230;&#8230;&#8230;&#8230;&#8230;&#8230;&#8230;&#8230;&#8230;&#8230;&#8230;&#8230;&#8230;.. 141 6.2. La posici\u00f3n de garante&#8230;&#8230;&#8230;&#8230;&#8230;&#8230;&#8230;&#8230;&#8230;&#8230;&#8230; 146 6.3. Acerca de la equiparaci\u00f3n&#8230;&#8230;&#8230;&#8230;&#8230;&#8230;&#8230;&#8230;&#8230;. 148 6.4. La complicidad por omisi\u00f3n &#8230;&#8230;&#8230;&#8230;&#8230;&#8230;&#8230;&#8230;. 151 6.5. Menor punici\u00f3n de la omisi\u00f3n impropia frente al delito comisivo&#8230;&#8230;&#8230;&#8230;&#8230;&#8230;&#8230;&#8230;&#8230;&#8230;&#8230;&#8230;&#8230;&#8230;.. 153 7. Conclusiones de la investigaci\u00f3n de Kaufmann &#8230; 154 An\u00e1liSiS del libro Delitos impropios De omisi\u00f3n, de enrique bACigAlupo Ezequiel Mar\u00eda Ercole 1. Introducci\u00f3n&#8230;&#8230;&#8230;&#8230;&#8230;&#8230;&#8230;&#8230;&#8230;&#8230;&#8230;&#8230;&#8230;&#8230;&#8230;&#8230;&#8230;&#8230;. 157 2. Evoluci\u00f3n de las soluciones dogm\u00e1ticas &#8230;&#8230;&#8230;&#8230;.. 158 3. Acci\u00f3n y omisi\u00f3n&#8230;&#8230;&#8230;&#8230;&#8230;&#8230;&#8230;&#8230;&#8230;&#8230;&#8230;&#8230;&#8230;&#8230;&#8230;&#8230;. 159 4. Causalidad de la omisi\u00f3n&#8230;&#8230;&#8230;&#8230;&#8230;&#8230;&#8230;&#8230;&#8230;&#8230;&#8230;&#8230; 160 5. Dolo, fnalidad y omisi\u00f3n &#8230;&#8230;&#8230;&#8230;&#8230;&#8230;&#8230;&#8230;&#8230;&#8230;&#8230;&#8230; 161 6. Elementos del delito impropio de omisi\u00f3n&#8230;&#8230;&#8230;&#8230; 162 7. Elementos de los delitos de comisi\u00f3n que se encuentran en la omisi\u00f3n impropia&#8230;&#8230;&#8230;&#8230;&#8230;&#8230;&#8230; 163 8. Posici\u00f3n de garante&#8230;&#8230;&#8230;&#8230;&#8230;&#8230;&#8230;&#8230;&#8230;&#8230;&#8230;&#8230;&#8230;&#8230;&#8230; 165 x AlejAndro rodolfo Cilleruelo 9. Autor\u00eda y participaci\u00f3n &#8230;&#8230;&#8230;&#8230;&#8230;&#8230;&#8230;&#8230;&#8230;&#8230;&#8230;&#8230;&#8230; 168 10. Cr\u00edticas a la postura sostenida por Bacigalupo &#8230; 169 un CoMentArio Sobre la causaliDaD en la omisi\u00f3n impropia y la llamaDa \u201comisi\u00f3n por comisi\u00f3n\u201d, de giMbernAt ordeig Nahuel Alberto Felicetti 1. Introducci\u00f3n&#8230;&#8230;&#8230;&#8230;&#8230;&#8230;&#8230;&#8230;&#8230;&#8230;&#8230;&#8230;&#8230;&#8230;&#8230;&#8230;&#8230;&#8230;. 171 2. Primera parte: La causalidad en la omisi\u00f3n &#8230;&#8230;.. 172 2.1. Los autores del siglo XIX: la relaci\u00f3n de cuasi(causalidad) en el delito de omisi\u00f3n impropia &#8230;&#8230;&#8230;&#8230;&#8230;&#8230;&#8230;&#8230;&#8230;&#8230;&#8230;&#8230;&#8230;&#8230;&#8230;&#8230;&#8230;&#8230;.. 172 2.2. Estado actual de la cuesti\u00f3n&#8230;&#8230;&#8230;&#8230;&#8230;&#8230;&#8230;&#8230; 173 2.3. Conclusiones parciales de la primera parte &#8230; 182 3. Segunda parte: La llamada omisi\u00f3n por comisi\u00f3n.. 183 3.1. Evitaci\u00f3n por el propio sujeto, mediante una acci\u00f3n, del auxilio al que estaba obligado &#8230;&#8230;. 184 3.2. El segundo grupo: La ruptura de cursos causales salvadores ajenos &#8230;&#8230;&#8230;&#8230;&#8230;&#8230;&#8230;&#8230;&#8230;.. 187 3.3. La omissio libera in causa (OLIC) &#8230;&#8230;&#8230;&#8230;&#8230;.. 193 4. Observaciones y conclusiones fnales&#8230;&#8230;&#8230;&#8230;&#8230;&#8230; 196 loS delitoS de oMiSi\u00f3n. un An\u00e1liSiS de lA poSiCi\u00f3n de reinhArt MAurACh, ACtuAlizAdA por KArl heinz g\u00f6SSel y heinz zipf Agust\u00edn L\u00f3pez Resano 1. Introducci\u00f3n&#8230;&#8230;&#8230;&#8230;&#8230;&#8230;&#8230;&#8230;&#8230;&#8230;&#8230;&#8230;&#8230;&#8230;&#8230;&#8230;&#8230;&#8230;. 199 2. Esencia y clases de los delitos de omisi\u00f3n &#8230;&#8230;&#8230;.. 200 2.1. Comisi\u00f3n y omisi\u00f3n como diferentes formas de acci\u00f3n. Planteamiento del problema &#8230;&#8230;&#8230;.. 200 2.2. La acci\u00f3n humana como \u00fanica posibilidad de la contravenci\u00f3n normativa&#8230;&#8230;&#8230;&#8230;&#8230;&#8230;&#8230;&#8230; 201 2.3. Delitos de omisi\u00f3n propia e impropia &#8230;&#8230;&#8230;.. 204 \u00cdndice xi 3. Delitos impropios&#8230;&#8230;&#8230;&#8230;&#8230;&#8230;&#8230;&#8230;&#8230;&#8230;&#8230;&#8230;&#8230;&#8230;&#8230;&#8230; 204 3.1. El tipo objetivo en los delitos de omisi\u00f3n impropia: la acci\u00f3n t\u00edpica da\u00f1osa del bien jur\u00eddico &#8230;&#8230;&#8230;&#8230;&#8230;&#8230;&#8230;&#8230;&#8230;&#8230;&#8230;&#8230;&#8230;&#8230;&#8230;&#8230;&#8230;&#8230;&#8230;. 205 3.2. El tipo objetivo de los delitos de omisi\u00f3n: el sujeto del hecho &#8230;&#8230;&#8230;&#8230;&#8230;&#8230;&#8230;&#8230;&#8230;&#8230;&#8230;&#8230;&#8230;&#8230;&#8230; 209 3.3. El tipo subjetivo de los delitos de omisi\u00f3n impropia &#8230;&#8230;&#8230;&#8230;&#8230;&#8230;&#8230;&#8230;&#8230;&#8230;&#8230;&#8230;&#8230;&#8230;&#8230;&#8230;&#8230;&#8230;.. 215 3.4. Antijuridicidad, atribuibilidad y culpabilidad.. 216 4. Los delitos de omisi\u00f3n propia. Estructura&#8230;&#8230;&#8230;.. 217 5. Cr\u00edticas. Luces y sombras&#8230;&#8230;&#8230;&#8230;&#8230;&#8230;&#8230;&#8230;&#8230;&#8230;&#8230;.. 217<\/p>\n","protected":false},"featured_media":4569,"comment_status":"open","ping_status":"closed","template":"","meta":{"inline_featured_image":false,"_joinchat":[]},"product_brand":[],"product_cat":[30],"product_tag":[],"class_list":{"0":"post-4519","1":"product","2":"type-product","3":"status-publish","4":"has-post-thumbnail","6":"product_cat-penal","7":"product_shipping_class-a-convenir","9":"first","10":"instock","11":"shipping-taxable","12":"purchasable","13":"product-type-simple"},"_links":{"self":[{"href":"https:\/\/bibliotecajuridicavirtual.cl\/index.php\/wp-json\/wp\/v2\/product\/4519","targetHints":{"allow":["GET"]}}],"collection":[{"href":"https:\/\/bibliotecajuridicavirtual.cl\/index.php\/wp-json\/wp\/v2\/product"}],"about":[{"href":"https:\/\/bibliotecajuridicavirtual.cl\/index.php\/wp-json\/wp\/v2\/types\/product"}],"replies":[{"embeddable":true,"href":"https:\/\/bibliotecajuridicavirtual.cl\/index.php\/wp-json\/wp\/v2\/comments?post=4519"}],"wp:featuredmedia":[{"embeddable":true,"href":"https:\/\/bibliotecajuridicavirtual.cl\/index.php\/wp-json\/wp\/v2\/media\/4569"}],"wp:attachment":[{"href":"https:\/\/bibliotecajuridicavirtual.cl\/index.php\/wp-json\/wp\/v2\/media?parent=4519"}],"wp:term":[{"taxonomy":"product_brand","embeddable":true,"href":"https:\/\/bibliotecajuridicavirtual.cl\/index.php\/wp-json\/wp\/v2\/product_brand?post=4519"},{"taxonomy":"product_cat","embeddable":true,"href":"https:\/\/bibliotecajuridicavirtual.cl\/index.php\/wp-json\/wp\/v2\/product_cat?post=4519"},{"taxonomy":"product_tag","embeddable":true,"href":"https:\/\/bibliotecajuridicavirtual.cl\/index.php\/wp-json\/wp\/v2\/product_tag?post=4519"}],"curies":[{"name":"wp","href":"https:\/\/api.w.org\/{rel}","templated":true}]}}