{"id":4520,"date":"2026-02-28T01:26:19","date_gmt":"2026-02-28T04:26:19","guid":{"rendered":"https:\/\/bibliotecajuridicavirtual.cl\/?post_type=product&#038;p=4520"},"modified":"2026-02-28T01:26:43","modified_gmt":"2026-02-28T04:26:43","slug":"ley-nro-20-000-problemas-actuales-en-su-interpretacion-ano-2023-198-pag-autor-lorena-rebolledo-latorre-manuel-rodriguez-vega","status":"publish","type":"product","link":"https:\/\/bibliotecajuridicavirtual.cl\/index.php\/product\/ley-nro-20-000-problemas-actuales-en-su-interpretacion-ano-2023-198-pag-autor-lorena-rebolledo-latorre-manuel-rodriguez-vega\/","title":{"rendered":"Ley Nro 20.000 &#8211;  Problemas Actuales en su Interpretaci\u00f3n. A\u00f1o 2023\/198 P\u00e1g. Autor Lorena Rebolledo Latorre &#8211; Manuel Rodr\u00edguez Vega"},"content":{"rendered":"<p style=\"font-weight: 400;\">Esta obra pretende ser un aporte, desde un marco te\u00f3rico y pr\u00e1ctico, al estudio de los principales problemas relacionados con el tr\u00e1fico il\u00edcito de estupefacientes, abarcando aspectos pol\u00edtico-criminales que entreguen una visi\u00f3n comprensiva de su basta complejidad, y c\u00f3mo \u00e9sta incide en la aplicaci\u00f3n e interpretaci\u00f3n de la ley penal y procesal al caso concreto. Para ello, se examina la normativa internacional y nacional sobre la materia, comprendiendo el an\u00e1lisis de las principales figuras tipificadas y sancionadas en la Ley N\u00b020.000, a la luz de doctrina y jurisprudencia actualizada, as\u00ed como las t\u00e9cnicas especiales de investigaci\u00f3n previstas en relaci\u00f3n con este tipo de il\u00edcitos.<\/p>\n<ol>\n<li style=\"font-weight: 400;\"><b><strong> ASPECTOS POL\u00cdTICO-CRIMINALES<\/strong><\/b><\/li>\n<\/ol>\n<p style=\"font-weight: 400;\">1.1. Estado actual de Chile en el mapa geopol\u00edtico de drogas<\/p>\n<p>1.2. Tendencias y amenazas del narcotr\u00e1fico en Chile durante 2021<\/p>\n<p>1.3. Antecedentes y compromisos internacionales suscritos por Chile en materia de tr\u00e1fico il\u00edcito de estupefacientes y sustancias psicotr\u00f3picas<br \/>\nA) Convenci\u00f3n \u00danica de estupefacientes 1961, enmendada por el Protocolo de 1972<br \/>\nB) Convenio sobre Sustancias Psicotr\u00f3picas de 1971<br \/>\nC) Convenci\u00f3n contra el Tr\u00e1fico Il\u00edcito de Estupefacientes y Sustancias Psicotr\u00f3picas de 1988, \u201cConvenci\u00f3n de Viena\u201d<br \/>\nD) Convenci\u00f3n de las Nacionales Unidas contra la Delincuencia Organizada Transnacional y sus protocolos contra el tr\u00e1fico il\u00edcito de migrantes por tierra, mar y aire y para prevenir, reprimir y sancionar la trata de personas, especialmente mujeres y ni\u00f1os, \u201cConvenci\u00f3n de Palermo a\u00f1o 2000\u201d<\/p>\n<p>1.4. S\u00edntesis de la evoluci\u00f3n legislativa<br \/>\nA) C\u00f3digo Penal<br \/>\nB) Leyes especiales<\/p>\n<p>1.5. Coordinaci\u00f3n con las pol\u00edticas no penales de prevenci\u00f3n del uso abusivo de sustancias. Situaci\u00f3n de las mujeres en el contexto del tr\u00e1fico il\u00edcito de estupefacientes<br \/>\nA) Alternativas al encarcelamiento. Especial referencia a los tribunales de tratamiento de drogas o alcohol<br \/>\na. Alternativas previas al proceso penal y enfocadas a limitar la entrada a este<br \/>\nb. Alternativas aplicadas durante proceso penal<br \/>\nc. Alternativas para poblaciones carcelarias<br \/>\nB) Referencia a instrumentos internacionales con perspectiva de g\u00e9nero<\/p>\n<ol start=\"2\">\n<li style=\"font-weight: 400;\"><b><strong> DELITOS DE TR\u00c1FICO Y MICROTR\u00c1FICO DE DROGAS<\/strong><\/b><\/li>\n<\/ol>\n<p style=\"font-weight: 400;\">2.1. La conducta punible en los delitos de tr\u00e1fico y microtr\u00e1fico de drogas<br \/>\nA) Tr\u00e1fico en sentido amplio (art\u00edculo 3\u00b0 de la Ley N\u00b020.000)<br \/>\nB) Tr\u00e1fico en sentido estricto (art\u00edculo 3\u00b0 de la Ley N\u00b0 20.000)<br \/>\nC) Microtr\u00e1fico (art\u00edculo 4\u00b0 de la Ley N\u00b0 20.000)<\/p>\n<p>2.2. Elementos comunes y diferenciadores de los delitos de tr\u00e1fico y microtr\u00e1fico de drogas<\/p>\n<p>2.3. La omisi\u00f3n en los delitos de tr\u00e1fico y microtr\u00e1fico<\/p>\n<p>2.4. Posesi\u00f3n de droga<\/p>\n<p>2.5. Objeto material en el delito de tr\u00e1fico y microtr\u00e1fico de drogas<br \/>\nA) Remisi\u00f3n al art\u00edculo 1\u00b0 de la Ley N\u00b0 20.000<br \/>\nB) Modelo nominal<\/p>\n<p>2.6. El dolo en los delitos de tr\u00e1fico y microtr\u00e1fico de drogas y su prueba<br \/>\nA) Tr\u00e1fico del art\u00edculo 3\u00b0 de la Ley N\u00b0 20.000<br \/>\nB) Microtr\u00e1fico del art\u00edculo 4\u00b0 de la Ley N\u00b0 20.000<\/p>\n<p>2.7. Error de tipo excluyente del dolo<br \/>\nA) Error sobre el objeto de la acci\u00f3n (error in objecto)<br \/>\nB) Error sobre las propiedades de la droga<\/p>\n<p>2.8. Iter criminis y sanci\u00f3n de la conspiraci\u00f3n<\/p>\n<ol start=\"3\">\n<li style=\"font-weight: 400;\"><b><strong> DELITO DE CULTIVO DE ESPECIES VEGETALES (ART\u00cdCULO 8\u00b0 DE LA LEY N\u00b0 20.000)<\/strong><\/b><\/li>\n<\/ol>\n<p style=\"font-weight: 400;\">3.1. Concepto y naturaleza del delito de cultivo de especies vegetales<br \/>\n3.2. Objeto material<br \/>\n3.3. Conducta<br \/>\n3.4. Excurso: regulaci\u00f3n del cannabis para uso terap\u00e9utico y los clubes cann\u00e1bicos<\/p>\n<ol start=\"4\">\n<li style=\"font-weight: 400;\"><b><strong> FALTAS DEL ART\u00cdCULO 50 DE LA LEY N\u00b0 20.000<\/strong><\/b><\/li>\n<\/ol>\n<p style=\"font-weight: 400;\">4.1. Falta de consumo o tenencia o porte de droga para su uso o consumo personal exclusivo y pr\u00f3ximo en el tiempo, en lugar p\u00fablico o abierto al p\u00fablico (art\u00edculo 50, incisos primero y tercero de la ley N\u00b0 20.000)<br \/>\nA) Consumo \u201cpersonal y exclusivo\u201d no equivale a consumo individual<br \/>\nB) Proximidad en el tiempo<br \/>\nC) Elementos para dirimir si la droga o sustancia pose\u00edda, guardada, portada o transportada estaba destinada o no al consumo personal exclusivo y pr\u00f3ximo en el tiempo<br \/>\nD) Lugares p\u00fablicos o abiertos al p\u00fablico<br \/>\nE) Falta de consumo de drogas en lugares o recintos privados, si se hubiesen concertado para tal prop\u00f3sito (art\u00edculo 50 inciso cuarto de la Ley N\u00b0 20.000)<br \/>\nF) Tratamiento m\u00e9dico<\/p>\n<ol start=\"5\">\n<li style=\"font-weight: 400;\"><b><strong> DELITO DE ASOCIACI\u00d3N IL\u00cdCITA (ART\u00cdCULO 16 DE LA LEY N\u00b0 20.000)<\/strong><\/b><\/li>\n<\/ol>\n<p style=\"font-weight: 400;\">5.1. Crimen organizado<br \/>\n5.2. Delito de asociaci\u00f3n il\u00edcita del C\u00f3digo Penal chileno<br \/>\n5.3. Asociaci\u00f3n il\u00edcita en la Ley N\u00b0 20.000<\/p>\n<ol start=\"6\">\n<li style=\"font-weight: 400;\"><b><strong> ANTIJURIDICIDAD Y CULPABILIDAD<\/strong><\/b><\/li>\n<\/ol>\n<p style=\"font-weight: 400;\">6.1. Antijuridicidad<br \/>\nA) Bien jur\u00eddico protegido: salud p\u00fablica<br \/>\nB) El delito de tr\u00e1fico de drogas como delito de peligro<br \/>\nC) Antijuridicidad material y formal<\/p>\n<p>6.2. Culpabilidad<br \/>\nA) Privaci\u00f3n total de raz\u00f3n por cualquier causa independiente de la voluntad (art\u00edculo 10 N\u00b01 del C\u00f3digo Penal)<br \/>\nB) Error de prohibici\u00f3n<\/p>\n<ol start=\"7\">\n<li style=\"font-weight: 400;\"><b><strong> AUTOR\u00cdA Y PARTICIPACI\u00d3N EN EL DELITO DE TR\u00c1FICO DE DROGAS<\/strong><\/b><\/li>\n<\/ol>\n<p style=\"font-weight: 400;\">7.1. Autor\u00eda<br \/>\nA) El autor mediato en el delito de tr\u00e1fico de drogas<br \/>\nB) Tesis subjetiva de la autor\u00eda: ignorancia deliberada en el tr\u00e1fico il\u00edcito de drogas<br \/>\na. Casos de ignorancia deliberada seg\u00fan Ragu\u00e9s<br \/>\nb. Casos de ignorancia deliberada en el tr\u00e1fico il\u00edcito de drogas<\/p>\n<p>7.2. Participaci\u00f3n: complicidad y encubrimiento<\/p>\n<ol start=\"8\">\n<li style=\"font-weight: 400;\"><b><strong> CONCUSO DE DELITOS<\/strong><\/b><\/li>\n<\/ol>\n<p style=\"font-weight: 400;\">8.1. Pluralidad de acciones subsumibles en delitos de microtr\u00e1fico y tr\u00e1fico<br \/>\n8.2. Concurso de acciones de microtr\u00e1fico o tr\u00e1fico de drogas y del art\u00edculo 8\u00b0 de la Ley N\u00b0 20.000<br \/>\n8.3. Concurso de acciones del delito de posesi\u00f3n o tenencia de precursores y de sustancias qu\u00edmicas esenciales del art\u00edculo 2\u00b0 de la Ley N\u00b0 20.000 con conductas del delito de tr\u00e1fico de drogas<br \/>\n8.4. Concurso de elaboraci\u00f3n ilegal de drogas del art\u00edculo 1\u00b0 de la Ley N\u00b0 20.000 y tr\u00e1fico de drogas<\/p>\n<ol start=\"9\">\n<li style=\"font-weight: 400;\"><b><strong> CIRCUNSTANCIAS MODIFICATORIAS Y PENAS<\/strong><\/b><\/li>\n<\/ol>\n<p style=\"font-weight: 400;\">9.1. Agravantes del art\u00edculo 19 de la Ley N\u00b0 20.000<br \/>\nA) Si el imputado form\u00f3 parte de una agrupaci\u00f3n o reuni\u00f3n de delincuentes, sin incurrir en el delito de organizaci\u00f3n del art\u00edculo 16 (art\u00edculo 19 letra a) de la Ley N\u00b0 20.000)<br \/>\nB) Si el delito fue cometido en un centro hospitalario, asistencia, lugar de detenci\u00f3n o reclusi\u00f3n, recinto militar o policial (art\u00edculo 19 letra h) de la Ley N\u00b0 20.000)<\/p>\n<p>9.2. Circunstancia atenuante de Cooperaci\u00f3n eficaz del art\u00edculo 22 de la Ley N\u00b0 20.000<\/p>\n<p>9.3. Penas: naturaleza y determinaci\u00f3n<\/p>\n<ol start=\"10\">\n<li style=\"font-weight: 400;\"><b><strong> T\u00c9CNICAS ESPECIALES DE INVESTIGACI\u00d3N CRIMINAL<\/strong><\/b><\/li>\n<\/ol>\n<p style=\"font-weight: 400;\">10.1. Entrega vigilada y controlada de drogas<br \/>\nA) Marco normativo: T\u00edtulo II, p\u00e1rrafo primero, art\u00edculo 23 de la Ley N\u00b0 20.000<br \/>\na. Concepto de entrega vigilada y controlada de drogas<br \/>\nb. \u00c1mbito de aplicaci\u00f3n de la t\u00e9cnica entrega vigilada y controlada de drogas<br \/>\nB) Particularidades de la t\u00e9cnica entrega vigilada y controlada de drogas<br \/>\na. Detenci\u00f3n por flagrancia<br \/>\nb. Detenci\u00f3n por orden judicial<br \/>\nc. Medidas especiales<br \/>\nd. Facilitaci\u00f3n de la cooperaci\u00f3n y asistencia internacional<br \/>\ne. Regla de consumaci\u00f3n del il\u00edcito investigado<br \/>\nf. Regla de punibilidad<\/p>\n<p>10.2. Interceptaciones telef\u00f3nicas<br \/>\nA) Marco normativo: T\u00eftulo II, p\u00e1rrafo primero, art\u00edculo 24\u00a0\u00a0de la Ley N\u00b0 20.000<br \/>\nB) Concepto de interceptaci\u00f3n telef\u00f3nica<br \/>\nC) Requisitos de la intervenci\u00f3n telef\u00f3nica<br \/>\na. Requisitos procedimentales<br \/>\nb. Requisitos de fondo<br \/>\ni. La motivaci\u00f3n<br \/>\nii. Proporcionalidad de la medida<br \/>\niii. Doble control de la interceptaci\u00f3n telef\u00f3nica<br \/>\nD. Duraci\u00f3n de la medida y pr\u00f3rrogas<br \/>\nE) Notificaci\u00f3n al afectado por la interceptaci\u00f3n telef\u00f3nica<br \/>\nF) Valor probatorio de la intervenci\u00f3n telef\u00f3nica<br \/>\na. Intervenci\u00f3n telef\u00f3nica l\u00edcita<br \/>\nG) Incorporaci\u00f3n de la prueba en el juicio oral<br \/>\nH) Los descubrimientos ocasionales o \u201ccasuales\u201d<br \/>\nI) Resumen de esta t\u00e9cnica especial de investigaci\u00f3n penal<\/p>\n<p>10.3. Agente encubierto, agente revelador e informante<br \/>\nA) Marco normativo: T\u00edtulo II, p\u00e1rrafo tercero, art\u00edculo 25 de la Ley N\u00b0 20.000<br \/>\na. Aplicaci\u00f3n<br \/>\nb. Agente encubierto<br \/>\nc. Requisitos<br \/>\nB) Desarrollo de los requisitos<br \/>\nC) Posibilidad de dotar al agente encubierto de una historia ficticia<\/p>\n<p>10.4. Agente revelador<br \/>\nA) Requisitos<\/p>\n<p>10.5. Informante<\/p>\n<p>10.6. Exenci\u00f3n de responsabilidad para agentes encubiertos, reveladores e informantes. Aplicaci\u00f3n restrictiva<br \/>\nA) An\u00e1lisis de los t\u00e9rminos en que se regula la causal de exenci\u00f3n de responsabilidad<br \/>\nB) Aspectos procesales de inter\u00e9s<br \/>\na. Registro de la autorizaci\u00f3n de la t\u00e9cnica de investigaci\u00f3n del agente revelador (art\u00edculo 227 del C\u00f3digo Procesal Penal y 25 de la Ley N\u00b0 20.000)<br \/>\ni. Agente revelador en redes sociales<\/p>\n<p>10.7. Cooperaci\u00f3n eficaz como t\u00e9cnica de investigaci\u00f3n<br \/>\nA) Cooperaci\u00f3n eficaz en la Ley N\u00b0 20.000<br \/>\na. Requisitos de procedencia<br \/>\nb. Regla de determinaci\u00f3n de la pena<\/p>\n","protected":false},"excerpt":{"rendered":"<p>Esta obra pretende ser un aporte, desde un marco te\u00f3rico y pr\u00e1ctico, al estudio de los principales problemas relacionados con el tr\u00e1fico il\u00edcito de estupefacientes, abarcando aspectos pol\u00edtico-criminales que entreguen una visi\u00f3n comprensiva de su basta complejidad, y c\u00f3mo \u00e9sta incide en la aplicaci\u00f3n e interpretaci\u00f3n de la ley penal y procesal al caso concreto. Para ello, se examina la normativa internacional y nacional sobre la materia, comprendiendo el an\u00e1lisis de las principales figuras tipificadas y sancionadas en la Ley N\u00b020.000, a la luz de doctrina y jurisprudencia actualizada, as\u00ed como las t\u00e9cnicas especiales de investigaci\u00f3n previstas en relaci\u00f3n con este tipo de il\u00edcitos. ASPECTOS POL\u00cdTICO-CRIMINALES 1.1. Estado actual de Chile en el mapa geopol\u00edtico de drogas 1.2. Tendencias y amenazas del narcotr\u00e1fico en Chile durante 2021 1.3. Antecedentes y compromisos internacionales suscritos por Chile en materia de tr\u00e1fico il\u00edcito de estupefacientes y sustancias psicotr\u00f3picas A) Convenci\u00f3n \u00danica de estupefacientes 1961, enmendada por el Protocolo de 1972 B) Convenio sobre Sustancias Psicotr\u00f3picas de 1971 C) Convenci\u00f3n contra el Tr\u00e1fico Il\u00edcito de Estupefacientes y Sustancias Psicotr\u00f3picas de 1988, \u201cConvenci\u00f3n de Viena\u201d D) Convenci\u00f3n de las Nacionales Unidas contra la Delincuencia Organizada Transnacional y sus protocolos contra el tr\u00e1fico il\u00edcito de migrantes por tierra, mar y aire y para prevenir, reprimir y sancionar la trata de personas, especialmente mujeres y ni\u00f1os, \u201cConvenci\u00f3n de Palermo a\u00f1o 2000\u201d 1.4. S\u00edntesis de la evoluci\u00f3n legislativa A) C\u00f3digo Penal B) Leyes especiales 1.5. Coordinaci\u00f3n con las pol\u00edticas no penales de prevenci\u00f3n del uso abusivo de sustancias. Situaci\u00f3n de las mujeres en el contexto del tr\u00e1fico il\u00edcito de estupefacientes A) Alternativas al encarcelamiento. Especial referencia a los tribunales de tratamiento de drogas o alcohol a. Alternativas previas al proceso penal y enfocadas a limitar la entrada a este b. Alternativas aplicadas durante proceso penal c. Alternativas para poblaciones carcelarias B) Referencia a instrumentos internacionales con perspectiva de g\u00e9nero DELITOS DE TR\u00c1FICO Y MICROTR\u00c1FICO DE DROGAS 2.1. La conducta punible en los delitos de tr\u00e1fico y microtr\u00e1fico de drogas A) Tr\u00e1fico en sentido amplio (art\u00edculo 3\u00b0 de la Ley N\u00b020.000) B) Tr\u00e1fico en sentido estricto (art\u00edculo 3\u00b0 de la Ley N\u00b0 20.000) C) Microtr\u00e1fico (art\u00edculo 4\u00b0 de la Ley N\u00b0 20.000) 2.2. Elementos comunes y diferenciadores de los delitos de tr\u00e1fico y microtr\u00e1fico de drogas 2.3. La omisi\u00f3n en los delitos de tr\u00e1fico y microtr\u00e1fico 2.4. Posesi\u00f3n de droga 2.5. Objeto material en el delito de tr\u00e1fico y microtr\u00e1fico de drogas A) Remisi\u00f3n al art\u00edculo 1\u00b0 de la Ley N\u00b0 20.000 B) Modelo nominal 2.6. El dolo en los delitos de tr\u00e1fico y microtr\u00e1fico de drogas y su prueba A) Tr\u00e1fico del art\u00edculo 3\u00b0 de la Ley N\u00b0 20.000 B) Microtr\u00e1fico del art\u00edculo 4\u00b0 de la Ley N\u00b0 20.000 2.7. Error de tipo excluyente del dolo A) Error sobre el objeto de la acci\u00f3n (error in objecto) B) Error sobre las propiedades de la droga 2.8. Iter criminis y sanci\u00f3n de la conspiraci\u00f3n DELITO DE CULTIVO DE ESPECIES VEGETALES (ART\u00cdCULO 8\u00b0 DE LA LEY N\u00b0 20.000) 3.1. Concepto y naturaleza del delito de cultivo de especies vegetales 3.2. Objeto material 3.3. Conducta 3.4. Excurso: regulaci\u00f3n del cannabis para uso terap\u00e9utico y los clubes cann\u00e1bicos FALTAS DEL ART\u00cdCULO 50 DE LA LEY N\u00b0 20.000 4.1. Falta de consumo o tenencia o porte de droga para su uso o consumo personal exclusivo y pr\u00f3ximo en el tiempo, en lugar p\u00fablico o abierto al p\u00fablico (art\u00edculo 50, incisos primero y tercero de la ley N\u00b0 20.000) A) Consumo \u201cpersonal y exclusivo\u201d no equivale a consumo individual B) Proximidad en el tiempo C) Elementos para dirimir si la droga o sustancia pose\u00edda, guardada, portada o transportada estaba destinada o no al consumo personal exclusivo y pr\u00f3ximo en el tiempo D) Lugares p\u00fablicos o abiertos al p\u00fablico E) Falta de consumo de drogas en lugares o recintos privados, si se hubiesen concertado para tal prop\u00f3sito (art\u00edculo 50 inciso cuarto de la Ley N\u00b0 20.000) F) Tratamiento m\u00e9dico DELITO DE ASOCIACI\u00d3N IL\u00cdCITA (ART\u00cdCULO 16 DE LA LEY N\u00b0 20.000) 5.1. Crimen organizado 5.2. Delito de asociaci\u00f3n il\u00edcita del C\u00f3digo Penal chileno 5.3. Asociaci\u00f3n il\u00edcita en la Ley N\u00b0 20.000 ANTIJURIDICIDAD Y CULPABILIDAD 6.1. Antijuridicidad A) Bien jur\u00eddico protegido: salud p\u00fablica B) El delito de tr\u00e1fico de drogas como delito de peligro C) Antijuridicidad material y formal 6.2. Culpabilidad A) Privaci\u00f3n total de raz\u00f3n por cualquier causa independiente de la voluntad (art\u00edculo 10 N\u00b01 del C\u00f3digo Penal) B) Error de prohibici\u00f3n AUTOR\u00cdA Y PARTICIPACI\u00d3N EN EL DELITO DE TR\u00c1FICO DE DROGAS 7.1. Autor\u00eda A) El autor mediato en el delito de tr\u00e1fico de drogas B) Tesis subjetiva de la autor\u00eda: ignorancia deliberada en el tr\u00e1fico il\u00edcito de drogas a. Casos de ignorancia deliberada seg\u00fan Ragu\u00e9s b. Casos de ignorancia deliberada en el tr\u00e1fico il\u00edcito de drogas 7.2. Participaci\u00f3n: complicidad y encubrimiento CONCUSO DE DELITOS 8.1. Pluralidad de acciones subsumibles en delitos de microtr\u00e1fico y tr\u00e1fico 8.2. Concurso de acciones de microtr\u00e1fico o tr\u00e1fico de drogas y del art\u00edculo 8\u00b0 de la Ley N\u00b0 20.000 8.3. Concurso de acciones del delito de posesi\u00f3n o tenencia de precursores y de sustancias qu\u00edmicas esenciales del art\u00edculo 2\u00b0 de la Ley N\u00b0 20.000 con conductas del delito de tr\u00e1fico de drogas 8.4. Concurso de elaboraci\u00f3n ilegal de drogas del art\u00edculo 1\u00b0 de la Ley N\u00b0 20.000 y tr\u00e1fico de drogas CIRCUNSTANCIAS MODIFICATORIAS Y PENAS 9.1. Agravantes del art\u00edculo 19 de la Ley N\u00b0 20.000 A) Si el imputado form\u00f3 parte de una agrupaci\u00f3n o reuni\u00f3n de delincuentes, sin incurrir en el delito de organizaci\u00f3n del art\u00edculo 16 (art\u00edculo 19 letra a) de la Ley N\u00b0 20.000) B) Si el delito fue cometido en un centro hospitalario, asistencia, lugar de detenci\u00f3n o reclusi\u00f3n, recinto militar o policial (art\u00edculo 19 letra h) de la Ley N\u00b0 20.000) 9.2. Circunstancia atenuante de Cooperaci\u00f3n eficaz del art\u00edculo 22 de la Ley N\u00b0 20.000 9.3. Penas: naturaleza y determinaci\u00f3n T\u00c9CNICAS ESPECIALES DE INVESTIGACI\u00d3N CRIMINAL 10.1. Entrega vigilada y controlada de drogas A) Marco normativo: T\u00edtulo II, p\u00e1rrafo primero, art\u00edculo 23 de la Ley<\/p>\n","protected":false},"featured_media":4570,"comment_status":"open","ping_status":"closed","template":"","meta":{"inline_featured_image":false,"_joinchat":[]},"product_brand":[],"product_cat":[38,30],"product_tag":[],"class_list":{"0":"post-4520","1":"product","2":"type-product","3":"status-publish","4":"has-post-thumbnail","6":"product_cat-editorial-der-ediciones","7":"product_cat-penal","8":"product_shipping_class-a-convenir","10":"first","11":"instock","12":"shipping-taxable","13":"purchasable","14":"product-type-simple"},"_links":{"self":[{"href":"https:\/\/bibliotecajuridicavirtual.cl\/index.php\/wp-json\/wp\/v2\/product\/4520","targetHints":{"allow":["GET"]}}],"collection":[{"href":"https:\/\/bibliotecajuridicavirtual.cl\/index.php\/wp-json\/wp\/v2\/product"}],"about":[{"href":"https:\/\/bibliotecajuridicavirtual.cl\/index.php\/wp-json\/wp\/v2\/types\/product"}],"replies":[{"embeddable":true,"href":"https:\/\/bibliotecajuridicavirtual.cl\/index.php\/wp-json\/wp\/v2\/comments?post=4520"}],"wp:featuredmedia":[{"embeddable":true,"href":"https:\/\/bibliotecajuridicavirtual.cl\/index.php\/wp-json\/wp\/v2\/media\/4570"}],"wp:attachment":[{"href":"https:\/\/bibliotecajuridicavirtual.cl\/index.php\/wp-json\/wp\/v2\/media?parent=4520"}],"wp:term":[{"taxonomy":"product_brand","embeddable":true,"href":"https:\/\/bibliotecajuridicavirtual.cl\/index.php\/wp-json\/wp\/v2\/product_brand?post=4520"},{"taxonomy":"product_cat","embeddable":true,"href":"https:\/\/bibliotecajuridicavirtual.cl\/index.php\/wp-json\/wp\/v2\/product_cat?post=4520"},{"taxonomy":"product_tag","embeddable":true,"href":"https:\/\/bibliotecajuridicavirtual.cl\/index.php\/wp-json\/wp\/v2\/product_tag?post=4520"}],"curies":[{"name":"wp","href":"https:\/\/api.w.org\/{rel}","templated":true}]}}