{"id":4522,"date":"2026-02-28T01:26:19","date_gmt":"2026-02-28T04:26:19","guid":{"rendered":"https:\/\/bibliotecajuridicavirtual.cl\/?post_type=product&#038;p=4522"},"modified":"2026-02-28T01:26:45","modified_gmt":"2026-02-28T04:26:45","slug":"responsabilidad-penal-adolescente-ano-2019-256-pag-autor-mauricio-reyes-lopez","status":"publish","type":"product","link":"https:\/\/bibliotecajuridicavirtual.cl\/index.php\/product\/responsabilidad-penal-adolescente-ano-2019-256-pag-autor-mauricio-reyes-lopez\/","title":{"rendered":"Responsabilidad Penal Adolescente. A\u00f1o 2019\/256 P\u00e1g. Autor Mauricio Reyes L\u00f3pez"},"content":{"rendered":"<p>El libro ofrece al estudiante un tratamiento sistematizado de la regulaci\u00f3n de la responsabilidad penal adolescente en el derecho de la Rep\u00fablica de Chile. En estas p\u00e1ginas, el lector encontrar\u00e1 un desarrollo elemental y sint\u00e9tico de los temas que integran esta especial disciplina del derecho penal, el que servir\u00e1 como gu\u00eda b\u00e1sica para introducirse en un \u00e1rea altamente compleja de las ciencias jur\u00eddicas y de la pol\u00edtica criminal.<\/p>\n<p>En concordancia con sus objetivos, la obra proporciona una comprensi\u00f3n dogm\u00e1tica y sistematizada del derecho penal de adolescentes, dando cuenta de los principales problemas de aplicaci\u00f3n pr\u00e1ctica de las disposiciones que analiza y postulando soluciones dogm\u00e1ticas a los mismos.<\/p>\n<p>Este trabajo presenta una perspectiva inevitablemente interdisciplinaria dentro de las ramas de las ciencias jur\u00eddicas a las que acude. No solo el derecho penal sustantivo, sino adem\u00e1s el derecho procesal penal y el derecho de la ejecuci\u00f3n penal forman parte principal del an\u00e1lisis realizado. Como necesario complemento y base contextual ineludible, se trata tambi\u00e9n el derecho internacional de la persona humana, aplicado como parte del derecho fundamental chileno, sobre todo la Convenci\u00f3n Internacional de Derechos del Ni\u00f1o. La pol\u00edtica criminal y la teor\u00eda de los fines de la pena tambi\u00e9n integran el contenido de este material, permeando el an\u00e1lisis de la legislaci\u00f3n en su totalidad.<\/p>\n<p><strong>PARTE I<\/strong><br \/>\n<strong>INTRODUCCI\u00d3N A LA RESPONSABILIDAD PENAL ADOLESCENTE<\/strong><\/p>\n<ol>\n<li>Fundamentaci\u00f3n pol\u00edtico-criminal del Derecho Penal de adolescentes como una rama especial del Derecho Penal<\/li>\n<li>Los paradigmas del Derecho Penal Adolescente<\/li>\n<li>Fundamentos internacionales del Derecho Penal de Adolescentes<br \/>\n3.1.Explicaci\u00f3n general<br \/>\n3.2.La Convenci\u00f3n internacional de Derechos del Ni\u00f1o (CIDN)<br \/>\nA)\u00a0\u00a0\u00a0\u00a0 Explicaci\u00f3n general<br \/>\nB)\u00a0\u00a0\u00a0\u00a0\u00a0 \u00c1mbito material de aplicaci\u00f3n de la CIDN: el concepto internacional del ni\u00f1o (art\u00edculo 1.1. de la CIDN)<br \/>\nC)\u00a0\u00a0\u00a0\u00a0\u00a0 Principios de derecho fundamental contenidos en la CIDN<br \/>\n1. Principio del inter\u00e9s superior del ni\u00f1o \u2013 el inter\u00e9s superior del adolescente (art\u00edculo 40.3.1 de la CIDN)<br \/>\n2. Principio de autonom\u00eda (art\u00edculo 40.1 de la CIDN)<br \/>\n3. Prohibici\u00f3n de retroactividad de la ley penal (nullum crimen nulla poena sine lege praevia) (art\u00edculo 40.2 a) de la CIDN)<br \/>\n4. Principio de especialidad (art+iculo 40.2 a) de la CIDN)<br \/>\n5. Principios de proporcionalidad y bienestar del menor (art\u00edculo 40.4 de la CIDN)<br \/>\n6. Finalidad resocializadora de la pena (art\u00edculo 40.1 de la CIDN)<\/li>\n<\/ol>\n<p>D)\u00a0\u00a0\u00a0\u00a0 Principios de derecho fundamental que informan la privaci\u00f3n de libertad del ni\u00f1o<\/p>\n<ol>\n<li>Explicaci\u00f3n general<\/li>\n<li>Principios de legalidad y racionalidad de la privaci\u00f3n de la libertad del ni\u00f1o (art\u00edculo 37 b) de la CIDN)<\/li>\n<li>Principio de ultima ratio de la privaci\u00f3n de libertad del ni\u00f1o (art\u00edculo 37 b) de la CIDN)<\/li>\n<li>Principio de protecci\u00f3n de la dignidad del ni\u00f1o privado de libertad. Principio de separaci\u00f3n (art\u00edculo 37 c) de la CIDN)<\/li>\n<li>Derecho a la impugnaci\u00f3n de la legalidad de la privaci\u00f3n de libertad (art\u00edculo 37 d) de la CIDN)<\/li>\n<li>Derecho de defensa t\u00e9cnica (art\u00edculo 37 d) de la CIDN)<\/li>\n<\/ol>\n<p>E)\u00a0\u00a0\u00a0\u00a0\u00a0 Derechos derivados del debido proceso<\/p>\n<ol>\n<li>Explicaci\u00f3n general<\/li>\n<li>Derecho de defensa t\u00e9cnica (art\u00edculo 40.2 b) ii) de la CIDN)<\/li>\n<li>Derecho a audiencia equitativa (art\u00edculo 40.2. b) iii) de la CIDN)<\/li>\n<li>Derecho a un juicio sin demora (art\u00edculo 40.2. b) iii) de la CIDN)<\/li>\n<li>Derecho a no autoincriminarse (art\u00edculo 40.2. b) iv) de la CIDN)<\/li>\n<li>Derecho a presentar, a interrogar y a contrainterrogar testigos (art\u00edculo 40.2 b) iv) de la CIDN)<\/li>\n<li>Derecho a impugnar la sentencia condenatoria (art\u00edculo 40.2 b) v) de la CIDN)<\/li>\n<li>Derecho a int\u00e9rprete (art+iculo 40.2 b) vi) de la CIDN)<\/li>\n<li>Derecho a la protecci\u00f3n de la intimidad (art\u00edculo 40.2. b) vii) de la CIDN)\n<p>3.3.Reglas de Naciones Unidas para la Protecci\u00f3n de los Menores Privados de Libertad o \u201cReglas de Beijing\u201d<br \/>\n3.4.Directrices de Naciones Unidas para la Prevenci\u00f3n de la Delincuencia Juvenil o \u201cDirectrices de Riad\u201d<\/li>\n<\/ol>\n<p><strong>PARTE II<\/strong><br \/>\n<strong>ASPECTOS SUSTANTIVOS DE LA RESPONSABILIDAD PENAL ADOLESCENTE (T\u00cdTULO I DE LA LRPA)<\/strong><\/p>\n<ol>\n<li>Presupuestos materiales de aplicabilidad<br \/>\n1.1. Introducci\u00f3n<\/li>\n<li>Contenido y \u00e1mbito material de aplicabilidad de la LRPA (Art\u00edculo 1\u00b0)<\/li>\n<\/ol>\n<p>A)\u00a0\u00a0\u00a0\u00a0 Contenido<br \/>\nB)\u00a0\u00a0\u00a0\u00a0\u00a0 Integraci\u00f3n de las normas especiales de la LRPA<br \/>\nC)\u00a0\u00a0\u00a0\u00a0\u00a0 \u00c1mbito material de aplicaci\u00f3n<br \/>\nD)\u00a0\u00a0\u00a0\u00a0 L\u00edmites de edad<\/p>\n<ol>\n<li>Niveles de imputabilidad penal en funci\u00f3n de la edad<\/li>\n<li>Determinaci\u00f3n de la edad del infractor debe tener la edad exigida (art\u00edculo 3\u00b0 incisos 1\u00b0 y 2\u00b0 de la LRPA)<\/li>\n<\/ol>\n<p>i. Momento en el que el infractor debe tener la edad exigida (art\u00edculo 3\u00b0 de la LRPA)<br \/>\nii. Determinaci\u00f3n judicial de la edad exigida (art\u00edculo 3\u00b0 inciso 3\u00b0 de la LRPA)<\/p>\n<ol>\n<li>Presupuestos de procedibilidad en los delitos sexuales contra menores de 14 a\u00f1os (art\u00edculo 4\u00b0 de la LRPA)<br \/>\nE)\u00a0\u00a0\u00a0\u00a0\u00a0 Reglas de prescripci\u00f3n (art\u00edculo 5\u00b0 de la LRPA)<\/li>\n<\/ol>\n<ol start=\"2\">\n<li>Las penas de adolescentes<br \/>\n2.1.\u00a0 Reglas aplicables<br \/>\n2.2.\u00a0 Fines de la pena adolescente<\/li>\n<\/ol>\n<p>A)\u00a0\u00a0\u00a0\u00a0 La regulaci\u00f3n del art\u00edculo 20 de la LRPA<br \/>\nB)\u00a0\u00a0\u00a0\u00a0\u00a0 El principio de responsabilizaci\u00f3n<br \/>\nC)\u00a0\u00a0\u00a0\u00a0\u00a0 El principio educativo<br \/>\nD)\u00a0\u00a0\u00a0\u00a0 \u00bfEs necesario ponderar ambos principios?<br \/>\nE)\u00a0\u00a0\u00a0\u00a0\u00a0 Problemas que presenta la prevenci\u00f3n especial positiva en el derecho penal adolescente<br \/>\nF)\u00a0\u00a0\u00a0\u00a0\u00a0 La prevenci\u00f3n especial postiiva como l\u00edmite de la pena<br \/>\nG)\u00a0\u00a0\u00a0\u00a0 \u00bfFinalidades represivas?<\/p>\n<ol>\n<li>Explicaci\u00f3n general<\/li>\n<li>La prevenci\u00f3n general negativa y la prevenci\u00f3n especial negativa<\/li>\n<li>La prevenci\u00f3n general positiva<\/li>\n<li>La retribuci\u00f3n<\/li>\n<li>Una perspectiva mixta: retribuci\u00f3n como fundamento absoluto de la pena, educaci\u00f3n como objeto de la ejecuci\u00f3n de la pena}\n<p>2.3.\u00a0 Las penas de adolescentes en particular<br \/>\nA)\u00a0\u00a0\u00a0\u00a0 Introducci\u00f3n<br \/>\nB)\u00a0\u00a0\u00a0\u00a0 Penas privativas de libertad<\/li>\n<\/ol>\n<ol>\n<li>Explicaci\u00f3n general<\/li>\n<li>La pena de internaci\u00f3n en r\u00e9gimen cerrado con programa de reinserci\u00f3n social (art\u00edculo 17 de la LRPA)<\/li>\n<li>La pena de internaci\u00f3n en r\u00e9gimen semicerrado con programa de reinserci\u00f3n social (art\u00edculo 16 de la LRPA)<\/li>\n<li>Subsidiariedad de la privaci\u00f3n de libertad (art\u00edculo 26 inciso 1\u00b0 de la LRPA)<\/li>\n<li>Est\u00e1ndar limitativo aplicable a las penas privativas de libertad (art\u00edculo 26 inciso 2\u00b0 de la LRPA)<\/li>\n<\/ol>\n<p>C)\u00a0\u00a0\u00a0\u00a0\u00a0 Penas no privativas de libertad<\/p>\n<ol>\n<li>Explicaci\u00f3n general<\/li>\n<li>Penas de intervenci\u00f3n educativa<\/li>\n<\/ol>\n<p>i.Explicaci\u00f3n general<br \/>\nii.Pena de libertad asistida<br \/>\niii. Pena de libertad asistida especial (art\u00edculo 14 de la LRPA)<\/p>\n<p>1. Penas de naturaleza reparatoria o restaurativa<\/p>\n<p>i.Explicaci\u00f3n general<br \/>\nii.Pena de prestaci\u00f3n de servicios en beneficio de la comunidad<br \/>\niii.Pena de reparaci\u00f3n del da\u00f1o (art\u00edculo 10 de la LRPA)<\/p>\n<p>2. Penas de naturaleza puramente correctiva<\/p>\n<p>i.Explicaci\u00f3n general<br \/>\nii.Pena de multa<br \/>\niii.Pena de amonestaci\u00f3n<\/p>\n<p>D)\u00a0\u00a0\u00a0\u00a0 Penas accesorias<\/p>\n<ol>\n<li>Explicaci\u00f3n general<\/li>\n<li>Prohibici\u00f3n de conducir veh\u00edculos motorizados<\/li>\n<li>Comiso<\/li>\n<li>Sujeci\u00f3n a tratamiento de rehabilitaci\u00f3n de alcohol o drogas<\/li>\n<\/ol>\n<p>E)\u00a0\u00a0\u00a0\u00a0\u00a0 Penas mixtas (art\u00edculo 19 de la LRPA)<\/p>\n<ol>\n<li>Explicaci\u00f3n general<\/li>\n<li>Libertad asistida posterior a la pena de internaci\u00f3n<\/li>\n<li>Libertad asistida previa a la pena de internaci\u00f3n<\/li>\n<li>Regla limitativa<\/li>\n<li>Determinaci\u00f3n de la pena de adolescentes<\/li>\n<\/ol>\n<p>3.1.\u00a0 Primer nivel de determinaci\u00f3n<br \/>\nA)\u00a0\u00a0\u00a0\u00a0 Primera fase: Determinaci\u00f3n de la duraci\u00f3n de la pena juvenil (art\u00edculo 21 LRPA)<\/p>\n<ol>\n<li>Primer paso: identificaci\u00f3n del marco penal abstracto<\/li>\n<li>Segundo paso: regla de disminuci\u00f3n de pena (art\u00edculo 21 de la LRPA)<\/li>\n<li>Tercer paso: Duraci\u00f3n de la pena concreta<\/li>\n<li>L\u00edmites absolutos a la duraci\u00f3n de las penas juveniles<br \/>\ni.L\u00edmites absolutos a la duraci\u00f3n de las penas de internaci\u00f3n en r\u00e9gimen cerrado y semicerrado<br \/>\nii.L\u00edmites absolutos a la duraci\u00f3n de la pena de libertad asistida y libertad asistida especial<br \/>\niii.L\u00edmites absolutos a la duraci\u00f3n de la pena de prestaci\u00f3n de servicios en beneficio de la comunidad<\/li>\n<\/ol>\n<p>B)\u00a0\u00a0\u00a0\u00a0\u00a0 Segunda fase: Determinaci\u00f3n de la naturaleza de la pena juvenil<br \/>\nC)\u00a0\u00a0\u00a0\u00a0\u00a0 Inaplicabilidad del art\u00edculo 69 del CP<\/p>\n<p>3.2.\u00a0 Segundo nivel de determinaci\u00f3n: Individualizaci\u00f3n de la pena<br \/>\nA)\u00a0\u00a0\u00a0\u00a0 Explicaci\u00f3n general}<br \/>\nB)\u00a0\u00a0\u00a0\u00a0\u00a0 Criterios legales de individualizaci\u00f3n de la pena (art\u00edculo 24 de la LRPA)<\/p>\n<ol>\n<li>Los criterios en general<\/li>\n<li>Los criterios en particular<br \/>\ni.La gravedad del il\u00edcito<br \/>\nii.El grado de intervenci\u00f3n delictiva y el grado de desarrollo del delito<br \/>\niii.La concurrencia de circunstancias agravantes o atenuantes<br \/>\niv. La edad del adolescente infractor<br \/>\nv. La extensi\u00f3n del mal causado con la ejecuci\u00f3n del delito<br \/>\nvi. La idoneidad resocializadora de la pena<\/li>\n<\/ol>\n<p><strong>PARTE III<\/strong><br \/>\n<strong>ASPECTOS PROCESALES DE LA RESPONSABILIDAD PENAL ADOLESCENTE (T\u00cdTULO II DE LA LRPA)<\/strong><\/p>\n<ol>\n<li>Aspectos generales<br \/>\n1.1.Introducci\u00f3n general<br \/>\n1.2.La regulaci\u00f3n procesal de la LRPA. Plan de estudio<\/li>\n<\/ol>\n<ol start=\"2\">\n<li>Normas procesales org\u00e1nicas<br \/>\n2.1.Tribunales con competencia en material penal adolescente<br \/>\n2.2.Procedimientos aplicables<br \/>\n2.3.Concurso de procedimientos<\/li>\n<\/ol>\n<ol start=\"3\">\n<li>Normas procesales funcionales<br \/>\n3.1.Integraci\u00f3n de las normas procesales funcionales (art\u00edculo 27 de la LRPA)<br \/>\n3.2.Medidas cautelares personales<br \/>\nA)\u00a0\u00a0\u00a0\u00a0 Explicaci\u00f3n general<br \/>\nB)\u00a0\u00a0\u00a0\u00a0\u00a0 Principio de proporcionalidad de las medidas cautelares personales (art\u00edculos 122 del CPP y 33 de la LRPA)<br \/>\nC)\u00a0\u00a0\u00a0\u00a0\u00a0 La detenci\u00f3n (art\u00edculo 31 de la LRPA)<br \/>\nD)\u00a0\u00a0\u00a0\u00a0 La internaci\u00f3n provisoria en r\u00e9gimen cerrado (art\u00edculo 32 de la LRPA)<br \/>\nE)\u00a0\u00a0\u00a0\u00a0\u00a0 La ejecuci\u00f3n de las medidas de detenci\u00f3n e internaci\u00f3n provisoria en r\u00e9gimen cerrado<br \/>\n3.3.La etapa de investigaci\u00f3n<br \/>\nA)\u00a0\u00a0\u00a0\u00a0 Reglas generales y estructura<br \/>\nB)\u00a0\u00a0\u00a0\u00a0\u00a0 Principio de oportunidad<br \/>\nC)\u00a0\u00a0\u00a0\u00a0\u00a0 Primera audiencia, formalizaci\u00f3n, plazo para concluir la investigaci\u00f3n<br \/>\nD)\u00a0\u00a0\u00a0\u00a0 Salidas alternativas<br \/>\nE)\u00a0\u00a0\u00a0\u00a0\u00a0 Juicio inmediato<br \/>\n3.4.Juicio oral y sentencia<br \/>\nA)\u00a0\u00a0\u00a0\u00a0 Estructura del juicio oral y reglas modificatorias<br \/>\nB)\u00a0\u00a0\u00a0\u00a0\u00a0 Audiencia de determinaci\u00f3n de la pena<br \/>\nC)\u00a0\u00a0\u00a0\u00a0\u00a0 Suspensi\u00f3n de la imposici\u00f3n de la condena<br \/>\n3.5.Antecedentes prontuariales<br \/>\nA)\u00a0\u00a0\u00a0\u00a0 Su utilizaci\u00f3n en el proceso penal<br \/>\nB)\u00a0\u00a0\u00a0\u00a0\u00a0 El mecanismo de eliminaci\u00f3n de los antecedentes prontuariales<br \/>\n3.6.Registros de ADN<\/li>\n<\/ol>\n<p><strong>PARTE IV<\/strong><br \/>\n<strong>LA EJECUCI\u00d3N DE LA PENA ADOLESCENTE (T\u00cdTULO III DE LA LRPA)<\/strong><\/p>\n<ol>\n<li>Normas administrativas relativas a la ejecuci\u00f3n penal adolescente<br \/>\n1.1.Explicaci\u00f3n general<br \/>\n1.2.La ejecuci\u00f3n de las penas privativas de libertad<br \/>\nA)\u00a0\u00a0\u00a0\u00a0 Introducci\u00f3n general<br \/>\nB)\u00a0\u00a0\u00a0\u00a0\u00a0 Principios de la ejecuci\u00f3n<br \/>\nC)\u00a0\u00a0\u00a0\u00a0\u00a0 Centros de privaci\u00f3n de libertad y su administraci\u00f3n<br \/>\n1.3.La administraci\u00f3n de las penas no privativas de libertad<br \/>\n1.4.Los derechos y garant\u00edas de la ejecuci\u00f3n<\/li>\n<\/ol>\n<ol start=\"2\">\n<li>Control jurisdiccional de la ejecuci\u00f3n penal adolescente<br \/>\n2.1. Competencia jurisdiccional del control de la ejecuci\u00f3n penal<br \/>\n2.2. El cumplimiento de la condena<br \/>\n2.3. El quebrantamiento de la condencia<br \/>\n2.4. La sustituci\u00f3n de la condena<br \/>\n2.5. La remisi\u00f3n de la condena<br \/>\n2.6. Aspectos procesales de la sustituci\u00f3n de la pena y de la remisi\u00f3n de la pena<br \/>\n2.7. Cumplimiento de la mayor\u00eda de edad durante el proceso o la ejecuci\u00f3n de la pena<\/li>\n<\/ol>\n<p>&nbsp;<\/p>\n","protected":false},"excerpt":{"rendered":"<p>El libro ofrece al estudiante un tratamiento sistematizado de la regulaci\u00f3n de la responsabilidad penal adolescente en el derecho de la Rep\u00fablica de Chile. En estas p\u00e1ginas, el lector encontrar\u00e1 un desarrollo elemental y sint\u00e9tico de los temas que integran esta especial disciplina del derecho penal, el que servir\u00e1 como gu\u00eda b\u00e1sica para introducirse en un \u00e1rea altamente compleja de las ciencias jur\u00eddicas y de la pol\u00edtica criminal. En concordancia con sus objetivos, la obra proporciona una comprensi\u00f3n dogm\u00e1tica y sistematizada del derecho penal de adolescentes, dando cuenta de los principales problemas de aplicaci\u00f3n pr\u00e1ctica de las disposiciones que analiza y postulando soluciones dogm\u00e1ticas a los mismos. Este trabajo presenta una perspectiva inevitablemente interdisciplinaria dentro de las ramas de las ciencias jur\u00eddicas a las que acude. No solo el derecho penal sustantivo, sino adem\u00e1s el derecho procesal penal y el derecho de la ejecuci\u00f3n penal forman parte principal del an\u00e1lisis realizado. Como necesario complemento y base contextual ineludible, se trata tambi\u00e9n el derecho internacional de la persona humana, aplicado como parte del derecho fundamental chileno, sobre todo la Convenci\u00f3n Internacional de Derechos del Ni\u00f1o. La pol\u00edtica criminal y la teor\u00eda de los fines de la pena tambi\u00e9n integran el contenido de este material, permeando el an\u00e1lisis de la legislaci\u00f3n en su totalidad. PARTE I INTRODUCCI\u00d3N A LA RESPONSABILIDAD PENAL ADOLESCENTE Fundamentaci\u00f3n pol\u00edtico-criminal del Derecho Penal de adolescentes como una rama especial del Derecho Penal Los paradigmas del Derecho Penal Adolescente Fundamentos internacionales del Derecho Penal de Adolescentes 3.1.Explicaci\u00f3n general 3.2.La Convenci\u00f3n internacional de Derechos del Ni\u00f1o (CIDN) A)\u00a0\u00a0\u00a0\u00a0 Explicaci\u00f3n general B)\u00a0\u00a0\u00a0\u00a0\u00a0 \u00c1mbito material de aplicaci\u00f3n de la CIDN: el concepto internacional del ni\u00f1o (art\u00edculo 1.1. de la CIDN) C)\u00a0\u00a0\u00a0\u00a0\u00a0 Principios de derecho fundamental contenidos en la CIDN 1. Principio del inter\u00e9s superior del ni\u00f1o \u2013 el inter\u00e9s superior del adolescente (art\u00edculo 40.3.1 de la CIDN) 2. Principio de autonom\u00eda (art\u00edculo 40.1 de la CIDN) 3. Prohibici\u00f3n de retroactividad de la ley penal (nullum crimen nulla poena sine lege praevia) (art\u00edculo 40.2 a) de la CIDN) 4. Principio de especialidad (art+iculo 40.2 a) de la CIDN) 5. Principios de proporcionalidad y bienestar del menor (art\u00edculo 40.4 de la CIDN) 6. Finalidad resocializadora de la pena (art\u00edculo 40.1 de la CIDN) D)\u00a0\u00a0\u00a0\u00a0 Principios de derecho fundamental que informan la privaci\u00f3n de libertad del ni\u00f1o Explicaci\u00f3n general Principios de legalidad y racionalidad de la privaci\u00f3n de la libertad del ni\u00f1o (art\u00edculo 37 b) de la CIDN) Principio de ultima ratio de la privaci\u00f3n de libertad del ni\u00f1o (art\u00edculo 37 b) de la CIDN) Principio de protecci\u00f3n de la dignidad del ni\u00f1o privado de libertad. Principio de separaci\u00f3n (art\u00edculo 37 c) de la CIDN) Derecho a la impugnaci\u00f3n de la legalidad de la privaci\u00f3n de libertad (art\u00edculo 37 d) de la CIDN) Derecho de defensa t\u00e9cnica (art\u00edculo 37 d) de la CIDN) E)\u00a0\u00a0\u00a0\u00a0\u00a0 Derechos derivados del debido proceso Explicaci\u00f3n general Derecho de defensa t\u00e9cnica (art\u00edculo 40.2 b) ii) de la CIDN) Derecho a audiencia equitativa (art\u00edculo 40.2. b) iii) de la CIDN) Derecho a un juicio sin demora (art\u00edculo 40.2. b) iii) de la CIDN) Derecho a no autoincriminarse (art\u00edculo 40.2. b) iv) de la CIDN) Derecho a presentar, a interrogar y a contrainterrogar testigos (art\u00edculo 40.2 b) iv) de la CIDN) Derecho a impugnar la sentencia condenatoria (art\u00edculo 40.2 b) v) de la CIDN) Derecho a int\u00e9rprete (art+iculo 40.2 b) vi) de la CIDN) Derecho a la protecci\u00f3n de la intimidad (art\u00edculo 40.2. b) vii) de la CIDN) 3.3.Reglas de Naciones Unidas para la Protecci\u00f3n de los Menores Privados de Libertad o \u201cReglas de Beijing\u201d 3.4.Directrices de Naciones Unidas para la Prevenci\u00f3n de la Delincuencia Juvenil o \u201cDirectrices de Riad\u201d PARTE II ASPECTOS SUSTANTIVOS DE LA RESPONSABILIDAD PENAL ADOLESCENTE (T\u00cdTULO I DE LA LRPA) Presupuestos materiales de aplicabilidad 1.1. Introducci\u00f3n Contenido y \u00e1mbito material de aplicabilidad de la LRPA (Art\u00edculo 1\u00b0) A)\u00a0\u00a0\u00a0\u00a0 Contenido B)\u00a0\u00a0\u00a0\u00a0\u00a0 Integraci\u00f3n de las normas especiales de la LRPA C)\u00a0\u00a0\u00a0\u00a0\u00a0 \u00c1mbito material de aplicaci\u00f3n D)\u00a0\u00a0\u00a0\u00a0 L\u00edmites de edad Niveles de imputabilidad penal en funci\u00f3n de la edad Determinaci\u00f3n de la edad del infractor debe tener la edad exigida (art\u00edculo 3\u00b0 incisos 1\u00b0 y 2\u00b0 de la LRPA) i. Momento en el que el infractor debe tener la edad exigida (art\u00edculo 3\u00b0 de la LRPA) ii. Determinaci\u00f3n judicial de la edad exigida (art\u00edculo 3\u00b0 inciso 3\u00b0 de la LRPA) Presupuestos de procedibilidad en los delitos sexuales contra menores de 14 a\u00f1os (art\u00edculo 4\u00b0 de la LRPA) E)\u00a0\u00a0\u00a0\u00a0\u00a0 Reglas de prescripci\u00f3n (art\u00edculo 5\u00b0 de la LRPA) Las penas de adolescentes 2.1.\u00a0 Reglas aplicables 2.2.\u00a0 Fines de la pena adolescente A)\u00a0\u00a0\u00a0\u00a0 La regulaci\u00f3n del art\u00edculo 20 de la LRPA B)\u00a0\u00a0\u00a0\u00a0\u00a0 El principio de responsabilizaci\u00f3n C)\u00a0\u00a0\u00a0\u00a0\u00a0 El principio educativo D)\u00a0\u00a0\u00a0\u00a0 \u00bfEs necesario ponderar ambos principios? E)\u00a0\u00a0\u00a0\u00a0\u00a0 Problemas que presenta la prevenci\u00f3n especial positiva en el derecho penal adolescente F)\u00a0\u00a0\u00a0\u00a0\u00a0 La prevenci\u00f3n especial postiiva como l\u00edmite de la pena G)\u00a0\u00a0\u00a0\u00a0 \u00bfFinalidades represivas? Explicaci\u00f3n general La prevenci\u00f3n general negativa y la prevenci\u00f3n especial negativa La prevenci\u00f3n general positiva La retribuci\u00f3n Una perspectiva mixta: retribuci\u00f3n como fundamento absoluto de la pena, educaci\u00f3n como objeto de la ejecuci\u00f3n de la pena} 2.3.\u00a0 Las penas de adolescentes en particular A)\u00a0\u00a0\u00a0\u00a0 Introducci\u00f3n B)\u00a0\u00a0\u00a0\u00a0 Penas privativas de libertad Explicaci\u00f3n general La pena de internaci\u00f3n en r\u00e9gimen cerrado con programa de reinserci\u00f3n social (art\u00edculo 17 de la LRPA) La pena de internaci\u00f3n en r\u00e9gimen semicerrado con programa de reinserci\u00f3n social (art\u00edculo 16 de la LRPA) Subsidiariedad de la privaci\u00f3n de libertad (art\u00edculo 26 inciso 1\u00b0 de la LRPA) Est\u00e1ndar limitativo aplicable a las penas privativas de libertad (art\u00edculo 26 inciso 2\u00b0 de la LRPA) C)\u00a0\u00a0\u00a0\u00a0\u00a0 Penas no privativas de libertad Explicaci\u00f3n general Penas de intervenci\u00f3n educativa i.Explicaci\u00f3n general ii.Pena de libertad asistida iii. Pena de libertad asistida especial (art\u00edculo 14 de la LRPA) 1. Penas de naturaleza reparatoria o restaurativa i.Explicaci\u00f3n general ii.Pena de prestaci\u00f3n de servicios en beneficio de la comunidad iii.Pena de reparaci\u00f3n del da\u00f1o (art\u00edculo 10 de la LRPA) 2. Penas de naturaleza puramente correctiva i.Explicaci\u00f3n general ii.Pena de multa iii.Pena de amonestaci\u00f3n D)\u00a0\u00a0\u00a0\u00a0 Penas accesorias Explicaci\u00f3n general<\/p>\n","protected":false},"featured_media":4572,"comment_status":"open","ping_status":"closed","template":"","meta":{"inline_featured_image":false,"_joinchat":[]},"product_brand":[],"product_cat":[30],"product_tag":[],"class_list":{"0":"post-4522","1":"product","2":"type-product","3":"status-publish","4":"has-post-thumbnail","6":"product_cat-penal","7":"product_shipping_class-a-convenir","9":"first","10":"instock","11":"shipping-taxable","12":"purchasable","13":"product-type-simple"},"_links":{"self":[{"href":"https:\/\/bibliotecajuridicavirtual.cl\/index.php\/wp-json\/wp\/v2\/product\/4522","targetHints":{"allow":["GET"]}}],"collection":[{"href":"https:\/\/bibliotecajuridicavirtual.cl\/index.php\/wp-json\/wp\/v2\/product"}],"about":[{"href":"https:\/\/bibliotecajuridicavirtual.cl\/index.php\/wp-json\/wp\/v2\/types\/product"}],"replies":[{"embeddable":true,"href":"https:\/\/bibliotecajuridicavirtual.cl\/index.php\/wp-json\/wp\/v2\/comments?post=4522"}],"wp:featuredmedia":[{"embeddable":true,"href":"https:\/\/bibliotecajuridicavirtual.cl\/index.php\/wp-json\/wp\/v2\/media\/4572"}],"wp:attachment":[{"href":"https:\/\/bibliotecajuridicavirtual.cl\/index.php\/wp-json\/wp\/v2\/media?parent=4522"}],"wp:term":[{"taxonomy":"product_brand","embeddable":true,"href":"https:\/\/bibliotecajuridicavirtual.cl\/index.php\/wp-json\/wp\/v2\/product_brand?post=4522"},{"taxonomy":"product_cat","embeddable":true,"href":"https:\/\/bibliotecajuridicavirtual.cl\/index.php\/wp-json\/wp\/v2\/product_cat?post=4522"},{"taxonomy":"product_tag","embeddable":true,"href":"https:\/\/bibliotecajuridicavirtual.cl\/index.php\/wp-json\/wp\/v2\/product_tag?post=4522"}],"curies":[{"name":"wp","href":"https:\/\/api.w.org\/{rel}","templated":true}]}}