{"id":4524,"date":"2026-02-28T01:26:19","date_gmt":"2026-02-28T04:26:19","guid":{"rendered":"https:\/\/bibliotecajuridicavirtual.cl\/?post_type=product&#038;p=4524"},"modified":"2026-02-28T01:26:46","modified_gmt":"2026-02-28T04:26:46","slug":"lecciones-de-derecho-penal-parte-especial-octava-edicion-ano-2023-468-pag-autor-jesus-maria-silva-sanchez-dir-ramon-ragues-i-valles-coord","status":"publish","type":"product","link":"https:\/\/bibliotecajuridicavirtual.cl\/index.php\/product\/lecciones-de-derecho-penal-parte-especial-octava-edicion-ano-2023-468-pag-autor-jesus-maria-silva-sanchez-dir-ramon-ragues-i-valles-coord\/","title":{"rendered":"Lecciones de Derecho Penal. Parte Especial. Octava Edici\u00f3n. A\u00f1o 2023\/ 468 P\u00e1g. Autor Jes\u00fas Mar\u00eda Silva S\u00e1nchez (Dir.), Ram\u00f3n Ragu\u00e9s i Vall\u00e9s (coord.)"},"content":{"rendered":"<p><strong>Adaptada a la Ley Org\u00e1nica 14\/2022, de 22 de diciembre.\u00a0<\/strong><br \/>\nA lo largo de sus ocho ediciones, las\u00a0<strong>Lecciones de Parte Especial del Derecho penal<\/strong>\u00a0se han consolidado como una obra fundamental, no solo para los alumnos de\u00a0<strong>Derecho<\/strong>\u00a0o\u00a0<strong>Criminolog\u00eda<\/strong>\u00a0que se inician en el estudio de la materia, sino como un texto de consulta indispensable, sobre el estado de la ley y la jurisprudencia penal, para jueces, fiscales y abogados. El libro abarca aquellos delitos m\u00e1s importantes en la aplicaci\u00f3n pr\u00e1ctica del<strong>\u00a0Libro II del C\u00f3digo Penal<\/strong>, tanto los que lesionan bienes individuales (vida, integridad f\u00edsica, libertad, integridad moral, libertad e indemnidad sexuales, intimidad, honor y patrimonio), como aquellos que afectan negativamente a los intereses colectivos m\u00e1s relevantes (relaciones familiares, salud p\u00fablica, seguridad vial, falsedades documentales, administraciones p\u00fablica y de justicia, orden p\u00fablico). Estas figuras delictivas son analizadas desde un enfoque en el que se otorga una especial importancia a las aportaciones interpretativas de la jurisprudencia m\u00e1s reciente. Adem\u00e1s, el texto ofrece en muchos pasajes aportaciones cr\u00edticas y propuestas interpretativas propias, que lo convierten en una referencia de primer orden para adentrarse en la parte m\u00e1s extensa del ordenamiento penal vigente.<\/p>\n<p>&nbsp;<\/p>\n","protected":false},"excerpt":{"rendered":"<h4 style=\"text-align: center;\"><span style=\"color: #ff0000;\">( LIBRO ESPA\u00d1OL)<\/span><\/h4>\n<h5 style=\"text-align: center;\"><span style=\"color: #000000;\">Envi\u00f3 10 d\u00edas h\u00e1biles.<\/span><\/h5>\n<p>&nbsp;<\/p>\n","protected":false},"featured_media":4574,"comment_status":"open","ping_status":"closed","template":"","meta":{"inline_featured_image":false,"_joinchat":[]},"product_brand":[],"product_cat":[30],"product_tag":[],"class_list":{"0":"post-4524","1":"product","2":"type-product","3":"status-publish","4":"has-post-thumbnail","6":"product_cat-penal","7":"product_shipping_class-a-convenir","9":"first","10":"instock","11":"shipping-taxable","12":"purchasable","13":"product-type-simple"},"_links":{"self":[{"href":"https:\/\/bibliotecajuridicavirtual.cl\/index.php\/wp-json\/wp\/v2\/product\/4524","targetHints":{"allow":["GET"]}}],"collection":[{"href":"https:\/\/bibliotecajuridicavirtual.cl\/index.php\/wp-json\/wp\/v2\/product"}],"about":[{"href":"https:\/\/bibliotecajuridicavirtual.cl\/index.php\/wp-json\/wp\/v2\/types\/product"}],"replies":[{"embeddable":true,"href":"https:\/\/bibliotecajuridicavirtual.cl\/index.php\/wp-json\/wp\/v2\/comments?post=4524"}],"wp:featuredmedia":[{"embeddable":true,"href":"https:\/\/bibliotecajuridicavirtual.cl\/index.php\/wp-json\/wp\/v2\/media\/4574"}],"wp:attachment":[{"href":"https:\/\/bibliotecajuridicavirtual.cl\/index.php\/wp-json\/wp\/v2\/media?parent=4524"}],"wp:term":[{"taxonomy":"product_brand","embeddable":true,"href":"https:\/\/bibliotecajuridicavirtual.cl\/index.php\/wp-json\/wp\/v2\/product_brand?post=4524"},{"taxonomy":"product_cat","embeddable":true,"href":"https:\/\/bibliotecajuridicavirtual.cl\/index.php\/wp-json\/wp\/v2\/product_cat?post=4524"},{"taxonomy":"product_tag","embeddable":true,"href":"https:\/\/bibliotecajuridicavirtual.cl\/index.php\/wp-json\/wp\/v2\/product_tag?post=4524"}],"curies":[{"name":"wp","href":"https:\/\/api.w.org\/{rel}","templated":true}]}}