{"id":4525,"date":"2026-02-28T01:26:19","date_gmt":"2026-02-28T04:26:19","guid":{"rendered":"https:\/\/bibliotecajuridicavirtual.cl\/?post_type=product&#038;p=4525"},"modified":"2026-02-28T01:26:47","modified_gmt":"2026-02-28T04:26:47","slug":"filosofia-del-proceso-penal-un-analisis-materialista-ano-2023-256-pag-autor-barbado-garcia-pedro-lopez-ruiz-francisco","status":"publish","type":"product","link":"https:\/\/bibliotecajuridicavirtual.cl\/index.php\/product\/filosofia-del-proceso-penal-un-analisis-materialista-ano-2023-256-pag-autor-barbado-garcia-pedro-lopez-ruiz-francisco\/","title":{"rendered":"Filosof\u00eda del Proceso Penal. Un An\u00e1lisis Materialista. A\u00f1o 2023\/256 P\u00e1g. Autor  Barbado Garc\u00eda Pedro, L\u00f3pez Ruiz Francisco"},"content":{"rendered":"<p>La tesis que defenderemos consiste en mostrar como el proceso penal en todas sus fases, incluida la sentencia, es una construcci\u00f3n articulada a trav\u00e9s de pr\u00e1cticas operatorias materiales. conectadas entre s\u00ed. Este planteamiento resulta, entre otras cosas, de negar la hip\u00f3stasis ling\u00fc\u00edstica anal\u00edtica seg\u00fan la cual los enunciados sobre hechos constituyen la base del proceso y de la prueba. Por el contrario, como sostendremos aqu\u00ed s\u00f3lo las operaciones pr\u00e1ctico-materiales pueden segregar enunciados de manera que estos \u00faltimos proceden necesariamente de una praxis material gobernada por reglas que es la productora de los enunciados. De esta forma resulta indispensable examinar la estructura del proceso penal en su devenir pr\u00e1ctico-operatorio y las conexiones que en \u00e9l se establecen en sus diferentes fases de construcci\u00f3n. El proceso penal queda anclado en la positividad institucional de la pr\u00e1ctica judicial penal reinterpretada ahora desde el materialismo filos\u00f3fico. Lo anterior supone que la sentencia de un proceso penal es producto de una construcci\u00f3n operatoria de unos sujetos normativamente habilitados para realizar tales operaciones. En consecuencia, negamos la posibilidad de hablar de la verdad procesal al margen de la praxis operatoria.<\/p>\n<p>&nbsp;<\/p>\n","protected":false},"excerpt":{"rendered":"<h4 style=\"text-align: center;\"><span style=\"color: #ff0000;\">( LIBRO ESPA\u00d1OL )<\/span><\/h4>\n<h5 style=\"text-align: center;\"><span style=\"color: #000000;\">Envi\u00f3 10 d\u00edas h\u00e1biles.<\/span><\/h5>\n","protected":false},"featured_media":4575,"comment_status":"open","ping_status":"closed","template":"","meta":{"inline_featured_image":false,"_joinchat":[]},"product_brand":[],"product_cat":[34],"product_tag":[],"class_list":{"0":"post-4525","1":"product","2":"type-product","3":"status-publish","4":"has-post-thumbnail","6":"product_cat-procesal-penal","7":"product_shipping_class-a-convenir","9":"first","10":"instock","11":"shipping-taxable","12":"purchasable","13":"product-type-simple"},"_links":{"self":[{"href":"https:\/\/bibliotecajuridicavirtual.cl\/index.php\/wp-json\/wp\/v2\/product\/4525","targetHints":{"allow":["GET"]}}],"collection":[{"href":"https:\/\/bibliotecajuridicavirtual.cl\/index.php\/wp-json\/wp\/v2\/product"}],"about":[{"href":"https:\/\/bibliotecajuridicavirtual.cl\/index.php\/wp-json\/wp\/v2\/types\/product"}],"replies":[{"embeddable":true,"href":"https:\/\/bibliotecajuridicavirtual.cl\/index.php\/wp-json\/wp\/v2\/comments?post=4525"}],"wp:featuredmedia":[{"embeddable":true,"href":"https:\/\/bibliotecajuridicavirtual.cl\/index.php\/wp-json\/wp\/v2\/media\/4575"}],"wp:attachment":[{"href":"https:\/\/bibliotecajuridicavirtual.cl\/index.php\/wp-json\/wp\/v2\/media?parent=4525"}],"wp:term":[{"taxonomy":"product_brand","embeddable":true,"href":"https:\/\/bibliotecajuridicavirtual.cl\/index.php\/wp-json\/wp\/v2\/product_brand?post=4525"},{"taxonomy":"product_cat","embeddable":true,"href":"https:\/\/bibliotecajuridicavirtual.cl\/index.php\/wp-json\/wp\/v2\/product_cat?post=4525"},{"taxonomy":"product_tag","embeddable":true,"href":"https:\/\/bibliotecajuridicavirtual.cl\/index.php\/wp-json\/wp\/v2\/product_tag?post=4525"}],"curies":[{"name":"wp","href":"https:\/\/api.w.org\/{rel}","templated":true}]}}