{"id":4526,"date":"2026-02-28T01:26:19","date_gmt":"2026-02-28T04:26:19","guid":{"rendered":"https:\/\/bibliotecajuridicavirtual.cl\/?post_type=product&#038;p=4526"},"modified":"2026-02-28T01:26:47","modified_gmt":"2026-02-28T04:26:47","slug":"la-digitalizacion-del-derecho-de-contratos-en-europa-ano-2022-240-pag-autor-lidia-arnau-raventos-dir","status":"publish","type":"product","link":"https:\/\/bibliotecajuridicavirtual.cl\/index.php\/product\/la-digitalizacion-del-derecho-de-contratos-en-europa-ano-2022-240-pag-autor-lidia-arnau-raventos-dir\/","title":{"rendered":"La Digitalizaci\u00f3n del Derecho de Contratos en Europa. A\u00f1o 2022\/ 240 P\u00e1g. Autor L\u00eddia Arnau Ravent\u00f3s (Dir.)"},"content":{"rendered":"<p><q>Esta publicaci\u00f3n pretende ubicarse en ese espacio actual de reflexi\u00f3n y debate que, hoy por hoy, avivan dos cuestiones: la primera, espec\u00edfica, es la de la protecci\u00f3n que debe dispensarse al consumidor que contrata productos digitales; la segunda, m\u00e1s general, es la de la repercusi\u00f3n de esta realidad contractual en las categor\u00edas tradicionales del Derecho civil de contratos. Esta \u00faltima dimensi\u00f3n reviste especial inter\u00e9s en aquellos ordenamientos, como el catal\u00e1n, que han generalizado las medidas de incorporaci\u00f3n de las Directivas (UE) 2019\/770 y 2019\/771 en materia, respectivamente, de contratos de suministro de contenidos y servicios digitales y de compraventa de bienes. Est\u00e1 por ver si, en este ordenamiento, esta generalizaci\u00f3n tan solo es el principio de un proceso en cuya virtud la idea de conformidad acabe presidiendo el r\u00e9gimen del cumplimiento de cualquier contrato, sea cual sea la naturaleza de su objeto; est\u00e1 por ver, tambi\u00e9n, c\u00f3mo se acaba encauzando la modernizaci\u00f3n del ordenamiento estatal en materia de Derecho civil contractual y, en concreto, si lo acaba haciendo inspir\u00e1ndose, tambi\u00e9n, en el Derecho privado europeo.<\/q><br \/>\n<cite>Atelier<\/cite><\/p>\n<h2>RESE\u00d1A DE ATELIER<\/h2>\n<p>El libro en cuesti\u00f3n aborda dos temas centrales: la protecci\u00f3n al consumidor en los contratos de productos digitales y la incidencia de esta realidad contractual en las categor\u00edas tradicionales del Derecho civil de contratos. La publicaci\u00f3n se coloca en el contexto actual de reflexi\u00f3n y debate, ya que ambos temas son de gran importancia en la actualidad.En primer lugar, el autor se refiere a la necesidad de protecci\u00f3n para los consumidores que contratan productos digitales. La digitalizaci\u00f3n de la sociedad ha llevado a un aumento en el uso de productos y servicios digitales, por lo que se ha hecho necesario desarrollar medidas para garantizar la protecci\u00f3n de los derechos de los consumidores en estos contratos.Por otro lado, el libro tambi\u00e9n se enfoca en la importancia de considerar la realidad contractual de los productos digitales en las categor\u00edas tradicionales del Derecho civil de contratos. En este sentido, el autor se refiere espec\u00edficamente al ordenamiento jur\u00eddico catal\u00e1n, que ha implementado las Directivas (UE) 2019\/770 y 2019\/771 en materia de contratos de suministro de contenidos y servicios digitales y de compraventa de bienes.En conclusi\u00f3n, el libro es una reflexi\u00f3n importante en el tema de la protecci\u00f3n de los consumidores y la evoluci\u00f3n de las categor\u00edas tradicionales del Derecho civil de contratos en relaci\u00f3n a los contratos digitales. Es interesante observar c\u00f3mo se desarrolla el proceso de modernizaci\u00f3n del ordenamiento jur\u00eddico y c\u00f3mo se enfrentan los desaf\u00edos en relaci\u00f3n a estos temas y su relaci\u00f3n con el derecho privado europeo.<\/p>\n","protected":false},"excerpt":{"rendered":"<h4 style=\"text-align: center;\"><span style=\"color: #ff0000;\">( LIBRO ESPA\u00d1OL )<\/span><\/h4>\n<h5 style=\"text-align: center;\"><span style=\"color: #000000;\">Envi\u00f3 10 d\u00edas h\u00e1biles.<\/span><\/h5>\n","protected":false},"featured_media":4576,"comment_status":"open","ping_status":"closed","template":"","meta":{"inline_featured_image":false,"_joinchat":[]},"product_brand":[],"product_cat":[27],"product_tag":[],"class_list":{"0":"post-4526","1":"product","2":"type-product","3":"status-publish","4":"has-post-thumbnail","6":"product_cat-civil","7":"product_shipping_class-a-convenir","9":"first","10":"instock","11":"shipping-taxable","12":"purchasable","13":"product-type-simple"},"_links":{"self":[{"href":"https:\/\/bibliotecajuridicavirtual.cl\/index.php\/wp-json\/wp\/v2\/product\/4526","targetHints":{"allow":["GET"]}}],"collection":[{"href":"https:\/\/bibliotecajuridicavirtual.cl\/index.php\/wp-json\/wp\/v2\/product"}],"about":[{"href":"https:\/\/bibliotecajuridicavirtual.cl\/index.php\/wp-json\/wp\/v2\/types\/product"}],"replies":[{"embeddable":true,"href":"https:\/\/bibliotecajuridicavirtual.cl\/index.php\/wp-json\/wp\/v2\/comments?post=4526"}],"wp:featuredmedia":[{"embeddable":true,"href":"https:\/\/bibliotecajuridicavirtual.cl\/index.php\/wp-json\/wp\/v2\/media\/4576"}],"wp:attachment":[{"href":"https:\/\/bibliotecajuridicavirtual.cl\/index.php\/wp-json\/wp\/v2\/media?parent=4526"}],"wp:term":[{"taxonomy":"product_brand","embeddable":true,"href":"https:\/\/bibliotecajuridicavirtual.cl\/index.php\/wp-json\/wp\/v2\/product_brand?post=4526"},{"taxonomy":"product_cat","embeddable":true,"href":"https:\/\/bibliotecajuridicavirtual.cl\/index.php\/wp-json\/wp\/v2\/product_cat?post=4526"},{"taxonomy":"product_tag","embeddable":true,"href":"https:\/\/bibliotecajuridicavirtual.cl\/index.php\/wp-json\/wp\/v2\/product_tag?post=4526"}],"curies":[{"name":"wp","href":"https:\/\/api.w.org\/{rel}","templated":true}]}}