{"id":4527,"date":"2026-02-28T01:26:19","date_gmt":"2026-02-28T04:26:19","guid":{"rendered":"https:\/\/bibliotecajuridicavirtual.cl\/?post_type=product&#038;p=4527"},"modified":"2026-02-28T01:26:48","modified_gmt":"2026-02-28T04:26:48","slug":"el-riesgo-permitido-en-derecho-penal-economico-ano-2022-184-pag-autor-jesus-maria-silva-sanchez","status":"publish","type":"product","link":"https:\/\/bibliotecajuridicavirtual.cl\/index.php\/product\/el-riesgo-permitido-en-derecho-penal-economico-ano-2022-184-pag-autor-jesus-maria-silva-sanchez\/","title":{"rendered":"El Riesgo Permitido en Derecho Penal Econ\u00f3mico. A\u00f1o 2022\/184 P\u00e1g. Autor Jes\u00fas Mar\u00eda Silva S\u00e1nchez"},"content":{"rendered":"<p>\u00bfEs posible permitir riesgos para bienes jur\u00eddicos? La propia existencia de la instituci\u00f3n jur\u00eddica del \u00abriesgo permitido\u00bb conduce a responder que s\u00ed. Adem\u00e1s, esto sucede de forma constante en relaci\u00f3n con las actividades industriales y, en general, con las econ\u00f3micas. Sin embargo, no est\u00e1n claras las razones en cuya virtud a algunos riesgos est\u00e1n permitidos, ni cu\u00e1les son las condiciones y los l\u00edmites de su permisi\u00f3n. Este nuevo libro de Jes\u00fas-Mar\u00eda Silva S\u00e1nchez responde a estas cuestiones, b\u00e1sicas en la pr\u00e1ctica del Derecho penal econ\u00f3mico. Adem\u00e1s, propone un modelo para la aplicaci\u00f3n judicial de los riesgos permitidos.<cite>Atelier<\/cite><\/p>\n<p>&nbsp;<\/p>\n","protected":false},"excerpt":{"rendered":"<h4 style=\"text-align: center;\"><span style=\"color: #ff0000;\">( LIBRO ESPA\u00d1OL )<\/span><\/h4>\n<h5 style=\"text-align: center;\"><span style=\"color: #000000;\">Envi\u00f3 10 d\u00edas h\u00e1biles.<\/span><\/h5>\n","protected":false},"featured_media":4577,"comment_status":"open","ping_status":"closed","template":"","meta":{"inline_featured_image":false,"_joinchat":[]},"product_brand":[],"product_cat":[30],"product_tag":[],"class_list":{"0":"post-4527","1":"product","2":"type-product","3":"status-publish","4":"has-post-thumbnail","6":"product_cat-penal","7":"product_shipping_class-a-convenir","9":"first","10":"instock","11":"shipping-taxable","12":"purchasable","13":"product-type-simple"},"_links":{"self":[{"href":"https:\/\/bibliotecajuridicavirtual.cl\/index.php\/wp-json\/wp\/v2\/product\/4527","targetHints":{"allow":["GET"]}}],"collection":[{"href":"https:\/\/bibliotecajuridicavirtual.cl\/index.php\/wp-json\/wp\/v2\/product"}],"about":[{"href":"https:\/\/bibliotecajuridicavirtual.cl\/index.php\/wp-json\/wp\/v2\/types\/product"}],"replies":[{"embeddable":true,"href":"https:\/\/bibliotecajuridicavirtual.cl\/index.php\/wp-json\/wp\/v2\/comments?post=4527"}],"wp:featuredmedia":[{"embeddable":true,"href":"https:\/\/bibliotecajuridicavirtual.cl\/index.php\/wp-json\/wp\/v2\/media\/4577"}],"wp:attachment":[{"href":"https:\/\/bibliotecajuridicavirtual.cl\/index.php\/wp-json\/wp\/v2\/media?parent=4527"}],"wp:term":[{"taxonomy":"product_brand","embeddable":true,"href":"https:\/\/bibliotecajuridicavirtual.cl\/index.php\/wp-json\/wp\/v2\/product_brand?post=4527"},{"taxonomy":"product_cat","embeddable":true,"href":"https:\/\/bibliotecajuridicavirtual.cl\/index.php\/wp-json\/wp\/v2\/product_cat?post=4527"},{"taxonomy":"product_tag","embeddable":true,"href":"https:\/\/bibliotecajuridicavirtual.cl\/index.php\/wp-json\/wp\/v2\/product_tag?post=4527"}],"curies":[{"name":"wp","href":"https:\/\/api.w.org\/{rel}","templated":true}]}}