{"id":4550,"date":"2026-02-28T01:26:40","date_gmt":"2026-02-28T04:26:40","guid":{"rendered":"https:\/\/bibliotecajuridicavirtual.cl\/?post_type=product&#038;p=4550"},"modified":"2026-02-28T01:26:50","modified_gmt":"2026-02-28T04:26:50","slug":"el-contrato-de-obras-en-la-normativa-de-contratacion-del-sector-publico-libro-interativo-ano-2022-1-176-pag-autor-maria-del-carmen-rodriguez-martin-retortillo","status":"publish","type":"product","link":"https:\/\/bibliotecajuridicavirtual.cl\/index.php\/product\/el-contrato-de-obras-en-la-normativa-de-contratacion-del-sector-publico-libro-interativo-ano-2022-1-176-pag-autor-maria-del-carmen-rodriguez-martin-retortillo\/","title":{"rendered":"El Contrato de Obras en la Normativa de Contratacion del Sector Publico ( Libro Interativo ). A\u00f1o 2022\/ 1.176 P\u00e1g. Autor Mar\u00eda del Carmen Rodr\u00edguez Mart\u00edn-Retortillo"},"content":{"rendered":"<p><strong>Estudio pr\u00e1ctico y jurisprudencial.<\/strong><q>Como se\u00f1ala el profesor Jos\u00e9 Antonio Moreno Molina en el pr\u00f3logo a la monograf\u00eda de la profesora Mar\u00eda del Carmen Rodr\u00edguez Mart\u00edn-Retortillo sobre El contrato de obras en la normativa de contrataci\u00f3n del sector p\u00fablico. Estudio pr\u00e1ctico y jurisprudencial, es \u201cun muy completo y riguroso trabajo de investigaci\u00f3n que contiene las claves interpretativas y aplicativas de esta figura clave del Derecho de la contrataci\u00f3n p\u00fablica\u201d.<\/q>A\u00f1ade Moreno Molina que \u201cen la excelente monograf\u00eda, se aborda desde el concepto, calificaci\u00f3n y r\u00e9gimen jur\u00eddico de los contratos de obras; las distintas fases de su tramitaci\u00f3n -las decisivas actuaciones preparatorias del contrato, con el anteproyecto, los documentos t\u00e9cnicos, el proyecto de obras; el expediente y los pliegos; la selecci\u00f3n del contratista y los procedimientos de adjudicaci\u00f3n; el inicio de las obras, la fase de ejecuci\u00f3n tan necesitada de ser potenciada, las condiciones especiales de car\u00e1cter social, \u00e9tico y ambiental; la extinci\u00f3n, el cumplimiento y la resoluci\u00f3n del contrato de obras-; los aspectos econ\u00f3micos presupuestarios y de fiscalizaci\u00f3n de los contratos y los informes del Tribunal de Cuentas sobre los contratos de obras\u201d.Todo ello acompa\u00f1ado de una ingente jurisprudencia aplicable a cada concepto, as\u00ed como dict\u00e1menes del Consejo de Estado y \u00d3rganos Consultivos equivalentes, informes de las Juntas Consultivas de Contrataci\u00f3n y resoluciones de los Tribunales Administrativos de Contrataci\u00f3n.De igual modo las reflexiones y comentarios de la autora refuerzan el car\u00e1cter pr\u00e1ctico y la utilidad del trabajo.<strong><cite>Mar\u00eda del Carmen Rodr\u00edguez Mart\u00edn-Retortillo<\/cite><\/strong>\u00a0<cite>Atelier<\/cite><\/p>\n<p>&nbsp;<\/p>\n","protected":false},"excerpt":{"rendered":"<h4 style=\"text-align: center;\"><span style=\"color: #ff0000;\">( LIBRO ESPA\u00d1OL)<\/span><\/h4>\n<h5 style=\"text-align: center;\">Envi\u00f3 10 d\u00edas h\u00e1biles.<\/h5>\n<p>&nbsp;<\/p>\n","protected":false},"featured_media":4580,"comment_status":"open","ping_status":"closed","template":"","meta":{"inline_featured_image":false,"_joinchat":[]},"product_brand":[],"product_cat":[45],"product_tag":[],"class_list":{"0":"post-4550","1":"product","2":"type-product","3":"status-publish","4":"has-post-thumbnail","6":"product_cat-administrativo","7":"product_shipping_class-a-convenir","9":"first","10":"instock","11":"shipping-taxable","12":"purchasable","13":"product-type-simple"},"_links":{"self":[{"href":"https:\/\/bibliotecajuridicavirtual.cl\/index.php\/wp-json\/wp\/v2\/product\/4550","targetHints":{"allow":["GET"]}}],"collection":[{"href":"https:\/\/bibliotecajuridicavirtual.cl\/index.php\/wp-json\/wp\/v2\/product"}],"about":[{"href":"https:\/\/bibliotecajuridicavirtual.cl\/index.php\/wp-json\/wp\/v2\/types\/product"}],"replies":[{"embeddable":true,"href":"https:\/\/bibliotecajuridicavirtual.cl\/index.php\/wp-json\/wp\/v2\/comments?post=4550"}],"wp:featuredmedia":[{"embeddable":true,"href":"https:\/\/bibliotecajuridicavirtual.cl\/index.php\/wp-json\/wp\/v2\/media\/4580"}],"wp:attachment":[{"href":"https:\/\/bibliotecajuridicavirtual.cl\/index.php\/wp-json\/wp\/v2\/media?parent=4550"}],"wp:term":[{"taxonomy":"product_brand","embeddable":true,"href":"https:\/\/bibliotecajuridicavirtual.cl\/index.php\/wp-json\/wp\/v2\/product_brand?post=4550"},{"taxonomy":"product_cat","embeddable":true,"href":"https:\/\/bibliotecajuridicavirtual.cl\/index.php\/wp-json\/wp\/v2\/product_cat?post=4550"},{"taxonomy":"product_tag","embeddable":true,"href":"https:\/\/bibliotecajuridicavirtual.cl\/index.php\/wp-json\/wp\/v2\/product_tag?post=4550"}],"curies":[{"name":"wp","href":"https:\/\/api.w.org\/{rel}","templated":true}]}}