{"id":4551,"date":"2026-02-28T01:26:40","date_gmt":"2026-02-28T04:26:40","guid":{"rendered":"https:\/\/bibliotecajuridicavirtual.cl\/?post_type=product&#038;p=4551"},"modified":"2026-02-28T01:26:51","modified_gmt":"2026-02-28T04:26:51","slug":"derecho-administrativo-sancionador-ano-2022-556-pag-autor-anna-maria-burgues-pascual-pilar-garcia-cruz","status":"publish","type":"product","link":"https:\/\/bibliotecajuridicavirtual.cl\/index.php\/product\/derecho-administrativo-sancionador-ano-2022-556-pag-autor-anna-maria-burgues-pascual-pilar-garcia-cruz\/","title":{"rendered":"Derecho Administrativo Sancionador. A\u00f1o 2022\/556 P\u00e1g. Autor Anna Maria Burgu\u00e9s Pascual, Pilar Garc\u00eda Cruz"},"content":{"rendered":"<p>La presente obra, elaborada por Abogados y t\u00e9cnicos superiores de los Servicios jur\u00eddicos de la Generalitat de Catalunya, efect\u00faa un an\u00e1lisis sistem\u00e1tico y actualizado de las Instituciones del derecho administrativo sancionador a la luz del marco normativo b\u00e1sico vigente y la jurisprudencia m\u00e1s reciente de los tribunales. A su vez, pretende aportar una visi\u00f3n pr\u00e1ctica del procedimiento sancionador que permita dar respuesta a cuestiones que pueda suscitar su tramitaci\u00f3n, e incorporar cuestiones de actualidad como su conjugaci\u00f3n con los principios en materia de transparencia y protecci\u00f3n de datos de car\u00e1cter personal o la integraci\u00f3n en el procedimiento de los aspectos vinculados a la administraci\u00f3n digital.<cite>Atelier<\/cite><\/p>\n<p>&nbsp;<\/p>\n","protected":false},"excerpt":{"rendered":"<h4 style=\"text-align: center;\"><span style=\"color: #ff0000;\">( LIBRO ESPA\u00d1OL)<\/span><\/h4>\n<h5 style=\"text-align: center;\">Envi\u00f3 10 d\u00edas h\u00e1biles.<\/h5>\n","protected":false},"featured_media":4581,"comment_status":"open","ping_status":"closed","template":"","meta":{"inline_featured_image":false,"_joinchat":[]},"product_brand":[],"product_cat":[45],"product_tag":[],"class_list":{"0":"post-4551","1":"product","2":"type-product","3":"status-publish","4":"has-post-thumbnail","6":"product_cat-administrativo","7":"product_shipping_class-a-convenir","9":"first","10":"instock","11":"shipping-taxable","12":"purchasable","13":"product-type-simple"},"_links":{"self":[{"href":"https:\/\/bibliotecajuridicavirtual.cl\/index.php\/wp-json\/wp\/v2\/product\/4551","targetHints":{"allow":["GET"]}}],"collection":[{"href":"https:\/\/bibliotecajuridicavirtual.cl\/index.php\/wp-json\/wp\/v2\/product"}],"about":[{"href":"https:\/\/bibliotecajuridicavirtual.cl\/index.php\/wp-json\/wp\/v2\/types\/product"}],"replies":[{"embeddable":true,"href":"https:\/\/bibliotecajuridicavirtual.cl\/index.php\/wp-json\/wp\/v2\/comments?post=4551"}],"wp:featuredmedia":[{"embeddable":true,"href":"https:\/\/bibliotecajuridicavirtual.cl\/index.php\/wp-json\/wp\/v2\/media\/4581"}],"wp:attachment":[{"href":"https:\/\/bibliotecajuridicavirtual.cl\/index.php\/wp-json\/wp\/v2\/media?parent=4551"}],"wp:term":[{"taxonomy":"product_brand","embeddable":true,"href":"https:\/\/bibliotecajuridicavirtual.cl\/index.php\/wp-json\/wp\/v2\/product_brand?post=4551"},{"taxonomy":"product_cat","embeddable":true,"href":"https:\/\/bibliotecajuridicavirtual.cl\/index.php\/wp-json\/wp\/v2\/product_cat?post=4551"},{"taxonomy":"product_tag","embeddable":true,"href":"https:\/\/bibliotecajuridicavirtual.cl\/index.php\/wp-json\/wp\/v2\/product_tag?post=4551"}],"curies":[{"name":"wp","href":"https:\/\/api.w.org\/{rel}","templated":true}]}}